{"id":2248904,"date":"2026-03-26T20:36:56","date_gmt":"2026-03-26T20:36:56","guid":{"rendered":"https:\/\/teguar.com\/eu\/product\/trt-a5780-08s\/"},"modified":"2026-03-27T19:51:51","modified_gmt":"2026-03-27T19:51:51","slug":"trt-a5780-08s","status":"publish","type":"product","link":"https:\/\/teguar.com\/eu\/de\/product\/trt-a5780-08s\/","title":{"rendered":"TRT-A5780-08S"},"content":{"rendered":"<p>Multitasking ist auf diesem leichten und dennoch grenzenlos schlanken Android-Tablet f\u00fcr die Industrie und den medizinischen Bereich ein Kinderspiel. Der integrierte 7200-mAh-Akku bietet bis zu 13 Stunden Nutzungsdauer mit einer einzigen Ladung. Zu den Funktionen geh\u00f6ren Barcode-Scannen und NFC f\u00fcr verschiedene Datenerfassungsanforderungen, eine 5MP- und eine 13MP-Doppelkamera f\u00fcr klare und detaillierte Dokumentationen und GPS f\u00fcr die Satellitenortung in mehreren Modi. Das Tablet ist \u00e4u\u00dferst zuverl\u00e4ssig und kratzfest, nach IP65 wasser- und staubdicht und nach MIL-STD-810H zertifiziert.   <\/p>\n","protected":false},"excerpt":{"rendered":"<p>Multitasking ist auf diesem leichten und dennoch grenzenlos schlanken Android-Tablet f\u00fcr die Industrie und den medizinischen Bereich ein Kinderspiel. Der integrierte 7200-mAh-Akku bietet bis zu 13 Stunden Nutzungsdauer mit einer einzigen Ladung. Zu den Funktionen geh\u00f6ren Barcode-Scannen und NFC f\u00fcr verschiedene Datenerfassungsanforderungen, eine 5MP- und eine 13MP-Doppelkamera f\u00fcr klare und detaillierte Dokumentationen und GPS f\u00fcr die Satellitenortung in mehreren Modi. Das Tablet ist \u00e4u\u00dferst zuverl\u00e4ssig und kratzfest, nach IP65 wasser- und staubdicht und nach MIL-STD-810H zertifiziert.   <\/p>\n","protected":false},"featured_media":2248890,"template":"","meta":{"_acf_changed":false},"product_brand":[],"product_cat":[2842],"product_tag":[2635],"product_label":[],"class_list":{"0":"post-2248904","1":"product","2":"type-product","3":"status-publish","4":"has-post-thumbnail","6":"product_cat-rugged-android-tablets","7":"product_tag-online-kaufen","9":"first","10":"instock","11":"taxable","12":"shipping-taxable","13":"purchasable","14":"product-type-composite"},"composite_virtual":false,"composite_layout":"single","composite_add_to_cart_form_location":"default","composite_editable_in_cart":false,"composite_sold_individually_context":"product","composite_shop_price_calc":"min_max","composite_components":[{"id":"1774641044","title":"2D Scanner","description":"","query_type":"product_ids","query_ids":[2248911,2248910],"default_option_id":"","thumbnail_id":"","thumbnail_src":"","quantity_min":1,"quantity_max":1,"priced_individually":true,"shipped_individually":false,"optional":false,"discount":"","options_style":"dropdowns","pagination_style":"classic","display_prices":"relative","show_sorting_options":false,"show_filtering_options":false,"attribute_filter_ids":[],"select_action":"view","product_title_visible":true,"product_descr_visible":false,"product_price_visible":false,"product_thumb_visible":false,"subtotal_visible_product":false,"subtotal_visible_cart":false,"subtotal_visible_orders":false}],"composite_scenarios":[],"acf":[],"yoast_head":"<!-- This site is optimized with the Yoast SEO Premium plugin v26.8 (Yoast SEO v27.2) - https:\/\/yoast.com\/product\/yoast-seo-premium-wordpress\/ -->\n<title>8-Zoll-Android-Tablet-PC, schlank und robust | TRT-A5780-08S<\/title>\n<meta name=\"description\" content=\"Multitasking ist auf diesem leichten und dennoch grenzenlosen schlanken Android-Tablet ein Kinderspiel. Der integrierte 7200-mAh-Akku bietet bis zu 13 Stunden Nutzungsdauer mit einer einzigen Ladung.\" \/>\n<meta name=\"robots\" content=\"index, follow, max-snippet:-1, max-image-preview:large, max-video-preview:-1\" \/>\n<link rel=\"canonical\" href=\"https:\/\/teguar.com\/eu\/de\/product\/trt-a5780-08s\/\" \/>\n<meta property=\"og:locale\" content=\"de_DE\" \/>\n<meta property=\"og:type\" content=\"article\" \/>\n<meta property=\"og:title\" content=\"TRT-A5780-08S\" \/>\n<meta property=\"og:description\" content=\"Multitasking ist auf diesem leichten und dennoch grenzenlosen schlanken Android-Tablet ein Kinderspiel. Der integrierte 7200-mAh-Akku bietet bis zu 13 Stunden Nutzungsdauer mit einer einzigen Ladung.\" \/>\n<meta property=\"og:url\" content=\"https:\/\/teguar.com\/eu\/de\/product\/trt-a5780-08s\/\" \/>\n<meta property=\"og:site_name\" content=\"Teguar\" \/>\n<meta property=\"article:modified_time\" content=\"2026-03-27T19:51:51+00:00\" \/>\n<meta property=\"og:image\" content=\"https:\/\/teguar.com\/eu\/wp-content\/uploads\/sites\/2\/2026\/03\/TRT-A5780-08S-Front.png\" \/>\n\t<meta property=\"og:image:width\" content=\"1000\" \/>\n\t<meta property=\"og:image:height\" content=\"1000\" \/>\n\t<meta property=\"og:image:type\" content=\"image\/png\" \/>\n<meta name=\"twitter:card\" content=\"summary_large_image\" \/>\n<meta name=\"twitter:label1\" content=\"Gesch\u00e4tzte Lesezeit\" \/>\n\t<meta name=\"twitter:data1\" content=\"1\u00a0Minute\" \/>\n<script type=\"application\/ld+json\" class=\"yoast-schema-graph\">{\"@context\":\"https:\/\/schema.org\",\"@graph\":[{\"@type\":\"WebPage\",\"@id\":\"https:\/\/teguar.com\/eu\/de\/product\/trt-a5780-08s\/\",\"url\":\"https:\/\/teguar.com\/eu\/de\/product\/trt-a5780-08s\/\",\"name\":\"8-Zoll-Android-Tablet-PC, schlank und robust | TRT-A5780-08S\",\"isPartOf\":{\"@id\":\"https:\/\/teguar.com\/eu\/en\/#website\"},\"primaryImageOfPage\":{\"@id\":\"https:\/\/teguar.com\/eu\/de\/product\/trt-a5780-08s\/#primaryimage\"},\"image\":{\"@id\":\"https:\/\/teguar.com\/eu\/de\/product\/trt-a5780-08s\/#primaryimage\"},\"thumbnailUrl\":\"https:\/\/teguar.com\/eu\/wp-content\/uploads\/sites\/2\/2026\/03\/TRT-A5780-08S-Front.png\",\"datePublished\":\"2026-03-26T20:36:56+00:00\",\"dateModified\":\"2026-03-27T19:51:51+00:00\",\"description\":\"Multitasking ist auf diesem leichten und dennoch grenzenlosen schlanken Android-Tablet ein Kinderspiel. Der integrierte 7200-mAh-Akku bietet bis zu 13 Stunden Nutzungsdauer mit einer einzigen Ladung.\",\"breadcrumb\":{\"@id\":\"https:\/\/teguar.com\/eu\/de\/product\/trt-a5780-08s\/#breadcrumb\"},\"inLanguage\":\"de\",\"potentialAction\":[{\"@type\":\"ReadAction\",\"target\":[\"https:\/\/teguar.com\/eu\/de\/product\/trt-a5780-08s\/\"]}]},{\"@type\":\"ImageObject\",\"inLanguage\":\"de\",\"@id\":\"https:\/\/teguar.com\/eu\/de\/product\/trt-a5780-08s\/#primaryimage\",\"url\":\"https:\/\/teguar.com\/eu\/wp-content\/uploads\/sites\/2\/2026\/03\/TRT-A5780-08S-Front.png\",\"contentUrl\":\"https:\/\/teguar.com\/eu\/wp-content\/uploads\/sites\/2\/2026\/03\/TRT-A5780-08S-Front.png\",\"width\":1000,\"height\":1000,\"caption\":\"TRT-A5780-08S-Front\"},{\"@type\":\"BreadcrumbList\",\"@id\":\"https:\/\/teguar.com\/eu\/de\/product\/trt-a5780-08s\/#breadcrumb\",\"itemListElement\":[{\"@type\":\"ListItem\",\"position\":1,\"name\":\"Home\",\"item\":\"https:\/\/teguar.com\/eu\/de\/\"},{\"@type\":\"ListItem\",\"position\":2,\"name\":\"TRT-A5780-08S\"}]},{\"@type\":\"WebSite\",\"@id\":\"https:\/\/teguar.com\/eu\/en\/#website\",\"url\":\"https:\/\/teguar.com\/eu\/en\/\",\"name\":\"Teguar\",\"description\":\"Industrial PCs, Medical Computers, and Rugged Tablets\",\"potentialAction\":[{\"@type\":\"SearchAction\",\"target\":{\"@type\":\"EntryPoint\",\"urlTemplate\":\"https:\/\/teguar.com\/eu\/en\/?s={search_term_string}\"},\"query-input\":{\"@type\":\"PropertyValueSpecification\",\"valueRequired\":true,\"valueName\":\"search_term_string\"}}],\"inLanguage\":\"de\"}]}<\/script>\n<!-- \/ Yoast SEO Premium plugin. -->","yoast_head_json":{"title":"8-Zoll-Android-Tablet-PC, schlank und robust | TRT-A5780-08S","description":"Multitasking ist auf diesem leichten und dennoch grenzenlosen schlanken Android-Tablet ein Kinderspiel. Der integrierte 7200-mAh-Akku bietet bis zu 13 Stunden Nutzungsdauer mit einer einzigen Ladung.","robots":{"index":"index","follow":"follow","max-snippet":"max-snippet:-1","max-image-preview":"max-image-preview:large","max-video-preview":"max-video-preview:-1"},"canonical":"https:\/\/teguar.com\/eu\/de\/product\/trt-a5780-08s\/","og_locale":"de_DE","og_type":"article","og_title":"TRT-A5780-08S","og_description":"Multitasking ist auf diesem leichten und dennoch grenzenlosen schlanken Android-Tablet ein Kinderspiel. Der integrierte 7200-mAh-Akku bietet bis zu 13 Stunden Nutzungsdauer mit einer einzigen Ladung.","og_url":"https:\/\/teguar.com\/eu\/de\/product\/trt-a5780-08s\/","og_site_name":"Teguar","article_modified_time":"2026-03-27T19:51:51+00:00","og_image":[{"width":1000,"height":1000,"url":"https:\/\/teguar.com\/eu\/wp-content\/uploads\/sites\/2\/2026\/03\/TRT-A5780-08S-Front.png","type":"image\/png"}],"twitter_card":"summary_large_image","twitter_misc":{"Gesch\u00e4tzte Lesezeit":"1\u00a0Minute"},"schema":{"@context":"https:\/\/schema.org","@graph":[{"@type":"WebPage","@id":"https:\/\/teguar.com\/eu\/de\/product\/trt-a5780-08s\/","url":"https:\/\/teguar.com\/eu\/de\/product\/trt-a5780-08s\/","name":"8-Zoll-Android-Tablet-PC, schlank und robust | TRT-A5780-08S","isPartOf":{"@id":"https:\/\/teguar.com\/eu\/en\/#website"},"primaryImageOfPage":{"@id":"https:\/\/teguar.com\/eu\/de\/product\/trt-a5780-08s\/#primaryimage"},"image":{"@id":"https:\/\/teguar.com\/eu\/de\/product\/trt-a5780-08s\/#primaryimage"},"thumbnailUrl":"https:\/\/teguar.com\/eu\/wp-content\/uploads\/sites\/2\/2026\/03\/TRT-A5780-08S-Front.png","datePublished":"2026-03-26T20:36:56+00:00","dateModified":"2026-03-27T19:51:51+00:00","description":"Multitasking ist auf diesem leichten und dennoch grenzenlosen schlanken Android-Tablet ein Kinderspiel. Der integrierte 7200-mAh-Akku bietet bis zu 13 Stunden Nutzungsdauer mit einer einzigen Ladung.","breadcrumb":{"@id":"https:\/\/teguar.com\/eu\/de\/product\/trt-a5780-08s\/#breadcrumb"},"inLanguage":"de","potentialAction":[{"@type":"ReadAction","target":["https:\/\/teguar.com\/eu\/de\/product\/trt-a5780-08s\/"]}]},{"@type":"ImageObject","inLanguage":"de","@id":"https:\/\/teguar.com\/eu\/de\/product\/trt-a5780-08s\/#primaryimage","url":"https:\/\/teguar.com\/eu\/wp-content\/uploads\/sites\/2\/2026\/03\/TRT-A5780-08S-Front.png","contentUrl":"https:\/\/teguar.com\/eu\/wp-content\/uploads\/sites\/2\/2026\/03\/TRT-A5780-08S-Front.png","width":1000,"height":1000,"caption":"TRT-A5780-08S-Front"},{"@type":"BreadcrumbList","@id":"https:\/\/teguar.com\/eu\/de\/product\/trt-a5780-08s\/#breadcrumb","itemListElement":[{"@type":"ListItem","position":1,"name":"Home","item":"https:\/\/teguar.com\/eu\/de\/"},{"@type":"ListItem","position":2,"name":"TRT-A5780-08S"}]},{"@type":"WebSite","@id":"https:\/\/teguar.com\/eu\/en\/#website","url":"https:\/\/teguar.com\/eu\/en\/","name":"Teguar","description":"Industrial PCs, Medical Computers, and Rugged Tablets","potentialAction":[{"@type":"SearchAction","target":{"@type":"EntryPoint","urlTemplate":"https:\/\/teguar.com\/eu\/en\/?s={search_term_string}"},"query-input":{"@type":"PropertyValueSpecification","valueRequired":true,"valueName":"search_term_string"}}],"inLanguage":"de"}]}},"_links":{"self":[{"href":"https:\/\/teguar.com\/eu\/de\/wp-json\/wp\/v2\/product\/2248904","targetHints":{"allow":["GET"]}}],"collection":[{"href":"https:\/\/teguar.com\/eu\/de\/wp-json\/wp\/v2\/product"}],"about":[{"href":"https:\/\/teguar.com\/eu\/de\/wp-json\/wp\/v2\/types\/product"}],"wp:featuredmedia":[{"embeddable":true,"href":"https:\/\/teguar.com\/eu\/de\/wp-json\/wp\/v2\/media\/2248890"}],"wp:attachment":[{"href":"https:\/\/teguar.com\/eu\/de\/wp-json\/wp\/v2\/media?parent=2248904"}],"wp:term":[{"taxonomy":"product_brand","embeddable":true,"href":"https:\/\/teguar.com\/eu\/de\/wp-json\/wp\/v2\/product_brand?post=2248904"},{"taxonomy":"product_cat","embeddable":true,"href":"https:\/\/teguar.com\/eu\/de\/wp-json\/wp\/v2\/product_cat?post=2248904"},{"taxonomy":"product_tag","embeddable":true,"href":"https:\/\/teguar.com\/eu\/de\/wp-json\/wp\/v2\/product_tag?post=2248904"},{"taxonomy":"product_label","embeddable":true,"href":"https:\/\/teguar.com\/eu\/de\/wp-json\/wp\/v2\/product_label?post=2248904"}],"curies":[{"name":"wp","href":"https:\/\/api.w.org\/{rel}","templated":true}]}}