{"id":2248492,"date":"2026-01-14T09:47:11","date_gmt":"2026-01-14T09:47:11","guid":{"rendered":"https:\/\/teguar.com\/eu\/product\/regis-tb-7393\/"},"modified":"2026-03-27T18:34:10","modified_gmt":"2026-03-27T18:34:10","slug":"tb-7393","status":"publish","type":"product","link":"https:\/\/teguar.com\/eu\/de\/product\/tb-7393\/","title":{"rendered":"Regis TB-7393"},"content":{"rendered":"<p>Der Regis TB-7393 ist mit zahlreichen Funktionen ausgestattet und innen wie au\u00dfen wundersch\u00f6n gestaltet. Mit der schieren Menge an Arbeitsspeicher, den vielseitigen Ein- und Ausg\u00e4ngen und der Unterst\u00fctzung von Grafikkarten sind bei KI- und industriellen Anwendungen keine Grenzen gesetzt. <\/p>\n<p>Regis wurde f\u00fcr Edge-KI-Workloads und robuste Umgebungen entwickelt und verf\u00fcgt \u00fcber einen PCIe-Erweiterungssteckplatz f\u00fcr Grafikkarten von Drittanbietern sowie eine E\/A-Erweiterung f\u00fcr zus\u00e4tzliches LAN, CANBus, GPIO oder COM. Regis ist auch ein erstaunliches <a href=\"https:\/\/teguar.com\/en\/eu\/inductive-automation\/\">Ignition\u00ae-f\u00e4higes<\/a> Ger\u00e4t. R\u00fcsten Sie PoE-Erweiterungsmodule aus, die mit IP-Kameras, kleinen Edge-Boxen und anderen Ger\u00e4ten zur \u00dcberwachung und Steuerung von Industriemaschinen verbunden werden k\u00f6nnen. Sogar der Thermostat in einer Industrieanlage kann \u00fcber TB-7393 Daten aus der industriellen Bildverarbeitung verarbeiten.<\/p>\n<p><strong>Regis ist Teil der Produktfamilie <a href=\"https:\/\/teguar.com\/eu\/de\/regiment-series\/\">Regiment Series<\/a>.<\/strong><\/p>\n","protected":false},"excerpt":{"rendered":"<p>High-Process Computing &#8211; Robuste <a href=\"https:\/\/teguar.com\/en\/eu\/are-fanless-computers-good\/\">l\u00fcfterlose<\/a> thermische L\u00f6sung &#8211; Steuern und \u00fcberwachen Sie fortschrittliche Bildverarbeitung und Datenverarbeitung in industriellen Umgebungen, da ein gro\u00dfer K\u00fchlk\u00f6rper ohne das Risiko des Eindringens von Staub oder Partikeln k\u00fchlt.<\/p>\n<p>AI Controls and <a href=\"https:\/\/teguar.com\/en\/eu\/manufacturing-computer\/\">Manufacturing Facility<\/a> Network &#8211; Mit bis zu 5 Speicherlaufwerken und bis zu 96 GB RAM bew\u00e4ltigt Regis eine hohe Arbeitslast mit einer Vielzahl von Ger\u00e4ten, die in einer gro\u00dfen Anlage verwaltet werden.<\/p>\n<p>Mobile Workstation &#8211; CAN-Bus-Module f\u00fcr die Fahrzeuganbindung &#8211; Verwalten Sie Ger\u00e4te <a href=\"https:\/\/teguar.com\/en\/eu\/edge-computing-key-benefits\/\">am Rande<\/a> auch auf tempor\u00e4ren Baustellen wie z.B. auf dem Bau, als Monitor in einer mobilen Fahrzeug-Workstation.<\/p>\n","protected":false},"featured_media":2248471,"template":"","meta":{"_acf_changed":false},"product_brand":[],"product_cat":[2823,2812,2813,2824,2843],"product_tag":[2635,5530],"product_label":[],"class_list":{"0":"post-2248492","1":"product","2":"type-product","3":"status-publish","4":"has-post-thumbnail","6":"product_cat-edge-computer","7":"product_cat-embedded-pcs","8":"product_cat-ki-computer","9":"product_cat-lufterlose-pcs","10":"product_cat-rugged-computer","11":"product_tag-online-kaufen","12":"product_tag-regiment-serie","13":"pa_windows-windows-10-iot","14":"pa_windows-windows-11-iot","15":"pa_windows-windows-11-pro","17":"first","18":"instock","19":"taxable","20":"shipping-taxable","21":"purchasable","22":"product-type-composite"},"composite_virtual":false,"composite_layout":"single","composite_add_to_cart_form_location":"default","composite_editable_in_cart":false,"composite_sold_individually_context":"product","composite_shop_price_calc":"min_max","composite_components":[{"id":"1768508032","title":"Prozessor","description":"","query_type":"product_ids","query_ids":[2248367,2248368,2248369,2248370],"default_option_id":"","thumbnail_id":"","thumbnail_src":"","quantity_min":1,"quantity_max":1,"priced_individually":true,"shipped_individually":false,"optional":false,"discount":"","options_style":"dropdowns","pagination_style":"classic","display_prices":"relative","show_sorting_options":false,"show_filtering_options":false,"attribute_filter_ids":[],"select_action":"view","product_title_visible":true,"product_descr_visible":false,"product_price_visible":false,"product_thumb_visible":false,"subtotal_visible_product":false,"subtotal_visible_cart":false,"subtotal_visible_orders":false},{"id":"1768508033","title":"Lagerung","description":"","query_type":"product_ids","query_ids":[2248371,2248372,2248373,2248374],"default_option_id":"","thumbnail_id":"","thumbnail_src":"","quantity_min":1,"quantity_max":1,"priced_individually":true,"shipped_individually":false,"optional":false,"discount":"","options_style":"dropdowns","pagination_style":"classic","display_prices":"relative","show_sorting_options":false,"show_filtering_options":false,"attribute_filter_ids":[],"select_action":"view","product_title_visible":true,"product_descr_visible":false,"product_price_visible":false,"product_thumb_visible":false,"subtotal_visible_product":false,"subtotal_visible_cart":false,"subtotal_visible_orders":false},{"id":"1768508034","title":"WIDDER","description":"","query_type":"product_ids","query_ids":[2248375,2248376,2248377],"default_option_id":"","thumbnail_id":"","thumbnail_src":"","quantity_min":1,"quantity_max":1,"priced_individually":true,"shipped_individually":false,"optional":false,"discount":"","options_style":"dropdowns","pagination_style":"classic","display_prices":"relative","show_sorting_options":false,"show_filtering_options":false,"attribute_filter_ids":[],"select_action":"view","product_title_visible":true,"product_descr_visible":false,"product_price_visible":false,"product_thumb_visible":false,"subtotal_visible_product":false,"subtotal_visible_cart":false,"subtotal_visible_orders":false},{"id":"1768508035","title":"WiFi und Bluetooth","description":"","query_type":"product_ids","query_ids":[2240833,2240827],"default_option_id":"","thumbnail_id":"","thumbnail_src":"","quantity_min":1,"quantity_max":1,"priced_individually":true,"shipped_individually":false,"optional":false,"discount":"","options_style":"dropdowns","pagination_style":"classic","display_prices":"relative","show_sorting_options":false,"show_filtering_options":false,"attribute_filter_ids":[],"select_action":"view","product_title_visible":true,"product_descr_visible":false,"product_price_visible":false,"product_thumb_visible":false,"subtotal_visible_product":false,"subtotal_visible_cart":false,"subtotal_visible_orders":false},{"id":"1768508036","title":"Erweiterungsplatine","description":"","query_type":"product_ids","query_ids":[2248378],"default_option_id":"","thumbnail_id":"","thumbnail_src":"","quantity_min":1,"quantity_max":1,"priced_individually":true,"shipped_individually":false,"optional":false,"discount":"","options_style":"dropdowns","pagination_style":"classic","display_prices":"relative","show_sorting_options":false,"show_filtering_options":false,"attribute_filter_ids":[],"select_action":"view","product_title_visible":true,"product_descr_visible":false,"product_price_visible":false,"product_thumb_visible":false,"subtotal_visible_product":false,"subtotal_visible_cart":false,"subtotal_visible_orders":false},{"id":"1768508037","title":"I\/O-Erweiterung","description":"","query_type":"product_ids","query_ids":[2248379,2248380,2248381,2248382,2248383],"default_option_id":"","thumbnail_id":"","thumbnail_src":"","quantity_min":1,"quantity_max":1,"priced_individually":true,"shipped_individually":false,"optional":false,"discount":"","options_style":"dropdowns","pagination_style":"classic","display_prices":"relative","show_sorting_options":false,"show_filtering_options":false,"attribute_filter_ids":[],"select_action":"view","product_title_visible":true,"product_descr_visible":false,"product_price_visible":false,"product_thumb_visible":false,"subtotal_visible_product":false,"subtotal_visible_cart":false,"subtotal_visible_orders":false},{"id":"1776793521","title":"Graphics Card","description":"","query_type":"product_ids","query_ids":[2248386,2249069,2249070],"default_option_id":"","thumbnail_id":"","thumbnail_src":"","quantity_min":1,"quantity_max":1,"priced_individually":true,"shipped_individually":false,"optional":false,"discount":"","options_style":"dropdowns","pagination_style":"classic","display_prices":"relative","show_sorting_options":false,"show_filtering_options":false,"attribute_filter_ids":[],"select_action":"view","product_title_visible":true,"product_descr_visible":false,"product_price_visible":false,"product_thumb_visible":false,"subtotal_visible_product":false,"subtotal_visible_cart":false,"subtotal_visible_orders":false},{"id":"1768508038","title":"Stromversorgung","description":"","query_type":"product_ids","query_ids":[2248384,2240767],"default_option_id":"","thumbnail_id":"","thumbnail_src":"","quantity_min":1,"quantity_max":1,"priced_individually":true,"shipped_individually":false,"optional":false,"discount":"","options_style":"dropdowns","pagination_style":"classic","display_prices":"relative","show_sorting_options":false,"show_filtering_options":false,"attribute_filter_ids":[],"select_action":"view","product_title_visible":true,"product_descr_visible":false,"product_price_visible":false,"product_thumb_visible":false,"subtotal_visible_product":false,"subtotal_visible_cart":false,"subtotal_visible_orders":false},{"id":"1768508039","title":"GPU-Netzteil","description":"","query_type":"product_ids","query_ids":[2248385],"default_option_id":"","thumbnail_id":"","thumbnail_src":"","quantity_min":1,"quantity_max":1,"priced_individually":true,"shipped_individually":false,"optional":false,"discount":"","options_style":"dropdowns","pagination_style":"classic","display_prices":"relative","show_sorting_options":false,"show_filtering_options":false,"attribute_filter_ids":[],"select_action":"view","product_title_visible":true,"product_descr_visible":false,"product_price_visible":false,"product_thumb_visible":false,"subtotal_visible_product":false,"subtotal_visible_cart":false,"subtotal_visible_orders":false},{"id":"1768508040","title":"Betriebssystem","description":"","query_type":"product_ids","query_ids":[2240737,2240736,2242808,2242960,2242807,2240733],"default_option_id":"","thumbnail_id":"","thumbnail_src":"","quantity_min":1,"quantity_max":1,"priced_individually":true,"shipped_individually":false,"optional":false,"discount":"","options_style":"dropdowns","pagination_style":"classic","display_prices":"relative","show_sorting_options":false,"show_filtering_options":false,"attribute_filter_ids":[],"select_action":"view","product_title_visible":true,"product_descr_visible":false,"product_price_visible":false,"product_thumb_visible":false,"subtotal_visible_product":false,"subtotal_visible_cart":false,"subtotal_visible_orders":false}],"composite_scenarios":[{"id":"1768508176","name":"i3 and i5 OS","description":"","configuration":[{"component_id":"1768508032","options_modifier":"in","component_options":[2248367,2248368]}],"actions":[{"action_id":"compat_group","is_active":false},{"action_id":"conditional_components","is_active":false,"hidden_components":[]},{"action_id":"conditional_options","is_active":true,"hidden_options":[{"component_id":"1768508040","component_options":[2242960,2242807],"options_modifier":"in"}]}],"enabled":true},{"id":"1768508177","name":"i7 and i9 OS","description":"","configuration":[{"component_id":"1768508032","options_modifier":"in","component_options":[2248369,2248370]}],"actions":[{"action_id":"compat_group","is_active":false},{"action_id":"conditional_components","is_active":false,"hidden_components":[]},{"action_id":"conditional_options","is_active":true,"hidden_options":[{"component_id":"1768508040","component_options":[2240736,2242808],"options_modifier":"in"}]}],"enabled":true}],"acf":[],"yoast_head":"<!-- This site is optimized with the Yoast SEO Premium plugin v26.8 (Yoast SEO v27.2) - https:\/\/yoast.com\/product\/yoast-seo-premium-wordpress\/ -->\n<title>Robuster AI Box PC | Regis TB-7393<\/title>\n<meta name=\"description\" content=\"Mit der TB-7393, einer robusten KI-Box mit vielen Funktionen, einem gro\u00dfen Arbeitsspeicher und Grafikkartenunterst\u00fctzung, sind KI- und Industrieanwendungen keine Grenzen gesetzt.\" \/>\n<meta name=\"robots\" content=\"index, follow, max-snippet:-1, max-image-preview:large, max-video-preview:-1\" \/>\n<link rel=\"canonical\" href=\"https:\/\/teguar.com\/eu\/de\/product\/tb-7393\/\" \/>\n<meta property=\"og:locale\" content=\"de_DE\" \/>\n<meta property=\"og:type\" content=\"article\" \/>\n<meta property=\"og:title\" content=\"Regis TB-7393\" \/>\n<meta property=\"og:description\" content=\"Mit der TB-7393, einer robusten KI-Box mit vielen Funktionen, einem gro\u00dfen Arbeitsspeicher und Grafikkartenunterst\u00fctzung, sind KI- und Industrieanwendungen keine Grenzen gesetzt.\" \/>\n<meta property=\"og:url\" content=\"https:\/\/teguar.com\/eu\/de\/product\/tb-7393\/\" \/>\n<meta property=\"og:site_name\" content=\"Teguar\" \/>\n<meta property=\"article:modified_time\" content=\"2026-03-27T18:34:10+00:00\" \/>\n<meta property=\"og:image\" content=\"https:\/\/teguar.com\/eu\/wp-content\/uploads\/sites\/2\/2026\/01\/Regis-TB-7393-Front-Angle.png\" \/>\n\t<meta property=\"og:image:width\" content=\"1100\" \/>\n\t<meta property=\"og:image:height\" content=\"1100\" \/>\n\t<meta property=\"og:image:type\" content=\"image\/png\" \/>\n<meta name=\"twitter:card\" content=\"summary_large_image\" \/>\n<meta name=\"twitter:label1\" content=\"Gesch\u00e4tzte Lesezeit\" \/>\n\t<meta name=\"twitter:data1\" content=\"1\u00a0Minute\" \/>\n<script type=\"application\/ld+json\" class=\"yoast-schema-graph\">{\"@context\":\"https:\/\/schema.org\",\"@graph\":[{\"@type\":\"WebPage\",\"@id\":\"https:\/\/teguar.com\/eu\/de\/product\/tb-7393\/\",\"url\":\"https:\/\/teguar.com\/eu\/de\/product\/tb-7393\/\",\"name\":\"Robuster AI Box PC | Regis TB-7393\",\"isPartOf\":{\"@id\":\"https:\/\/teguar.com\/eu\/en\/#website\"},\"primaryImageOfPage\":{\"@id\":\"https:\/\/teguar.com\/eu\/de\/product\/tb-7393\/#primaryimage\"},\"image\":{\"@id\":\"https:\/\/teguar.com\/eu\/de\/product\/tb-7393\/#primaryimage\"},\"thumbnailUrl\":\"https:\/\/teguar.com\/eu\/wp-content\/uploads\/sites\/2\/2026\/01\/Regis-TB-7393-Front-Angle.png\",\"datePublished\":\"2026-01-14T09:47:11+00:00\",\"dateModified\":\"2026-03-27T18:34:10+00:00\",\"description\":\"Mit der TB-7393, einer robusten KI-Box mit vielen Funktionen, einem gro\u00dfen Arbeitsspeicher und Grafikkartenunterst\u00fctzung, sind KI- und Industrieanwendungen keine Grenzen gesetzt.\",\"breadcrumb\":{\"@id\":\"https:\/\/teguar.com\/eu\/de\/product\/tb-7393\/#breadcrumb\"},\"inLanguage\":\"de\",\"potentialAction\":[{\"@type\":\"ReadAction\",\"target\":[\"https:\/\/teguar.com\/eu\/de\/product\/tb-7393\/\"]}]},{\"@type\":\"ImageObject\",\"inLanguage\":\"de\",\"@id\":\"https:\/\/teguar.com\/eu\/de\/product\/tb-7393\/#primaryimage\",\"url\":\"https:\/\/teguar.com\/eu\/wp-content\/uploads\/sites\/2\/2026\/01\/Regis-TB-7393-Front-Angle.png\",\"contentUrl\":\"https:\/\/teguar.com\/eu\/wp-content\/uploads\/sites\/2\/2026\/01\/Regis-TB-7393-Front-Angle.png\",\"width\":1100,\"height\":1100,\"caption\":\"Regis-TB-7393-Front-Angle\"},{\"@type\":\"BreadcrumbList\",\"@id\":\"https:\/\/teguar.com\/eu\/de\/product\/tb-7393\/#breadcrumb\",\"itemListElement\":[{\"@type\":\"ListItem\",\"position\":1,\"name\":\"Home\",\"item\":\"https:\/\/teguar.com\/eu\/de\/\"},{\"@type\":\"ListItem\",\"position\":2,\"name\":\"Regis TB-7393\"}]},{\"@type\":\"WebSite\",\"@id\":\"https:\/\/teguar.com\/eu\/en\/#website\",\"url\":\"https:\/\/teguar.com\/eu\/en\/\",\"name\":\"Teguar\",\"description\":\"Industrial PCs, Medical Computers, and Rugged Tablets\",\"potentialAction\":[{\"@type\":\"SearchAction\",\"target\":{\"@type\":\"EntryPoint\",\"urlTemplate\":\"https:\/\/teguar.com\/eu\/en\/?s={search_term_string}\"},\"query-input\":{\"@type\":\"PropertyValueSpecification\",\"valueRequired\":true,\"valueName\":\"search_term_string\"}}],\"inLanguage\":\"de\"}]}<\/script>\n<!-- \/ Yoast SEO Premium plugin. -->","yoast_head_json":{"title":"Robuster AI Box PC | Regis TB-7393","description":"Mit der TB-7393, einer robusten KI-Box mit vielen Funktionen, einem gro\u00dfen Arbeitsspeicher und Grafikkartenunterst\u00fctzung, sind KI- und Industrieanwendungen keine Grenzen gesetzt.","robots":{"index":"index","follow":"follow","max-snippet":"max-snippet:-1","max-image-preview":"max-image-preview:large","max-video-preview":"max-video-preview:-1"},"canonical":"https:\/\/teguar.com\/eu\/de\/product\/tb-7393\/","og_locale":"de_DE","og_type":"article","og_title":"Regis TB-7393","og_description":"Mit der TB-7393, einer robusten KI-Box mit vielen Funktionen, einem gro\u00dfen Arbeitsspeicher und Grafikkartenunterst\u00fctzung, sind KI- und Industrieanwendungen keine Grenzen gesetzt.","og_url":"https:\/\/teguar.com\/eu\/de\/product\/tb-7393\/","og_site_name":"Teguar","article_modified_time":"2026-03-27T18:34:10+00:00","og_image":[{"width":1100,"height":1100,"url":"https:\/\/teguar.com\/eu\/wp-content\/uploads\/sites\/2\/2026\/01\/Regis-TB-7393-Front-Angle.png","type":"image\/png"}],"twitter_card":"summary_large_image","twitter_misc":{"Gesch\u00e4tzte Lesezeit":"1\u00a0Minute"},"schema":{"@context":"https:\/\/schema.org","@graph":[{"@type":"WebPage","@id":"https:\/\/teguar.com\/eu\/de\/product\/tb-7393\/","url":"https:\/\/teguar.com\/eu\/de\/product\/tb-7393\/","name":"Robuster AI Box PC | Regis TB-7393","isPartOf":{"@id":"https:\/\/teguar.com\/eu\/en\/#website"},"primaryImageOfPage":{"@id":"https:\/\/teguar.com\/eu\/de\/product\/tb-7393\/#primaryimage"},"image":{"@id":"https:\/\/teguar.com\/eu\/de\/product\/tb-7393\/#primaryimage"},"thumbnailUrl":"https:\/\/teguar.com\/eu\/wp-content\/uploads\/sites\/2\/2026\/01\/Regis-TB-7393-Front-Angle.png","datePublished":"2026-01-14T09:47:11+00:00","dateModified":"2026-03-27T18:34:10+00:00","description":"Mit der TB-7393, einer robusten KI-Box mit vielen Funktionen, einem gro\u00dfen Arbeitsspeicher und Grafikkartenunterst\u00fctzung, sind KI- und Industrieanwendungen keine Grenzen gesetzt.","breadcrumb":{"@id":"https:\/\/teguar.com\/eu\/de\/product\/tb-7393\/#breadcrumb"},"inLanguage":"de","potentialAction":[{"@type":"ReadAction","target":["https:\/\/teguar.com\/eu\/de\/product\/tb-7393\/"]}]},{"@type":"ImageObject","inLanguage":"de","@id":"https:\/\/teguar.com\/eu\/de\/product\/tb-7393\/#primaryimage","url":"https:\/\/teguar.com\/eu\/wp-content\/uploads\/sites\/2\/2026\/01\/Regis-TB-7393-Front-Angle.png","contentUrl":"https:\/\/teguar.com\/eu\/wp-content\/uploads\/sites\/2\/2026\/01\/Regis-TB-7393-Front-Angle.png","width":1100,"height":1100,"caption":"Regis-TB-7393-Front-Angle"},{"@type":"BreadcrumbList","@id":"https:\/\/teguar.com\/eu\/de\/product\/tb-7393\/#breadcrumb","itemListElement":[{"@type":"ListItem","position":1,"name":"Home","item":"https:\/\/teguar.com\/eu\/de\/"},{"@type":"ListItem","position":2,"name":"Regis TB-7393"}]},{"@type":"WebSite","@id":"https:\/\/teguar.com\/eu\/en\/#website","url":"https:\/\/teguar.com\/eu\/en\/","name":"Teguar","description":"Industrial PCs, Medical Computers, and Rugged Tablets","potentialAction":[{"@type":"SearchAction","target":{"@type":"EntryPoint","urlTemplate":"https:\/\/teguar.com\/eu\/en\/?s={search_term_string}"},"query-input":{"@type":"PropertyValueSpecification","valueRequired":true,"valueName":"search_term_string"}}],"inLanguage":"de"}]}},"_links":{"self":[{"href":"https:\/\/teguar.com\/eu\/de\/wp-json\/wp\/v2\/product\/2248492","targetHints":{"allow":["GET"]}}],"collection":[{"href":"https:\/\/teguar.com\/eu\/de\/wp-json\/wp\/v2\/product"}],"about":[{"href":"https:\/\/teguar.com\/eu\/de\/wp-json\/wp\/v2\/types\/product"}],"wp:featuredmedia":[{"embeddable":true,"href":"https:\/\/teguar.com\/eu\/de\/wp-json\/wp\/v2\/media\/2248471"}],"wp:attachment":[{"href":"https:\/\/teguar.com\/eu\/de\/wp-json\/wp\/v2\/media?parent=2248492"}],"wp:term":[{"taxonomy":"product_brand","embeddable":true,"href":"https:\/\/teguar.com\/eu\/de\/wp-json\/wp\/v2\/product_brand?post=2248492"},{"taxonomy":"product_cat","embeddable":true,"href":"https:\/\/teguar.com\/eu\/de\/wp-json\/wp\/v2\/product_cat?post=2248492"},{"taxonomy":"product_tag","embeddable":true,"href":"https:\/\/teguar.com\/eu\/de\/wp-json\/wp\/v2\/product_tag?post=2248492"},{"taxonomy":"product_label","embeddable":true,"href":"https:\/\/teguar.com\/eu\/de\/wp-json\/wp\/v2\/product_label?post=2248492"}],"curies":[{"name":"wp","href":"https:\/\/api.w.org\/{rel}","templated":true}]}}