{"id":2248491,"date":"2025-11-24T14:56:12","date_gmt":"2025-11-24T14:56:12","guid":{"rendered":"https:\/\/teguar.com\/eu\/product\/pfadfinder-tb-6293\/"},"modified":"2026-03-27T18:34:46","modified_gmt":"2026-03-27T18:34:46","slug":"tb-6293","status":"publish","type":"product","link":"https:\/\/teguar.com\/eu\/de\/product\/tb-6293\/","title":{"rendered":"Scout TB-6293"},"content":{"rendered":"<p>Die TB-6293 macht ihrem Namen Scout alle Ehre und ist das perfekte kleine Gateway f\u00fcr Aggregation oder Datentransport. Verbinden Sie sich mit dem IoT oder einem zentralen Hub, um Daten \u00fcber Wi-Fi oder ein Mobilfunknetz zu senden, beschleunigt durch PoE mit Optionen f\u00fcr Stromeingang oder -ausgang. Der extrakleine Formfaktor geht nicht zu Lasten der Sicherheit, denn interne Aluminiumbl\u00f6cke sorgen f\u00fcr eine ordentliche passive K\u00fchlung und ein physischer TPM 2.0-Chip gew\u00e4hrleistet maximale Sicherheit, wenn der Datenschutz im Vordergrund steht. Scout unterst\u00fctzt nativ zwei Displays und kann diese \u00fcber Multi-Stream Transport (MST) erweitern.<\/p>\n<p><strong>Scout ist Teil der Produktfamilie <a href=\"https:\/\/teguar.com\/eu\/de\/regiment-series\/\">Regiment Series<\/a>.<\/strong><\/p>\n","protected":false},"excerpt":{"rendered":"<p>Thin Client &#8211; Wi-Fi, Mobilfunk und Ethernet &#8211; Dank der Speicherung und Verwaltung in einer zentralen Datenbank kann die TB-6293 als leichtgewichtiger Zugangspunkt in verschiedenen Einrichtungen eingesetzt werden. Befestigen Sie ihn an der R\u00fcckseite eines Bildschirms oder stellen Sie ihn mit den Gummif\u00fc\u00dfen f\u00fcr den diskreten Einsatz auf dem Tisch daneben. <\/p>\n<p><a href=\"https:\/\/teguar.com\/en\/eu\/manufacturing-computer\/\">Fertigung<\/a> &#8211; Edge Data Aggregator &#8211; Stellen Sie eine Verbindung zu Ger\u00e4ten in der gesamten Produktion her, um Daten lokal zu sammeln und an Ihren zentralen Edge-Computer zu melden. \u00dcber PoE kann die TB-6293 gleichzeitig Daten von KI-f\u00e4higen Machine-Vision-Kameras abrufen und mit Strom versorgen. <\/p>\n<p>Platzsparend &#8211; die bisher kleinste Stellfl\u00e4che &#8211; TB-6293 passt kompakt in Umgebungen, in denen der Platz knapp ist. Sparen Sie Platz, indem Sie diesen schlanken PC in einem Schrank neben einer SPS, auf dem Schreibtisch hinter einem Bildschirm oder an der Wand neben den Peripherieger\u00e4ten, die er versorgt, unterbringen. <\/p>\n","protected":false},"featured_media":2248487,"template":"","meta":{"_acf_changed":false},"product_brand":[],"product_cat":[2812,2843,2845],"product_tag":[],"product_label":[],"class_list":{"0":"post-2248491","1":"product","2":"type-product","3":"status-publish","4":"has-post-thumbnail","6":"product_cat-embedded-pcs","7":"product_cat-rugged-computer","8":"product_cat-rugged-mini-pcs","9":"pa_windows-windows-10-iot","10":"pa_windows-windows-11-iot","11":"pa_windows-windows-11-pro","13":"first","14":"instock","15":"taxable","16":"shipping-taxable","17":"purchasable","18":"product-type-composite"},"composite_virtual":false,"composite_layout":"single","composite_add_to_cart_form_location":"default","composite_editable_in_cart":false,"composite_sold_individually_context":"product","composite_shop_price_calc":"min_max","composite_components":[{"id":"1772219634","title":"Power Options","description":"","query_type":"product_ids","query_ids":[2248769,2248768],"default_option_id":"","thumbnail_id":"","thumbnail_src":"","quantity_min":1,"quantity_max":1,"priced_individually":true,"shipped_individually":false,"optional":false,"discount":"","options_style":"dropdowns","pagination_style":"classic","display_prices":"relative","show_sorting_options":false,"show_filtering_options":false,"attribute_filter_ids":[],"select_action":"view","product_title_visible":true,"product_descr_visible":false,"product_price_visible":false,"product_thumb_visible":false,"subtotal_visible_product":false,"subtotal_visible_cart":false,"subtotal_visible_orders":false},{"id":"1768506208","title":"Zus\u00e4tzlicher Stauraum","description":"","query_type":"product_ids","query_ids":[2248770,2240803,2240798,2240799,2240800],"default_option_id":"","thumbnail_id":"","thumbnail_src":"","quantity_min":1,"quantity_max":1,"priced_individually":true,"shipped_individually":false,"optional":false,"discount":"","options_style":"dropdowns","pagination_style":"classic","display_prices":"relative","show_sorting_options":false,"show_filtering_options":false,"attribute_filter_ids":[],"select_action":"view","product_title_visible":true,"product_descr_visible":false,"product_price_visible":false,"product_thumb_visible":false,"subtotal_visible_product":false,"subtotal_visible_cart":false,"subtotal_visible_orders":false},{"id":"1768506209","title":"WiFi und Bluetooth","description":"","query_type":"product_ids","query_ids":[2240833,2240827],"default_option_id":"","thumbnail_id":"","thumbnail_src":"","quantity_min":1,"quantity_max":1,"priced_individually":true,"shipped_individually":false,"optional":false,"discount":"","options_style":"dropdowns","pagination_style":"classic","display_prices":"relative","show_sorting_options":false,"show_filtering_options":false,"attribute_filter_ids":[],"select_action":"view","product_title_visible":true,"product_descr_visible":false,"product_price_visible":false,"product_thumb_visible":false,"subtotal_visible_product":false,"subtotal_visible_cart":false,"subtotal_visible_orders":false},{"id":"1768506210","title":"Stromversorgung","description":"","query_type":"product_ids","query_ids":[2240767,2248360],"default_option_id":"","thumbnail_id":"","thumbnail_src":"","quantity_min":1,"quantity_max":1,"priced_individually":true,"shipped_individually":false,"optional":false,"discount":"","options_style":"dropdowns","pagination_style":"classic","display_prices":"relative","show_sorting_options":false,"show_filtering_options":false,"attribute_filter_ids":[],"select_action":"view","product_title_visible":true,"product_descr_visible":false,"product_price_visible":false,"product_thumb_visible":false,"subtotal_visible_product":false,"subtotal_visible_cart":false,"subtotal_visible_orders":false},{"id":"1768506211","title":"Betriebssystem","description":"","query_type":"product_ids","query_ids":[2240737,2240734,2240732,2240733],"default_option_id":"","thumbnail_id":"","thumbnail_src":"","quantity_min":1,"quantity_max":1,"priced_individually":true,"shipped_individually":false,"optional":false,"discount":"","options_style":"dropdowns","pagination_style":"classic","display_prices":"relative","show_sorting_options":false,"show_filtering_options":false,"attribute_filter_ids":[],"select_action":"view","product_title_visible":true,"product_descr_visible":false,"product_price_visible":false,"product_thumb_visible":false,"subtotal_visible_product":false,"subtotal_visible_cart":false,"subtotal_visible_orders":false}],"composite_scenarios":[],"acf":[],"yoast_head":"<!-- This site is optimized with the Yoast SEO Premium plugin v26.8 (Yoast SEO v27.2) - https:\/\/yoast.com\/product\/yoast-seo-premium-wordpress\/ -->\n<title>Miniatur l\u00fcfterloser Edge Gateway PC | Scout TB-6293<\/title>\n<meta name=\"description\" content=\"Die TB-6293 ist das perfekte kleine Gateway f\u00fcr Aggregation oder Datentransport. Senden Sie Daten \u00fcber Wi-Fi oder Mobilfunk, beschleunigt durch PoE mit Optionen f\u00fcr Stromeingang oder -ausgang.\" \/>\n<meta name=\"robots\" content=\"index, follow, max-snippet:-1, max-image-preview:large, max-video-preview:-1\" \/>\n<link rel=\"canonical\" href=\"https:\/\/teguar.com\/eu\/de\/product\/tb-6293\/\" \/>\n<meta property=\"og:locale\" content=\"de_DE\" \/>\n<meta property=\"og:type\" content=\"article\" \/>\n<meta property=\"og:title\" content=\"Scout TB-6293\" \/>\n<meta property=\"og:description\" content=\"Die TB-6293 ist das perfekte kleine Gateway f\u00fcr Aggregation oder Datentransport. Senden Sie Daten \u00fcber Wi-Fi oder Mobilfunk, beschleunigt durch PoE mit Optionen f\u00fcr Stromeingang oder -ausgang.\" \/>\n<meta property=\"og:url\" content=\"https:\/\/teguar.com\/eu\/de\/product\/tb-6293\/\" \/>\n<meta property=\"og:site_name\" content=\"Teguar\" \/>\n<meta property=\"article:modified_time\" content=\"2026-03-27T18:34:46+00:00\" \/>\n<meta property=\"og:image\" content=\"https:\/\/teguar.com\/eu\/wp-content\/uploads\/sites\/2\/2026\/01\/Scout-TB-6293-Hero-Angle.png\" \/>\n\t<meta property=\"og:image:width\" content=\"1100\" \/>\n\t<meta property=\"og:image:height\" content=\"1100\" \/>\n\t<meta property=\"og:image:type\" content=\"image\/png\" \/>\n<meta name=\"twitter:card\" content=\"summary_large_image\" \/>\n<meta name=\"twitter:label1\" content=\"Gesch\u00e4tzte Lesezeit\" \/>\n\t<meta name=\"twitter:data1\" content=\"1\u00a0Minute\" \/>\n<script type=\"application\/ld+json\" class=\"yoast-schema-graph\">{\"@context\":\"https:\/\/schema.org\",\"@graph\":[{\"@type\":\"WebPage\",\"@id\":\"https:\/\/teguar.com\/eu\/de\/product\/tb-6293\/\",\"url\":\"https:\/\/teguar.com\/eu\/de\/product\/tb-6293\/\",\"name\":\"Miniatur l\u00fcfterloser Edge Gateway PC | Scout TB-6293\",\"isPartOf\":{\"@id\":\"https:\/\/teguar.com\/eu\/en\/#website\"},\"primaryImageOfPage\":{\"@id\":\"https:\/\/teguar.com\/eu\/de\/product\/tb-6293\/#primaryimage\"},\"image\":{\"@id\":\"https:\/\/teguar.com\/eu\/de\/product\/tb-6293\/#primaryimage\"},\"thumbnailUrl\":\"https:\/\/teguar.com\/eu\/wp-content\/uploads\/sites\/2\/2026\/01\/Scout-TB-6293-Hero-Angle.png\",\"datePublished\":\"2025-11-24T14:56:12+00:00\",\"dateModified\":\"2026-03-27T18:34:46+00:00\",\"description\":\"Die TB-6293 ist das perfekte kleine Gateway f\u00fcr Aggregation oder Datentransport. Senden Sie Daten \u00fcber Wi-Fi oder Mobilfunk, beschleunigt durch PoE mit Optionen f\u00fcr Stromeingang oder -ausgang.\",\"breadcrumb\":{\"@id\":\"https:\/\/teguar.com\/eu\/de\/product\/tb-6293\/#breadcrumb\"},\"inLanguage\":\"de\",\"potentialAction\":[{\"@type\":\"ReadAction\",\"target\":[\"https:\/\/teguar.com\/eu\/de\/product\/tb-6293\/\"]}]},{\"@type\":\"ImageObject\",\"inLanguage\":\"de\",\"@id\":\"https:\/\/teguar.com\/eu\/de\/product\/tb-6293\/#primaryimage\",\"url\":\"https:\/\/teguar.com\/eu\/wp-content\/uploads\/sites\/2\/2026\/01\/Scout-TB-6293-Hero-Angle.png\",\"contentUrl\":\"https:\/\/teguar.com\/eu\/wp-content\/uploads\/sites\/2\/2026\/01\/Scout-TB-6293-Hero-Angle.png\",\"width\":1100,\"height\":1100,\"caption\":\"Scout-TB-6293-Hero-Angle\"},{\"@type\":\"BreadcrumbList\",\"@id\":\"https:\/\/teguar.com\/eu\/de\/product\/tb-6293\/#breadcrumb\",\"itemListElement\":[{\"@type\":\"ListItem\",\"position\":1,\"name\":\"Home\",\"item\":\"https:\/\/teguar.com\/eu\/de\/\"},{\"@type\":\"ListItem\",\"position\":2,\"name\":\"Scout TB-6293\"}]},{\"@type\":\"WebSite\",\"@id\":\"https:\/\/teguar.com\/eu\/en\/#website\",\"url\":\"https:\/\/teguar.com\/eu\/en\/\",\"name\":\"Teguar\",\"description\":\"Industrial PCs, Medical Computers, and Rugged Tablets\",\"potentialAction\":[{\"@type\":\"SearchAction\",\"target\":{\"@type\":\"EntryPoint\",\"urlTemplate\":\"https:\/\/teguar.com\/eu\/en\/?s={search_term_string}\"},\"query-input\":{\"@type\":\"PropertyValueSpecification\",\"valueRequired\":true,\"valueName\":\"search_term_string\"}}],\"inLanguage\":\"de\"}]}<\/script>\n<!-- \/ Yoast SEO Premium plugin. -->","yoast_head_json":{"title":"Miniatur l\u00fcfterloser Edge Gateway PC | Scout TB-6293","description":"Die TB-6293 ist das perfekte kleine Gateway f\u00fcr Aggregation oder Datentransport. Senden Sie Daten \u00fcber Wi-Fi oder Mobilfunk, beschleunigt durch PoE mit Optionen f\u00fcr Stromeingang oder -ausgang.","robots":{"index":"index","follow":"follow","max-snippet":"max-snippet:-1","max-image-preview":"max-image-preview:large","max-video-preview":"max-video-preview:-1"},"canonical":"https:\/\/teguar.com\/eu\/de\/product\/tb-6293\/","og_locale":"de_DE","og_type":"article","og_title":"Scout TB-6293","og_description":"Die TB-6293 ist das perfekte kleine Gateway f\u00fcr Aggregation oder Datentransport. Senden Sie Daten \u00fcber Wi-Fi oder Mobilfunk, beschleunigt durch PoE mit Optionen f\u00fcr Stromeingang oder -ausgang.","og_url":"https:\/\/teguar.com\/eu\/de\/product\/tb-6293\/","og_site_name":"Teguar","article_modified_time":"2026-03-27T18:34:46+00:00","og_image":[{"width":1100,"height":1100,"url":"https:\/\/teguar.com\/eu\/wp-content\/uploads\/sites\/2\/2026\/01\/Scout-TB-6293-Hero-Angle.png","type":"image\/png"}],"twitter_card":"summary_large_image","twitter_misc":{"Gesch\u00e4tzte Lesezeit":"1\u00a0Minute"},"schema":{"@context":"https:\/\/schema.org","@graph":[{"@type":"WebPage","@id":"https:\/\/teguar.com\/eu\/de\/product\/tb-6293\/","url":"https:\/\/teguar.com\/eu\/de\/product\/tb-6293\/","name":"Miniatur l\u00fcfterloser Edge Gateway PC | Scout TB-6293","isPartOf":{"@id":"https:\/\/teguar.com\/eu\/en\/#website"},"primaryImageOfPage":{"@id":"https:\/\/teguar.com\/eu\/de\/product\/tb-6293\/#primaryimage"},"image":{"@id":"https:\/\/teguar.com\/eu\/de\/product\/tb-6293\/#primaryimage"},"thumbnailUrl":"https:\/\/teguar.com\/eu\/wp-content\/uploads\/sites\/2\/2026\/01\/Scout-TB-6293-Hero-Angle.png","datePublished":"2025-11-24T14:56:12+00:00","dateModified":"2026-03-27T18:34:46+00:00","description":"Die TB-6293 ist das perfekte kleine Gateway f\u00fcr Aggregation oder Datentransport. Senden Sie Daten \u00fcber Wi-Fi oder Mobilfunk, beschleunigt durch PoE mit Optionen f\u00fcr Stromeingang oder -ausgang.","breadcrumb":{"@id":"https:\/\/teguar.com\/eu\/de\/product\/tb-6293\/#breadcrumb"},"inLanguage":"de","potentialAction":[{"@type":"ReadAction","target":["https:\/\/teguar.com\/eu\/de\/product\/tb-6293\/"]}]},{"@type":"ImageObject","inLanguage":"de","@id":"https:\/\/teguar.com\/eu\/de\/product\/tb-6293\/#primaryimage","url":"https:\/\/teguar.com\/eu\/wp-content\/uploads\/sites\/2\/2026\/01\/Scout-TB-6293-Hero-Angle.png","contentUrl":"https:\/\/teguar.com\/eu\/wp-content\/uploads\/sites\/2\/2026\/01\/Scout-TB-6293-Hero-Angle.png","width":1100,"height":1100,"caption":"Scout-TB-6293-Hero-Angle"},{"@type":"BreadcrumbList","@id":"https:\/\/teguar.com\/eu\/de\/product\/tb-6293\/#breadcrumb","itemListElement":[{"@type":"ListItem","position":1,"name":"Home","item":"https:\/\/teguar.com\/eu\/de\/"},{"@type":"ListItem","position":2,"name":"Scout TB-6293"}]},{"@type":"WebSite","@id":"https:\/\/teguar.com\/eu\/en\/#website","url":"https:\/\/teguar.com\/eu\/en\/","name":"Teguar","description":"Industrial PCs, Medical Computers, and Rugged Tablets","potentialAction":[{"@type":"SearchAction","target":{"@type":"EntryPoint","urlTemplate":"https:\/\/teguar.com\/eu\/en\/?s={search_term_string}"},"query-input":{"@type":"PropertyValueSpecification","valueRequired":true,"valueName":"search_term_string"}}],"inLanguage":"de"}]}},"_links":{"self":[{"href":"https:\/\/teguar.com\/eu\/de\/wp-json\/wp\/v2\/product\/2248491","targetHints":{"allow":["GET"]}}],"collection":[{"href":"https:\/\/teguar.com\/eu\/de\/wp-json\/wp\/v2\/product"}],"about":[{"href":"https:\/\/teguar.com\/eu\/de\/wp-json\/wp\/v2\/types\/product"}],"wp:featuredmedia":[{"embeddable":true,"href":"https:\/\/teguar.com\/eu\/de\/wp-json\/wp\/v2\/media\/2248487"}],"wp:attachment":[{"href":"https:\/\/teguar.com\/eu\/de\/wp-json\/wp\/v2\/media?parent=2248491"}],"wp:term":[{"taxonomy":"product_brand","embeddable":true,"href":"https:\/\/teguar.com\/eu\/de\/wp-json\/wp\/v2\/product_brand?post=2248491"},{"taxonomy":"product_cat","embeddable":true,"href":"https:\/\/teguar.com\/eu\/de\/wp-json\/wp\/v2\/product_cat?post=2248491"},{"taxonomy":"product_tag","embeddable":true,"href":"https:\/\/teguar.com\/eu\/de\/wp-json\/wp\/v2\/product_tag?post=2248491"},{"taxonomy":"product_label","embeddable":true,"href":"https:\/\/teguar.com\/eu\/de\/wp-json\/wp\/v2\/product_label?post=2248491"}],"curies":[{"name":"wp","href":"https:\/\/api.w.org\/{rel}","templated":true}]}}