{"id":2248490,"date":"2025-11-24T14:38:12","date_gmt":"2025-11-24T14:38:12","guid":{"rendered":"https:\/\/teguar.com\/eu\/product\/optio-tb-7293\/"},"modified":"2026-03-27T18:35:19","modified_gmt":"2026-03-27T18:35:19","slug":"tb-7293","status":"publish","type":"product","link":"https:\/\/teguar.com\/eu\/de\/product\/tb-7293\/","title":{"rendered":"Optio TB-7293"},"content":{"rendered":"<p>Der mit zahlreichen Ein-\/Ausg\u00e4ngen ausgestattete Optio TB-7293 optimiert die Nutzung von Peripherieger\u00e4ten und \u00fcberzeugt sowohl im Herzen Ihrer Systeme als auch an deren Rand. Drei Videoanschl\u00fcsse unterst\u00fctzen bis zu vier Bildschirme, w\u00e4hrend insgesamt acht USB-A-Anschl\u00fcsse den Anschluss von Peripherieger\u00e4ten wie Kameras erm\u00f6glichen. Dieser Small Form Factor-PC bew\u00e4ltigt unseren bislang gr\u00f6\u00dften Temperaturbereich \u2013 minus 40 \u00b0C bis 60 \u00b0C \u2013 und k\u00fchlt seine Core Ultra-CPU passiv mit robusten internen K\u00fchlk\u00f6rpern. Optio ist jedoch nicht nur robust: Der Prozessor der 14. Generation mit integrierter NPU erm\u00f6glicht fortschrittliche KI-Steuerungsl\u00f6sungen.<\/p>\n<p><strong>Optio ist Teil der Produktfamilie <a href=\"https:\/\/teguar.com\/en\/de\/regiment-series\/\">Regiment Series<\/a>.<\/strong><\/p>\n","protected":false},"excerpt":{"rendered":"<p><span data-contrast=\"none\"><a href=\"https:\/\/teguar.com\/en\/eu\/manufacturing-computer\/\">Maschinelles Sehen<\/a> &#8211; Peripherieunterst\u00fctzung f\u00fcr die visuelle Inspektion &#8211; Optio verf\u00fcgt \u00fcber die E\/A zur Unterst\u00fctzung von Kameras und Sensoren sowie \u00fcber die Verarbeitungsleistung zur Analyse der aufgenommenen Videos. \u00dcberwachen Sie die Produktionsbereiche auf Produktfehler, Lagerbest\u00e4nde oder Ger\u00e4teverschlei\u00df. <\/span><span data-ccp-props=\"{\"134233117\":true,\"134233118\":true,\"201341983\":0,\"335559740\":240}\"> <\/span><\/p>\n<p><span data-contrast=\"none\"><a href=\"https:\/\/teguar.com\/en\/eu\/warehouse-management-computer\/\">Sicherheitssysteme<\/a> &#8211; Sehen Sie etwas, sagen Sie etwas &#8211; Mit den fortschrittlichen KI-Funktionen des TB-7293 k\u00f6nnen Sie die Daten auf dem Boden \u00fcberwachen und zusammenfassen, um zu \u00fcberpr\u00fcfen, ob die Mitarbeiter ihre PSA tragen, die Vitalwerte der Ger\u00e4te zu messen und sicherzustellen, dass die Ausg\u00e4nge und Wege nicht versperrt sind.<\/span><span data-ccp-props=\"{\"134233117\":true,\"134233118\":true,\"201341983\":0,\"335559740\":240}\"> <\/span><\/p>\n<p><span data-contrast=\"none\"><a href=\"https:\/\/teguar.com\/en\/eu\/control-systems-computer\/\">Zentraler Datenhub<\/a> &#8211; Maximale Konnektivit\u00e4t &#8211; Optio bietet Wi-Fi, Mobilfunk und PoE+ mit 4 Ethernet-Anschl\u00fcssen. Dank dieser Vielfalt an Optionen bleibt dieses Ger\u00e4t innerhalb Ihrer Einrichtung synchronisiert, um Daten von einer gro\u00dfen Anzahl angeschlossener Ger\u00e4te abzurufen oder mit ihnen zu teilen. <\/span><span data-ccp-props=\"{\"134233117\":true,\"134233118\":true,\"201341983\":0,\"335559740\":240}\"> <\/span><\/p>\n","protected":false},"featured_media":2248480,"template":"","meta":{"_acf_changed":false},"product_brand":[],"product_cat":[2823,2812,2813,2824,2843],"product_tag":[2635,5530],"product_label":[],"class_list":{"0":"post-2248490","1":"product","2":"type-product","3":"status-publish","4":"has-post-thumbnail","6":"product_cat-edge-computer","7":"product_cat-embedded-pcs","8":"product_cat-ki-computer","9":"product_cat-lufterlose-pcs","10":"product_cat-rugged-computer","11":"product_tag-online-kaufen","12":"product_tag-regiment-serie","13":"pa_windows-windows-10-iot","14":"pa_windows-windows-11-iot","15":"pa_windows-windows-11-pro","17":"first","18":"instock","19":"taxable","20":"shipping-taxable","21":"purchasable","22":"product-type-composite"},"composite_virtual":false,"composite_layout":"single","composite_add_to_cart_form_location":"default","composite_editable_in_cart":false,"composite_sold_individually_context":"product","composite_shop_price_calc":"min_max","composite_components":[{"id":"1768507302","title":"Prozessor","description":"","query_type":"product_ids","query_ids":[2248361,2248362],"default_option_id":"","thumbnail_id":"","thumbnail_src":"","quantity_min":1,"quantity_max":1,"priced_individually":true,"shipped_individually":false,"optional":false,"discount":"","options_style":"dropdowns","pagination_style":"classic","display_prices":"relative","show_sorting_options":false,"show_filtering_options":false,"attribute_filter_ids":[],"select_action":"view","product_title_visible":true,"product_descr_visible":false,"product_price_visible":false,"product_thumb_visible":false,"subtotal_visible_product":false,"subtotal_visible_cart":false,"subtotal_visible_orders":false},{"id":"1768507303","title":"Lagerung","description":"","query_type":"product_ids","query_ids":[2242902,2240785,2240786,2240793],"default_option_id":"","thumbnail_id":"","thumbnail_src":"","quantity_min":1,"quantity_max":1,"priced_individually":true,"shipped_individually":false,"optional":false,"discount":"","options_style":"dropdowns","pagination_style":"classic","display_prices":"relative","show_sorting_options":false,"show_filtering_options":false,"attribute_filter_ids":[],"select_action":"view","product_title_visible":true,"product_descr_visible":false,"product_price_visible":false,"product_thumb_visible":false,"subtotal_visible_product":false,"subtotal_visible_cart":false,"subtotal_visible_orders":false},{"id":"1768507304","title":"WIDDER","description":"","query_type":"product_ids","query_ids":[2240772,2240773,2240777],"default_option_id":"","thumbnail_id":"","thumbnail_src":"","quantity_min":1,"quantity_max":1,"priced_individually":true,"shipped_individually":false,"optional":false,"discount":"","options_style":"dropdowns","pagination_style":"classic","display_prices":"relative","show_sorting_options":false,"show_filtering_options":false,"attribute_filter_ids":[],"select_action":"view","product_title_visible":true,"product_descr_visible":false,"product_price_visible":false,"product_thumb_visible":false,"subtotal_visible_product":false,"subtotal_visible_cart":false,"subtotal_visible_orders":false},{"id":"1768507305","title":"WiFi und Bluetooth","description":"","query_type":"product_ids","query_ids":[2240833,2240827],"default_option_id":"","thumbnail_id":"","thumbnail_src":"","quantity_min":1,"quantity_max":1,"priced_individually":true,"shipped_individually":false,"optional":false,"discount":"","options_style":"dropdowns","pagination_style":"classic","display_prices":"relative","show_sorting_options":false,"show_filtering_options":false,"attribute_filter_ids":[],"select_action":"view","product_title_visible":true,"product_descr_visible":false,"product_price_visible":false,"product_thumb_visible":false,"subtotal_visible_product":false,"subtotal_visible_cart":false,"subtotal_visible_orders":false},{"id":"1768507306","title":"Erweiterungsplatine","description":"","query_type":"product_ids","query_ids":[2248363],"default_option_id":"","thumbnail_id":"","thumbnail_src":"","quantity_min":1,"quantity_max":1,"priced_individually":true,"shipped_individually":false,"optional":false,"discount":"","options_style":"dropdowns","pagination_style":"classic","display_prices":"relative","show_sorting_options":false,"show_filtering_options":false,"attribute_filter_ids":[],"select_action":"view","product_title_visible":true,"product_descr_visible":false,"product_price_visible":false,"product_thumb_visible":false,"subtotal_visible_product":false,"subtotal_visible_cart":false,"subtotal_visible_orders":false},{"id":"1768507307","title":"I\/O-Erweiterung","description":"","query_type":"product_ids","query_ids":[2248364],"default_option_id":"","thumbnail_id":"","thumbnail_src":"","quantity_min":1,"quantity_max":1,"priced_individually":true,"shipped_individually":false,"optional":false,"discount":"","options_style":"dropdowns","pagination_style":"classic","display_prices":"relative","show_sorting_options":false,"show_filtering_options":false,"attribute_filter_ids":[],"select_action":"view","product_title_visible":true,"product_descr_visible":false,"product_price_visible":false,"product_thumb_visible":false,"subtotal_visible_product":false,"subtotal_visible_cart":false,"subtotal_visible_orders":false},{"id":"1768507308","title":"Stromversorgung","description":"","query_type":"product_ids","query_ids":[2248365,2240767,2248366],"default_option_id":"","thumbnail_id":"","thumbnail_src":"","quantity_min":1,"quantity_max":1,"priced_individually":true,"shipped_individually":false,"optional":false,"discount":"","options_style":"dropdowns","pagination_style":"classic","display_prices":"relative","show_sorting_options":false,"show_filtering_options":false,"attribute_filter_ids":[],"select_action":"view","product_title_visible":true,"product_descr_visible":false,"product_price_visible":false,"product_thumb_visible":false,"subtotal_visible_product":false,"subtotal_visible_cart":false,"subtotal_visible_orders":false},{"id":"1768507309","title":"Betriebssystem","description":"","query_type":"product_ids","query_ids":[2240737,2240736,2242808,2240733],"default_option_id":"","thumbnail_id":"","thumbnail_src":"","quantity_min":1,"quantity_max":1,"priced_individually":false,"shipped_individually":false,"optional":false,"discount":"","options_style":"dropdowns","pagination_style":"classic","display_prices":"absolute","show_sorting_options":false,"show_filtering_options":false,"attribute_filter_ids":[],"select_action":"view","product_title_visible":true,"product_descr_visible":false,"product_price_visible":false,"product_thumb_visible":false,"subtotal_visible_product":false,"subtotal_visible_cart":false,"subtotal_visible_orders":false}],"composite_scenarios":[{"id":"1768507408","name":"power supply","description":"","configuration":[{"component_id":"1768507306","options_modifier":"in","component_options":[2248363]}],"actions":[{"action_id":"compat_group","is_active":false},{"action_id":"conditional_components","is_active":false,"hidden_components":[]},{"action_id":"conditional_options","is_active":true,"hidden_options":[{"component_id":"1768507308","component_options":[2243982],"options_modifier":"in"}]}],"enabled":true}],"acf":[],"yoast_head":"<!-- This site is optimized with the Yoast SEO Premium plugin v26.8 (Yoast SEO v27.2) - https:\/\/yoast.com\/product\/yoast-seo-premium-wordpress\/ -->\n<title>Kompakter Core Ultra PC mit 8 USB | Optio TB-7293<\/title>\n<meta name=\"description\" content=\"Die I\/O-reiche Optio TB-7293 optimiert die Nutzung von Peripherieger\u00e4ten, um sowohl im Herzen Ihrer Systeme als auch am Rande mit einer passiv gek\u00fchlten Core Ultra CPU zu gl\u00e4nzen.\" \/>\n<meta name=\"robots\" content=\"index, follow, max-snippet:-1, max-image-preview:large, max-video-preview:-1\" \/>\n<link rel=\"canonical\" href=\"https:\/\/teguar.com\/eu\/de\/product\/tb-7293\/\" \/>\n<meta property=\"og:locale\" content=\"de_DE\" \/>\n<meta property=\"og:type\" content=\"article\" \/>\n<meta property=\"og:title\" content=\"Optio TB-7293\" \/>\n<meta property=\"og:description\" content=\"Die I\/O-reiche Optio TB-7293 optimiert die Nutzung von Peripherieger\u00e4ten, um sowohl im Herzen Ihrer Systeme als auch am Rande mit einer passiv gek\u00fchlten Core Ultra CPU zu gl\u00e4nzen.\" \/>\n<meta property=\"og:url\" content=\"https:\/\/teguar.com\/eu\/de\/product\/tb-7293\/\" \/>\n<meta property=\"og:site_name\" content=\"Teguar\" \/>\n<meta property=\"article:modified_time\" content=\"2026-03-27T18:35:19+00:00\" \/>\n<meta property=\"og:image\" content=\"https:\/\/teguar.com\/eu\/wp-content\/uploads\/sites\/2\/2026\/01\/Optio-TB-7293-Front-Angle.png\" \/>\n\t<meta property=\"og:image:width\" content=\"1100\" \/>\n\t<meta property=\"og:image:height\" content=\"1100\" \/>\n\t<meta property=\"og:image:type\" content=\"image\/png\" \/>\n<meta name=\"twitter:card\" content=\"summary_large_image\" \/>\n<meta name=\"twitter:label1\" content=\"Gesch\u00e4tzte Lesezeit\" \/>\n\t<meta name=\"twitter:data1\" content=\"1\u00a0Minute\" \/>\n<script type=\"application\/ld+json\" class=\"yoast-schema-graph\">{\"@context\":\"https:\/\/schema.org\",\"@graph\":[{\"@type\":\"WebPage\",\"@id\":\"https:\/\/teguar.com\/eu\/de\/product\/tb-7293\/\",\"url\":\"https:\/\/teguar.com\/eu\/de\/product\/tb-7293\/\",\"name\":\"Kompakter Core Ultra PC mit 8 USB | Optio TB-7293\",\"isPartOf\":{\"@id\":\"https:\/\/teguar.com\/eu\/en\/#website\"},\"primaryImageOfPage\":{\"@id\":\"https:\/\/teguar.com\/eu\/de\/product\/tb-7293\/#primaryimage\"},\"image\":{\"@id\":\"https:\/\/teguar.com\/eu\/de\/product\/tb-7293\/#primaryimage\"},\"thumbnailUrl\":\"https:\/\/teguar.com\/eu\/wp-content\/uploads\/sites\/2\/2026\/01\/Optio-TB-7293-Front-Angle.png\",\"datePublished\":\"2025-11-24T14:38:12+00:00\",\"dateModified\":\"2026-03-27T18:35:19+00:00\",\"description\":\"Die I\/O-reiche Optio TB-7293 optimiert die Nutzung von Peripherieger\u00e4ten, um sowohl im Herzen Ihrer Systeme als auch am Rande mit einer passiv gek\u00fchlten Core Ultra CPU zu gl\u00e4nzen.\",\"breadcrumb\":{\"@id\":\"https:\/\/teguar.com\/eu\/de\/product\/tb-7293\/#breadcrumb\"},\"inLanguage\":\"de\",\"potentialAction\":[{\"@type\":\"ReadAction\",\"target\":[\"https:\/\/teguar.com\/eu\/de\/product\/tb-7293\/\"]}]},{\"@type\":\"ImageObject\",\"inLanguage\":\"de\",\"@id\":\"https:\/\/teguar.com\/eu\/de\/product\/tb-7293\/#primaryimage\",\"url\":\"https:\/\/teguar.com\/eu\/wp-content\/uploads\/sites\/2\/2026\/01\/Optio-TB-7293-Front-Angle.png\",\"contentUrl\":\"https:\/\/teguar.com\/eu\/wp-content\/uploads\/sites\/2\/2026\/01\/Optio-TB-7293-Front-Angle.png\",\"width\":1100,\"height\":1100,\"caption\":\"Optio-TB-7293-Front-Angle\"},{\"@type\":\"BreadcrumbList\",\"@id\":\"https:\/\/teguar.com\/eu\/de\/product\/tb-7293\/#breadcrumb\",\"itemListElement\":[{\"@type\":\"ListItem\",\"position\":1,\"name\":\"Home\",\"item\":\"https:\/\/teguar.com\/eu\/de\/\"},{\"@type\":\"ListItem\",\"position\":2,\"name\":\"Optio TB-7293\"}]},{\"@type\":\"WebSite\",\"@id\":\"https:\/\/teguar.com\/eu\/en\/#website\",\"url\":\"https:\/\/teguar.com\/eu\/en\/\",\"name\":\"Teguar\",\"description\":\"Industrial PCs, Medical Computers, and Rugged Tablets\",\"potentialAction\":[{\"@type\":\"SearchAction\",\"target\":{\"@type\":\"EntryPoint\",\"urlTemplate\":\"https:\/\/teguar.com\/eu\/en\/?s={search_term_string}\"},\"query-input\":{\"@type\":\"PropertyValueSpecification\",\"valueRequired\":true,\"valueName\":\"search_term_string\"}}],\"inLanguage\":\"de\"}]}<\/script>\n<!-- \/ Yoast SEO Premium plugin. -->","yoast_head_json":{"title":"Kompakter Core Ultra PC mit 8 USB | Optio TB-7293","description":"Die I\/O-reiche Optio TB-7293 optimiert die Nutzung von Peripherieger\u00e4ten, um sowohl im Herzen Ihrer Systeme als auch am Rande mit einer passiv gek\u00fchlten Core Ultra CPU zu gl\u00e4nzen.","robots":{"index":"index","follow":"follow","max-snippet":"max-snippet:-1","max-image-preview":"max-image-preview:large","max-video-preview":"max-video-preview:-1"},"canonical":"https:\/\/teguar.com\/eu\/de\/product\/tb-7293\/","og_locale":"de_DE","og_type":"article","og_title":"Optio TB-7293","og_description":"Die I\/O-reiche Optio TB-7293 optimiert die Nutzung von Peripherieger\u00e4ten, um sowohl im Herzen Ihrer Systeme als auch am Rande mit einer passiv gek\u00fchlten Core Ultra CPU zu gl\u00e4nzen.","og_url":"https:\/\/teguar.com\/eu\/de\/product\/tb-7293\/","og_site_name":"Teguar","article_modified_time":"2026-03-27T18:35:19+00:00","og_image":[{"width":1100,"height":1100,"url":"https:\/\/teguar.com\/eu\/wp-content\/uploads\/sites\/2\/2026\/01\/Optio-TB-7293-Front-Angle.png","type":"image\/png"}],"twitter_card":"summary_large_image","twitter_misc":{"Gesch\u00e4tzte Lesezeit":"1\u00a0Minute"},"schema":{"@context":"https:\/\/schema.org","@graph":[{"@type":"WebPage","@id":"https:\/\/teguar.com\/eu\/de\/product\/tb-7293\/","url":"https:\/\/teguar.com\/eu\/de\/product\/tb-7293\/","name":"Kompakter Core Ultra PC mit 8 USB | Optio TB-7293","isPartOf":{"@id":"https:\/\/teguar.com\/eu\/en\/#website"},"primaryImageOfPage":{"@id":"https:\/\/teguar.com\/eu\/de\/product\/tb-7293\/#primaryimage"},"image":{"@id":"https:\/\/teguar.com\/eu\/de\/product\/tb-7293\/#primaryimage"},"thumbnailUrl":"https:\/\/teguar.com\/eu\/wp-content\/uploads\/sites\/2\/2026\/01\/Optio-TB-7293-Front-Angle.png","datePublished":"2025-11-24T14:38:12+00:00","dateModified":"2026-03-27T18:35:19+00:00","description":"Die I\/O-reiche Optio TB-7293 optimiert die Nutzung von Peripherieger\u00e4ten, um sowohl im Herzen Ihrer Systeme als auch am Rande mit einer passiv gek\u00fchlten Core Ultra CPU zu gl\u00e4nzen.","breadcrumb":{"@id":"https:\/\/teguar.com\/eu\/de\/product\/tb-7293\/#breadcrumb"},"inLanguage":"de","potentialAction":[{"@type":"ReadAction","target":["https:\/\/teguar.com\/eu\/de\/product\/tb-7293\/"]}]},{"@type":"ImageObject","inLanguage":"de","@id":"https:\/\/teguar.com\/eu\/de\/product\/tb-7293\/#primaryimage","url":"https:\/\/teguar.com\/eu\/wp-content\/uploads\/sites\/2\/2026\/01\/Optio-TB-7293-Front-Angle.png","contentUrl":"https:\/\/teguar.com\/eu\/wp-content\/uploads\/sites\/2\/2026\/01\/Optio-TB-7293-Front-Angle.png","width":1100,"height":1100,"caption":"Optio-TB-7293-Front-Angle"},{"@type":"BreadcrumbList","@id":"https:\/\/teguar.com\/eu\/de\/product\/tb-7293\/#breadcrumb","itemListElement":[{"@type":"ListItem","position":1,"name":"Home","item":"https:\/\/teguar.com\/eu\/de\/"},{"@type":"ListItem","position":2,"name":"Optio TB-7293"}]},{"@type":"WebSite","@id":"https:\/\/teguar.com\/eu\/en\/#website","url":"https:\/\/teguar.com\/eu\/en\/","name":"Teguar","description":"Industrial PCs, Medical Computers, and Rugged Tablets","potentialAction":[{"@type":"SearchAction","target":{"@type":"EntryPoint","urlTemplate":"https:\/\/teguar.com\/eu\/en\/?s={search_term_string}"},"query-input":{"@type":"PropertyValueSpecification","valueRequired":true,"valueName":"search_term_string"}}],"inLanguage":"de"}]}},"_links":{"self":[{"href":"https:\/\/teguar.com\/eu\/de\/wp-json\/wp\/v2\/product\/2248490","targetHints":{"allow":["GET"]}}],"collection":[{"href":"https:\/\/teguar.com\/eu\/de\/wp-json\/wp\/v2\/product"}],"about":[{"href":"https:\/\/teguar.com\/eu\/de\/wp-json\/wp\/v2\/types\/product"}],"wp:featuredmedia":[{"embeddable":true,"href":"https:\/\/teguar.com\/eu\/de\/wp-json\/wp\/v2\/media\/2248480"}],"wp:attachment":[{"href":"https:\/\/teguar.com\/eu\/de\/wp-json\/wp\/v2\/media?parent=2248490"}],"wp:term":[{"taxonomy":"product_brand","embeddable":true,"href":"https:\/\/teguar.com\/eu\/de\/wp-json\/wp\/v2\/product_brand?post=2248490"},{"taxonomy":"product_cat","embeddable":true,"href":"https:\/\/teguar.com\/eu\/de\/wp-json\/wp\/v2\/product_cat?post=2248490"},{"taxonomy":"product_tag","embeddable":true,"href":"https:\/\/teguar.com\/eu\/de\/wp-json\/wp\/v2\/product_tag?post=2248490"},{"taxonomy":"product_label","embeddable":true,"href":"https:\/\/teguar.com\/eu\/de\/wp-json\/wp\/v2\/product_label?post=2248490"}],"curies":[{"name":"wp","href":"https:\/\/api.w.org\/{rel}","templated":true}]}}