{"id":2247870,"date":"2025-12-04T16:02:41","date_gmt":"2025-12-04T16:02:41","guid":{"rendered":"https:\/\/teguar.com\/eu\/product\/tmt-6280-10s\/"},"modified":"2026-01-12T19:45:55","modified_gmt":"2026-01-12T19:45:55","slug":"tmt-6280-10s","status":"publish","type":"product","link":"https:\/\/teguar.com\/eu\/de\/product\/tmt-6280-10s\/","title":{"rendered":"TMT-6280-10S"},"content":{"rendered":"<p>Das TMT-6280-10S Medical Tablet ist ein schlankes, kosteng\u00fcnstiges, kompaktes Kraftpaket, das seinen Benutzer \u00fcberallhin begleitet. Dieses Tablet ist gegen Wasser, St\u00fcrze und elektrostatische Entladungen gesch\u00fctzt. Es ist IP67-zertifiziert, MIL-STD-810H-zertifiziert und verf\u00fcgt \u00fcber eine strapazierf\u00e4hige Handschlaufe f\u00fcr einfaches Tragen, so dass es vom Operationssaal bis zum Patientenbett eingesetzt werden kann. F\u00fcgen Sie den aktiven Stylus hinzu, um unterwegs Notizen zu machen, und docken Sie das Tablet \u00fcber USB-C an, um es mit 33 W schnell aufzuladen, wenn der langlebige Akku (7,4 Stunden) aufgeladen werden muss.<\/p>\n<p><em>Der TMT-6280-10S ist standardm\u00e4\u00dfig in Schwarz erh\u00e4ltlich, eine wei\u00dfe Option ist gegen eine Mindestbestellmenge verf\u00fcgbar.<\/em><\/p>\n","protected":false},"excerpt":{"rendered":"<p><a href=\"https:\/\/teguar.com\/healthcare-tablets\/\"><span data-contrast=\"none\">Gesundheitswesen<\/span><\/a><span data-contrast=\"none\"> &#8211; Vertrauen und Zuverl\u00e4ssigkeit &#8211; Das Deltos Medical Tablet ist leicht zu desinfizieren und entspricht der Schutzklasse IP67 sowie der Norm 60601. Es ist gegen elektrostatische Entladung gesch\u00fctzt und somit f\u00fcr die Verwendung mit oder in der N\u00e4he von medizinischen Ger\u00e4ten zugelassen. <\/span><\/p>\n<p><a href=\"https:\/\/teguar.com\/electronic-medical-records-computer\/\"><span data-contrast=\"none\">Patientendaten<\/span><\/a><span data-contrast=\"none\"> Visualisierung &#8211; Medizinische Bilderfassung &#8211; Erfassen Sie Bilder mit der vorderen und hinteren Kamera und markieren oder erfassen Sie Informationen mit dem aktiven Stift f\u00fcr eine dynamische Patientendokumentation im Operationssaal, in der Triagezentrale oder im Krankenwagen.<\/span><\/p>\n<p><a href=\"https:\/\/teguar.com\/pos-computer\/\"><span data-contrast=\"none\">Einzelhandel<\/span><\/a><span data-contrast=\"none\"> &#8211; Schlanker Point of Sale &#8211; Das schlanke Tablet ist eine kompakte All-in-One-L\u00f6sung f\u00fcr mobile Arbeitspl\u00e4tze, Ausstellungsr\u00e4ume und kleine Theken und kann Zahlungen mit NFC entgegennehmen. Die schlanke Form, das geringe Gewicht und die lange Akkulaufzeit erm\u00f6glichen einen hohen Komfort und eine ganzt\u00e4gige Nutzung. <\/span><\/p>\n","protected":false},"featured_media":2247872,"template":"","meta":{"_acf_changed":false},"product_brand":[],"product_cat":[2836,2856],"product_tag":[],"product_label":[],"class_list":{"0":"post-2247870","1":"product","2":"type-product","3":"status-publish","4":"has-post-thumbnail","6":"product_cat-medizinische-tablets","7":"product_cat-wasserdichte-tablets","8":"pa_windows-windows-11-pro","10":"first","11":"instock","12":"taxable","13":"shipping-taxable","14":"product-type-simple"},"composite_virtual":false,"composite_layout":"","composite_add_to_cart_form_location":"","composite_editable_in_cart":false,"composite_sold_individually_context":"","composite_shop_price_calc":"","composite_components":[],"composite_scenarios":[],"acf":[],"yoast_head":"<!-- This site is optimized with the Yoast SEO Premium plugin v26.8 (Yoast SEO v27.2) - https:\/\/yoast.com\/product\/yoast-seo-premium-wordpress\/ -->\n<title>Schlankes medizinisches Tablet mit Schnellladefunktion | TMT-6280-10S<\/title>\n<meta name=\"description\" content=\"Der TMT-6280-10S ist 60601-konform und gegen elektrostatische Entladungen gesch\u00fctzt. Er kann sicher in medizinische Systeme vom Operationssaal bis zum Patientenbett integriert werden.\" \/>\n<meta name=\"robots\" content=\"index, follow, max-snippet:-1, max-image-preview:large, max-video-preview:-1\" \/>\n<link rel=\"canonical\" href=\"https:\/\/teguar.com\/eu\/de\/product\/tmt-6280-10s\/\" \/>\n<meta property=\"og:locale\" content=\"de_DE\" \/>\n<meta property=\"og:type\" content=\"article\" \/>\n<meta property=\"og:title\" content=\"TMT-6280-10S\" \/>\n<meta property=\"og:description\" content=\"Der TMT-6280-10S ist 60601-konform und gegen elektrostatische Entladungen gesch\u00fctzt. Er kann sicher in medizinische Systeme vom Operationssaal bis zum Patientenbett integriert werden.\" \/>\n<meta property=\"og:url\" content=\"https:\/\/teguar.com\/eu\/de\/product\/tmt-6280-10s\/\" \/>\n<meta property=\"og:site_name\" content=\"Teguar\" \/>\n<meta property=\"article:modified_time\" content=\"2026-01-12T19:45:55+00:00\" \/>\n<meta property=\"og:image\" content=\"https:\/\/teguar.com\/eu\/wp-content\/uploads\/sites\/2\/2025\/12\/Deltos-TRT-6280-10S-White.jpg\" \/>\n\t<meta property=\"og:image:width\" content=\"1000\" \/>\n\t<meta property=\"og:image:height\" content=\"1000\" \/>\n\t<meta property=\"og:image:type\" content=\"image\/jpeg\" \/>\n<meta name=\"twitter:card\" content=\"summary_large_image\" \/>\n<meta name=\"twitter:label1\" content=\"Gesch\u00e4tzte Lesezeit\" \/>\n\t<meta name=\"twitter:data1\" content=\"1\u00a0Minute\" \/>\n<script type=\"application\/ld+json\" class=\"yoast-schema-graph\">{\"@context\":\"https:\/\/schema.org\",\"@graph\":[{\"@type\":\"WebPage\",\"@id\":\"https:\/\/teguar.com\/eu\/de\/product\/tmt-6280-10s\/\",\"url\":\"https:\/\/teguar.com\/eu\/de\/product\/tmt-6280-10s\/\",\"name\":\"Schlankes medizinisches Tablet mit Schnellladefunktion | TMT-6280-10S\",\"isPartOf\":{\"@id\":\"https:\/\/teguar.com\/eu\/en\/#website\"},\"primaryImageOfPage\":{\"@id\":\"https:\/\/teguar.com\/eu\/de\/product\/tmt-6280-10s\/#primaryimage\"},\"image\":{\"@id\":\"https:\/\/teguar.com\/eu\/de\/product\/tmt-6280-10s\/#primaryimage\"},\"thumbnailUrl\":\"https:\/\/teguar.com\/eu\/wp-content\/uploads\/sites\/2\/2025\/12\/Deltos-TRT-6280-10S-White.jpg\",\"datePublished\":\"2025-12-04T16:02:41+00:00\",\"dateModified\":\"2026-01-12T19:45:55+00:00\",\"description\":\"Der TMT-6280-10S ist 60601-konform und gegen elektrostatische Entladungen gesch\u00fctzt. Er kann sicher in medizinische Systeme vom Operationssaal bis zum Patientenbett integriert werden.\",\"breadcrumb\":{\"@id\":\"https:\/\/teguar.com\/eu\/de\/product\/tmt-6280-10s\/#breadcrumb\"},\"inLanguage\":\"de\",\"potentialAction\":[{\"@type\":\"ReadAction\",\"target\":[\"https:\/\/teguar.com\/eu\/de\/product\/tmt-6280-10s\/\"]}]},{\"@type\":\"ImageObject\",\"inLanguage\":\"de\",\"@id\":\"https:\/\/teguar.com\/eu\/de\/product\/tmt-6280-10s\/#primaryimage\",\"url\":\"https:\/\/teguar.com\/eu\/wp-content\/uploads\/sites\/2\/2025\/12\/Deltos-TRT-6280-10S-White.jpg\",\"contentUrl\":\"https:\/\/teguar.com\/eu\/wp-content\/uploads\/sites\/2\/2025\/12\/Deltos-TRT-6280-10S-White.jpg\",\"width\":1000,\"height\":1000,\"caption\":\"Deltos TRT-6280-10S White\"},{\"@type\":\"BreadcrumbList\",\"@id\":\"https:\/\/teguar.com\/eu\/de\/product\/tmt-6280-10s\/#breadcrumb\",\"itemListElement\":[{\"@type\":\"ListItem\",\"position\":1,\"name\":\"Home\",\"item\":\"https:\/\/teguar.com\/eu\/de\/\"},{\"@type\":\"ListItem\",\"position\":2,\"name\":\"TMT-6280-10S\"}]},{\"@type\":\"WebSite\",\"@id\":\"https:\/\/teguar.com\/eu\/en\/#website\",\"url\":\"https:\/\/teguar.com\/eu\/en\/\",\"name\":\"Teguar\",\"description\":\"Industrial PCs, Medical Computers, and Rugged Tablets\",\"potentialAction\":[{\"@type\":\"SearchAction\",\"target\":{\"@type\":\"EntryPoint\",\"urlTemplate\":\"https:\/\/teguar.com\/eu\/en\/?s={search_term_string}\"},\"query-input\":{\"@type\":\"PropertyValueSpecification\",\"valueRequired\":true,\"valueName\":\"search_term_string\"}}],\"inLanguage\":\"de\"}]}<\/script>\n<!-- \/ Yoast SEO Premium plugin. -->","yoast_head_json":{"title":"Schlankes medizinisches Tablet mit Schnellladefunktion | TMT-6280-10S","description":"Der TMT-6280-10S ist 60601-konform und gegen elektrostatische Entladungen gesch\u00fctzt. Er kann sicher in medizinische Systeme vom Operationssaal bis zum Patientenbett integriert werden.","robots":{"index":"index","follow":"follow","max-snippet":"max-snippet:-1","max-image-preview":"max-image-preview:large","max-video-preview":"max-video-preview:-1"},"canonical":"https:\/\/teguar.com\/eu\/de\/product\/tmt-6280-10s\/","og_locale":"de_DE","og_type":"article","og_title":"TMT-6280-10S","og_description":"Der TMT-6280-10S ist 60601-konform und gegen elektrostatische Entladungen gesch\u00fctzt. Er kann sicher in medizinische Systeme vom Operationssaal bis zum Patientenbett integriert werden.","og_url":"https:\/\/teguar.com\/eu\/de\/product\/tmt-6280-10s\/","og_site_name":"Teguar","article_modified_time":"2026-01-12T19:45:55+00:00","og_image":[{"width":1000,"height":1000,"url":"https:\/\/teguar.com\/eu\/wp-content\/uploads\/sites\/2\/2025\/12\/Deltos-TRT-6280-10S-White.jpg","type":"image\/jpeg"}],"twitter_card":"summary_large_image","twitter_misc":{"Gesch\u00e4tzte Lesezeit":"1\u00a0Minute"},"schema":{"@context":"https:\/\/schema.org","@graph":[{"@type":"WebPage","@id":"https:\/\/teguar.com\/eu\/de\/product\/tmt-6280-10s\/","url":"https:\/\/teguar.com\/eu\/de\/product\/tmt-6280-10s\/","name":"Schlankes medizinisches Tablet mit Schnellladefunktion | TMT-6280-10S","isPartOf":{"@id":"https:\/\/teguar.com\/eu\/en\/#website"},"primaryImageOfPage":{"@id":"https:\/\/teguar.com\/eu\/de\/product\/tmt-6280-10s\/#primaryimage"},"image":{"@id":"https:\/\/teguar.com\/eu\/de\/product\/tmt-6280-10s\/#primaryimage"},"thumbnailUrl":"https:\/\/teguar.com\/eu\/wp-content\/uploads\/sites\/2\/2025\/12\/Deltos-TRT-6280-10S-White.jpg","datePublished":"2025-12-04T16:02:41+00:00","dateModified":"2026-01-12T19:45:55+00:00","description":"Der TMT-6280-10S ist 60601-konform und gegen elektrostatische Entladungen gesch\u00fctzt. Er kann sicher in medizinische Systeme vom Operationssaal bis zum Patientenbett integriert werden.","breadcrumb":{"@id":"https:\/\/teguar.com\/eu\/de\/product\/tmt-6280-10s\/#breadcrumb"},"inLanguage":"de","potentialAction":[{"@type":"ReadAction","target":["https:\/\/teguar.com\/eu\/de\/product\/tmt-6280-10s\/"]}]},{"@type":"ImageObject","inLanguage":"de","@id":"https:\/\/teguar.com\/eu\/de\/product\/tmt-6280-10s\/#primaryimage","url":"https:\/\/teguar.com\/eu\/wp-content\/uploads\/sites\/2\/2025\/12\/Deltos-TRT-6280-10S-White.jpg","contentUrl":"https:\/\/teguar.com\/eu\/wp-content\/uploads\/sites\/2\/2025\/12\/Deltos-TRT-6280-10S-White.jpg","width":1000,"height":1000,"caption":"Deltos TRT-6280-10S White"},{"@type":"BreadcrumbList","@id":"https:\/\/teguar.com\/eu\/de\/product\/tmt-6280-10s\/#breadcrumb","itemListElement":[{"@type":"ListItem","position":1,"name":"Home","item":"https:\/\/teguar.com\/eu\/de\/"},{"@type":"ListItem","position":2,"name":"TMT-6280-10S"}]},{"@type":"WebSite","@id":"https:\/\/teguar.com\/eu\/en\/#website","url":"https:\/\/teguar.com\/eu\/en\/","name":"Teguar","description":"Industrial PCs, Medical Computers, and Rugged Tablets","potentialAction":[{"@type":"SearchAction","target":{"@type":"EntryPoint","urlTemplate":"https:\/\/teguar.com\/eu\/en\/?s={search_term_string}"},"query-input":{"@type":"PropertyValueSpecification","valueRequired":true,"valueName":"search_term_string"}}],"inLanguage":"de"}]}},"_links":{"self":[{"href":"https:\/\/teguar.com\/eu\/de\/wp-json\/wp\/v2\/product\/2247870","targetHints":{"allow":["GET"]}}],"collection":[{"href":"https:\/\/teguar.com\/eu\/de\/wp-json\/wp\/v2\/product"}],"about":[{"href":"https:\/\/teguar.com\/eu\/de\/wp-json\/wp\/v2\/types\/product"}],"wp:featuredmedia":[{"embeddable":true,"href":"https:\/\/teguar.com\/eu\/de\/wp-json\/wp\/v2\/media\/2247872"}],"wp:attachment":[{"href":"https:\/\/teguar.com\/eu\/de\/wp-json\/wp\/v2\/media?parent=2247870"}],"wp:term":[{"taxonomy":"product_brand","embeddable":true,"href":"https:\/\/teguar.com\/eu\/de\/wp-json\/wp\/v2\/product_brand?post=2247870"},{"taxonomy":"product_cat","embeddable":true,"href":"https:\/\/teguar.com\/eu\/de\/wp-json\/wp\/v2\/product_cat?post=2247870"},{"taxonomy":"product_tag","embeddable":true,"href":"https:\/\/teguar.com\/eu\/de\/wp-json\/wp\/v2\/product_tag?post=2247870"},{"taxonomy":"product_label","embeddable":true,"href":"https:\/\/teguar.com\/eu\/de\/wp-json\/wp\/v2\/product_label?post=2247870"}],"curies":[{"name":"wp","href":"https:\/\/api.w.org\/{rel}","templated":true}]}}