{"id":2247869,"date":"2025-12-04T16:01:40","date_gmt":"2025-12-04T16:01:40","guid":{"rendered":"https:\/\/teguar.com\/eu\/product\/trt-6280-10s\/"},"modified":"2026-01-29T20:32:19","modified_gmt":"2026-01-29T20:32:19","slug":"trt-6280-10s","status":"publish","type":"product","link":"https:\/\/teguar.com\/eu\/de\/product\/trt-6280-10s\/","title":{"rendered":"TRT-6280-10S"},"content":{"rendered":"<p>Das TRT-6280-10S Tablet ist ein schlankes, kosteng\u00fcnstiges, kompaktes Kraftpaket, das seinen Benutzer \u00fcberallhin begleitet. Dieses Tablet ist gegen Staub, Wasser, St\u00fcrze und elektrostatische Entladungen gesch\u00fctzt. Es erf\u00fcllt die Anforderungen der Schutzklasse IP67, ist MIL-STD-810H-zertifiziert und verf\u00fcgt \u00fcber eine strapazierf\u00e4hige Handschlaufe zum einfachen Tragen. F\u00fcgen Sie den 2D-Scanner oder den aktiven Stift f\u00fcr den Einsatz im Lager hinzu und docken Sie es \u00fcber USB-C an, um es mit 33 W schnell aufzuladen, wenn der langlebige Akku (7,4 Stunden) aufgeladen werden muss.<\/p>\n","protected":false},"excerpt":{"rendered":"<p><a href=\"https:\/\/teguar.com\/field-services-tablet\/\"><span data-contrast=\"none\">Au\u00dfendienst<\/span><\/a><span data-contrast=\"none\"> und Wartung &#8211; Robust im Freien &#8211; Die staubgesch\u00fctzte <\/span><span data-contrast=\"auto\">IP67-Einstufung, die sturzsichere MIL-STD-810H-Zertifizierung, das helle Display und die Kompatibilit\u00e4t mit dem aktiven Stift 702 machen Deltos zu einer robusten, vielseitigen und gut lesbaren tragbaren L\u00f6sung f\u00fcr Wartungsarbeiten im Au\u00dfenbereich.<\/span><\/p>\n<p><a href=\"https:\/\/teguar.com\/warehouse-management-computer\/\"><span data-contrast=\"none\">Lagerhaus<\/span><\/a><span data-contrast=\"none\"> Logistik &#8211; Handheld Computing &#8211; Deltos ist mit einem 2D-Scanner, NFC-Leser, Wi-Fi und einer Lederhandschlaufe ausgestattet und damit der perfekte Assistent f\u00fcr die Lagerverwaltung. Seine schlanke Form, sein geringes Gewicht und seine lange Akkulaufzeit sorgen f\u00fcr hohen Komfort und ganzt\u00e4gigen Einsatz. <\/span><\/p>\n<p><a href=\"https:\/\/teguar.com\/pos-computer\/\"><span data-contrast=\"none\">Einzelhandel<\/span><\/a><span data-contrast=\"none\"> &#8211; Schlanker Point of Sale &#8211; Das schlanke Tablet ist eine leichte All-in-One-L\u00f6sung mit geringer Stellfl\u00e4che f\u00fcr Popup-Shops, Ausstellungsr\u00e4ume und kleine Theken. Nehmen Sie Zahlungen mit NFC entgegen und machen Sie mit dem aktiven Stift Notizen mit Ihren Kunden. <\/span><\/p>\n","protected":false},"featured_media":2247874,"template":"","meta":{"_acf_changed":false},"product_brand":[],"product_cat":[2846,2856],"product_tag":[2635,3374],"product_label":[],"class_list":{"0":"post-2247869","1":"product","2":"type-product","3":"status-publish","4":"has-post-thumbnail","6":"product_cat-rugged-windows-tablets","7":"product_cat-wasserdichte-tablets","8":"product_tag-online-kaufen","9":"product_tag-schneller-versand-von-robusten-tablets","10":"pa_windows-windows-11-pro","12":"first","13":"instock","14":"taxable","15":"shipping-taxable","16":"purchasable","17":"product-type-composite"},"composite_virtual":false,"composite_layout":"single","composite_add_to_cart_form_location":"default","composite_editable_in_cart":false,"composite_sold_individually_context":"product","composite_shop_price_calc":"min_max","composite_components":[{"id":"1767707908","title":"2D Scanner","description":"","query_type":"product_ids","query_ids":[2248335,2248336],"default_option_id":"","thumbnail_id":"","thumbnail_src":"","quantity_min":1,"quantity_max":1,"priced_individually":true,"shipped_individually":false,"optional":false,"discount":"","options_style":"dropdowns","pagination_style":"classic","display_prices":"relative","show_sorting_options":false,"show_filtering_options":false,"attribute_filter_ids":[],"select_action":"view","product_title_visible":true,"product_descr_visible":false,"product_price_visible":false,"product_thumb_visible":false,"subtotal_visible_product":false,"subtotal_visible_cart":false,"subtotal_visible_orders":false},{"id":"1767707909","title":"Desktop Dock","description":"","query_type":"product_ids","query_ids":[2240706,2248337],"default_option_id":"","thumbnail_id":"","thumbnail_src":"","quantity_min":1,"quantity_max":1,"priced_individually":true,"shipped_individually":false,"optional":false,"discount":"","options_style":"dropdowns","pagination_style":"classic","display_prices":"relative","show_sorting_options":false,"show_filtering_options":false,"attribute_filter_ids":[],"select_action":"view","product_title_visible":true,"product_descr_visible":false,"product_price_visible":false,"product_thumb_visible":false,"subtotal_visible_product":false,"subtotal_visible_cart":false,"subtotal_visible_orders":false},{"id":"1767707910","title":"Stylus","description":"","query_type":"product_ids","query_ids":[2242845,2248338],"default_option_id":"","thumbnail_id":"","thumbnail_src":"","quantity_min":1,"quantity_max":1,"priced_individually":true,"shipped_individually":false,"optional":false,"discount":"","options_style":"dropdowns","pagination_style":"classic","display_prices":"relative","show_sorting_options":false,"show_filtering_options":false,"attribute_filter_ids":[],"select_action":"view","product_title_visible":true,"product_descr_visible":false,"product_price_visible":false,"product_thumb_visible":false,"subtotal_visible_product":false,"subtotal_visible_cart":false,"subtotal_visible_orders":false}],"composite_scenarios":[],"acf":[],"yoast_head":"<!-- This site is optimized with the Yoast SEO Premium plugin v26.8 (Yoast SEO v27.2) - https:\/\/yoast.com\/product\/yoast-seo-premium-wordpress\/ -->\n<title>Schlankes, robustes Tablet mit Schnellladefunktion | TRT-6280-10S<\/title>\n<meta name=\"description\" content=\"Der TRT-6280-10S ist ein schlankes, kosteng\u00fcnstiges, kompaktes Kraftpaket. Er ist robust gegen Staub, Wasser und St\u00f6\u00dfe und kann sowohl im Ausstellungsraum als auch im Lager eingesetzt werden.\" \/>\n<meta name=\"robots\" content=\"index, follow, max-snippet:-1, max-image-preview:large, max-video-preview:-1\" \/>\n<link rel=\"canonical\" href=\"https:\/\/teguar.com\/eu\/de\/product\/trt-6280-10s\/\" \/>\n<meta property=\"og:locale\" content=\"de_DE\" \/>\n<meta property=\"og:type\" content=\"article\" \/>\n<meta property=\"og:title\" content=\"TRT-6280-10S\" \/>\n<meta property=\"og:description\" content=\"Der TRT-6280-10S ist ein schlankes, kosteng\u00fcnstiges, kompaktes Kraftpaket. Er ist robust gegen Staub, Wasser und St\u00f6\u00dfe und kann sowohl im Ausstellungsraum als auch im Lager eingesetzt werden.\" \/>\n<meta property=\"og:url\" content=\"https:\/\/teguar.com\/eu\/de\/product\/trt-6280-10s\/\" \/>\n<meta property=\"og:site_name\" content=\"Teguar\" \/>\n<meta property=\"article:modified_time\" content=\"2026-01-29T20:32:19+00:00\" \/>\n<meta property=\"og:image\" content=\"https:\/\/teguar.com\/eu\/wp-content\/uploads\/sites\/2\/2025\/12\/Deltos-TRT-6280-10S.jpg\" \/>\n\t<meta property=\"og:image:width\" content=\"1000\" \/>\n\t<meta property=\"og:image:height\" content=\"1000\" \/>\n\t<meta property=\"og:image:type\" content=\"image\/jpeg\" \/>\n<meta name=\"twitter:card\" content=\"summary_large_image\" \/>\n<meta name=\"twitter:label1\" content=\"Gesch\u00e4tzte Lesezeit\" \/>\n\t<meta name=\"twitter:data1\" content=\"1\u00a0Minute\" \/>\n<script type=\"application\/ld+json\" class=\"yoast-schema-graph\">{\"@context\":\"https:\/\/schema.org\",\"@graph\":[{\"@type\":\"WebPage\",\"@id\":\"https:\/\/teguar.com\/eu\/de\/product\/trt-6280-10s\/\",\"url\":\"https:\/\/teguar.com\/eu\/de\/product\/trt-6280-10s\/\",\"name\":\"Schlankes, robustes Tablet mit Schnellladefunktion | TRT-6280-10S\",\"isPartOf\":{\"@id\":\"https:\/\/teguar.com\/eu\/en\/#website\"},\"primaryImageOfPage\":{\"@id\":\"https:\/\/teguar.com\/eu\/de\/product\/trt-6280-10s\/#primaryimage\"},\"image\":{\"@id\":\"https:\/\/teguar.com\/eu\/de\/product\/trt-6280-10s\/#primaryimage\"},\"thumbnailUrl\":\"https:\/\/teguar.com\/eu\/wp-content\/uploads\/sites\/2\/2025\/12\/Deltos-TRT-6280-10S.jpg\",\"datePublished\":\"2025-12-04T16:01:40+00:00\",\"dateModified\":\"2026-01-29T20:32:19+00:00\",\"description\":\"Der TRT-6280-10S ist ein schlankes, kosteng\u00fcnstiges, kompaktes Kraftpaket. Er ist robust gegen Staub, Wasser und St\u00f6\u00dfe und kann sowohl im Ausstellungsraum als auch im Lager eingesetzt werden.\",\"breadcrumb\":{\"@id\":\"https:\/\/teguar.com\/eu\/de\/product\/trt-6280-10s\/#breadcrumb\"},\"inLanguage\":\"de\",\"potentialAction\":[{\"@type\":\"ReadAction\",\"target\":[\"https:\/\/teguar.com\/eu\/de\/product\/trt-6280-10s\/\"]}]},{\"@type\":\"ImageObject\",\"inLanguage\":\"de\",\"@id\":\"https:\/\/teguar.com\/eu\/de\/product\/trt-6280-10s\/#primaryimage\",\"url\":\"https:\/\/teguar.com\/eu\/wp-content\/uploads\/sites\/2\/2025\/12\/Deltos-TRT-6280-10S.jpg\",\"contentUrl\":\"https:\/\/teguar.com\/eu\/wp-content\/uploads\/sites\/2\/2025\/12\/Deltos-TRT-6280-10S.jpg\",\"width\":1000,\"height\":1000,\"caption\":\"Deltos TRT-6280-10S\"},{\"@type\":\"BreadcrumbList\",\"@id\":\"https:\/\/teguar.com\/eu\/de\/product\/trt-6280-10s\/#breadcrumb\",\"itemListElement\":[{\"@type\":\"ListItem\",\"position\":1,\"name\":\"Home\",\"item\":\"https:\/\/teguar.com\/eu\/de\/\"},{\"@type\":\"ListItem\",\"position\":2,\"name\":\"TRT-6280-10S\"}]},{\"@type\":\"WebSite\",\"@id\":\"https:\/\/teguar.com\/eu\/en\/#website\",\"url\":\"https:\/\/teguar.com\/eu\/en\/\",\"name\":\"Teguar\",\"description\":\"Industrial PCs, Medical Computers, and Rugged Tablets\",\"potentialAction\":[{\"@type\":\"SearchAction\",\"target\":{\"@type\":\"EntryPoint\",\"urlTemplate\":\"https:\/\/teguar.com\/eu\/en\/?s={search_term_string}\"},\"query-input\":{\"@type\":\"PropertyValueSpecification\",\"valueRequired\":true,\"valueName\":\"search_term_string\"}}],\"inLanguage\":\"de\"}]}<\/script>\n<!-- \/ Yoast SEO Premium plugin. -->","yoast_head_json":{"title":"Schlankes, robustes Tablet mit Schnellladefunktion | TRT-6280-10S","description":"Der TRT-6280-10S ist ein schlankes, kosteng\u00fcnstiges, kompaktes Kraftpaket. Er ist robust gegen Staub, Wasser und St\u00f6\u00dfe und kann sowohl im Ausstellungsraum als auch im Lager eingesetzt werden.","robots":{"index":"index","follow":"follow","max-snippet":"max-snippet:-1","max-image-preview":"max-image-preview:large","max-video-preview":"max-video-preview:-1"},"canonical":"https:\/\/teguar.com\/eu\/de\/product\/trt-6280-10s\/","og_locale":"de_DE","og_type":"article","og_title":"TRT-6280-10S","og_description":"Der TRT-6280-10S ist ein schlankes, kosteng\u00fcnstiges, kompaktes Kraftpaket. Er ist robust gegen Staub, Wasser und St\u00f6\u00dfe und kann sowohl im Ausstellungsraum als auch im Lager eingesetzt werden.","og_url":"https:\/\/teguar.com\/eu\/de\/product\/trt-6280-10s\/","og_site_name":"Teguar","article_modified_time":"2026-01-29T20:32:19+00:00","og_image":[{"width":1000,"height":1000,"url":"https:\/\/teguar.com\/eu\/wp-content\/uploads\/sites\/2\/2025\/12\/Deltos-TRT-6280-10S.jpg","type":"image\/jpeg"}],"twitter_card":"summary_large_image","twitter_misc":{"Gesch\u00e4tzte Lesezeit":"1\u00a0Minute"},"schema":{"@context":"https:\/\/schema.org","@graph":[{"@type":"WebPage","@id":"https:\/\/teguar.com\/eu\/de\/product\/trt-6280-10s\/","url":"https:\/\/teguar.com\/eu\/de\/product\/trt-6280-10s\/","name":"Schlankes, robustes Tablet mit Schnellladefunktion | TRT-6280-10S","isPartOf":{"@id":"https:\/\/teguar.com\/eu\/en\/#website"},"primaryImageOfPage":{"@id":"https:\/\/teguar.com\/eu\/de\/product\/trt-6280-10s\/#primaryimage"},"image":{"@id":"https:\/\/teguar.com\/eu\/de\/product\/trt-6280-10s\/#primaryimage"},"thumbnailUrl":"https:\/\/teguar.com\/eu\/wp-content\/uploads\/sites\/2\/2025\/12\/Deltos-TRT-6280-10S.jpg","datePublished":"2025-12-04T16:01:40+00:00","dateModified":"2026-01-29T20:32:19+00:00","description":"Der TRT-6280-10S ist ein schlankes, kosteng\u00fcnstiges, kompaktes Kraftpaket. Er ist robust gegen Staub, Wasser und St\u00f6\u00dfe und kann sowohl im Ausstellungsraum als auch im Lager eingesetzt werden.","breadcrumb":{"@id":"https:\/\/teguar.com\/eu\/de\/product\/trt-6280-10s\/#breadcrumb"},"inLanguage":"de","potentialAction":[{"@type":"ReadAction","target":["https:\/\/teguar.com\/eu\/de\/product\/trt-6280-10s\/"]}]},{"@type":"ImageObject","inLanguage":"de","@id":"https:\/\/teguar.com\/eu\/de\/product\/trt-6280-10s\/#primaryimage","url":"https:\/\/teguar.com\/eu\/wp-content\/uploads\/sites\/2\/2025\/12\/Deltos-TRT-6280-10S.jpg","contentUrl":"https:\/\/teguar.com\/eu\/wp-content\/uploads\/sites\/2\/2025\/12\/Deltos-TRT-6280-10S.jpg","width":1000,"height":1000,"caption":"Deltos TRT-6280-10S"},{"@type":"BreadcrumbList","@id":"https:\/\/teguar.com\/eu\/de\/product\/trt-6280-10s\/#breadcrumb","itemListElement":[{"@type":"ListItem","position":1,"name":"Home","item":"https:\/\/teguar.com\/eu\/de\/"},{"@type":"ListItem","position":2,"name":"TRT-6280-10S"}]},{"@type":"WebSite","@id":"https:\/\/teguar.com\/eu\/en\/#website","url":"https:\/\/teguar.com\/eu\/en\/","name":"Teguar","description":"Industrial PCs, Medical Computers, and Rugged Tablets","potentialAction":[{"@type":"SearchAction","target":{"@type":"EntryPoint","urlTemplate":"https:\/\/teguar.com\/eu\/en\/?s={search_term_string}"},"query-input":{"@type":"PropertyValueSpecification","valueRequired":true,"valueName":"search_term_string"}}],"inLanguage":"de"}]}},"_links":{"self":[{"href":"https:\/\/teguar.com\/eu\/de\/wp-json\/wp\/v2\/product\/2247869","targetHints":{"allow":["GET"]}}],"collection":[{"href":"https:\/\/teguar.com\/eu\/de\/wp-json\/wp\/v2\/product"}],"about":[{"href":"https:\/\/teguar.com\/eu\/de\/wp-json\/wp\/v2\/types\/product"}],"wp:featuredmedia":[{"embeddable":true,"href":"https:\/\/teguar.com\/eu\/de\/wp-json\/wp\/v2\/media\/2247874"}],"wp:attachment":[{"href":"https:\/\/teguar.com\/eu\/de\/wp-json\/wp\/v2\/media?parent=2247869"}],"wp:term":[{"taxonomy":"product_brand","embeddable":true,"href":"https:\/\/teguar.com\/eu\/de\/wp-json\/wp\/v2\/product_brand?post=2247869"},{"taxonomy":"product_cat","embeddable":true,"href":"https:\/\/teguar.com\/eu\/de\/wp-json\/wp\/v2\/product_cat?post=2247869"},{"taxonomy":"product_tag","embeddable":true,"href":"https:\/\/teguar.com\/eu\/de\/wp-json\/wp\/v2\/product_tag?post=2247869"},{"taxonomy":"product_label","embeddable":true,"href":"https:\/\/teguar.com\/eu\/de\/wp-json\/wp\/v2\/product_label?post=2247869"}],"curies":[{"name":"wp","href":"https:\/\/api.w.org\/{rel}","templated":true}]}}