{"id":2247582,"date":"2025-10-10T02:37:10","date_gmt":"2025-10-10T02:37:10","guid":{"rendered":"https:\/\/teguar.com\/eu\/product\/prisma-tmt-7465-10\/"},"modified":"2025-11-17T16:58:50","modified_gmt":"2025-11-17T16:58:50","slug":"tmt-7465-10","status":"publish","type":"product","link":"https:\/\/teguar.com\/eu\/de\/product\/tmt-7465-10\/","title":{"rendered":"Prism TMT-7465-10"},"content":{"rendered":"<p><span data-contrast=\"auto\">Das Prism Healthcare Tablet ist die erste Wahl f\u00fcr medizinisches Fachpersonal, wenn es um hygienische B\u00fcroarbeit, EMR-Verwaltung und intelligente Bedienung in jeder Umgebung geht.<\/span><span data-ccp-props=\"{}\"> <\/span><\/p>\n<p><span data-contrast=\"auto\">Der TMT-7465-10 bietet eine hervorragende Darstellung auf einem hochaufl\u00f6senden 1080p PCAP-Touchscreen. Der 10-Zoll-Bildschirm verf\u00fcgt \u00fcber eine hohe Helligkeit von 800 nits, so dass er auch im Sonnenlicht oder bei hellem OP-Licht gut lesbar ist. Das antimikrobielle Geh\u00e4use, das mit einem Tragegriff ausgestattet ist, besteht aus einem Magnesiumgeh\u00e4use, das eine h\u00f6here Festigkeit bei geringerem Gewicht als Aluminium bietet. Dar\u00fcber hinaus erm\u00f6glicht der zug\u00e4ngliche Schacht auf der R\u00fcckseite des Healthcare Tablets ein Hot-Swapping des Akkus ohne Unterbrechung der Nutzung.   <\/span><span data-ccp-props=\"{}\"> <\/span><\/p>\n<p><span data-contrast=\"auto\">Mit seiner Benutzerfreundlichkeit, dem einfachen Transport und der einfachen Wartung l\u00e4sst Prism Sie die mobile Gesundheitsversorgung in einem ganz anderen Licht sehen.<\/span><\/p>\n","protected":false},"excerpt":{"rendered":"<p><a href=\"https:\/\/teguar.com\/general-medical\/\">Medizinische B\u00fcros<\/a>: Mit seinem antimikrobiellen, vollst\u00e4ndig wasserfesten Geh\u00e4use ist der TMT-7465-10 so gebaut, dass er immer wieder desinfiziert werden kann. Das macht ihn ideal f\u00fcr Empfangsmitarbeiter und Krankenschwestern, die ihn an Patienten weitergeben, um Informationen einzusehen, Formulare zu unterschreiben usw. <\/p>\n<p><a href=\"https:\/\/teguar.com\/electronic-medical-records-computer\/\">EMR-Verwaltung<\/a>: Das 10-Zoll-Tablet f\u00fcr das Gesundheitswesen bietet eine stabile Plattform f\u00fcr die Software, die zum Erstellen und Verwalten medizinischer Aufzeichnungen ben\u00f6tigt wird. Diese Aufzeichnungen m\u00fcssen am Ort der Behandlung, d.h. am Patientenbett, in der Notaufnahme oder im Operationssaal, leicht zug\u00e4nglich sein. <\/p>\n<p><a href=\"https:\/\/teguar.com\/point-of-care-computer\/\">Direkt am Ort des Geschehens<\/a>: Das Prism-Tablet ist leicht und einfach zu transportieren. Es kann mit Wi-Fi verbunden werden und erm\u00f6glicht eine patientenorientierte Versorgung \u00fcberall, vom Krankenhausbett bis zum Haus des Patienten. Windows 11 bietet eine benutzerfreundliche, nahtlose Interaktion in verschiedenen Umgebungen. <\/p>\n","protected":false},"featured_media":2247144,"template":"","meta":{"_acf_changed":false},"product_brand":[],"product_cat":[2836],"product_tag":[],"product_label":[],"class_list":{"0":"post-2247582","1":"product","2":"type-product","3":"status-publish","4":"has-post-thumbnail","6":"product_cat-medizinische-tablets","7":"pa_windows-windows-10-iot","8":"pa_windows-windows-10-pro","9":"pa_windows-windows-11-iot","10":"pa_windows-windows-11-pro","12":"first","13":"instock","14":"taxable","15":"shipping-taxable","16":"product-type-simple"},"composite_virtual":false,"composite_layout":"","composite_add_to_cart_form_location":"","composite_editable_in_cart":false,"composite_sold_individually_context":"","composite_shop_price_calc":"","composite_components":[],"composite_scenarios":[],"acf":[],"yoast_head":"<!-- This site is optimized with the Yoast SEO Premium plugin v26.8 (Yoast SEO v27.2) - https:\/\/yoast.com\/product\/yoast-seo-premium-wordpress\/ -->\n<title>10&quot; Core Ultra Tablet f\u00fcr das Gesundheitswesen | Prisma TMT-7465-10<\/title>\n<meta name=\"description\" content=\"Das 10&quot; Prism Healthcare Tablet ist dank seines Tragegriffs, des im laufenden Betrieb austauschbaren Akkus und des antimikrobiellen IP65-Geh\u00e4uses eine ideale mobile L\u00f6sung f\u00fcr Krankenh\u00e4user.\" \/>\n<meta name=\"robots\" content=\"index, follow, max-snippet:-1, max-image-preview:large, max-video-preview:-1\" \/>\n<link rel=\"canonical\" href=\"https:\/\/teguar.com\/eu\/de\/product\/tmt-7465-10\/\" \/>\n<meta property=\"og:locale\" content=\"de_DE\" \/>\n<meta property=\"og:type\" content=\"article\" \/>\n<meta property=\"og:title\" content=\"Prism TMT-7465-10\" \/>\n<meta property=\"og:description\" content=\"Das 10&quot; Prism Healthcare Tablet ist dank seines Tragegriffs, des im laufenden Betrieb austauschbaren Akkus und des antimikrobiellen IP65-Geh\u00e4uses eine ideale mobile L\u00f6sung f\u00fcr Krankenh\u00e4user.\" \/>\n<meta property=\"og:url\" content=\"https:\/\/teguar.com\/eu\/de\/product\/tmt-7465-10\/\" \/>\n<meta property=\"og:site_name\" content=\"Teguar\" \/>\n<meta property=\"article:modified_time\" content=\"2025-11-17T16:58:50+00:00\" \/>\n<meta property=\"og:image\" content=\"https:\/\/teguar.com\/eu\/wp-content\/uploads\/sites\/2\/2025\/02\/Prism_Healthcare_Tablet_TMT-7165-10_Flat_Front_w_Handle__81764.1738619819.1280.1280.jpg\" \/>\n\t<meta property=\"og:image:width\" content=\"1000\" \/>\n\t<meta property=\"og:image:height\" content=\"707\" \/>\n\t<meta property=\"og:image:type\" content=\"image\/jpeg\" \/>\n<meta name=\"twitter:card\" content=\"summary_large_image\" \/>\n<meta name=\"twitter:label1\" content=\"Gesch\u00e4tzte Lesezeit\" \/>\n\t<meta name=\"twitter:data1\" content=\"1\u00a0Minute\" \/>\n<script type=\"application\/ld+json\" class=\"yoast-schema-graph\">{\"@context\":\"https:\/\/schema.org\",\"@graph\":[{\"@type\":\"WebPage\",\"@id\":\"https:\/\/teguar.com\/eu\/de\/product\/tmt-7465-10\/\",\"url\":\"https:\/\/teguar.com\/eu\/de\/product\/tmt-7465-10\/\",\"name\":\"10\\\" Core Ultra Tablet f\u00fcr das Gesundheitswesen | Prisma TMT-7465-10\",\"isPartOf\":{\"@id\":\"https:\/\/teguar.com\/eu\/en\/#website\"},\"primaryImageOfPage\":{\"@id\":\"https:\/\/teguar.com\/eu\/de\/product\/tmt-7465-10\/#primaryimage\"},\"image\":{\"@id\":\"https:\/\/teguar.com\/eu\/de\/product\/tmt-7465-10\/#primaryimage\"},\"thumbnailUrl\":\"https:\/\/teguar.com\/eu\/wp-content\/uploads\/sites\/2\/2025\/02\/Prism_Healthcare_Tablet_TMT-7165-10_Flat_Front_w_Handle__81764.1738619819.1280.1280.jpg\",\"datePublished\":\"2025-10-10T02:37:10+00:00\",\"dateModified\":\"2025-11-17T16:58:50+00:00\",\"description\":\"Das 10\\\" Prism Healthcare Tablet ist dank seines Tragegriffs, des im laufenden Betrieb austauschbaren Akkus und des antimikrobiellen IP65-Geh\u00e4uses eine ideale mobile L\u00f6sung f\u00fcr Krankenh\u00e4user.\",\"breadcrumb\":{\"@id\":\"https:\/\/teguar.com\/eu\/de\/product\/tmt-7465-10\/#breadcrumb\"},\"inLanguage\":\"de\",\"potentialAction\":[{\"@type\":\"ReadAction\",\"target\":[\"https:\/\/teguar.com\/eu\/de\/product\/tmt-7465-10\/\"]}]},{\"@type\":\"ImageObject\",\"inLanguage\":\"de\",\"@id\":\"https:\/\/teguar.com\/eu\/de\/product\/tmt-7465-10\/#primaryimage\",\"url\":\"https:\/\/teguar.com\/eu\/wp-content\/uploads\/sites\/2\/2025\/02\/Prism_Healthcare_Tablet_TMT-7165-10_Flat_Front_w_Handle__81764.1738619819.1280.1280.jpg\",\"contentUrl\":\"https:\/\/teguar.com\/eu\/wp-content\/uploads\/sites\/2\/2025\/02\/Prism_Healthcare_Tablet_TMT-7165-10_Flat_Front_w_Handle__81764.1738619819.1280.1280.jpg\",\"width\":1000,\"height\":707},{\"@type\":\"BreadcrumbList\",\"@id\":\"https:\/\/teguar.com\/eu\/de\/product\/tmt-7465-10\/#breadcrumb\",\"itemListElement\":[{\"@type\":\"ListItem\",\"position\":1,\"name\":\"Home\",\"item\":\"https:\/\/teguar.com\/eu\/de\/\"},{\"@type\":\"ListItem\",\"position\":2,\"name\":\"Prism TMT-7465-10\"}]},{\"@type\":\"WebSite\",\"@id\":\"https:\/\/teguar.com\/eu\/en\/#website\",\"url\":\"https:\/\/teguar.com\/eu\/en\/\",\"name\":\"Teguar\",\"description\":\"Industrial PCs, Medical Computers, and Rugged Tablets\",\"potentialAction\":[{\"@type\":\"SearchAction\",\"target\":{\"@type\":\"EntryPoint\",\"urlTemplate\":\"https:\/\/teguar.com\/eu\/en\/?s={search_term_string}\"},\"query-input\":{\"@type\":\"PropertyValueSpecification\",\"valueRequired\":true,\"valueName\":\"search_term_string\"}}],\"inLanguage\":\"de\"}]}<\/script>\n<!-- \/ Yoast SEO Premium plugin. -->","yoast_head_json":{"title":"10\" Core Ultra Tablet f\u00fcr das Gesundheitswesen | Prisma TMT-7465-10","description":"Das 10\" Prism Healthcare Tablet ist dank seines Tragegriffs, des im laufenden Betrieb austauschbaren Akkus und des antimikrobiellen IP65-Geh\u00e4uses eine ideale mobile L\u00f6sung f\u00fcr Krankenh\u00e4user.","robots":{"index":"index","follow":"follow","max-snippet":"max-snippet:-1","max-image-preview":"max-image-preview:large","max-video-preview":"max-video-preview:-1"},"canonical":"https:\/\/teguar.com\/eu\/de\/product\/tmt-7465-10\/","og_locale":"de_DE","og_type":"article","og_title":"Prism TMT-7465-10","og_description":"Das 10\" Prism Healthcare Tablet ist dank seines Tragegriffs, des im laufenden Betrieb austauschbaren Akkus und des antimikrobiellen IP65-Geh\u00e4uses eine ideale mobile L\u00f6sung f\u00fcr Krankenh\u00e4user.","og_url":"https:\/\/teguar.com\/eu\/de\/product\/tmt-7465-10\/","og_site_name":"Teguar","article_modified_time":"2025-11-17T16:58:50+00:00","og_image":[{"width":1000,"height":707,"url":"https:\/\/teguar.com\/eu\/wp-content\/uploads\/sites\/2\/2025\/02\/Prism_Healthcare_Tablet_TMT-7165-10_Flat_Front_w_Handle__81764.1738619819.1280.1280.jpg","type":"image\/jpeg"}],"twitter_card":"summary_large_image","twitter_misc":{"Gesch\u00e4tzte Lesezeit":"1\u00a0Minute"},"schema":{"@context":"https:\/\/schema.org","@graph":[{"@type":"WebPage","@id":"https:\/\/teguar.com\/eu\/de\/product\/tmt-7465-10\/","url":"https:\/\/teguar.com\/eu\/de\/product\/tmt-7465-10\/","name":"10\" Core Ultra Tablet f\u00fcr das Gesundheitswesen | Prisma TMT-7465-10","isPartOf":{"@id":"https:\/\/teguar.com\/eu\/en\/#website"},"primaryImageOfPage":{"@id":"https:\/\/teguar.com\/eu\/de\/product\/tmt-7465-10\/#primaryimage"},"image":{"@id":"https:\/\/teguar.com\/eu\/de\/product\/tmt-7465-10\/#primaryimage"},"thumbnailUrl":"https:\/\/teguar.com\/eu\/wp-content\/uploads\/sites\/2\/2025\/02\/Prism_Healthcare_Tablet_TMT-7165-10_Flat_Front_w_Handle__81764.1738619819.1280.1280.jpg","datePublished":"2025-10-10T02:37:10+00:00","dateModified":"2025-11-17T16:58:50+00:00","description":"Das 10\" Prism Healthcare Tablet ist dank seines Tragegriffs, des im laufenden Betrieb austauschbaren Akkus und des antimikrobiellen IP65-Geh\u00e4uses eine ideale mobile L\u00f6sung f\u00fcr Krankenh\u00e4user.","breadcrumb":{"@id":"https:\/\/teguar.com\/eu\/de\/product\/tmt-7465-10\/#breadcrumb"},"inLanguage":"de","potentialAction":[{"@type":"ReadAction","target":["https:\/\/teguar.com\/eu\/de\/product\/tmt-7465-10\/"]}]},{"@type":"ImageObject","inLanguage":"de","@id":"https:\/\/teguar.com\/eu\/de\/product\/tmt-7465-10\/#primaryimage","url":"https:\/\/teguar.com\/eu\/wp-content\/uploads\/sites\/2\/2025\/02\/Prism_Healthcare_Tablet_TMT-7165-10_Flat_Front_w_Handle__81764.1738619819.1280.1280.jpg","contentUrl":"https:\/\/teguar.com\/eu\/wp-content\/uploads\/sites\/2\/2025\/02\/Prism_Healthcare_Tablet_TMT-7165-10_Flat_Front_w_Handle__81764.1738619819.1280.1280.jpg","width":1000,"height":707},{"@type":"BreadcrumbList","@id":"https:\/\/teguar.com\/eu\/de\/product\/tmt-7465-10\/#breadcrumb","itemListElement":[{"@type":"ListItem","position":1,"name":"Home","item":"https:\/\/teguar.com\/eu\/de\/"},{"@type":"ListItem","position":2,"name":"Prism TMT-7465-10"}]},{"@type":"WebSite","@id":"https:\/\/teguar.com\/eu\/en\/#website","url":"https:\/\/teguar.com\/eu\/en\/","name":"Teguar","description":"Industrial PCs, Medical Computers, and Rugged Tablets","potentialAction":[{"@type":"SearchAction","target":{"@type":"EntryPoint","urlTemplate":"https:\/\/teguar.com\/eu\/en\/?s={search_term_string}"},"query-input":{"@type":"PropertyValueSpecification","valueRequired":true,"valueName":"search_term_string"}}],"inLanguage":"de"}]}},"_links":{"self":[{"href":"https:\/\/teguar.com\/eu\/de\/wp-json\/wp\/v2\/product\/2247582","targetHints":{"allow":["GET"]}}],"collection":[{"href":"https:\/\/teguar.com\/eu\/de\/wp-json\/wp\/v2\/product"}],"about":[{"href":"https:\/\/teguar.com\/eu\/de\/wp-json\/wp\/v2\/types\/product"}],"wp:featuredmedia":[{"embeddable":true,"href":"https:\/\/teguar.com\/eu\/de\/wp-json\/wp\/v2\/media\/2247144"}],"wp:attachment":[{"href":"https:\/\/teguar.com\/eu\/de\/wp-json\/wp\/v2\/media?parent=2247582"}],"wp:term":[{"taxonomy":"product_brand","embeddable":true,"href":"https:\/\/teguar.com\/eu\/de\/wp-json\/wp\/v2\/product_brand?post=2247582"},{"taxonomy":"product_cat","embeddable":true,"href":"https:\/\/teguar.com\/eu\/de\/wp-json\/wp\/v2\/product_cat?post=2247582"},{"taxonomy":"product_tag","embeddable":true,"href":"https:\/\/teguar.com\/eu\/de\/wp-json\/wp\/v2\/product_tag?post=2247582"},{"taxonomy":"product_label","embeddable":true,"href":"https:\/\/teguar.com\/eu\/de\/wp-json\/wp\/v2\/product_label?post=2247582"}],"curies":[{"name":"wp","href":"https:\/\/api.w.org\/{rel}","templated":true}]}}