{"id":2247577,"date":"2025-10-02T06:07:08","date_gmt":"2025-10-02T06:07:08","guid":{"rendered":"https:\/\/teguar.com\/eu\/product\/horizont-ta-6140-18\/"},"modified":"2026-04-10T15:28:28","modified_gmt":"2026-04-10T15:28:28","slug":"ta-6140-18","status":"publish","type":"product","link":"https:\/\/teguar.com\/eu\/de\/product\/ta-6140-18\/","title":{"rendered":"Horizont TA-6140-18"},"content":{"rendered":"<p>Der TA-6140-18 ist das schlanke Kunststoff-Kiosk-Mitglied der Horizon-Familie. Genie\u00dfen Sie das modulare Design, die schlanke und dennoch robuste Konstruktion und die N97- oder N305-Prozessoroptionen der Horizon-Serie zu einem g\u00fcnstigeren Preis in einem leichten Ger\u00e4t, das sich perfekt f\u00fcr Anwendungen im Kundenbereich eignet. Passen Sie das TA-6140-18 mit einer Vielzahl von externen Erweiterungsmodulen an Ihre spezielle Anwendung an: Fingerabdruckleser, 2D-Scanner und mehr. Dieser kundenfreundliche Kiosk mit vertikaler und horizontaler Montageunterst\u00fctzung bietet mit seinem robusten Geh\u00e4use und dem sicher verklebten 18,5&#8243;-PCAP-Touchscreen die Langlebigkeit von Teguar auch f\u00fcr leichte industrielle Anwendungen.   <\/p>\n","protected":false},"excerpt":{"rendered":"<p><a href=\"https:\/\/teguar.com\/hospitality-computer\/\"><span data-contrast=\"none\">POS Computer:<\/span><\/a><span data-contrast=\"auto\"> <span class=\"NormalTextRun SCXW73060216 BCX8\">Die TA-<\/span><span class=\"NormalTextRun SCXW73060216 BCX8\">61<\/span><span class=\"NormalTextRun SCXW73060216 BCX8\">40 <\/span><span class=\"NormalTextRun SCXW73060216 BCX8\">Serie <\/span><span class=\"NormalTextRun SCXW73060216 BCX8\">hat einen robusten Touchscreen, der <\/span><span class=\"NormalTextRun CommentStart CommentHighlightPipeRest CommentHighlightRest SCXW73060216 BCX8\">h\u00e4lt bis <\/span><span class=\"NormalTextRun CommentHighlightRest SCXW73060216 BCX8\">bis<\/span> <span class=\"NormalTextRun CommentHighlightRest SCXW73060216 BCX8\">st\u00e4ndigen Gebrauch <\/span><span class=\"NormalTextRun CommentHighlightPipeRest SCXW73060216 BCX8\">sowie diverse I\/<\/span><span class=\"NormalTextRun SpellingErrorV2Themed SCXW73060216 BCX8\">Os<\/span><span class=\"NormalTextRun SCXW73060216 BCX8\"> f\u00fcr <\/span><span class=\"NormalTextRun SCXW73060216 BCX8\">a <\/span><span class=\"NormalTextRun SCXW73060216 BCX8\">Kassenschublade und andere Hilfsmittel<\/span><span class=\"NormalTextRun SCXW73060216 BCX8\">ies. Erweiterungsmodule wie <\/span> <span class=\"NormalTextRun SCXW73060216 BCX8\">das <\/span><span class=\"NormalTextRun SCXW73060216 BCX8\">Kartenleser<\/span><span class=\"NormalTextRun SCXW73060216 BCX8\"> oder Barcode-Scanner erg\u00e4nzen den <\/span><span class=\"NormalTextRun SCXW73060216 BCX8\">TA-6140 als eine <\/span><span class=\"NormalTextRun SCXW73060216 BCX8\">All-in-One POS-L\u00f6sung<\/span><span class=\"NormalTextRun SCXW73060216 BCX8\">.<\/span><\/span><span data-ccp-props=\"{}\"> <\/span><\/p>\n<p><a href=\"https:\/\/teguar.com\/interactive-displays\/\"><span data-contrast=\"none\">Interaktive Informationskioske<\/span><\/a><span data-contrast=\"auto\">: Mit Full-HD-Displays und Touchscreens sowie flexiblen Einsatzm\u00f6glichkeiten und Ausrichtungen bieten diese All-in-One-Computer einfachen Zugang zu interaktiven Karten und Veranstaltungspl\u00e4nen in Museen, Gastronomie- und Reisezentren und anderen \u00f6ffentlichen Einrichtungen.<\/span><span data-ccp-props=\"{}\"> <\/span><\/p>\n<p><a href=\"https:\/\/teguar.com\/security-computer\/\"><span data-contrast=\"none\">Sichere Zugangskontrollkioske<\/span><\/a><span data-contrast=\"auto\">: Die externen Erweiterungen der TA-6140 Serie f\u00fcr Fingerabdruckleser und RFID-Scanner verbessern den Datenschutz und die Sicherheit in Firmenb\u00fcros, Regierungsgeb\u00e4uden und Gesundheitseinrichtungen.<\/span><span data-ccp-props=\"{}\"> <\/span><\/p>\n","protected":false},"featured_media":2248265,"template":"","meta":{"_acf_changed":false},"product_brand":[],"product_cat":[2828,2830],"product_tag":[4430],"product_label":[],"class_list":{"0":"post-2247577","1":"product","2":"type-product","3":"status-publish","4":"has-post-thumbnail","6":"product_cat-industrieller-all-in-one-pc","7":"product_cat-kiosk-computer","8":"product_tag-pos-computer","9":"pa_windows-windows-10-iot","10":"pa_windows-windows-11-iot","11":"pa_windows-windows-11-pro","13":"first","14":"instock","15":"taxable","16":"shipping-taxable","17":"purchasable","18":"product-type-simple"},"composite_virtual":false,"composite_layout":"","composite_add_to_cart_form_location":"","composite_editable_in_cart":false,"composite_sold_individually_context":"","composite_shop_price_calc":"","composite_components":[],"composite_scenarios":[],"acf":[],"yoast_head":"<!-- This site is optimized with the Yoast SEO Premium plugin v26.8 (Yoast SEO v27.2) - https:\/\/yoast.com\/product\/yoast-seo-premium-wordpress\/ -->\n<title>18,5&quot; Leichter All-in-One Industrie-Kiosk-Computer | Horizont TA-6140-18<\/title>\n<meta name=\"description\" content=\"Das Horizon TA-6140-18 bietet N97- oder N305-Prozessoroptionen zu einem niedrigeren Preis in einem leichten Ger\u00e4t, das sich perfekt f\u00fcr Anwendungen im Consumer-Bereich eignet.\" \/>\n<meta name=\"robots\" content=\"index, follow, max-snippet:-1, max-image-preview:large, max-video-preview:-1\" \/>\n<link rel=\"canonical\" href=\"https:\/\/teguar.com\/eu\/de\/product\/ta-6140-18\/\" \/>\n<meta property=\"og:locale\" content=\"de_DE\" \/>\n<meta property=\"og:type\" content=\"article\" \/>\n<meta property=\"og:title\" content=\"Horizont TA-6140-18\" \/>\n<meta property=\"og:description\" content=\"Das Horizon TA-6140-18 bietet N97- oder N305-Prozessoroptionen zu einem niedrigeren Preis in einem leichten Ger\u00e4t, das sich perfekt f\u00fcr Anwendungen im Consumer-Bereich eignet.\" \/>\n<meta property=\"og:url\" content=\"https:\/\/teguar.com\/eu\/de\/product\/ta-6140-18\/\" \/>\n<meta property=\"og:site_name\" content=\"Teguar\" \/>\n<meta property=\"article:modified_time\" content=\"2026-04-10T15:28:28+00:00\" \/>\n<meta property=\"og:image\" content=\"https:\/\/teguar.com\/eu\/wp-content\/uploads\/sites\/2\/2025\/10\/TA-6140-18-Front.jpg\" \/>\n\t<meta property=\"og:image:width\" content=\"1000\" \/>\n\t<meta property=\"og:image:height\" content=\"1000\" \/>\n\t<meta property=\"og:image:type\" content=\"image\/jpeg\" \/>\n<meta name=\"twitter:card\" content=\"summary_large_image\" \/>\n<meta name=\"twitter:label1\" content=\"Gesch\u00e4tzte Lesezeit\" \/>\n\t<meta name=\"twitter:data1\" content=\"1\u00a0Minute\" \/>\n<script type=\"application\/ld+json\" class=\"yoast-schema-graph\">{\"@context\":\"https:\/\/schema.org\",\"@graph\":[{\"@type\":\"WebPage\",\"@id\":\"https:\/\/teguar.com\/eu\/de\/product\/ta-6140-18\/\",\"url\":\"https:\/\/teguar.com\/eu\/de\/product\/ta-6140-18\/\",\"name\":\"18,5\\\" Leichter All-in-One Industrie-Kiosk-Computer | Horizont TA-6140-18\",\"isPartOf\":{\"@id\":\"https:\/\/teguar.com\/eu\/en\/#website\"},\"primaryImageOfPage\":{\"@id\":\"https:\/\/teguar.com\/eu\/de\/product\/ta-6140-18\/#primaryimage\"},\"image\":{\"@id\":\"https:\/\/teguar.com\/eu\/de\/product\/ta-6140-18\/#primaryimage\"},\"thumbnailUrl\":\"https:\/\/teguar.com\/eu\/wp-content\/uploads\/sites\/2\/2025\/10\/TA-6140-18-Front.jpg\",\"datePublished\":\"2025-10-02T06:07:08+00:00\",\"dateModified\":\"2026-04-10T15:28:28+00:00\",\"description\":\"Das Horizon TA-6140-18 bietet N97- oder N305-Prozessoroptionen zu einem niedrigeren Preis in einem leichten Ger\u00e4t, das sich perfekt f\u00fcr Anwendungen im Consumer-Bereich eignet.\",\"breadcrumb\":{\"@id\":\"https:\/\/teguar.com\/eu\/de\/product\/ta-6140-18\/#breadcrumb\"},\"inLanguage\":\"de\",\"potentialAction\":[{\"@type\":\"ReadAction\",\"target\":[\"https:\/\/teguar.com\/eu\/de\/product\/ta-6140-18\/\"]}]},{\"@type\":\"ImageObject\",\"inLanguage\":\"de\",\"@id\":\"https:\/\/teguar.com\/eu\/de\/product\/ta-6140-18\/#primaryimage\",\"url\":\"https:\/\/teguar.com\/eu\/wp-content\/uploads\/sites\/2\/2025\/10\/TA-6140-18-Front.jpg\",\"contentUrl\":\"https:\/\/teguar.com\/eu\/wp-content\/uploads\/sites\/2\/2025\/10\/TA-6140-18-Front.jpg\",\"width\":1000,\"height\":1000,\"caption\":\"TA-6140-18 Front\"},{\"@type\":\"BreadcrumbList\",\"@id\":\"https:\/\/teguar.com\/eu\/de\/product\/ta-6140-18\/#breadcrumb\",\"itemListElement\":[{\"@type\":\"ListItem\",\"position\":1,\"name\":\"Home\",\"item\":\"https:\/\/teguar.com\/eu\/de\/\"},{\"@type\":\"ListItem\",\"position\":2,\"name\":\"Horizont TA-6140-18\"}]},{\"@type\":\"WebSite\",\"@id\":\"https:\/\/teguar.com\/eu\/en\/#website\",\"url\":\"https:\/\/teguar.com\/eu\/en\/\",\"name\":\"Teguar\",\"description\":\"Industrial PCs, Medical Computers, and Rugged Tablets\",\"potentialAction\":[{\"@type\":\"SearchAction\",\"target\":{\"@type\":\"EntryPoint\",\"urlTemplate\":\"https:\/\/teguar.com\/eu\/en\/?s={search_term_string}\"},\"query-input\":{\"@type\":\"PropertyValueSpecification\",\"valueRequired\":true,\"valueName\":\"search_term_string\"}}],\"inLanguage\":\"de\"}]}<\/script>\n<!-- \/ Yoast SEO Premium plugin. -->","yoast_head_json":{"title":"18,5\" Leichter All-in-One Industrie-Kiosk-Computer | Horizont TA-6140-18","description":"Das Horizon TA-6140-18 bietet N97- oder N305-Prozessoroptionen zu einem niedrigeren Preis in einem leichten Ger\u00e4t, das sich perfekt f\u00fcr Anwendungen im Consumer-Bereich eignet.","robots":{"index":"index","follow":"follow","max-snippet":"max-snippet:-1","max-image-preview":"max-image-preview:large","max-video-preview":"max-video-preview:-1"},"canonical":"https:\/\/teguar.com\/eu\/de\/product\/ta-6140-18\/","og_locale":"de_DE","og_type":"article","og_title":"Horizont TA-6140-18","og_description":"Das Horizon TA-6140-18 bietet N97- oder N305-Prozessoroptionen zu einem niedrigeren Preis in einem leichten Ger\u00e4t, das sich perfekt f\u00fcr Anwendungen im Consumer-Bereich eignet.","og_url":"https:\/\/teguar.com\/eu\/de\/product\/ta-6140-18\/","og_site_name":"Teguar","article_modified_time":"2026-04-10T15:28:28+00:00","og_image":[{"width":1000,"height":1000,"url":"https:\/\/teguar.com\/eu\/wp-content\/uploads\/sites\/2\/2025\/10\/TA-6140-18-Front.jpg","type":"image\/jpeg"}],"twitter_card":"summary_large_image","twitter_misc":{"Gesch\u00e4tzte Lesezeit":"1\u00a0Minute"},"schema":{"@context":"https:\/\/schema.org","@graph":[{"@type":"WebPage","@id":"https:\/\/teguar.com\/eu\/de\/product\/ta-6140-18\/","url":"https:\/\/teguar.com\/eu\/de\/product\/ta-6140-18\/","name":"18,5\" Leichter All-in-One Industrie-Kiosk-Computer | Horizont TA-6140-18","isPartOf":{"@id":"https:\/\/teguar.com\/eu\/en\/#website"},"primaryImageOfPage":{"@id":"https:\/\/teguar.com\/eu\/de\/product\/ta-6140-18\/#primaryimage"},"image":{"@id":"https:\/\/teguar.com\/eu\/de\/product\/ta-6140-18\/#primaryimage"},"thumbnailUrl":"https:\/\/teguar.com\/eu\/wp-content\/uploads\/sites\/2\/2025\/10\/TA-6140-18-Front.jpg","datePublished":"2025-10-02T06:07:08+00:00","dateModified":"2026-04-10T15:28:28+00:00","description":"Das Horizon TA-6140-18 bietet N97- oder N305-Prozessoroptionen zu einem niedrigeren Preis in einem leichten Ger\u00e4t, das sich perfekt f\u00fcr Anwendungen im Consumer-Bereich eignet.","breadcrumb":{"@id":"https:\/\/teguar.com\/eu\/de\/product\/ta-6140-18\/#breadcrumb"},"inLanguage":"de","potentialAction":[{"@type":"ReadAction","target":["https:\/\/teguar.com\/eu\/de\/product\/ta-6140-18\/"]}]},{"@type":"ImageObject","inLanguage":"de","@id":"https:\/\/teguar.com\/eu\/de\/product\/ta-6140-18\/#primaryimage","url":"https:\/\/teguar.com\/eu\/wp-content\/uploads\/sites\/2\/2025\/10\/TA-6140-18-Front.jpg","contentUrl":"https:\/\/teguar.com\/eu\/wp-content\/uploads\/sites\/2\/2025\/10\/TA-6140-18-Front.jpg","width":1000,"height":1000,"caption":"TA-6140-18 Front"},{"@type":"BreadcrumbList","@id":"https:\/\/teguar.com\/eu\/de\/product\/ta-6140-18\/#breadcrumb","itemListElement":[{"@type":"ListItem","position":1,"name":"Home","item":"https:\/\/teguar.com\/eu\/de\/"},{"@type":"ListItem","position":2,"name":"Horizont TA-6140-18"}]},{"@type":"WebSite","@id":"https:\/\/teguar.com\/eu\/en\/#website","url":"https:\/\/teguar.com\/eu\/en\/","name":"Teguar","description":"Industrial PCs, Medical Computers, and Rugged Tablets","potentialAction":[{"@type":"SearchAction","target":{"@type":"EntryPoint","urlTemplate":"https:\/\/teguar.com\/eu\/en\/?s={search_term_string}"},"query-input":{"@type":"PropertyValueSpecification","valueRequired":true,"valueName":"search_term_string"}}],"inLanguage":"de"}]}},"_links":{"self":[{"href":"https:\/\/teguar.com\/eu\/de\/wp-json\/wp\/v2\/product\/2247577","targetHints":{"allow":["GET"]}}],"collection":[{"href":"https:\/\/teguar.com\/eu\/de\/wp-json\/wp\/v2\/product"}],"about":[{"href":"https:\/\/teguar.com\/eu\/de\/wp-json\/wp\/v2\/types\/product"}],"wp:featuredmedia":[{"embeddable":true,"href":"https:\/\/teguar.com\/eu\/de\/wp-json\/wp\/v2\/media\/2248265"}],"wp:attachment":[{"href":"https:\/\/teguar.com\/eu\/de\/wp-json\/wp\/v2\/media?parent=2247577"}],"wp:term":[{"taxonomy":"product_brand","embeddable":true,"href":"https:\/\/teguar.com\/eu\/de\/wp-json\/wp\/v2\/product_brand?post=2247577"},{"taxonomy":"product_cat","embeddable":true,"href":"https:\/\/teguar.com\/eu\/de\/wp-json\/wp\/v2\/product_cat?post=2247577"},{"taxonomy":"product_tag","embeddable":true,"href":"https:\/\/teguar.com\/eu\/de\/wp-json\/wp\/v2\/product_tag?post=2247577"},{"taxonomy":"product_label","embeddable":true,"href":"https:\/\/teguar.com\/eu\/de\/wp-json\/wp\/v2\/product_label?post=2247577"}],"curies":[{"name":"wp","href":"https:\/\/api.w.org\/{rel}","templated":true}]}}