{"id":2247469,"date":"2025-06-24T14:12:50","date_gmt":"2025-06-24T14:12:50","guid":{"rendered":"https:\/\/teguar.com\/eu\/product\/tmd-65-24b\/"},"modified":"2026-01-02T16:14:40","modified_gmt":"2026-01-02T16:14:40","slug":"tmd-65-24b","status":"publish","type":"product","link":"https:\/\/teguar.com\/eu\/de\/product\/tmd-65-24b\/","title":{"rendered":"TMD-65-24B"},"content":{"rendered":"<p>Dieses \u00e4u\u00dferst vielseitige tragbare medizinische Display kann f\u00fcr zahlreiche medizinische Anwendungen angepasst werden.<\/p>\n<p>In Umgebungen, in denen Hygiene oberstes Gebot ist, k\u00f6nnen Sie sich darauf verlassen, dass die wasserfeste IP65-Frontplatte dieses Monitors den ganzen Tag \u00fcber leicht zu reinigen ist.<\/p>\n<p>Statten Sie dieses hochmoderne Display mit einer Vielzahl von kompatiblem Zubeh\u00f6r aus. Mit mehreren Montageoptionen, zwei Arten von RFID-Kompatibilit\u00e4t und mehreren Gleichstromausg\u00e4ngen kann das Display f\u00fcr jeden Anwendungsfall optimiert werden. Das batteriebetriebene Ger\u00e4t kann sein eigenes angeschlossenes Zubeh\u00f6r und sogar einen PC mit Strom versorgen.<\/p>\n<p>Im Gegensatz zu anderen medizinischen Displays wird das TMD-65-24B mit <a href=\"https:\/\/teguar.com\/eu\/de\/hot-swapping-was-es-ist-wie-es-funktioniert-und-andere-haeufig-gestellte-fragen\/\">Hot-Swap-Batterien<\/a> betrieben, so dass das tragbare Display auf einem Wagen oder in einem Fahrzeug mit ununterbrochener Betriebszeit transportiert werden kann &#8211; ohne Kabel oder Aufladen.<\/p>\n","protected":false},"excerpt":{"rendered":"<p><a href=\"https:\/\/teguar.com\/eu\/medical-imaging-computer\/\">Medizinische Bildgebung<\/a>: Das kontrastreiche Full-HD-Display (1920 x 1080) sorgt f\u00fcr perfekte Klarheit bei der Darstellung komplizierter Diagramme und Daten, von CT-Scans bis zu R\u00f6ntgenaufnahmen.<\/p>\n<p><a href=\"https:\/\/teguar.com\/eu\/de\/telemedizin-computer\/\">Telemedizin<\/a>: Mit eingebauten Lautsprechern, einer Vielzahl von Optionen f\u00fcr die Wandmontage oder den Tischst\u00e4nder und einer optionalen 5-MP-Kamera k\u00f6nnen Patienten eine komfortable Benutzererfahrung f\u00fcr virtuelle Anrufe und andere telemedizinische M\u00f6glichkeiten genie\u00dfen.<\/p>\n<p><a href=\"https:\/\/teguar.com\/eu\/de\/computer-zur-patientenueberwachung\/\">Patienten\u00fcberwachung<\/a>: Das medizinische Personal kann die Vitalwerte des Patienten und andere wichtige Informationen \u00fcberwachen, ohne dass Sie einen Takt verpassen. Nutzen Sie das zus\u00e4tzliche Ladeger\u00e4t f\u00fcr bis zu sechs Zusatzbatterien, um eine 24\/7-Batterieversorgung zu gew\u00e4hrleisten.<\/p>\n","protected":false},"featured_media":2243337,"template":"","meta":{"_acf_changed":false},"product_brand":[],"product_cat":[2835],"product_tag":[],"product_label":[],"class_list":{"0":"post-2247469","1":"product","2":"type-product","3":"status-publish","4":"has-post-thumbnail","6":"product_cat-medizinische-monitore","8":"first","9":"instock","10":"taxable","11":"shipping-taxable","12":"purchasable","13":"product-type-simple"},"composite_virtual":false,"composite_layout":"","composite_add_to_cart_form_location":"","composite_editable_in_cart":false,"composite_sold_individually_context":"","composite_shop_price_calc":"","composite_components":[],"composite_scenarios":[],"acf":[],"yoast_head":"<!-- This site is optimized with the Yoast SEO Premium plugin v26.8 (Yoast SEO v27.2) - https:\/\/yoast.com\/product\/yoast-seo-premium-wordpress\/ -->\n<title>24&quot; Tragbares medizinisches Display | TMD-65-24B<\/title>\n<meta name=\"description\" content=\"Dieses tragbare medizinische Display verf\u00fcgt \u00fcber einen 24&quot; Full HD-Touchscreen und Anpassungsm\u00f6glichkeiten. Es ist batteriebetrieben und verf\u00fcgt \u00fcber Hot-Swap-Batterien.\" \/>\n<meta name=\"robots\" content=\"index, follow, max-snippet:-1, max-image-preview:large, max-video-preview:-1\" \/>\n<link rel=\"canonical\" href=\"https:\/\/teguar.com\/eu\/de\/product\/tmd-65-24b\/\" \/>\n<meta property=\"og:locale\" content=\"de_DE\" \/>\n<meta property=\"og:type\" content=\"article\" \/>\n<meta property=\"og:title\" content=\"TMD-65-24B\" \/>\n<meta property=\"og:description\" content=\"Dieses tragbare medizinische Display verf\u00fcgt \u00fcber einen 24&quot; Full HD-Touchscreen und Anpassungsm\u00f6glichkeiten. Es ist batteriebetrieben und verf\u00fcgt \u00fcber Hot-Swap-Batterien.\" \/>\n<meta property=\"og:url\" content=\"https:\/\/teguar.com\/eu\/de\/product\/tmd-65-24b\/\" \/>\n<meta property=\"og:site_name\" content=\"Teguar\" \/>\n<meta property=\"article:modified_time\" content=\"2026-01-02T16:14:40+00:00\" \/>\n<meta property=\"og:image\" content=\"https:\/\/teguar.com\/eu\/wp-content\/uploads\/sites\/2\/2024\/08\/Portable_Medical_Display_24_Front__82767.1724953856.1280.1280.png\" \/>\n\t<meta property=\"og:image:width\" content=\"1000\" \/>\n\t<meta property=\"og:image:height\" content=\"1000\" \/>\n\t<meta property=\"og:image:type\" content=\"image\/png\" \/>\n<meta name=\"twitter:card\" content=\"summary_large_image\" \/>\n<meta name=\"twitter:label1\" content=\"Gesch\u00e4tzte Lesezeit\" \/>\n\t<meta name=\"twitter:data1\" content=\"1\u00a0Minute\" \/>\n<script type=\"application\/ld+json\" class=\"yoast-schema-graph\">{\"@context\":\"https:\/\/schema.org\",\"@graph\":[{\"@type\":\"WebPage\",\"@id\":\"https:\/\/teguar.com\/eu\/de\/product\/tmd-65-24b\/\",\"url\":\"https:\/\/teguar.com\/eu\/de\/product\/tmd-65-24b\/\",\"name\":\"24\\\" Tragbares medizinisches Display | TMD-65-24B\",\"isPartOf\":{\"@id\":\"https:\/\/teguar.com\/eu\/en\/#website\"},\"primaryImageOfPage\":{\"@id\":\"https:\/\/teguar.com\/eu\/de\/product\/tmd-65-24b\/#primaryimage\"},\"image\":{\"@id\":\"https:\/\/teguar.com\/eu\/de\/product\/tmd-65-24b\/#primaryimage\"},\"thumbnailUrl\":\"https:\/\/teguar.com\/eu\/wp-content\/uploads\/sites\/2\/2024\/08\/Portable_Medical_Display_24_Front__82767.1724953856.1280.1280.png\",\"datePublished\":\"2025-06-24T14:12:50+00:00\",\"dateModified\":\"2026-01-02T16:14:40+00:00\",\"description\":\"Dieses tragbare medizinische Display verf\u00fcgt \u00fcber einen 24\\\" Full HD-Touchscreen und Anpassungsm\u00f6glichkeiten. Es ist batteriebetrieben und verf\u00fcgt \u00fcber Hot-Swap-Batterien.\",\"breadcrumb\":{\"@id\":\"https:\/\/teguar.com\/eu\/de\/product\/tmd-65-24b\/#breadcrumb\"},\"inLanguage\":\"de\",\"potentialAction\":[{\"@type\":\"ReadAction\",\"target\":[\"https:\/\/teguar.com\/eu\/de\/product\/tmd-65-24b\/\"]}]},{\"@type\":\"ImageObject\",\"inLanguage\":\"de\",\"@id\":\"https:\/\/teguar.com\/eu\/de\/product\/tmd-65-24b\/#primaryimage\",\"url\":\"https:\/\/teguar.com\/eu\/wp-content\/uploads\/sites\/2\/2024\/08\/Portable_Medical_Display_24_Front__82767.1724953856.1280.1280.png\",\"contentUrl\":\"https:\/\/teguar.com\/eu\/wp-content\/uploads\/sites\/2\/2024\/08\/Portable_Medical_Display_24_Front__82767.1724953856.1280.1280.png\",\"width\":1000,\"height\":1000,\"caption\":\"24\\\" Portable Medical Display TMD-65-24B Front\"},{\"@type\":\"BreadcrumbList\",\"@id\":\"https:\/\/teguar.com\/eu\/de\/product\/tmd-65-24b\/#breadcrumb\",\"itemListElement\":[{\"@type\":\"ListItem\",\"position\":1,\"name\":\"Home\",\"item\":\"https:\/\/teguar.com\/eu\/de\/\"},{\"@type\":\"ListItem\",\"position\":2,\"name\":\"TMD-65-24B\"}]},{\"@type\":\"WebSite\",\"@id\":\"https:\/\/teguar.com\/eu\/en\/#website\",\"url\":\"https:\/\/teguar.com\/eu\/en\/\",\"name\":\"Teguar\",\"description\":\"Industrial PCs, Medical Computers, and Rugged Tablets\",\"potentialAction\":[{\"@type\":\"SearchAction\",\"target\":{\"@type\":\"EntryPoint\",\"urlTemplate\":\"https:\/\/teguar.com\/eu\/en\/?s={search_term_string}\"},\"query-input\":{\"@type\":\"PropertyValueSpecification\",\"valueRequired\":true,\"valueName\":\"search_term_string\"}}],\"inLanguage\":\"de\"}]}<\/script>\n<!-- \/ Yoast SEO Premium plugin. -->","yoast_head_json":{"title":"24\" Tragbares medizinisches Display | TMD-65-24B","description":"Dieses tragbare medizinische Display verf\u00fcgt \u00fcber einen 24\" Full HD-Touchscreen und Anpassungsm\u00f6glichkeiten. Es ist batteriebetrieben und verf\u00fcgt \u00fcber Hot-Swap-Batterien.","robots":{"index":"index","follow":"follow","max-snippet":"max-snippet:-1","max-image-preview":"max-image-preview:large","max-video-preview":"max-video-preview:-1"},"canonical":"https:\/\/teguar.com\/eu\/de\/product\/tmd-65-24b\/","og_locale":"de_DE","og_type":"article","og_title":"TMD-65-24B","og_description":"Dieses tragbare medizinische Display verf\u00fcgt \u00fcber einen 24\" Full HD-Touchscreen und Anpassungsm\u00f6glichkeiten. Es ist batteriebetrieben und verf\u00fcgt \u00fcber Hot-Swap-Batterien.","og_url":"https:\/\/teguar.com\/eu\/de\/product\/tmd-65-24b\/","og_site_name":"Teguar","article_modified_time":"2026-01-02T16:14:40+00:00","og_image":[{"width":1000,"height":1000,"url":"https:\/\/teguar.com\/eu\/wp-content\/uploads\/sites\/2\/2024\/08\/Portable_Medical_Display_24_Front__82767.1724953856.1280.1280.png","type":"image\/png"}],"twitter_card":"summary_large_image","twitter_misc":{"Gesch\u00e4tzte Lesezeit":"1\u00a0Minute"},"schema":{"@context":"https:\/\/schema.org","@graph":[{"@type":"WebPage","@id":"https:\/\/teguar.com\/eu\/de\/product\/tmd-65-24b\/","url":"https:\/\/teguar.com\/eu\/de\/product\/tmd-65-24b\/","name":"24\" Tragbares medizinisches Display | TMD-65-24B","isPartOf":{"@id":"https:\/\/teguar.com\/eu\/en\/#website"},"primaryImageOfPage":{"@id":"https:\/\/teguar.com\/eu\/de\/product\/tmd-65-24b\/#primaryimage"},"image":{"@id":"https:\/\/teguar.com\/eu\/de\/product\/tmd-65-24b\/#primaryimage"},"thumbnailUrl":"https:\/\/teguar.com\/eu\/wp-content\/uploads\/sites\/2\/2024\/08\/Portable_Medical_Display_24_Front__82767.1724953856.1280.1280.png","datePublished":"2025-06-24T14:12:50+00:00","dateModified":"2026-01-02T16:14:40+00:00","description":"Dieses tragbare medizinische Display verf\u00fcgt \u00fcber einen 24\" Full HD-Touchscreen und Anpassungsm\u00f6glichkeiten. Es ist batteriebetrieben und verf\u00fcgt \u00fcber Hot-Swap-Batterien.","breadcrumb":{"@id":"https:\/\/teguar.com\/eu\/de\/product\/tmd-65-24b\/#breadcrumb"},"inLanguage":"de","potentialAction":[{"@type":"ReadAction","target":["https:\/\/teguar.com\/eu\/de\/product\/tmd-65-24b\/"]}]},{"@type":"ImageObject","inLanguage":"de","@id":"https:\/\/teguar.com\/eu\/de\/product\/tmd-65-24b\/#primaryimage","url":"https:\/\/teguar.com\/eu\/wp-content\/uploads\/sites\/2\/2024\/08\/Portable_Medical_Display_24_Front__82767.1724953856.1280.1280.png","contentUrl":"https:\/\/teguar.com\/eu\/wp-content\/uploads\/sites\/2\/2024\/08\/Portable_Medical_Display_24_Front__82767.1724953856.1280.1280.png","width":1000,"height":1000,"caption":"24\" Portable Medical Display TMD-65-24B Front"},{"@type":"BreadcrumbList","@id":"https:\/\/teguar.com\/eu\/de\/product\/tmd-65-24b\/#breadcrumb","itemListElement":[{"@type":"ListItem","position":1,"name":"Home","item":"https:\/\/teguar.com\/eu\/de\/"},{"@type":"ListItem","position":2,"name":"TMD-65-24B"}]},{"@type":"WebSite","@id":"https:\/\/teguar.com\/eu\/en\/#website","url":"https:\/\/teguar.com\/eu\/en\/","name":"Teguar","description":"Industrial PCs, Medical Computers, and Rugged Tablets","potentialAction":[{"@type":"SearchAction","target":{"@type":"EntryPoint","urlTemplate":"https:\/\/teguar.com\/eu\/en\/?s={search_term_string}"},"query-input":{"@type":"PropertyValueSpecification","valueRequired":true,"valueName":"search_term_string"}}],"inLanguage":"de"}]}},"_links":{"self":[{"href":"https:\/\/teguar.com\/eu\/de\/wp-json\/wp\/v2\/product\/2247469","targetHints":{"allow":["GET"]}}],"collection":[{"href":"https:\/\/teguar.com\/eu\/de\/wp-json\/wp\/v2\/product"}],"about":[{"href":"https:\/\/teguar.com\/eu\/de\/wp-json\/wp\/v2\/types\/product"}],"wp:featuredmedia":[{"embeddable":true,"href":"https:\/\/teguar.com\/eu\/de\/wp-json\/wp\/v2\/media\/2243337"}],"wp:attachment":[{"href":"https:\/\/teguar.com\/eu\/de\/wp-json\/wp\/v2\/media?parent=2247469"}],"wp:term":[{"taxonomy":"product_brand","embeddable":true,"href":"https:\/\/teguar.com\/eu\/de\/wp-json\/wp\/v2\/product_brand?post=2247469"},{"taxonomy":"product_cat","embeddable":true,"href":"https:\/\/teguar.com\/eu\/de\/wp-json\/wp\/v2\/product_cat?post=2247469"},{"taxonomy":"product_tag","embeddable":true,"href":"https:\/\/teguar.com\/eu\/de\/wp-json\/wp\/v2\/product_tag?post=2247469"},{"taxonomy":"product_label","embeddable":true,"href":"https:\/\/teguar.com\/eu\/de\/wp-json\/wp\/v2\/product_label?post=2247469"}],"curies":[{"name":"wp","href":"https:\/\/api.w.org\/{rel}","templated":true}]}}