{"id":2247467,"date":"2025-06-24T14:09:49","date_gmt":"2025-06-24T14:09:49","guid":{"rendered":"https:\/\/teguar.com\/eu\/product\/tm-7110-19f\/"},"modified":"2026-01-02T15:35:54","modified_gmt":"2026-01-02T15:35:54","slug":"tm-7110-19f","status":"publish","type":"product","link":"https:\/\/teguar.com\/eu\/de\/product\/tm-7110-19f\/","title":{"rendered":"TM-7110-19F"},"content":{"rendered":"<p>Der 19&#8243; Medical PC ist mit allen wichtigen Tools ausgestattet, um sich nahtlos in Ihre medizinische Ausstattung zu integrieren. Mit KI-Beschleunigungsunterst\u00fctzung \u00fcber DDR5 verarbeitet er effizient komplexe medizinische Daten und erm\u00f6glicht eine schnelle Diagnose und Behandlungsplanung. Sein Design gew\u00e4hrleistet die Einhaltung von Industriestandards und garantiert Zuverl\u00e4ssigkeit und Sicherheit in kritischen medizinischen Umgebungen. Die Intel Core i5-CPU der 13. Generation in Kombination mit der Bereitschaft f\u00fcr Windows 11 sorgt f\u00fcr robuste Leistung und nahtlose Kompatibilit\u00e4t mit den neuesten Softwareentwicklungen. Isolierte IO-Ports sorgen f\u00fcr mehr Sicherheit, um sensible Patientendaten und medizinische Ger\u00e4te zu sch\u00fctzen. Zusammen machen diese Merkmale den 19&#8243; Medical PC zu einem vielseitigen und unverzichtbaren Werkzeug f\u00fcr moderne Gesundheitspraxen.<\/p>\n","protected":false},"excerpt":{"rendered":"<p><a href=\"https:\/\/teguar.com\/eu\/de\/computer-und-monitore-fuer-den-operationssaal\/\">Operationssaal im Krankenhaus:<\/a> Die TM-7110F Serie ist ideal f\u00fcr Operationss\u00e4le. Sie bietet Zuverl\u00e4ssigkeit, Schnelligkeit und Kompatibilit\u00e4t mit medizinischer Software und gew\u00e4hrleistet einen effizienten Arbeitsablauf und eine genaue Datenverwaltung bei kritischen chirurgischen Eingriffen.<\/p>\n<p><a href=\"https:\/\/teguar.com\/eu\/de\/roentgenraum-roentgencomputer\/\">R\u00f6ntgenraum:<\/a> In R\u00f6ntgenr\u00e4umen gl\u00e4nzt die TM-7110F Serie mit einer leistungsstarken Intel Core i5 CPU der 13. Generation, KI-Beschleunigungsunterst\u00fctzung und der Bereitschaft f\u00fcr Windows 11, was eine schnelle Bildverarbeitung und -analyse f\u00fcr eine pr\u00e4zise Diagnose erm\u00f6glicht.<\/p>\n<p><a href=\"https:\/\/teguar.com\/eu\/medical-imaging-computer\/\">Medizinische Bildgebung:<\/a> Die TM-7110F Serie wurde speziell f\u00fcr die medizinische Bildgebung entwickelt und nutzt neben der leistungsstarken Intel Core i5 CPU der 13. Generation auch KI-Funktionen, um eine schnelle Bildverarbeitung und -analyse zu gew\u00e4hrleisten, die Diagnosegenauigkeit zu verbessern und die Arbeitsabl\u00e4ufe f\u00fcr eine effiziente Patientenversorgung zu optimieren.<\/p>\n","protected":false},"featured_media":2245709,"template":"","meta":{"_acf_changed":false},"product_brand":[],"product_cat":[2833],"product_tag":[],"product_label":[],"class_list":{"0":"post-2247467","1":"product","2":"type-product","3":"status-publish","4":"has-post-thumbnail","6":"product_cat-medizinische-wagencomputer","7":"pa_windows-windows-10-iot","8":"pa_windows-windows-10-pro","9":"pa_windows-windows-11-pro","11":"first","12":"instock","13":"taxable","14":"shipping-taxable","15":"purchasable","16":"product-type-simple"},"composite_virtual":false,"composite_layout":"","composite_add_to_cart_form_location":"","composite_editable_in_cart":false,"composite_sold_individually_context":"","composite_shop_price_calc":"","composite_components":[],"composite_scenarios":[],"acf":[],"yoast_head":"<!-- This site is optimized with the Yoast SEO Premium plugin v26.8 (Yoast SEO v27.2) - https:\/\/yoast.com\/product\/yoast-seo-premium-wordpress\/ -->\n<title>19&quot; Medizinischer PC | TM-7110-19F<\/title>\n<meta name=\"description\" content=\"Der 19&quot; Medical PC ist mit allen wichtigen Tools ausgestattet, um sich nahtlos in Ihre medizinische Ausstattung zu integrieren.\" \/>\n<meta name=\"robots\" content=\"index, follow, max-snippet:-1, max-image-preview:large, max-video-preview:-1\" \/>\n<link rel=\"canonical\" href=\"https:\/\/teguar.com\/eu\/de\/product\/tm-7110-19f\/\" \/>\n<meta property=\"og:locale\" content=\"de_DE\" \/>\n<meta property=\"og:type\" content=\"article\" \/>\n<meta property=\"og:title\" content=\"TM-7110-19F\" \/>\n<meta property=\"og:description\" content=\"Der 19&quot; Medical PC ist mit allen wichtigen Tools ausgestattet, um sich nahtlos in Ihre medizinische Ausstattung zu integrieren.\" \/>\n<meta property=\"og:url\" content=\"https:\/\/teguar.com\/eu\/de\/product\/tm-7110-19f\/\" \/>\n<meta property=\"og:site_name\" content=\"Teguar\" \/>\n<meta property=\"article:modified_time\" content=\"2026-01-02T15:35:54+00:00\" \/>\n<meta property=\"og:image\" content=\"https:\/\/teguar.com\/eu\/wp-content\/uploads\/sites\/2\/2024\/05\/19_Medical_PC_TM-7110-19F_Front_Angle__85931.1715105865.1280.1280.jpg\" \/>\n\t<meta property=\"og:image:width\" content=\"750\" \/>\n\t<meta property=\"og:image:height\" content=\"565\" \/>\n\t<meta property=\"og:image:type\" content=\"image\/jpeg\" \/>\n<meta name=\"twitter:card\" content=\"summary_large_image\" \/>\n<meta name=\"twitter:label1\" content=\"Gesch\u00e4tzte Lesezeit\" \/>\n\t<meta name=\"twitter:data1\" content=\"1\u00a0Minute\" \/>\n<script type=\"application\/ld+json\" class=\"yoast-schema-graph\">{\"@context\":\"https:\/\/schema.org\",\"@graph\":[{\"@type\":\"WebPage\",\"@id\":\"https:\/\/teguar.com\/eu\/de\/product\/tm-7110-19f\/\",\"url\":\"https:\/\/teguar.com\/eu\/de\/product\/tm-7110-19f\/\",\"name\":\"19\\\" Medizinischer PC | TM-7110-19F\",\"isPartOf\":{\"@id\":\"https:\/\/teguar.com\/eu\/en\/#website\"},\"primaryImageOfPage\":{\"@id\":\"https:\/\/teguar.com\/eu\/de\/product\/tm-7110-19f\/#primaryimage\"},\"image\":{\"@id\":\"https:\/\/teguar.com\/eu\/de\/product\/tm-7110-19f\/#primaryimage\"},\"thumbnailUrl\":\"https:\/\/teguar.com\/eu\/wp-content\/uploads\/sites\/2\/2024\/05\/19_Medical_PC_TM-7110-19F_Front_Angle__85931.1715105865.1280.1280.jpg\",\"datePublished\":\"2025-06-24T14:09:49+00:00\",\"dateModified\":\"2026-01-02T15:35:54+00:00\",\"description\":\"Der 19\\\" Medical PC ist mit allen wichtigen Tools ausgestattet, um sich nahtlos in Ihre medizinische Ausstattung zu integrieren.\",\"breadcrumb\":{\"@id\":\"https:\/\/teguar.com\/eu\/de\/product\/tm-7110-19f\/#breadcrumb\"},\"inLanguage\":\"de\",\"potentialAction\":[{\"@type\":\"ReadAction\",\"target\":[\"https:\/\/teguar.com\/eu\/de\/product\/tm-7110-19f\/\"]}]},{\"@type\":\"ImageObject\",\"inLanguage\":\"de\",\"@id\":\"https:\/\/teguar.com\/eu\/de\/product\/tm-7110-19f\/#primaryimage\",\"url\":\"https:\/\/teguar.com\/eu\/wp-content\/uploads\/sites\/2\/2024\/05\/19_Medical_PC_TM-7110-19F_Front_Angle__85931.1715105865.1280.1280.jpg\",\"contentUrl\":\"https:\/\/teguar.com\/eu\/wp-content\/uploads\/sites\/2\/2024\/05\/19_Medical_PC_TM-7110-19F_Front_Angle__85931.1715105865.1280.1280.jpg\",\"width\":750,\"height\":565,\"caption\":\"19\\\" Medical PC TM-7110-19F Front Angle\"},{\"@type\":\"BreadcrumbList\",\"@id\":\"https:\/\/teguar.com\/eu\/de\/product\/tm-7110-19f\/#breadcrumb\",\"itemListElement\":[{\"@type\":\"ListItem\",\"position\":1,\"name\":\"Home\",\"item\":\"https:\/\/teguar.com\/eu\/de\/\"},{\"@type\":\"ListItem\",\"position\":2,\"name\":\"TM-7110-19F\"}]},{\"@type\":\"WebSite\",\"@id\":\"https:\/\/teguar.com\/eu\/en\/#website\",\"url\":\"https:\/\/teguar.com\/eu\/en\/\",\"name\":\"Teguar\",\"description\":\"Industrial PCs, Medical Computers, and Rugged Tablets\",\"potentialAction\":[{\"@type\":\"SearchAction\",\"target\":{\"@type\":\"EntryPoint\",\"urlTemplate\":\"https:\/\/teguar.com\/eu\/en\/?s={search_term_string}\"},\"query-input\":{\"@type\":\"PropertyValueSpecification\",\"valueRequired\":true,\"valueName\":\"search_term_string\"}}],\"inLanguage\":\"de\"}]}<\/script>\n<!-- \/ Yoast SEO Premium plugin. -->","yoast_head_json":{"title":"19\" Medizinischer PC | TM-7110-19F","description":"Der 19\" Medical PC ist mit allen wichtigen Tools ausgestattet, um sich nahtlos in Ihre medizinische Ausstattung zu integrieren.","robots":{"index":"index","follow":"follow","max-snippet":"max-snippet:-1","max-image-preview":"max-image-preview:large","max-video-preview":"max-video-preview:-1"},"canonical":"https:\/\/teguar.com\/eu\/de\/product\/tm-7110-19f\/","og_locale":"de_DE","og_type":"article","og_title":"TM-7110-19F","og_description":"Der 19\" Medical PC ist mit allen wichtigen Tools ausgestattet, um sich nahtlos in Ihre medizinische Ausstattung zu integrieren.","og_url":"https:\/\/teguar.com\/eu\/de\/product\/tm-7110-19f\/","og_site_name":"Teguar","article_modified_time":"2026-01-02T15:35:54+00:00","og_image":[{"width":750,"height":565,"url":"https:\/\/teguar.com\/eu\/wp-content\/uploads\/sites\/2\/2024\/05\/19_Medical_PC_TM-7110-19F_Front_Angle__85931.1715105865.1280.1280.jpg","type":"image\/jpeg"}],"twitter_card":"summary_large_image","twitter_misc":{"Gesch\u00e4tzte Lesezeit":"1\u00a0Minute"},"schema":{"@context":"https:\/\/schema.org","@graph":[{"@type":"WebPage","@id":"https:\/\/teguar.com\/eu\/de\/product\/tm-7110-19f\/","url":"https:\/\/teguar.com\/eu\/de\/product\/tm-7110-19f\/","name":"19\" Medizinischer PC | TM-7110-19F","isPartOf":{"@id":"https:\/\/teguar.com\/eu\/en\/#website"},"primaryImageOfPage":{"@id":"https:\/\/teguar.com\/eu\/de\/product\/tm-7110-19f\/#primaryimage"},"image":{"@id":"https:\/\/teguar.com\/eu\/de\/product\/tm-7110-19f\/#primaryimage"},"thumbnailUrl":"https:\/\/teguar.com\/eu\/wp-content\/uploads\/sites\/2\/2024\/05\/19_Medical_PC_TM-7110-19F_Front_Angle__85931.1715105865.1280.1280.jpg","datePublished":"2025-06-24T14:09:49+00:00","dateModified":"2026-01-02T15:35:54+00:00","description":"Der 19\" Medical PC ist mit allen wichtigen Tools ausgestattet, um sich nahtlos in Ihre medizinische Ausstattung zu integrieren.","breadcrumb":{"@id":"https:\/\/teguar.com\/eu\/de\/product\/tm-7110-19f\/#breadcrumb"},"inLanguage":"de","potentialAction":[{"@type":"ReadAction","target":["https:\/\/teguar.com\/eu\/de\/product\/tm-7110-19f\/"]}]},{"@type":"ImageObject","inLanguage":"de","@id":"https:\/\/teguar.com\/eu\/de\/product\/tm-7110-19f\/#primaryimage","url":"https:\/\/teguar.com\/eu\/wp-content\/uploads\/sites\/2\/2024\/05\/19_Medical_PC_TM-7110-19F_Front_Angle__85931.1715105865.1280.1280.jpg","contentUrl":"https:\/\/teguar.com\/eu\/wp-content\/uploads\/sites\/2\/2024\/05\/19_Medical_PC_TM-7110-19F_Front_Angle__85931.1715105865.1280.1280.jpg","width":750,"height":565,"caption":"19\" Medical PC TM-7110-19F Front Angle"},{"@type":"BreadcrumbList","@id":"https:\/\/teguar.com\/eu\/de\/product\/tm-7110-19f\/#breadcrumb","itemListElement":[{"@type":"ListItem","position":1,"name":"Home","item":"https:\/\/teguar.com\/eu\/de\/"},{"@type":"ListItem","position":2,"name":"TM-7110-19F"}]},{"@type":"WebSite","@id":"https:\/\/teguar.com\/eu\/en\/#website","url":"https:\/\/teguar.com\/eu\/en\/","name":"Teguar","description":"Industrial PCs, Medical Computers, and Rugged Tablets","potentialAction":[{"@type":"SearchAction","target":{"@type":"EntryPoint","urlTemplate":"https:\/\/teguar.com\/eu\/en\/?s={search_term_string}"},"query-input":{"@type":"PropertyValueSpecification","valueRequired":true,"valueName":"search_term_string"}}],"inLanguage":"de"}]}},"_links":{"self":[{"href":"https:\/\/teguar.com\/eu\/de\/wp-json\/wp\/v2\/product\/2247467","targetHints":{"allow":["GET"]}}],"collection":[{"href":"https:\/\/teguar.com\/eu\/de\/wp-json\/wp\/v2\/product"}],"about":[{"href":"https:\/\/teguar.com\/eu\/de\/wp-json\/wp\/v2\/types\/product"}],"wp:featuredmedia":[{"embeddable":true,"href":"https:\/\/teguar.com\/eu\/de\/wp-json\/wp\/v2\/media\/2245709"}],"wp:attachment":[{"href":"https:\/\/teguar.com\/eu\/de\/wp-json\/wp\/v2\/media?parent=2247467"}],"wp:term":[{"taxonomy":"product_brand","embeddable":true,"href":"https:\/\/teguar.com\/eu\/de\/wp-json\/wp\/v2\/product_brand?post=2247467"},{"taxonomy":"product_cat","embeddable":true,"href":"https:\/\/teguar.com\/eu\/de\/wp-json\/wp\/v2\/product_cat?post=2247467"},{"taxonomy":"product_tag","embeddable":true,"href":"https:\/\/teguar.com\/eu\/de\/wp-json\/wp\/v2\/product_tag?post=2247467"},{"taxonomy":"product_label","embeddable":true,"href":"https:\/\/teguar.com\/eu\/de\/wp-json\/wp\/v2\/product_label?post=2247467"}],"curies":[{"name":"wp","href":"https:\/\/api.w.org\/{rel}","templated":true}]}}