{"id":2247465,"date":"2025-06-24T14:12:53","date_gmt":"2025-06-24T14:12:53","guid":{"rendered":"https:\/\/teguar.com\/eu\/product\/fingerabdruckleser-fuer-ta-5x40-q5340-serie\/"},"modified":"2025-06-24T14:12:53","modified_gmt":"2025-06-24T14:12:53","slug":"fingerabdruckleser-fuer-ta-5x40-q5340-serie","status":"publish","type":"product","link":"https:\/\/teguar.com\/eu\/de\/product\/fingerabdruckleser-fuer-ta-5x40-q5340-serie\/","title":{"rendered":"Fingerabdruckleser f\u00fcr TA-5&#215;40 &amp; Q5340 Serie"},"content":{"rendered":"<p>Ein Fingerabdruckleser ist eine sichere M\u00f6glichkeit, die Identit\u00e4t einer Person zu \u00fcberpr\u00fcfen. Er kann verwendet werden, um sich am Computer anzumelden oder um dem Benutzer Zugang zu einem Geb\u00e4ude oder Raum zu gew\u00e4hren. Er ist auch eine gute Option f\u00fcr Systeme, die eine zweite Anmeldung erfordern.  <\/p>\n","protected":false},"excerpt":{"rendered":"<p>Dieser Fingerabdruckleser kann an jeder der vier Seiten des Computers \u00fcber einen Micro-USB-Anschluss angebracht werden. Er wurde f\u00fcr die TA-Serie von Teguar entwickelt und passt perfekt auf jedes Ger\u00e4t der TA-Serie. <\/p>\n","protected":false},"featured_media":1226,"template":"","meta":{"_acf_changed":false},"product_brand":[],"product_cat":[2814],"product_tag":[],"product_label":[],"class_list":{"0":"post-2247465","1":"product","2":"type-product","3":"status-publish","4":"has-post-thumbnail","6":"product_cat-zubehor","8":"first","9":"instock","10":"taxable","11":"shipping-taxable","12":"purchasable","13":"product-type-simple"},"composite_virtual":false,"composite_layout":"","composite_add_to_cart_form_location":"","composite_editable_in_cart":false,"composite_sold_individually_context":"","composite_shop_price_calc":"","composite_components":[],"composite_scenarios":[],"acf":[],"yoast_head":"<!-- This site is optimized with the Yoast SEO Premium plugin v26.8 (Yoast SEO v27.2) - https:\/\/yoast.com\/product\/yoast-seo-premium-wordpress\/ -->\n<title>Fingerabdruckleser f\u00fcr TA-5x40 &amp; Q5340 Serie - Teguar<\/title>\n<meta name=\"description\" content=\"Sehen Sie sich diesen Fingerabdruckleser f\u00fcr die TA Kiosk Computer Serie von Teguar an. Er ist ideal f\u00fcr die Sicherheit von Geb\u00e4uden und R\u00e4umen und bietet zus\u00e4tzliche Sicherheit f\u00fcr die Ger\u00e4te.\" \/>\n<meta name=\"robots\" content=\"index, follow, max-snippet:-1, max-image-preview:large, max-video-preview:-1\" \/>\n<link rel=\"canonical\" href=\"https:\/\/teguar.com\/eu\/de\/product\/fingerabdruckleser-fuer-ta-5x40-q5340-serie\/\" \/>\n<meta property=\"og:locale\" content=\"de_DE\" \/>\n<meta property=\"og:type\" content=\"article\" \/>\n<meta property=\"og:title\" content=\"Fingerabdruckleser f\u00fcr TA-5x40 &amp; Q5340 Serie\" \/>\n<meta property=\"og:description\" content=\"Sehen Sie sich diesen Fingerabdruckleser f\u00fcr die TA Kiosk Computer Serie von Teguar an. Er ist ideal f\u00fcr die Sicherheit von Geb\u00e4uden und R\u00e4umen und bietet zus\u00e4tzliche Sicherheit f\u00fcr die Ger\u00e4te.\" \/>\n<meta property=\"og:url\" content=\"https:\/\/teguar.com\/eu\/de\/product\/fingerabdruckleser-fuer-ta-5x40-q5340-serie\/\" \/>\n<meta property=\"og:site_name\" content=\"Teguar\" \/>\n<meta property=\"og:image\" content=\"https:\/\/teguar.com\/eu\/wp-content\/uploads\/sites\/2\/2021\/03\/6160-40_fingerprint_reader__75264.1616788007.1280.1280.jpg\" \/>\n\t<meta property=\"og:image:width\" content=\"1000\" \/>\n\t<meta property=\"og:image:height\" content=\"1000\" \/>\n\t<meta property=\"og:image:type\" content=\"image\/jpeg\" \/>\n<meta name=\"twitter:card\" content=\"summary_large_image\" \/>\n<script type=\"application\/ld+json\" class=\"yoast-schema-graph\">{\"@context\":\"https:\/\/schema.org\",\"@graph\":[{\"@type\":\"WebPage\",\"@id\":\"https:\/\/teguar.com\/eu\/de\/product\/fingerabdruckleser-fuer-ta-5x40-q5340-serie\/\",\"url\":\"https:\/\/teguar.com\/eu\/de\/product\/fingerabdruckleser-fuer-ta-5x40-q5340-serie\/\",\"name\":\"Fingerabdruckleser f\u00fcr TA-5x40 &amp; Q5340 Serie - Teguar\",\"isPartOf\":{\"@id\":\"https:\/\/teguar.com\/eu\/en\/#website\"},\"primaryImageOfPage\":{\"@id\":\"https:\/\/teguar.com\/eu\/de\/product\/fingerabdruckleser-fuer-ta-5x40-q5340-serie\/#primaryimage\"},\"image\":{\"@id\":\"https:\/\/teguar.com\/eu\/de\/product\/fingerabdruckleser-fuer-ta-5x40-q5340-serie\/#primaryimage\"},\"thumbnailUrl\":\"https:\/\/teguar.com\/eu\/wp-content\/uploads\/sites\/2\/2021\/03\/6160-40_fingerprint_reader__75264.1616788007.1280.1280.jpg\",\"datePublished\":\"2025-06-24T14:12:53+00:00\",\"description\":\"Sehen Sie sich diesen Fingerabdruckleser f\u00fcr die TA Kiosk Computer Serie von Teguar an. Er ist ideal f\u00fcr die Sicherheit von Geb\u00e4uden und R\u00e4umen und bietet zus\u00e4tzliche Sicherheit f\u00fcr die Ger\u00e4te.\",\"breadcrumb\":{\"@id\":\"https:\/\/teguar.com\/eu\/de\/product\/fingerabdruckleser-fuer-ta-5x40-q5340-serie\/#breadcrumb\"},\"inLanguage\":\"de\",\"potentialAction\":[{\"@type\":\"ReadAction\",\"target\":[\"https:\/\/teguar.com\/eu\/de\/product\/fingerabdruckleser-fuer-ta-5x40-q5340-serie\/\"]}]},{\"@type\":\"ImageObject\",\"inLanguage\":\"de\",\"@id\":\"https:\/\/teguar.com\/eu\/de\/product\/fingerabdruckleser-fuer-ta-5x40-q5340-serie\/#primaryimage\",\"url\":\"https:\/\/teguar.com\/eu\/wp-content\/uploads\/sites\/2\/2021\/03\/6160-40_fingerprint_reader__75264.1616788007.1280.1280.jpg\",\"contentUrl\":\"https:\/\/teguar.com\/eu\/wp-content\/uploads\/sites\/2\/2021\/03\/6160-40_fingerprint_reader__75264.1616788007.1280.1280.jpg\",\"width\":1000,\"height\":1000,\"caption\":\"Fingerprint Reader for TA Series\"},{\"@type\":\"BreadcrumbList\",\"@id\":\"https:\/\/teguar.com\/eu\/de\/product\/fingerabdruckleser-fuer-ta-5x40-q5340-serie\/#breadcrumb\",\"itemListElement\":[{\"@type\":\"ListItem\",\"position\":1,\"name\":\"Home\",\"item\":\"https:\/\/teguar.com\/eu\/de\/\"},{\"@type\":\"ListItem\",\"position\":2,\"name\":\"Fingerabdruckleser f\u00fcr TA-5&#215;40 &amp; Q5340 Serie\"}]},{\"@type\":\"WebSite\",\"@id\":\"https:\/\/teguar.com\/eu\/en\/#website\",\"url\":\"https:\/\/teguar.com\/eu\/en\/\",\"name\":\"Teguar\",\"description\":\"Industrial PCs, Medical Computers, and Rugged Tablets\",\"potentialAction\":[{\"@type\":\"SearchAction\",\"target\":{\"@type\":\"EntryPoint\",\"urlTemplate\":\"https:\/\/teguar.com\/eu\/en\/?s={search_term_string}\"},\"query-input\":{\"@type\":\"PropertyValueSpecification\",\"valueRequired\":true,\"valueName\":\"search_term_string\"}}],\"inLanguage\":\"de\"}]}<\/script>\n<!-- \/ Yoast SEO Premium plugin. -->","yoast_head_json":{"title":"Fingerabdruckleser f\u00fcr TA-5x40 &amp; Q5340 Serie - Teguar","description":"Sehen Sie sich diesen Fingerabdruckleser f\u00fcr die TA Kiosk Computer Serie von Teguar an. Er ist ideal f\u00fcr die Sicherheit von Geb\u00e4uden und R\u00e4umen und bietet zus\u00e4tzliche Sicherheit f\u00fcr die Ger\u00e4te.","robots":{"index":"index","follow":"follow","max-snippet":"max-snippet:-1","max-image-preview":"max-image-preview:large","max-video-preview":"max-video-preview:-1"},"canonical":"https:\/\/teguar.com\/eu\/de\/product\/fingerabdruckleser-fuer-ta-5x40-q5340-serie\/","og_locale":"de_DE","og_type":"article","og_title":"Fingerabdruckleser f\u00fcr TA-5x40 &amp; Q5340 Serie","og_description":"Sehen Sie sich diesen Fingerabdruckleser f\u00fcr die TA Kiosk Computer Serie von Teguar an. Er ist ideal f\u00fcr die Sicherheit von Geb\u00e4uden und R\u00e4umen und bietet zus\u00e4tzliche Sicherheit f\u00fcr die Ger\u00e4te.","og_url":"https:\/\/teguar.com\/eu\/de\/product\/fingerabdruckleser-fuer-ta-5x40-q5340-serie\/","og_site_name":"Teguar","og_image":[{"width":1000,"height":1000,"url":"https:\/\/teguar.com\/eu\/wp-content\/uploads\/sites\/2\/2021\/03\/6160-40_fingerprint_reader__75264.1616788007.1280.1280.jpg","type":"image\/jpeg"}],"twitter_card":"summary_large_image","schema":{"@context":"https:\/\/schema.org","@graph":[{"@type":"WebPage","@id":"https:\/\/teguar.com\/eu\/de\/product\/fingerabdruckleser-fuer-ta-5x40-q5340-serie\/","url":"https:\/\/teguar.com\/eu\/de\/product\/fingerabdruckleser-fuer-ta-5x40-q5340-serie\/","name":"Fingerabdruckleser f\u00fcr TA-5x40 &amp; Q5340 Serie - Teguar","isPartOf":{"@id":"https:\/\/teguar.com\/eu\/en\/#website"},"primaryImageOfPage":{"@id":"https:\/\/teguar.com\/eu\/de\/product\/fingerabdruckleser-fuer-ta-5x40-q5340-serie\/#primaryimage"},"image":{"@id":"https:\/\/teguar.com\/eu\/de\/product\/fingerabdruckleser-fuer-ta-5x40-q5340-serie\/#primaryimage"},"thumbnailUrl":"https:\/\/teguar.com\/eu\/wp-content\/uploads\/sites\/2\/2021\/03\/6160-40_fingerprint_reader__75264.1616788007.1280.1280.jpg","datePublished":"2025-06-24T14:12:53+00:00","description":"Sehen Sie sich diesen Fingerabdruckleser f\u00fcr die TA Kiosk Computer Serie von Teguar an. Er ist ideal f\u00fcr die Sicherheit von Geb\u00e4uden und R\u00e4umen und bietet zus\u00e4tzliche Sicherheit f\u00fcr die Ger\u00e4te.","breadcrumb":{"@id":"https:\/\/teguar.com\/eu\/de\/product\/fingerabdruckleser-fuer-ta-5x40-q5340-serie\/#breadcrumb"},"inLanguage":"de","potentialAction":[{"@type":"ReadAction","target":["https:\/\/teguar.com\/eu\/de\/product\/fingerabdruckleser-fuer-ta-5x40-q5340-serie\/"]}]},{"@type":"ImageObject","inLanguage":"de","@id":"https:\/\/teguar.com\/eu\/de\/product\/fingerabdruckleser-fuer-ta-5x40-q5340-serie\/#primaryimage","url":"https:\/\/teguar.com\/eu\/wp-content\/uploads\/sites\/2\/2021\/03\/6160-40_fingerprint_reader__75264.1616788007.1280.1280.jpg","contentUrl":"https:\/\/teguar.com\/eu\/wp-content\/uploads\/sites\/2\/2021\/03\/6160-40_fingerprint_reader__75264.1616788007.1280.1280.jpg","width":1000,"height":1000,"caption":"Fingerprint Reader for TA Series"},{"@type":"BreadcrumbList","@id":"https:\/\/teguar.com\/eu\/de\/product\/fingerabdruckleser-fuer-ta-5x40-q5340-serie\/#breadcrumb","itemListElement":[{"@type":"ListItem","position":1,"name":"Home","item":"https:\/\/teguar.com\/eu\/de\/"},{"@type":"ListItem","position":2,"name":"Fingerabdruckleser f\u00fcr TA-5&#215;40 &amp; Q5340 Serie"}]},{"@type":"WebSite","@id":"https:\/\/teguar.com\/eu\/en\/#website","url":"https:\/\/teguar.com\/eu\/en\/","name":"Teguar","description":"Industrial PCs, Medical Computers, and Rugged Tablets","potentialAction":[{"@type":"SearchAction","target":{"@type":"EntryPoint","urlTemplate":"https:\/\/teguar.com\/eu\/en\/?s={search_term_string}"},"query-input":{"@type":"PropertyValueSpecification","valueRequired":true,"valueName":"search_term_string"}}],"inLanguage":"de"}]}},"_links":{"self":[{"href":"https:\/\/teguar.com\/eu\/de\/wp-json\/wp\/v2\/product\/2247465","targetHints":{"allow":["GET"]}}],"collection":[{"href":"https:\/\/teguar.com\/eu\/de\/wp-json\/wp\/v2\/product"}],"about":[{"href":"https:\/\/teguar.com\/eu\/de\/wp-json\/wp\/v2\/types\/product"}],"wp:featuredmedia":[{"embeddable":true,"href":"https:\/\/teguar.com\/eu\/de\/wp-json\/wp\/v2\/media\/1226"}],"wp:attachment":[{"href":"https:\/\/teguar.com\/eu\/de\/wp-json\/wp\/v2\/media?parent=2247465"}],"wp:term":[{"taxonomy":"product_brand","embeddable":true,"href":"https:\/\/teguar.com\/eu\/de\/wp-json\/wp\/v2\/product_brand?post=2247465"},{"taxonomy":"product_cat","embeddable":true,"href":"https:\/\/teguar.com\/eu\/de\/wp-json\/wp\/v2\/product_cat?post=2247465"},{"taxonomy":"product_tag","embeddable":true,"href":"https:\/\/teguar.com\/eu\/de\/wp-json\/wp\/v2\/product_tag?post=2247465"},{"taxonomy":"product_label","embeddable":true,"href":"https:\/\/teguar.com\/eu\/de\/wp-json\/wp\/v2\/product_label?post=2247465"}],"curies":[{"name":"wp","href":"https:\/\/api.w.org\/{rel}","templated":true}]}}