{"id":2247457,"date":"2025-06-24T14:09:51","date_gmt":"2025-06-24T14:09:51","guid":{"rendered":"https:\/\/teguar.com\/eu\/product\/trt-q5380-10\/"},"modified":"2025-11-20T19:38:41","modified_gmt":"2025-11-20T19:38:41","slug":"trt-q5380-10","status":"publish","type":"product","link":"https:\/\/teguar.com\/eu\/de\/product\/trt-q5380-10\/","title":{"rendered":"TRT-Q5380-10"},"content":{"rendered":"<p>Der TRT-Q5380-10 ist ein robuster Tablet-PC, der f\u00fcr die h\u00e4rtesten Anwendungen entwickelt wurde. Der 10-Zoll-Touchscreen besteht aus strapazierf\u00e4higem, kratzfestem Glas und das Tablet ist MIL-STD-810G-zertifiziert, d.h. es kann St\u00fcrze, St\u00f6\u00dfe und Vibrationen aushalten und eignet sich somit f\u00fcr die Montage an einem Fahrzeug oder Gabelstapler. Ein praktischer, austauschbarer Akku und eine optionale Ladestation erm\u00f6glichen Ihnen einen 24\/7-Betrieb ohne Ausfallzeiten. Der TRT-Q5380-10 h\u00e4lt Sie mit 4G LTE, WiFi, Bluetooth und GPS \u00fcberall in Verbindung und verf\u00fcgt \u00fcber optionale Barcode- und RFID-Scanner.<\/p>\n","protected":false},"excerpt":{"rendered":"<p>Mobiler Verkauf und Bestellung: Das robuste Tablet TRT-Q5380-10 mit 4G LTE-Konnektivit\u00e4t ist ideal f\u00fcr den mobilen Verkauf und das Bestellwesen. Vertriebsmitarbeiter k\u00f6nnen damit unterwegs Produkte pr\u00e4sentieren, Bestellungen bearbeiten und auf Kundendaten zugreifen.<\/p>\n<p><a href=\"https:\/\/teguar.com\/eu\/de\/computer-fuer-die-lagerverwaltung\/\">Lagerbetrieb:<\/a> Dank seiner Robustheit, Erweiterbarkeit und langen Akkulaufzeit eignet sich das TRT-Q5380-10 Tablet f\u00fcr den Einsatz im Lager. Es bietet Mitarbeitern ein zuverl\u00e4ssiges Ger\u00e4t f\u00fcr die Bestandsverwaltung, das Scannen von Barcodes und die Dateneingabe und verbessert so die Effizienz und Genauigkeit.<\/p>\n<p>Sicherheit und Zugangskontrolle: Mit seiner GMS-Zertifizierung und optionalen Modulen wie biometrischen Fingerabdrucklesern und IC-Kartenlesern kann das TRT-Q5380-10-Tablet f\u00fcr Sicherheits- und Zugangskontrollanwendungen eingesetzt werden und bietet eine sichere und bequeme L\u00f6sung f\u00fcr die Authentifizierung und Zugangsverwaltung.<\/p>\n","protected":false},"featured_media":573,"template":"","meta":{"_acf_changed":false},"product_brand":[],"product_cat":[2842],"product_tag":[],"product_label":[],"class_list":{"0":"post-2247457","1":"product","2":"type-product","3":"status-publish","4":"has-post-thumbnail","6":"product_cat-rugged-android-tablets","8":"first","9":"outofstock","10":"taxable","11":"shipping-taxable","12":"purchasable","13":"product-type-simple"},"composite_virtual":false,"composite_layout":"","composite_add_to_cart_form_location":"","composite_editable_in_cart":false,"composite_sold_individually_context":"","composite_shop_price_calc":"","composite_components":[],"composite_scenarios":[],"acf":[],"yoast_head":"<!-- This site is optimized with the Yoast SEO Premium plugin v26.8 (Yoast SEO v27.2) - https:\/\/yoast.com\/product\/yoast-seo-premium-wordpress\/ -->\n<title>Robustes 10&quot; Android Tablet | TRT-Q5380-10<\/title>\n<meta name=\"description\" content=\"Das TRT-Q5380-10 l\u00e4uft mit einer Qualcomm Snapdragon-CPU und verf\u00fcgt \u00fcber ein robustes Geh\u00e4use zum Schutz vor St\u00fcrzen, St\u00f6\u00dfen und Maschinenvibrationen. Dieses Tablet ist ideal f\u00fcr den Au\u00dfendienst und die Fertigung.\" \/>\n<meta name=\"robots\" content=\"index, follow, max-snippet:-1, max-image-preview:large, max-video-preview:-1\" \/>\n<link rel=\"canonical\" href=\"https:\/\/teguar.com\/eu\/de\/product\/trt-q5380-10\/\" \/>\n<meta property=\"og:locale\" content=\"de_DE\" \/>\n<meta property=\"og:type\" content=\"article\" \/>\n<meta property=\"og:title\" content=\"TRT-Q5380-10\" \/>\n<meta property=\"og:description\" content=\"Das TRT-Q5380-10 l\u00e4uft mit einer Qualcomm Snapdragon-CPU und verf\u00fcgt \u00fcber ein robustes Geh\u00e4use zum Schutz vor St\u00fcrzen, St\u00f6\u00dfen und Maschinenvibrationen. Dieses Tablet ist ideal f\u00fcr den Au\u00dfendienst und die Fertigung.\" \/>\n<meta property=\"og:url\" content=\"https:\/\/teguar.com\/eu\/de\/product\/trt-q5380-10\/\" \/>\n<meta property=\"og:site_name\" content=\"Teguar\" \/>\n<meta property=\"article:modified_time\" content=\"2025-11-20T19:38:41+00:00\" \/>\n<meta property=\"og:image\" content=\"https:\/\/teguar.com\/eu\/wp-content\/uploads\/sites\/2\/2024\/08\/10_inch_Rugged_Tablet_PC_TRT-Q5380-10__97781.1619034031.1280.1280__45857.1722866332.1280.1280.jpg\" \/>\n\t<meta property=\"og:image:width\" content=\"1000\" \/>\n\t<meta property=\"og:image:height\" content=\"1000\" \/>\n\t<meta property=\"og:image:type\" content=\"image\/jpeg\" \/>\n<meta name=\"twitter:card\" content=\"summary_large_image\" \/>\n<meta name=\"twitter:label1\" content=\"Gesch\u00e4tzte Lesezeit\" \/>\n\t<meta name=\"twitter:data1\" content=\"1\u00a0Minute\" \/>\n<script type=\"application\/ld+json\" class=\"yoast-schema-graph\">{\"@context\":\"https:\/\/schema.org\",\"@graph\":[{\"@type\":\"WebPage\",\"@id\":\"https:\/\/teguar.com\/eu\/de\/product\/trt-q5380-10\/\",\"url\":\"https:\/\/teguar.com\/eu\/de\/product\/trt-q5380-10\/\",\"name\":\"Robustes 10\\\" Android Tablet | TRT-Q5380-10\",\"isPartOf\":{\"@id\":\"https:\/\/teguar.com\/eu\/en\/#website\"},\"primaryImageOfPage\":{\"@id\":\"https:\/\/teguar.com\/eu\/de\/product\/trt-q5380-10\/#primaryimage\"},\"image\":{\"@id\":\"https:\/\/teguar.com\/eu\/de\/product\/trt-q5380-10\/#primaryimage\"},\"thumbnailUrl\":\"https:\/\/teguar.com\/eu\/wp-content\/uploads\/sites\/2\/2024\/08\/10_inch_Rugged_Tablet_PC_TRT-Q5380-10__97781.1619034031.1280.1280__45857.1722866332.1280.1280.jpg\",\"datePublished\":\"2025-06-24T14:09:51+00:00\",\"dateModified\":\"2025-11-20T19:38:41+00:00\",\"description\":\"Das TRT-Q5380-10 l\u00e4uft mit einer Qualcomm Snapdragon-CPU und verf\u00fcgt \u00fcber ein robustes Geh\u00e4use zum Schutz vor St\u00fcrzen, St\u00f6\u00dfen und Maschinenvibrationen. Dieses Tablet ist ideal f\u00fcr den Au\u00dfendienst und die Fertigung.\",\"breadcrumb\":{\"@id\":\"https:\/\/teguar.com\/eu\/de\/product\/trt-q5380-10\/#breadcrumb\"},\"inLanguage\":\"de\",\"potentialAction\":[{\"@type\":\"ReadAction\",\"target\":[\"https:\/\/teguar.com\/eu\/de\/product\/trt-q5380-10\/\"]}]},{\"@type\":\"ImageObject\",\"inLanguage\":\"de\",\"@id\":\"https:\/\/teguar.com\/eu\/de\/product\/trt-q5380-10\/#primaryimage\",\"url\":\"https:\/\/teguar.com\/eu\/wp-content\/uploads\/sites\/2\/2024\/08\/10_inch_Rugged_Tablet_PC_TRT-Q5380-10__97781.1619034031.1280.1280__45857.1722866332.1280.1280.jpg\",\"contentUrl\":\"https:\/\/teguar.com\/eu\/wp-content\/uploads\/sites\/2\/2024\/08\/10_inch_Rugged_Tablet_PC_TRT-Q5380-10__97781.1619034031.1280.1280__45857.1722866332.1280.1280.jpg\",\"width\":1000,\"height\":1000,\"caption\":\"Android Rugged Tablet | TRT-Q5380-10\"},{\"@type\":\"BreadcrumbList\",\"@id\":\"https:\/\/teguar.com\/eu\/de\/product\/trt-q5380-10\/#breadcrumb\",\"itemListElement\":[{\"@type\":\"ListItem\",\"position\":1,\"name\":\"Home\",\"item\":\"https:\/\/teguar.com\/eu\/de\/\"},{\"@type\":\"ListItem\",\"position\":2,\"name\":\"TRT-Q5380-10\"}]},{\"@type\":\"WebSite\",\"@id\":\"https:\/\/teguar.com\/eu\/en\/#website\",\"url\":\"https:\/\/teguar.com\/eu\/en\/\",\"name\":\"Teguar\",\"description\":\"Industrial PCs, Medical Computers, and Rugged Tablets\",\"potentialAction\":[{\"@type\":\"SearchAction\",\"target\":{\"@type\":\"EntryPoint\",\"urlTemplate\":\"https:\/\/teguar.com\/eu\/en\/?s={search_term_string}\"},\"query-input\":{\"@type\":\"PropertyValueSpecification\",\"valueRequired\":true,\"valueName\":\"search_term_string\"}}],\"inLanguage\":\"de\"}]}<\/script>\n<!-- \/ Yoast SEO Premium plugin. -->","yoast_head_json":{"title":"Robustes 10\" Android Tablet | TRT-Q5380-10","description":"Das TRT-Q5380-10 l\u00e4uft mit einer Qualcomm Snapdragon-CPU und verf\u00fcgt \u00fcber ein robustes Geh\u00e4use zum Schutz vor St\u00fcrzen, St\u00f6\u00dfen und Maschinenvibrationen. Dieses Tablet ist ideal f\u00fcr den Au\u00dfendienst und die Fertigung.","robots":{"index":"index","follow":"follow","max-snippet":"max-snippet:-1","max-image-preview":"max-image-preview:large","max-video-preview":"max-video-preview:-1"},"canonical":"https:\/\/teguar.com\/eu\/de\/product\/trt-q5380-10\/","og_locale":"de_DE","og_type":"article","og_title":"TRT-Q5380-10","og_description":"Das TRT-Q5380-10 l\u00e4uft mit einer Qualcomm Snapdragon-CPU und verf\u00fcgt \u00fcber ein robustes Geh\u00e4use zum Schutz vor St\u00fcrzen, St\u00f6\u00dfen und Maschinenvibrationen. Dieses Tablet ist ideal f\u00fcr den Au\u00dfendienst und die Fertigung.","og_url":"https:\/\/teguar.com\/eu\/de\/product\/trt-q5380-10\/","og_site_name":"Teguar","article_modified_time":"2025-11-20T19:38:41+00:00","og_image":[{"width":1000,"height":1000,"url":"https:\/\/teguar.com\/eu\/wp-content\/uploads\/sites\/2\/2024\/08\/10_inch_Rugged_Tablet_PC_TRT-Q5380-10__97781.1619034031.1280.1280__45857.1722866332.1280.1280.jpg","type":"image\/jpeg"}],"twitter_card":"summary_large_image","twitter_misc":{"Gesch\u00e4tzte Lesezeit":"1\u00a0Minute"},"schema":{"@context":"https:\/\/schema.org","@graph":[{"@type":"WebPage","@id":"https:\/\/teguar.com\/eu\/de\/product\/trt-q5380-10\/","url":"https:\/\/teguar.com\/eu\/de\/product\/trt-q5380-10\/","name":"Robustes 10\" Android Tablet | TRT-Q5380-10","isPartOf":{"@id":"https:\/\/teguar.com\/eu\/en\/#website"},"primaryImageOfPage":{"@id":"https:\/\/teguar.com\/eu\/de\/product\/trt-q5380-10\/#primaryimage"},"image":{"@id":"https:\/\/teguar.com\/eu\/de\/product\/trt-q5380-10\/#primaryimage"},"thumbnailUrl":"https:\/\/teguar.com\/eu\/wp-content\/uploads\/sites\/2\/2024\/08\/10_inch_Rugged_Tablet_PC_TRT-Q5380-10__97781.1619034031.1280.1280__45857.1722866332.1280.1280.jpg","datePublished":"2025-06-24T14:09:51+00:00","dateModified":"2025-11-20T19:38:41+00:00","description":"Das TRT-Q5380-10 l\u00e4uft mit einer Qualcomm Snapdragon-CPU und verf\u00fcgt \u00fcber ein robustes Geh\u00e4use zum Schutz vor St\u00fcrzen, St\u00f6\u00dfen und Maschinenvibrationen. Dieses Tablet ist ideal f\u00fcr den Au\u00dfendienst und die Fertigung.","breadcrumb":{"@id":"https:\/\/teguar.com\/eu\/de\/product\/trt-q5380-10\/#breadcrumb"},"inLanguage":"de","potentialAction":[{"@type":"ReadAction","target":["https:\/\/teguar.com\/eu\/de\/product\/trt-q5380-10\/"]}]},{"@type":"ImageObject","inLanguage":"de","@id":"https:\/\/teguar.com\/eu\/de\/product\/trt-q5380-10\/#primaryimage","url":"https:\/\/teguar.com\/eu\/wp-content\/uploads\/sites\/2\/2024\/08\/10_inch_Rugged_Tablet_PC_TRT-Q5380-10__97781.1619034031.1280.1280__45857.1722866332.1280.1280.jpg","contentUrl":"https:\/\/teguar.com\/eu\/wp-content\/uploads\/sites\/2\/2024\/08\/10_inch_Rugged_Tablet_PC_TRT-Q5380-10__97781.1619034031.1280.1280__45857.1722866332.1280.1280.jpg","width":1000,"height":1000,"caption":"Android Rugged Tablet | TRT-Q5380-10"},{"@type":"BreadcrumbList","@id":"https:\/\/teguar.com\/eu\/de\/product\/trt-q5380-10\/#breadcrumb","itemListElement":[{"@type":"ListItem","position":1,"name":"Home","item":"https:\/\/teguar.com\/eu\/de\/"},{"@type":"ListItem","position":2,"name":"TRT-Q5380-10"}]},{"@type":"WebSite","@id":"https:\/\/teguar.com\/eu\/en\/#website","url":"https:\/\/teguar.com\/eu\/en\/","name":"Teguar","description":"Industrial PCs, Medical Computers, and Rugged Tablets","potentialAction":[{"@type":"SearchAction","target":{"@type":"EntryPoint","urlTemplate":"https:\/\/teguar.com\/eu\/en\/?s={search_term_string}"},"query-input":{"@type":"PropertyValueSpecification","valueRequired":true,"valueName":"search_term_string"}}],"inLanguage":"de"}]}},"_links":{"self":[{"href":"https:\/\/teguar.com\/eu\/de\/wp-json\/wp\/v2\/product\/2247457","targetHints":{"allow":["GET"]}}],"collection":[{"href":"https:\/\/teguar.com\/eu\/de\/wp-json\/wp\/v2\/product"}],"about":[{"href":"https:\/\/teguar.com\/eu\/de\/wp-json\/wp\/v2\/types\/product"}],"wp:featuredmedia":[{"embeddable":true,"href":"https:\/\/teguar.com\/eu\/de\/wp-json\/wp\/v2\/media\/573"}],"wp:attachment":[{"href":"https:\/\/teguar.com\/eu\/de\/wp-json\/wp\/v2\/media?parent=2247457"}],"wp:term":[{"taxonomy":"product_brand","embeddable":true,"href":"https:\/\/teguar.com\/eu\/de\/wp-json\/wp\/v2\/product_brand?post=2247457"},{"taxonomy":"product_cat","embeddable":true,"href":"https:\/\/teguar.com\/eu\/de\/wp-json\/wp\/v2\/product_cat?post=2247457"},{"taxonomy":"product_tag","embeddable":true,"href":"https:\/\/teguar.com\/eu\/de\/wp-json\/wp\/v2\/product_tag?post=2247457"},{"taxonomy":"product_label","embeddable":true,"href":"https:\/\/teguar.com\/eu\/de\/wp-json\/wp\/v2\/product_label?post=2247457"}],"curies":[{"name":"wp","href":"https:\/\/api.w.org\/{rel}","templated":true}]}}