{"id":2247456,"date":"2025-06-24T14:08:46","date_gmt":"2025-06-24T14:08:46","guid":{"rendered":"https:\/\/teguar.com\/eu\/product\/batterieladegeraet-mit-6-einschueben-fuer-die-tme-7115-serie\/"},"modified":"2025-11-20T19:40:13","modified_gmt":"2025-11-20T19:40:13","slug":"batterieladegeraet-mit-6-einschueben-fuer-die-tme-7115-serie","status":"publish","type":"product","link":"https:\/\/teguar.com\/eu\/de\/product\/batterieladegeraet-mit-6-einschueben-fuer-die-tme-7115-serie\/","title":{"rendered":"Batterieladeger\u00e4t mit 6 Einsch\u00fcben f\u00fcr die TME-7115 Serie"},"content":{"rendered":"<p>6-fach Batterieladeger\u00e4t f\u00fcr die TME-7115 Serie, einschlie\u00dflich TME-7115-16 und TME-7115-22. H\u00e4lt und l\u00e4dt bis zu 6 Akkus gleichzeitig. Die Akkus werden an den Seiten eingesteckt, die Oberseite bleibt flach, so dass Sie problemlos mehrere Ladeger\u00e4te \u00fcbereinander stapeln k\u00f6nnen.<\/p>\n","protected":false},"excerpt":{"rendered":"<p>L\u00e4dt und bewahrt bis zu 6 Batterien f\u00fcr Computer der Serie TME-7115 auf.<\/p>\n","protected":false},"featured_media":2239959,"template":"","meta":{"_acf_changed":false},"product_brand":[],"product_cat":[2814],"product_tag":[],"product_label":[],"class_list":{"0":"post-2247456","1":"product","2":"type-product","3":"status-publish","4":"has-post-thumbnail","6":"product_cat-zubehor","8":"first","9":"instock","10":"taxable","11":"shipping-taxable","12":"purchasable","13":"product-type-simple"},"composite_virtual":false,"composite_layout":"","composite_add_to_cart_form_location":"","composite_editable_in_cart":false,"composite_sold_individually_context":"","composite_shop_price_calc":"","composite_components":[],"composite_scenarios":[],"acf":[],"yoast_head":"<!-- This site is optimized with the Yoast SEO Premium plugin v26.8 (Yoast SEO v27.2) - https:\/\/yoast.com\/product\/yoast-seo-premium-wordpress\/ -->\n<title>Batterieladeger\u00e4t mit 6 Einsch\u00fcben f\u00fcr die TME-7115 Serie - Teguar<\/title>\n<meta name=\"robots\" content=\"index, follow, max-snippet:-1, max-image-preview:large, max-video-preview:-1\" \/>\n<link rel=\"canonical\" href=\"https:\/\/teguar.com\/eu\/de\/product\/batterieladegeraet-mit-6-einschueben-fuer-die-tme-7115-serie\/\" \/>\n<meta property=\"og:locale\" content=\"de_DE\" \/>\n<meta property=\"og:type\" content=\"article\" \/>\n<meta property=\"og:title\" content=\"Batterieladeger\u00e4t mit 6 Einsch\u00fcben f\u00fcr die TME-7115 Serie\" \/>\n<meta property=\"og:description\" content=\"L\u00e4dt und bewahrt bis zu 6 Batterien f\u00fcr Computer der Serie TME-7115 auf.\" \/>\n<meta property=\"og:url\" content=\"https:\/\/teguar.com\/eu\/de\/product\/batterieladegeraet-mit-6-einschueben-fuer-die-tme-7115-serie\/\" \/>\n<meta property=\"og:site_name\" content=\"Teguar\" \/>\n<meta property=\"article:modified_time\" content=\"2025-11-20T19:40:13+00:00\" \/>\n<meta property=\"og:image\" content=\"https:\/\/teguar.com\/eu\/wp-content\/uploads\/sites\/2\/2025\/04\/TME-7115_Battery_Charger_with_Batteries__85546.1745847652.1280.1280.jpg\" \/>\n\t<meta property=\"og:image:width\" content=\"1000\" \/>\n\t<meta property=\"og:image:height\" content=\"1000\" \/>\n\t<meta property=\"og:image:type\" content=\"image\/jpeg\" \/>\n<meta name=\"twitter:card\" content=\"summary_large_image\" \/>\n<meta name=\"twitter:label1\" content=\"Gesch\u00e4tzte Lesezeit\" \/>\n\t<meta name=\"twitter:data1\" content=\"1\u00a0Minute\" \/>\n<script type=\"application\/ld+json\" class=\"yoast-schema-graph\">{\"@context\":\"https:\/\/schema.org\",\"@graph\":[{\"@type\":\"WebPage\",\"@id\":\"https:\/\/teguar.com\/eu\/de\/product\/batterieladegeraet-mit-6-einschueben-fuer-die-tme-7115-serie\/\",\"url\":\"https:\/\/teguar.com\/eu\/de\/product\/batterieladegeraet-mit-6-einschueben-fuer-die-tme-7115-serie\/\",\"name\":\"Batterieladeger\u00e4t mit 6 Einsch\u00fcben f\u00fcr die TME-7115 Serie - Teguar\",\"isPartOf\":{\"@id\":\"https:\/\/teguar.com\/eu\/en\/#website\"},\"primaryImageOfPage\":{\"@id\":\"https:\/\/teguar.com\/eu\/de\/product\/batterieladegeraet-mit-6-einschueben-fuer-die-tme-7115-serie\/#primaryimage\"},\"image\":{\"@id\":\"https:\/\/teguar.com\/eu\/de\/product\/batterieladegeraet-mit-6-einschueben-fuer-die-tme-7115-serie\/#primaryimage\"},\"thumbnailUrl\":\"https:\/\/teguar.com\/eu\/wp-content\/uploads\/sites\/2\/2025\/04\/TME-7115_Battery_Charger_with_Batteries__85546.1745847652.1280.1280.jpg\",\"datePublished\":\"2025-06-24T14:08:46+00:00\",\"dateModified\":\"2025-11-20T19:40:13+00:00\",\"breadcrumb\":{\"@id\":\"https:\/\/teguar.com\/eu\/de\/product\/batterieladegeraet-mit-6-einschueben-fuer-die-tme-7115-serie\/#breadcrumb\"},\"inLanguage\":\"de\",\"potentialAction\":[{\"@type\":\"ReadAction\",\"target\":[\"https:\/\/teguar.com\/eu\/de\/product\/batterieladegeraet-mit-6-einschueben-fuer-die-tme-7115-serie\/\"]}]},{\"@type\":\"ImageObject\",\"inLanguage\":\"de\",\"@id\":\"https:\/\/teguar.com\/eu\/de\/product\/batterieladegeraet-mit-6-einschueben-fuer-die-tme-7115-serie\/#primaryimage\",\"url\":\"https:\/\/teguar.com\/eu\/wp-content\/uploads\/sites\/2\/2025\/04\/TME-7115_Battery_Charger_with_Batteries__85546.1745847652.1280.1280.jpg\",\"contentUrl\":\"https:\/\/teguar.com\/eu\/wp-content\/uploads\/sites\/2\/2025\/04\/TME-7115_Battery_Charger_with_Batteries__85546.1745847652.1280.1280.jpg\",\"width\":1000,\"height\":1000,\"caption\":\"TME-7115 Battery Charger with all 6 bays holding batteries.\"},{\"@type\":\"BreadcrumbList\",\"@id\":\"https:\/\/teguar.com\/eu\/de\/product\/batterieladegeraet-mit-6-einschueben-fuer-die-tme-7115-serie\/#breadcrumb\",\"itemListElement\":[{\"@type\":\"ListItem\",\"position\":1,\"name\":\"Home\",\"item\":\"https:\/\/teguar.com\/eu\/de\/\"},{\"@type\":\"ListItem\",\"position\":2,\"name\":\"Batterieladeger\u00e4t mit 6 Einsch\u00fcben f\u00fcr die TME-7115 Serie\"}]},{\"@type\":\"WebSite\",\"@id\":\"https:\/\/teguar.com\/eu\/en\/#website\",\"url\":\"https:\/\/teguar.com\/eu\/en\/\",\"name\":\"Teguar\",\"description\":\"Industrial PCs, Medical Computers, and Rugged Tablets\",\"potentialAction\":[{\"@type\":\"SearchAction\",\"target\":{\"@type\":\"EntryPoint\",\"urlTemplate\":\"https:\/\/teguar.com\/eu\/en\/?s={search_term_string}\"},\"query-input\":{\"@type\":\"PropertyValueSpecification\",\"valueRequired\":true,\"valueName\":\"search_term_string\"}}],\"inLanguage\":\"de\"}]}<\/script>\n<!-- \/ Yoast SEO Premium plugin. -->","yoast_head_json":{"title":"Batterieladeger\u00e4t mit 6 Einsch\u00fcben f\u00fcr die TME-7115 Serie - Teguar","robots":{"index":"index","follow":"follow","max-snippet":"max-snippet:-1","max-image-preview":"max-image-preview:large","max-video-preview":"max-video-preview:-1"},"canonical":"https:\/\/teguar.com\/eu\/de\/product\/batterieladegeraet-mit-6-einschueben-fuer-die-tme-7115-serie\/","og_locale":"de_DE","og_type":"article","og_title":"Batterieladeger\u00e4t mit 6 Einsch\u00fcben f\u00fcr die TME-7115 Serie","og_description":"L\u00e4dt und bewahrt bis zu 6 Batterien f\u00fcr Computer der Serie TME-7115 auf.","og_url":"https:\/\/teguar.com\/eu\/de\/product\/batterieladegeraet-mit-6-einschueben-fuer-die-tme-7115-serie\/","og_site_name":"Teguar","article_modified_time":"2025-11-20T19:40:13+00:00","og_image":[{"width":1000,"height":1000,"url":"https:\/\/teguar.com\/eu\/wp-content\/uploads\/sites\/2\/2025\/04\/TME-7115_Battery_Charger_with_Batteries__85546.1745847652.1280.1280.jpg","type":"image\/jpeg"}],"twitter_card":"summary_large_image","twitter_misc":{"Gesch\u00e4tzte Lesezeit":"1\u00a0Minute"},"schema":{"@context":"https:\/\/schema.org","@graph":[{"@type":"WebPage","@id":"https:\/\/teguar.com\/eu\/de\/product\/batterieladegeraet-mit-6-einschueben-fuer-die-tme-7115-serie\/","url":"https:\/\/teguar.com\/eu\/de\/product\/batterieladegeraet-mit-6-einschueben-fuer-die-tme-7115-serie\/","name":"Batterieladeger\u00e4t mit 6 Einsch\u00fcben f\u00fcr die TME-7115 Serie - Teguar","isPartOf":{"@id":"https:\/\/teguar.com\/eu\/en\/#website"},"primaryImageOfPage":{"@id":"https:\/\/teguar.com\/eu\/de\/product\/batterieladegeraet-mit-6-einschueben-fuer-die-tme-7115-serie\/#primaryimage"},"image":{"@id":"https:\/\/teguar.com\/eu\/de\/product\/batterieladegeraet-mit-6-einschueben-fuer-die-tme-7115-serie\/#primaryimage"},"thumbnailUrl":"https:\/\/teguar.com\/eu\/wp-content\/uploads\/sites\/2\/2025\/04\/TME-7115_Battery_Charger_with_Batteries__85546.1745847652.1280.1280.jpg","datePublished":"2025-06-24T14:08:46+00:00","dateModified":"2025-11-20T19:40:13+00:00","breadcrumb":{"@id":"https:\/\/teguar.com\/eu\/de\/product\/batterieladegeraet-mit-6-einschueben-fuer-die-tme-7115-serie\/#breadcrumb"},"inLanguage":"de","potentialAction":[{"@type":"ReadAction","target":["https:\/\/teguar.com\/eu\/de\/product\/batterieladegeraet-mit-6-einschueben-fuer-die-tme-7115-serie\/"]}]},{"@type":"ImageObject","inLanguage":"de","@id":"https:\/\/teguar.com\/eu\/de\/product\/batterieladegeraet-mit-6-einschueben-fuer-die-tme-7115-serie\/#primaryimage","url":"https:\/\/teguar.com\/eu\/wp-content\/uploads\/sites\/2\/2025\/04\/TME-7115_Battery_Charger_with_Batteries__85546.1745847652.1280.1280.jpg","contentUrl":"https:\/\/teguar.com\/eu\/wp-content\/uploads\/sites\/2\/2025\/04\/TME-7115_Battery_Charger_with_Batteries__85546.1745847652.1280.1280.jpg","width":1000,"height":1000,"caption":"TME-7115 Battery Charger with all 6 bays holding batteries."},{"@type":"BreadcrumbList","@id":"https:\/\/teguar.com\/eu\/de\/product\/batterieladegeraet-mit-6-einschueben-fuer-die-tme-7115-serie\/#breadcrumb","itemListElement":[{"@type":"ListItem","position":1,"name":"Home","item":"https:\/\/teguar.com\/eu\/de\/"},{"@type":"ListItem","position":2,"name":"Batterieladeger\u00e4t mit 6 Einsch\u00fcben f\u00fcr die TME-7115 Serie"}]},{"@type":"WebSite","@id":"https:\/\/teguar.com\/eu\/en\/#website","url":"https:\/\/teguar.com\/eu\/en\/","name":"Teguar","description":"Industrial PCs, Medical Computers, and Rugged Tablets","potentialAction":[{"@type":"SearchAction","target":{"@type":"EntryPoint","urlTemplate":"https:\/\/teguar.com\/eu\/en\/?s={search_term_string}"},"query-input":{"@type":"PropertyValueSpecification","valueRequired":true,"valueName":"search_term_string"}}],"inLanguage":"de"}]}},"_links":{"self":[{"href":"https:\/\/teguar.com\/eu\/de\/wp-json\/wp\/v2\/product\/2247456","targetHints":{"allow":["GET"]}}],"collection":[{"href":"https:\/\/teguar.com\/eu\/de\/wp-json\/wp\/v2\/product"}],"about":[{"href":"https:\/\/teguar.com\/eu\/de\/wp-json\/wp\/v2\/types\/product"}],"wp:featuredmedia":[{"embeddable":true,"href":"https:\/\/teguar.com\/eu\/de\/wp-json\/wp\/v2\/media\/2239959"}],"wp:attachment":[{"href":"https:\/\/teguar.com\/eu\/de\/wp-json\/wp\/v2\/media?parent=2247456"}],"wp:term":[{"taxonomy":"product_brand","embeddable":true,"href":"https:\/\/teguar.com\/eu\/de\/wp-json\/wp\/v2\/product_brand?post=2247456"},{"taxonomy":"product_cat","embeddable":true,"href":"https:\/\/teguar.com\/eu\/de\/wp-json\/wp\/v2\/product_cat?post=2247456"},{"taxonomy":"product_tag","embeddable":true,"href":"https:\/\/teguar.com\/eu\/de\/wp-json\/wp\/v2\/product_tag?post=2247456"},{"taxonomy":"product_label","embeddable":true,"href":"https:\/\/teguar.com\/eu\/de\/wp-json\/wp\/v2\/product_label?post=2247456"}],"curies":[{"name":"wp","href":"https:\/\/api.w.org\/{rel}","templated":true}]}}