{"id":2247454,"date":"2025-06-24T14:13:50","date_gmt":"2025-06-24T14:13:50","guid":{"rendered":"https:\/\/teguar.com\/eu\/product\/tmd-65-22b\/"},"modified":"2026-01-02T16:14:33","modified_gmt":"2026-01-02T16:14:33","slug":"tmd-65-22b","status":"publish","type":"product","link":"https:\/\/teguar.com\/eu\/de\/product\/tmd-65-22b\/","title":{"rendered":"TMD-65-22B"},"content":{"rendered":"<p>Dieses tragbare medizinische Display ist ein hochgradig anpassbares Gef\u00e4\u00df f\u00fcr jede medizinische Anwendung.<\/p>\n<p>Mit seiner wasserdichten IP65-Frontplatte f\u00fcr eine sichere Desinfektion ist dieser Monitor ideal f\u00fcr alle Bereiche, in denen Hygiene wichtig ist.<\/p>\n<p>Das Display ist mit verschiedenen Zubeh\u00f6rteilen kompatibel, darunter Halterungen, RFID-Scanner, eine Kamera und Gleichstromausg\u00e4nge mit unterschiedlichen Spannungen f\u00fcr die Stromversorgung von Zubeh\u00f6rteilen &#8211; sogar f\u00fcr den PC, mit dem es verbunden ist. Dank dieser speziellen Optionen kann das Ger\u00e4t an die spezifischen Anforderungen jedes Anwendungsfalls angepasst und optimiert werden.<\/p>\n<p>Was dieses Ger\u00e4t von anderen medizinischen Displays unterscheidet, ist sein Batteriebetrieb, der es erm\u00f6glicht, es \u00fcberall und ungebunden zu verwenden. Mit Batterien, die <a href=\"https:\/\/teguar.com\/eu\/de\/hot-swapping-was-es-ist-wie-es-funktioniert-und-andere-haeufig-gestellte-fragen\/\">ausgetauscht werden k\u00f6nnen , ohne dass die Stromversorgung unterbrochen wird<\/a>, kann das tragbare Display nahtlos und ohne Unterbrechung arbeiten.<\/p>\n","protected":false},"excerpt":{"rendered":"<p><a href=\"https:\/\/teguar.com\/eu\/medical-imaging-computer\/\">Medizinische Bildgebung<\/a>: Betrachten Sie Diagramme und Daten, von CT-Scans bis zu R\u00f6ntgenbildern, in perfekter Klarheit auf dem kontrastreichen Full HD (1920 x 1080) Display.<\/p>\n<p><a href=\"https:\/\/teguar.com\/eu\/telemedicine-computer\/\">Telemedizin<\/a>: Patienten k\u00f6nnen die eingebauten Lautsprecher und das Leselicht des Monitors, die optionale 5MP-Kamera und verschiedene Befestigungsm\u00f6glichkeiten f\u00fcr virtuelle Anrufe und andere telemedizinische M\u00f6glichkeiten nutzen.<\/p>\n<p><a href=\"https:\/\/teguar.com\/eu\/de\/computer-zur-patientenueberwachung\/\">Patienten\u00fcberwachung<\/a>: Mit drei integrierten Akkusch\u00e4chten und einem optionalen zus\u00e4tzlichen Ladeger\u00e4t f\u00fcr sechs weitere Akkus kann das medizinische Personal wichtige und sich st\u00e4ndig \u00e4ndernde Informationen, wie z.B. die Vitalwerte eines Patienten, \u00fcberwachen, ohne einen Takt zu verpassen.<\/p>\n","protected":false},"featured_media":2243341,"template":"","meta":{"_acf_changed":false},"product_brand":[],"product_cat":[2835],"product_tag":[],"product_label":[],"class_list":{"0":"post-2247454","1":"product","2":"type-product","3":"status-publish","4":"has-post-thumbnail","6":"product_cat-medizinische-monitore","8":"first","9":"instock","10":"taxable","11":"shipping-taxable","12":"purchasable","13":"product-type-simple"},"composite_virtual":false,"composite_layout":"","composite_add_to_cart_form_location":"","composite_editable_in_cart":false,"composite_sold_individually_context":"","composite_shop_price_calc":"","composite_components":[],"composite_scenarios":[],"acf":[],"yoast_head":"<!-- This site is optimized with the Yoast SEO Premium plugin v26.8 (Yoast SEO v27.2) - https:\/\/yoast.com\/product\/yoast-seo-premium-wordpress\/ -->\n<title>22&quot; Tragbares medizinisches Display | TMD-65-22B<\/title>\n<meta name=\"description\" content=\"Dieses tragbare medizinische Display verf\u00fcgt \u00fcber einen 22&quot; Full HD-Touchscreen und Anpassungsm\u00f6glichkeiten. Es ist batteriebetrieben und die Batterien k\u00f6nnen im laufenden Betrieb ausgetauscht werden.\" \/>\n<meta name=\"robots\" content=\"index, follow, max-snippet:-1, max-image-preview:large, max-video-preview:-1\" \/>\n<link rel=\"canonical\" href=\"https:\/\/teguar.com\/eu\/de\/product\/tmd-65-22b\/\" \/>\n<meta property=\"og:locale\" content=\"de_DE\" \/>\n<meta property=\"og:type\" content=\"article\" \/>\n<meta property=\"og:title\" content=\"TMD-65-22B\" \/>\n<meta property=\"og:description\" content=\"Dieses tragbare medizinische Display verf\u00fcgt \u00fcber einen 22&quot; Full HD-Touchscreen und Anpassungsm\u00f6glichkeiten. Es ist batteriebetrieben und die Batterien k\u00f6nnen im laufenden Betrieb ausgetauscht werden.\" \/>\n<meta property=\"og:url\" content=\"https:\/\/teguar.com\/eu\/de\/product\/tmd-65-22b\/\" \/>\n<meta property=\"og:site_name\" content=\"Teguar\" \/>\n<meta property=\"article:modified_time\" content=\"2026-01-02T16:14:33+00:00\" \/>\n<meta property=\"og:image\" content=\"https:\/\/teguar.com\/eu\/wp-content\/uploads\/sites\/2\/2024\/08\/Portable_Medical_Display_22_Front__93977.1724953956.1280.1280.png\" \/>\n\t<meta property=\"og:image:width\" content=\"1000\" \/>\n\t<meta property=\"og:image:height\" content=\"1000\" \/>\n\t<meta property=\"og:image:type\" content=\"image\/png\" \/>\n<meta name=\"twitter:card\" content=\"summary_large_image\" \/>\n<meta name=\"twitter:label1\" content=\"Gesch\u00e4tzte Lesezeit\" \/>\n\t<meta name=\"twitter:data1\" content=\"1\u00a0Minute\" \/>\n<script type=\"application\/ld+json\" class=\"yoast-schema-graph\">{\"@context\":\"https:\/\/schema.org\",\"@graph\":[{\"@type\":\"WebPage\",\"@id\":\"https:\/\/teguar.com\/eu\/de\/product\/tmd-65-22b\/\",\"url\":\"https:\/\/teguar.com\/eu\/de\/product\/tmd-65-22b\/\",\"name\":\"22\\\" Tragbares medizinisches Display | TMD-65-22B\",\"isPartOf\":{\"@id\":\"https:\/\/teguar.com\/eu\/en\/#website\"},\"primaryImageOfPage\":{\"@id\":\"https:\/\/teguar.com\/eu\/de\/product\/tmd-65-22b\/#primaryimage\"},\"image\":{\"@id\":\"https:\/\/teguar.com\/eu\/de\/product\/tmd-65-22b\/#primaryimage\"},\"thumbnailUrl\":\"https:\/\/teguar.com\/eu\/wp-content\/uploads\/sites\/2\/2024\/08\/Portable_Medical_Display_22_Front__93977.1724953956.1280.1280.png\",\"datePublished\":\"2025-06-24T14:13:50+00:00\",\"dateModified\":\"2026-01-02T16:14:33+00:00\",\"description\":\"Dieses tragbare medizinische Display verf\u00fcgt \u00fcber einen 22\\\" Full HD-Touchscreen und Anpassungsm\u00f6glichkeiten. Es ist batteriebetrieben und die Batterien k\u00f6nnen im laufenden Betrieb ausgetauscht werden.\",\"breadcrumb\":{\"@id\":\"https:\/\/teguar.com\/eu\/de\/product\/tmd-65-22b\/#breadcrumb\"},\"inLanguage\":\"de\",\"potentialAction\":[{\"@type\":\"ReadAction\",\"target\":[\"https:\/\/teguar.com\/eu\/de\/product\/tmd-65-22b\/\"]}]},{\"@type\":\"ImageObject\",\"inLanguage\":\"de\",\"@id\":\"https:\/\/teguar.com\/eu\/de\/product\/tmd-65-22b\/#primaryimage\",\"url\":\"https:\/\/teguar.com\/eu\/wp-content\/uploads\/sites\/2\/2024\/08\/Portable_Medical_Display_22_Front__93977.1724953956.1280.1280.png\",\"contentUrl\":\"https:\/\/teguar.com\/eu\/wp-content\/uploads\/sites\/2\/2024\/08\/Portable_Medical_Display_22_Front__93977.1724953956.1280.1280.png\",\"width\":1000,\"height\":1000,\"caption\":\"22\\\" Portable Medical Display TMD-65-22B Front\"},{\"@type\":\"BreadcrumbList\",\"@id\":\"https:\/\/teguar.com\/eu\/de\/product\/tmd-65-22b\/#breadcrumb\",\"itemListElement\":[{\"@type\":\"ListItem\",\"position\":1,\"name\":\"Home\",\"item\":\"https:\/\/teguar.com\/eu\/de\/\"},{\"@type\":\"ListItem\",\"position\":2,\"name\":\"TMD-65-22B\"}]},{\"@type\":\"WebSite\",\"@id\":\"https:\/\/teguar.com\/eu\/en\/#website\",\"url\":\"https:\/\/teguar.com\/eu\/en\/\",\"name\":\"Teguar\",\"description\":\"Industrial PCs, Medical Computers, and Rugged Tablets\",\"potentialAction\":[{\"@type\":\"SearchAction\",\"target\":{\"@type\":\"EntryPoint\",\"urlTemplate\":\"https:\/\/teguar.com\/eu\/en\/?s={search_term_string}\"},\"query-input\":{\"@type\":\"PropertyValueSpecification\",\"valueRequired\":true,\"valueName\":\"search_term_string\"}}],\"inLanguage\":\"de\"}]}<\/script>\n<!-- \/ Yoast SEO Premium plugin. -->","yoast_head_json":{"title":"22\" Tragbares medizinisches Display | TMD-65-22B","description":"Dieses tragbare medizinische Display verf\u00fcgt \u00fcber einen 22\" Full HD-Touchscreen und Anpassungsm\u00f6glichkeiten. Es ist batteriebetrieben und die Batterien k\u00f6nnen im laufenden Betrieb ausgetauscht werden.","robots":{"index":"index","follow":"follow","max-snippet":"max-snippet:-1","max-image-preview":"max-image-preview:large","max-video-preview":"max-video-preview:-1"},"canonical":"https:\/\/teguar.com\/eu\/de\/product\/tmd-65-22b\/","og_locale":"de_DE","og_type":"article","og_title":"TMD-65-22B","og_description":"Dieses tragbare medizinische Display verf\u00fcgt \u00fcber einen 22\" Full HD-Touchscreen und Anpassungsm\u00f6glichkeiten. Es ist batteriebetrieben und die Batterien k\u00f6nnen im laufenden Betrieb ausgetauscht werden.","og_url":"https:\/\/teguar.com\/eu\/de\/product\/tmd-65-22b\/","og_site_name":"Teguar","article_modified_time":"2026-01-02T16:14:33+00:00","og_image":[{"width":1000,"height":1000,"url":"https:\/\/teguar.com\/eu\/wp-content\/uploads\/sites\/2\/2024\/08\/Portable_Medical_Display_22_Front__93977.1724953956.1280.1280.png","type":"image\/png"}],"twitter_card":"summary_large_image","twitter_misc":{"Gesch\u00e4tzte Lesezeit":"1\u00a0Minute"},"schema":{"@context":"https:\/\/schema.org","@graph":[{"@type":"WebPage","@id":"https:\/\/teguar.com\/eu\/de\/product\/tmd-65-22b\/","url":"https:\/\/teguar.com\/eu\/de\/product\/tmd-65-22b\/","name":"22\" Tragbares medizinisches Display | TMD-65-22B","isPartOf":{"@id":"https:\/\/teguar.com\/eu\/en\/#website"},"primaryImageOfPage":{"@id":"https:\/\/teguar.com\/eu\/de\/product\/tmd-65-22b\/#primaryimage"},"image":{"@id":"https:\/\/teguar.com\/eu\/de\/product\/tmd-65-22b\/#primaryimage"},"thumbnailUrl":"https:\/\/teguar.com\/eu\/wp-content\/uploads\/sites\/2\/2024\/08\/Portable_Medical_Display_22_Front__93977.1724953956.1280.1280.png","datePublished":"2025-06-24T14:13:50+00:00","dateModified":"2026-01-02T16:14:33+00:00","description":"Dieses tragbare medizinische Display verf\u00fcgt \u00fcber einen 22\" Full HD-Touchscreen und Anpassungsm\u00f6glichkeiten. Es ist batteriebetrieben und die Batterien k\u00f6nnen im laufenden Betrieb ausgetauscht werden.","breadcrumb":{"@id":"https:\/\/teguar.com\/eu\/de\/product\/tmd-65-22b\/#breadcrumb"},"inLanguage":"de","potentialAction":[{"@type":"ReadAction","target":["https:\/\/teguar.com\/eu\/de\/product\/tmd-65-22b\/"]}]},{"@type":"ImageObject","inLanguage":"de","@id":"https:\/\/teguar.com\/eu\/de\/product\/tmd-65-22b\/#primaryimage","url":"https:\/\/teguar.com\/eu\/wp-content\/uploads\/sites\/2\/2024\/08\/Portable_Medical_Display_22_Front__93977.1724953956.1280.1280.png","contentUrl":"https:\/\/teguar.com\/eu\/wp-content\/uploads\/sites\/2\/2024\/08\/Portable_Medical_Display_22_Front__93977.1724953956.1280.1280.png","width":1000,"height":1000,"caption":"22\" Portable Medical Display TMD-65-22B Front"},{"@type":"BreadcrumbList","@id":"https:\/\/teguar.com\/eu\/de\/product\/tmd-65-22b\/#breadcrumb","itemListElement":[{"@type":"ListItem","position":1,"name":"Home","item":"https:\/\/teguar.com\/eu\/de\/"},{"@type":"ListItem","position":2,"name":"TMD-65-22B"}]},{"@type":"WebSite","@id":"https:\/\/teguar.com\/eu\/en\/#website","url":"https:\/\/teguar.com\/eu\/en\/","name":"Teguar","description":"Industrial PCs, Medical Computers, and Rugged Tablets","potentialAction":[{"@type":"SearchAction","target":{"@type":"EntryPoint","urlTemplate":"https:\/\/teguar.com\/eu\/en\/?s={search_term_string}"},"query-input":{"@type":"PropertyValueSpecification","valueRequired":true,"valueName":"search_term_string"}}],"inLanguage":"de"}]}},"_links":{"self":[{"href":"https:\/\/teguar.com\/eu\/de\/wp-json\/wp\/v2\/product\/2247454","targetHints":{"allow":["GET"]}}],"collection":[{"href":"https:\/\/teguar.com\/eu\/de\/wp-json\/wp\/v2\/product"}],"about":[{"href":"https:\/\/teguar.com\/eu\/de\/wp-json\/wp\/v2\/types\/product"}],"wp:featuredmedia":[{"embeddable":true,"href":"https:\/\/teguar.com\/eu\/de\/wp-json\/wp\/v2\/media\/2243341"}],"wp:attachment":[{"href":"https:\/\/teguar.com\/eu\/de\/wp-json\/wp\/v2\/media?parent=2247454"}],"wp:term":[{"taxonomy":"product_brand","embeddable":true,"href":"https:\/\/teguar.com\/eu\/de\/wp-json\/wp\/v2\/product_brand?post=2247454"},{"taxonomy":"product_cat","embeddable":true,"href":"https:\/\/teguar.com\/eu\/de\/wp-json\/wp\/v2\/product_cat?post=2247454"},{"taxonomy":"product_tag","embeddable":true,"href":"https:\/\/teguar.com\/eu\/de\/wp-json\/wp\/v2\/product_tag?post=2247454"},{"taxonomy":"product_label","embeddable":true,"href":"https:\/\/teguar.com\/eu\/de\/wp-json\/wp\/v2\/product_label?post=2247454"}],"curies":[{"name":"wp","href":"https:\/\/api.w.org\/{rel}","templated":true}]}}