{"id":2247453,"date":"2025-06-24T14:09:50","date_gmt":"2025-06-24T14:09:50","guid":{"rendered":"https:\/\/teguar.com\/eu\/product\/trt-q5380-08\/"},"modified":"2025-11-20T19:38:57","modified_gmt":"2025-11-20T19:38:57","slug":"trt-q5380-08","status":"publish","type":"product","link":"https:\/\/teguar.com\/eu\/de\/product\/trt-q5380-08\/","title":{"rendered":"TRT-Q5380-08"},"content":{"rendered":"<p>Das TRT-Q5380-08 l\u00e4uft mit einer Qualcomm Octa-Core-CPU und hat ein robustes Geh\u00e4use, so dass Sie es \u00fcberallhin mitnehmen k\u00f6nnen. Der 8-Zoll-Touchscreen aus Gorilla Glass ist kratzfest und das Tablet ist nach MIL-STD-810G zertifiziert, d.h. es h\u00e4lt St\u00fcrze, St\u00f6\u00dfe und Vibrationen aus. Au\u00dferdem ist es vollst\u00e4ndig wasserdicht und entspricht der Schutzklasse IP67. Der TRT-Q5380-08 verf\u00fcgt \u00fcber umfangreiche Konnektivit\u00e4t mit 4G LTE, WiFi, Bluetooth und GPS. Au\u00dferdem sind ein optionaler Barcode-Scanner und ein RFID-Leser direkt in das Ger\u00e4t integriert. Dieses Tablet ist optional mit einer Fahrzeug-\/Gabelstaplerhalterung oder einer Dockingstation ausgestattet. Eingebaute USB-Anschl\u00fcsse vom Typ A und Typ C bieten Vielseitigkeit f\u00fcr den einfachen Zugriff auf Standard-USB- und Hochgeschwindigkeits-Daten\u00fcbertragungsverbindungen.<\/p>\n","protected":false},"excerpt":{"rendered":"<p>Mobiler Verkauf und Bestellung: Das robuste Tablet TRT-Q5380-08 mit 4G LTE-Konnektivit\u00e4t ist ideal f\u00fcr den mobilen Verkauf und das Bestellwesen. Vertriebsmitarbeiter k\u00f6nnen damit unterwegs Produkte pr\u00e4sentieren, Bestellungen bearbeiten und auf Kundendaten zugreifen.<\/p>\n<p><a href=\"https:\/\/teguar.com\/eu\/de\/computer-fuer-die-lagerverwaltung\/\">Lagerbetrieb:<\/a> Dank seiner Robustheit, Erweiterbarkeit und langen Akkulaufzeit eignet sich das TRT-Q5380-08-Tablet f\u00fcr den Einsatz im Lager, wo es den Mitarbeitern ein zuverl\u00e4ssiges Ger\u00e4t f\u00fcr die Bestandsverwaltung, das Scannen von Barcodes und die Dateneingabe bietet und so die Effizienz und Genauigkeit verbessert.<\/p>\n<p>Sicherheit und Zugangskontrolle: Mit seiner GMS-Zertifizierung und optionalen Modulen wie biometrischen Fingerabdrucklesern und IC-Kartenlesern kann das TRT-Q5380-08-Tablet f\u00fcr Sicherheits- und Zugangskontrollanwendungen eingesetzt werden und bietet eine sichere und bequeme L\u00f6sung f\u00fcr die Authentifizierung und Zugangsverwaltung.<\/p>\n","protected":false},"featured_media":570,"template":"","meta":{"_acf_changed":false},"product_brand":[],"product_cat":[2267],"product_tag":[],"product_label":[],"class_list":{"0":"post-2247453","1":"product","2":"type-product","3":"status-publish","4":"has-post-thumbnail","6":"product_cat-rugged-android-tablets","8":"first","9":"instock","10":"taxable","11":"shipping-taxable","12":"purchasable","13":"product-type-simple"},"composite_virtual":false,"composite_layout":"","composite_add_to_cart_form_location":"","composite_editable_in_cart":false,"composite_sold_individually_context":"","composite_shop_price_calc":"","composite_components":[],"composite_scenarios":[],"acf":[],"yoast_head":"<!-- This site is optimized with the Yoast SEO Premium plugin v26.8 (Yoast SEO v27.2) - https:\/\/yoast.com\/product\/yoast-seo-premium-wordpress\/ -->\n<title>Robustes 8&quot; Android Tablet | TRT-Q5380-08<\/title>\n<meta name=\"description\" content=\"Das TRT-Q5380-08 ist ein 8&quot; Rugged Tablet f\u00fcr industrielle Anwendungen und Au\u00dfendiensteins\u00e4tze. Dieses Tablet l\u00e4uft mit einer Qualcomm Snapdragon CPU und ist MIL-STD-810G sturz- und sto\u00dffest.\" \/>\n<meta name=\"robots\" content=\"index, follow, max-snippet:-1, max-image-preview:large, max-video-preview:-1\" \/>\n<link rel=\"canonical\" href=\"https:\/\/teguar.com\/eu\/de\/product\/trt-q5380-08\/\" \/>\n<meta property=\"og:locale\" content=\"de_DE\" \/>\n<meta property=\"og:type\" content=\"article\" \/>\n<meta property=\"og:title\" content=\"TRT-Q5380-08\" \/>\n<meta property=\"og:description\" content=\"Das TRT-Q5380-08 ist ein 8&quot; Rugged Tablet f\u00fcr industrielle Anwendungen und Au\u00dfendiensteins\u00e4tze. Dieses Tablet l\u00e4uft mit einer Qualcomm Snapdragon CPU und ist MIL-STD-810G sturz- und sto\u00dffest.\" \/>\n<meta property=\"og:url\" content=\"https:\/\/teguar.com\/eu\/de\/product\/trt-q5380-08\/\" \/>\n<meta property=\"og:site_name\" content=\"Teguar\" \/>\n<meta property=\"article:modified_time\" content=\"2025-11-20T19:38:57+00:00\" \/>\n<meta property=\"og:image\" content=\"https:\/\/teguar.com\/eu\/wp-content\/uploads\/sites\/2\/2024\/08\/Teguar_Rugged_Tablet_TRT-Q5380-08__83593.1617654035.1280.1280__15651.1722868252.1280.1280.jpg\" \/>\n\t<meta property=\"og:image:width\" content=\"1000\" \/>\n\t<meta property=\"og:image:height\" content=\"1000\" \/>\n\t<meta property=\"og:image:type\" content=\"image\/jpeg\" \/>\n<meta name=\"twitter:card\" content=\"summary_large_image\" \/>\n<meta name=\"twitter:label1\" content=\"Gesch\u00e4tzte Lesezeit\" \/>\n\t<meta name=\"twitter:data1\" content=\"1\u00a0Minute\" \/>\n<script type=\"application\/ld+json\" class=\"yoast-schema-graph\">{\"@context\":\"https:\/\/schema.org\",\"@graph\":[{\"@type\":\"WebPage\",\"@id\":\"https:\/\/teguar.com\/eu\/de\/product\/trt-q5380-08\/\",\"url\":\"https:\/\/teguar.com\/eu\/de\/product\/trt-q5380-08\/\",\"name\":\"Robustes 8\\\" Android Tablet | TRT-Q5380-08\",\"isPartOf\":{\"@id\":\"https:\/\/teguar.com\/eu\/en\/#website\"},\"primaryImageOfPage\":{\"@id\":\"https:\/\/teguar.com\/eu\/de\/product\/trt-q5380-08\/#primaryimage\"},\"image\":{\"@id\":\"https:\/\/teguar.com\/eu\/de\/product\/trt-q5380-08\/#primaryimage\"},\"thumbnailUrl\":\"https:\/\/teguar.com\/eu\/wp-content\/uploads\/sites\/2\/2024\/08\/Teguar_Rugged_Tablet_TRT-Q5380-08__83593.1617654035.1280.1280__15651.1722868252.1280.1280.jpg\",\"datePublished\":\"2025-06-24T14:09:50+00:00\",\"dateModified\":\"2025-11-20T19:38:57+00:00\",\"description\":\"Das TRT-Q5380-08 ist ein 8\\\" Rugged Tablet f\u00fcr industrielle Anwendungen und Au\u00dfendiensteins\u00e4tze. Dieses Tablet l\u00e4uft mit einer Qualcomm Snapdragon CPU und ist MIL-STD-810G sturz- und sto\u00dffest.\",\"breadcrumb\":{\"@id\":\"https:\/\/teguar.com\/eu\/de\/product\/trt-q5380-08\/#breadcrumb\"},\"inLanguage\":\"de\",\"potentialAction\":[{\"@type\":\"ReadAction\",\"target\":[\"https:\/\/teguar.com\/eu\/de\/product\/trt-q5380-08\/\"]}]},{\"@type\":\"ImageObject\",\"inLanguage\":\"de\",\"@id\":\"https:\/\/teguar.com\/eu\/de\/product\/trt-q5380-08\/#primaryimage\",\"url\":\"https:\/\/teguar.com\/eu\/wp-content\/uploads\/sites\/2\/2024\/08\/Teguar_Rugged_Tablet_TRT-Q5380-08__83593.1617654035.1280.1280__15651.1722868252.1280.1280.jpg\",\"contentUrl\":\"https:\/\/teguar.com\/eu\/wp-content\/uploads\/sites\/2\/2024\/08\/Teguar_Rugged_Tablet_TRT-Q5380-08__83593.1617654035.1280.1280__15651.1722868252.1280.1280.jpg\",\"width\":1000,\"height\":1000,\"caption\":\"Teguar Rugged Tablet PC | TRT-Q5380-08\"},{\"@type\":\"BreadcrumbList\",\"@id\":\"https:\/\/teguar.com\/eu\/de\/product\/trt-q5380-08\/#breadcrumb\",\"itemListElement\":[{\"@type\":\"ListItem\",\"position\":1,\"name\":\"Home\",\"item\":\"https:\/\/teguar.com\/eu\/de\/\"},{\"@type\":\"ListItem\",\"position\":2,\"name\":\"TRT-Q5380-08\"}]},{\"@type\":\"WebSite\",\"@id\":\"https:\/\/teguar.com\/eu\/en\/#website\",\"url\":\"https:\/\/teguar.com\/eu\/en\/\",\"name\":\"Teguar\",\"description\":\"Industrial PCs, Medical Computers, and Rugged Tablets\",\"potentialAction\":[{\"@type\":\"SearchAction\",\"target\":{\"@type\":\"EntryPoint\",\"urlTemplate\":\"https:\/\/teguar.com\/eu\/en\/?s={search_term_string}\"},\"query-input\":{\"@type\":\"PropertyValueSpecification\",\"valueRequired\":true,\"valueName\":\"search_term_string\"}}],\"inLanguage\":\"de\"}]}<\/script>\n<!-- \/ Yoast SEO Premium plugin. -->","yoast_head_json":{"title":"Robustes 8\" Android Tablet | TRT-Q5380-08","description":"Das TRT-Q5380-08 ist ein 8\" Rugged Tablet f\u00fcr industrielle Anwendungen und Au\u00dfendiensteins\u00e4tze. Dieses Tablet l\u00e4uft mit einer Qualcomm Snapdragon CPU und ist MIL-STD-810G sturz- und sto\u00dffest.","robots":{"index":"index","follow":"follow","max-snippet":"max-snippet:-1","max-image-preview":"max-image-preview:large","max-video-preview":"max-video-preview:-1"},"canonical":"https:\/\/teguar.com\/eu\/de\/product\/trt-q5380-08\/","og_locale":"de_DE","og_type":"article","og_title":"TRT-Q5380-08","og_description":"Das TRT-Q5380-08 ist ein 8\" Rugged Tablet f\u00fcr industrielle Anwendungen und Au\u00dfendiensteins\u00e4tze. Dieses Tablet l\u00e4uft mit einer Qualcomm Snapdragon CPU und ist MIL-STD-810G sturz- und sto\u00dffest.","og_url":"https:\/\/teguar.com\/eu\/de\/product\/trt-q5380-08\/","og_site_name":"Teguar","article_modified_time":"2025-11-20T19:38:57+00:00","og_image":[{"width":1000,"height":1000,"url":"https:\/\/teguar.com\/eu\/wp-content\/uploads\/sites\/2\/2024\/08\/Teguar_Rugged_Tablet_TRT-Q5380-08__83593.1617654035.1280.1280__15651.1722868252.1280.1280.jpg","type":"image\/jpeg"}],"twitter_card":"summary_large_image","twitter_misc":{"Gesch\u00e4tzte Lesezeit":"1\u00a0Minute"},"schema":{"@context":"https:\/\/schema.org","@graph":[{"@type":"WebPage","@id":"https:\/\/teguar.com\/eu\/de\/product\/trt-q5380-08\/","url":"https:\/\/teguar.com\/eu\/de\/product\/trt-q5380-08\/","name":"Robustes 8\" Android Tablet | TRT-Q5380-08","isPartOf":{"@id":"https:\/\/teguar.com\/eu\/en\/#website"},"primaryImageOfPage":{"@id":"https:\/\/teguar.com\/eu\/de\/product\/trt-q5380-08\/#primaryimage"},"image":{"@id":"https:\/\/teguar.com\/eu\/de\/product\/trt-q5380-08\/#primaryimage"},"thumbnailUrl":"https:\/\/teguar.com\/eu\/wp-content\/uploads\/sites\/2\/2024\/08\/Teguar_Rugged_Tablet_TRT-Q5380-08__83593.1617654035.1280.1280__15651.1722868252.1280.1280.jpg","datePublished":"2025-06-24T14:09:50+00:00","dateModified":"2025-11-20T19:38:57+00:00","description":"Das TRT-Q5380-08 ist ein 8\" Rugged Tablet f\u00fcr industrielle Anwendungen und Au\u00dfendiensteins\u00e4tze. Dieses Tablet l\u00e4uft mit einer Qualcomm Snapdragon CPU und ist MIL-STD-810G sturz- und sto\u00dffest.","breadcrumb":{"@id":"https:\/\/teguar.com\/eu\/de\/product\/trt-q5380-08\/#breadcrumb"},"inLanguage":"de","potentialAction":[{"@type":"ReadAction","target":["https:\/\/teguar.com\/eu\/de\/product\/trt-q5380-08\/"]}]},{"@type":"ImageObject","inLanguage":"de","@id":"https:\/\/teguar.com\/eu\/de\/product\/trt-q5380-08\/#primaryimage","url":"https:\/\/teguar.com\/eu\/wp-content\/uploads\/sites\/2\/2024\/08\/Teguar_Rugged_Tablet_TRT-Q5380-08__83593.1617654035.1280.1280__15651.1722868252.1280.1280.jpg","contentUrl":"https:\/\/teguar.com\/eu\/wp-content\/uploads\/sites\/2\/2024\/08\/Teguar_Rugged_Tablet_TRT-Q5380-08__83593.1617654035.1280.1280__15651.1722868252.1280.1280.jpg","width":1000,"height":1000,"caption":"Teguar Rugged Tablet PC | TRT-Q5380-08"},{"@type":"BreadcrumbList","@id":"https:\/\/teguar.com\/eu\/de\/product\/trt-q5380-08\/#breadcrumb","itemListElement":[{"@type":"ListItem","position":1,"name":"Home","item":"https:\/\/teguar.com\/eu\/de\/"},{"@type":"ListItem","position":2,"name":"TRT-Q5380-08"}]},{"@type":"WebSite","@id":"https:\/\/teguar.com\/eu\/en\/#website","url":"https:\/\/teguar.com\/eu\/en\/","name":"Teguar","description":"Industrial PCs, Medical Computers, and Rugged Tablets","potentialAction":[{"@type":"SearchAction","target":{"@type":"EntryPoint","urlTemplate":"https:\/\/teguar.com\/eu\/en\/?s={search_term_string}"},"query-input":{"@type":"PropertyValueSpecification","valueRequired":true,"valueName":"search_term_string"}}],"inLanguage":"de"}]}},"_links":{"self":[{"href":"https:\/\/teguar.com\/eu\/de\/wp-json\/wp\/v2\/product\/2247453","targetHints":{"allow":["GET"]}}],"collection":[{"href":"https:\/\/teguar.com\/eu\/de\/wp-json\/wp\/v2\/product"}],"about":[{"href":"https:\/\/teguar.com\/eu\/de\/wp-json\/wp\/v2\/types\/product"}],"wp:featuredmedia":[{"embeddable":true,"href":"https:\/\/teguar.com\/eu\/de\/wp-json\/wp\/v2\/media\/570"}],"wp:attachment":[{"href":"https:\/\/teguar.com\/eu\/de\/wp-json\/wp\/v2\/media?parent=2247453"}],"wp:term":[{"taxonomy":"product_brand","embeddable":true,"href":"https:\/\/teguar.com\/eu\/de\/wp-json\/wp\/v2\/product_brand?post=2247453"},{"taxonomy":"product_cat","embeddable":true,"href":"https:\/\/teguar.com\/eu\/de\/wp-json\/wp\/v2\/product_cat?post=2247453"},{"taxonomy":"product_tag","embeddable":true,"href":"https:\/\/teguar.com\/eu\/de\/wp-json\/wp\/v2\/product_tag?post=2247453"},{"taxonomy":"product_label","embeddable":true,"href":"https:\/\/teguar.com\/eu\/de\/wp-json\/wp\/v2\/product_label?post=2247453"}],"curies":[{"name":"wp","href":"https:\/\/api.w.org\/{rel}","templated":true}]}}