{"id":2247452,"date":"2025-10-02T14:09:49","date_gmt":"2025-10-02T14:09:49","guid":{"rendered":"https:\/\/teguar.com\/eu\/product\/tm-7200-24\/"},"modified":"2026-04-02T12:01:40","modified_gmt":"2026-04-02T12:01:40","slug":"tm-7200-24","status":"publish","type":"product","link":"https:\/\/teguar.com\/eu\/de\/product\/tm-7200-24\/","title":{"rendered":"Clarion TM-7200-24"},"content":{"rendered":"<p>Das ist unser klarer Ruf: dass Patienten und Fachleute das Beste verdienen.<\/p>\n<p>Nutzen Sie die Vorteile des Intel\u00ae Core\u2122 Ultra Prozessors von Clarion und seiner starken Multitasking-Leistung in einem l\u00fcfterlosen Ger\u00e4t. Das optisch gebundene 10-Punkt-Touch-Display bietet hellere Farben und eine blendfreie Beschichtung, damit Sie die Informationen sehen und nicht die Deckenbeleuchtung. Der TM-7200 verf\u00fcgt \u00fcber eine integrierte 5-MP-Kamera mit Datenschutzverriegelung und eine Lautsprecherleistenerweiterung und ist damit f\u00fcr telemedizinische Anwendungen bestens ger\u00fcstet. Erweitern Sie es um KI-M\u00f6glichkeiten, die Patienten mit maschinellem Sehen und Gesichtserkennung \u00fcberwachen und beurteilen k\u00f6nnen. Und wenn Sie aufr\u00fcsten m\u00f6chten, k\u00f6nnen Sie dies \u00fcber eine breite Palette von E\/As tun.    <\/p>\n<p><em><strong>Erscheint im 2. Quartal 2026.<\/strong><\/em><\/p>\n","protected":false},"excerpt":{"rendered":"<ul>\n<li>Nutzen Sie die Leistung von Meteor Lake von Intel\u00ae.<\/li>\n<li>K\u00fcnstliche Intelligenz wird mit Hailo freigeschaltet<\/li>\n<li>Laute und klare Kommunikation von Angesicht zu Angesicht und Telemedizin<\/li>\n<li>Erstaunlich sauberer Look in einer eleganten Verpackung<\/li>\n<\/ul>\n","protected":false},"featured_media":2248955,"template":"","meta":{"_acf_changed":false},"product_brand":[],"product_cat":[2834],"product_tag":[],"product_label":[],"class_list":{"0":"post-2247452","1":"product","2":"type-product","3":"status-publish","4":"has-post-thumbnail","6":"product_cat-computer-fur-medizinische-zwecke","8":"first","9":"instock","10":"taxable","11":"shipping-taxable","12":"purchasable","13":"product-type-simple"},"composite_virtual":false,"composite_layout":"","composite_add_to_cart_form_location":"","composite_editable_in_cart":false,"composite_sold_individually_context":"","composite_shop_price_calc":"","composite_components":[],"composite_scenarios":[],"acf":[],"yoast_head":"<!-- This site is optimized with the Yoast SEO Premium plugin v26.8 (Yoast SEO v27.2) - https:\/\/yoast.com\/product\/yoast-seo-premium-wordpress\/ -->\n<title>Clarion 24&quot; Medizinisches All-in-One-Ger\u00e4t | TM-7200-24<\/title>\n<meta name=\"description\" content=\"Dieser KI-f\u00e4hige medizinische Computer nutzt die Leistung von Intels Meteor Lake Prozessor der 14. Generation f\u00fcr intelligente Telemedizin und andere medizinische Anwendungen.\" \/>\n<meta name=\"robots\" content=\"noindex, follow\" \/>\n<meta property=\"og:locale\" content=\"de_DE\" \/>\n<meta property=\"og:type\" content=\"article\" \/>\n<meta property=\"og:title\" content=\"Clarion TM-7200-24\" \/>\n<meta property=\"og:description\" content=\"Dieser KI-f\u00e4hige medizinische Computer nutzt die Leistung von Intels Meteor Lake Prozessor der 14. Generation f\u00fcr intelligente Telemedizin und andere medizinische Anwendungen.\" \/>\n<meta property=\"og:url\" content=\"https:\/\/teguar.com\/eu\/de\/product\/tm-7200-24\/\" \/>\n<meta property=\"og:site_name\" content=\"Teguar\" \/>\n<meta property=\"article:modified_time\" content=\"2026-04-02T12:01:40+00:00\" \/>\n<meta property=\"og:image\" content=\"https:\/\/teguar.com\/eu\/wp-content\/uploads\/sites\/2\/2026\/04\/Clarion-Medical-All-in-One-Transparent.png\" \/>\n\t<meta property=\"og:image:width\" content=\"864\" \/>\n\t<meta property=\"og:image:height\" content=\"864\" \/>\n\t<meta property=\"og:image:type\" content=\"image\/png\" \/>\n<meta name=\"twitter:card\" content=\"summary_large_image\" \/>\n<meta name=\"twitter:label1\" content=\"Gesch\u00e4tzte Lesezeit\" \/>\n\t<meta name=\"twitter:data1\" content=\"1\u00a0Minute\" \/>\n<script type=\"application\/ld+json\" class=\"yoast-schema-graph\">{\"@context\":\"https:\/\/schema.org\",\"@graph\":[{\"@type\":\"WebPage\",\"@id\":\"https:\/\/teguar.com\/eu\/de\/product\/tm-7200-24\/\",\"url\":\"https:\/\/teguar.com\/eu\/de\/product\/tm-7200-24\/\",\"name\":\"Clarion 24\\\" Medizinisches All-in-One-Ger\u00e4t | TM-7200-24\",\"isPartOf\":{\"@id\":\"https:\/\/teguar.com\/eu\/en\/#website\"},\"primaryImageOfPage\":{\"@id\":\"https:\/\/teguar.com\/eu\/de\/product\/tm-7200-24\/#primaryimage\"},\"image\":{\"@id\":\"https:\/\/teguar.com\/eu\/de\/product\/tm-7200-24\/#primaryimage\"},\"thumbnailUrl\":\"https:\/\/teguar.com\/eu\/wp-content\/uploads\/sites\/2\/2026\/04\/Clarion-Medical-All-in-One-Transparent.png\",\"datePublished\":\"2025-10-02T14:09:49+00:00\",\"dateModified\":\"2026-04-02T12:01:40+00:00\",\"description\":\"Dieser KI-f\u00e4hige medizinische Computer nutzt die Leistung von Intels Meteor Lake Prozessor der 14. Generation f\u00fcr intelligente Telemedizin und andere medizinische Anwendungen.\",\"breadcrumb\":{\"@id\":\"https:\/\/teguar.com\/eu\/de\/product\/tm-7200-24\/#breadcrumb\"},\"inLanguage\":\"de\",\"potentialAction\":[{\"@type\":\"ReadAction\",\"target\":[\"https:\/\/teguar.com\/eu\/de\/product\/tm-7200-24\/\"]}]},{\"@type\":\"ImageObject\",\"inLanguage\":\"de\",\"@id\":\"https:\/\/teguar.com\/eu\/de\/product\/tm-7200-24\/#primaryimage\",\"url\":\"https:\/\/teguar.com\/eu\/wp-content\/uploads\/sites\/2\/2026\/04\/Clarion-Medical-All-in-One-Transparent.png\",\"contentUrl\":\"https:\/\/teguar.com\/eu\/wp-content\/uploads\/sites\/2\/2026\/04\/Clarion-Medical-All-in-One-Transparent.png\",\"width\":864,\"height\":864,\"caption\":\"Clarion-Medical-All-in-One\"},{\"@type\":\"BreadcrumbList\",\"@id\":\"https:\/\/teguar.com\/eu\/de\/product\/tm-7200-24\/#breadcrumb\",\"itemListElement\":[{\"@type\":\"ListItem\",\"position\":1,\"name\":\"Home\",\"item\":\"https:\/\/teguar.com\/eu\/de\/\"},{\"@type\":\"ListItem\",\"position\":2,\"name\":\"Clarion TM-7200-24\"}]},{\"@type\":\"WebSite\",\"@id\":\"https:\/\/teguar.com\/eu\/en\/#website\",\"url\":\"https:\/\/teguar.com\/eu\/en\/\",\"name\":\"Teguar\",\"description\":\"Industrial PCs, Medical Computers, and Rugged Tablets\",\"potentialAction\":[{\"@type\":\"SearchAction\",\"target\":{\"@type\":\"EntryPoint\",\"urlTemplate\":\"https:\/\/teguar.com\/eu\/en\/?s={search_term_string}\"},\"query-input\":{\"@type\":\"PropertyValueSpecification\",\"valueRequired\":true,\"valueName\":\"search_term_string\"}}],\"inLanguage\":\"de\"}]}<\/script>\n<!-- \/ Yoast SEO Premium plugin. -->","yoast_head_json":{"title":"Clarion 24\" Medizinisches All-in-One-Ger\u00e4t | TM-7200-24","description":"Dieser KI-f\u00e4hige medizinische Computer nutzt die Leistung von Intels Meteor Lake Prozessor der 14. Generation f\u00fcr intelligente Telemedizin und andere medizinische Anwendungen.","robots":{"index":"noindex","follow":"follow"},"og_locale":"de_DE","og_type":"article","og_title":"Clarion TM-7200-24","og_description":"Dieser KI-f\u00e4hige medizinische Computer nutzt die Leistung von Intels Meteor Lake Prozessor der 14. Generation f\u00fcr intelligente Telemedizin und andere medizinische Anwendungen.","og_url":"https:\/\/teguar.com\/eu\/de\/product\/tm-7200-24\/","og_site_name":"Teguar","article_modified_time":"2026-04-02T12:01:40+00:00","og_image":[{"width":864,"height":864,"url":"https:\/\/teguar.com\/eu\/wp-content\/uploads\/sites\/2\/2026\/04\/Clarion-Medical-All-in-One-Transparent.png","type":"image\/png"}],"twitter_card":"summary_large_image","twitter_misc":{"Gesch\u00e4tzte Lesezeit":"1\u00a0Minute"},"schema":{"@context":"https:\/\/schema.org","@graph":[{"@type":"WebPage","@id":"https:\/\/teguar.com\/eu\/de\/product\/tm-7200-24\/","url":"https:\/\/teguar.com\/eu\/de\/product\/tm-7200-24\/","name":"Clarion 24\" Medizinisches All-in-One-Ger\u00e4t | TM-7200-24","isPartOf":{"@id":"https:\/\/teguar.com\/eu\/en\/#website"},"primaryImageOfPage":{"@id":"https:\/\/teguar.com\/eu\/de\/product\/tm-7200-24\/#primaryimage"},"image":{"@id":"https:\/\/teguar.com\/eu\/de\/product\/tm-7200-24\/#primaryimage"},"thumbnailUrl":"https:\/\/teguar.com\/eu\/wp-content\/uploads\/sites\/2\/2026\/04\/Clarion-Medical-All-in-One-Transparent.png","datePublished":"2025-10-02T14:09:49+00:00","dateModified":"2026-04-02T12:01:40+00:00","description":"Dieser KI-f\u00e4hige medizinische Computer nutzt die Leistung von Intels Meteor Lake Prozessor der 14. Generation f\u00fcr intelligente Telemedizin und andere medizinische Anwendungen.","breadcrumb":{"@id":"https:\/\/teguar.com\/eu\/de\/product\/tm-7200-24\/#breadcrumb"},"inLanguage":"de","potentialAction":[{"@type":"ReadAction","target":["https:\/\/teguar.com\/eu\/de\/product\/tm-7200-24\/"]}]},{"@type":"ImageObject","inLanguage":"de","@id":"https:\/\/teguar.com\/eu\/de\/product\/tm-7200-24\/#primaryimage","url":"https:\/\/teguar.com\/eu\/wp-content\/uploads\/sites\/2\/2026\/04\/Clarion-Medical-All-in-One-Transparent.png","contentUrl":"https:\/\/teguar.com\/eu\/wp-content\/uploads\/sites\/2\/2026\/04\/Clarion-Medical-All-in-One-Transparent.png","width":864,"height":864,"caption":"Clarion-Medical-All-in-One"},{"@type":"BreadcrumbList","@id":"https:\/\/teguar.com\/eu\/de\/product\/tm-7200-24\/#breadcrumb","itemListElement":[{"@type":"ListItem","position":1,"name":"Home","item":"https:\/\/teguar.com\/eu\/de\/"},{"@type":"ListItem","position":2,"name":"Clarion TM-7200-24"}]},{"@type":"WebSite","@id":"https:\/\/teguar.com\/eu\/en\/#website","url":"https:\/\/teguar.com\/eu\/en\/","name":"Teguar","description":"Industrial PCs, Medical Computers, and Rugged Tablets","potentialAction":[{"@type":"SearchAction","target":{"@type":"EntryPoint","urlTemplate":"https:\/\/teguar.com\/eu\/en\/?s={search_term_string}"},"query-input":{"@type":"PropertyValueSpecification","valueRequired":true,"valueName":"search_term_string"}}],"inLanguage":"de"}]}},"_links":{"self":[{"href":"https:\/\/teguar.com\/eu\/de\/wp-json\/wp\/v2\/product\/2247452","targetHints":{"allow":["GET"]}}],"collection":[{"href":"https:\/\/teguar.com\/eu\/de\/wp-json\/wp\/v2\/product"}],"about":[{"href":"https:\/\/teguar.com\/eu\/de\/wp-json\/wp\/v2\/types\/product"}],"wp:featuredmedia":[{"embeddable":true,"href":"https:\/\/teguar.com\/eu\/de\/wp-json\/wp\/v2\/media\/2248955"}],"wp:attachment":[{"href":"https:\/\/teguar.com\/eu\/de\/wp-json\/wp\/v2\/media?parent=2247452"}],"wp:term":[{"taxonomy":"product_brand","embeddable":true,"href":"https:\/\/teguar.com\/eu\/de\/wp-json\/wp\/v2\/product_brand?post=2247452"},{"taxonomy":"product_cat","embeddable":true,"href":"https:\/\/teguar.com\/eu\/de\/wp-json\/wp\/v2\/product_cat?post=2247452"},{"taxonomy":"product_tag","embeddable":true,"href":"https:\/\/teguar.com\/eu\/de\/wp-json\/wp\/v2\/product_tag?post=2247452"},{"taxonomy":"product_label","embeddable":true,"href":"https:\/\/teguar.com\/eu\/de\/wp-json\/wp\/v2\/product_label?post=2247452"}],"curies":[{"name":"wp","href":"https:\/\/api.w.org\/{rel}","templated":true}]}}