{"id":2247450,"date":"2025-06-25T13:00:46","date_gmt":"2025-06-25T13:00:46","guid":{"rendered":"https:\/\/teguar.com\/eu\/product\/twb-7010\/"},"modified":"2025-11-20T16:13:20","modified_gmt":"2025-11-20T16:13:20","slug":"twb-7010","status":"publish","type":"product","link":"https:\/\/teguar.com\/eu\/de\/product\/twb-7010\/","title":{"rendered":"TWB-7010"},"content":{"rendered":"<p>Der Trident Embedded Computer ist in ein rostfreies Edelstahlgeh\u00e4use eingebaut, um eine zuverl\u00e4ssige, wasserdichte Leistung zu gew\u00e4hrleisten. Der Core i Prozessor von Intel\u00ae erreicht einen Passmark-Score von \u00fcber 9500 und ist f\u00fcr die Ausf\u00fchrung von Windows 11 ausgestattet. W\u00e4hlen Sie Ihre bevorzugte Methode, um Ihre E\/As wasserdicht zu machen: entweder M12-Stecker oder eine Kabelverschraubung. Passen Sie Trident mit integrierten Wi-Fi-Optionen und einem zweiten LAN-Anschluss noch weiter an Ihre Bed\u00fcrfnisse an. Dieser korrosionsbest\u00e4ndige, l\u00fcfterlose Computer kann immer wieder gereinigt und bespr\u00fcht werden &#8211; perfekt f\u00fcr Anwendungen in der Pharmazie sowie in der Lebensmittel- und Getr\u00e4nkeindustrie.    <\/p>\n","protected":false},"excerpt":{"rendered":"<p><strong>F\u00fcr eine abschlie\u00dfbare IP-Einstufung &#8211; perfekt f\u00fcr<\/strong> <a href=\"https:\/\/teguar.com\/eu\/de\/computer-und-tablets-fuer-reinraeume\/\">Reinr\u00e4ume<\/a>: Die Schutzart IP69K gew\u00e4hrleistet, dass das Ger\u00e4t gegen Hochdruckwasserstrahlen, zeitweiliges Untertauchen und Staub oder Partikel gesch\u00fctzt ist. In sensiblen pharmazeutischen Produktionsumgebungen oder Waschbereichen wird durch das l\u00fcfterlose Design kein Staub aufgewirbelt, und das Edelstahlgeh\u00e4use enth\u00e4lt keine Farbe oder andere Verunreinigungen, die in einen Reinraum eindringen k\u00f6nnten. <\/p>\n<p><strong>H\u00e4lt h\u00e4ufigen Desinfektionen stand &#8211; F\u00fcr<\/strong> <a href=\"https:\/\/teguar.com\/eu\/de\/computer-und-monitore-fuer-den-operationssaal\/\">Krankenh\u00e4user<\/a><strong> und andere hygienische Umgebungen<\/strong>: Medizinische Umgebungen erfordern eine h\u00e4ufige Sterilisation und Desinfektion zur Sicherheit der Patienten und des medizinischen Personals gleicherma\u00dfen. Das korrosionsbest\u00e4ndige (304\/316) \u00c4u\u00dfere des TWB-7010 h\u00e4lt aggressiven Reinigungschemikalien stand und ist durch M12-Steckverbinder oder Kabelverschraubungen, die die E\/As sch\u00fctzen, vor dem Eindringen von Fl\u00fcssigkeiten gesch\u00fctzt. <\/p>\n<p><strong>F\u00fcr vollst\u00e4ndig wasserdichtes Geh\u00e4use &#8211;<\/strong> <a href=\"https:\/\/teguar.com\/eu\/beverage-bottling-computer\/\">Getr\u00e4nke- und Abf\u00fcllcomputer<\/a>: Verwenden Sie den TWB-7010 zur \u00dcberwachung von Produktions- oder Qualit\u00e4tssicherungsprozessen selbst in unordentlichen Lebensmittel- und Getr\u00e4nkeanlagen. Sie brauchen dieses Ger\u00e4t nicht zu verstecken oder in einem Schrank zu sch\u00fctzen &#8211; das Edelstahlgeh\u00e4use ist sicher vor dem Eindringen von Fl\u00fcssigkeiten, Kr\u00fcmeln und Staub und kann zusammen mit dem Rest der Ausr\u00fcstung einfach abgewaschen werden. <\/p>\n","protected":false},"featured_media":2239953,"template":"","meta":{"_acf_changed":false},"product_brand":[],"product_cat":[2812,2824,2843,2853,2854],"product_tag":[4681,4755,3598],"product_label":[],"class_list":{"0":"post-2247450","1":"product","2":"type-product","3":"status-publish","4":"has-post-thumbnail","6":"product_cat-embedded-pcs","7":"product_cat-lufterlose-pcs","8":"product_cat-rugged-computer","9":"product_cat-wasserdichte-box-pcs","10":"product_cat-wasserdichte-computer","11":"product_tag-computer-fur-explosionsgefahrdete-bereiche","12":"product_tag-pharmazeutische-computer","13":"product_tag-trident-series","14":"pa_windows-windows-10-iot","15":"pa_windows-windows-10-pro","16":"pa_windows-windows-11-iot","17":"pa_windows-windows-11-pro","19":"first","20":"instock","21":"taxable","22":"shipping-taxable","23":"purchasable","24":"product-type-simple"},"composite_virtual":false,"composite_layout":"","composite_add_to_cart_form_location":"","composite_editable_in_cart":false,"composite_sold_individually_context":"","composite_shop_price_calc":"","composite_components":[],"composite_scenarios":[],"acf":[],"yoast_head":"<!-- This site is optimized with the Yoast SEO Premium plugin v26.8 (Yoast SEO v27.2) - https:\/\/yoast.com\/product\/yoast-seo-premium-wordpress\/ -->\n<title>IP69K Edelstahl Computer | Trident | TWB-7010<\/title>\n<meta name=\"description\" content=\"Der Trident Stainless Steel PC ist ein l\u00fcfterloser, vollst\u00e4ndig wasserdichter Embedded Computer mit einer Intel-CPU der 12. Generation und wahlweise mit Kabelverschraubungen oder M12-Anschl\u00fcssen.\" \/>\n<meta name=\"robots\" content=\"index, follow, max-snippet:-1, max-image-preview:large, max-video-preview:-1\" \/>\n<link rel=\"canonical\" href=\"https:\/\/teguar.com\/eu\/de\/product\/twb-7010\/\" \/>\n<meta property=\"og:locale\" content=\"de_DE\" \/>\n<meta property=\"og:type\" content=\"article\" \/>\n<meta property=\"og:title\" content=\"TWB-7010\" \/>\n<meta property=\"og:description\" content=\"Der Trident Stainless Steel PC ist ein l\u00fcfterloser, vollst\u00e4ndig wasserdichter Embedded Computer mit einer Intel-CPU der 12. Generation und wahlweise mit Kabelverschraubungen oder M12-Anschl\u00fcssen.\" \/>\n<meta property=\"og:url\" content=\"https:\/\/teguar.com\/eu\/de\/product\/twb-7010\/\" \/>\n<meta property=\"og:site_name\" content=\"Teguar\" \/>\n<meta property=\"article:modified_time\" content=\"2025-11-20T16:13:20+00:00\" \/>\n<meta property=\"og:image\" content=\"https:\/\/teguar.com\/eu\/wp-content\/uploads\/sites\/2\/2025\/05\/TWB-7010_M12_IO__21604.1746201526.1280.1280.jpg\" \/>\n\t<meta property=\"og:image:width\" content=\"1000\" \/>\n\t<meta property=\"og:image:height\" content=\"1000\" \/>\n\t<meta property=\"og:image:type\" content=\"image\/jpeg\" \/>\n<meta name=\"twitter:card\" content=\"summary_large_image\" \/>\n<meta name=\"twitter:label1\" content=\"Gesch\u00e4tzte Lesezeit\" \/>\n\t<meta name=\"twitter:data1\" content=\"1\u00a0Minute\" \/>\n<script type=\"application\/ld+json\" class=\"yoast-schema-graph\">{\"@context\":\"https:\/\/schema.org\",\"@graph\":[{\"@type\":\"WebPage\",\"@id\":\"https:\/\/teguar.com\/eu\/de\/product\/twb-7010\/\",\"url\":\"https:\/\/teguar.com\/eu\/de\/product\/twb-7010\/\",\"name\":\"IP69K Edelstahl Computer | Trident | TWB-7010\",\"isPartOf\":{\"@id\":\"https:\/\/teguar.com\/eu\/en\/#website\"},\"primaryImageOfPage\":{\"@id\":\"https:\/\/teguar.com\/eu\/de\/product\/twb-7010\/#primaryimage\"},\"image\":{\"@id\":\"https:\/\/teguar.com\/eu\/de\/product\/twb-7010\/#primaryimage\"},\"thumbnailUrl\":\"https:\/\/teguar.com\/eu\/wp-content\/uploads\/sites\/2\/2025\/05\/TWB-7010_M12_IO__21604.1746201526.1280.1280.jpg\",\"datePublished\":\"2025-06-25T13:00:46+00:00\",\"dateModified\":\"2025-11-20T16:13:20+00:00\",\"description\":\"Der Trident Stainless Steel PC ist ein l\u00fcfterloser, vollst\u00e4ndig wasserdichter Embedded Computer mit einer Intel-CPU der 12. Generation und wahlweise mit Kabelverschraubungen oder M12-Anschl\u00fcssen.\",\"breadcrumb\":{\"@id\":\"https:\/\/teguar.com\/eu\/de\/product\/twb-7010\/#breadcrumb\"},\"inLanguage\":\"de\",\"potentialAction\":[{\"@type\":\"ReadAction\",\"target\":[\"https:\/\/teguar.com\/eu\/de\/product\/twb-7010\/\"]}]},{\"@type\":\"ImageObject\",\"inLanguage\":\"de\",\"@id\":\"https:\/\/teguar.com\/eu\/de\/product\/twb-7010\/#primaryimage\",\"url\":\"https:\/\/teguar.com\/eu\/wp-content\/uploads\/sites\/2\/2025\/05\/TWB-7010_M12_IO__21604.1746201526.1280.1280.jpg\",\"contentUrl\":\"https:\/\/teguar.com\/eu\/wp-content\/uploads\/sites\/2\/2025\/05\/TWB-7010_M12_IO__21604.1746201526.1280.1280.jpg\",\"width\":1000,\"height\":1000,\"caption\":\"TWB-7010 M12 Connectors\"},{\"@type\":\"BreadcrumbList\",\"@id\":\"https:\/\/teguar.com\/eu\/de\/product\/twb-7010\/#breadcrumb\",\"itemListElement\":[{\"@type\":\"ListItem\",\"position\":1,\"name\":\"Home\",\"item\":\"https:\/\/teguar.com\/eu\/de\/\"},{\"@type\":\"ListItem\",\"position\":2,\"name\":\"TWB-7010\"}]},{\"@type\":\"WebSite\",\"@id\":\"https:\/\/teguar.com\/eu\/en\/#website\",\"url\":\"https:\/\/teguar.com\/eu\/en\/\",\"name\":\"Teguar\",\"description\":\"Industrial PCs, Medical Computers, and Rugged Tablets\",\"potentialAction\":[{\"@type\":\"SearchAction\",\"target\":{\"@type\":\"EntryPoint\",\"urlTemplate\":\"https:\/\/teguar.com\/eu\/en\/?s={search_term_string}\"},\"query-input\":{\"@type\":\"PropertyValueSpecification\",\"valueRequired\":true,\"valueName\":\"search_term_string\"}}],\"inLanguage\":\"de\"}]}<\/script>\n<!-- \/ Yoast SEO Premium plugin. -->","yoast_head_json":{"title":"IP69K Edelstahl Computer | Trident | TWB-7010","description":"Der Trident Stainless Steel PC ist ein l\u00fcfterloser, vollst\u00e4ndig wasserdichter Embedded Computer mit einer Intel-CPU der 12. Generation und wahlweise mit Kabelverschraubungen oder M12-Anschl\u00fcssen.","robots":{"index":"index","follow":"follow","max-snippet":"max-snippet:-1","max-image-preview":"max-image-preview:large","max-video-preview":"max-video-preview:-1"},"canonical":"https:\/\/teguar.com\/eu\/de\/product\/twb-7010\/","og_locale":"de_DE","og_type":"article","og_title":"TWB-7010","og_description":"Der Trident Stainless Steel PC ist ein l\u00fcfterloser, vollst\u00e4ndig wasserdichter Embedded Computer mit einer Intel-CPU der 12. Generation und wahlweise mit Kabelverschraubungen oder M12-Anschl\u00fcssen.","og_url":"https:\/\/teguar.com\/eu\/de\/product\/twb-7010\/","og_site_name":"Teguar","article_modified_time":"2025-11-20T16:13:20+00:00","og_image":[{"width":1000,"height":1000,"url":"https:\/\/teguar.com\/eu\/wp-content\/uploads\/sites\/2\/2025\/05\/TWB-7010_M12_IO__21604.1746201526.1280.1280.jpg","type":"image\/jpeg"}],"twitter_card":"summary_large_image","twitter_misc":{"Gesch\u00e4tzte Lesezeit":"1\u00a0Minute"},"schema":{"@context":"https:\/\/schema.org","@graph":[{"@type":"WebPage","@id":"https:\/\/teguar.com\/eu\/de\/product\/twb-7010\/","url":"https:\/\/teguar.com\/eu\/de\/product\/twb-7010\/","name":"IP69K Edelstahl Computer | Trident | TWB-7010","isPartOf":{"@id":"https:\/\/teguar.com\/eu\/en\/#website"},"primaryImageOfPage":{"@id":"https:\/\/teguar.com\/eu\/de\/product\/twb-7010\/#primaryimage"},"image":{"@id":"https:\/\/teguar.com\/eu\/de\/product\/twb-7010\/#primaryimage"},"thumbnailUrl":"https:\/\/teguar.com\/eu\/wp-content\/uploads\/sites\/2\/2025\/05\/TWB-7010_M12_IO__21604.1746201526.1280.1280.jpg","datePublished":"2025-06-25T13:00:46+00:00","dateModified":"2025-11-20T16:13:20+00:00","description":"Der Trident Stainless Steel PC ist ein l\u00fcfterloser, vollst\u00e4ndig wasserdichter Embedded Computer mit einer Intel-CPU der 12. Generation und wahlweise mit Kabelverschraubungen oder M12-Anschl\u00fcssen.","breadcrumb":{"@id":"https:\/\/teguar.com\/eu\/de\/product\/twb-7010\/#breadcrumb"},"inLanguage":"de","potentialAction":[{"@type":"ReadAction","target":["https:\/\/teguar.com\/eu\/de\/product\/twb-7010\/"]}]},{"@type":"ImageObject","inLanguage":"de","@id":"https:\/\/teguar.com\/eu\/de\/product\/twb-7010\/#primaryimage","url":"https:\/\/teguar.com\/eu\/wp-content\/uploads\/sites\/2\/2025\/05\/TWB-7010_M12_IO__21604.1746201526.1280.1280.jpg","contentUrl":"https:\/\/teguar.com\/eu\/wp-content\/uploads\/sites\/2\/2025\/05\/TWB-7010_M12_IO__21604.1746201526.1280.1280.jpg","width":1000,"height":1000,"caption":"TWB-7010 M12 Connectors"},{"@type":"BreadcrumbList","@id":"https:\/\/teguar.com\/eu\/de\/product\/twb-7010\/#breadcrumb","itemListElement":[{"@type":"ListItem","position":1,"name":"Home","item":"https:\/\/teguar.com\/eu\/de\/"},{"@type":"ListItem","position":2,"name":"TWB-7010"}]},{"@type":"WebSite","@id":"https:\/\/teguar.com\/eu\/en\/#website","url":"https:\/\/teguar.com\/eu\/en\/","name":"Teguar","description":"Industrial PCs, Medical Computers, and Rugged Tablets","potentialAction":[{"@type":"SearchAction","target":{"@type":"EntryPoint","urlTemplate":"https:\/\/teguar.com\/eu\/en\/?s={search_term_string}"},"query-input":{"@type":"PropertyValueSpecification","valueRequired":true,"valueName":"search_term_string"}}],"inLanguage":"de"}]}},"_links":{"self":[{"href":"https:\/\/teguar.com\/eu\/de\/wp-json\/wp\/v2\/product\/2247450","targetHints":{"allow":["GET"]}}],"collection":[{"href":"https:\/\/teguar.com\/eu\/de\/wp-json\/wp\/v2\/product"}],"about":[{"href":"https:\/\/teguar.com\/eu\/de\/wp-json\/wp\/v2\/types\/product"}],"wp:featuredmedia":[{"embeddable":true,"href":"https:\/\/teguar.com\/eu\/de\/wp-json\/wp\/v2\/media\/2239953"}],"wp:attachment":[{"href":"https:\/\/teguar.com\/eu\/de\/wp-json\/wp\/v2\/media?parent=2247450"}],"wp:term":[{"taxonomy":"product_brand","embeddable":true,"href":"https:\/\/teguar.com\/eu\/de\/wp-json\/wp\/v2\/product_brand?post=2247450"},{"taxonomy":"product_cat","embeddable":true,"href":"https:\/\/teguar.com\/eu\/de\/wp-json\/wp\/v2\/product_cat?post=2247450"},{"taxonomy":"product_tag","embeddable":true,"href":"https:\/\/teguar.com\/eu\/de\/wp-json\/wp\/v2\/product_tag?post=2247450"},{"taxonomy":"product_label","embeddable":true,"href":"https:\/\/teguar.com\/eu\/de\/wp-json\/wp\/v2\/product_label?post=2247450"}],"curies":[{"name":"wp","href":"https:\/\/api.w.org\/{rel}","templated":true}]}}