{"id":2247446,"date":"2025-06-24T19:11:08","date_gmt":"2025-06-24T19:11:08","guid":{"rendered":"https:\/\/teguar.com\/eu\/product\/ts-5945-16\/"},"modified":"2025-11-20T16:13:50","modified_gmt":"2025-11-20T16:13:50","slug":"ts-5945-16","status":"publish","type":"product","link":"https:\/\/teguar.com\/eu\/de\/product\/ts-5945-16\/","title":{"rendered":"TS-5945-16"},"content":{"rendered":"<p>Der TS-5945-16 Edelstahl-Computer l\u00e4uft auf einem leistungsstarken11th Gen Intel\u00ae Tiger Lake CPU, die eine reibungslose Ausf\u00fchrung von Windows 11 erm\u00f6glicht. Die industriellen Komponenten sind in einem Geh\u00e4use aus SUS304-Edelstahl untergebracht, komplett mit hygienischen Schrauben, die mit Ringen aus Nitrilkautschuk (NBR) abgedichtet sind, um Feuchtigkeit fernzuhalten. Dieses Geh\u00e4use macht das Ger\u00e4t ideal f\u00fcr feuchte Umgebungen, in denen Staub, Schmutz und aggressive Chemikalien vorherrschen. Der TS-5945 verf\u00fcgt \u00fcber mehrere E\/As und wird sogar mit zwei optionalen leeren M12-Anschl\u00fcssen f\u00fcr zus\u00e4tzliche E\/As Ihrer Wahl geliefert. Die wasserdichten M12-E\/A-Anschl\u00fcsse erm\u00f6glichen die Verwendung von Ein- und Ausg\u00e4ngen in feuchten Umgebungen.<\/p>\n","protected":false},"excerpt":{"rendered":"<p><a href=\"https:\/\/teguar.com\/eu\/chemical-processing-computer\/\">Chemische Verarbeitung:<\/a> Die Edelstahlserie TS-5945 eignet sich gut f\u00fcr industrielle Umgebungen, in denen raue Chemikalien vorhanden sind. Sie bietet eine langlebige und korrosionsbest\u00e4ndige Computerl\u00f6sung, die den Anforderungen der chemischen Verarbeitung standh\u00e4lt.<\/p>\n<p><a href=\"https:\/\/teguar.com\/eu\/de\/computer-fuer-die-lebensmittelverarbeitung\/\">Lebensmittel- und Getr\u00e4nkeherstellung:<\/a> Mit ihrem Edelstahlgeh\u00e4use und den M12-E\/A-Steckern aus Metall ist die TS-5945 Serie f\u00fcr den Einsatz in der Lebensmittel- und Getr\u00e4nkeindustrie konzipiert, wo Wasser, Staub und Reinigungsmittel weit verbreitet sind, und gew\u00e4hrleistet einen zuverl\u00e4ssigen Betrieb und Schutz vor Verunreinigungen.<\/p>\n<p><a href=\"https:\/\/teguar.com\/eu\/de\/pharmazeutische-computer\/\">Pharmazeutische Herstellung:<\/a> Die Edelstahlserie TS-5945 ist mit ihrem feuchtigkeitsfreien Design und den industrietauglichen Komponenten ideal f\u00fcr pharmazeutische Produktionsst\u00e4tten, die robuste und hygienische Computerl\u00f6sungen ben\u00f6tigen, die auch schwierigen Umgebungsbedingungen standhalten.<\/p>\n<p>Petrochemische Anlagen: Die Serie TS-5945 ist f\u00fcr den Einsatz in rauen Industrieumgebungen, wie z.B. in petrochemischen Anlagen, konzipiert. Sie bietet zuverl\u00e4ssige Rechenleistung und Schutz vor Wasser, Staub und Chemikalien und eignet sich daher f\u00fcr kritische Kontroll- und \u00dcberwachungsanwendungen.<\/p>\n","protected":false},"featured_media":897,"template":"","meta":{"_acf_changed":false},"product_brand":[],"product_cat":[2854],"product_tag":[4746],"product_label":[],"class_list":{"0":"post-2247446","1":"product","2":"type-product","3":"status-publish","4":"has-post-thumbnail","6":"product_cat-wasserdichte-computer","7":"product_tag-ts-5945-series","8":"pa_windows-windows-10-iot","9":"pa_windows-windows-10-pro","10":"pa_windows-windows-11-pro","12":"first","13":"outofstock","14":"taxable","15":"shipping-taxable","16":"purchasable","17":"product-type-simple"},"composite_virtual":false,"composite_layout":"","composite_add_to_cart_form_location":"","composite_editable_in_cart":false,"composite_sold_individually_context":"","composite_shop_price_calc":"","composite_components":[],"composite_scenarios":[],"acf":[],"yoast_head":"<!-- This site is optimized with the Yoast SEO Premium plugin v26.8 (Yoast SEO v27.2) - https:\/\/yoast.com\/product\/yoast-seo-premium-wordpress\/ -->\n<title>16&quot; Computer aus Edelstahl | TS-5945-16<\/title>\n<meta name=\"description\" content=\"Die TS-5945 Serie aus Edelstahl ist ideal f\u00fcr industrielle Umgebungen, in denen Wasser, Staub oder aggressive Chemikalien vorkommen.\" \/>\n<meta name=\"robots\" content=\"index, follow, max-snippet:-1, max-image-preview:large, max-video-preview:-1\" \/>\n<link rel=\"canonical\" href=\"https:\/\/teguar.com\/eu\/de\/product\/ts-5945-16\/\" \/>\n<meta property=\"og:locale\" content=\"de_DE\" \/>\n<meta property=\"og:type\" content=\"article\" \/>\n<meta property=\"og:title\" content=\"TS-5945-16\" \/>\n<meta property=\"og:description\" content=\"Die TS-5945 Serie aus Edelstahl ist ideal f\u00fcr industrielle Umgebungen, in denen Wasser, Staub oder aggressive Chemikalien vorkommen.\" \/>\n<meta property=\"og:url\" content=\"https:\/\/teguar.com\/eu\/de\/product\/ts-5945-16\/\" \/>\n<meta property=\"og:site_name\" content=\"Teguar\" \/>\n<meta property=\"article:modified_time\" content=\"2025-11-20T16:13:50+00:00\" \/>\n<meta property=\"og:image\" content=\"https:\/\/teguar.com\/eu\/wp-content\/uploads\/sites\/2\/2023\/03\/TS-5945-16_Front_Angled__41656.1679588275.1280.1280.jpg\" \/>\n\t<meta property=\"og:image:width\" content=\"1280\" \/>\n\t<meta property=\"og:image:height\" content=\"914\" \/>\n\t<meta property=\"og:image:type\" content=\"image\/jpeg\" \/>\n<meta name=\"twitter:card\" content=\"summary_large_image\" \/>\n<meta name=\"twitter:label1\" content=\"Gesch\u00e4tzte Lesezeit\" \/>\n\t<meta name=\"twitter:data1\" content=\"1\u00a0Minute\" \/>\n<script type=\"application\/ld+json\" class=\"yoast-schema-graph\">{\"@context\":\"https:\/\/schema.org\",\"@graph\":[{\"@type\":\"WebPage\",\"@id\":\"https:\/\/teguar.com\/eu\/de\/product\/ts-5945-16\/\",\"url\":\"https:\/\/teguar.com\/eu\/de\/product\/ts-5945-16\/\",\"name\":\"16\\\" Computer aus Edelstahl | TS-5945-16\",\"isPartOf\":{\"@id\":\"https:\/\/teguar.com\/eu\/en\/#website\"},\"primaryImageOfPage\":{\"@id\":\"https:\/\/teguar.com\/eu\/de\/product\/ts-5945-16\/#primaryimage\"},\"image\":{\"@id\":\"https:\/\/teguar.com\/eu\/de\/product\/ts-5945-16\/#primaryimage\"},\"thumbnailUrl\":\"https:\/\/teguar.com\/eu\/wp-content\/uploads\/sites\/2\/2023\/03\/TS-5945-16_Front_Angled__41656.1679588275.1280.1280.jpg\",\"datePublished\":\"2025-06-24T19:11:08+00:00\",\"dateModified\":\"2025-11-20T16:13:50+00:00\",\"description\":\"Die TS-5945 Serie aus Edelstahl ist ideal f\u00fcr industrielle Umgebungen, in denen Wasser, Staub oder aggressive Chemikalien vorkommen.\",\"breadcrumb\":{\"@id\":\"https:\/\/teguar.com\/eu\/de\/product\/ts-5945-16\/#breadcrumb\"},\"inLanguage\":\"de\",\"potentialAction\":[{\"@type\":\"ReadAction\",\"target\":[\"https:\/\/teguar.com\/eu\/de\/product\/ts-5945-16\/\"]}]},{\"@type\":\"ImageObject\",\"inLanguage\":\"de\",\"@id\":\"https:\/\/teguar.com\/eu\/de\/product\/ts-5945-16\/#primaryimage\",\"url\":\"https:\/\/teguar.com\/eu\/wp-content\/uploads\/sites\/2\/2023\/03\/TS-5945-16_Front_Angled__41656.1679588275.1280.1280.jpg\",\"contentUrl\":\"https:\/\/teguar.com\/eu\/wp-content\/uploads\/sites\/2\/2023\/03\/TS-5945-16_Front_Angled__41656.1679588275.1280.1280.jpg\",\"width\":1280,\"height\":914,\"caption\":\"16\\\" Stainless Steel Computer | TS-5945-16 Front Angled\"},{\"@type\":\"BreadcrumbList\",\"@id\":\"https:\/\/teguar.com\/eu\/de\/product\/ts-5945-16\/#breadcrumb\",\"itemListElement\":[{\"@type\":\"ListItem\",\"position\":1,\"name\":\"Home\",\"item\":\"https:\/\/teguar.com\/eu\/de\/\"},{\"@type\":\"ListItem\",\"position\":2,\"name\":\"TS-5945-16\"}]},{\"@type\":\"WebSite\",\"@id\":\"https:\/\/teguar.com\/eu\/en\/#website\",\"url\":\"https:\/\/teguar.com\/eu\/en\/\",\"name\":\"Teguar\",\"description\":\"Industrial PCs, Medical Computers, and Rugged Tablets\",\"potentialAction\":[{\"@type\":\"SearchAction\",\"target\":{\"@type\":\"EntryPoint\",\"urlTemplate\":\"https:\/\/teguar.com\/eu\/en\/?s={search_term_string}\"},\"query-input\":{\"@type\":\"PropertyValueSpecification\",\"valueRequired\":true,\"valueName\":\"search_term_string\"}}],\"inLanguage\":\"de\"}]}<\/script>\n<!-- \/ Yoast SEO Premium plugin. -->","yoast_head_json":{"title":"16\" Computer aus Edelstahl | TS-5945-16","description":"Die TS-5945 Serie aus Edelstahl ist ideal f\u00fcr industrielle Umgebungen, in denen Wasser, Staub oder aggressive Chemikalien vorkommen.","robots":{"index":"index","follow":"follow","max-snippet":"max-snippet:-1","max-image-preview":"max-image-preview:large","max-video-preview":"max-video-preview:-1"},"canonical":"https:\/\/teguar.com\/eu\/de\/product\/ts-5945-16\/","og_locale":"de_DE","og_type":"article","og_title":"TS-5945-16","og_description":"Die TS-5945 Serie aus Edelstahl ist ideal f\u00fcr industrielle Umgebungen, in denen Wasser, Staub oder aggressive Chemikalien vorkommen.","og_url":"https:\/\/teguar.com\/eu\/de\/product\/ts-5945-16\/","og_site_name":"Teguar","article_modified_time":"2025-11-20T16:13:50+00:00","og_image":[{"width":1280,"height":914,"url":"https:\/\/teguar.com\/eu\/wp-content\/uploads\/sites\/2\/2023\/03\/TS-5945-16_Front_Angled__41656.1679588275.1280.1280.jpg","type":"image\/jpeg"}],"twitter_card":"summary_large_image","twitter_misc":{"Gesch\u00e4tzte Lesezeit":"1\u00a0Minute"},"schema":{"@context":"https:\/\/schema.org","@graph":[{"@type":"WebPage","@id":"https:\/\/teguar.com\/eu\/de\/product\/ts-5945-16\/","url":"https:\/\/teguar.com\/eu\/de\/product\/ts-5945-16\/","name":"16\" Computer aus Edelstahl | TS-5945-16","isPartOf":{"@id":"https:\/\/teguar.com\/eu\/en\/#website"},"primaryImageOfPage":{"@id":"https:\/\/teguar.com\/eu\/de\/product\/ts-5945-16\/#primaryimage"},"image":{"@id":"https:\/\/teguar.com\/eu\/de\/product\/ts-5945-16\/#primaryimage"},"thumbnailUrl":"https:\/\/teguar.com\/eu\/wp-content\/uploads\/sites\/2\/2023\/03\/TS-5945-16_Front_Angled__41656.1679588275.1280.1280.jpg","datePublished":"2025-06-24T19:11:08+00:00","dateModified":"2025-11-20T16:13:50+00:00","description":"Die TS-5945 Serie aus Edelstahl ist ideal f\u00fcr industrielle Umgebungen, in denen Wasser, Staub oder aggressive Chemikalien vorkommen.","breadcrumb":{"@id":"https:\/\/teguar.com\/eu\/de\/product\/ts-5945-16\/#breadcrumb"},"inLanguage":"de","potentialAction":[{"@type":"ReadAction","target":["https:\/\/teguar.com\/eu\/de\/product\/ts-5945-16\/"]}]},{"@type":"ImageObject","inLanguage":"de","@id":"https:\/\/teguar.com\/eu\/de\/product\/ts-5945-16\/#primaryimage","url":"https:\/\/teguar.com\/eu\/wp-content\/uploads\/sites\/2\/2023\/03\/TS-5945-16_Front_Angled__41656.1679588275.1280.1280.jpg","contentUrl":"https:\/\/teguar.com\/eu\/wp-content\/uploads\/sites\/2\/2023\/03\/TS-5945-16_Front_Angled__41656.1679588275.1280.1280.jpg","width":1280,"height":914,"caption":"16\" Stainless Steel Computer | TS-5945-16 Front Angled"},{"@type":"BreadcrumbList","@id":"https:\/\/teguar.com\/eu\/de\/product\/ts-5945-16\/#breadcrumb","itemListElement":[{"@type":"ListItem","position":1,"name":"Home","item":"https:\/\/teguar.com\/eu\/de\/"},{"@type":"ListItem","position":2,"name":"TS-5945-16"}]},{"@type":"WebSite","@id":"https:\/\/teguar.com\/eu\/en\/#website","url":"https:\/\/teguar.com\/eu\/en\/","name":"Teguar","description":"Industrial PCs, Medical Computers, and Rugged Tablets","potentialAction":[{"@type":"SearchAction","target":{"@type":"EntryPoint","urlTemplate":"https:\/\/teguar.com\/eu\/en\/?s={search_term_string}"},"query-input":{"@type":"PropertyValueSpecification","valueRequired":true,"valueName":"search_term_string"}}],"inLanguage":"de"}]}},"_links":{"self":[{"href":"https:\/\/teguar.com\/eu\/de\/wp-json\/wp\/v2\/product\/2247446","targetHints":{"allow":["GET"]}}],"collection":[{"href":"https:\/\/teguar.com\/eu\/de\/wp-json\/wp\/v2\/product"}],"about":[{"href":"https:\/\/teguar.com\/eu\/de\/wp-json\/wp\/v2\/types\/product"}],"wp:featuredmedia":[{"embeddable":true,"href":"https:\/\/teguar.com\/eu\/de\/wp-json\/wp\/v2\/media\/897"}],"wp:attachment":[{"href":"https:\/\/teguar.com\/eu\/de\/wp-json\/wp\/v2\/media?parent=2247446"}],"wp:term":[{"taxonomy":"product_brand","embeddable":true,"href":"https:\/\/teguar.com\/eu\/de\/wp-json\/wp\/v2\/product_brand?post=2247446"},{"taxonomy":"product_cat","embeddable":true,"href":"https:\/\/teguar.com\/eu\/de\/wp-json\/wp\/v2\/product_cat?post=2247446"},{"taxonomy":"product_tag","embeddable":true,"href":"https:\/\/teguar.com\/eu\/de\/wp-json\/wp\/v2\/product_tag?post=2247446"},{"taxonomy":"product_label","embeddable":true,"href":"https:\/\/teguar.com\/eu\/de\/wp-json\/wp\/v2\/product_label?post=2247446"}],"curies":[{"name":"wp","href":"https:\/\/api.w.org\/{rel}","templated":true}]}}