{"id":2247444,"date":"2025-06-24T14:20:22","date_gmt":"2025-06-24T14:20:22","guid":{"rendered":"https:\/\/teguar.com\/eu\/product\/tm-5010-22f\/"},"modified":"2025-11-20T16:41:17","modified_gmt":"2025-11-20T16:41:17","slug":"tm-5010-22f","status":"publish","type":"product","link":"https:\/\/teguar.com\/eu\/de\/product\/tm-5010-22f\/","title":{"rendered":"TM-5010-22F"},"content":{"rendered":"<p>Der TM-5010-22F Gesundheitscomputer ist der Partner des TM-5010-22. Der Hauptunterschied besteht darin, dass der TM-5010-22F \u00fcber einen L\u00fcfter verf\u00fcgt, der die zus\u00e4tzliche Leistung (max. 35 W) f\u00fcr eine h\u00f6here CPU-Leistung und einen gr\u00f6\u00dferen Betriebstemperaturbereich erm\u00f6glicht. Die Anforderungen an medizinische Computer werden mit der EMC 4.0- und Safety 3.1-Zertifizierung erf\u00fcllt oder \u00fcbertroffen. Die leistungsst\u00e4rkste CPU zusammen mit Grafikfunktionen, mehreren USB-Steckpl\u00e4tzen, COM-Ports und Erweiterungsfunktionen machen diesen Computer f\u00fcr das Gesundheitswesen zu einem idealen Ger\u00e4t f\u00fcr den medizinischen OEM-Einsatz oder in Verbindung mit DICOM-Programmen.   &nbsp;  Der TM-5010-22F Computer f\u00fcr das Gesundheitswesen unterst\u00fctzt Intel vPro mit Optionen f\u00fcr TPM v2.0 f\u00fcr Hardware-Sicherheit.&nbsp;  Die zehn Funktionstasten auf der Vorderseite sind vollst\u00e4ndig b\u00fcndig und lassen sich im antibakteriellen Geh\u00e4use leicht reinigen.<\/p>\n","protected":false},"excerpt":{"rendered":"<p><a href=\"https:\/\/teguar.com\/eu\/de\/elektronische-krankenakten-computer\/\">Klinische Dokumentation und EMR:<\/a> Die TM-5010 Medical Computer Serie bietet eine zuverl\u00e4ssige Plattform f\u00fcr elektronische Krankenakten und klinische Dokumentation.<br \/>\n<br \/><a href=\"https:\/\/teguar.com\/eu\/de\/telemedizin-computer\/\">Telemedizin und virtuelle Konsultationen:<\/a> Diese Computer unterst\u00fctzen telemedizinische Dienste mit optionaler Kamera und drahtloser Konnektivit\u00e4t.<br \/>\n<br \/><a href=\"https:\/\/teguar.com\/eu\/point-of-care-computer\/\">Medizinische Point-of-Care-Stationen:<\/a> Die TM-5010 Serie ist ideal f\u00fcr die effiziente Verwaltung von Arbeitsabl\u00e4ufen und die Patientenversorgung an medizinischen Point-of-Care-Stationen.  <\/p>\n","protected":false},"featured_media":1793,"template":"","meta":{"_acf_changed":false},"product_brand":[],"product_cat":[2834],"product_tag":[],"product_label":[],"class_list":{"0":"post-2247444","1":"product","2":"type-product","3":"status-publish","4":"has-post-thumbnail","6":"product_cat-computer-fur-medizinische-zwecke","7":"pa_windows-windows-10-iot","8":"pa_windows-windows-10-pro","9":"pa_windows-windows-7-pro","11":"first","12":"outofstock","13":"taxable","14":"shipping-taxable","15":"purchasable","16":"product-type-simple"},"composite_virtual":false,"composite_layout":"","composite_add_to_cart_form_location":"","composite_editable_in_cart":false,"composite_sold_individually_context":"","composite_shop_price_calc":"","composite_components":[],"composite_scenarios":[],"acf":[],"yoast_head":"<!-- This site is optimized with the Yoast SEO Premium plugin v26.8 (Yoast SEO v27.2) - https:\/\/yoast.com\/product\/yoast-seo-premium-wordpress\/ -->\n<title>22&quot; PC f\u00fcr das Gesundheitswesen | TM-5010-22F<\/title>\n<meta name=\"description\" content=\"Der 22 Zoll gro\u00dfe medizinische Computer von Teguar l\u00e4uft mit einem Core i3\/i5\/i7. Dieser IEC 60601-1 Computer f\u00fcr das Gesundheitswesen ist vollgepackt mit medizinisch spezifischen Funktionen.\" \/>\n<meta name=\"robots\" content=\"index, follow, max-snippet:-1, max-image-preview:large, max-video-preview:-1\" \/>\n<link rel=\"canonical\" href=\"https:\/\/teguar.com\/eu\/de\/product\/tm-5010-22f\/\" \/>\n<meta property=\"og:locale\" content=\"de_DE\" \/>\n<meta property=\"og:type\" content=\"article\" \/>\n<meta property=\"og:title\" content=\"TM-5010-22F\" \/>\n<meta property=\"og:description\" content=\"Der 22 Zoll gro\u00dfe medizinische Computer von Teguar l\u00e4uft mit einem Core i3\/i5\/i7. Dieser IEC 60601-1 Computer f\u00fcr das Gesundheitswesen ist vollgepackt mit medizinisch spezifischen Funktionen.\" \/>\n<meta property=\"og:url\" content=\"https:\/\/teguar.com\/eu\/de\/product\/tm-5010-22f\/\" \/>\n<meta property=\"og:site_name\" content=\"Teguar\" \/>\n<meta property=\"article:modified_time\" content=\"2025-11-20T16:41:17+00:00\" \/>\n<meta property=\"og:image\" content=\"https:\/\/teguar.com\/eu\/wp-content\/uploads\/sites\/2\/2020\/07\/22-inch-medical-grade-pc-tm-5010-22_1__97503.1595934864.1280.1280.jpg\" \/>\n\t<meta property=\"og:image:width\" content=\"1000\" \/>\n\t<meta property=\"og:image:height\" content=\"1000\" \/>\n\t<meta property=\"og:image:type\" content=\"image\/jpeg\" \/>\n<meta name=\"twitter:card\" content=\"summary_large_image\" \/>\n<meta name=\"twitter:label1\" content=\"Gesch\u00e4tzte Lesezeit\" \/>\n\t<meta name=\"twitter:data1\" content=\"1\u00a0Minute\" \/>\n<script type=\"application\/ld+json\" class=\"yoast-schema-graph\">{\"@context\":\"https:\/\/schema.org\",\"@graph\":[{\"@type\":\"WebPage\",\"@id\":\"https:\/\/teguar.com\/eu\/de\/product\/tm-5010-22f\/\",\"url\":\"https:\/\/teguar.com\/eu\/de\/product\/tm-5010-22f\/\",\"name\":\"22\\\" PC f\u00fcr das Gesundheitswesen | TM-5010-22F\",\"isPartOf\":{\"@id\":\"https:\/\/teguar.com\/eu\/en\/#website\"},\"primaryImageOfPage\":{\"@id\":\"https:\/\/teguar.com\/eu\/de\/product\/tm-5010-22f\/#primaryimage\"},\"image\":{\"@id\":\"https:\/\/teguar.com\/eu\/de\/product\/tm-5010-22f\/#primaryimage\"},\"thumbnailUrl\":\"https:\/\/teguar.com\/eu\/wp-content\/uploads\/sites\/2\/2020\/07\/22-inch-medical-grade-pc-tm-5010-22_1__97503.1595934864.1280.1280.jpg\",\"datePublished\":\"2025-06-24T14:20:22+00:00\",\"dateModified\":\"2025-11-20T16:41:17+00:00\",\"description\":\"Der 22 Zoll gro\u00dfe medizinische Computer von Teguar l\u00e4uft mit einem Core i3\/i5\/i7. Dieser IEC 60601-1 Computer f\u00fcr das Gesundheitswesen ist vollgepackt mit medizinisch spezifischen Funktionen.\",\"breadcrumb\":{\"@id\":\"https:\/\/teguar.com\/eu\/de\/product\/tm-5010-22f\/#breadcrumb\"},\"inLanguage\":\"de\",\"potentialAction\":[{\"@type\":\"ReadAction\",\"target\":[\"https:\/\/teguar.com\/eu\/de\/product\/tm-5010-22f\/\"]}]},{\"@type\":\"ImageObject\",\"inLanguage\":\"de\",\"@id\":\"https:\/\/teguar.com\/eu\/de\/product\/tm-5010-22f\/#primaryimage\",\"url\":\"https:\/\/teguar.com\/eu\/wp-content\/uploads\/sites\/2\/2020\/07\/22-inch-medical-grade-pc-tm-5010-22_1__97503.1595934864.1280.1280.jpg\",\"contentUrl\":\"https:\/\/teguar.com\/eu\/wp-content\/uploads\/sites\/2\/2020\/07\/22-inch-medical-grade-pc-tm-5010-22_1__97503.1595934864.1280.1280.jpg\",\"width\":1000,\"height\":1000,\"caption\":\"22\\\" Medical All-in-One PC | TM-5010-22F\"},{\"@type\":\"BreadcrumbList\",\"@id\":\"https:\/\/teguar.com\/eu\/de\/product\/tm-5010-22f\/#breadcrumb\",\"itemListElement\":[{\"@type\":\"ListItem\",\"position\":1,\"name\":\"Home\",\"item\":\"https:\/\/teguar.com\/eu\/de\/\"},{\"@type\":\"ListItem\",\"position\":2,\"name\":\"TM-5010-22F\"}]},{\"@type\":\"WebSite\",\"@id\":\"https:\/\/teguar.com\/eu\/en\/#website\",\"url\":\"https:\/\/teguar.com\/eu\/en\/\",\"name\":\"Teguar\",\"description\":\"Industrial PCs, Medical Computers, and Rugged Tablets\",\"potentialAction\":[{\"@type\":\"SearchAction\",\"target\":{\"@type\":\"EntryPoint\",\"urlTemplate\":\"https:\/\/teguar.com\/eu\/en\/?s={search_term_string}\"},\"query-input\":{\"@type\":\"PropertyValueSpecification\",\"valueRequired\":true,\"valueName\":\"search_term_string\"}}],\"inLanguage\":\"de\"}]}<\/script>\n<!-- \/ Yoast SEO Premium plugin. -->","yoast_head_json":{"title":"22\" PC f\u00fcr das Gesundheitswesen | TM-5010-22F","description":"Der 22 Zoll gro\u00dfe medizinische Computer von Teguar l\u00e4uft mit einem Core i3\/i5\/i7. Dieser IEC 60601-1 Computer f\u00fcr das Gesundheitswesen ist vollgepackt mit medizinisch spezifischen Funktionen.","robots":{"index":"index","follow":"follow","max-snippet":"max-snippet:-1","max-image-preview":"max-image-preview:large","max-video-preview":"max-video-preview:-1"},"canonical":"https:\/\/teguar.com\/eu\/de\/product\/tm-5010-22f\/","og_locale":"de_DE","og_type":"article","og_title":"TM-5010-22F","og_description":"Der 22 Zoll gro\u00dfe medizinische Computer von Teguar l\u00e4uft mit einem Core i3\/i5\/i7. Dieser IEC 60601-1 Computer f\u00fcr das Gesundheitswesen ist vollgepackt mit medizinisch spezifischen Funktionen.","og_url":"https:\/\/teguar.com\/eu\/de\/product\/tm-5010-22f\/","og_site_name":"Teguar","article_modified_time":"2025-11-20T16:41:17+00:00","og_image":[{"width":1000,"height":1000,"url":"https:\/\/teguar.com\/eu\/wp-content\/uploads\/sites\/2\/2020\/07\/22-inch-medical-grade-pc-tm-5010-22_1__97503.1595934864.1280.1280.jpg","type":"image\/jpeg"}],"twitter_card":"summary_large_image","twitter_misc":{"Gesch\u00e4tzte Lesezeit":"1\u00a0Minute"},"schema":{"@context":"https:\/\/schema.org","@graph":[{"@type":"WebPage","@id":"https:\/\/teguar.com\/eu\/de\/product\/tm-5010-22f\/","url":"https:\/\/teguar.com\/eu\/de\/product\/tm-5010-22f\/","name":"22\" PC f\u00fcr das Gesundheitswesen | TM-5010-22F","isPartOf":{"@id":"https:\/\/teguar.com\/eu\/en\/#website"},"primaryImageOfPage":{"@id":"https:\/\/teguar.com\/eu\/de\/product\/tm-5010-22f\/#primaryimage"},"image":{"@id":"https:\/\/teguar.com\/eu\/de\/product\/tm-5010-22f\/#primaryimage"},"thumbnailUrl":"https:\/\/teguar.com\/eu\/wp-content\/uploads\/sites\/2\/2020\/07\/22-inch-medical-grade-pc-tm-5010-22_1__97503.1595934864.1280.1280.jpg","datePublished":"2025-06-24T14:20:22+00:00","dateModified":"2025-11-20T16:41:17+00:00","description":"Der 22 Zoll gro\u00dfe medizinische Computer von Teguar l\u00e4uft mit einem Core i3\/i5\/i7. Dieser IEC 60601-1 Computer f\u00fcr das Gesundheitswesen ist vollgepackt mit medizinisch spezifischen Funktionen.","breadcrumb":{"@id":"https:\/\/teguar.com\/eu\/de\/product\/tm-5010-22f\/#breadcrumb"},"inLanguage":"de","potentialAction":[{"@type":"ReadAction","target":["https:\/\/teguar.com\/eu\/de\/product\/tm-5010-22f\/"]}]},{"@type":"ImageObject","inLanguage":"de","@id":"https:\/\/teguar.com\/eu\/de\/product\/tm-5010-22f\/#primaryimage","url":"https:\/\/teguar.com\/eu\/wp-content\/uploads\/sites\/2\/2020\/07\/22-inch-medical-grade-pc-tm-5010-22_1__97503.1595934864.1280.1280.jpg","contentUrl":"https:\/\/teguar.com\/eu\/wp-content\/uploads\/sites\/2\/2020\/07\/22-inch-medical-grade-pc-tm-5010-22_1__97503.1595934864.1280.1280.jpg","width":1000,"height":1000,"caption":"22\" Medical All-in-One PC | TM-5010-22F"},{"@type":"BreadcrumbList","@id":"https:\/\/teguar.com\/eu\/de\/product\/tm-5010-22f\/#breadcrumb","itemListElement":[{"@type":"ListItem","position":1,"name":"Home","item":"https:\/\/teguar.com\/eu\/de\/"},{"@type":"ListItem","position":2,"name":"TM-5010-22F"}]},{"@type":"WebSite","@id":"https:\/\/teguar.com\/eu\/en\/#website","url":"https:\/\/teguar.com\/eu\/en\/","name":"Teguar","description":"Industrial PCs, Medical Computers, and Rugged Tablets","potentialAction":[{"@type":"SearchAction","target":{"@type":"EntryPoint","urlTemplate":"https:\/\/teguar.com\/eu\/en\/?s={search_term_string}"},"query-input":{"@type":"PropertyValueSpecification","valueRequired":true,"valueName":"search_term_string"}}],"inLanguage":"de"}]}},"_links":{"self":[{"href":"https:\/\/teguar.com\/eu\/de\/wp-json\/wp\/v2\/product\/2247444","targetHints":{"allow":["GET"]}}],"collection":[{"href":"https:\/\/teguar.com\/eu\/de\/wp-json\/wp\/v2\/product"}],"about":[{"href":"https:\/\/teguar.com\/eu\/de\/wp-json\/wp\/v2\/types\/product"}],"wp:featuredmedia":[{"embeddable":true,"href":"https:\/\/teguar.com\/eu\/de\/wp-json\/wp\/v2\/media\/1793"}],"wp:attachment":[{"href":"https:\/\/teguar.com\/eu\/de\/wp-json\/wp\/v2\/media?parent=2247444"}],"wp:term":[{"taxonomy":"product_brand","embeddable":true,"href":"https:\/\/teguar.com\/eu\/de\/wp-json\/wp\/v2\/product_brand?post=2247444"},{"taxonomy":"product_cat","embeddable":true,"href":"https:\/\/teguar.com\/eu\/de\/wp-json\/wp\/v2\/product_cat?post=2247444"},{"taxonomy":"product_tag","embeddable":true,"href":"https:\/\/teguar.com\/eu\/de\/wp-json\/wp\/v2\/product_tag?post=2247444"},{"taxonomy":"product_label","embeddable":true,"href":"https:\/\/teguar.com\/eu\/de\/wp-json\/wp\/v2\/product_label?post=2247444"}],"curies":[{"name":"wp","href":"https:\/\/api.w.org\/{rel}","templated":true}]}}