{"id":2247440,"date":"2025-06-24T14:10:48","date_gmt":"2025-06-24T14:10:48","guid":{"rendered":"https:\/\/teguar.com\/eu\/product\/tsi-5945-16\/"},"modified":"2025-11-20T19:37:58","modified_gmt":"2025-11-20T19:37:58","slug":"tsi-5945-16","status":"publish","type":"product","link":"https:\/\/teguar.com\/eu\/de\/product\/tsi-5945-16\/","title":{"rendered":"TSI-5945-16"},"content":{"rendered":"<p><span class=\"TextRun SCXW71882320 BCX0\" lang=\"EN-US\" xml:lang=\"EN-US\" data-contrast=\"auto\"><span class=\"NormalTextRun SCXW71882320 BCX0\">Das 16&#8243; Operator Interface Terminal ist mit einer CPU der 11. Generation ausgestattet, die eine hohe Leistung in allgemeinen Fertigungsumgebungen bietet. Es ist wasserdicht (IP65) und verf\u00fcgt \u00fcber f\u00fcnf Tasten auf der Vorderseite. Das garantiert Langlebigkeit und eine einfache Bedienung, was f\u00fcr industrielle Umgebungen, die eine schnelle Steuerung der Ger\u00e4te erfordern, von entscheidender Bedeutung ist. <\/span><span class=\"NormalTextRun SCXW71882320 BCX0\">Der TSI-5945 <\/span><span class=\"NormalTextRun SCXW71882320 BCX0\">bietet<\/span><span class=\"NormalTextRun SCXW71882320 BCX0\"> vielseitige Installationsoptionen, unterst\u00fctzt sowohl die Schwenkarm- als auch die Mastmontage und ist mit Rittal-Halterungen kompatibel.<\/span> <span class=\"NormalTextRun SCXW71882320 BCX0\">T<\/span><span class=\"NormalTextRun SCXW71882320 BCX0\">ieses Terminal steigert mit seinen robusten Funktionen die Produktivit\u00e4t und Sicherheit und ist damit eine zuverl\u00e4ssige Wahl f\u00fcr die Verwaltung und \u00dcberwachung von Ger\u00e4ten in anspruchsvollen Fertigungsbetrieben.<\/span><\/span><\/p>\n","protected":false},"excerpt":{"rendered":"<p><a href=\"https:\/\/teguar.com\/eu\/de\/fertigungs-computer\/\">Fertigungscomputer:<\/a> Der TSI-5945 beschleunigt Produktionslinien mit seiner CPU der 11. Generation und dem IP65-gesch\u00fctzten Geh\u00e4use, das f\u00fcr pr\u00e4zise Steuerung und \u00dcberwachung in Fabrikumgebungen ausgelegt ist.<\/p>\n<p><a href=\"https:\/\/teguar.com\/eu\/general-industrial\/\">General Industrial:<\/a> Das TSI-5945 ist dank seiner Schwenkarm- oder Mastmontageoptionen und seiner Rittal-Kompatibilit\u00e4t auch unter schwierigen Bedingungen erfolgreich und gew\u00e4hrleistet eine zuverl\u00e4ssige Leistung bei verschiedenen industriellen Anwendungen.<\/p>\n<p><a href=\"https:\/\/teguar.com\/eu\/de\/systemintegratoren-fuer-die-automatisierung\/\">Automation System Integrators:<\/a> Das TSI-5945 vereinfacht die Integration mit seiner robusten Rechenleistung und seinen anpassbaren Funktionen und erm\u00f6glicht es Automatisierungsexperten, effiziente und skalierbare L\u00f6sungen f\u00fcr komplexe industrielle Prozesse zu entwickeln.<\/p>\n","protected":false},"featured_media":603,"template":"","meta":{"_acf_changed":false},"product_brand":[],"product_cat":[2826,2854],"product_tag":[],"product_label":[],"class_list":{"0":"post-2247440","1":"product","2":"type-product","3":"status-publish","4":"has-post-thumbnail","6":"product_cat-hmi-panel","7":"product_cat-wasserdichte-computer","8":"pa_windows-windows-10-iot","9":"pa_windows-windows-10-pro","10":"pa_windows-windows-11-pro","12":"first","13":"instock","14":"taxable","15":"shipping-taxable","16":"purchasable","17":"product-type-simple"},"composite_virtual":false,"composite_layout":"","composite_add_to_cart_form_location":"","composite_editable_in_cart":false,"composite_sold_individually_context":"","composite_shop_price_calc":"","composite_components":[],"composite_scenarios":[],"acf":[],"yoast_head":"<!-- This site is optimized with the Yoast SEO Premium plugin v26.8 (Yoast SEO v27.2) - https:\/\/yoast.com\/product\/yoast-seo-premium-wordpress\/ -->\n<title>16&quot; Operator Interface Terminal | TSI-5945-16<\/title>\n<meta name=\"description\" content=\"Das 16&quot; Operator Interface Terminal von Teguar ist mit einer CPU der 11. Generation ausgestattet, die eine hohe Leistung in allgemeinen Fertigungsumgebungen bietet.\" \/>\n<meta name=\"robots\" content=\"index, follow, max-snippet:-1, max-image-preview:large, max-video-preview:-1\" \/>\n<link rel=\"canonical\" href=\"https:\/\/teguar.com\/eu\/de\/product\/tsi-5945-16\/\" \/>\n<meta property=\"og:locale\" content=\"de_DE\" \/>\n<meta property=\"og:type\" content=\"article\" \/>\n<meta property=\"og:title\" content=\"TSI-5945-16\" \/>\n<meta property=\"og:description\" content=\"Das 16&quot; Operator Interface Terminal von Teguar ist mit einer CPU der 11. Generation ausgestattet, die eine hohe Leistung in allgemeinen Fertigungsumgebungen bietet.\" \/>\n<meta property=\"og:url\" content=\"https:\/\/teguar.com\/eu\/de\/product\/tsi-5945-16\/\" \/>\n<meta property=\"og:site_name\" content=\"Teguar\" \/>\n<meta property=\"article:modified_time\" content=\"2025-11-20T19:37:58+00:00\" \/>\n<meta property=\"og:image\" content=\"https:\/\/teguar.com\/eu\/wp-content\/uploads\/sites\/2\/2024\/06\/16_Operator_Interface_Terminal_TSI-5945-16_Front_Angle__38131.1718309683.1280.1280.jpg\" \/>\n\t<meta property=\"og:image:width\" content=\"750\" \/>\n\t<meta property=\"og:image:height\" content=\"565\" \/>\n\t<meta property=\"og:image:type\" content=\"image\/jpeg\" \/>\n<meta name=\"twitter:card\" content=\"summary_large_image\" \/>\n<meta name=\"twitter:label1\" content=\"Gesch\u00e4tzte Lesezeit\" \/>\n\t<meta name=\"twitter:data1\" content=\"1\u00a0Minute\" \/>\n<script type=\"application\/ld+json\" class=\"yoast-schema-graph\">{\"@context\":\"https:\/\/schema.org\",\"@graph\":[{\"@type\":\"WebPage\",\"@id\":\"https:\/\/teguar.com\/eu\/de\/product\/tsi-5945-16\/\",\"url\":\"https:\/\/teguar.com\/eu\/de\/product\/tsi-5945-16\/\",\"name\":\"16\\\" Operator Interface Terminal | TSI-5945-16\",\"isPartOf\":{\"@id\":\"https:\/\/teguar.com\/eu\/en\/#website\"},\"primaryImageOfPage\":{\"@id\":\"https:\/\/teguar.com\/eu\/de\/product\/tsi-5945-16\/#primaryimage\"},\"image\":{\"@id\":\"https:\/\/teguar.com\/eu\/de\/product\/tsi-5945-16\/#primaryimage\"},\"thumbnailUrl\":\"https:\/\/teguar.com\/eu\/wp-content\/uploads\/sites\/2\/2024\/06\/16_Operator_Interface_Terminal_TSI-5945-16_Front_Angle__38131.1718309683.1280.1280.jpg\",\"datePublished\":\"2025-06-24T14:10:48+00:00\",\"dateModified\":\"2025-11-20T19:37:58+00:00\",\"description\":\"Das 16\\\" Operator Interface Terminal von Teguar ist mit einer CPU der 11. Generation ausgestattet, die eine hohe Leistung in allgemeinen Fertigungsumgebungen bietet.\",\"breadcrumb\":{\"@id\":\"https:\/\/teguar.com\/eu\/de\/product\/tsi-5945-16\/#breadcrumb\"},\"inLanguage\":\"de\",\"potentialAction\":[{\"@type\":\"ReadAction\",\"target\":[\"https:\/\/teguar.com\/eu\/de\/product\/tsi-5945-16\/\"]}]},{\"@type\":\"ImageObject\",\"inLanguage\":\"de\",\"@id\":\"https:\/\/teguar.com\/eu\/de\/product\/tsi-5945-16\/#primaryimage\",\"url\":\"https:\/\/teguar.com\/eu\/wp-content\/uploads\/sites\/2\/2024\/06\/16_Operator_Interface_Terminal_TSI-5945-16_Front_Angle__38131.1718309683.1280.1280.jpg\",\"contentUrl\":\"https:\/\/teguar.com\/eu\/wp-content\/uploads\/sites\/2\/2024\/06\/16_Operator_Interface_Terminal_TSI-5945-16_Front_Angle__38131.1718309683.1280.1280.jpg\",\"width\":750,\"height\":565,\"caption\":\"16\\\" Operator Interface Terminal TSI-5945-16 Front Angle\"},{\"@type\":\"BreadcrumbList\",\"@id\":\"https:\/\/teguar.com\/eu\/de\/product\/tsi-5945-16\/#breadcrumb\",\"itemListElement\":[{\"@type\":\"ListItem\",\"position\":1,\"name\":\"Home\",\"item\":\"https:\/\/teguar.com\/eu\/de\/\"},{\"@type\":\"ListItem\",\"position\":2,\"name\":\"TSI-5945-16\"}]},{\"@type\":\"WebSite\",\"@id\":\"https:\/\/teguar.com\/eu\/en\/#website\",\"url\":\"https:\/\/teguar.com\/eu\/en\/\",\"name\":\"Teguar\",\"description\":\"Industrial PCs, Medical Computers, and Rugged Tablets\",\"potentialAction\":[{\"@type\":\"SearchAction\",\"target\":{\"@type\":\"EntryPoint\",\"urlTemplate\":\"https:\/\/teguar.com\/eu\/en\/?s={search_term_string}\"},\"query-input\":{\"@type\":\"PropertyValueSpecification\",\"valueRequired\":true,\"valueName\":\"search_term_string\"}}],\"inLanguage\":\"de\"}]}<\/script>\n<!-- \/ Yoast SEO Premium plugin. -->","yoast_head_json":{"title":"16\" Operator Interface Terminal | TSI-5945-16","description":"Das 16\" Operator Interface Terminal von Teguar ist mit einer CPU der 11. Generation ausgestattet, die eine hohe Leistung in allgemeinen Fertigungsumgebungen bietet.","robots":{"index":"index","follow":"follow","max-snippet":"max-snippet:-1","max-image-preview":"max-image-preview:large","max-video-preview":"max-video-preview:-1"},"canonical":"https:\/\/teguar.com\/eu\/de\/product\/tsi-5945-16\/","og_locale":"de_DE","og_type":"article","og_title":"TSI-5945-16","og_description":"Das 16\" Operator Interface Terminal von Teguar ist mit einer CPU der 11. Generation ausgestattet, die eine hohe Leistung in allgemeinen Fertigungsumgebungen bietet.","og_url":"https:\/\/teguar.com\/eu\/de\/product\/tsi-5945-16\/","og_site_name":"Teguar","article_modified_time":"2025-11-20T19:37:58+00:00","og_image":[{"width":750,"height":565,"url":"https:\/\/teguar.com\/eu\/wp-content\/uploads\/sites\/2\/2024\/06\/16_Operator_Interface_Terminal_TSI-5945-16_Front_Angle__38131.1718309683.1280.1280.jpg","type":"image\/jpeg"}],"twitter_card":"summary_large_image","twitter_misc":{"Gesch\u00e4tzte Lesezeit":"1\u00a0Minute"},"schema":{"@context":"https:\/\/schema.org","@graph":[{"@type":"WebPage","@id":"https:\/\/teguar.com\/eu\/de\/product\/tsi-5945-16\/","url":"https:\/\/teguar.com\/eu\/de\/product\/tsi-5945-16\/","name":"16\" Operator Interface Terminal | TSI-5945-16","isPartOf":{"@id":"https:\/\/teguar.com\/eu\/en\/#website"},"primaryImageOfPage":{"@id":"https:\/\/teguar.com\/eu\/de\/product\/tsi-5945-16\/#primaryimage"},"image":{"@id":"https:\/\/teguar.com\/eu\/de\/product\/tsi-5945-16\/#primaryimage"},"thumbnailUrl":"https:\/\/teguar.com\/eu\/wp-content\/uploads\/sites\/2\/2024\/06\/16_Operator_Interface_Terminal_TSI-5945-16_Front_Angle__38131.1718309683.1280.1280.jpg","datePublished":"2025-06-24T14:10:48+00:00","dateModified":"2025-11-20T19:37:58+00:00","description":"Das 16\" Operator Interface Terminal von Teguar ist mit einer CPU der 11. Generation ausgestattet, die eine hohe Leistung in allgemeinen Fertigungsumgebungen bietet.","breadcrumb":{"@id":"https:\/\/teguar.com\/eu\/de\/product\/tsi-5945-16\/#breadcrumb"},"inLanguage":"de","potentialAction":[{"@type":"ReadAction","target":["https:\/\/teguar.com\/eu\/de\/product\/tsi-5945-16\/"]}]},{"@type":"ImageObject","inLanguage":"de","@id":"https:\/\/teguar.com\/eu\/de\/product\/tsi-5945-16\/#primaryimage","url":"https:\/\/teguar.com\/eu\/wp-content\/uploads\/sites\/2\/2024\/06\/16_Operator_Interface_Terminal_TSI-5945-16_Front_Angle__38131.1718309683.1280.1280.jpg","contentUrl":"https:\/\/teguar.com\/eu\/wp-content\/uploads\/sites\/2\/2024\/06\/16_Operator_Interface_Terminal_TSI-5945-16_Front_Angle__38131.1718309683.1280.1280.jpg","width":750,"height":565,"caption":"16\" Operator Interface Terminal TSI-5945-16 Front Angle"},{"@type":"BreadcrumbList","@id":"https:\/\/teguar.com\/eu\/de\/product\/tsi-5945-16\/#breadcrumb","itemListElement":[{"@type":"ListItem","position":1,"name":"Home","item":"https:\/\/teguar.com\/eu\/de\/"},{"@type":"ListItem","position":2,"name":"TSI-5945-16"}]},{"@type":"WebSite","@id":"https:\/\/teguar.com\/eu\/en\/#website","url":"https:\/\/teguar.com\/eu\/en\/","name":"Teguar","description":"Industrial PCs, Medical Computers, and Rugged Tablets","potentialAction":[{"@type":"SearchAction","target":{"@type":"EntryPoint","urlTemplate":"https:\/\/teguar.com\/eu\/en\/?s={search_term_string}"},"query-input":{"@type":"PropertyValueSpecification","valueRequired":true,"valueName":"search_term_string"}}],"inLanguage":"de"}]}},"_links":{"self":[{"href":"https:\/\/teguar.com\/eu\/de\/wp-json\/wp\/v2\/product\/2247440","targetHints":{"allow":["GET"]}}],"collection":[{"href":"https:\/\/teguar.com\/eu\/de\/wp-json\/wp\/v2\/product"}],"about":[{"href":"https:\/\/teguar.com\/eu\/de\/wp-json\/wp\/v2\/types\/product"}],"wp:featuredmedia":[{"embeddable":true,"href":"https:\/\/teguar.com\/eu\/de\/wp-json\/wp\/v2\/media\/603"}],"wp:attachment":[{"href":"https:\/\/teguar.com\/eu\/de\/wp-json\/wp\/v2\/media?parent=2247440"}],"wp:term":[{"taxonomy":"product_brand","embeddable":true,"href":"https:\/\/teguar.com\/eu\/de\/wp-json\/wp\/v2\/product_brand?post=2247440"},{"taxonomy":"product_cat","embeddable":true,"href":"https:\/\/teguar.com\/eu\/de\/wp-json\/wp\/v2\/product_cat?post=2247440"},{"taxonomy":"product_tag","embeddable":true,"href":"https:\/\/teguar.com\/eu\/de\/wp-json\/wp\/v2\/product_tag?post=2247440"},{"taxonomy":"product_label","embeddable":true,"href":"https:\/\/teguar.com\/eu\/de\/wp-json\/wp\/v2\/product_label?post=2247440"}],"curies":[{"name":"wp","href":"https:\/\/api.w.org\/{rel}","templated":true}]}}