{"id":2247439,"date":"2025-06-24T15:08:22","date_gmt":"2025-06-24T15:08:22","guid":{"rendered":"https:\/\/teguar.com\/eu\/product\/td-45-08\/"},"modified":"2026-01-02T19:52:24","modified_gmt":"2026-01-02T19:52:24","slug":"td-45-08","status":"publish","type":"product","link":"https:\/\/teguar.com\/eu\/de\/product\/td-45-08\/","title":{"rendered":"TD-45-08"},"content":{"rendered":"<p>Der TD-45-08 ist eine kosteng\u00fcnstige, vielseitige <a href=\"https:\/\/teguar.com\/eu\/de\/industrielle-displays\/\">und robuste Computermonitorl\u00f6sung<\/a>, die die Anforderungen vieler industrieller Anwendungen erf\u00fcllt. Das gleiche Modell ist in Bildschirmgr\u00f6\u00dfen von 7&#8243; bis 21,5&#8243; erh\u00e4ltlich. Dieses Display verf\u00fcgt \u00fcber einen Weitbereichseingang von 9~36VDC f\u00fcr Anwendungen, die eine eigene Gleichspannungsquelle verwenden. Ein optionales AC\/DC-Netzteil ist ebenfalls f\u00fcr Anwendungen mit Wechselstrom erh\u00e4ltlich. Das TD-45-08 kann in die Schalttafel eingebaut werden, wodurch seine Frontblende nach IP66 gegen Staub und Fl\u00fcssigkeiten gesch\u00fctzt ist. Es kann aber auch an einem Arm, einem St\u00e4nder oder an einer Oberfl\u00e4che aufgeh\u00e4ngt werden. Dieses Display kann an jeden Computer angeschlossen werden, einschlie\u00dflich eines robusten Box-PCs oder eines anderen Touchscreen-Panel-PCs. Der Touchscreen-Monitor bietet eine grafische Benutzeroberfl\u00e4che, auf der der Bediener Aufgaben wie die Bedienung einer Maschine, die Anzeige von Sensordaten oder die Interaktion mit ERP-Software durchf\u00fchren kann.       <\/p>\n","protected":false},"excerpt":{"rendered":"<p><a href=\"https:\/\/teguar.com\/eu\/de\/digitale-beschilderung-fuer-den-aussenbereich\/\">Digitale Beschilderung im Freien:<\/a> Mit Optionen f\u00fcr ein LCD mit hoher Helligkeit von 1000 Nit und optischem Bonding sind die Displays ideal f\u00fcr die digitale Beschilderung im Au\u00dfenbereich und bieten eine hervorragende Sichtbarkeit bei verschiedenen Lichtverh\u00e4ltnissen.<\/p>\n<p><a href=\"https:\/\/teguar.com\/eu\/de\/steuerungssysteme-computer\/\">Industrielle Kontrollr\u00e4ume:<\/a> Mit ihrer gro\u00dfen Auswahl an Bildschirmgr\u00f6\u00dfen, Aufl\u00f6sungen und der robusten Konstruktion eignet sich die TD-45 Serie f\u00fcr den Einsatz in industriellen Kontrollr\u00e4umen und bietet zuverl\u00e4ssige Leistung und Schutz vor Fl\u00fcssigkeiten und Staub.<\/p>\n<p><a href=\"https:\/\/teguar.com\/eu\/logistics-transportation-computer\/\">Transport und Logistik:<\/a> Die TD-45 Serie mit ihren l\u00fcfterlosen K\u00fchlsystemen und einem Weitbereichsspannungseingang von 9~36VDC eignet sich f\u00fcr Transport- und Logistikanwendungen und bietet robuste und zuverl\u00e4ssige Displays f\u00fcr die Montage in Fahrzeugen oder im Freien.<\/p>\n","protected":false},"featured_media":2246122,"template":"","meta":{"_acf_changed":false},"product_brand":[],"product_cat":[2860],"product_tag":[4722,2635],"product_label":[],"class_list":{"0":"post-2247439","1":"product","2":"type-product","3":"status-publish","4":"has-post-thumbnail","6":"product_cat-industrielle-displays","7":"product_tag-industrielle-monitore","8":"product_tag-online-kaufen","10":"first","11":"instock","12":"taxable","13":"shipping-taxable","14":"purchasable","15":"product-type-composite"},"composite_virtual":false,"composite_layout":"single","composite_add_to_cart_form_location":"default","composite_editable_in_cart":false,"composite_sold_individually_context":"product","composite_shop_price_calc":"min_max","composite_components":[{"id":"1752757523","title":"Touchscreen","description":"","query_type":"product_ids","query_ids":[2241475,2241449],"default_option_id":"","thumbnail_id":"","thumbnail_src":"","quantity_min":1,"quantity_max":1,"priced_individually":true,"shipped_individually":false,"optional":false,"discount":"","options_style":"dropdowns","pagination_style":"classic","display_prices":"relative","show_sorting_options":false,"show_filtering_options":false,"attribute_filter_ids":[],"select_action":"view","product_title_visible":true,"product_descr_visible":false,"product_price_visible":false,"product_thumb_visible":false,"subtotal_visible_product":true,"subtotal_visible_cart":false,"subtotal_visible_orders":false},{"id":"1752757524","title":"Stromversorgung","description":"","query_type":"product_ids","query_ids":[2240753,2240767],"default_option_id":"","thumbnail_id":"","thumbnail_src":"","quantity_min":1,"quantity_max":1,"priced_individually":true,"shipped_individually":false,"optional":false,"discount":"","options_style":"dropdowns","pagination_style":"classic","display_prices":"relative","show_sorting_options":false,"show_filtering_options":false,"attribute_filter_ids":[],"select_action":"view","product_title_visible":true,"product_descr_visible":false,"product_price_visible":false,"product_thumb_visible":false,"subtotal_visible_product":true,"subtotal_visible_cart":false,"subtotal_visible_orders":false},{"id":"1752757525","title":"Display-Helligkeit","description":"","query_type":"product_ids","query_ids":[2240720,2241450],"default_option_id":"","thumbnail_id":"","thumbnail_src":"","quantity_min":1,"quantity_max":1,"priced_individually":true,"shipped_individually":false,"optional":false,"discount":"","options_style":"dropdowns","pagination_style":"classic","display_prices":"relative","show_sorting_options":false,"show_filtering_options":false,"attribute_filter_ids":[],"select_action":"view","product_title_visible":true,"product_descr_visible":false,"product_price_visible":false,"product_thumb_visible":false,"subtotal_visible_product":true,"subtotal_visible_cart":false,"subtotal_visible_orders":false},{"id":"1752757526","title":"Optisches Bonding","description":"","query_type":"product_ids","query_ids":[2240746,2241451],"default_option_id":"","thumbnail_id":"","thumbnail_src":"","quantity_min":1,"quantity_max":1,"priced_individually":true,"shipped_individually":false,"optional":false,"discount":"","options_style":"dropdowns","pagination_style":"classic","display_prices":"relative","show_sorting_options":false,"show_filtering_options":false,"attribute_filter_ids":[],"select_action":"view","product_title_visible":true,"product_descr_visible":false,"product_price_visible":false,"product_thumb_visible":false,"subtotal_visible_product":true,"subtotal_visible_cart":false,"subtotal_visible_orders":false},{"id":"1752757527","title":"Redner","description":"","query_type":"product_ids","query_ids":[2241474,2241448],"default_option_id":"","thumbnail_id":"","thumbnail_src":"","quantity_min":1,"quantity_max":1,"priced_individually":true,"shipped_individually":false,"optional":false,"discount":"","options_style":"dropdowns","pagination_style":"classic","display_prices":"relative","show_sorting_options":false,"show_filtering_options":false,"attribute_filter_ids":[],"select_action":"view","product_title_visible":true,"product_descr_visible":false,"product_price_visible":false,"product_thumb_visible":false,"subtotal_visible_product":true,"subtotal_visible_cart":false,"subtotal_visible_orders":false}],"composite_scenarios":[],"acf":[],"yoast_head":"<!-- This site is optimized with the Yoast SEO Premium plugin v26.8 (Yoast SEO v27.2) - https:\/\/yoast.com\/product\/yoast-seo-premium-wordpress\/ -->\n<title>8&quot; Industrie-Monitor | TD-45-08<\/title>\n<meta name=\"description\" content=\"Das TD-45-08 Panel-Display ist f\u00fcr industrielle Umgebungen konzipiert und verf\u00fcgt \u00fcber eine IP66-zertifizierte Frontscheibe und einen Aluminium-Druckgussrahmen.\" \/>\n<meta name=\"robots\" content=\"index, follow, max-snippet:-1, max-image-preview:large, max-video-preview:-1\" \/>\n<link rel=\"canonical\" href=\"https:\/\/teguar.com\/eu\/de\/product\/td-45-08\/\" \/>\n<meta property=\"og:locale\" content=\"de_DE\" \/>\n<meta property=\"og:type\" content=\"article\" \/>\n<meta property=\"og:title\" content=\"TD-45-08\" \/>\n<meta property=\"og:description\" content=\"Das TD-45-08 Panel-Display ist f\u00fcr industrielle Umgebungen konzipiert und verf\u00fcgt \u00fcber eine IP66-zertifizierte Frontscheibe und einen Aluminium-Druckgussrahmen.\" \/>\n<meta property=\"og:url\" content=\"https:\/\/teguar.com\/eu\/de\/product\/td-45-08\/\" \/>\n<meta property=\"og:site_name\" content=\"Teguar\" \/>\n<meta property=\"article:modified_time\" content=\"2026-01-02T19:52:24+00:00\" \/>\n<meta property=\"og:image\" content=\"https:\/\/teguar.com\/eu\/wp-content\/uploads\/sites\/2\/2020\/07\/8-inch-industrial-touchscreen-monitor__16715.1595934836.1280.1280.jpg\" \/>\n\t<meta property=\"og:image:width\" content=\"1000\" \/>\n\t<meta property=\"og:image:height\" content=\"1000\" \/>\n\t<meta property=\"og:image:type\" content=\"image\/jpeg\" \/>\n<meta name=\"twitter:card\" content=\"summary_large_image\" \/>\n<meta name=\"twitter:label1\" content=\"Gesch\u00e4tzte Lesezeit\" \/>\n\t<meta name=\"twitter:data1\" content=\"1\u00a0Minute\" \/>\n<script type=\"application\/ld+json\" class=\"yoast-schema-graph\">{\"@context\":\"https:\/\/schema.org\",\"@graph\":[{\"@type\":\"WebPage\",\"@id\":\"https:\/\/teguar.com\/eu\/de\/product\/td-45-08\/\",\"url\":\"https:\/\/teguar.com\/eu\/de\/product\/td-45-08\/\",\"name\":\"8\\\" Industrie-Monitor | TD-45-08\",\"isPartOf\":{\"@id\":\"https:\/\/teguar.com\/eu\/en\/#website\"},\"primaryImageOfPage\":{\"@id\":\"https:\/\/teguar.com\/eu\/de\/product\/td-45-08\/#primaryimage\"},\"image\":{\"@id\":\"https:\/\/teguar.com\/eu\/de\/product\/td-45-08\/#primaryimage\"},\"thumbnailUrl\":\"https:\/\/teguar.com\/eu\/wp-content\/uploads\/sites\/2\/2020\/07\/8-inch-industrial-touchscreen-monitor__16715.1595934836.1280.1280.jpg\",\"datePublished\":\"2025-06-24T15:08:22+00:00\",\"dateModified\":\"2026-01-02T19:52:24+00:00\",\"description\":\"Das TD-45-08 Panel-Display ist f\u00fcr industrielle Umgebungen konzipiert und verf\u00fcgt \u00fcber eine IP66-zertifizierte Frontscheibe und einen Aluminium-Druckgussrahmen.\",\"breadcrumb\":{\"@id\":\"https:\/\/teguar.com\/eu\/de\/product\/td-45-08\/#breadcrumb\"},\"inLanguage\":\"de\",\"potentialAction\":[{\"@type\":\"ReadAction\",\"target\":[\"https:\/\/teguar.com\/eu\/de\/product\/td-45-08\/\"]}]},{\"@type\":\"ImageObject\",\"inLanguage\":\"de\",\"@id\":\"https:\/\/teguar.com\/eu\/de\/product\/td-45-08\/#primaryimage\",\"url\":\"https:\/\/teguar.com\/eu\/wp-content\/uploads\/sites\/2\/2020\/07\/8-inch-industrial-touchscreen-monitor__16715.1595934836.1280.1280.jpg\",\"contentUrl\":\"https:\/\/teguar.com\/eu\/wp-content\/uploads\/sites\/2\/2020\/07\/8-inch-industrial-touchscreen-monitor__16715.1595934836.1280.1280.jpg\",\"width\":1000,\"height\":1000,\"caption\":\"8\\\" Industrial Panel Display | TD-45-08\"},{\"@type\":\"BreadcrumbList\",\"@id\":\"https:\/\/teguar.com\/eu\/de\/product\/td-45-08\/#breadcrumb\",\"itemListElement\":[{\"@type\":\"ListItem\",\"position\":1,\"name\":\"Home\",\"item\":\"https:\/\/teguar.com\/eu\/de\/\"},{\"@type\":\"ListItem\",\"position\":2,\"name\":\"TD-45-08\"}]},{\"@type\":\"WebSite\",\"@id\":\"https:\/\/teguar.com\/eu\/en\/#website\",\"url\":\"https:\/\/teguar.com\/eu\/en\/\",\"name\":\"Teguar\",\"description\":\"Industrial PCs, Medical Computers, and Rugged Tablets\",\"potentialAction\":[{\"@type\":\"SearchAction\",\"target\":{\"@type\":\"EntryPoint\",\"urlTemplate\":\"https:\/\/teguar.com\/eu\/en\/?s={search_term_string}\"},\"query-input\":{\"@type\":\"PropertyValueSpecification\",\"valueRequired\":true,\"valueName\":\"search_term_string\"}}],\"inLanguage\":\"de\"}]}<\/script>\n<!-- \/ Yoast SEO Premium plugin. -->","yoast_head_json":{"title":"8\" Industrie-Monitor | TD-45-08","description":"Das TD-45-08 Panel-Display ist f\u00fcr industrielle Umgebungen konzipiert und verf\u00fcgt \u00fcber eine IP66-zertifizierte Frontscheibe und einen Aluminium-Druckgussrahmen.","robots":{"index":"index","follow":"follow","max-snippet":"max-snippet:-1","max-image-preview":"max-image-preview:large","max-video-preview":"max-video-preview:-1"},"canonical":"https:\/\/teguar.com\/eu\/de\/product\/td-45-08\/","og_locale":"de_DE","og_type":"article","og_title":"TD-45-08","og_description":"Das TD-45-08 Panel-Display ist f\u00fcr industrielle Umgebungen konzipiert und verf\u00fcgt \u00fcber eine IP66-zertifizierte Frontscheibe und einen Aluminium-Druckgussrahmen.","og_url":"https:\/\/teguar.com\/eu\/de\/product\/td-45-08\/","og_site_name":"Teguar","article_modified_time":"2026-01-02T19:52:24+00:00","og_image":[{"width":1000,"height":1000,"url":"https:\/\/teguar.com\/eu\/wp-content\/uploads\/sites\/2\/2020\/07\/8-inch-industrial-touchscreen-monitor__16715.1595934836.1280.1280.jpg","type":"image\/jpeg"}],"twitter_card":"summary_large_image","twitter_misc":{"Gesch\u00e4tzte Lesezeit":"1\u00a0Minute"},"schema":{"@context":"https:\/\/schema.org","@graph":[{"@type":"WebPage","@id":"https:\/\/teguar.com\/eu\/de\/product\/td-45-08\/","url":"https:\/\/teguar.com\/eu\/de\/product\/td-45-08\/","name":"8\" Industrie-Monitor | TD-45-08","isPartOf":{"@id":"https:\/\/teguar.com\/eu\/en\/#website"},"primaryImageOfPage":{"@id":"https:\/\/teguar.com\/eu\/de\/product\/td-45-08\/#primaryimage"},"image":{"@id":"https:\/\/teguar.com\/eu\/de\/product\/td-45-08\/#primaryimage"},"thumbnailUrl":"https:\/\/teguar.com\/eu\/wp-content\/uploads\/sites\/2\/2020\/07\/8-inch-industrial-touchscreen-monitor__16715.1595934836.1280.1280.jpg","datePublished":"2025-06-24T15:08:22+00:00","dateModified":"2026-01-02T19:52:24+00:00","description":"Das TD-45-08 Panel-Display ist f\u00fcr industrielle Umgebungen konzipiert und verf\u00fcgt \u00fcber eine IP66-zertifizierte Frontscheibe und einen Aluminium-Druckgussrahmen.","breadcrumb":{"@id":"https:\/\/teguar.com\/eu\/de\/product\/td-45-08\/#breadcrumb"},"inLanguage":"de","potentialAction":[{"@type":"ReadAction","target":["https:\/\/teguar.com\/eu\/de\/product\/td-45-08\/"]}]},{"@type":"ImageObject","inLanguage":"de","@id":"https:\/\/teguar.com\/eu\/de\/product\/td-45-08\/#primaryimage","url":"https:\/\/teguar.com\/eu\/wp-content\/uploads\/sites\/2\/2020\/07\/8-inch-industrial-touchscreen-monitor__16715.1595934836.1280.1280.jpg","contentUrl":"https:\/\/teguar.com\/eu\/wp-content\/uploads\/sites\/2\/2020\/07\/8-inch-industrial-touchscreen-monitor__16715.1595934836.1280.1280.jpg","width":1000,"height":1000,"caption":"8\" Industrial Panel Display | TD-45-08"},{"@type":"BreadcrumbList","@id":"https:\/\/teguar.com\/eu\/de\/product\/td-45-08\/#breadcrumb","itemListElement":[{"@type":"ListItem","position":1,"name":"Home","item":"https:\/\/teguar.com\/eu\/de\/"},{"@type":"ListItem","position":2,"name":"TD-45-08"}]},{"@type":"WebSite","@id":"https:\/\/teguar.com\/eu\/en\/#website","url":"https:\/\/teguar.com\/eu\/en\/","name":"Teguar","description":"Industrial PCs, Medical Computers, and Rugged Tablets","potentialAction":[{"@type":"SearchAction","target":{"@type":"EntryPoint","urlTemplate":"https:\/\/teguar.com\/eu\/en\/?s={search_term_string}"},"query-input":{"@type":"PropertyValueSpecification","valueRequired":true,"valueName":"search_term_string"}}],"inLanguage":"de"}]}},"_links":{"self":[{"href":"https:\/\/teguar.com\/eu\/de\/wp-json\/wp\/v2\/product\/2247439","targetHints":{"allow":["GET"]}}],"collection":[{"href":"https:\/\/teguar.com\/eu\/de\/wp-json\/wp\/v2\/product"}],"about":[{"href":"https:\/\/teguar.com\/eu\/de\/wp-json\/wp\/v2\/types\/product"}],"wp:featuredmedia":[{"embeddable":true,"href":"https:\/\/teguar.com\/eu\/de\/wp-json\/wp\/v2\/media\/2246122"}],"wp:attachment":[{"href":"https:\/\/teguar.com\/eu\/de\/wp-json\/wp\/v2\/media?parent=2247439"}],"wp:term":[{"taxonomy":"product_brand","embeddable":true,"href":"https:\/\/teguar.com\/eu\/de\/wp-json\/wp\/v2\/product_brand?post=2247439"},{"taxonomy":"product_cat","embeddable":true,"href":"https:\/\/teguar.com\/eu\/de\/wp-json\/wp\/v2\/product_cat?post=2247439"},{"taxonomy":"product_tag","embeddable":true,"href":"https:\/\/teguar.com\/eu\/de\/wp-json\/wp\/v2\/product_tag?post=2247439"},{"taxonomy":"product_label","embeddable":true,"href":"https:\/\/teguar.com\/eu\/de\/wp-json\/wp\/v2\/product_label?post=2247439"}],"curies":[{"name":"wp","href":"https:\/\/api.w.org\/{rel}","templated":true}]}}