{"id":2247437,"date":"2025-06-24T15:07:22","date_gmt":"2025-06-24T15:07:22","guid":{"rendered":"https:\/\/teguar.com\/eu\/product\/td-45-10\/"},"modified":"2026-01-02T19:52:32","modified_gmt":"2026-01-02T19:52:32","slug":"td-45-10","status":"publish","type":"product","link":"https:\/\/teguar.com\/eu\/de\/product\/td-45-10\/","title":{"rendered":"TD-45-10"},"content":{"rendered":"<p>Der TD-45-10 ist ein Aluminium-Panel-Display, das f\u00fcr industrielle Umgebungen entwickelt wurde. Dieser industrielle Touchscreen-Monitor kann an jeden beliebigen Computer angeschlossen werden, aber meistens wird er an einen robusten l\u00fcfterlosen Box-PC angeschlossen. Dies bietet eine zweiteilige, robuste und langlebige L\u00f6sung. Er kann auch an einen anderen Touchscreen-Panel-PC angeschlossen werden, wo er als geklontes Display oder als erweiterter Desktop eingesetzt werden kann. Das gleiche Modell ist in Bildschirmgr\u00f6\u00dfen von 7&#8243; bis 21,5&#8243; und entweder mit einem resistiven oder einem projektiven kapazitiven Touchscreen erh\u00e4ltlich. F\u00fcr diesen Monitor gibt es mehrere verschiedene Montageoptionen. Bei der Panelmontage ist die Frontblende nach IP66 zertifiziert und vor Fl\u00fcssigkeiten und Staub gesch\u00fctzt.      <\/p>\n","protected":false},"excerpt":{"rendered":"<p><a href=\"https:\/\/teguar.com\/eu\/de\/digitale-beschilderung-fuer-den-aussenbereich\/\">Digitale Beschilderung im Freien:<\/a> Mit Optionen f\u00fcr ein LCD mit hoher Helligkeit von 1000 Nit und optischem Bonding sind die Displays ideal f\u00fcr die digitale Beschilderung im Au\u00dfenbereich und bieten eine hervorragende Sichtbarkeit bei verschiedenen Lichtverh\u00e4ltnissen.<\/p>\n<p><a href=\"https:\/\/teguar.com\/eu\/de\/steuerungssysteme-computer\/\">Industrielle Kontrollr\u00e4ume:<\/a> Mit ihrer gro\u00dfen Auswahl an Bildschirmgr\u00f6\u00dfen, Aufl\u00f6sungen und der robusten Konstruktion eignet sich die TD-45 Serie f\u00fcr den Einsatz in industriellen Kontrollr\u00e4umen und bietet zuverl\u00e4ssige Leistung und Schutz vor Fl\u00fcssigkeiten und Staub.<\/p>\n<p><a href=\"https:\/\/teguar.com\/eu\/logistics-transportation-computer\/\">Transport und Logistik:<\/a> Die TD-45 Serie mit ihren l\u00fcfterlosen K\u00fchlsystemen und einem Weitbereichsspannungseingang von 9~36VDC eignet sich f\u00fcr Transport- und Logistikanwendungen und bietet robuste und zuverl\u00e4ssige Displays f\u00fcr die Montage in Fahrzeugen oder im Freien.<\/p>\n","protected":false},"featured_media":2246125,"template":"","meta":{"_acf_changed":false},"product_brand":[],"product_cat":[2860],"product_tag":[3127,2635,5416],"product_label":[],"class_list":{"0":"post-2247437","1":"product","2":"type-product","3":"status-publish","4":"has-post-thumbnail","6":"product_cat-industrielle-displays","7":"product_tag-industriecomputer-im-schnellversand","8":"product_tag-online-kaufen","9":"product_tag-schnellversand-displays","11":"first","12":"instock","13":"taxable","14":"shipping-taxable","15":"purchasable","16":"product-type-composite"},"composite_virtual":false,"composite_layout":"single","composite_add_to_cart_form_location":"default","composite_editable_in_cart":false,"composite_sold_individually_context":"product","composite_shop_price_calc":"min_max","composite_components":[{"id":"1752757523","title":"Touchscreen","description":"","query_type":"product_ids","query_ids":[2241452,2241453],"default_option_id":"","thumbnail_id":"","thumbnail_src":"","quantity_min":1,"quantity_max":1,"priced_individually":true,"shipped_individually":false,"optional":false,"discount":"","options_style":"dropdowns","pagination_style":"classic","display_prices":"relative","show_sorting_options":false,"show_filtering_options":false,"attribute_filter_ids":[],"select_action":"view","product_title_visible":true,"product_descr_visible":false,"product_price_visible":false,"product_thumb_visible":false,"subtotal_visible_product":true,"subtotal_visible_cart":false,"subtotal_visible_orders":false},{"id":"1752757524","title":"Stromversorgung","description":"","query_type":"product_ids","query_ids":[2240753,2240767],"default_option_id":"","thumbnail_id":"","thumbnail_src":"","quantity_min":1,"quantity_max":1,"priced_individually":true,"shipped_individually":false,"optional":false,"discount":"","options_style":"dropdowns","pagination_style":"classic","display_prices":"relative","show_sorting_options":false,"show_filtering_options":false,"attribute_filter_ids":[],"select_action":"view","product_title_visible":true,"product_descr_visible":false,"product_price_visible":false,"product_thumb_visible":false,"subtotal_visible_product":true,"subtotal_visible_cart":false,"subtotal_visible_orders":false},{"id":"1752757525","title":"Display-Helligkeit","description":"","query_type":"product_ids","query_ids":[2240720,2240707],"default_option_id":"","thumbnail_id":"","thumbnail_src":"","quantity_min":1,"quantity_max":1,"priced_individually":true,"shipped_individually":false,"optional":false,"discount":"","options_style":"dropdowns","pagination_style":"classic","display_prices":"relative","show_sorting_options":false,"show_filtering_options":false,"attribute_filter_ids":[],"select_action":"view","product_title_visible":true,"product_descr_visible":false,"product_price_visible":false,"product_thumb_visible":false,"subtotal_visible_product":true,"subtotal_visible_cart":false,"subtotal_visible_orders":false},{"id":"1752757526","title":"Optisches Bonding","description":"","query_type":"product_ids","query_ids":[2240746,2240738],"default_option_id":"","thumbnail_id":"","thumbnail_src":"","quantity_min":1,"quantity_max":1,"priced_individually":true,"shipped_individually":false,"optional":false,"discount":"","options_style":"dropdowns","pagination_style":"classic","display_prices":"relative","show_sorting_options":false,"show_filtering_options":false,"attribute_filter_ids":[],"select_action":"view","product_title_visible":true,"product_descr_visible":false,"product_price_visible":false,"product_thumb_visible":false,"subtotal_visible_product":true,"subtotal_visible_cart":false,"subtotal_visible_orders":false},{"id":"1752760065","title":"Umgebungslichtsensor und automatische Dimmung","description":"","query_type":"product_ids","query_ids":[2240678,2241454],"default_option_id":"","thumbnail_id":"","thumbnail_src":"","quantity_min":1,"quantity_max":1,"priced_individually":true,"shipped_individually":false,"optional":false,"discount":"","options_style":"dropdowns","pagination_style":"classic","display_prices":"relative","show_sorting_options":false,"show_filtering_options":false,"attribute_filter_ids":[],"select_action":"view","product_title_visible":true,"product_descr_visible":false,"product_price_visible":false,"product_thumb_visible":false,"subtotal_visible_product":true,"subtotal_visible_cart":false,"subtotal_visible_orders":false},{"id":"1752757527","title":"Redner","description":"","query_type":"product_ids","query_ids":[2241474,2241448],"default_option_id":"","thumbnail_id":"","thumbnail_src":"","quantity_min":1,"quantity_max":1,"priced_individually":true,"shipped_individually":false,"optional":false,"discount":"","options_style":"dropdowns","pagination_style":"classic","display_prices":"relative","show_sorting_options":false,"show_filtering_options":false,"attribute_filter_ids":[],"select_action":"view","product_title_visible":true,"product_descr_visible":false,"product_price_visible":false,"product_thumb_visible":false,"subtotal_visible_product":true,"subtotal_visible_cart":false,"subtotal_visible_orders":false}],"composite_scenarios":[],"acf":[],"yoast_head":"<!-- This site is optimized with the Yoast SEO Premium plugin v26.8 (Yoast SEO v27.2) - https:\/\/yoast.com\/product\/yoast-seo-premium-wordpress\/ -->\n<title>10.1&quot; Industrie-Monitor | TD-45-10<\/title>\n<meta name=\"description\" content=\"Der industrielle Touchscreen-Monitor TD-45-10 verf\u00fcgt \u00fcber eine IP66-konforme Frontplatte und ein Geh\u00e4use aus Aluminiumdruckguss, ideal f\u00fcr industrielle Umgebungen.\" \/>\n<meta name=\"robots\" content=\"index, follow, max-snippet:-1, max-image-preview:large, max-video-preview:-1\" \/>\n<link rel=\"canonical\" href=\"https:\/\/teguar.com\/eu\/de\/product\/td-45-10\/\" \/>\n<meta property=\"og:locale\" content=\"de_DE\" \/>\n<meta property=\"og:type\" content=\"article\" \/>\n<meta property=\"og:title\" content=\"TD-45-10\" \/>\n<meta property=\"og:description\" content=\"Der industrielle Touchscreen-Monitor TD-45-10 verf\u00fcgt \u00fcber eine IP66-konforme Frontplatte und ein Geh\u00e4use aus Aluminiumdruckguss, ideal f\u00fcr industrielle Umgebungen.\" \/>\n<meta property=\"og:url\" content=\"https:\/\/teguar.com\/eu\/de\/product\/td-45-10\/\" \/>\n<meta property=\"og:site_name\" content=\"Teguar\" \/>\n<meta property=\"article:modified_time\" content=\"2026-01-02T19:52:32+00:00\" \/>\n<meta property=\"og:image\" content=\"https:\/\/teguar.com\/eu\/wp-content\/uploads\/sites\/2\/2020\/07\/10-inch-industrial-computer_6__05020.1595934837.1280.1280.jpg\" \/>\n\t<meta property=\"og:image:width\" content=\"1000\" \/>\n\t<meta property=\"og:image:height\" content=\"1000\" \/>\n\t<meta property=\"og:image:type\" content=\"image\/jpeg\" \/>\n<meta name=\"twitter:card\" content=\"summary_large_image\" \/>\n<meta name=\"twitter:label1\" content=\"Gesch\u00e4tzte Lesezeit\" \/>\n\t<meta name=\"twitter:data1\" content=\"1\u00a0Minute\" \/>\n<script type=\"application\/ld+json\" class=\"yoast-schema-graph\">{\"@context\":\"https:\/\/schema.org\",\"@graph\":[{\"@type\":\"WebPage\",\"@id\":\"https:\/\/teguar.com\/eu\/de\/product\/td-45-10\/\",\"url\":\"https:\/\/teguar.com\/eu\/de\/product\/td-45-10\/\",\"name\":\"10.1\\\" Industrie-Monitor | TD-45-10\",\"isPartOf\":{\"@id\":\"https:\/\/teguar.com\/eu\/en\/#website\"},\"primaryImageOfPage\":{\"@id\":\"https:\/\/teguar.com\/eu\/de\/product\/td-45-10\/#primaryimage\"},\"image\":{\"@id\":\"https:\/\/teguar.com\/eu\/de\/product\/td-45-10\/#primaryimage\"},\"thumbnailUrl\":\"https:\/\/teguar.com\/eu\/wp-content\/uploads\/sites\/2\/2020\/07\/10-inch-industrial-computer_6__05020.1595934837.1280.1280.jpg\",\"datePublished\":\"2025-06-24T15:07:22+00:00\",\"dateModified\":\"2026-01-02T19:52:32+00:00\",\"description\":\"Der industrielle Touchscreen-Monitor TD-45-10 verf\u00fcgt \u00fcber eine IP66-konforme Frontplatte und ein Geh\u00e4use aus Aluminiumdruckguss, ideal f\u00fcr industrielle Umgebungen.\",\"breadcrumb\":{\"@id\":\"https:\/\/teguar.com\/eu\/de\/product\/td-45-10\/#breadcrumb\"},\"inLanguage\":\"de\",\"potentialAction\":[{\"@type\":\"ReadAction\",\"target\":[\"https:\/\/teguar.com\/eu\/de\/product\/td-45-10\/\"]}]},{\"@type\":\"ImageObject\",\"inLanguage\":\"de\",\"@id\":\"https:\/\/teguar.com\/eu\/de\/product\/td-45-10\/#primaryimage\",\"url\":\"https:\/\/teguar.com\/eu\/wp-content\/uploads\/sites\/2\/2020\/07\/10-inch-industrial-computer_6__05020.1595934837.1280.1280.jpg\",\"contentUrl\":\"https:\/\/teguar.com\/eu\/wp-content\/uploads\/sites\/2\/2020\/07\/10-inch-industrial-computer_6__05020.1595934837.1280.1280.jpg\",\"width\":1000,\"height\":1000,\"caption\":\"10\\\" Industrial Display | TD-45-10\"},{\"@type\":\"BreadcrumbList\",\"@id\":\"https:\/\/teguar.com\/eu\/de\/product\/td-45-10\/#breadcrumb\",\"itemListElement\":[{\"@type\":\"ListItem\",\"position\":1,\"name\":\"Home\",\"item\":\"https:\/\/teguar.com\/eu\/de\/\"},{\"@type\":\"ListItem\",\"position\":2,\"name\":\"TD-45-10\"}]},{\"@type\":\"WebSite\",\"@id\":\"https:\/\/teguar.com\/eu\/en\/#website\",\"url\":\"https:\/\/teguar.com\/eu\/en\/\",\"name\":\"Teguar\",\"description\":\"Industrial PCs, Medical Computers, and Rugged Tablets\",\"potentialAction\":[{\"@type\":\"SearchAction\",\"target\":{\"@type\":\"EntryPoint\",\"urlTemplate\":\"https:\/\/teguar.com\/eu\/en\/?s={search_term_string}\"},\"query-input\":{\"@type\":\"PropertyValueSpecification\",\"valueRequired\":true,\"valueName\":\"search_term_string\"}}],\"inLanguage\":\"de\"}]}<\/script>\n<!-- \/ Yoast SEO Premium plugin. -->","yoast_head_json":{"title":"10.1\" Industrie-Monitor | TD-45-10","description":"Der industrielle Touchscreen-Monitor TD-45-10 verf\u00fcgt \u00fcber eine IP66-konforme Frontplatte und ein Geh\u00e4use aus Aluminiumdruckguss, ideal f\u00fcr industrielle Umgebungen.","robots":{"index":"index","follow":"follow","max-snippet":"max-snippet:-1","max-image-preview":"max-image-preview:large","max-video-preview":"max-video-preview:-1"},"canonical":"https:\/\/teguar.com\/eu\/de\/product\/td-45-10\/","og_locale":"de_DE","og_type":"article","og_title":"TD-45-10","og_description":"Der industrielle Touchscreen-Monitor TD-45-10 verf\u00fcgt \u00fcber eine IP66-konforme Frontplatte und ein Geh\u00e4use aus Aluminiumdruckguss, ideal f\u00fcr industrielle Umgebungen.","og_url":"https:\/\/teguar.com\/eu\/de\/product\/td-45-10\/","og_site_name":"Teguar","article_modified_time":"2026-01-02T19:52:32+00:00","og_image":[{"width":1000,"height":1000,"url":"https:\/\/teguar.com\/eu\/wp-content\/uploads\/sites\/2\/2020\/07\/10-inch-industrial-computer_6__05020.1595934837.1280.1280.jpg","type":"image\/jpeg"}],"twitter_card":"summary_large_image","twitter_misc":{"Gesch\u00e4tzte Lesezeit":"1\u00a0Minute"},"schema":{"@context":"https:\/\/schema.org","@graph":[{"@type":"WebPage","@id":"https:\/\/teguar.com\/eu\/de\/product\/td-45-10\/","url":"https:\/\/teguar.com\/eu\/de\/product\/td-45-10\/","name":"10.1\" Industrie-Monitor | TD-45-10","isPartOf":{"@id":"https:\/\/teguar.com\/eu\/en\/#website"},"primaryImageOfPage":{"@id":"https:\/\/teguar.com\/eu\/de\/product\/td-45-10\/#primaryimage"},"image":{"@id":"https:\/\/teguar.com\/eu\/de\/product\/td-45-10\/#primaryimage"},"thumbnailUrl":"https:\/\/teguar.com\/eu\/wp-content\/uploads\/sites\/2\/2020\/07\/10-inch-industrial-computer_6__05020.1595934837.1280.1280.jpg","datePublished":"2025-06-24T15:07:22+00:00","dateModified":"2026-01-02T19:52:32+00:00","description":"Der industrielle Touchscreen-Monitor TD-45-10 verf\u00fcgt \u00fcber eine IP66-konforme Frontplatte und ein Geh\u00e4use aus Aluminiumdruckguss, ideal f\u00fcr industrielle Umgebungen.","breadcrumb":{"@id":"https:\/\/teguar.com\/eu\/de\/product\/td-45-10\/#breadcrumb"},"inLanguage":"de","potentialAction":[{"@type":"ReadAction","target":["https:\/\/teguar.com\/eu\/de\/product\/td-45-10\/"]}]},{"@type":"ImageObject","inLanguage":"de","@id":"https:\/\/teguar.com\/eu\/de\/product\/td-45-10\/#primaryimage","url":"https:\/\/teguar.com\/eu\/wp-content\/uploads\/sites\/2\/2020\/07\/10-inch-industrial-computer_6__05020.1595934837.1280.1280.jpg","contentUrl":"https:\/\/teguar.com\/eu\/wp-content\/uploads\/sites\/2\/2020\/07\/10-inch-industrial-computer_6__05020.1595934837.1280.1280.jpg","width":1000,"height":1000,"caption":"10\" Industrial Display | TD-45-10"},{"@type":"BreadcrumbList","@id":"https:\/\/teguar.com\/eu\/de\/product\/td-45-10\/#breadcrumb","itemListElement":[{"@type":"ListItem","position":1,"name":"Home","item":"https:\/\/teguar.com\/eu\/de\/"},{"@type":"ListItem","position":2,"name":"TD-45-10"}]},{"@type":"WebSite","@id":"https:\/\/teguar.com\/eu\/en\/#website","url":"https:\/\/teguar.com\/eu\/en\/","name":"Teguar","description":"Industrial PCs, Medical Computers, and Rugged Tablets","potentialAction":[{"@type":"SearchAction","target":{"@type":"EntryPoint","urlTemplate":"https:\/\/teguar.com\/eu\/en\/?s={search_term_string}"},"query-input":{"@type":"PropertyValueSpecification","valueRequired":true,"valueName":"search_term_string"}}],"inLanguage":"de"}]}},"_links":{"self":[{"href":"https:\/\/teguar.com\/eu\/de\/wp-json\/wp\/v2\/product\/2247437","targetHints":{"allow":["GET"]}}],"collection":[{"href":"https:\/\/teguar.com\/eu\/de\/wp-json\/wp\/v2\/product"}],"about":[{"href":"https:\/\/teguar.com\/eu\/de\/wp-json\/wp\/v2\/types\/product"}],"wp:featuredmedia":[{"embeddable":true,"href":"https:\/\/teguar.com\/eu\/de\/wp-json\/wp\/v2\/media\/2246125"}],"wp:attachment":[{"href":"https:\/\/teguar.com\/eu\/de\/wp-json\/wp\/v2\/media?parent=2247437"}],"wp:term":[{"taxonomy":"product_brand","embeddable":true,"href":"https:\/\/teguar.com\/eu\/de\/wp-json\/wp\/v2\/product_brand?post=2247437"},{"taxonomy":"product_cat","embeddable":true,"href":"https:\/\/teguar.com\/eu\/de\/wp-json\/wp\/v2\/product_cat?post=2247437"},{"taxonomy":"product_tag","embeddable":true,"href":"https:\/\/teguar.com\/eu\/de\/wp-json\/wp\/v2\/product_tag?post=2247437"},{"taxonomy":"product_label","embeddable":true,"href":"https:\/\/teguar.com\/eu\/de\/wp-json\/wp\/v2\/product_label?post=2247437"}],"curies":[{"name":"wp","href":"https:\/\/api.w.org\/{rel}","templated":true}]}}