{"id":2247433,"date":"2025-10-03T14:11:56","date_gmt":"2025-10-03T14:11:56","guid":{"rendered":"https:\/\/teguar.com\/eu\/product\/tm-5900-24i\/"},"modified":"2025-11-20T16:30:12","modified_gmt":"2025-11-20T16:30:12","slug":"tm-5900-24i","status":"publish","type":"product","link":"https:\/\/teguar.com\/eu\/de\/product\/tm-5900-24i\/","title":{"rendered":"TM-5900-24i"},"content":{"rendered":"<p>Der TM-5900-24i beweist, dass ein <a href=\"\/eu\/de\/industrieller-all-in-one-pc\/\">industrieller All-in-One-PC<\/a> nicht schwer und sperrig sein muss. Dieser l\u00fcfterlose Computer ist standardm\u00e4\u00dfig mit einem leistungsstarken Intel Tiger Lake-Prozessor der 11. Generation, einem 24-Zoll-Full-HD-Display und einem P-kapazitiven Touchscreen ausgestattet &#8211; alles verpackt in einem schlanken und eleganten All-in-One-Computer mit einem Gewicht von nur 16,5 Pfund. Das geringe Gewicht und das schlanke Profil des TM-5900-24i sowie ein optionales Akkupaket machen ihn zu einer perfekten Wahl f\u00fcr den mobilen Einsatz am Arbeitsplatz. Dieser industrielle All-in-One-Computer verf\u00fcgt au\u00dferdem \u00fcber zwei Mikrofone, eine 5-MP-Weitwinkelkamera und optionale Lautsprecher, was ihn zu einer guten Wahl f\u00fcr Anwendungen macht, die Kommunikation oder maschinelles Sehen erfordern. Kombinieren Sie all dies mit einem Langzeitsupport von sieben Jahren und einem garantierten Lebenszyklus-Support bis 2030, und Sie erhalten den beeindruckendsten l\u00fcfterlosen Industrie-All-in-One-PC, der derzeit auf dem Markt ist.    <\/p>\n","protected":false},"excerpt":{"rendered":"<p>Der l\u00fcfterlose AIO PC TM-5900-24i ist ein leistungsstarker Industriecomputer mit einem 24-Zoll-Full-HD-Display und einem kapazitiven P-Touchscreen. Mit seinem leichten und schlanken Profil und einem optionalen Akkupack ist er ideal f\u00fcr den mobilen Einsatz geeignet. Das l\u00fcfterlose K\u00fchlsystem h\u00e4lt das Geh\u00e4use frei von Staub und Ablagerungen.  <\/p>\n","protected":false},"featured_media":2247241,"template":"","meta":{"_acf_changed":false},"product_brand":[],"product_cat":[2828],"product_tag":[3127,2635,5414],"product_label":[],"class_list":{"0":"post-2247433","1":"product","2":"type-product","3":"status-publish","4":"has-post-thumbnail","6":"product_cat-industrieller-all-in-one-pc","7":"product_tag-industriecomputer-im-schnellversand","8":"product_tag-online-kaufen","9":"product_tag-schnellversand-aios","10":"pa_windows-windows-10-iot","11":"pa_windows-windows-10-pro","13":"first","14":"onbackorder","15":"taxable","16":"shipping-taxable","17":"purchasable","18":"product-type-simple"},"composite_virtual":false,"composite_layout":"","composite_add_to_cart_form_location":"","composite_editable_in_cart":false,"composite_sold_individually_context":"","composite_shop_price_calc":"","composite_components":[],"composite_scenarios":[],"acf":[],"yoast_head":"<!-- This site is optimized with the Yoast SEO Premium plugin v26.8 (Yoast SEO v27.2) - https:\/\/yoast.com\/product\/yoast-seo-premium-wordpress\/ -->\n<title>24&quot; L\u00fcfterloser AIO PC | TM-5900-24i<\/title>\n<meta name=\"description\" content=\"Der TM-5900-24i, ein l\u00fcfterloser All-in-One-PC mit einer Intel Tiger Lake CPU der 11. Generation, kombiniert Robustheit und \u00c4sthetik mit einem kombinierten Metall- und Kunststoffgeh\u00e4use.\" \/>\n<meta name=\"robots\" content=\"index, follow, max-snippet:-1, max-image-preview:large, max-video-preview:-1\" \/>\n<link rel=\"canonical\" href=\"https:\/\/teguar.com\/eu\/de\/product\/tm-5900-24i\/\" \/>\n<meta property=\"og:locale\" content=\"de_DE\" \/>\n<meta property=\"og:type\" content=\"article\" \/>\n<meta property=\"og:title\" content=\"TM-5900-24i\" \/>\n<meta property=\"og:description\" content=\"Der TM-5900-24i, ein l\u00fcfterloser All-in-One-PC mit einer Intel Tiger Lake CPU der 11. Generation, kombiniert Robustheit und \u00c4sthetik mit einem kombinierten Metall- und Kunststoffgeh\u00e4use.\" \/>\n<meta property=\"og:url\" content=\"https:\/\/teguar.com\/eu\/de\/product\/tm-5900-24i\/\" \/>\n<meta property=\"og:site_name\" content=\"Teguar\" \/>\n<meta property=\"article:modified_time\" content=\"2025-11-20T16:30:12+00:00\" \/>\n<meta property=\"og:image\" content=\"https:\/\/teguar.com\/eu\/wp-content\/uploads\/sites\/2\/2022\/09\/24_Fanless_AIO_PC_TM-5900-24i_Front_with_Speaker__08338.1736460907.1280.1280.jpg\" \/>\n\t<meta property=\"og:image:width\" content=\"1000\" \/>\n\t<meta property=\"og:image:height\" content=\"1000\" \/>\n\t<meta property=\"og:image:type\" content=\"image\/jpeg\" \/>\n<meta name=\"twitter:card\" content=\"summary_large_image\" \/>\n<meta name=\"twitter:label1\" content=\"Gesch\u00e4tzte Lesezeit\" \/>\n\t<meta name=\"twitter:data1\" content=\"1\u00a0Minute\" \/>\n<script type=\"application\/ld+json\" class=\"yoast-schema-graph\">{\"@context\":\"https:\/\/schema.org\",\"@graph\":[{\"@type\":\"WebPage\",\"@id\":\"https:\/\/teguar.com\/eu\/de\/product\/tm-5900-24i\/\",\"url\":\"https:\/\/teguar.com\/eu\/de\/product\/tm-5900-24i\/\",\"name\":\"24\\\" L\u00fcfterloser AIO PC | TM-5900-24i\",\"isPartOf\":{\"@id\":\"https:\/\/teguar.com\/eu\/en\/#website\"},\"primaryImageOfPage\":{\"@id\":\"https:\/\/teguar.com\/eu\/de\/product\/tm-5900-24i\/#primaryimage\"},\"image\":{\"@id\":\"https:\/\/teguar.com\/eu\/de\/product\/tm-5900-24i\/#primaryimage\"},\"thumbnailUrl\":\"https:\/\/teguar.com\/eu\/wp-content\/uploads\/sites\/2\/2022\/09\/24_Fanless_AIO_PC_TM-5900-24i_Front_with_Speaker__08338.1736460907.1280.1280.jpg\",\"datePublished\":\"2025-10-03T14:11:56+00:00\",\"dateModified\":\"2025-11-20T16:30:12+00:00\",\"description\":\"Der TM-5900-24i, ein l\u00fcfterloser All-in-One-PC mit einer Intel Tiger Lake CPU der 11. Generation, kombiniert Robustheit und \u00c4sthetik mit einem kombinierten Metall- und Kunststoffgeh\u00e4use.\",\"breadcrumb\":{\"@id\":\"https:\/\/teguar.com\/eu\/de\/product\/tm-5900-24i\/#breadcrumb\"},\"inLanguage\":\"de\",\"potentialAction\":[{\"@type\":\"ReadAction\",\"target\":[\"https:\/\/teguar.com\/eu\/de\/product\/tm-5900-24i\/\"]}]},{\"@type\":\"ImageObject\",\"inLanguage\":\"de\",\"@id\":\"https:\/\/teguar.com\/eu\/de\/product\/tm-5900-24i\/#primaryimage\",\"url\":\"https:\/\/teguar.com\/eu\/wp-content\/uploads\/sites\/2\/2022\/09\/24_Fanless_AIO_PC_TM-5900-24i_Front_with_Speaker__08338.1736460907.1280.1280.jpg\",\"contentUrl\":\"https:\/\/teguar.com\/eu\/wp-content\/uploads\/sites\/2\/2022\/09\/24_Fanless_AIO_PC_TM-5900-24i_Front_with_Speaker__08338.1736460907.1280.1280.jpg\",\"width\":1000,\"height\":1000,\"caption\":\"Fanless all-in-one PC TM-5900-24i front with speaker\"},{\"@type\":\"BreadcrumbList\",\"@id\":\"https:\/\/teguar.com\/eu\/de\/product\/tm-5900-24i\/#breadcrumb\",\"itemListElement\":[{\"@type\":\"ListItem\",\"position\":1,\"name\":\"Home\",\"item\":\"https:\/\/teguar.com\/eu\/de\/\"},{\"@type\":\"ListItem\",\"position\":2,\"name\":\"TM-5900-24i\"}]},{\"@type\":\"WebSite\",\"@id\":\"https:\/\/teguar.com\/eu\/en\/#website\",\"url\":\"https:\/\/teguar.com\/eu\/en\/\",\"name\":\"Teguar\",\"description\":\"Industrial PCs, Medical Computers, and Rugged Tablets\",\"potentialAction\":[{\"@type\":\"SearchAction\",\"target\":{\"@type\":\"EntryPoint\",\"urlTemplate\":\"https:\/\/teguar.com\/eu\/en\/?s={search_term_string}\"},\"query-input\":{\"@type\":\"PropertyValueSpecification\",\"valueRequired\":true,\"valueName\":\"search_term_string\"}}],\"inLanguage\":\"de\"}]}<\/script>\n<!-- \/ Yoast SEO Premium plugin. -->","yoast_head_json":{"title":"24\" L\u00fcfterloser AIO PC | TM-5900-24i","description":"Der TM-5900-24i, ein l\u00fcfterloser All-in-One-PC mit einer Intel Tiger Lake CPU der 11. Generation, kombiniert Robustheit und \u00c4sthetik mit einem kombinierten Metall- und Kunststoffgeh\u00e4use.","robots":{"index":"index","follow":"follow","max-snippet":"max-snippet:-1","max-image-preview":"max-image-preview:large","max-video-preview":"max-video-preview:-1"},"canonical":"https:\/\/teguar.com\/eu\/de\/product\/tm-5900-24i\/","og_locale":"de_DE","og_type":"article","og_title":"TM-5900-24i","og_description":"Der TM-5900-24i, ein l\u00fcfterloser All-in-One-PC mit einer Intel Tiger Lake CPU der 11. Generation, kombiniert Robustheit und \u00c4sthetik mit einem kombinierten Metall- und Kunststoffgeh\u00e4use.","og_url":"https:\/\/teguar.com\/eu\/de\/product\/tm-5900-24i\/","og_site_name":"Teguar","article_modified_time":"2025-11-20T16:30:12+00:00","og_image":[{"width":1000,"height":1000,"url":"https:\/\/teguar.com\/eu\/wp-content\/uploads\/sites\/2\/2022\/09\/24_Fanless_AIO_PC_TM-5900-24i_Front_with_Speaker__08338.1736460907.1280.1280.jpg","type":"image\/jpeg"}],"twitter_card":"summary_large_image","twitter_misc":{"Gesch\u00e4tzte Lesezeit":"1\u00a0Minute"},"schema":{"@context":"https:\/\/schema.org","@graph":[{"@type":"WebPage","@id":"https:\/\/teguar.com\/eu\/de\/product\/tm-5900-24i\/","url":"https:\/\/teguar.com\/eu\/de\/product\/tm-5900-24i\/","name":"24\" L\u00fcfterloser AIO PC | TM-5900-24i","isPartOf":{"@id":"https:\/\/teguar.com\/eu\/en\/#website"},"primaryImageOfPage":{"@id":"https:\/\/teguar.com\/eu\/de\/product\/tm-5900-24i\/#primaryimage"},"image":{"@id":"https:\/\/teguar.com\/eu\/de\/product\/tm-5900-24i\/#primaryimage"},"thumbnailUrl":"https:\/\/teguar.com\/eu\/wp-content\/uploads\/sites\/2\/2022\/09\/24_Fanless_AIO_PC_TM-5900-24i_Front_with_Speaker__08338.1736460907.1280.1280.jpg","datePublished":"2025-10-03T14:11:56+00:00","dateModified":"2025-11-20T16:30:12+00:00","description":"Der TM-5900-24i, ein l\u00fcfterloser All-in-One-PC mit einer Intel Tiger Lake CPU der 11. Generation, kombiniert Robustheit und \u00c4sthetik mit einem kombinierten Metall- und Kunststoffgeh\u00e4use.","breadcrumb":{"@id":"https:\/\/teguar.com\/eu\/de\/product\/tm-5900-24i\/#breadcrumb"},"inLanguage":"de","potentialAction":[{"@type":"ReadAction","target":["https:\/\/teguar.com\/eu\/de\/product\/tm-5900-24i\/"]}]},{"@type":"ImageObject","inLanguage":"de","@id":"https:\/\/teguar.com\/eu\/de\/product\/tm-5900-24i\/#primaryimage","url":"https:\/\/teguar.com\/eu\/wp-content\/uploads\/sites\/2\/2022\/09\/24_Fanless_AIO_PC_TM-5900-24i_Front_with_Speaker__08338.1736460907.1280.1280.jpg","contentUrl":"https:\/\/teguar.com\/eu\/wp-content\/uploads\/sites\/2\/2022\/09\/24_Fanless_AIO_PC_TM-5900-24i_Front_with_Speaker__08338.1736460907.1280.1280.jpg","width":1000,"height":1000,"caption":"Fanless all-in-one PC TM-5900-24i front with speaker"},{"@type":"BreadcrumbList","@id":"https:\/\/teguar.com\/eu\/de\/product\/tm-5900-24i\/#breadcrumb","itemListElement":[{"@type":"ListItem","position":1,"name":"Home","item":"https:\/\/teguar.com\/eu\/de\/"},{"@type":"ListItem","position":2,"name":"TM-5900-24i"}]},{"@type":"WebSite","@id":"https:\/\/teguar.com\/eu\/en\/#website","url":"https:\/\/teguar.com\/eu\/en\/","name":"Teguar","description":"Industrial PCs, Medical Computers, and Rugged Tablets","potentialAction":[{"@type":"SearchAction","target":{"@type":"EntryPoint","urlTemplate":"https:\/\/teguar.com\/eu\/en\/?s={search_term_string}"},"query-input":{"@type":"PropertyValueSpecification","valueRequired":true,"valueName":"search_term_string"}}],"inLanguage":"de"}]}},"_links":{"self":[{"href":"https:\/\/teguar.com\/eu\/de\/wp-json\/wp\/v2\/product\/2247433","targetHints":{"allow":["GET"]}}],"collection":[{"href":"https:\/\/teguar.com\/eu\/de\/wp-json\/wp\/v2\/product"}],"about":[{"href":"https:\/\/teguar.com\/eu\/de\/wp-json\/wp\/v2\/types\/product"}],"wp:featuredmedia":[{"embeddable":true,"href":"https:\/\/teguar.com\/eu\/de\/wp-json\/wp\/v2\/media\/2247241"}],"wp:attachment":[{"href":"https:\/\/teguar.com\/eu\/de\/wp-json\/wp\/v2\/media?parent=2247433"}],"wp:term":[{"taxonomy":"product_brand","embeddable":true,"href":"https:\/\/teguar.com\/eu\/de\/wp-json\/wp\/v2\/product_brand?post=2247433"},{"taxonomy":"product_cat","embeddable":true,"href":"https:\/\/teguar.com\/eu\/de\/wp-json\/wp\/v2\/product_cat?post=2247433"},{"taxonomy":"product_tag","embeddable":true,"href":"https:\/\/teguar.com\/eu\/de\/wp-json\/wp\/v2\/product_tag?post=2247433"},{"taxonomy":"product_label","embeddable":true,"href":"https:\/\/teguar.com\/eu\/de\/wp-json\/wp\/v2\/product_label?post=2247433"}],"curies":[{"name":"wp","href":"https:\/\/api.w.org\/{rel}","templated":true}]}}