{"id":2247416,"date":"2025-06-29T14:12:57","date_gmt":"2025-06-29T14:12:57","guid":{"rendered":"https:\/\/teguar.com\/eu\/product\/tp-5945-10\/"},"modified":"2026-01-06T18:20:53","modified_gmt":"2026-01-06T18:20:53","slug":"tp-5945-10","status":"publish","type":"product","link":"https:\/\/teguar.com\/eu\/de\/product\/tp-5945-10\/","title":{"rendered":"TP-5945-10"},"content":{"rendered":"<p>Der 10&#8243; <a href=\"\/eu\/de\/panel-pcs\/\">Touchscreen-Panel-PC<\/a> ist das kleinste Modell der Serie. Trotz seiner Gr\u00f6\u00dfe l\u00e4uft er mit dem leistungsstarken Intel 11 th Generation, die ein reibungsloses Funktionieren des Betriebssystems Windows 11 erm\u00f6glicht. Dieses Ger\u00e4t eignet sich ideal f\u00fcr die b\u00fcndige Montage an der Wand. Es hat ein schlankes Design und kein freiliegendes Metall an der Frontblende. Die PCAP-Technologie gew\u00e4hrleistet genaue und reaktionsschnelle Touch-Funktionalit\u00e4t. Es hat eine einzigartige zweiteilige L\u00f6sung die es erm\u00f6glicht, die Box von der Vorderseite zu entfernen, was eine einfache Wartung erm\u00f6glicht. Der TP-5945-10 ist ideal f\u00fcr industrielle Anwendungen wie Produktionshallen, Arbeitspl\u00e4tze und andere Fertigungsanwendungen.<\/p>\n","protected":false},"excerpt":{"rendered":"<p><a href=\"https:\/\/teguar.com\/eu\/de\/computer-fuer-die-lagerverwaltung\/\">Arbeitsabl\u00e4ufe in der Produktion:<\/a> Der TP-5945 ist eine ideale Computerl\u00f6sung f\u00fcr verschiedene Arbeitsabl\u00e4ufe im Produktionsbereich. Das klare und moderne Design in Verbindung mit der PCAP-Technologie f\u00fcr pr\u00e4zise und reaktionsschnelle Touch-Funktionen verbessert die Pr\u00e4zision und Zweckm\u00e4\u00dfigkeit industrieller Abl\u00e4ufe. Diese Panel-PCs laufen unter Windows 11 und bieten eine intuitive Benutzererfahrung, die zu nahtlosen Abl\u00e4ufen im Produktionsbereich beitr\u00e4gt.<\/p>\n<p><a href=\"https:\/\/teguar.com\/eu\/de\/fertigungs-computer\/\">Produktionsumgebungen:<\/a> Die TP-5945 Touch Panel PC Serie, die mit dem neuesten Intel Core Prozessor der 11. Generation ausgestattet ist, eignet sich hervorragend f\u00fcr verschiedene Fertigungsumgebungen. Die PCAP-Technologie sorgt f\u00fcr eine pr\u00e4zise und reaktionsschnelle Touch-Funktionalit\u00e4t und verbessert die Pr\u00e4zision in industriellen Prozessen. Diese Panel-PCs laufen unter Windows 11 und bieten ein intuitives Benutzererlebnis, was sie zu einer ausgezeichneten Wahl f\u00fcr die Verbesserung von Fertigungsprozessen macht.<\/p>\n","protected":false},"featured_media":2245764,"template":"","meta":{"_acf_changed":false},"product_brand":[],"product_cat":[2826,2839],"product_tag":[3127],"product_label":[],"class_list":{"0":"post-2247416","1":"product","2":"type-product","3":"status-publish","4":"has-post-thumbnail","6":"product_cat-hmi-panel","7":"product_cat-panel-pcs","8":"product_tag-industriecomputer-im-schnellversand","9":"pa_windows-windows-10-iot","10":"pa_windows-windows-11-iot","11":"pa_windows-windows-11-pro","13":"first","14":"instock","15":"taxable","16":"shipping-taxable","17":"purchasable","18":"product-type-simple"},"composite_virtual":false,"composite_layout":"","composite_add_to_cart_form_location":"","composite_editable_in_cart":false,"composite_sold_individually_context":"","composite_shop_price_calc":"","composite_components":[],"composite_scenarios":[],"acf":[],"yoast_head":"<!-- This site is optimized with the Yoast SEO Premium plugin v26.8 (Yoast SEO v27.2) - https:\/\/yoast.com\/product\/yoast-seo-premium-wordpress\/ -->\n<title>10&quot; Touchscreen Panel PC | TP-5945-10<\/title>\n<meta name=\"description\" content=\"Der 10-Zoll-Touchpanel-PC ist der kleinste in der Serie, l\u00e4uft aber mit einem Intel-Prozessor der 11. Generation, auf dem Windows 11 reibungslos l\u00e4uft.\" \/>\n<meta name=\"robots\" content=\"index, follow, max-snippet:-1, max-image-preview:large, max-video-preview:-1\" \/>\n<link rel=\"canonical\" href=\"https:\/\/teguar.com\/eu\/de\/product\/tp-5945-10\/\" \/>\n<meta property=\"og:locale\" content=\"de_DE\" \/>\n<meta property=\"og:type\" content=\"article\" \/>\n<meta property=\"og:title\" content=\"TP-5945-10\" \/>\n<meta property=\"og:description\" content=\"Der 10-Zoll-Touchpanel-PC ist der kleinste in der Serie, l\u00e4uft aber mit einem Intel-Prozessor der 11. Generation, auf dem Windows 11 reibungslos l\u00e4uft.\" \/>\n<meta property=\"og:url\" content=\"https:\/\/teguar.com\/eu\/de\/product\/tp-5945-10\/\" \/>\n<meta property=\"og:site_name\" content=\"Teguar\" \/>\n<meta property=\"article:modified_time\" content=\"2026-01-06T18:20:53+00:00\" \/>\n<meta property=\"og:image\" content=\"https:\/\/teguar.com\/eu\/wp-content\/uploads\/sites\/2\/2023\/09\/10_Touch_Screen_Panel_PC_TP-5945-10_Front_Angle__90586.1694539280.1280.1280.jpg\" \/>\n\t<meta property=\"og:image:width\" content=\"750\" \/>\n\t<meta property=\"og:image:height\" content=\"565\" \/>\n\t<meta property=\"og:image:type\" content=\"image\/jpeg\" \/>\n<meta name=\"twitter:card\" content=\"summary_large_image\" \/>\n<meta name=\"twitter:label1\" content=\"Gesch\u00e4tzte Lesezeit\" \/>\n\t<meta name=\"twitter:data1\" content=\"1\u00a0Minute\" \/>\n<script type=\"application\/ld+json\" class=\"yoast-schema-graph\">{\"@context\":\"https:\/\/schema.org\",\"@graph\":[{\"@type\":\"WebPage\",\"@id\":\"https:\/\/teguar.com\/eu\/de\/product\/tp-5945-10\/\",\"url\":\"https:\/\/teguar.com\/eu\/de\/product\/tp-5945-10\/\",\"name\":\"10\\\" Touchscreen Panel PC | TP-5945-10\",\"isPartOf\":{\"@id\":\"https:\/\/teguar.com\/eu\/en\/#website\"},\"primaryImageOfPage\":{\"@id\":\"https:\/\/teguar.com\/eu\/de\/product\/tp-5945-10\/#primaryimage\"},\"image\":{\"@id\":\"https:\/\/teguar.com\/eu\/de\/product\/tp-5945-10\/#primaryimage\"},\"thumbnailUrl\":\"https:\/\/teguar.com\/eu\/wp-content\/uploads\/sites\/2\/2023\/09\/10_Touch_Screen_Panel_PC_TP-5945-10_Front_Angle__90586.1694539280.1280.1280.jpg\",\"datePublished\":\"2025-06-29T14:12:57+00:00\",\"dateModified\":\"2026-01-06T18:20:53+00:00\",\"description\":\"Der 10-Zoll-Touchpanel-PC ist der kleinste in der Serie, l\u00e4uft aber mit einem Intel-Prozessor der 11. Generation, auf dem Windows 11 reibungslos l\u00e4uft.\",\"breadcrumb\":{\"@id\":\"https:\/\/teguar.com\/eu\/de\/product\/tp-5945-10\/#breadcrumb\"},\"inLanguage\":\"de\",\"potentialAction\":[{\"@type\":\"ReadAction\",\"target\":[\"https:\/\/teguar.com\/eu\/de\/product\/tp-5945-10\/\"]}]},{\"@type\":\"ImageObject\",\"inLanguage\":\"de\",\"@id\":\"https:\/\/teguar.com\/eu\/de\/product\/tp-5945-10\/#primaryimage\",\"url\":\"https:\/\/teguar.com\/eu\/wp-content\/uploads\/sites\/2\/2023\/09\/10_Touch_Screen_Panel_PC_TP-5945-10_Front_Angle__90586.1694539280.1280.1280.jpg\",\"contentUrl\":\"https:\/\/teguar.com\/eu\/wp-content\/uploads\/sites\/2\/2023\/09\/10_Touch_Screen_Panel_PC_TP-5945-10_Front_Angle__90586.1694539280.1280.1280.jpg\",\"width\":750,\"height\":565,\"caption\":\"10\\\" Touch Screen Panel PC TP-5945-10 Front Angle\"},{\"@type\":\"BreadcrumbList\",\"@id\":\"https:\/\/teguar.com\/eu\/de\/product\/tp-5945-10\/#breadcrumb\",\"itemListElement\":[{\"@type\":\"ListItem\",\"position\":1,\"name\":\"Home\",\"item\":\"https:\/\/teguar.com\/eu\/de\/\"},{\"@type\":\"ListItem\",\"position\":2,\"name\":\"TP-5945-10\"}]},{\"@type\":\"WebSite\",\"@id\":\"https:\/\/teguar.com\/eu\/en\/#website\",\"url\":\"https:\/\/teguar.com\/eu\/en\/\",\"name\":\"Teguar\",\"description\":\"Industrial PCs, Medical Computers, and Rugged Tablets\",\"potentialAction\":[{\"@type\":\"SearchAction\",\"target\":{\"@type\":\"EntryPoint\",\"urlTemplate\":\"https:\/\/teguar.com\/eu\/en\/?s={search_term_string}\"},\"query-input\":{\"@type\":\"PropertyValueSpecification\",\"valueRequired\":true,\"valueName\":\"search_term_string\"}}],\"inLanguage\":\"de\"}]}<\/script>\n<!-- \/ Yoast SEO Premium plugin. -->","yoast_head_json":{"title":"10\" Touchscreen Panel PC | TP-5945-10","description":"Der 10-Zoll-Touchpanel-PC ist der kleinste in der Serie, l\u00e4uft aber mit einem Intel-Prozessor der 11. Generation, auf dem Windows 11 reibungslos l\u00e4uft.","robots":{"index":"index","follow":"follow","max-snippet":"max-snippet:-1","max-image-preview":"max-image-preview:large","max-video-preview":"max-video-preview:-1"},"canonical":"https:\/\/teguar.com\/eu\/de\/product\/tp-5945-10\/","og_locale":"de_DE","og_type":"article","og_title":"TP-5945-10","og_description":"Der 10-Zoll-Touchpanel-PC ist der kleinste in der Serie, l\u00e4uft aber mit einem Intel-Prozessor der 11. Generation, auf dem Windows 11 reibungslos l\u00e4uft.","og_url":"https:\/\/teguar.com\/eu\/de\/product\/tp-5945-10\/","og_site_name":"Teguar","article_modified_time":"2026-01-06T18:20:53+00:00","og_image":[{"width":750,"height":565,"url":"https:\/\/teguar.com\/eu\/wp-content\/uploads\/sites\/2\/2023\/09\/10_Touch_Screen_Panel_PC_TP-5945-10_Front_Angle__90586.1694539280.1280.1280.jpg","type":"image\/jpeg"}],"twitter_card":"summary_large_image","twitter_misc":{"Gesch\u00e4tzte Lesezeit":"1\u00a0Minute"},"schema":{"@context":"https:\/\/schema.org","@graph":[{"@type":"WebPage","@id":"https:\/\/teguar.com\/eu\/de\/product\/tp-5945-10\/","url":"https:\/\/teguar.com\/eu\/de\/product\/tp-5945-10\/","name":"10\" Touchscreen Panel PC | TP-5945-10","isPartOf":{"@id":"https:\/\/teguar.com\/eu\/en\/#website"},"primaryImageOfPage":{"@id":"https:\/\/teguar.com\/eu\/de\/product\/tp-5945-10\/#primaryimage"},"image":{"@id":"https:\/\/teguar.com\/eu\/de\/product\/tp-5945-10\/#primaryimage"},"thumbnailUrl":"https:\/\/teguar.com\/eu\/wp-content\/uploads\/sites\/2\/2023\/09\/10_Touch_Screen_Panel_PC_TP-5945-10_Front_Angle__90586.1694539280.1280.1280.jpg","datePublished":"2025-06-29T14:12:57+00:00","dateModified":"2026-01-06T18:20:53+00:00","description":"Der 10-Zoll-Touchpanel-PC ist der kleinste in der Serie, l\u00e4uft aber mit einem Intel-Prozessor der 11. Generation, auf dem Windows 11 reibungslos l\u00e4uft.","breadcrumb":{"@id":"https:\/\/teguar.com\/eu\/de\/product\/tp-5945-10\/#breadcrumb"},"inLanguage":"de","potentialAction":[{"@type":"ReadAction","target":["https:\/\/teguar.com\/eu\/de\/product\/tp-5945-10\/"]}]},{"@type":"ImageObject","inLanguage":"de","@id":"https:\/\/teguar.com\/eu\/de\/product\/tp-5945-10\/#primaryimage","url":"https:\/\/teguar.com\/eu\/wp-content\/uploads\/sites\/2\/2023\/09\/10_Touch_Screen_Panel_PC_TP-5945-10_Front_Angle__90586.1694539280.1280.1280.jpg","contentUrl":"https:\/\/teguar.com\/eu\/wp-content\/uploads\/sites\/2\/2023\/09\/10_Touch_Screen_Panel_PC_TP-5945-10_Front_Angle__90586.1694539280.1280.1280.jpg","width":750,"height":565,"caption":"10\" Touch Screen Panel PC TP-5945-10 Front Angle"},{"@type":"BreadcrumbList","@id":"https:\/\/teguar.com\/eu\/de\/product\/tp-5945-10\/#breadcrumb","itemListElement":[{"@type":"ListItem","position":1,"name":"Home","item":"https:\/\/teguar.com\/eu\/de\/"},{"@type":"ListItem","position":2,"name":"TP-5945-10"}]},{"@type":"WebSite","@id":"https:\/\/teguar.com\/eu\/en\/#website","url":"https:\/\/teguar.com\/eu\/en\/","name":"Teguar","description":"Industrial PCs, Medical Computers, and Rugged Tablets","potentialAction":[{"@type":"SearchAction","target":{"@type":"EntryPoint","urlTemplate":"https:\/\/teguar.com\/eu\/en\/?s={search_term_string}"},"query-input":{"@type":"PropertyValueSpecification","valueRequired":true,"valueName":"search_term_string"}}],"inLanguage":"de"}]}},"_links":{"self":[{"href":"https:\/\/teguar.com\/eu\/de\/wp-json\/wp\/v2\/product\/2247416","targetHints":{"allow":["GET"]}}],"collection":[{"href":"https:\/\/teguar.com\/eu\/de\/wp-json\/wp\/v2\/product"}],"about":[{"href":"https:\/\/teguar.com\/eu\/de\/wp-json\/wp\/v2\/types\/product"}],"wp:featuredmedia":[{"embeddable":true,"href":"https:\/\/teguar.com\/eu\/de\/wp-json\/wp\/v2\/media\/2245764"}],"wp:attachment":[{"href":"https:\/\/teguar.com\/eu\/de\/wp-json\/wp\/v2\/media?parent=2247416"}],"wp:term":[{"taxonomy":"product_brand","embeddable":true,"href":"https:\/\/teguar.com\/eu\/de\/wp-json\/wp\/v2\/product_brand?post=2247416"},{"taxonomy":"product_cat","embeddable":true,"href":"https:\/\/teguar.com\/eu\/de\/wp-json\/wp\/v2\/product_cat?post=2247416"},{"taxonomy":"product_tag","embeddable":true,"href":"https:\/\/teguar.com\/eu\/de\/wp-json\/wp\/v2\/product_tag?post=2247416"},{"taxonomy":"product_label","embeddable":true,"href":"https:\/\/teguar.com\/eu\/de\/wp-json\/wp\/v2\/product_label?post=2247416"}],"curies":[{"name":"wp","href":"https:\/\/api.w.org\/{rel}","templated":true}]}}