{"id":2247414,"date":"2025-06-29T14:08:46","date_gmt":"2025-06-29T14:08:46","guid":{"rendered":"https:\/\/teguar.com\/eu\/product\/tm-7240-22i\/"},"modified":"2026-01-02T14:44:45","modified_gmt":"2026-01-02T14:44:45","slug":"tm-7240-22i","status":"publish","type":"product","link":"https:\/\/teguar.com\/eu\/de\/product\/tm-7240-22i\/","title":{"rendered":"TM-7240-22i"},"content":{"rendered":"<p>Der Horizon 21,5&#8243; Touchscreen-Industriecomputer wird von einem Intel\u00ae Core Ultra 5 Prozessor 125U angetrieben, der 12 Kerne f\u00fcr leistungsstarkes Multitasking und eine integrierte Neural Processing Unit (NPU) bietet. Diese NPU ist Ihr KI-Beschleuniger f\u00fcr alle Machine Vision- und KI-Projekte. Der superschnelle DDR5-Arbeitsspeicher bietet Horizon &#8211; und Ihrem Team &#8211; ein Maximum an Effizienz.<\/p>\n<p>Aber die Horizon Serie stellt die Konkurrenz nicht nur in Sachen Leistung in den Schatten. Diese eleganten Ger\u00e4te sind auch schlank in der Tiefe und haben eine innovative kompakte Bauweise, die sie zu 2kg (4.4lbs) leichter als \u00e4hnliche Ger\u00e4te.<\/p>\n","protected":false},"excerpt":{"rendered":"<p><strong>F\u00fcr schnelles Computing &#8211; Erm\u00f6glichung von <\/strong><a href=\"https:\/\/teguar.com\/eu\/de\/fertigungs-computer\/\">Produktionsabl\u00e4ufen<\/a>: Die Neural Processing Unit (NPU), die den 12-Kern-Prozessor von Horizon verst\u00e4rkt, erh\u00f6ht die Rechengeschwindigkeit und Effizienz selbst bei komplexer 3D-Modellierung oder Qualit\u00e4tsbewertungssoftware. Unterst\u00fctzt durch DDR5 RAM ist der TM-7240 f\u00fcr eine blitzschnelle und einfache Nutzung geeignet.<br \/>\n<strong>F\u00fcr ein professionelles Aussehen &#8211; perfekt f\u00fcr <\/strong><a href=\"https:\/\/teguar.com\/eu\/kiosk-computers\/\">Endbenutzer<\/a>: Die geringe Tiefe und das schlanke Aussehen von Horizon passen genau in eine saubere und klare Kioskeinrichtung. Mit einem USB-C f\u00fcr PD-Ausgang kann der TM-7240 auch Zusatzger\u00e4te wie Scanner oder ein zus\u00e4tzliches Display direkt vom Ger\u00e4t aus mit Strom versorgen.<br \/>\n<strong>F\u00fcr Bedienerqualit\u00e4t &#8211; <\/strong> <strong>Bereit f\u00fcr<\/strong><a href=\"https:\/\/teguar.com\/eu\/de\/computer-fuer-die-lagerverwaltung\/\">industrielle Arbeitspl\u00e4tze<\/a>: Mit der M\u00f6glichkeit zur VESA- oder Panel-Montage, einem robusten Aluminium-Gussgeh\u00e4use mit einem stabilen Wi-Fi-Antennen-Kit und einer 5MP-Kamera zur Sicherheitsidentifizierung ist der TM-7240 ein schlanker und dennoch robuster Computer f\u00fcr industrielle Workstations und Bedienterminals.<\/p>\n","protected":false},"featured_media":2247102,"template":"","meta":{"_acf_changed":false},"product_brand":[],"product_cat":[2828],"product_tag":[4659,3127,2635,5414],"product_label":[],"class_list":{"0":"post-2247414","1":"product","2":"type-product","3":"status-publish","4":"has-post-thumbnail","6":"product_cat-industrieller-all-in-one-pc","7":"product_tag-horizon-series","8":"product_tag-industriecomputer-im-schnellversand","9":"product_tag-online-kaufen","10":"product_tag-schnellversand-aios","11":"pa_windows-windows-10-iot","12":"pa_windows-windows-11-iot","13":"pa_windows-windows-11-pro","15":"first","16":"instock","17":"taxable","18":"shipping-taxable","19":"purchasable","20":"product-type-simple"},"composite_virtual":false,"composite_layout":"","composite_add_to_cart_form_location":"","composite_editable_in_cart":false,"composite_sold_individually_context":"","composite_shop_price_calc":"","composite_components":[],"composite_scenarios":[],"acf":[],"yoast_head":"<!-- This site is optimized with the Yoast SEO Premium plugin v26.8 (Yoast SEO v27.2) - https:\/\/yoast.com\/product\/yoast-seo-premium-wordpress\/ -->\n<title>22&quot; Industrie Touchscreen Computer | Horizon | TM-7240-22i<\/title>\n<meta name=\"description\" content=\"Der TM-7240-22 21,5&quot; Medizinische Computer aus der Horizon Serie bringt rasend schnelle Rechenleistung in ein elegantes, hygienisches Ger\u00e4t.\" \/>\n<meta name=\"robots\" content=\"index, follow, max-snippet:-1, max-image-preview:large, max-video-preview:-1\" \/>\n<link rel=\"canonical\" href=\"https:\/\/teguar.com\/eu\/de\/product\/tm-7240-22i\/\" \/>\n<meta property=\"og:locale\" content=\"de_DE\" \/>\n<meta property=\"og:type\" content=\"article\" \/>\n<meta property=\"og:title\" content=\"TM-7240-22i\" \/>\n<meta property=\"og:description\" content=\"Der TM-7240-22 21,5&quot; Medizinische Computer aus der Horizon Serie bringt rasend schnelle Rechenleistung in ein elegantes, hygienisches Ger\u00e4t.\" \/>\n<meta property=\"og:url\" content=\"https:\/\/teguar.com\/eu\/de\/product\/tm-7240-22i\/\" \/>\n<meta property=\"og:site_name\" content=\"Teguar\" \/>\n<meta property=\"article:modified_time\" content=\"2026-01-02T14:44:45+00:00\" \/>\n<meta property=\"og:image\" content=\"https:\/\/teguar.com\/eu\/wp-content\/uploads\/sites\/2\/2025\/04\/TM-7240-22_Front_Horizon__97433.1745355035.1280.1280.jpg\" \/>\n\t<meta property=\"og:image:width\" content=\"1000\" \/>\n\t<meta property=\"og:image:height\" content=\"1000\" \/>\n\t<meta property=\"og:image:type\" content=\"image\/jpeg\" \/>\n<meta name=\"twitter:card\" content=\"summary_large_image\" \/>\n<meta name=\"twitter:label1\" content=\"Gesch\u00e4tzte Lesezeit\" \/>\n\t<meta name=\"twitter:data1\" content=\"1\u00a0Minute\" \/>\n<script type=\"application\/ld+json\" class=\"yoast-schema-graph\">{\"@context\":\"https:\/\/schema.org\",\"@graph\":[{\"@type\":\"WebPage\",\"@id\":\"https:\/\/teguar.com\/eu\/de\/product\/tm-7240-22i\/\",\"url\":\"https:\/\/teguar.com\/eu\/de\/product\/tm-7240-22i\/\",\"name\":\"22\\\" Industrie Touchscreen Computer | Horizon | TM-7240-22i\",\"isPartOf\":{\"@id\":\"https:\/\/teguar.com\/eu\/en\/#website\"},\"primaryImageOfPage\":{\"@id\":\"https:\/\/teguar.com\/eu\/de\/product\/tm-7240-22i\/#primaryimage\"},\"image\":{\"@id\":\"https:\/\/teguar.com\/eu\/de\/product\/tm-7240-22i\/#primaryimage\"},\"thumbnailUrl\":\"https:\/\/teguar.com\/eu\/wp-content\/uploads\/sites\/2\/2025\/04\/TM-7240-22_Front_Horizon__97433.1745355035.1280.1280.jpg\",\"datePublished\":\"2025-06-29T14:08:46+00:00\",\"dateModified\":\"2026-01-02T14:44:45+00:00\",\"description\":\"Der TM-7240-22 21,5\\\" Medizinische Computer aus der Horizon Serie bringt rasend schnelle Rechenleistung in ein elegantes, hygienisches Ger\u00e4t.\",\"breadcrumb\":{\"@id\":\"https:\/\/teguar.com\/eu\/de\/product\/tm-7240-22i\/#breadcrumb\"},\"inLanguage\":\"de\",\"potentialAction\":[{\"@type\":\"ReadAction\",\"target\":[\"https:\/\/teguar.com\/eu\/de\/product\/tm-7240-22i\/\"]}]},{\"@type\":\"ImageObject\",\"inLanguage\":\"de\",\"@id\":\"https:\/\/teguar.com\/eu\/de\/product\/tm-7240-22i\/#primaryimage\",\"url\":\"https:\/\/teguar.com\/eu\/wp-content\/uploads\/sites\/2\/2025\/04\/TM-7240-22_Front_Horizon__97433.1745355035.1280.1280.jpg\",\"contentUrl\":\"https:\/\/teguar.com\/eu\/wp-content\/uploads\/sites\/2\/2025\/04\/TM-7240-22_Front_Horizon__97433.1745355035.1280.1280.jpg\",\"width\":1000,\"height\":1000,\"caption\":\"TM-7240-22 21.5\\\" Medical Touch Screen Computer Front\"},{\"@type\":\"BreadcrumbList\",\"@id\":\"https:\/\/teguar.com\/eu\/de\/product\/tm-7240-22i\/#breadcrumb\",\"itemListElement\":[{\"@type\":\"ListItem\",\"position\":1,\"name\":\"Home\",\"item\":\"https:\/\/teguar.com\/eu\/de\/\"},{\"@type\":\"ListItem\",\"position\":2,\"name\":\"TM-7240-22i\"}]},{\"@type\":\"WebSite\",\"@id\":\"https:\/\/teguar.com\/eu\/en\/#website\",\"url\":\"https:\/\/teguar.com\/eu\/en\/\",\"name\":\"Teguar\",\"description\":\"Industrial PCs, Medical Computers, and Rugged Tablets\",\"potentialAction\":[{\"@type\":\"SearchAction\",\"target\":{\"@type\":\"EntryPoint\",\"urlTemplate\":\"https:\/\/teguar.com\/eu\/en\/?s={search_term_string}\"},\"query-input\":{\"@type\":\"PropertyValueSpecification\",\"valueRequired\":true,\"valueName\":\"search_term_string\"}}],\"inLanguage\":\"de\"}]}<\/script>\n<!-- \/ Yoast SEO Premium plugin. -->","yoast_head_json":{"title":"22\" Industrie Touchscreen Computer | Horizon | TM-7240-22i","description":"Der TM-7240-22 21,5\" Medizinische Computer aus der Horizon Serie bringt rasend schnelle Rechenleistung in ein elegantes, hygienisches Ger\u00e4t.","robots":{"index":"index","follow":"follow","max-snippet":"max-snippet:-1","max-image-preview":"max-image-preview:large","max-video-preview":"max-video-preview:-1"},"canonical":"https:\/\/teguar.com\/eu\/de\/product\/tm-7240-22i\/","og_locale":"de_DE","og_type":"article","og_title":"TM-7240-22i","og_description":"Der TM-7240-22 21,5\" Medizinische Computer aus der Horizon Serie bringt rasend schnelle Rechenleistung in ein elegantes, hygienisches Ger\u00e4t.","og_url":"https:\/\/teguar.com\/eu\/de\/product\/tm-7240-22i\/","og_site_name":"Teguar","article_modified_time":"2026-01-02T14:44:45+00:00","og_image":[{"width":1000,"height":1000,"url":"https:\/\/teguar.com\/eu\/wp-content\/uploads\/sites\/2\/2025\/04\/TM-7240-22_Front_Horizon__97433.1745355035.1280.1280.jpg","type":"image\/jpeg"}],"twitter_card":"summary_large_image","twitter_misc":{"Gesch\u00e4tzte Lesezeit":"1\u00a0Minute"},"schema":{"@context":"https:\/\/schema.org","@graph":[{"@type":"WebPage","@id":"https:\/\/teguar.com\/eu\/de\/product\/tm-7240-22i\/","url":"https:\/\/teguar.com\/eu\/de\/product\/tm-7240-22i\/","name":"22\" Industrie Touchscreen Computer | Horizon | TM-7240-22i","isPartOf":{"@id":"https:\/\/teguar.com\/eu\/en\/#website"},"primaryImageOfPage":{"@id":"https:\/\/teguar.com\/eu\/de\/product\/tm-7240-22i\/#primaryimage"},"image":{"@id":"https:\/\/teguar.com\/eu\/de\/product\/tm-7240-22i\/#primaryimage"},"thumbnailUrl":"https:\/\/teguar.com\/eu\/wp-content\/uploads\/sites\/2\/2025\/04\/TM-7240-22_Front_Horizon__97433.1745355035.1280.1280.jpg","datePublished":"2025-06-29T14:08:46+00:00","dateModified":"2026-01-02T14:44:45+00:00","description":"Der TM-7240-22 21,5\" Medizinische Computer aus der Horizon Serie bringt rasend schnelle Rechenleistung in ein elegantes, hygienisches Ger\u00e4t.","breadcrumb":{"@id":"https:\/\/teguar.com\/eu\/de\/product\/tm-7240-22i\/#breadcrumb"},"inLanguage":"de","potentialAction":[{"@type":"ReadAction","target":["https:\/\/teguar.com\/eu\/de\/product\/tm-7240-22i\/"]}]},{"@type":"ImageObject","inLanguage":"de","@id":"https:\/\/teguar.com\/eu\/de\/product\/tm-7240-22i\/#primaryimage","url":"https:\/\/teguar.com\/eu\/wp-content\/uploads\/sites\/2\/2025\/04\/TM-7240-22_Front_Horizon__97433.1745355035.1280.1280.jpg","contentUrl":"https:\/\/teguar.com\/eu\/wp-content\/uploads\/sites\/2\/2025\/04\/TM-7240-22_Front_Horizon__97433.1745355035.1280.1280.jpg","width":1000,"height":1000,"caption":"TM-7240-22 21.5\" Medical Touch Screen Computer Front"},{"@type":"BreadcrumbList","@id":"https:\/\/teguar.com\/eu\/de\/product\/tm-7240-22i\/#breadcrumb","itemListElement":[{"@type":"ListItem","position":1,"name":"Home","item":"https:\/\/teguar.com\/eu\/de\/"},{"@type":"ListItem","position":2,"name":"TM-7240-22i"}]},{"@type":"WebSite","@id":"https:\/\/teguar.com\/eu\/en\/#website","url":"https:\/\/teguar.com\/eu\/en\/","name":"Teguar","description":"Industrial PCs, Medical Computers, and Rugged Tablets","potentialAction":[{"@type":"SearchAction","target":{"@type":"EntryPoint","urlTemplate":"https:\/\/teguar.com\/eu\/en\/?s={search_term_string}"},"query-input":{"@type":"PropertyValueSpecification","valueRequired":true,"valueName":"search_term_string"}}],"inLanguage":"de"}]}},"_links":{"self":[{"href":"https:\/\/teguar.com\/eu\/de\/wp-json\/wp\/v2\/product\/2247414","targetHints":{"allow":["GET"]}}],"collection":[{"href":"https:\/\/teguar.com\/eu\/de\/wp-json\/wp\/v2\/product"}],"about":[{"href":"https:\/\/teguar.com\/eu\/de\/wp-json\/wp\/v2\/types\/product"}],"wp:featuredmedia":[{"embeddable":true,"href":"https:\/\/teguar.com\/eu\/de\/wp-json\/wp\/v2\/media\/2247102"}],"wp:attachment":[{"href":"https:\/\/teguar.com\/eu\/de\/wp-json\/wp\/v2\/media?parent=2247414"}],"wp:term":[{"taxonomy":"product_brand","embeddable":true,"href":"https:\/\/teguar.com\/eu\/de\/wp-json\/wp\/v2\/product_brand?post=2247414"},{"taxonomy":"product_cat","embeddable":true,"href":"https:\/\/teguar.com\/eu\/de\/wp-json\/wp\/v2\/product_cat?post=2247414"},{"taxonomy":"product_tag","embeddable":true,"href":"https:\/\/teguar.com\/eu\/de\/wp-json\/wp\/v2\/product_tag?post=2247414"},{"taxonomy":"product_label","embeddable":true,"href":"https:\/\/teguar.com\/eu\/de\/wp-json\/wp\/v2\/product_label?post=2247414"}],"curies":[{"name":"wp","href":"https:\/\/api.w.org\/{rel}","templated":true}]}}