{"id":2247409,"date":"2026-02-01T13:12:48","date_gmt":"2026-02-01T13:12:48","guid":{"rendered":"https:\/\/teguar.com\/eu\/product\/tp-7045-16\/"},"modified":"2026-01-02T16:55:03","modified_gmt":"2026-01-02T16:55:03","slug":"tp-7045-16","status":"publish","type":"product","link":"https:\/\/teguar.com\/eu\/de\/product\/tp-7045-16\/","title":{"rendered":"TP-7045-16"},"content":{"rendered":"<p>Lernen Sie Cornerstone kennen, den TP-7045-16 16&#8243; Industrie-Panel-PC, der entwickelt wurde, um die Effizienz zu steigern und anspruchsvollen Umgebungen standzuhalten. Dieses vielseitige All-in-One-Ger\u00e4t bietet die Option eines projizierten kapazitiven oder resistiven Touchscreens, so dass es den unterschiedlichsten Benutzeranforderungen gerecht werden kann. Der Cornerstone wird von einem robusten Alder Lake <a href=\"https:\/\/www.intel.com\/content\/www\/us\/en\/products\/details\/processors\/core-ultra.html\" target=\"_blank\">Intel\u00ae<\/a>Prozessor angetrieben und l\u00e4uft mit Windows 11. Er bietet nahtlose Leistung in einem l\u00fcfterlosen Ger\u00e4t. Die IP66-zertifizierte Frontblende bietet Schutz vor Staub und Fl\u00fcssigkeiten, w\u00e4hrend der weite Betriebstemperaturbereich Zuverl\u00e4ssigkeit unter verschiedenen Bedingungen garantiert. Zwei DDR4-RAM-Steckpl\u00e4tze sorgen f\u00fcr optimale Geschwindigkeit.    <\/p>\n<p>Legen Sie mit Cornerstone den Grundstein f\u00fcr Ihre industrielle Anwendung.<\/p>\n","protected":false},"excerpt":{"rendered":"<p><a href=\"https:\/\/teguar.com\/eu\/de\/computer-fuer-die-industrielle-automatisierung\/\">Industrielle Automatisierung<\/a>: Zuverl\u00e4ssige und leistungsstarke Computer f\u00fcr die Steuerung und \u00dcberwachung automatisierter Prozesse in Fertigungsbetrieben und Industrieanlagen.<\/p>\n<p><a href=\"https:\/\/teguar.com\/eu\/logistics-transportation-computer\/\">Transport und Logistik<\/a>:Effiziente Verwaltung und Verfolgung von Lagerbest\u00e4nden, Logistik und Lieferkettenoperationen in der Transport- und Logistikbranche.<\/p>\n<p><a href=\"https:\/\/teguar.com\/eu\/de\/computer-fuer-verkaufsstellen-pos\/\">Einzelhandel und Point-of-Sale (POS)<\/a>:Vielseitige Computerl\u00f6sungen f\u00fcr Point-of-Sale-Systeme, Bestandsverwaltung und Kundenbindung im Einzelhandel.<\/p>\n","protected":false},"featured_media":2247334,"template":"","meta":{"_acf_changed":false},"product_brand":[],"product_cat":[2826,2839],"product_tag":[4591,3127,2635,5418],"product_label":[],"class_list":{"0":"post-2247409","1":"product","2":"type-product","3":"status-publish","4":"has-post-thumbnail","6":"product_cat-hmi-panel","7":"product_cat-panel-pcs","8":"product_tag-cornerstone-series","9":"product_tag-industriecomputer-im-schnellversand","10":"product_tag-online-kaufen","11":"product_tag-schnellversand-panel-pcs","13":"first","14":"instock","15":"taxable","16":"shipping-taxable","17":"purchasable","18":"product-type-composite"},"composite_virtual":false,"composite_layout":"single","composite_add_to_cart_form_location":"default","composite_editable_in_cart":false,"composite_sold_individually_context":"product","composite_shop_price_calc":"min_max","composite_components":[{"id":"1758029839","title":"Touchscreen","description":"","query_type":"product_ids","query_ids":[2242894,2242895],"default_option_id":"","thumbnail_id":"","thumbnail_src":"","quantity_min":1,"quantity_max":1,"priced_individually":true,"shipped_individually":false,"optional":false,"discount":"","options_style":"dropdowns","pagination_style":"classic","display_prices":"relative","show_sorting_options":false,"show_filtering_options":false,"attribute_filter_ids":[],"select_action":"view","product_title_visible":true,"product_descr_visible":false,"product_price_visible":false,"product_thumb_visible":false,"subtotal_visible_product":false,"subtotal_visible_cart":false,"subtotal_visible_orders":false},{"id":"1758029840","title":"CPU-Aufr\u00fcstung","description":"","query_type":"product_ids","query_ids":[2242893,2242897],"default_option_id":"","thumbnail_id":"","thumbnail_src":"","quantity_min":1,"quantity_max":1,"priced_individually":true,"shipped_individually":false,"optional":false,"discount":"","options_style":"dropdowns","pagination_style":"classic","display_prices":"relative","show_sorting_options":false,"show_filtering_options":false,"attribute_filter_ids":[],"select_action":"view","product_title_visible":true,"product_descr_visible":false,"product_price_visible":false,"product_thumb_visible":false,"subtotal_visible_product":false,"subtotal_visible_cart":false,"subtotal_visible_orders":false},{"id":"1758029841","title":"WIDDER","description":"","query_type":"product_ids","query_ids":[2240774,2240775,2240776],"default_option_id":"","thumbnail_id":"","thumbnail_src":"","quantity_min":1,"quantity_max":1,"priced_individually":true,"shipped_individually":false,"optional":false,"discount":"","options_style":"dropdowns","pagination_style":"classic","display_prices":"relative","show_sorting_options":false,"show_filtering_options":false,"attribute_filter_ids":[],"select_action":"view","product_title_visible":true,"product_descr_visible":false,"product_price_visible":false,"product_thumb_visible":false,"subtotal_visible_product":false,"subtotal_visible_cart":false,"subtotal_visible_orders":false},{"id":"1758029842","title":"Lagerung","description":"","query_type":"product_ids","query_ids":[2240787,2240788,2240789],"default_option_id":"","thumbnail_id":"","thumbnail_src":"","quantity_min":1,"quantity_max":1,"priced_individually":true,"shipped_individually":false,"optional":false,"discount":"","options_style":"dropdowns","pagination_style":"classic","display_prices":"relative","show_sorting_options":false,"show_filtering_options":false,"attribute_filter_ids":[],"select_action":"view","product_title_visible":true,"product_descr_visible":false,"product_price_visible":false,"product_thumb_visible":false,"subtotal_visible_product":false,"subtotal_visible_cart":false,"subtotal_visible_orders":false},{"id":"1758029843","title":"Stromversorgung","description":"","query_type":"product_ids","query_ids":[2242955,2240767],"default_option_id":"","thumbnail_id":"","thumbnail_src":"","quantity_min":1,"quantity_max":1,"priced_individually":true,"shipped_individually":false,"optional":false,"discount":"","options_style":"dropdowns","pagination_style":"classic","display_prices":"relative","show_sorting_options":false,"show_filtering_options":false,"attribute_filter_ids":[],"select_action":"view","product_title_visible":true,"product_descr_visible":false,"product_price_visible":false,"product_thumb_visible":false,"subtotal_visible_product":false,"subtotal_visible_cart":false,"subtotal_visible_orders":false},{"id":"1758029844","title":"WiFi und Bluetooth","description":"","query_type":"product_ids","query_ids":[2240833,2240827],"default_option_id":"","thumbnail_id":"","thumbnail_src":"","quantity_min":1,"quantity_max":1,"priced_individually":true,"shipped_individually":false,"optional":false,"discount":"","options_style":"dropdowns","pagination_style":"classic","display_prices":"relative","show_sorting_options":false,"show_filtering_options":false,"attribute_filter_ids":[],"select_action":"view","product_title_visible":true,"product_descr_visible":false,"product_price_visible":false,"product_thumb_visible":false,"subtotal_visible_product":false,"subtotal_visible_cart":false,"subtotal_visible_orders":false},{"id":"1758029845","title":"Upgrade auf Outdoor-Konfiguration","description":"","query_type":"product_ids","query_ids":[2242893,2242898],"default_option_id":"","thumbnail_id":"","thumbnail_src":"","quantity_min":1,"quantity_max":1,"priced_individually":true,"shipped_individually":false,"optional":false,"discount":"","options_style":"dropdowns","pagination_style":"classic","display_prices":"relative","show_sorting_options":false,"show_filtering_options":false,"attribute_filter_ids":[],"select_action":"view","product_title_visible":true,"product_descr_visible":false,"product_price_visible":false,"product_thumb_visible":false,"subtotal_visible_product":false,"subtotal_visible_cart":false,"subtotal_visible_orders":false},{"id":"1758029846","title":"Display-Helligkeit","description":"","query_type":"product_ids","query_ids":[2240720,2240710],"default_option_id":"","thumbnail_id":"","thumbnail_src":"","quantity_min":1,"quantity_max":1,"priced_individually":true,"shipped_individually":false,"optional":false,"discount":"","options_style":"dropdowns","pagination_style":"classic","display_prices":"relative","show_sorting_options":false,"show_filtering_options":false,"attribute_filter_ids":[],"select_action":"view","product_title_visible":true,"product_descr_visible":false,"product_price_visible":false,"product_thumb_visible":false,"subtotal_visible_product":false,"subtotal_visible_cart":false,"subtotal_visible_orders":false},{"id":"1758029847","title":"Optisches Bonding","description":"","query_type":"product_ids","query_ids":[2240746,2240741],"default_option_id":"","thumbnail_id":"","thumbnail_src":"","quantity_min":1,"quantity_max":1,"priced_individually":true,"shipped_individually":false,"optional":false,"discount":"","options_style":"dropdowns","pagination_style":"classic","display_prices":"relative","show_sorting_options":false,"show_filtering_options":false,"attribute_filter_ids":[],"select_action":"view","product_title_visible":true,"product_descr_visible":false,"product_price_visible":false,"product_thumb_visible":false,"subtotal_visible_product":false,"subtotal_visible_cart":false,"subtotal_visible_orders":false},{"id":"1758029848","title":"Betriebssystem","description":"","query_type":"product_ids","query_ids":[2240737,2240736,2240735,2242808,2240733],"default_option_id":"","thumbnail_id":"","thumbnail_src":"","quantity_min":1,"quantity_max":1,"priced_individually":true,"shipped_individually":false,"optional":false,"discount":"","options_style":"dropdowns","pagination_style":"classic","display_prices":"relative","show_sorting_options":false,"show_filtering_options":false,"attribute_filter_ids":[],"select_action":"view","product_title_visible":true,"product_descr_visible":false,"product_price_visible":false,"product_thumb_visible":false,"subtotal_visible_product":false,"subtotal_visible_cart":false,"subtotal_visible_orders":false}],"composite_scenarios":[{"id":"1758030652","name":"PCAP outdoor option","description":"","configuration":[{"component_id":"1758029839","options_modifier":"in","component_options":[2242894]}],"actions":[{"action_id":"compat_group","is_active":false},{"action_id":"conditional_components","is_active":true,"hidden_components":["1758029845"]},{"action_id":"conditional_options","is_active":false,"hidden_options":[]}],"enabled":true},{"id":"1758030653","name":"Outdoor option","description":"","configuration":[{"component_id":"1758029845","options_modifier":"in","component_options":[2242898]}],"actions":[{"action_id":"compat_group","is_active":false},{"action_id":"conditional_components","is_active":true,"hidden_components":["1758029846","1758029847"]},{"action_id":"conditional_options","is_active":false,"hidden_options":[]}],"enabled":true}],"acf":[],"yoast_head":"<!-- This site is optimized with the Yoast SEO Premium plugin v26.8 (Yoast SEO v27.2) - https:\/\/yoast.com\/product\/yoast-seo-premium-wordpress\/ -->\n<title>16&quot; Industrie-Panel-PC | TP-7045-16<\/title>\n<meta name=\"description\" content=\"Der 16-Zoll-Industrie-Panel-PC bildet mit seinem leistungsstarken Prozessor, dem robusten l\u00fcfterlosen Design und zwei Steckpl\u00e4tzen f\u00fcr DDR4-RAM die Grundlage f\u00fcr Ihren Betrieb.\" \/>\n<meta name=\"robots\" content=\"index, follow, max-snippet:-1, max-image-preview:large, max-video-preview:-1\" \/>\n<link rel=\"canonical\" href=\"https:\/\/teguar.com\/eu\/de\/product\/tp-7045-16\/\" \/>\n<meta property=\"og:locale\" content=\"de_DE\" \/>\n<meta property=\"og:type\" content=\"article\" \/>\n<meta property=\"og:title\" content=\"TP-7045-16\" \/>\n<meta property=\"og:description\" content=\"Der 16-Zoll-Industrie-Panel-PC bildet mit seinem leistungsstarken Prozessor, dem robusten l\u00fcfterlosen Design und zwei Steckpl\u00e4tzen f\u00fcr DDR4-RAM die Grundlage f\u00fcr Ihren Betrieb.\" \/>\n<meta property=\"og:url\" content=\"https:\/\/teguar.com\/eu\/de\/product\/tp-7045-16\/\" \/>\n<meta property=\"og:site_name\" content=\"Teguar\" \/>\n<meta property=\"og:image\" content=\"https:\/\/teguar.com\/eu\/wp-content\/uploads\/sites\/2\/2025\/07\/16-Industrial-Panel-PC-Cornerstone-TP-7045-16-Front-Gray.jpg\" \/>\n\t<meta property=\"og:image:width\" content=\"1000\" \/>\n\t<meta property=\"og:image:height\" content=\"1000\" \/>\n\t<meta property=\"og:image:type\" content=\"image\/jpeg\" \/>\n<meta name=\"twitter:card\" content=\"summary_large_image\" \/>\n<meta name=\"twitter:label1\" content=\"Gesch\u00e4tzte Lesezeit\" \/>\n\t<meta name=\"twitter:data1\" content=\"1\u00a0Minute\" \/>\n<script type=\"application\/ld+json\" class=\"yoast-schema-graph\">{\"@context\":\"https:\/\/schema.org\",\"@graph\":[{\"@type\":\"WebPage\",\"@id\":\"https:\/\/teguar.com\/eu\/de\/product\/tp-7045-16\/\",\"url\":\"https:\/\/teguar.com\/eu\/de\/product\/tp-7045-16\/\",\"name\":\"16\\\" Industrie-Panel-PC | TP-7045-16\",\"isPartOf\":{\"@id\":\"https:\/\/teguar.com\/eu\/en\/#website\"},\"primaryImageOfPage\":{\"@id\":\"https:\/\/teguar.com\/eu\/de\/product\/tp-7045-16\/#primaryimage\"},\"image\":{\"@id\":\"https:\/\/teguar.com\/eu\/de\/product\/tp-7045-16\/#primaryimage\"},\"thumbnailUrl\":\"https:\/\/teguar.com\/eu\/wp-content\/uploads\/sites\/2\/2025\/07\/16-Industrial-Panel-PC-Cornerstone-TP-7045-16-Front-Gray.jpg\",\"datePublished\":\"2026-02-01T13:12:48+00:00\",\"description\":\"Der 16-Zoll-Industrie-Panel-PC bildet mit seinem leistungsstarken Prozessor, dem robusten l\u00fcfterlosen Design und zwei Steckpl\u00e4tzen f\u00fcr DDR4-RAM die Grundlage f\u00fcr Ihren Betrieb.\",\"breadcrumb\":{\"@id\":\"https:\/\/teguar.com\/eu\/de\/product\/tp-7045-16\/#breadcrumb\"},\"inLanguage\":\"de\",\"potentialAction\":[{\"@type\":\"ReadAction\",\"target\":[\"https:\/\/teguar.com\/eu\/de\/product\/tp-7045-16\/\"]}]},{\"@type\":\"ImageObject\",\"inLanguage\":\"de\",\"@id\":\"https:\/\/teguar.com\/eu\/de\/product\/tp-7045-16\/#primaryimage\",\"url\":\"https:\/\/teguar.com\/eu\/wp-content\/uploads\/sites\/2\/2025\/07\/16-Industrial-Panel-PC-Cornerstone-TP-7045-16-Front-Gray.jpg\",\"contentUrl\":\"https:\/\/teguar.com\/eu\/wp-content\/uploads\/sites\/2\/2025\/07\/16-Industrial-Panel-PC-Cornerstone-TP-7045-16-Front-Gray.jpg\",\"width\":1000,\"height\":1000},{\"@type\":\"BreadcrumbList\",\"@id\":\"https:\/\/teguar.com\/eu\/de\/product\/tp-7045-16\/#breadcrumb\",\"itemListElement\":[{\"@type\":\"ListItem\",\"position\":1,\"name\":\"Home\",\"item\":\"https:\/\/teguar.com\/eu\/de\/\"},{\"@type\":\"ListItem\",\"position\":2,\"name\":\"TP-7045-16\"}]},{\"@type\":\"WebSite\",\"@id\":\"https:\/\/teguar.com\/eu\/en\/#website\",\"url\":\"https:\/\/teguar.com\/eu\/en\/\",\"name\":\"Teguar\",\"description\":\"Industrial PCs, Medical Computers, and Rugged Tablets\",\"potentialAction\":[{\"@type\":\"SearchAction\",\"target\":{\"@type\":\"EntryPoint\",\"urlTemplate\":\"https:\/\/teguar.com\/eu\/en\/?s={search_term_string}\"},\"query-input\":{\"@type\":\"PropertyValueSpecification\",\"valueRequired\":true,\"valueName\":\"search_term_string\"}}],\"inLanguage\":\"de\"}]}<\/script>\n<!-- \/ Yoast SEO Premium plugin. -->","yoast_head_json":{"title":"16\" Industrie-Panel-PC | TP-7045-16","description":"Der 16-Zoll-Industrie-Panel-PC bildet mit seinem leistungsstarken Prozessor, dem robusten l\u00fcfterlosen Design und zwei Steckpl\u00e4tzen f\u00fcr DDR4-RAM die Grundlage f\u00fcr Ihren Betrieb.","robots":{"index":"index","follow":"follow","max-snippet":"max-snippet:-1","max-image-preview":"max-image-preview:large","max-video-preview":"max-video-preview:-1"},"canonical":"https:\/\/teguar.com\/eu\/de\/product\/tp-7045-16\/","og_locale":"de_DE","og_type":"article","og_title":"TP-7045-16","og_description":"Der 16-Zoll-Industrie-Panel-PC bildet mit seinem leistungsstarken Prozessor, dem robusten l\u00fcfterlosen Design und zwei Steckpl\u00e4tzen f\u00fcr DDR4-RAM die Grundlage f\u00fcr Ihren Betrieb.","og_url":"https:\/\/teguar.com\/eu\/de\/product\/tp-7045-16\/","og_site_name":"Teguar","og_image":[{"width":1000,"height":1000,"url":"https:\/\/teguar.com\/eu\/wp-content\/uploads\/sites\/2\/2025\/07\/16-Industrial-Panel-PC-Cornerstone-TP-7045-16-Front-Gray.jpg","type":"image\/jpeg"}],"twitter_card":"summary_large_image","twitter_misc":{"Gesch\u00e4tzte Lesezeit":"1\u00a0Minute"},"schema":{"@context":"https:\/\/schema.org","@graph":[{"@type":"WebPage","@id":"https:\/\/teguar.com\/eu\/de\/product\/tp-7045-16\/","url":"https:\/\/teguar.com\/eu\/de\/product\/tp-7045-16\/","name":"16\" Industrie-Panel-PC | TP-7045-16","isPartOf":{"@id":"https:\/\/teguar.com\/eu\/en\/#website"},"primaryImageOfPage":{"@id":"https:\/\/teguar.com\/eu\/de\/product\/tp-7045-16\/#primaryimage"},"image":{"@id":"https:\/\/teguar.com\/eu\/de\/product\/tp-7045-16\/#primaryimage"},"thumbnailUrl":"https:\/\/teguar.com\/eu\/wp-content\/uploads\/sites\/2\/2025\/07\/16-Industrial-Panel-PC-Cornerstone-TP-7045-16-Front-Gray.jpg","datePublished":"2026-02-01T13:12:48+00:00","description":"Der 16-Zoll-Industrie-Panel-PC bildet mit seinem leistungsstarken Prozessor, dem robusten l\u00fcfterlosen Design und zwei Steckpl\u00e4tzen f\u00fcr DDR4-RAM die Grundlage f\u00fcr Ihren Betrieb.","breadcrumb":{"@id":"https:\/\/teguar.com\/eu\/de\/product\/tp-7045-16\/#breadcrumb"},"inLanguage":"de","potentialAction":[{"@type":"ReadAction","target":["https:\/\/teguar.com\/eu\/de\/product\/tp-7045-16\/"]}]},{"@type":"ImageObject","inLanguage":"de","@id":"https:\/\/teguar.com\/eu\/de\/product\/tp-7045-16\/#primaryimage","url":"https:\/\/teguar.com\/eu\/wp-content\/uploads\/sites\/2\/2025\/07\/16-Industrial-Panel-PC-Cornerstone-TP-7045-16-Front-Gray.jpg","contentUrl":"https:\/\/teguar.com\/eu\/wp-content\/uploads\/sites\/2\/2025\/07\/16-Industrial-Panel-PC-Cornerstone-TP-7045-16-Front-Gray.jpg","width":1000,"height":1000},{"@type":"BreadcrumbList","@id":"https:\/\/teguar.com\/eu\/de\/product\/tp-7045-16\/#breadcrumb","itemListElement":[{"@type":"ListItem","position":1,"name":"Home","item":"https:\/\/teguar.com\/eu\/de\/"},{"@type":"ListItem","position":2,"name":"TP-7045-16"}]},{"@type":"WebSite","@id":"https:\/\/teguar.com\/eu\/en\/#website","url":"https:\/\/teguar.com\/eu\/en\/","name":"Teguar","description":"Industrial PCs, Medical Computers, and Rugged Tablets","potentialAction":[{"@type":"SearchAction","target":{"@type":"EntryPoint","urlTemplate":"https:\/\/teguar.com\/eu\/en\/?s={search_term_string}"},"query-input":{"@type":"PropertyValueSpecification","valueRequired":true,"valueName":"search_term_string"}}],"inLanguage":"de"}]}},"_links":{"self":[{"href":"https:\/\/teguar.com\/eu\/de\/wp-json\/wp\/v2\/product\/2247409","targetHints":{"allow":["GET"]}}],"collection":[{"href":"https:\/\/teguar.com\/eu\/de\/wp-json\/wp\/v2\/product"}],"about":[{"href":"https:\/\/teguar.com\/eu\/de\/wp-json\/wp\/v2\/types\/product"}],"wp:featuredmedia":[{"embeddable":true,"href":"https:\/\/teguar.com\/eu\/de\/wp-json\/wp\/v2\/media\/2247334"}],"wp:attachment":[{"href":"https:\/\/teguar.com\/eu\/de\/wp-json\/wp\/v2\/media?parent=2247409"}],"wp:term":[{"taxonomy":"product_brand","embeddable":true,"href":"https:\/\/teguar.com\/eu\/de\/wp-json\/wp\/v2\/product_brand?post=2247409"},{"taxonomy":"product_cat","embeddable":true,"href":"https:\/\/teguar.com\/eu\/de\/wp-json\/wp\/v2\/product_cat?post=2247409"},{"taxonomy":"product_tag","embeddable":true,"href":"https:\/\/teguar.com\/eu\/de\/wp-json\/wp\/v2\/product_tag?post=2247409"},{"taxonomy":"product_label","embeddable":true,"href":"https:\/\/teguar.com\/eu\/de\/wp-json\/wp\/v2\/product_label?post=2247409"}],"curies":[{"name":"wp","href":"https:\/\/api.w.org\/{rel}","templated":true}]}}