{"id":2247408,"date":"2025-12-07T14:11:58","date_gmt":"2025-12-07T14:11:58","guid":{"rendered":"https:\/\/teguar.com\/eu\/product\/tmt-5957-13\/"},"modified":"2025-11-20T16:25:43","modified_gmt":"2025-11-20T16:25:43","slug":"tmt-5957-13","status":"publish","type":"product","link":"https:\/\/teguar.com\/eu\/de\/product\/tmt-5957-13\/","title":{"rendered":"TMT-5957-13"},"content":{"rendered":"<p>Beim TMT-5957-13 Medical Tablet geht es darum, Gegens\u00e4tze auf eine Weise zu vereinen, die sich intuitiv und vielseitig anf\u00fchlt und die L\u00fccken zwischen einem Tablet und einem Desktop-Ger\u00e4t nahtlos schlie\u00dft. Mit diesem Tablet erhalten Sie einen gro\u00dfen 13,3-Zoll-Bildschirm in Verbindung mit einem leichten Rahmen, der weniger als 4 Pfund wiegt. Sie erhalten die hochentwickelte Rechenleistung einer Intel Tiger Lake CPU der 11. Generation und eine Fallh\u00f6he von 6 Fu\u00df aus jedem Winkel. Mit der als Zubeh\u00f6r erh\u00e4ltlichen Dockingstation kann dieses Tablet zum Aufladen und zur Anzeige des Bildschirms einfach angedockt werden und eignet sich somit perfekt als All-in-One-Ger\u00e4t f\u00fcr das gesamte medizinische Personal Ihrer Einrichtung. Wenn Mobilit\u00e4t keine Priorit\u00e4t hat, kann der TMT-5957-13 in Verbindung mit der kundenspezifischen VESA-Halterung auch als ultraschlanke Panel-PC-Alternative dienen.    <\/p>\n<p>Der TMT-5957-13 kann auf Wunsch auch mit Windows 11 vorinstalliert werden.<\/p>\n","protected":false},"excerpt":{"rendered":"<p><a href=\"https:\/\/teguar.com\/eu\/telemedicine-computer\/\">Telemedizin und Fern\u00fcberwachung von Patienten:<\/a> Medizinische Computer erleichtern telemedizinische Konsultationen und die Fern\u00fcberwachung von Patienten, so dass Gesundheitsdienstleister Patienten aus der Ferne beurteilen und behandeln, Vitalwerte \u00fcberwachen und virtuelle Pflege anbieten k\u00f6nnen.<\/p>\n<p><a href=\"https:\/\/teguar.com\/eu\/de\/computer-und-monitore-fuer-den-operationssaal\/\">Integration von Chirurgieund Operationssaal:<\/a> Medizinische Computer werden in Operationss\u00e4len f\u00fcr die Echtzeit-\u00dcberwachung der Vitalwerte von Patienten, die Anzeige chirurgischer Bilder, die Steuerung chirurgischer Ger\u00e4te und die Dokumentation von Eingriffen eingesetzt.<\/p>\n<p><a href=\"https:\/\/teguar.com\/eu\/de\/computer-im-gesundheitswesen\/\">Apotheken- und Medikamentenverwaltung:<\/a> Medizinische Computer helfen bei der Medikamentenausgabe und -verwaltung, einschlie\u00dflich Medikamenten\u00fcberpr\u00fcfung, Bestandskontrolle, Barcode-Scanning und Integration mit elektronischen Verordnungssystemen.<\/p>\n","protected":false},"featured_media":2245873,"template":"","meta":{"_acf_changed":false},"product_brand":[],"product_cat":[2836],"product_tag":[2635,5417,4637],"product_label":[],"class_list":{"0":"post-2247408","1":"product","2":"type-product","3":"status-publish","4":"has-post-thumbnail","6":"product_cat-medizinische-tablets","7":"product_tag-online-kaufen","8":"product_tag-schnell-lieferbare-medizinische-tabletten","9":"product_tag-tabletten-fur-das-gesundheitswesen","10":"pa_windows-windows-10-iot","11":"pa_windows-windows-10-pro","12":"pa_windows-windows-11-iot","13":"pa_windows-windows-11-pro","15":"first","16":"instock","17":"taxable","18":"shipping-taxable","19":"purchasable","20":"product-type-composite"},"composite_virtual":false,"composite_layout":"single","composite_add_to_cart_form_location":"default","composite_editable_in_cart":false,"composite_sold_individually_context":"product","composite_shop_price_calc":"min_max","composite_components":[{"id":"1757946916","title":"RAM\/Speicher","description":"","query_type":"product_ids","query_ids":[2242855],"default_option_id":"","thumbnail_id":"","thumbnail_src":"","quantity_min":1,"quantity_max":1,"priced_individually":false,"shipped_individually":false,"optional":false,"discount":"","options_style":"dropdowns","pagination_style":"classic","display_prices":"absolute","show_sorting_options":false,"show_filtering_options":false,"attribute_filter_ids":[],"select_action":"view","product_title_visible":true,"product_descr_visible":false,"product_price_visible":false,"product_thumb_visible":false,"subtotal_visible_product":false,"subtotal_visible_cart":false,"subtotal_visible_orders":false},{"id":"1757946917","title":"Desktop-Dock","description":"","query_type":"product_ids","query_ids":[2240706,2242856],"default_option_id":"","thumbnail_id":"","thumbnail_src":"","quantity_min":1,"quantity_max":1,"priced_individually":true,"shipped_individually":false,"optional":false,"discount":"","options_style":"dropdowns","pagination_style":"classic","display_prices":"relative","show_sorting_options":false,"show_filtering_options":false,"attribute_filter_ids":[],"select_action":"view","product_title_visible":true,"product_descr_visible":false,"product_price_visible":false,"product_thumb_visible":false,"subtotal_visible_product":false,"subtotal_visible_cart":false,"subtotal_visible_orders":false},{"id":"1757946918","title":"Displayschutzfolie","description":"","query_type":"product_ids","query_ids":[2242857,2242858],"default_option_id":"","thumbnail_id":"","thumbnail_src":"","quantity_min":1,"quantity_max":1,"priced_individually":true,"shipped_individually":false,"optional":false,"discount":"","options_style":"dropdowns","pagination_style":"classic","display_prices":"relative","show_sorting_options":false,"show_filtering_options":false,"attribute_filter_ids":[],"select_action":"view","product_title_visible":true,"product_descr_visible":false,"product_price_visible":false,"product_thumb_visible":false,"subtotal_visible_product":false,"subtotal_visible_cart":false,"subtotal_visible_orders":false},{"id":"1757946919","title":"Betriebssystem","description":"","query_type":"product_ids","query_ids":[2240737,2240733,2240736,2240735,2242808],"default_option_id":"","thumbnail_id":"","thumbnail_src":"","quantity_min":1,"quantity_max":1,"priced_individually":true,"shipped_individually":false,"optional":false,"discount":"","options_style":"dropdowns","pagination_style":"classic","display_prices":"relative","show_sorting_options":false,"show_filtering_options":false,"attribute_filter_ids":[],"select_action":"view","product_title_visible":true,"product_descr_visible":true,"product_price_visible":true,"product_thumb_visible":true,"subtotal_visible_product":true,"subtotal_visible_cart":true,"subtotal_visible_orders":true}],"composite_scenarios":[],"acf":[],"yoast_head":"<!-- This site is optimized with the Yoast SEO Premium plugin v26.8 (Yoast SEO v27.2) - https:\/\/yoast.com\/product\/yoast-seo-premium-wordpress\/ -->\n<title>13&quot; Medizinisches Tablet | TMT-5957-13<\/title>\n<meta name=\"description\" content=\"Dieses gro\u00dfe, sturzsichere medizinische Tablet ist mit einer Intel Tiger Lake CPU der 11. Generation und einem 13,3&quot; Gorilla Glass Bildschirm ausgestattet. Docking- und Befestigungsoptionen verf\u00fcgbar.\" \/>\n<meta name=\"robots\" content=\"index, follow, max-snippet:-1, max-image-preview:large, max-video-preview:-1\" \/>\n<link rel=\"canonical\" href=\"https:\/\/teguar.com\/eu\/en\/product\/tmt-5957-13\/\" \/>\n<meta property=\"og:locale\" content=\"de_DE\" \/>\n<meta property=\"og:type\" content=\"article\" \/>\n<meta property=\"og:title\" content=\"TMT-5957-13\" \/>\n<meta property=\"og:description\" content=\"Dieses gro\u00dfe, sturzsichere medizinische Tablet ist mit einer Intel Tiger Lake CPU der 11. Generation und einem 13,3&quot; Gorilla Glass Bildschirm ausgestattet. Docking- und Befestigungsoptionen verf\u00fcgbar.\" \/>\n<meta property=\"og:url\" content=\"https:\/\/teguar.com\/eu\/en\/product\/tmt-5957-13\/\" \/>\n<meta property=\"og:site_name\" content=\"Teguar\" \/>\n<meta property=\"og:image\" content=\"https:\/\/teguar.com\/eu\/wp-content\/uploads\/sites\/2\/2022\/02\/front_view_reflection__11637.1645653047.1280.1280.jpg\" \/>\n\t<meta property=\"og:image:width\" content=\"1000\" \/>\n\t<meta property=\"og:image:height\" content=\"1000\" \/>\n\t<meta property=\"og:image:type\" content=\"image\/jpeg\" \/>\n<meta name=\"twitter:card\" content=\"summary_large_image\" \/>\n<meta name=\"twitter:label1\" content=\"Gesch\u00e4tzte Lesezeit\" \/>\n\t<meta name=\"twitter:data1\" content=\"1\u00a0Minute\" \/>\n<script type=\"application\/ld+json\" class=\"yoast-schema-graph\">{\"@context\":\"https:\/\/schema.org\",\"@graph\":[{\"@type\":\"WebPage\",\"@id\":\"https:\/\/teguar.com\/eu\/en\/product\/tmt-5957-13\/\",\"url\":\"https:\/\/teguar.com\/eu\/en\/product\/tmt-5957-13\/\",\"name\":\"13\\\" Medizinisches Tablet | TMT-5957-13\",\"isPartOf\":{\"@id\":\"https:\/\/teguar.com\/eu\/en\/#website\"},\"primaryImageOfPage\":{\"@id\":\"https:\/\/teguar.com\/eu\/en\/product\/tmt-5957-13\/#primaryimage\"},\"image\":{\"@id\":\"https:\/\/teguar.com\/eu\/en\/product\/tmt-5957-13\/#primaryimage\"},\"thumbnailUrl\":\"https:\/\/teguar.com\/eu\/wp-content\/uploads\/sites\/2\/2022\/02\/front_view_reflection__11637.1645653047.1280.1280.jpg\",\"datePublished\":\"2025-12-07T14:11:58+00:00\",\"description\":\"Dieses gro\u00dfe, sturzsichere medizinische Tablet ist mit einer Intel Tiger Lake CPU der 11. Generation und einem 13,3\\\" Gorilla Glass Bildschirm ausgestattet. Docking- und Befestigungsoptionen verf\u00fcgbar.\",\"breadcrumb\":{\"@id\":\"https:\/\/teguar.com\/eu\/en\/product\/tmt-5957-13\/#breadcrumb\"},\"inLanguage\":\"de\",\"potentialAction\":[{\"@type\":\"ReadAction\",\"target\":[\"https:\/\/teguar.com\/eu\/en\/product\/tmt-5957-13\/\"]}]},{\"@type\":\"ImageObject\",\"inLanguage\":\"de\",\"@id\":\"https:\/\/teguar.com\/eu\/en\/product\/tmt-5957-13\/#primaryimage\",\"url\":\"https:\/\/teguar.com\/eu\/wp-content\/uploads\/sites\/2\/2022\/02\/front_view_reflection__11637.1645653047.1280.1280.jpg\",\"contentUrl\":\"https:\/\/teguar.com\/eu\/wp-content\/uploads\/sites\/2\/2022\/02\/front_view_reflection__11637.1645653047.1280.1280.jpg\",\"width\":1000,\"height\":1000,\"caption\":\"Teguar Medical Tablet front view\"},{\"@type\":\"BreadcrumbList\",\"@id\":\"https:\/\/teguar.com\/eu\/en\/product\/tmt-5957-13\/#breadcrumb\",\"itemListElement\":[{\"@type\":\"ListItem\",\"position\":1,\"name\":\"Home\",\"item\":\"https:\/\/teguar.com\/eu\/de\/\"},{\"@type\":\"ListItem\",\"position\":2,\"name\":\"TMT-5957-13\"}]},{\"@type\":\"WebSite\",\"@id\":\"https:\/\/teguar.com\/eu\/en\/#website\",\"url\":\"https:\/\/teguar.com\/eu\/en\/\",\"name\":\"Teguar\",\"description\":\"Industrial PCs, Medical Computers, and Rugged Tablets\",\"potentialAction\":[{\"@type\":\"SearchAction\",\"target\":{\"@type\":\"EntryPoint\",\"urlTemplate\":\"https:\/\/teguar.com\/eu\/en\/?s={search_term_string}\"},\"query-input\":{\"@type\":\"PropertyValueSpecification\",\"valueRequired\":true,\"valueName\":\"search_term_string\"}}],\"inLanguage\":\"de\"}]}<\/script>\n<!-- \/ Yoast SEO Premium plugin. -->","yoast_head_json":{"title":"13\" Medizinisches Tablet | TMT-5957-13","description":"Dieses gro\u00dfe, sturzsichere medizinische Tablet ist mit einer Intel Tiger Lake CPU der 11. Generation und einem 13,3\" Gorilla Glass Bildschirm ausgestattet. Docking- und Befestigungsoptionen verf\u00fcgbar.","robots":{"index":"index","follow":"follow","max-snippet":"max-snippet:-1","max-image-preview":"max-image-preview:large","max-video-preview":"max-video-preview:-1"},"canonical":"https:\/\/teguar.com\/eu\/en\/product\/tmt-5957-13\/","og_locale":"de_DE","og_type":"article","og_title":"TMT-5957-13","og_description":"Dieses gro\u00dfe, sturzsichere medizinische Tablet ist mit einer Intel Tiger Lake CPU der 11. Generation und einem 13,3\" Gorilla Glass Bildschirm ausgestattet. Docking- und Befestigungsoptionen verf\u00fcgbar.","og_url":"https:\/\/teguar.com\/eu\/en\/product\/tmt-5957-13\/","og_site_name":"Teguar","og_image":[{"width":1000,"height":1000,"url":"https:\/\/teguar.com\/eu\/wp-content\/uploads\/sites\/2\/2022\/02\/front_view_reflection__11637.1645653047.1280.1280.jpg","type":"image\/jpeg"}],"twitter_card":"summary_large_image","twitter_misc":{"Gesch\u00e4tzte Lesezeit":"1\u00a0Minute"},"schema":{"@context":"https:\/\/schema.org","@graph":[{"@type":"WebPage","@id":"https:\/\/teguar.com\/eu\/en\/product\/tmt-5957-13\/","url":"https:\/\/teguar.com\/eu\/en\/product\/tmt-5957-13\/","name":"13\" Medizinisches Tablet | TMT-5957-13","isPartOf":{"@id":"https:\/\/teguar.com\/eu\/en\/#website"},"primaryImageOfPage":{"@id":"https:\/\/teguar.com\/eu\/en\/product\/tmt-5957-13\/#primaryimage"},"image":{"@id":"https:\/\/teguar.com\/eu\/en\/product\/tmt-5957-13\/#primaryimage"},"thumbnailUrl":"https:\/\/teguar.com\/eu\/wp-content\/uploads\/sites\/2\/2022\/02\/front_view_reflection__11637.1645653047.1280.1280.jpg","datePublished":"2025-12-07T14:11:58+00:00","description":"Dieses gro\u00dfe, sturzsichere medizinische Tablet ist mit einer Intel Tiger Lake CPU der 11. Generation und einem 13,3\" Gorilla Glass Bildschirm ausgestattet. Docking- und Befestigungsoptionen verf\u00fcgbar.","breadcrumb":{"@id":"https:\/\/teguar.com\/eu\/en\/product\/tmt-5957-13\/#breadcrumb"},"inLanguage":"de","potentialAction":[{"@type":"ReadAction","target":["https:\/\/teguar.com\/eu\/en\/product\/tmt-5957-13\/"]}]},{"@type":"ImageObject","inLanguage":"de","@id":"https:\/\/teguar.com\/eu\/en\/product\/tmt-5957-13\/#primaryimage","url":"https:\/\/teguar.com\/eu\/wp-content\/uploads\/sites\/2\/2022\/02\/front_view_reflection__11637.1645653047.1280.1280.jpg","contentUrl":"https:\/\/teguar.com\/eu\/wp-content\/uploads\/sites\/2\/2022\/02\/front_view_reflection__11637.1645653047.1280.1280.jpg","width":1000,"height":1000,"caption":"Teguar Medical Tablet front view"},{"@type":"BreadcrumbList","@id":"https:\/\/teguar.com\/eu\/en\/product\/tmt-5957-13\/#breadcrumb","itemListElement":[{"@type":"ListItem","position":1,"name":"Home","item":"https:\/\/teguar.com\/eu\/de\/"},{"@type":"ListItem","position":2,"name":"TMT-5957-13"}]},{"@type":"WebSite","@id":"https:\/\/teguar.com\/eu\/en\/#website","url":"https:\/\/teguar.com\/eu\/en\/","name":"Teguar","description":"Industrial PCs, Medical Computers, and Rugged Tablets","potentialAction":[{"@type":"SearchAction","target":{"@type":"EntryPoint","urlTemplate":"https:\/\/teguar.com\/eu\/en\/?s={search_term_string}"},"query-input":{"@type":"PropertyValueSpecification","valueRequired":true,"valueName":"search_term_string"}}],"inLanguage":"de"}]}},"_links":{"self":[{"href":"https:\/\/teguar.com\/eu\/de\/wp-json\/wp\/v2\/product\/2247408","targetHints":{"allow":["GET"]}}],"collection":[{"href":"https:\/\/teguar.com\/eu\/de\/wp-json\/wp\/v2\/product"}],"about":[{"href":"https:\/\/teguar.com\/eu\/de\/wp-json\/wp\/v2\/types\/product"}],"wp:featuredmedia":[{"embeddable":true,"href":"https:\/\/teguar.com\/eu\/de\/wp-json\/wp\/v2\/media\/2245873"}],"wp:attachment":[{"href":"https:\/\/teguar.com\/eu\/de\/wp-json\/wp\/v2\/media?parent=2247408"}],"wp:term":[{"taxonomy":"product_brand","embeddable":true,"href":"https:\/\/teguar.com\/eu\/de\/wp-json\/wp\/v2\/product_brand?post=2247408"},{"taxonomy":"product_cat","embeddable":true,"href":"https:\/\/teguar.com\/eu\/de\/wp-json\/wp\/v2\/product_cat?post=2247408"},{"taxonomy":"product_tag","embeddable":true,"href":"https:\/\/teguar.com\/eu\/de\/wp-json\/wp\/v2\/product_tag?post=2247408"},{"taxonomy":"product_label","embeddable":true,"href":"https:\/\/teguar.com\/eu\/de\/wp-json\/wp\/v2\/product_label?post=2247408"}],"curies":[{"name":"wp","href":"https:\/\/api.w.org\/{rel}","templated":true}]}}