{"id":2247406,"date":"2026-02-01T13:09:47","date_gmt":"2026-02-01T13:09:47","guid":{"rendered":"https:\/\/teguar.com\/eu\/product\/tp-7045-22\/"},"modified":"2026-01-02T16:56:02","modified_gmt":"2026-01-02T16:56:02","slug":"tp-7045-22","status":"publish","type":"product","link":"https:\/\/teguar.com\/eu\/de\/product\/tp-7045-22\/","title":{"rendered":"TP-7045-22"},"content":{"rendered":"<p>Lernen Sie Cornerstone kennen, den 22-Zoll-Industrie-Panel-PC TP-7045-22, der entwickelt wurde, um die Effizienz zu steigern und anspruchsvollen Umgebungen standzuhalten. Dieses vielseitige All-in-One-Ger\u00e4t kann wahlweise mit einem projizierten kapazitiven oder resistiven Touchscreen ausgestattet werden, so dass es den unterschiedlichsten Benutzeranforderungen gerecht werden kann. Der Cornerstone wird von einem robusten Alder Lake <a href=\"https:\/\/www.intel.com\/content\/www\/us\/en\/products\/details\/processors\/core-ultra.html\" target=\"_blank\">Intel\u00ae<\/a>Prozessor angetrieben und l\u00e4uft mit Windows 11. Er bietet nahtlose Leistung in einem l\u00fcfterlosen Ger\u00e4t. Die IP66-zertifizierte Frontblende bietet Schutz vor Staub und Fl\u00fcssigkeiten, w\u00e4hrend der weite Betriebstemperaturbereich Zuverl\u00e4ssigkeit unter verschiedenen Bedingungen garantiert. Zwei DDR4-RAM-Steckpl\u00e4tze sorgen f\u00fcr optimale Geschwindigkeit.    <\/p>\n<p>Legen Sie mit Cornerstone den Grundstein f\u00fcr Ihre industrielle Anwendung.<\/p>\n","protected":false},"excerpt":{"rendered":"<p><a href=\"https:\/\/teguar.com\/eu\/de\/computer-fuer-die-industrielle-automatisierung\/\">Industrielle Automatisierung<\/a>: Zuverl\u00e4ssige und leistungsstarke Computer f\u00fcr die Steuerung und \u00dcberwachung automatisierter Prozesse in Fertigungsbetrieben und Industrieanlagen.<\/p>\n<p><a href=\"https:\/\/teguar.com\/eu\/logistics-transportation-computer\/\">Transport und Logistik<\/a>:Effiziente Verwaltung und Verfolgung von Lagerbest\u00e4nden, Logistik und Lieferkettenoperationen in der Transport- und Logistikbranche.<\/p>\n<p><a href=\"https:\/\/teguar.com\/eu\/de\/computer-fuer-verkaufsstellen-pos\/\">Einzelhandel und Point-of-Sale (POS)<\/a>:Vielseitige Computerl\u00f6sungen f\u00fcr Point-of-Sale-Systeme, Bestandsverwaltung und Kundenbindung im Einzelhandel.<\/p>\n","protected":false},"featured_media":2247336,"template":"","meta":{"_acf_changed":false},"product_brand":[],"product_cat":[2826,2839],"product_tag":[4591,3127,2635,5418],"product_label":[],"class_list":{"0":"post-2247406","1":"product","2":"type-product","3":"status-publish","4":"has-post-thumbnail","6":"product_cat-hmi-panel","7":"product_cat-panel-pcs","8":"product_tag-cornerstone-series","9":"product_tag-industriecomputer-im-schnellversand","10":"product_tag-online-kaufen","11":"product_tag-schnellversand-panel-pcs","12":"pa_windows-windows-10-iot","13":"pa_windows-windows-10-pro","14":"pa_windows-windows-11-iot","15":"pa_windows-windows-11-pro","17":"first","18":"instock","19":"taxable","20":"shipping-taxable","21":"purchasable","22":"product-type-composite"},"composite_virtual":false,"composite_layout":"single","composite_add_to_cart_form_location":"default","composite_editable_in_cart":false,"composite_sold_individually_context":"product","composite_shop_price_calc":"min_max","composite_components":[{"id":"1758051341","title":"Touchscreen","description":"","query_type":"product_ids","query_ids":[2242961,2242962],"default_option_id":"","thumbnail_id":"","thumbnail_src":"","quantity_min":1,"quantity_max":1,"priced_individually":true,"shipped_individually":false,"optional":false,"discount":"","options_style":"dropdowns","pagination_style":"classic","display_prices":"relative","show_sorting_options":false,"show_filtering_options":false,"attribute_filter_ids":[],"select_action":"view","product_title_visible":true,"product_descr_visible":false,"product_price_visible":false,"product_thumb_visible":false,"subtotal_visible_product":false,"subtotal_visible_cart":false,"subtotal_visible_orders":false},{"id":"1758051342","title":"Upgrade CPU","description":"","query_type":"product_ids","query_ids":[2242893,2242897],"default_option_id":"","thumbnail_id":"","thumbnail_src":"","quantity_min":1,"quantity_max":1,"priced_individually":true,"shipped_individually":false,"optional":false,"discount":"","options_style":"dropdowns","pagination_style":"classic","display_prices":"relative","show_sorting_options":false,"show_filtering_options":false,"attribute_filter_ids":[],"select_action":"view","product_title_visible":true,"product_descr_visible":false,"product_price_visible":false,"product_thumb_visible":false,"subtotal_visible_product":false,"subtotal_visible_cart":false,"subtotal_visible_orders":false},{"id":"1758051343","title":"WIDDER","description":"","query_type":"product_ids","query_ids":[2240774,2240775,2240776],"default_option_id":"","thumbnail_id":"","thumbnail_src":"","quantity_min":1,"quantity_max":1,"priced_individually":true,"shipped_individually":false,"optional":false,"discount":"","options_style":"dropdowns","pagination_style":"classic","display_prices":"relative","show_sorting_options":false,"show_filtering_options":false,"attribute_filter_ids":[],"select_action":"view","product_title_visible":true,"product_descr_visible":false,"product_price_visible":false,"product_thumb_visible":false,"subtotal_visible_product":false,"subtotal_visible_cart":false,"subtotal_visible_orders":false},{"id":"1758051344","title":"Lagerung","description":"","query_type":"product_ids","query_ids":[2240787,2240788,2240789],"default_option_id":"","thumbnail_id":"","thumbnail_src":"","quantity_min":1,"quantity_max":1,"priced_individually":true,"shipped_individually":false,"optional":false,"discount":"","options_style":"dropdowns","pagination_style":"classic","display_prices":"relative","show_sorting_options":false,"show_filtering_options":false,"attribute_filter_ids":[],"select_action":"view","product_title_visible":true,"product_descr_visible":false,"product_price_visible":false,"product_thumb_visible":false,"subtotal_visible_product":false,"subtotal_visible_cart":false,"subtotal_visible_orders":false},{"id":"1758051345","title":"Stromversorgung","description":"","query_type":"product_ids","query_ids":[2242955,2240767],"default_option_id":"","thumbnail_id":"","thumbnail_src":"","quantity_min":1,"quantity_max":1,"priced_individually":true,"shipped_individually":false,"optional":false,"discount":"","options_style":"dropdowns","pagination_style":"classic","display_prices":"relative","show_sorting_options":false,"show_filtering_options":false,"attribute_filter_ids":[],"select_action":"view","product_title_visible":true,"product_descr_visible":false,"product_price_visible":false,"product_thumb_visible":false,"subtotal_visible_product":false,"subtotal_visible_cart":false,"subtotal_visible_orders":false},{"id":"1758051346","title":"WiFi und Bluetooth","description":"","query_type":"product_ids","query_ids":[2240833,2240827],"default_option_id":"","thumbnail_id":"","thumbnail_src":"","quantity_min":1,"quantity_max":1,"priced_individually":true,"shipped_individually":false,"optional":false,"discount":"","options_style":"dropdowns","pagination_style":"classic","display_prices":"relative","show_sorting_options":false,"show_filtering_options":false,"attribute_filter_ids":[],"select_action":"view","product_title_visible":true,"product_descr_visible":false,"product_price_visible":false,"product_thumb_visible":false,"subtotal_visible_product":false,"subtotal_visible_cart":false,"subtotal_visible_orders":false},{"id":"1758051347","title":"Display-Helligkeit","description":"","query_type":"product_ids","query_ids":[2240720,2240713],"default_option_id":"","thumbnail_id":"","thumbnail_src":"","quantity_min":1,"quantity_max":1,"priced_individually":true,"shipped_individually":false,"optional":false,"discount":"","options_style":"dropdowns","pagination_style":"classic","display_prices":"relative","show_sorting_options":false,"show_filtering_options":false,"attribute_filter_ids":[],"select_action":"view","product_title_visible":true,"product_descr_visible":false,"product_price_visible":false,"product_thumb_visible":false,"subtotal_visible_product":false,"subtotal_visible_cart":false,"subtotal_visible_orders":false},{"id":"1758051348","title":"Optisches Bonding","description":"","query_type":"product_ids","query_ids":[2240746,2240744],"default_option_id":"","thumbnail_id":"","thumbnail_src":"","quantity_min":1,"quantity_max":1,"priced_individually":true,"shipped_individually":false,"optional":false,"discount":"","options_style":"dropdowns","pagination_style":"classic","display_prices":"relative","show_sorting_options":false,"show_filtering_options":false,"attribute_filter_ids":[],"select_action":"view","product_title_visible":true,"product_descr_visible":false,"product_price_visible":false,"product_thumb_visible":false,"subtotal_visible_product":false,"subtotal_visible_cart":false,"subtotal_visible_orders":false},{"id":"1758051349","title":"Betriebssystem","description":"","query_type":"product_ids","query_ids":[2240737,2240736,2240735,2242808,2240733],"default_option_id":"","thumbnail_id":"","thumbnail_src":"","quantity_min":1,"quantity_max":1,"priced_individually":true,"shipped_individually":false,"optional":false,"discount":"","options_style":"dropdowns","pagination_style":"classic","display_prices":"relative","show_sorting_options":false,"show_filtering_options":false,"attribute_filter_ids":[],"select_action":"view","product_title_visible":true,"product_descr_visible":false,"product_price_visible":false,"product_thumb_visible":false,"subtotal_visible_product":false,"subtotal_visible_cart":false,"subtotal_visible_orders":false}],"composite_scenarios":[],"acf":[],"yoast_head":"<!-- This site is optimized with the Yoast SEO Premium plugin v26.8 (Yoast SEO v27.2) - https:\/\/yoast.com\/product\/yoast-seo-premium-wordpress\/ -->\n<title>22\u02dd Industrie-Panel-PC | TP-7045-22<\/title>\n<meta name=\"description\" content=\"Der 22-Zoll-Industrie-Panel-PC bildet mit seinem leistungsstarken Prozessor, dem robusten l\u00fcfterlosen Design und zwei Steckpl\u00e4tzen f\u00fcr DDR4-RAM die Grundlage f\u00fcr Ihren Betrieb.\" \/>\n<meta name=\"robots\" content=\"index, follow, max-snippet:-1, max-image-preview:large, max-video-preview:-1\" \/>\n<link rel=\"canonical\" href=\"https:\/\/teguar.com\/eu\/de\/product\/tp-7045-22\/\" \/>\n<meta property=\"og:locale\" content=\"de_DE\" \/>\n<meta property=\"og:type\" content=\"article\" \/>\n<meta property=\"og:title\" content=\"TP-7045-22\" \/>\n<meta property=\"og:description\" content=\"Der 22-Zoll-Industrie-Panel-PC bildet mit seinem leistungsstarken Prozessor, dem robusten l\u00fcfterlosen Design und zwei Steckpl\u00e4tzen f\u00fcr DDR4-RAM die Grundlage f\u00fcr Ihren Betrieb.\" \/>\n<meta property=\"og:url\" content=\"https:\/\/teguar.com\/eu\/de\/product\/tp-7045-22\/\" \/>\n<meta property=\"og:site_name\" content=\"Teguar\" \/>\n<meta property=\"og:image\" content=\"https:\/\/teguar.com\/eu\/wp-content\/uploads\/sites\/2\/2025\/07\/22-Industrial-Panel-PC-Cornerstone-TP-7045-22-Front-Gray.jpg\" \/>\n\t<meta property=\"og:image:width\" content=\"1000\" \/>\n\t<meta property=\"og:image:height\" content=\"1000\" \/>\n\t<meta property=\"og:image:type\" content=\"image\/jpeg\" \/>\n<meta name=\"twitter:card\" content=\"summary_large_image\" \/>\n<meta name=\"twitter:label1\" content=\"Gesch\u00e4tzte Lesezeit\" \/>\n\t<meta name=\"twitter:data1\" content=\"1\u00a0Minute\" \/>\n<script type=\"application\/ld+json\" class=\"yoast-schema-graph\">{\"@context\":\"https:\/\/schema.org\",\"@graph\":[{\"@type\":\"WebPage\",\"@id\":\"https:\/\/teguar.com\/eu\/de\/product\/tp-7045-22\/\",\"url\":\"https:\/\/teguar.com\/eu\/de\/product\/tp-7045-22\/\",\"name\":\"22\u02dd Industrie-Panel-PC | TP-7045-22\",\"isPartOf\":{\"@id\":\"https:\/\/teguar.com\/eu\/en\/#website\"},\"primaryImageOfPage\":{\"@id\":\"https:\/\/teguar.com\/eu\/de\/product\/tp-7045-22\/#primaryimage\"},\"image\":{\"@id\":\"https:\/\/teguar.com\/eu\/de\/product\/tp-7045-22\/#primaryimage\"},\"thumbnailUrl\":\"https:\/\/teguar.com\/eu\/wp-content\/uploads\/sites\/2\/2025\/07\/22-Industrial-Panel-PC-Cornerstone-TP-7045-22-Front-Gray.jpg\",\"datePublished\":\"2026-02-01T13:09:47+00:00\",\"description\":\"Der 22-Zoll-Industrie-Panel-PC bildet mit seinem leistungsstarken Prozessor, dem robusten l\u00fcfterlosen Design und zwei Steckpl\u00e4tzen f\u00fcr DDR4-RAM die Grundlage f\u00fcr Ihren Betrieb.\",\"breadcrumb\":{\"@id\":\"https:\/\/teguar.com\/eu\/de\/product\/tp-7045-22\/#breadcrumb\"},\"inLanguage\":\"de\",\"potentialAction\":[{\"@type\":\"ReadAction\",\"target\":[\"https:\/\/teguar.com\/eu\/de\/product\/tp-7045-22\/\"]}]},{\"@type\":\"ImageObject\",\"inLanguage\":\"de\",\"@id\":\"https:\/\/teguar.com\/eu\/de\/product\/tp-7045-22\/#primaryimage\",\"url\":\"https:\/\/teguar.com\/eu\/wp-content\/uploads\/sites\/2\/2025\/07\/22-Industrial-Panel-PC-Cornerstone-TP-7045-22-Front-Gray.jpg\",\"contentUrl\":\"https:\/\/teguar.com\/eu\/wp-content\/uploads\/sites\/2\/2025\/07\/22-Industrial-Panel-PC-Cornerstone-TP-7045-22-Front-Gray.jpg\",\"width\":1000,\"height\":1000},{\"@type\":\"BreadcrumbList\",\"@id\":\"https:\/\/teguar.com\/eu\/de\/product\/tp-7045-22\/#breadcrumb\",\"itemListElement\":[{\"@type\":\"ListItem\",\"position\":1,\"name\":\"Home\",\"item\":\"https:\/\/teguar.com\/eu\/de\/\"},{\"@type\":\"ListItem\",\"position\":2,\"name\":\"TP-7045-22\"}]},{\"@type\":\"WebSite\",\"@id\":\"https:\/\/teguar.com\/eu\/en\/#website\",\"url\":\"https:\/\/teguar.com\/eu\/en\/\",\"name\":\"Teguar\",\"description\":\"Industrial PCs, Medical Computers, and Rugged Tablets\",\"potentialAction\":[{\"@type\":\"SearchAction\",\"target\":{\"@type\":\"EntryPoint\",\"urlTemplate\":\"https:\/\/teguar.com\/eu\/en\/?s={search_term_string}\"},\"query-input\":{\"@type\":\"PropertyValueSpecification\",\"valueRequired\":true,\"valueName\":\"search_term_string\"}}],\"inLanguage\":\"de\"}]}<\/script>\n<!-- \/ Yoast SEO Premium plugin. -->","yoast_head_json":{"title":"22\u02dd Industrie-Panel-PC | TP-7045-22","description":"Der 22-Zoll-Industrie-Panel-PC bildet mit seinem leistungsstarken Prozessor, dem robusten l\u00fcfterlosen Design und zwei Steckpl\u00e4tzen f\u00fcr DDR4-RAM die Grundlage f\u00fcr Ihren Betrieb.","robots":{"index":"index","follow":"follow","max-snippet":"max-snippet:-1","max-image-preview":"max-image-preview:large","max-video-preview":"max-video-preview:-1"},"canonical":"https:\/\/teguar.com\/eu\/de\/product\/tp-7045-22\/","og_locale":"de_DE","og_type":"article","og_title":"TP-7045-22","og_description":"Der 22-Zoll-Industrie-Panel-PC bildet mit seinem leistungsstarken Prozessor, dem robusten l\u00fcfterlosen Design und zwei Steckpl\u00e4tzen f\u00fcr DDR4-RAM die Grundlage f\u00fcr Ihren Betrieb.","og_url":"https:\/\/teguar.com\/eu\/de\/product\/tp-7045-22\/","og_site_name":"Teguar","og_image":[{"width":1000,"height":1000,"url":"https:\/\/teguar.com\/eu\/wp-content\/uploads\/sites\/2\/2025\/07\/22-Industrial-Panel-PC-Cornerstone-TP-7045-22-Front-Gray.jpg","type":"image\/jpeg"}],"twitter_card":"summary_large_image","twitter_misc":{"Gesch\u00e4tzte Lesezeit":"1\u00a0Minute"},"schema":{"@context":"https:\/\/schema.org","@graph":[{"@type":"WebPage","@id":"https:\/\/teguar.com\/eu\/de\/product\/tp-7045-22\/","url":"https:\/\/teguar.com\/eu\/de\/product\/tp-7045-22\/","name":"22\u02dd Industrie-Panel-PC | TP-7045-22","isPartOf":{"@id":"https:\/\/teguar.com\/eu\/en\/#website"},"primaryImageOfPage":{"@id":"https:\/\/teguar.com\/eu\/de\/product\/tp-7045-22\/#primaryimage"},"image":{"@id":"https:\/\/teguar.com\/eu\/de\/product\/tp-7045-22\/#primaryimage"},"thumbnailUrl":"https:\/\/teguar.com\/eu\/wp-content\/uploads\/sites\/2\/2025\/07\/22-Industrial-Panel-PC-Cornerstone-TP-7045-22-Front-Gray.jpg","datePublished":"2026-02-01T13:09:47+00:00","description":"Der 22-Zoll-Industrie-Panel-PC bildet mit seinem leistungsstarken Prozessor, dem robusten l\u00fcfterlosen Design und zwei Steckpl\u00e4tzen f\u00fcr DDR4-RAM die Grundlage f\u00fcr Ihren Betrieb.","breadcrumb":{"@id":"https:\/\/teguar.com\/eu\/de\/product\/tp-7045-22\/#breadcrumb"},"inLanguage":"de","potentialAction":[{"@type":"ReadAction","target":["https:\/\/teguar.com\/eu\/de\/product\/tp-7045-22\/"]}]},{"@type":"ImageObject","inLanguage":"de","@id":"https:\/\/teguar.com\/eu\/de\/product\/tp-7045-22\/#primaryimage","url":"https:\/\/teguar.com\/eu\/wp-content\/uploads\/sites\/2\/2025\/07\/22-Industrial-Panel-PC-Cornerstone-TP-7045-22-Front-Gray.jpg","contentUrl":"https:\/\/teguar.com\/eu\/wp-content\/uploads\/sites\/2\/2025\/07\/22-Industrial-Panel-PC-Cornerstone-TP-7045-22-Front-Gray.jpg","width":1000,"height":1000},{"@type":"BreadcrumbList","@id":"https:\/\/teguar.com\/eu\/de\/product\/tp-7045-22\/#breadcrumb","itemListElement":[{"@type":"ListItem","position":1,"name":"Home","item":"https:\/\/teguar.com\/eu\/de\/"},{"@type":"ListItem","position":2,"name":"TP-7045-22"}]},{"@type":"WebSite","@id":"https:\/\/teguar.com\/eu\/en\/#website","url":"https:\/\/teguar.com\/eu\/en\/","name":"Teguar","description":"Industrial PCs, Medical Computers, and Rugged Tablets","potentialAction":[{"@type":"SearchAction","target":{"@type":"EntryPoint","urlTemplate":"https:\/\/teguar.com\/eu\/en\/?s={search_term_string}"},"query-input":{"@type":"PropertyValueSpecification","valueRequired":true,"valueName":"search_term_string"}}],"inLanguage":"de"}]}},"_links":{"self":[{"href":"https:\/\/teguar.com\/eu\/de\/wp-json\/wp\/v2\/product\/2247406","targetHints":{"allow":["GET"]}}],"collection":[{"href":"https:\/\/teguar.com\/eu\/de\/wp-json\/wp\/v2\/product"}],"about":[{"href":"https:\/\/teguar.com\/eu\/de\/wp-json\/wp\/v2\/types\/product"}],"wp:featuredmedia":[{"embeddable":true,"href":"https:\/\/teguar.com\/eu\/de\/wp-json\/wp\/v2\/media\/2247336"}],"wp:attachment":[{"href":"https:\/\/teguar.com\/eu\/de\/wp-json\/wp\/v2\/media?parent=2247406"}],"wp:term":[{"taxonomy":"product_brand","embeddable":true,"href":"https:\/\/teguar.com\/eu\/de\/wp-json\/wp\/v2\/product_brand?post=2247406"},{"taxonomy":"product_cat","embeddable":true,"href":"https:\/\/teguar.com\/eu\/de\/wp-json\/wp\/v2\/product_cat?post=2247406"},{"taxonomy":"product_tag","embeddable":true,"href":"https:\/\/teguar.com\/eu\/de\/wp-json\/wp\/v2\/product_tag?post=2247406"},{"taxonomy":"product_label","embeddable":true,"href":"https:\/\/teguar.com\/eu\/de\/wp-json\/wp\/v2\/product_label?post=2247406"}],"curies":[{"name":"wp","href":"https:\/\/api.w.org\/{rel}","templated":true}]}}