{"id":2247402,"date":"2026-02-01T14:23:55","date_gmt":"2026-02-01T14:23:55","guid":{"rendered":"https:\/\/teguar.com\/eu\/product\/pinnacle-tp-7200-16\/"},"modified":"2026-01-29T13:56:48","modified_gmt":"2026-01-29T13:56:48","slug":"pinnacle-tp-7200-16","status":"publish","type":"product","link":"https:\/\/teguar.com\/eu\/de\/product\/pinnacle-tp-7200-16\/","title":{"rendered":"Pinnacle TP-7200-16"},"content":{"rendered":"<p>Der 15,6-Zoll-Panel-PC aus der TP-7200-Serie ist das Nonplusultra seiner Art und \u00fcbertrifft Ihre Erwartungen, wo immer er gebraucht wird. Sein Core Ultra-Prozessor bietet eine extrem hohe Leistung bei gleichzeitiger Beibehaltung der l\u00fcfterlosen passiven K\u00fchlung der Pinnacle-Serie. Wenn Sie in puncto Geschwindigkeit und Effizienz noch einen Schritt weiter gehen wollen, k\u00f6nnen Sie ihn mit einer kompatiblen Hailo-Karte aufr\u00fcsten.  <\/p>\n<p>Unser bisher <a href=\"\/eu\/de\/panel-pcs\/\">schlankster Panel PC<\/a> ben\u00f6tigt bis zu 20% weniger Installationsfl\u00e4che als herk\u00f6mmliche Modelle und ist damit ideal f\u00fcr Umgebungen, in denen jeder Zentimeter z\u00e4hlt. Die elegante Konstruktion beh\u00e4lt ihre langlebige Qualit\u00e4t mit einer robusten l\u00fcfterlosen K\u00fchlung und einer IP66-zertifizierten Frontblende bei, die jahrelang den industriellen Anforderungen standh\u00e4lt. Das direkt geklebte Display bietet ein pr\u00e4zises Ansprechverhalten und eine hohe visuelle Klarheit, wahlweise mit PCAP oder resistivem Touch.  <\/p>\n<p>Teguar setzt die Messlatte hoch, wenn es um die Sichtbarkeit von Bildschirmen im industriellen Umfeld geht. Ihre Bediener werden den Unterschied mit diesem hellen, hochaufl\u00f6senden Display bemerken, das selbst in schwierigen Umgebungen eine au\u00dfergew\u00f6hnliche Benutzerfreundlichkeit bietet. <\/p>\n<p>Der TP-7200-16 ist die ultimative Panel-PC-L\u00f6sung, wenn es um Leistung, Haltbarkeit und Platzoptimierung geht.<\/p>\n","protected":false},"excerpt":{"rendered":"<p><strong>F\u00fcr KI-Datenverarbeitung &#8211; Komplexe <\/strong><a href=\"https:\/\/teguar.com\/eu\/machine-vision-computer\/\"><strong>Maschinelles Sehen<\/strong><\/a>: Mit der eingebauten KI-Erweiterung kann Pinnacle eine dedizierte NPU direkt auf dem Board unterbringen, was eine erhebliche Steigerung der KI-Leistung gegen\u00fcber der im Chip enthaltenen bietet. Damit k\u00f6nnen Sie grafikintensive Daten in Echtzeit anzeigen und analysieren, wenn Sie eine Produktionslinie oder andere Einrichtungen \u00fcberwachen. <\/p>\n<p><strong>F\u00fcr die kompakteste Pr\u00e4sentation &#8211; Flache Ausf\u00fchrung <\/strong><a href=\"https:\/\/teguar.com\/eu\/de\/integration-von-panel-mount-computern-in-ihre-industriellen-steuerungssysteme\/\"><strong>Wandmontage<\/strong><\/a>: Der Pinnacle ist der kompakteste Panel-PC aller Zeiten. Er passt in enge Schalttafeln und nimmt weniger wertvollen Platz in Anspruch. Zeigen Sie Ihren Kunden mehr von Ihren Inhalten und weniger schwarze Blenden.  <\/p>\n<p><strong>F\u00fcr weitreichende Kompatibilit\u00e4t &#8211; Einfache Systemintegration<\/strong>: Sie k\u00f6nnen den TP-7200-16 in Ihre <a href=\"https:\/\/teguar.com\/eu\/de\/scada-hmi-panel-pcs\/\">bestehenden SCADA-<\/a> <em>und<\/em> Ihre <a href=\"https:\/\/teguar.com\/eu\/edge-computer\/\">Edge AI-Anwendungen<\/a> der n\u00e4chsten Generation integrieren. Pinnacle verf\u00fcgt \u00fcber USB 3.2, USB-C und 2,5 GB LAN f\u00fcr die Anbindung an die neuesten Systeme mit hohen Bandbreitenanforderungen. Pinnacle bietet au\u00dferdem COM-Ports f\u00fcr die serielle Kommunikation mit \u00e4lteren Ger\u00e4ten und GPIO f\u00fcr die direkte Interaktion mit einfachen Logikger\u00e4ten.  <\/p>\n","protected":false},"featured_media":2247306,"template":"","meta":{"_acf_changed":false},"product_brand":[],"product_cat":[2826,2813,2839],"product_tag":[2635,4603],"product_label":[],"class_list":{"0":"post-2247402","1":"product","2":"type-product","3":"status-publish","4":"has-post-thumbnail","6":"product_cat-hmi-panel","7":"product_cat-ki-computer","8":"product_cat-panel-pcs","9":"product_tag-online-kaufen","10":"product_tag-pinnacle-series","11":"pa_windows-windows-10-iot","12":"pa_windows-windows-11-iot","13":"pa_windows-windows-11-pro","15":"first","16":"instock","17":"taxable","18":"shipping-taxable","19":"purchasable","20":"product-type-composite"},"composite_virtual":false,"composite_layout":"single","composite_add_to_cart_form_location":"default","composite_editable_in_cart":false,"composite_sold_individually_context":"product","composite_shop_price_calc":"min_max","composite_components":[{"id":"1753896733","title":"Touchscreen","description":"","query_type":"product_ids","query_ids":[2242002],"default_option_id":"","thumbnail_id":"","thumbnail_src":"","quantity_min":1,"quantity_max":1,"priced_individually":true,"shipped_individually":false,"optional":false,"discount":"","options_style":"dropdowns","pagination_style":"classic","display_prices":"relative","show_sorting_options":false,"show_filtering_options":false,"attribute_filter_ids":[],"select_action":"view","product_title_visible":true,"product_descr_visible":false,"product_price_visible":false,"product_thumb_visible":false,"subtotal_visible_product":false,"subtotal_visible_cart":false,"subtotal_visible_orders":false},{"id":"1753733590","title":"WIDDER","description":"","query_type":"product_ids","query_ids":[2240772,2240773,2240777],"default_option_id":"","thumbnail_id":"","thumbnail_src":"","quantity_min":1,"quantity_max":1,"priced_individually":true,"shipped_individually":false,"optional":false,"discount":"","options_style":"dropdowns","pagination_style":"classic","display_prices":"relative","show_sorting_options":false,"show_filtering_options":false,"attribute_filter_ids":[],"select_action":"view","product_title_visible":true,"product_descr_visible":false,"product_price_visible":false,"product_thumb_visible":false,"subtotal_visible_product":false,"subtotal_visible_cart":false,"subtotal_visible_orders":false},{"id":"1753733591","title":"Lagerung","description":"","query_type":"product_ids","query_ids":[2240787,2240788,2240789],"default_option_id":"","thumbnail_id":"","thumbnail_src":"","quantity_min":1,"quantity_max":1,"priced_individually":true,"shipped_individually":false,"optional":false,"discount":"","options_style":"dropdowns","pagination_style":"classic","display_prices":"relative","show_sorting_options":false,"show_filtering_options":false,"attribute_filter_ids":[],"select_action":"view","product_title_visible":true,"product_descr_visible":false,"product_price_visible":false,"product_thumb_visible":false,"subtotal_visible_product":false,"subtotal_visible_cart":false,"subtotal_visible_orders":false},{"id":"1753733592","title":"WiFi und Bluetooth","description":"","query_type":"product_ids","query_ids":[2240833,2240827],"default_option_id":"","thumbnail_id":"","thumbnail_src":"","quantity_min":1,"quantity_max":1,"priced_individually":true,"shipped_individually":false,"optional":false,"discount":"","options_style":"dropdowns","pagination_style":"classic","display_prices":"relative","show_sorting_options":false,"show_filtering_options":false,"attribute_filter_ids":[],"select_action":"view","product_title_visible":true,"product_descr_visible":false,"product_price_visible":false,"product_thumb_visible":false,"subtotal_visible_product":false,"subtotal_visible_cart":false,"subtotal_visible_orders":false},{"id":"1753733593","title":"I\/O-Erweiterung","description":"","query_type":"product_ids","query_ids":[2240722,2240725,2240723],"default_option_id":"","thumbnail_id":"","thumbnail_src":"","quantity_min":1,"quantity_max":1,"priced_individually":true,"shipped_individually":false,"optional":false,"discount":"","options_style":"dropdowns","pagination_style":"classic","display_prices":"relative","show_sorting_options":false,"show_filtering_options":false,"attribute_filter_ids":[],"select_action":"view","product_title_visible":true,"product_descr_visible":false,"product_price_visible":false,"product_thumb_visible":false,"subtotal_visible_product":false,"subtotal_visible_cart":false,"subtotal_visible_orders":false},{"id":"1753733594","title":"Stromversorgung","description":"","query_type":"product_ids","query_ids":[2240748,2240749,2240768],"default_option_id":"","thumbnail_id":"","thumbnail_src":"","quantity_min":1,"quantity_max":1,"priced_individually":true,"shipped_individually":false,"optional":false,"discount":"","options_style":"dropdowns","pagination_style":"classic","display_prices":"relative","show_sorting_options":false,"show_filtering_options":false,"attribute_filter_ids":[],"select_action":"view","product_title_visible":true,"product_descr_visible":false,"product_price_visible":false,"product_thumb_visible":false,"subtotal_visible_product":false,"subtotal_visible_cart":false,"subtotal_visible_orders":false},{"id":"1753733595","title":"Betriebssystem","description":"","query_type":"product_ids","query_ids":[2240737,2240736,2242808,2240733],"default_option_id":"","thumbnail_id":"","thumbnail_src":"","quantity_min":1,"quantity_max":1,"priced_individually":true,"shipped_individually":false,"optional":false,"discount":"","options_style":"dropdowns","pagination_style":"classic","display_prices":"relative","show_sorting_options":false,"show_filtering_options":false,"attribute_filter_ids":[],"select_action":"view","product_title_visible":true,"product_descr_visible":false,"product_price_visible":false,"product_thumb_visible":false,"subtotal_visible_product":false,"subtotal_visible_cart":false,"subtotal_visible_orders":false}],"composite_scenarios":[],"acf":[],"yoast_head":"<!-- This site is optimized with the Yoast SEO Premium plugin v26.8 (Yoast SEO v27.2) - https:\/\/yoast.com\/product\/yoast-seo-premium-wordpress\/ -->\n<title>15,6&quot; Core Ultra Panel PC | Pinnacle TP-7200-16<\/title>\n<meta name=\"description\" content=\"Mit einem Core Ultra-Prozessor, einer robusten l\u00fcfterlosen K\u00fchlung und dem flachsten und robustesten Profil auf dem Markt \u00fcbertrifft der 15,6-Zoll-Panel-PC die Erwartungen in jeder Umgebung.\" \/>\n<meta name=\"robots\" content=\"index, follow, max-snippet:-1, max-image-preview:large, max-video-preview:-1\" \/>\n<link rel=\"canonical\" href=\"https:\/\/teguar.com\/eu\/de\/product\/pinnacle-tp-7200-16\/\" \/>\n<meta property=\"og:locale\" content=\"de_DE\" \/>\n<meta property=\"og:type\" content=\"article\" \/>\n<meta property=\"og:title\" content=\"Pinnacle TP-7200-16\" \/>\n<meta property=\"og:description\" content=\"Mit einem Core Ultra-Prozessor, einer robusten l\u00fcfterlosen K\u00fchlung und dem flachsten und robustesten Profil auf dem Markt \u00fcbertrifft der 15,6-Zoll-Panel-PC die Erwartungen in jeder Umgebung.\" \/>\n<meta property=\"og:url\" content=\"https:\/\/teguar.com\/eu\/de\/product\/pinnacle-tp-7200-16\/\" \/>\n<meta property=\"og:site_name\" content=\"Teguar\" \/>\n<meta property=\"og:image\" content=\"https:\/\/teguar.com\/eu\/wp-content\/uploads\/sites\/2\/2025\/07\/Pinnacle_Panel_PC_TP-7200-16.jpg\" \/>\n\t<meta property=\"og:image:width\" content=\"960\" \/>\n\t<meta property=\"og:image:height\" content=\"960\" \/>\n\t<meta property=\"og:image:type\" content=\"image\/jpeg\" \/>\n<meta name=\"twitter:card\" content=\"summary_large_image\" \/>\n<meta name=\"twitter:label1\" content=\"Gesch\u00e4tzte Lesezeit\" \/>\n\t<meta name=\"twitter:data1\" content=\"1\u00a0Minute\" \/>\n<script type=\"application\/ld+json\" class=\"yoast-schema-graph\">{\"@context\":\"https:\/\/schema.org\",\"@graph\":[{\"@type\":\"WebPage\",\"@id\":\"https:\/\/teguar.com\/eu\/de\/product\/pinnacle-tp-7200-16\/\",\"url\":\"https:\/\/teguar.com\/eu\/de\/product\/pinnacle-tp-7200-16\/\",\"name\":\"15,6\\\" Core Ultra Panel PC | Pinnacle TP-7200-16\",\"isPartOf\":{\"@id\":\"https:\/\/teguar.com\/eu\/en\/#website\"},\"primaryImageOfPage\":{\"@id\":\"https:\/\/teguar.com\/eu\/de\/product\/pinnacle-tp-7200-16\/#primaryimage\"},\"image\":{\"@id\":\"https:\/\/teguar.com\/eu\/de\/product\/pinnacle-tp-7200-16\/#primaryimage\"},\"thumbnailUrl\":\"https:\/\/teguar.com\/eu\/wp-content\/uploads\/sites\/2\/2025\/07\/Pinnacle_Panel_PC_TP-7200-16.jpg\",\"datePublished\":\"2026-02-01T14:23:55+00:00\",\"description\":\"Mit einem Core Ultra-Prozessor, einer robusten l\u00fcfterlosen K\u00fchlung und dem flachsten und robustesten Profil auf dem Markt \u00fcbertrifft der 15,6-Zoll-Panel-PC die Erwartungen in jeder Umgebung.\",\"breadcrumb\":{\"@id\":\"https:\/\/teguar.com\/eu\/de\/product\/pinnacle-tp-7200-16\/#breadcrumb\"},\"inLanguage\":\"de\",\"potentialAction\":[{\"@type\":\"ReadAction\",\"target\":[\"https:\/\/teguar.com\/eu\/de\/product\/pinnacle-tp-7200-16\/\"]}]},{\"@type\":\"ImageObject\",\"inLanguage\":\"de\",\"@id\":\"https:\/\/teguar.com\/eu\/de\/product\/pinnacle-tp-7200-16\/#primaryimage\",\"url\":\"https:\/\/teguar.com\/eu\/wp-content\/uploads\/sites\/2\/2025\/07\/Pinnacle_Panel_PC_TP-7200-16.jpg\",\"contentUrl\":\"https:\/\/teguar.com\/eu\/wp-content\/uploads\/sites\/2\/2025\/07\/Pinnacle_Panel_PC_TP-7200-16.jpg\",\"width\":960,\"height\":960,\"caption\":\"Front view of Teguar's TP-7200-16 Core Ultra Panel PC with a stylized red landscape wallpaper\"},{\"@type\":\"BreadcrumbList\",\"@id\":\"https:\/\/teguar.com\/eu\/de\/product\/pinnacle-tp-7200-16\/#breadcrumb\",\"itemListElement\":[{\"@type\":\"ListItem\",\"position\":1,\"name\":\"Home\",\"item\":\"https:\/\/teguar.com\/eu\/de\/\"},{\"@type\":\"ListItem\",\"position\":2,\"name\":\"Pinnacle TP-7200-16\"}]},{\"@type\":\"WebSite\",\"@id\":\"https:\/\/teguar.com\/eu\/en\/#website\",\"url\":\"https:\/\/teguar.com\/eu\/en\/\",\"name\":\"Teguar\",\"description\":\"Industrial PCs, Medical Computers, and Rugged Tablets\",\"potentialAction\":[{\"@type\":\"SearchAction\",\"target\":{\"@type\":\"EntryPoint\",\"urlTemplate\":\"https:\/\/teguar.com\/eu\/en\/?s={search_term_string}\"},\"query-input\":{\"@type\":\"PropertyValueSpecification\",\"valueRequired\":true,\"valueName\":\"search_term_string\"}}],\"inLanguage\":\"de\"}]}<\/script>\n<!-- \/ Yoast SEO Premium plugin. -->","yoast_head_json":{"title":"15,6\" Core Ultra Panel PC | Pinnacle TP-7200-16","description":"Mit einem Core Ultra-Prozessor, einer robusten l\u00fcfterlosen K\u00fchlung und dem flachsten und robustesten Profil auf dem Markt \u00fcbertrifft der 15,6-Zoll-Panel-PC die Erwartungen in jeder Umgebung.","robots":{"index":"index","follow":"follow","max-snippet":"max-snippet:-1","max-image-preview":"max-image-preview:large","max-video-preview":"max-video-preview:-1"},"canonical":"https:\/\/teguar.com\/eu\/de\/product\/pinnacle-tp-7200-16\/","og_locale":"de_DE","og_type":"article","og_title":"Pinnacle TP-7200-16","og_description":"Mit einem Core Ultra-Prozessor, einer robusten l\u00fcfterlosen K\u00fchlung und dem flachsten und robustesten Profil auf dem Markt \u00fcbertrifft der 15,6-Zoll-Panel-PC die Erwartungen in jeder Umgebung.","og_url":"https:\/\/teguar.com\/eu\/de\/product\/pinnacle-tp-7200-16\/","og_site_name":"Teguar","og_image":[{"width":960,"height":960,"url":"https:\/\/teguar.com\/eu\/wp-content\/uploads\/sites\/2\/2025\/07\/Pinnacle_Panel_PC_TP-7200-16.jpg","type":"image\/jpeg"}],"twitter_card":"summary_large_image","twitter_misc":{"Gesch\u00e4tzte Lesezeit":"1\u00a0Minute"},"schema":{"@context":"https:\/\/schema.org","@graph":[{"@type":"WebPage","@id":"https:\/\/teguar.com\/eu\/de\/product\/pinnacle-tp-7200-16\/","url":"https:\/\/teguar.com\/eu\/de\/product\/pinnacle-tp-7200-16\/","name":"15,6\" Core Ultra Panel PC | Pinnacle TP-7200-16","isPartOf":{"@id":"https:\/\/teguar.com\/eu\/en\/#website"},"primaryImageOfPage":{"@id":"https:\/\/teguar.com\/eu\/de\/product\/pinnacle-tp-7200-16\/#primaryimage"},"image":{"@id":"https:\/\/teguar.com\/eu\/de\/product\/pinnacle-tp-7200-16\/#primaryimage"},"thumbnailUrl":"https:\/\/teguar.com\/eu\/wp-content\/uploads\/sites\/2\/2025\/07\/Pinnacle_Panel_PC_TP-7200-16.jpg","datePublished":"2026-02-01T14:23:55+00:00","description":"Mit einem Core Ultra-Prozessor, einer robusten l\u00fcfterlosen K\u00fchlung und dem flachsten und robustesten Profil auf dem Markt \u00fcbertrifft der 15,6-Zoll-Panel-PC die Erwartungen in jeder Umgebung.","breadcrumb":{"@id":"https:\/\/teguar.com\/eu\/de\/product\/pinnacle-tp-7200-16\/#breadcrumb"},"inLanguage":"de","potentialAction":[{"@type":"ReadAction","target":["https:\/\/teguar.com\/eu\/de\/product\/pinnacle-tp-7200-16\/"]}]},{"@type":"ImageObject","inLanguage":"de","@id":"https:\/\/teguar.com\/eu\/de\/product\/pinnacle-tp-7200-16\/#primaryimage","url":"https:\/\/teguar.com\/eu\/wp-content\/uploads\/sites\/2\/2025\/07\/Pinnacle_Panel_PC_TP-7200-16.jpg","contentUrl":"https:\/\/teguar.com\/eu\/wp-content\/uploads\/sites\/2\/2025\/07\/Pinnacle_Panel_PC_TP-7200-16.jpg","width":960,"height":960,"caption":"Front view of Teguar's TP-7200-16 Core Ultra Panel PC with a stylized red landscape wallpaper"},{"@type":"BreadcrumbList","@id":"https:\/\/teguar.com\/eu\/de\/product\/pinnacle-tp-7200-16\/#breadcrumb","itemListElement":[{"@type":"ListItem","position":1,"name":"Home","item":"https:\/\/teguar.com\/eu\/de\/"},{"@type":"ListItem","position":2,"name":"Pinnacle TP-7200-16"}]},{"@type":"WebSite","@id":"https:\/\/teguar.com\/eu\/en\/#website","url":"https:\/\/teguar.com\/eu\/en\/","name":"Teguar","description":"Industrial PCs, Medical Computers, and Rugged Tablets","potentialAction":[{"@type":"SearchAction","target":{"@type":"EntryPoint","urlTemplate":"https:\/\/teguar.com\/eu\/en\/?s={search_term_string}"},"query-input":{"@type":"PropertyValueSpecification","valueRequired":true,"valueName":"search_term_string"}}],"inLanguage":"de"}]}},"_links":{"self":[{"href":"https:\/\/teguar.com\/eu\/de\/wp-json\/wp\/v2\/product\/2247402","targetHints":{"allow":["GET"]}}],"collection":[{"href":"https:\/\/teguar.com\/eu\/de\/wp-json\/wp\/v2\/product"}],"about":[{"href":"https:\/\/teguar.com\/eu\/de\/wp-json\/wp\/v2\/types\/product"}],"wp:featuredmedia":[{"embeddable":true,"href":"https:\/\/teguar.com\/eu\/de\/wp-json\/wp\/v2\/media\/2247306"}],"wp:attachment":[{"href":"https:\/\/teguar.com\/eu\/de\/wp-json\/wp\/v2\/media?parent=2247402"}],"wp:term":[{"taxonomy":"product_brand","embeddable":true,"href":"https:\/\/teguar.com\/eu\/de\/wp-json\/wp\/v2\/product_brand?post=2247402"},{"taxonomy":"product_cat","embeddable":true,"href":"https:\/\/teguar.com\/eu\/de\/wp-json\/wp\/v2\/product_cat?post=2247402"},{"taxonomy":"product_tag","embeddable":true,"href":"https:\/\/teguar.com\/eu\/de\/wp-json\/wp\/v2\/product_tag?post=2247402"},{"taxonomy":"product_label","embeddable":true,"href":"https:\/\/teguar.com\/eu\/de\/wp-json\/wp\/v2\/product_label?post=2247402"}],"curies":[{"name":"wp","href":"https:\/\/api.w.org\/{rel}","templated":true}]}}