{"id":2247400,"date":"2025-07-06T14:25:45","date_gmt":"2025-07-06T14:25:45","guid":{"rendered":"https:\/\/teguar.com\/eu\/product\/pinnacle-tp-4800-16\/"},"modified":"2026-01-29T13:56:27","modified_gmt":"2026-01-29T13:56:27","slug":"pinnacle-tp-4800-16","status":"publish","type":"product","link":"https:\/\/teguar.com\/eu\/de\/product\/pinnacle-tp-4800-16\/","title":{"rendered":"Pinnacle TP-4800-16"},"content":{"rendered":"<p>Der 15,6-Zoll-Panel-PC aus der TP-4800-Serie ist das Nonplusultra seiner Art und \u00fcbertrifft Ihre Erwartungen, wo immer er gebraucht wird. Sein l\u00fcfterloser Celeron-Prozessor bietet das perfekte Gleichgewicht zwischen starker Leistung, hervorragendem Preis-Leistungs-Verh\u00e4ltnis und effizientem Stromverbrauch.<\/p>\n<p>Unser bisher schlankster Panel PC ben\u00f6tigt bis zu 20% weniger Installationsfl\u00e4che als herk\u00f6mmliche Modelle und ist damit ideal f\u00fcr Umgebungen, in denen jeder Zentimeter z\u00e4hlt. Die elegante Konstruktion beh\u00e4lt ihre langlebige Qualit\u00e4t mit einem l\u00fcfterlosen K\u00fchlungsdesign und einer IP66-konformen Frontblende bei, die jahrelang den industriellen Anforderungen standh\u00e4lt. Und schlie\u00dflich sorgt ein direkt verklebtes Display (optical bonding) mit PCAP- oder Resistiv-Touch-Optionen f\u00fcr ein pr\u00e4zises Ansprechverhalten und gro\u00dfe visuelle Klarheit.<\/p>\n<p><span data-olk-copy-source=\"MessageBody\">Teguar setzt die Messlatte hoch, wenn es um die Bildqualit\u00e4t im industriellen Umfeld geht. Ihre Nutzer werden den Unterschied mit diesem hellen, hochaufl\u00f6senden Display bemerken, das selbst in schwierigen Umgebungen eine au\u00dfergew\u00f6hnliche Benutzerfreundlichkeit bietet. <\/span><\/p>\n<p><span data-olk-copy-source=\"MessageBody\">Wenn Sie Wert auf Effizienz, Langlebigkeit und Platzoptimierung legen, ist der TP-4800-16 die ultimative Panel-PC-L\u00f6sung.<\/span><\/p>\n","protected":false},"excerpt":{"rendered":"<p><strong>F\u00fcr Power over Ethernet &#8211; Erm\u00f6glicht die Steuerung der <a href=\"https:\/\/teguar.com\/eu\/de\/computer-fuer-die-industrielle-automatisierung\/\">industriellen Automatisierung<\/a><\/strong>: Pinnacle verf\u00fcgt \u00fcber optionales PoE, das die Installation \u00fcber ein einziges Kabel erm\u00f6glicht, ohne dass eine separate Wechsel- oder Gleichstromversorgung erforderlich ist. Schlie\u00dfen Sie das TP-4800-16 einfach an und bringen Sie es in wenigen Minuten mit Netzwerkkonnektivit\u00e4t und Strom \u00fcber ein einziges Kabel zum Laufen.<\/p>\n<p><strong>F\u00fcr die kompakteste Pr\u00e4sentation &#8211; Flache <a href=\"https:\/\/teguar.com\/eu\/de\/integration-von-panel-mount-computern-in-ihre-industriellen-steuerungssysteme\/\">Wandmontage<\/a><\/strong>: Der Pinnacle ist der kompakteste Panel-PC aller Zeiten. Er passt in enge Schalttafeln und nimmt weniger wertvollen Platz in Anspruch. Zeigen Sie Ihren Kunden mehr von Ihren Inhalten und weniger schwarze Blenden.<\/p>\n<p><strong>F\u00fcr weitreichende Kompatibilit\u00e4t &#8211; Einfache Systemintegration<\/strong>: Sie k\u00f6nnen den TP-4800-16 in Ihre <a href=\"https:\/\/teguar.com\/eu\/de\/scada-hmi-panel-pcs\/\">bestehenden SCADA-<\/a> <em>und<\/em> Ihre <a href=\"https:\/\/teguar.com\/eu\/edge-computer\/\">Edge AI-Anwendungen<\/a> der n\u00e4chsten Generation integrieren. Pinnacle verf\u00fcgt \u00fcber USB 3.2, USB-C und 2,5 GB LAN f\u00fcr die Anbindung an die neuesten Systeme mit hohen Bandbreitenanforderungen. Pinnacle bietet au\u00dferdem COM-Ports f\u00fcr die serielle Kommunikation mit \u00e4lteren Ger\u00e4ten und GPIO f\u00fcr die direkte Interaktion mit einfachen Logikger\u00e4ten.<\/p>\n","protected":false},"featured_media":2247156,"template":"","meta":{"_acf_changed":false},"product_brand":[],"product_cat":[2826,2839],"product_tag":[2634,4372,2635,4603,5418],"product_label":[],"class_list":{"0":"post-2247400","1":"product","2":"type-product","3":"status-publish","4":"has-post-thumbnail","6":"product_cat-hmi-panel","7":"product_cat-panel-pcs","8":"product_tag-fertigungs-computer","9":"product_tag-interaktive-displays","10":"product_tag-online-kaufen","11":"product_tag-pinnacle-series","12":"product_tag-schnellversand-panel-pcs","13":"pa_windows-windows-10-iot","14":"pa_windows-windows-11-iot","15":"pa_windows-windows-11-pro","17":"first","18":"instock","19":"taxable","20":"shipping-taxable","21":"purchasable","22":"product-type-composite"},"composite_virtual":false,"composite_layout":"single","composite_add_to_cart_form_location":"default","composite_editable_in_cart":false,"composite_sold_individually_context":"product","composite_shop_price_calc":"min_max","composite_components":[{"id":"1753897013","title":"Touchscreen","description":"","query_type":"product_ids","query_ids":[2242000],"default_option_id":"","thumbnail_id":"","thumbnail_src":"","quantity_min":1,"quantity_max":1,"priced_individually":true,"shipped_individually":false,"optional":false,"discount":"","options_style":"dropdowns","pagination_style":"classic","display_prices":"relative","show_sorting_options":false,"show_filtering_options":false,"attribute_filter_ids":[],"select_action":"view","product_title_visible":true,"product_descr_visible":false,"product_price_visible":false,"product_thumb_visible":false,"subtotal_visible_product":false,"subtotal_visible_cart":false,"subtotal_visible_orders":false},{"id":"1751313778","title":"WIDDER","description":"","query_type":"product_ids","query_ids":[2240774,2240775,2240776],"default_option_id":"","thumbnail_id":"","thumbnail_src":"","quantity_min":1,"quantity_max":1,"priced_individually":true,"shipped_individually":false,"optional":false,"discount":"","options_style":"dropdowns","pagination_style":"classic","display_prices":"relative","show_sorting_options":false,"show_filtering_options":false,"attribute_filter_ids":[],"select_action":"view","product_title_visible":false,"product_descr_visible":false,"product_price_visible":false,"product_thumb_visible":false,"subtotal_visible_product":true,"subtotal_visible_cart":false,"subtotal_visible_orders":false},{"id":"1751313779","title":"Lagerung","description":"","query_type":"product_ids","query_ids":[2240787,2240788,2240789],"default_option_id":"","thumbnail_id":"","thumbnail_src":"","quantity_min":1,"quantity_max":1,"priced_individually":true,"shipped_individually":false,"optional":false,"discount":"","options_style":"dropdowns","pagination_style":"classic","display_prices":"relative","show_sorting_options":false,"show_filtering_options":false,"attribute_filter_ids":[],"select_action":"view","product_title_visible":false,"product_descr_visible":false,"product_price_visible":false,"product_thumb_visible":false,"subtotal_visible_product":true,"subtotal_visible_cart":false,"subtotal_visible_orders":false},{"id":"1751313780","title":"WiFi und Bluetooth","description":"","query_type":"product_ids","query_ids":[2240833,2240827],"default_option_id":"","thumbnail_id":"","thumbnail_src":"","quantity_min":1,"quantity_max":1,"priced_individually":true,"shipped_individually":false,"optional":false,"discount":"","options_style":"dropdowns","pagination_style":"classic","display_prices":"relative","show_sorting_options":false,"show_filtering_options":false,"attribute_filter_ids":[],"select_action":"view","product_title_visible":false,"product_descr_visible":false,"product_price_visible":false,"product_thumb_visible":false,"subtotal_visible_product":true,"subtotal_visible_cart":false,"subtotal_visible_orders":false},{"id":"1751313781","title":"I\/O-Erweiterung","description":"","query_type":"product_ids","query_ids":[2240722,2240725,2240723],"default_option_id":"","thumbnail_id":"","thumbnail_src":"","quantity_min":1,"quantity_max":1,"priced_individually":true,"shipped_individually":false,"optional":false,"discount":"","options_style":"dropdowns","pagination_style":"classic","display_prices":"relative","show_sorting_options":false,"show_filtering_options":false,"attribute_filter_ids":[],"select_action":"view","product_title_visible":false,"product_descr_visible":false,"product_price_visible":false,"product_thumb_visible":false,"subtotal_visible_product":true,"subtotal_visible_cart":false,"subtotal_visible_orders":false},{"id":"1751313782","title":"Stromversorgung","description":"","query_type":"product_ids","query_ids":[2240748,2240749,2240750,2240768],"default_option_id":"","thumbnail_id":"","thumbnail_src":"","quantity_min":1,"quantity_max":1,"priced_individually":true,"shipped_individually":false,"optional":false,"discount":"","options_style":"dropdowns","pagination_style":"classic","display_prices":"relative","show_sorting_options":false,"show_filtering_options":false,"attribute_filter_ids":[],"select_action":"view","product_title_visible":false,"product_descr_visible":false,"product_price_visible":false,"product_thumb_visible":false,"subtotal_visible_product":true,"subtotal_visible_cart":false,"subtotal_visible_orders":false},{"id":"1751313783","title":"Betriebssystem","description":"","query_type":"product_ids","query_ids":[2240737,2240732,2240733,2240734],"default_option_id":"","thumbnail_id":"","thumbnail_src":"","quantity_min":1,"quantity_max":1,"priced_individually":true,"shipped_individually":false,"optional":false,"discount":"","options_style":"dropdowns","pagination_style":"classic","display_prices":"relative","show_sorting_options":false,"show_filtering_options":false,"attribute_filter_ids":[],"select_action":"view","product_title_visible":false,"product_descr_visible":false,"product_price_visible":false,"product_thumb_visible":false,"subtotal_visible_product":true,"subtotal_visible_cart":false,"subtotal_visible_orders":false}],"composite_scenarios":[],"acf":[],"yoast_head":"<!-- This site is optimized with the Yoast SEO Premium plugin v26.8 (Yoast SEO v27.2) - https:\/\/yoast.com\/product\/yoast-seo-premium-wordpress\/ -->\n<title>15,6&quot; Panel PC | Pinnacle TP-4800-16<\/title>\n<meta name=\"description\" content=\"Mit einer Hochleistungs-CPU, Stromversorgung \u00fcber USB-C und dem schlanksten und robustesten Profil auf dem Markt \u00fcbertrifft der 16-Zoll-Panel-PC die Erwartungen in jeder Umgebung.\" \/>\n<meta name=\"robots\" content=\"index, follow, max-snippet:-1, max-image-preview:large, max-video-preview:-1\" \/>\n<link rel=\"canonical\" href=\"https:\/\/teguar.com\/eu\/de\/product\/pinnacle-tp-4800-16\/\" \/>\n<meta property=\"og:locale\" content=\"de_DE\" \/>\n<meta property=\"og:type\" content=\"article\" \/>\n<meta property=\"og:title\" content=\"Pinnacle TP-4800-16\" \/>\n<meta property=\"og:description\" content=\"Mit einer Hochleistungs-CPU, Stromversorgung \u00fcber USB-C und dem schlanksten und robustesten Profil auf dem Markt \u00fcbertrifft der 16-Zoll-Panel-PC die Erwartungen in jeder Umgebung.\" \/>\n<meta property=\"og:url\" content=\"https:\/\/teguar.com\/eu\/de\/product\/pinnacle-tp-4800-16\/\" \/>\n<meta property=\"og:site_name\" content=\"Teguar\" \/>\n<meta property=\"article:modified_time\" content=\"2026-01-29T13:56:27+00:00\" \/>\n<meta property=\"og:image\" content=\"https:\/\/teguar.com\/eu\/wp-content\/uploads\/sites\/2\/2025\/01\/Pinnacle_Panel_PC_TP-4800-16_Angle_Red__61555.1742304500.1280.1280.jpg\" \/>\n\t<meta property=\"og:image:width\" content=\"1000\" \/>\n\t<meta property=\"og:image:height\" content=\"1000\" \/>\n\t<meta property=\"og:image:type\" content=\"image\/jpeg\" \/>\n<meta name=\"twitter:card\" content=\"summary_large_image\" \/>\n<meta name=\"twitter:label1\" content=\"Gesch\u00e4tzte Lesezeit\" \/>\n\t<meta name=\"twitter:data1\" content=\"1\u00a0Minute\" \/>\n<script type=\"application\/ld+json\" class=\"yoast-schema-graph\">{\"@context\":\"https:\/\/schema.org\",\"@graph\":[{\"@type\":\"WebPage\",\"@id\":\"https:\/\/teguar.com\/eu\/de\/product\/pinnacle-tp-4800-16\/\",\"url\":\"https:\/\/teguar.com\/eu\/de\/product\/pinnacle-tp-4800-16\/\",\"name\":\"15,6\\\" Panel PC | Pinnacle TP-4800-16\",\"isPartOf\":{\"@id\":\"https:\/\/teguar.com\/eu\/en\/#website\"},\"primaryImageOfPage\":{\"@id\":\"https:\/\/teguar.com\/eu\/de\/product\/pinnacle-tp-4800-16\/#primaryimage\"},\"image\":{\"@id\":\"https:\/\/teguar.com\/eu\/de\/product\/pinnacle-tp-4800-16\/#primaryimage\"},\"thumbnailUrl\":\"https:\/\/teguar.com\/eu\/wp-content\/uploads\/sites\/2\/2025\/01\/Pinnacle_Panel_PC_TP-4800-16_Angle_Red__61555.1742304500.1280.1280.jpg\",\"datePublished\":\"2025-07-06T14:25:45+00:00\",\"dateModified\":\"2026-01-29T13:56:27+00:00\",\"description\":\"Mit einer Hochleistungs-CPU, Stromversorgung \u00fcber USB-C und dem schlanksten und robustesten Profil auf dem Markt \u00fcbertrifft der 16-Zoll-Panel-PC die Erwartungen in jeder Umgebung.\",\"breadcrumb\":{\"@id\":\"https:\/\/teguar.com\/eu\/de\/product\/pinnacle-tp-4800-16\/#breadcrumb\"},\"inLanguage\":\"de\",\"potentialAction\":[{\"@type\":\"ReadAction\",\"target\":[\"https:\/\/teguar.com\/eu\/de\/product\/pinnacle-tp-4800-16\/\"]}]},{\"@type\":\"ImageObject\",\"inLanguage\":\"de\",\"@id\":\"https:\/\/teguar.com\/eu\/de\/product\/pinnacle-tp-4800-16\/#primaryimage\",\"url\":\"https:\/\/teguar.com\/eu\/wp-content\/uploads\/sites\/2\/2025\/01\/Pinnacle_Panel_PC_TP-4800-16_Angle_Red__61555.1742304500.1280.1280.jpg\",\"contentUrl\":\"https:\/\/teguar.com\/eu\/wp-content\/uploads\/sites\/2\/2025\/01\/Pinnacle_Panel_PC_TP-4800-16_Angle_Red__61555.1742304500.1280.1280.jpg\",\"width\":1000,\"height\":1000,\"caption\":\"16 inch Pinnacle Panel PC TP-4800-16 Front Angle\"},{\"@type\":\"BreadcrumbList\",\"@id\":\"https:\/\/teguar.com\/eu\/de\/product\/pinnacle-tp-4800-16\/#breadcrumb\",\"itemListElement\":[{\"@type\":\"ListItem\",\"position\":1,\"name\":\"Home\",\"item\":\"https:\/\/teguar.com\/eu\/de\/\"},{\"@type\":\"ListItem\",\"position\":2,\"name\":\"Pinnacle TP-4800-16\"}]},{\"@type\":\"WebSite\",\"@id\":\"https:\/\/teguar.com\/eu\/en\/#website\",\"url\":\"https:\/\/teguar.com\/eu\/en\/\",\"name\":\"Teguar\",\"description\":\"Industrial PCs, Medical Computers, and Rugged Tablets\",\"potentialAction\":[{\"@type\":\"SearchAction\",\"target\":{\"@type\":\"EntryPoint\",\"urlTemplate\":\"https:\/\/teguar.com\/eu\/en\/?s={search_term_string}\"},\"query-input\":{\"@type\":\"PropertyValueSpecification\",\"valueRequired\":true,\"valueName\":\"search_term_string\"}}],\"inLanguage\":\"de\"}]}<\/script>\n<!-- \/ Yoast SEO Premium plugin. -->","yoast_head_json":{"title":"15,6\" Panel PC | Pinnacle TP-4800-16","description":"Mit einer Hochleistungs-CPU, Stromversorgung \u00fcber USB-C und dem schlanksten und robustesten Profil auf dem Markt \u00fcbertrifft der 16-Zoll-Panel-PC die Erwartungen in jeder Umgebung.","robots":{"index":"index","follow":"follow","max-snippet":"max-snippet:-1","max-image-preview":"max-image-preview:large","max-video-preview":"max-video-preview:-1"},"canonical":"https:\/\/teguar.com\/eu\/de\/product\/pinnacle-tp-4800-16\/","og_locale":"de_DE","og_type":"article","og_title":"Pinnacle TP-4800-16","og_description":"Mit einer Hochleistungs-CPU, Stromversorgung \u00fcber USB-C und dem schlanksten und robustesten Profil auf dem Markt \u00fcbertrifft der 16-Zoll-Panel-PC die Erwartungen in jeder Umgebung.","og_url":"https:\/\/teguar.com\/eu\/de\/product\/pinnacle-tp-4800-16\/","og_site_name":"Teguar","article_modified_time":"2026-01-29T13:56:27+00:00","og_image":[{"width":1000,"height":1000,"url":"https:\/\/teguar.com\/eu\/wp-content\/uploads\/sites\/2\/2025\/01\/Pinnacle_Panel_PC_TP-4800-16_Angle_Red__61555.1742304500.1280.1280.jpg","type":"image\/jpeg"}],"twitter_card":"summary_large_image","twitter_misc":{"Gesch\u00e4tzte Lesezeit":"1\u00a0Minute"},"schema":{"@context":"https:\/\/schema.org","@graph":[{"@type":"WebPage","@id":"https:\/\/teguar.com\/eu\/de\/product\/pinnacle-tp-4800-16\/","url":"https:\/\/teguar.com\/eu\/de\/product\/pinnacle-tp-4800-16\/","name":"15,6\" Panel PC | Pinnacle TP-4800-16","isPartOf":{"@id":"https:\/\/teguar.com\/eu\/en\/#website"},"primaryImageOfPage":{"@id":"https:\/\/teguar.com\/eu\/de\/product\/pinnacle-tp-4800-16\/#primaryimage"},"image":{"@id":"https:\/\/teguar.com\/eu\/de\/product\/pinnacle-tp-4800-16\/#primaryimage"},"thumbnailUrl":"https:\/\/teguar.com\/eu\/wp-content\/uploads\/sites\/2\/2025\/01\/Pinnacle_Panel_PC_TP-4800-16_Angle_Red__61555.1742304500.1280.1280.jpg","datePublished":"2025-07-06T14:25:45+00:00","dateModified":"2026-01-29T13:56:27+00:00","description":"Mit einer Hochleistungs-CPU, Stromversorgung \u00fcber USB-C und dem schlanksten und robustesten Profil auf dem Markt \u00fcbertrifft der 16-Zoll-Panel-PC die Erwartungen in jeder Umgebung.","breadcrumb":{"@id":"https:\/\/teguar.com\/eu\/de\/product\/pinnacle-tp-4800-16\/#breadcrumb"},"inLanguage":"de","potentialAction":[{"@type":"ReadAction","target":["https:\/\/teguar.com\/eu\/de\/product\/pinnacle-tp-4800-16\/"]}]},{"@type":"ImageObject","inLanguage":"de","@id":"https:\/\/teguar.com\/eu\/de\/product\/pinnacle-tp-4800-16\/#primaryimage","url":"https:\/\/teguar.com\/eu\/wp-content\/uploads\/sites\/2\/2025\/01\/Pinnacle_Panel_PC_TP-4800-16_Angle_Red__61555.1742304500.1280.1280.jpg","contentUrl":"https:\/\/teguar.com\/eu\/wp-content\/uploads\/sites\/2\/2025\/01\/Pinnacle_Panel_PC_TP-4800-16_Angle_Red__61555.1742304500.1280.1280.jpg","width":1000,"height":1000,"caption":"16 inch Pinnacle Panel PC TP-4800-16 Front Angle"},{"@type":"BreadcrumbList","@id":"https:\/\/teguar.com\/eu\/de\/product\/pinnacle-tp-4800-16\/#breadcrumb","itemListElement":[{"@type":"ListItem","position":1,"name":"Home","item":"https:\/\/teguar.com\/eu\/de\/"},{"@type":"ListItem","position":2,"name":"Pinnacle TP-4800-16"}]},{"@type":"WebSite","@id":"https:\/\/teguar.com\/eu\/en\/#website","url":"https:\/\/teguar.com\/eu\/en\/","name":"Teguar","description":"Industrial PCs, Medical Computers, and Rugged Tablets","potentialAction":[{"@type":"SearchAction","target":{"@type":"EntryPoint","urlTemplate":"https:\/\/teguar.com\/eu\/en\/?s={search_term_string}"},"query-input":{"@type":"PropertyValueSpecification","valueRequired":true,"valueName":"search_term_string"}}],"inLanguage":"de"}]}},"_links":{"self":[{"href":"https:\/\/teguar.com\/eu\/de\/wp-json\/wp\/v2\/product\/2247400","targetHints":{"allow":["GET"]}}],"collection":[{"href":"https:\/\/teguar.com\/eu\/de\/wp-json\/wp\/v2\/product"}],"about":[{"href":"https:\/\/teguar.com\/eu\/de\/wp-json\/wp\/v2\/types\/product"}],"wp:featuredmedia":[{"embeddable":true,"href":"https:\/\/teguar.com\/eu\/de\/wp-json\/wp\/v2\/media\/2247156"}],"wp:attachment":[{"href":"https:\/\/teguar.com\/eu\/de\/wp-json\/wp\/v2\/media?parent=2247400"}],"wp:term":[{"taxonomy":"product_brand","embeddable":true,"href":"https:\/\/teguar.com\/eu\/de\/wp-json\/wp\/v2\/product_brand?post=2247400"},{"taxonomy":"product_cat","embeddable":true,"href":"https:\/\/teguar.com\/eu\/de\/wp-json\/wp\/v2\/product_cat?post=2247400"},{"taxonomy":"product_tag","embeddable":true,"href":"https:\/\/teguar.com\/eu\/de\/wp-json\/wp\/v2\/product_tag?post=2247400"},{"taxonomy":"product_label","embeddable":true,"href":"https:\/\/teguar.com\/eu\/de\/wp-json\/wp\/v2\/product_label?post=2247400"}],"curies":[{"name":"wp","href":"https:\/\/api.w.org\/{rel}","templated":true}]}}