{"id":2245645,"date":"2025-06-21T14:11:08","date_gmt":"2025-06-21T14:11:08","guid":{"rendered":"https:\/\/teguar.com\/eu\/product\/ts-4810-22\/"},"modified":"2025-11-20T19:43:13","modified_gmt":"2025-11-20T19:43:13","slug":"ts-4810-22","status":"publish","type":"product","link":"https:\/\/teguar.com\/eu\/de\/product\/ts-4810-22\/","title":{"rendered":"TS-4810-22"},"content":{"rendered":"<p>Der 22-Zoll-Edelstahl-Panel-PC verf\u00fcgt \u00fcber ein gro\u00dfes Breitbild-Display, das sich ideal f\u00fcr eine gute Ablesbarkeit in Ihrer Lebensmittelverarbeitungsanlage oder Waschanlage eignet. Das Geh\u00e4use dieses Computers ist vollst\u00e4ndig abgedichtet und wasserdicht und entspricht der Schutzklasse IP66\/ IP69K. M12-Metall-E\/A-Anschl\u00fcsse sorgen daf\u00fcr, dass auch bei kr\u00e4ftigen Abspritzungen kein Wasser in den Computer eindringt. Das Innere des TS-4810-22 besteht aus industriellen Komponenten und verf\u00fcgt \u00fcber eine Intel Celeron J6412 CPU, auf der das Betriebssystem Windows 11 l\u00e4uft.   <\/p>\n","protected":false},"excerpt":{"rendered":"<p><a href=\"https:\/\/teguar.com\/eu\/de\/computer-fuer-die-lebensmittelverarbeitung\/\">Lebensmittelverarbeitung: <\/a>Die Edelstahl-Panel-PC-Serie ist mit ihrem vollst\u00e4ndig versiegelten Edelstahlgeh\u00e4use und ihrer Kompatibilit\u00e4t mit wiederholten Reinigungen in Washdown-Umgebungen bestens f\u00fcr den Einsatz in lebensmittelverarbeitenden Betrieben geeignet und gew\u00e4hrleistet hygienische und langlebige Computerl\u00f6sungen.<\/p>\n<p><a href=\"https:\/\/teguar.com\/eu\/de\/pharmazeutische-computer\/\">Pharmazeutische Herstellung:<\/a> Mit ihrem korrosionsbest\u00e4ndigen Edelstahlgeh\u00e4use und ihrem robusten Design eignen sich die Edelstahl-Panel-PCs f\u00fcr pharmazeutische Produktionsumgebungen, in denen h\u00e4ufige Reinigungen und Widerstandsf\u00e4higkeit gegen korrosive Substanzen f\u00fcr die Aufrechterhaltung einer sterilen Produktionsumgebung erforderlich sind.<\/p>\n<p><a href=\"https:\/\/teguar.com\/eu\/de\/computer-fuer-die-industrielle-automatisierung\/\">Industrielle Automatisierung:<\/a> Die Edelstahl-Panel-PC-Serie mit ihren industrietauglichen Komponenten und der Intel Celeron J6412 CPU bietet zuverl\u00e4ssige Rechenleistung f\u00fcr industrielle Automatisierungsanwendungen und erm\u00f6glicht die nahtlose Steuerung und \u00dcberwachung von Fertigungsprozessen und Maschinen in der Produktion.<\/p>\n<p><a href=\"https:\/\/teguar.com\/eu\/de\/computer-und-tablets-fuer-reinraeume\/\">Reinraum-Umgebungen:<\/a> Das vollst\u00e4ndig versiegelte und korrosionsbest\u00e4ndige Edelstahlgeh\u00e4use des TS-4810 Panel PC macht ihn zu einem idealen Ger\u00e4t f\u00fcr Reinraumumgebungen, in denen die Aufrechterhaltung einer kontrollierten und kontaminationsfreien Umgebung von entscheidender Bedeutung ist, wie z.B. in der Halbleiterfertigung oder in der feinmechanischen Industrie.<\/p>\n","protected":false},"featured_media":2245661,"template":"","meta":{"_acf_changed":false},"product_brand":[],"product_cat":[2265,2260],"product_tag":[2580],"product_label":[],"class_list":{"0":"post-2245645","1":"product","2":"type-product","3":"status-publish","4":"has-post-thumbnail","6":"product_cat-panel-pc","7":"product_cat-waterproof-computers","8":"product_tag-ts-4810-series","9":"pa_windows-windows-10-iot","10":"pa_windows-windows-10-pro","11":"pa_windows-windows-11-pro","13":"first","14":"instock","15":"taxable","16":"shipping-taxable","17":"purchasable","18":"product-type-simple"},"composite_virtual":false,"composite_layout":"","composite_add_to_cart_form_location":"","composite_editable_in_cart":false,"composite_sold_individually_context":"","composite_shop_price_calc":"","composite_components":[],"composite_scenarios":[],"acf":[],"yoast_head":"<!-- This site is optimized with the Yoast SEO Premium plugin v26.8 (Yoast SEO v27.2) - https:\/\/yoast.com\/product\/yoast-seo-premium-wordpress\/ -->\n<title>22&quot; Edelstahl-Panel PC | TS-4810-22<\/title>\n<meta name=\"description\" content=\"Der TS-4810-22 Edelstahl-Panel-PC ist ein vollst\u00e4ndig b\u00fcndiger, wasserdichter Coputer, der f\u00fcr die Lebensmittelverarbeitung und wiederholte Reinigung in Washdown-Umgebungen konzipiert wurde.\" \/>\n<meta name=\"robots\" content=\"index, follow, max-snippet:-1, max-image-preview:large, max-video-preview:-1\" \/>\n<link rel=\"canonical\" href=\"https:\/\/teguar.com\/eu\/de\/product\/ts-4810-22\/\" \/>\n<meta property=\"og:locale\" content=\"de_DE\" \/>\n<meta property=\"og:type\" content=\"article\" \/>\n<meta property=\"og:title\" content=\"TS-4810-22\" \/>\n<meta property=\"og:description\" content=\"Der TS-4810-22 Edelstahl-Panel-PC ist ein vollst\u00e4ndig b\u00fcndiger, wasserdichter Coputer, der f\u00fcr die Lebensmittelverarbeitung und wiederholte Reinigung in Washdown-Umgebungen konzipiert wurde.\" \/>\n<meta property=\"og:url\" content=\"https:\/\/teguar.com\/eu\/de\/product\/ts-4810-22\/\" \/>\n<meta property=\"og:site_name\" content=\"Teguar\" \/>\n<meta property=\"article:modified_time\" content=\"2025-11-20T19:43:13+00:00\" \/>\n<meta property=\"og:image\" content=\"https:\/\/teguar.com\/eu\/wp-content\/uploads\/sites\/2\/2023\/03\/TS-4810-22_Front_Angled__33162.1679057238.1280.1280.jpg\" \/>\n\t<meta property=\"og:image:width\" content=\"1280\" \/>\n\t<meta property=\"og:image:height\" content=\"914\" \/>\n\t<meta property=\"og:image:type\" content=\"image\/jpeg\" \/>\n<meta name=\"twitter:card\" content=\"summary_large_image\" \/>\n<meta name=\"twitter:label1\" content=\"Gesch\u00e4tzte Lesezeit\" \/>\n\t<meta name=\"twitter:data1\" content=\"1\u00a0Minute\" \/>\n<script type=\"application\/ld+json\" class=\"yoast-schema-graph\">{\"@context\":\"https:\/\/schema.org\",\"@graph\":[{\"@type\":\"WebPage\",\"@id\":\"https:\/\/teguar.com\/eu\/de\/product\/ts-4810-22\/\",\"url\":\"https:\/\/teguar.com\/eu\/de\/product\/ts-4810-22\/\",\"name\":\"22\\\" Edelstahl-Panel PC | TS-4810-22\",\"isPartOf\":{\"@id\":\"https:\/\/teguar.com\/eu\/en\/#website\"},\"primaryImageOfPage\":{\"@id\":\"https:\/\/teguar.com\/eu\/de\/product\/ts-4810-22\/#primaryimage\"},\"image\":{\"@id\":\"https:\/\/teguar.com\/eu\/de\/product\/ts-4810-22\/#primaryimage\"},\"thumbnailUrl\":\"https:\/\/teguar.com\/eu\/wp-content\/uploads\/sites\/2\/2023\/03\/TS-4810-22_Front_Angled__33162.1679057238.1280.1280.jpg\",\"datePublished\":\"2025-06-21T14:11:08+00:00\",\"dateModified\":\"2025-11-20T19:43:13+00:00\",\"description\":\"Der TS-4810-22 Edelstahl-Panel-PC ist ein vollst\u00e4ndig b\u00fcndiger, wasserdichter Coputer, der f\u00fcr die Lebensmittelverarbeitung und wiederholte Reinigung in Washdown-Umgebungen konzipiert wurde.\",\"breadcrumb\":{\"@id\":\"https:\/\/teguar.com\/eu\/de\/product\/ts-4810-22\/#breadcrumb\"},\"inLanguage\":\"de\",\"potentialAction\":[{\"@type\":\"ReadAction\",\"target\":[\"https:\/\/teguar.com\/eu\/de\/product\/ts-4810-22\/\"]}]},{\"@type\":\"ImageObject\",\"inLanguage\":\"de\",\"@id\":\"https:\/\/teguar.com\/eu\/de\/product\/ts-4810-22\/#primaryimage\",\"url\":\"https:\/\/teguar.com\/eu\/wp-content\/uploads\/sites\/2\/2023\/03\/TS-4810-22_Front_Angled__33162.1679057238.1280.1280.jpg\",\"contentUrl\":\"https:\/\/teguar.com\/eu\/wp-content\/uploads\/sites\/2\/2023\/03\/TS-4810-22_Front_Angled__33162.1679057238.1280.1280.jpg\",\"width\":1280,\"height\":914,\"caption\":\"22\\\" Stainless Steel Panel PC | TS-4810-22 Front Angled\"},{\"@type\":\"BreadcrumbList\",\"@id\":\"https:\/\/teguar.com\/eu\/de\/product\/ts-4810-22\/#breadcrumb\",\"itemListElement\":[{\"@type\":\"ListItem\",\"position\":1,\"name\":\"Home\",\"item\":\"https:\/\/teguar.com\/eu\/de\/\"},{\"@type\":\"ListItem\",\"position\":2,\"name\":\"TS-4810-22\"}]},{\"@type\":\"WebSite\",\"@id\":\"https:\/\/teguar.com\/eu\/en\/#website\",\"url\":\"https:\/\/teguar.com\/eu\/en\/\",\"name\":\"Teguar\",\"description\":\"Industrial PCs, Medical Computers, and Rugged Tablets\",\"potentialAction\":[{\"@type\":\"SearchAction\",\"target\":{\"@type\":\"EntryPoint\",\"urlTemplate\":\"https:\/\/teguar.com\/eu\/en\/?s={search_term_string}\"},\"query-input\":{\"@type\":\"PropertyValueSpecification\",\"valueRequired\":true,\"valueName\":\"search_term_string\"}}],\"inLanguage\":\"de\"}]}<\/script>\n<!-- \/ Yoast SEO Premium plugin. -->","yoast_head_json":{"title":"22\" Edelstahl-Panel PC | TS-4810-22","description":"Der TS-4810-22 Edelstahl-Panel-PC ist ein vollst\u00e4ndig b\u00fcndiger, wasserdichter Coputer, der f\u00fcr die Lebensmittelverarbeitung und wiederholte Reinigung in Washdown-Umgebungen konzipiert wurde.","robots":{"index":"index","follow":"follow","max-snippet":"max-snippet:-1","max-image-preview":"max-image-preview:large","max-video-preview":"max-video-preview:-1"},"canonical":"https:\/\/teguar.com\/eu\/de\/product\/ts-4810-22\/","og_locale":"de_DE","og_type":"article","og_title":"TS-4810-22","og_description":"Der TS-4810-22 Edelstahl-Panel-PC ist ein vollst\u00e4ndig b\u00fcndiger, wasserdichter Coputer, der f\u00fcr die Lebensmittelverarbeitung und wiederholte Reinigung in Washdown-Umgebungen konzipiert wurde.","og_url":"https:\/\/teguar.com\/eu\/de\/product\/ts-4810-22\/","og_site_name":"Teguar","article_modified_time":"2025-11-20T19:43:13+00:00","og_image":[{"width":1280,"height":914,"url":"https:\/\/teguar.com\/eu\/wp-content\/uploads\/sites\/2\/2023\/03\/TS-4810-22_Front_Angled__33162.1679057238.1280.1280.jpg","type":"image\/jpeg"}],"twitter_card":"summary_large_image","twitter_misc":{"Gesch\u00e4tzte Lesezeit":"1\u00a0Minute"},"schema":{"@context":"https:\/\/schema.org","@graph":[{"@type":"WebPage","@id":"https:\/\/teguar.com\/eu\/de\/product\/ts-4810-22\/","url":"https:\/\/teguar.com\/eu\/de\/product\/ts-4810-22\/","name":"22\" Edelstahl-Panel PC | TS-4810-22","isPartOf":{"@id":"https:\/\/teguar.com\/eu\/en\/#website"},"primaryImageOfPage":{"@id":"https:\/\/teguar.com\/eu\/de\/product\/ts-4810-22\/#primaryimage"},"image":{"@id":"https:\/\/teguar.com\/eu\/de\/product\/ts-4810-22\/#primaryimage"},"thumbnailUrl":"https:\/\/teguar.com\/eu\/wp-content\/uploads\/sites\/2\/2023\/03\/TS-4810-22_Front_Angled__33162.1679057238.1280.1280.jpg","datePublished":"2025-06-21T14:11:08+00:00","dateModified":"2025-11-20T19:43:13+00:00","description":"Der TS-4810-22 Edelstahl-Panel-PC ist ein vollst\u00e4ndig b\u00fcndiger, wasserdichter Coputer, der f\u00fcr die Lebensmittelverarbeitung und wiederholte Reinigung in Washdown-Umgebungen konzipiert wurde.","breadcrumb":{"@id":"https:\/\/teguar.com\/eu\/de\/product\/ts-4810-22\/#breadcrumb"},"inLanguage":"de","potentialAction":[{"@type":"ReadAction","target":["https:\/\/teguar.com\/eu\/de\/product\/ts-4810-22\/"]}]},{"@type":"ImageObject","inLanguage":"de","@id":"https:\/\/teguar.com\/eu\/de\/product\/ts-4810-22\/#primaryimage","url":"https:\/\/teguar.com\/eu\/wp-content\/uploads\/sites\/2\/2023\/03\/TS-4810-22_Front_Angled__33162.1679057238.1280.1280.jpg","contentUrl":"https:\/\/teguar.com\/eu\/wp-content\/uploads\/sites\/2\/2023\/03\/TS-4810-22_Front_Angled__33162.1679057238.1280.1280.jpg","width":1280,"height":914,"caption":"22\" Stainless Steel Panel PC | TS-4810-22 Front Angled"},{"@type":"BreadcrumbList","@id":"https:\/\/teguar.com\/eu\/de\/product\/ts-4810-22\/#breadcrumb","itemListElement":[{"@type":"ListItem","position":1,"name":"Home","item":"https:\/\/teguar.com\/eu\/de\/"},{"@type":"ListItem","position":2,"name":"TS-4810-22"}]},{"@type":"WebSite","@id":"https:\/\/teguar.com\/eu\/en\/#website","url":"https:\/\/teguar.com\/eu\/en\/","name":"Teguar","description":"Industrial PCs, Medical Computers, and Rugged Tablets","potentialAction":[{"@type":"SearchAction","target":{"@type":"EntryPoint","urlTemplate":"https:\/\/teguar.com\/eu\/en\/?s={search_term_string}"},"query-input":{"@type":"PropertyValueSpecification","valueRequired":true,"valueName":"search_term_string"}}],"inLanguage":"de"}]}},"_links":{"self":[{"href":"https:\/\/teguar.com\/eu\/de\/wp-json\/wp\/v2\/product\/2245645","targetHints":{"allow":["GET"]}}],"collection":[{"href":"https:\/\/teguar.com\/eu\/de\/wp-json\/wp\/v2\/product"}],"about":[{"href":"https:\/\/teguar.com\/eu\/de\/wp-json\/wp\/v2\/types\/product"}],"wp:featuredmedia":[{"embeddable":true,"href":"https:\/\/teguar.com\/eu\/de\/wp-json\/wp\/v2\/media\/2245661"}],"wp:attachment":[{"href":"https:\/\/teguar.com\/eu\/de\/wp-json\/wp\/v2\/media?parent=2245645"}],"wp:term":[{"taxonomy":"product_brand","embeddable":true,"href":"https:\/\/teguar.com\/eu\/de\/wp-json\/wp\/v2\/product_brand?post=2245645"},{"taxonomy":"product_cat","embeddable":true,"href":"https:\/\/teguar.com\/eu\/de\/wp-json\/wp\/v2\/product_cat?post=2245645"},{"taxonomy":"product_tag","embeddable":true,"href":"https:\/\/teguar.com\/eu\/de\/wp-json\/wp\/v2\/product_tag?post=2245645"},{"taxonomy":"product_label","embeddable":true,"href":"https:\/\/teguar.com\/eu\/de\/wp-json\/wp\/v2\/product_label?post=2245645"}],"curies":[{"name":"wp","href":"https:\/\/api.w.org\/{rel}","templated":true}]}}