{"id":2245642,"date":"2025-06-21T14:09:51","date_gmt":"2025-06-21T14:09:51","guid":{"rendered":"https:\/\/teguar.com\/eu\/product\/tm-4757-13\/"},"modified":"2025-11-20T19:43:13","modified_gmt":"2025-11-20T19:43:13","slug":"tm-4757-13","status":"publish","type":"product","link":"https:\/\/teguar.com\/eu\/de\/product\/tm-4757-13\/","title":{"rendered":"TM-4757-13"},"content":{"rendered":"<p>Der 13&#8243; Medical All in One Computer ist mit dem robusten Intel Pentium N6415 Prozessor ausgestattet, der eine zuverl\u00e4ssige, auf medizinische Umgebungen zugeschnittene Leistung gew\u00e4hrleistet. Dieses Ger\u00e4t entspricht den strengen Industriestandards und garantiert Sicherheit und Zuverl\u00e4ssigkeit. Mit seinem kompakten 13-Zoll-Bildschirm ist es besonders platzsparend, ohne dass die f\u00fcr medizinische Aufgaben erforderliche Klarheit der Anzeige beeintr\u00e4chtigt wird. F\u00fcr kundenspezifische Projekte, bei denen der Platz begrenzt ist, bietet der medizinische All-in-One-Computer Flexibilit\u00e4t und Effizienz. Mit optionalen Funktionen wie RFID und einem internen Akku l\u00e4sst er sich noch weiter anpassen und ist damit noch vielseitiger f\u00fcr spezielle medizinische Anwendungen einsetzbar. Der TM-4757 ist eine umfassende L\u00f6sung f\u00fcr medizinisches Fachpersonal, das zuverl\u00e4ssige, platzsparende Computerl\u00f6sungen sucht.       <\/p>\n","protected":false},"excerpt":{"rendered":"<p><a href=\"https:\/\/teguar.com\/eu\/de\/computer-im-gesundheitswesen\/\">Computer f\u00fcr das Gesundheitswesen:<\/a> Die TM-4757 Serie zeichnet sich durch Komponenten in medizinischer Qualit\u00e4t und strenge Konformit\u00e4tsstandards aus, die Zuverl\u00e4ssigkeit und Sicherheit im Gesundheitswesen gew\u00e4hrleisten. Der robuste Intel Pentium N6415 Prozessor unterst\u00fctzt wichtige Anwendungen f\u00fcr die Patientenversorgung und Verwaltungsaufgaben. <\/p>\n<p><a href=\"https:\/\/teguar.com\/eu\/point-of-care-computer\/\">Point-of-Care:<\/a> Der TM-4757 dient mit seinem kompakten Design und dem 13-Zoll-Full-HD-Display als effizienter Point-of-Care-Computer, der den einfachen Zugriff auf Patientenakten und medizinische Daten erm\u00f6glicht. Er unterst\u00fctzt die Videoausgabe \u00fcber USB-C f\u00fcr die nahtlose Anbindung an Peripherieger\u00e4te wie Monitore oder Projektoren. <\/p>\n<p>Kundenspezifische Projekte: Die anpassbaren Optionen des TM-4757, einschlie\u00dflich der Integration von RFID und internen Batterien, machen ihn ideal f\u00fcr ma\u00dfgeschneiderte L\u00f6sungen in speziellen Umgebungen. Sein vielseitiges Design ist in der Lage, einzigartige Projektanforderungen zu erf\u00fcllen. <\/p>\n","protected":false},"featured_media":2245689,"template":"","meta":{"_acf_changed":false},"product_brand":[],"product_cat":[2834],"product_tag":[],"product_label":[],"class_list":{"0":"post-2245642","1":"product","2":"type-product","3":"status-publish","4":"has-post-thumbnail","6":"product_cat-computer-fur-medizinische-zwecke","7":"pa_windows-windows-10-iot","8":"pa_windows-windows-11-pro","10":"first","11":"instock","12":"taxable","13":"shipping-taxable","14":"purchasable","15":"product-type-simple"},"composite_virtual":false,"composite_layout":"","composite_add_to_cart_form_location":"","composite_editable_in_cart":false,"composite_sold_individually_context":"","composite_shop_price_calc":"","composite_components":[],"composite_scenarios":[],"acf":[],"yoast_head":"<!-- This site is optimized with the Yoast SEO Premium plugin v26.8 (Yoast SEO v27.2) - https:\/\/yoast.com\/product\/yoast-seo-premium-wordpress\/ -->\n<title>13&quot; Medizinischer All-in-One-Computer | TM-4757-13<\/title>\n<meta name=\"description\" content=\"Der 13&quot; Medical All-in-One Computer ist mit einem Intel Celeron N6415 Prozessor ausgestattet, der eine zuverl\u00e4ssige, auf medizinische Umgebungen zugeschnittene Leistung gew\u00e4hrleistet.\" \/>\n<meta name=\"robots\" content=\"index, follow, max-snippet:-1, max-image-preview:large, max-video-preview:-1\" \/>\n<link rel=\"canonical\" href=\"https:\/\/teguar.com\/eu\/de\/product\/tm-4757-13\/\" \/>\n<meta property=\"og:locale\" content=\"de_DE\" \/>\n<meta property=\"og:type\" content=\"article\" \/>\n<meta property=\"og:title\" content=\"TM-4757-13\" \/>\n<meta property=\"og:description\" content=\"Der 13&quot; Medical All-in-One Computer ist mit einem Intel Celeron N6415 Prozessor ausgestattet, der eine zuverl\u00e4ssige, auf medizinische Umgebungen zugeschnittene Leistung gew\u00e4hrleistet.\" \/>\n<meta property=\"og:url\" content=\"https:\/\/teguar.com\/eu\/de\/product\/tm-4757-13\/\" \/>\n<meta property=\"og:site_name\" content=\"Teguar\" \/>\n<meta property=\"article:modified_time\" content=\"2025-11-20T19:43:13+00:00\" \/>\n<meta property=\"og:image\" content=\"https:\/\/teguar.com\/eu\/wp-content\/uploads\/sites\/2\/2024\/06\/13_Medical_All_in_One_Computer_TM-4757-13_Front_Angle__11111.1719260887.1280.1280.jpg\" \/>\n\t<meta property=\"og:image:width\" content=\"750\" \/>\n\t<meta property=\"og:image:height\" content=\"565\" \/>\n\t<meta property=\"og:image:type\" content=\"image\/jpeg\" \/>\n<meta name=\"twitter:card\" content=\"summary_large_image\" \/>\n<meta name=\"twitter:label1\" content=\"Gesch\u00e4tzte Lesezeit\" \/>\n\t<meta name=\"twitter:data1\" content=\"1\u00a0Minute\" \/>\n<script type=\"application\/ld+json\" class=\"yoast-schema-graph\">{\"@context\":\"https:\/\/schema.org\",\"@graph\":[{\"@type\":\"WebPage\",\"@id\":\"https:\/\/teguar.com\/eu\/de\/product\/tm-4757-13\/\",\"url\":\"https:\/\/teguar.com\/eu\/de\/product\/tm-4757-13\/\",\"name\":\"13\\\" Medizinischer All-in-One-Computer | TM-4757-13\",\"isPartOf\":{\"@id\":\"https:\/\/teguar.com\/eu\/en\/#website\"},\"primaryImageOfPage\":{\"@id\":\"https:\/\/teguar.com\/eu\/de\/product\/tm-4757-13\/#primaryimage\"},\"image\":{\"@id\":\"https:\/\/teguar.com\/eu\/de\/product\/tm-4757-13\/#primaryimage\"},\"thumbnailUrl\":\"https:\/\/teguar.com\/eu\/wp-content\/uploads\/sites\/2\/2024\/06\/13_Medical_All_in_One_Computer_TM-4757-13_Front_Angle__11111.1719260887.1280.1280.jpg\",\"datePublished\":\"2025-06-21T14:09:51+00:00\",\"dateModified\":\"2025-11-20T19:43:13+00:00\",\"description\":\"Der 13\\\" Medical All-in-One Computer ist mit einem Intel Celeron N6415 Prozessor ausgestattet, der eine zuverl\u00e4ssige, auf medizinische Umgebungen zugeschnittene Leistung gew\u00e4hrleistet.\",\"breadcrumb\":{\"@id\":\"https:\/\/teguar.com\/eu\/de\/product\/tm-4757-13\/#breadcrumb\"},\"inLanguage\":\"de\",\"potentialAction\":[{\"@type\":\"ReadAction\",\"target\":[\"https:\/\/teguar.com\/eu\/de\/product\/tm-4757-13\/\"]}]},{\"@type\":\"ImageObject\",\"inLanguage\":\"de\",\"@id\":\"https:\/\/teguar.com\/eu\/de\/product\/tm-4757-13\/#primaryimage\",\"url\":\"https:\/\/teguar.com\/eu\/wp-content\/uploads\/sites\/2\/2024\/06\/13_Medical_All_in_One_Computer_TM-4757-13_Front_Angle__11111.1719260887.1280.1280.jpg\",\"contentUrl\":\"https:\/\/teguar.com\/eu\/wp-content\/uploads\/sites\/2\/2024\/06\/13_Medical_All_in_One_Computer_TM-4757-13_Front_Angle__11111.1719260887.1280.1280.jpg\",\"width\":750,\"height\":565,\"caption\":\"13\\\" Medical All in One Computer TM-4757-13 Front Angle\"},{\"@type\":\"BreadcrumbList\",\"@id\":\"https:\/\/teguar.com\/eu\/de\/product\/tm-4757-13\/#breadcrumb\",\"itemListElement\":[{\"@type\":\"ListItem\",\"position\":1,\"name\":\"Home\",\"item\":\"https:\/\/teguar.com\/eu\/de\/\"},{\"@type\":\"ListItem\",\"position\":2,\"name\":\"TM-4757-13\"}]},{\"@type\":\"WebSite\",\"@id\":\"https:\/\/teguar.com\/eu\/en\/#website\",\"url\":\"https:\/\/teguar.com\/eu\/en\/\",\"name\":\"Teguar\",\"description\":\"Industrial PCs, Medical Computers, and Rugged Tablets\",\"potentialAction\":[{\"@type\":\"SearchAction\",\"target\":{\"@type\":\"EntryPoint\",\"urlTemplate\":\"https:\/\/teguar.com\/eu\/en\/?s={search_term_string}\"},\"query-input\":{\"@type\":\"PropertyValueSpecification\",\"valueRequired\":true,\"valueName\":\"search_term_string\"}}],\"inLanguage\":\"de\"}]}<\/script>\n<!-- \/ Yoast SEO Premium plugin. -->","yoast_head_json":{"title":"13\" Medizinischer All-in-One-Computer | TM-4757-13","description":"Der 13\" Medical All-in-One Computer ist mit einem Intel Celeron N6415 Prozessor ausgestattet, der eine zuverl\u00e4ssige, auf medizinische Umgebungen zugeschnittene Leistung gew\u00e4hrleistet.","robots":{"index":"index","follow":"follow","max-snippet":"max-snippet:-1","max-image-preview":"max-image-preview:large","max-video-preview":"max-video-preview:-1"},"canonical":"https:\/\/teguar.com\/eu\/de\/product\/tm-4757-13\/","og_locale":"de_DE","og_type":"article","og_title":"TM-4757-13","og_description":"Der 13\" Medical All-in-One Computer ist mit einem Intel Celeron N6415 Prozessor ausgestattet, der eine zuverl\u00e4ssige, auf medizinische Umgebungen zugeschnittene Leistung gew\u00e4hrleistet.","og_url":"https:\/\/teguar.com\/eu\/de\/product\/tm-4757-13\/","og_site_name":"Teguar","article_modified_time":"2025-11-20T19:43:13+00:00","og_image":[{"width":750,"height":565,"url":"https:\/\/teguar.com\/eu\/wp-content\/uploads\/sites\/2\/2024\/06\/13_Medical_All_in_One_Computer_TM-4757-13_Front_Angle__11111.1719260887.1280.1280.jpg","type":"image\/jpeg"}],"twitter_card":"summary_large_image","twitter_misc":{"Gesch\u00e4tzte Lesezeit":"1\u00a0Minute"},"schema":{"@context":"https:\/\/schema.org","@graph":[{"@type":"WebPage","@id":"https:\/\/teguar.com\/eu\/de\/product\/tm-4757-13\/","url":"https:\/\/teguar.com\/eu\/de\/product\/tm-4757-13\/","name":"13\" Medizinischer All-in-One-Computer | TM-4757-13","isPartOf":{"@id":"https:\/\/teguar.com\/eu\/en\/#website"},"primaryImageOfPage":{"@id":"https:\/\/teguar.com\/eu\/de\/product\/tm-4757-13\/#primaryimage"},"image":{"@id":"https:\/\/teguar.com\/eu\/de\/product\/tm-4757-13\/#primaryimage"},"thumbnailUrl":"https:\/\/teguar.com\/eu\/wp-content\/uploads\/sites\/2\/2024\/06\/13_Medical_All_in_One_Computer_TM-4757-13_Front_Angle__11111.1719260887.1280.1280.jpg","datePublished":"2025-06-21T14:09:51+00:00","dateModified":"2025-11-20T19:43:13+00:00","description":"Der 13\" Medical All-in-One Computer ist mit einem Intel Celeron N6415 Prozessor ausgestattet, der eine zuverl\u00e4ssige, auf medizinische Umgebungen zugeschnittene Leistung gew\u00e4hrleistet.","breadcrumb":{"@id":"https:\/\/teguar.com\/eu\/de\/product\/tm-4757-13\/#breadcrumb"},"inLanguage":"de","potentialAction":[{"@type":"ReadAction","target":["https:\/\/teguar.com\/eu\/de\/product\/tm-4757-13\/"]}]},{"@type":"ImageObject","inLanguage":"de","@id":"https:\/\/teguar.com\/eu\/de\/product\/tm-4757-13\/#primaryimage","url":"https:\/\/teguar.com\/eu\/wp-content\/uploads\/sites\/2\/2024\/06\/13_Medical_All_in_One_Computer_TM-4757-13_Front_Angle__11111.1719260887.1280.1280.jpg","contentUrl":"https:\/\/teguar.com\/eu\/wp-content\/uploads\/sites\/2\/2024\/06\/13_Medical_All_in_One_Computer_TM-4757-13_Front_Angle__11111.1719260887.1280.1280.jpg","width":750,"height":565,"caption":"13\" Medical All in One Computer TM-4757-13 Front Angle"},{"@type":"BreadcrumbList","@id":"https:\/\/teguar.com\/eu\/de\/product\/tm-4757-13\/#breadcrumb","itemListElement":[{"@type":"ListItem","position":1,"name":"Home","item":"https:\/\/teguar.com\/eu\/de\/"},{"@type":"ListItem","position":2,"name":"TM-4757-13"}]},{"@type":"WebSite","@id":"https:\/\/teguar.com\/eu\/en\/#website","url":"https:\/\/teguar.com\/eu\/en\/","name":"Teguar","description":"Industrial PCs, Medical Computers, and Rugged Tablets","potentialAction":[{"@type":"SearchAction","target":{"@type":"EntryPoint","urlTemplate":"https:\/\/teguar.com\/eu\/en\/?s={search_term_string}"},"query-input":{"@type":"PropertyValueSpecification","valueRequired":true,"valueName":"search_term_string"}}],"inLanguage":"de"}]}},"_links":{"self":[{"href":"https:\/\/teguar.com\/eu\/de\/wp-json\/wp\/v2\/product\/2245642","targetHints":{"allow":["GET"]}}],"collection":[{"href":"https:\/\/teguar.com\/eu\/de\/wp-json\/wp\/v2\/product"}],"about":[{"href":"https:\/\/teguar.com\/eu\/de\/wp-json\/wp\/v2\/types\/product"}],"wp:featuredmedia":[{"embeddable":true,"href":"https:\/\/teguar.com\/eu\/de\/wp-json\/wp\/v2\/media\/2245689"}],"wp:attachment":[{"href":"https:\/\/teguar.com\/eu\/de\/wp-json\/wp\/v2\/media?parent=2245642"}],"wp:term":[{"taxonomy":"product_brand","embeddable":true,"href":"https:\/\/teguar.com\/eu\/de\/wp-json\/wp\/v2\/product_brand?post=2245642"},{"taxonomy":"product_cat","embeddable":true,"href":"https:\/\/teguar.com\/eu\/de\/wp-json\/wp\/v2\/product_cat?post=2245642"},{"taxonomy":"product_tag","embeddable":true,"href":"https:\/\/teguar.com\/eu\/de\/wp-json\/wp\/v2\/product_tag?post=2245642"},{"taxonomy":"product_label","embeddable":true,"href":"https:\/\/teguar.com\/eu\/de\/wp-json\/wp\/v2\/product_label?post=2245642"}],"curies":[{"name":"wp","href":"https:\/\/api.w.org\/{rel}","templated":true}]}}