{"id":2245639,"date":"2025-06-21T13:12:56","date_gmt":"2025-06-21T13:12:56","guid":{"rendered":"https:\/\/teguar.com\/eu\/product\/ts-4510-22\/"},"modified":"2025-11-20T19:43:27","modified_gmt":"2025-11-20T19:43:27","slug":"ts-4510-22","status":"publish","type":"product","link":"https:\/\/teguar.com\/eu\/de\/product\/ts-4510-22\/","title":{"rendered":"TS-4510-22"},"content":{"rendered":"<p>Der TS-4510-22 verf\u00fcgt \u00fcber ein gro\u00dfes 21,5-Zoll-Touchscreen-Display, das eine einfache Ablesbarkeit und Dateneingabe in Ihrer Lebensmittelverarbeitungsanlage oder Waschanlage erm\u00f6glicht. Die Frontblende ist vollst\u00e4ndig b\u00fcndig, d.h. es gibt keine Spalten, in denen sich Ablagerungen und Schmutz ansammeln k\u00f6nnen. Das Geh\u00e4use dieses Computers ist vollst\u00e4ndig abgedichtet und aus korrosionsbest\u00e4ndigem Edelstahl gefertigt. Dieser PC entspricht der Schutzklasse IP66 \/ IP69K zum Schutz vor Hochtemperatur- und Hochdruckwasserstrahlen. Sie k\u00f6nnen den PC auch f\u00fcr die Schutzart IP67 konfigurieren, die den Computer vor dem Eintauchen in Wasser sch\u00fctzt. Zu den weiteren Anpassungsoptionen geh\u00f6ren resistiver oder Pcap-Touch und eine hohe Helligkeit von 1000 Nit mit optischer Bindung f\u00fcr eine bessere Leistung in Umgebungen mit geringer Bildschirmhelligkeit.     <\/p>\n","protected":false},"excerpt":{"rendered":"<p><a href=\"https:\/\/teguar.com\/eu\/de\/computer-fuer-die-lebensmittelverarbeitung\/\">Lebensmittelverarbeitung:<\/a> Die Serie TS-4510 wurde speziell f\u00fcr die Lebensmittelverarbeitung entwickelt und gew\u00e4hrleistet mit ihrer b\u00fcndig abschlie\u00dfenden Front und der Edelstahlblende, die sie unempfindlich gegen Schmutzablagerungen und St\u00f6\u00dfe macht, eine hygienische Datenverarbeitung. Sie bietet zuverl\u00e4ssige Computerl\u00f6sungen f\u00fcr Aufgaben wie Rezeptverwaltung, Bestandsverfolgung und Produktionskontrolle. <\/p>\n<p><a href=\"https:\/\/teguar.com\/eu\/de\/computer-und-tablets-fuer-reinraeume\/\">Clean-in-Place (CIP) Systeme:<\/a> Mit ihrem wasserdichten und robusten Design eignet sich die TS-4510 Serie hervorragend f\u00fcr die Integration in Clean-in-Place (CIP)-Systeme, die Computer erfordern, die wiederholten Reinigungen mit Wasser, Chemikalien und Desinfektionsmitteln standhalten k\u00f6nnen. Sie bietet zuverl\u00e4ssige Rechenleistung f\u00fcr die \u00dcberwachung und Steuerung von CIP-Prozessen in Branchen wie der Milchverarbeitung und der Getr\u00e4nkeherstellung. <\/p>\n<p><a href=\"https:\/\/teguar.com\/eu\/de\/fertigungs-computer\/\">Industrielle Fertigung:<\/a> Das schlanke Design und die robuste Konstruktion der TS-4510 Serie machen sie zu einer hervorragenden Wahl f\u00fcr industrielle Fertigungsumgebungen, in denen Platzersparnis und Langlebigkeit entscheidend sind. Er kann f\u00fcr Aufgaben wie Ger\u00e4te\u00fcberwachung, Qualit\u00e4tskontrolle und Datenanalyse eingesetzt werden und bietet zuverl\u00e4ssige Rechenleistung in anspruchsvollen industriellen Umgebungen. <\/p>\n","protected":false},"featured_media":2245929,"template":"","meta":{"_acf_changed":false},"product_brand":[],"product_cat":[2839],"product_tag":[],"product_label":[],"class_list":{"0":"post-2245639","1":"product","2":"type-product","3":"status-publish","4":"has-post-thumbnail","6":"product_cat-panel-pcs","7":"pa_windows-windows-10-iot","8":"pa_windows-windows-10-pro","10":"first","11":"outofstock","12":"taxable","13":"shipping-taxable","14":"purchasable","15":"product-type-simple"},"composite_virtual":false,"composite_layout":"","composite_add_to_cart_form_location":"","composite_editable_in_cart":false,"composite_sold_individually_context":"","composite_shop_price_calc":"","composite_components":[],"composite_scenarios":[],"acf":[],"yoast_head":"<!-- This site is optimized with the Yoast SEO Premium plugin v26.8 (Yoast SEO v27.2) - https:\/\/yoast.com\/product\/yoast-seo-premium-wordpress\/ -->\n<title>22&quot; IP66 Computer | TS-4510-22<\/title>\n<meta name=\"description\" content=\"Der TS-4510-22 ist ein vollst\u00e4ndig abgedichteter Computer f\u00fcr die Lebensmittel- und Getr\u00e4nkeherstellung, die Produktion in Reinr\u00e4umen und f\u00fcr den Einsatz in Waschanlagen.\" \/>\n<meta name=\"robots\" content=\"index, follow, max-snippet:-1, max-image-preview:large, max-video-preview:-1\" \/>\n<link rel=\"canonical\" href=\"https:\/\/teguar.com\/eu\/de\/product\/ts-4510-22\/\" \/>\n<meta property=\"og:locale\" content=\"de_DE\" \/>\n<meta property=\"og:type\" content=\"article\" \/>\n<meta property=\"og:title\" content=\"TS-4510-22\" \/>\n<meta property=\"og:description\" content=\"Der TS-4510-22 ist ein vollst\u00e4ndig abgedichteter Computer f\u00fcr die Lebensmittel- und Getr\u00e4nkeherstellung, die Produktion in Reinr\u00e4umen und f\u00fcr den Einsatz in Waschanlagen.\" \/>\n<meta property=\"og:url\" content=\"https:\/\/teguar.com\/eu\/de\/product\/ts-4510-22\/\" \/>\n<meta property=\"og:site_name\" content=\"Teguar\" \/>\n<meta property=\"article:modified_time\" content=\"2025-11-20T19:43:27+00:00\" \/>\n<meta property=\"og:image\" content=\"https:\/\/teguar.com\/eu\/wp-content\/uploads\/sites\/2\/2021\/03\/TS-4510-22_Waterproof_PC__88307.1615903911.1280.1280.jpg\" \/>\n\t<meta property=\"og:image:width\" content=\"1000\" \/>\n\t<meta property=\"og:image:height\" content=\"1000\" \/>\n\t<meta property=\"og:image:type\" content=\"image\/jpeg\" \/>\n<meta name=\"twitter:card\" content=\"summary_large_image\" \/>\n<meta name=\"twitter:label1\" content=\"Gesch\u00e4tzte Lesezeit\" \/>\n\t<meta name=\"twitter:data1\" content=\"1\u00a0Minute\" \/>\n<script type=\"application\/ld+json\" class=\"yoast-schema-graph\">{\"@context\":\"https:\/\/schema.org\",\"@graph\":[{\"@type\":\"WebPage\",\"@id\":\"https:\/\/teguar.com\/eu\/de\/product\/ts-4510-22\/\",\"url\":\"https:\/\/teguar.com\/eu\/de\/product\/ts-4510-22\/\",\"name\":\"22\\\" IP66 Computer | TS-4510-22\",\"isPartOf\":{\"@id\":\"https:\/\/teguar.com\/eu\/en\/#website\"},\"primaryImageOfPage\":{\"@id\":\"https:\/\/teguar.com\/eu\/de\/product\/ts-4510-22\/#primaryimage\"},\"image\":{\"@id\":\"https:\/\/teguar.com\/eu\/de\/product\/ts-4510-22\/#primaryimage\"},\"thumbnailUrl\":\"https:\/\/teguar.com\/eu\/wp-content\/uploads\/sites\/2\/2021\/03\/TS-4510-22_Waterproof_PC__88307.1615903911.1280.1280.jpg\",\"datePublished\":\"2025-06-21T13:12:56+00:00\",\"dateModified\":\"2025-11-20T19:43:27+00:00\",\"description\":\"Der TS-4510-22 ist ein vollst\u00e4ndig abgedichteter Computer f\u00fcr die Lebensmittel- und Getr\u00e4nkeherstellung, die Produktion in Reinr\u00e4umen und f\u00fcr den Einsatz in Waschanlagen.\",\"breadcrumb\":{\"@id\":\"https:\/\/teguar.com\/eu\/de\/product\/ts-4510-22\/#breadcrumb\"},\"inLanguage\":\"de\",\"potentialAction\":[{\"@type\":\"ReadAction\",\"target\":[\"https:\/\/teguar.com\/eu\/de\/product\/ts-4510-22\/\"]}]},{\"@type\":\"ImageObject\",\"inLanguage\":\"de\",\"@id\":\"https:\/\/teguar.com\/eu\/de\/product\/ts-4510-22\/#primaryimage\",\"url\":\"https:\/\/teguar.com\/eu\/wp-content\/uploads\/sites\/2\/2021\/03\/TS-4510-22_Waterproof_PC__88307.1615903911.1280.1280.jpg\",\"contentUrl\":\"https:\/\/teguar.com\/eu\/wp-content\/uploads\/sites\/2\/2021\/03\/TS-4510-22_Waterproof_PC__88307.1615903911.1280.1280.jpg\",\"width\":1000,\"height\":1000,\"caption\":\"Waterproof Computer | TS-4510-22\"},{\"@type\":\"BreadcrumbList\",\"@id\":\"https:\/\/teguar.com\/eu\/de\/product\/ts-4510-22\/#breadcrumb\",\"itemListElement\":[{\"@type\":\"ListItem\",\"position\":1,\"name\":\"Home\",\"item\":\"https:\/\/teguar.com\/eu\/de\/\"},{\"@type\":\"ListItem\",\"position\":2,\"name\":\"TS-4510-22\"}]},{\"@type\":\"WebSite\",\"@id\":\"https:\/\/teguar.com\/eu\/en\/#website\",\"url\":\"https:\/\/teguar.com\/eu\/en\/\",\"name\":\"Teguar\",\"description\":\"Industrial PCs, Medical Computers, and Rugged Tablets\",\"potentialAction\":[{\"@type\":\"SearchAction\",\"target\":{\"@type\":\"EntryPoint\",\"urlTemplate\":\"https:\/\/teguar.com\/eu\/en\/?s={search_term_string}\"},\"query-input\":{\"@type\":\"PropertyValueSpecification\",\"valueRequired\":true,\"valueName\":\"search_term_string\"}}],\"inLanguage\":\"de\"}]}<\/script>\n<!-- \/ Yoast SEO Premium plugin. -->","yoast_head_json":{"title":"22\" IP66 Computer | TS-4510-22","description":"Der TS-4510-22 ist ein vollst\u00e4ndig abgedichteter Computer f\u00fcr die Lebensmittel- und Getr\u00e4nkeherstellung, die Produktion in Reinr\u00e4umen und f\u00fcr den Einsatz in Waschanlagen.","robots":{"index":"index","follow":"follow","max-snippet":"max-snippet:-1","max-image-preview":"max-image-preview:large","max-video-preview":"max-video-preview:-1"},"canonical":"https:\/\/teguar.com\/eu\/de\/product\/ts-4510-22\/","og_locale":"de_DE","og_type":"article","og_title":"TS-4510-22","og_description":"Der TS-4510-22 ist ein vollst\u00e4ndig abgedichteter Computer f\u00fcr die Lebensmittel- und Getr\u00e4nkeherstellung, die Produktion in Reinr\u00e4umen und f\u00fcr den Einsatz in Waschanlagen.","og_url":"https:\/\/teguar.com\/eu\/de\/product\/ts-4510-22\/","og_site_name":"Teguar","article_modified_time":"2025-11-20T19:43:27+00:00","og_image":[{"width":1000,"height":1000,"url":"https:\/\/teguar.com\/eu\/wp-content\/uploads\/sites\/2\/2021\/03\/TS-4510-22_Waterproof_PC__88307.1615903911.1280.1280.jpg","type":"image\/jpeg"}],"twitter_card":"summary_large_image","twitter_misc":{"Gesch\u00e4tzte Lesezeit":"1\u00a0Minute"},"schema":{"@context":"https:\/\/schema.org","@graph":[{"@type":"WebPage","@id":"https:\/\/teguar.com\/eu\/de\/product\/ts-4510-22\/","url":"https:\/\/teguar.com\/eu\/de\/product\/ts-4510-22\/","name":"22\" IP66 Computer | TS-4510-22","isPartOf":{"@id":"https:\/\/teguar.com\/eu\/en\/#website"},"primaryImageOfPage":{"@id":"https:\/\/teguar.com\/eu\/de\/product\/ts-4510-22\/#primaryimage"},"image":{"@id":"https:\/\/teguar.com\/eu\/de\/product\/ts-4510-22\/#primaryimage"},"thumbnailUrl":"https:\/\/teguar.com\/eu\/wp-content\/uploads\/sites\/2\/2021\/03\/TS-4510-22_Waterproof_PC__88307.1615903911.1280.1280.jpg","datePublished":"2025-06-21T13:12:56+00:00","dateModified":"2025-11-20T19:43:27+00:00","description":"Der TS-4510-22 ist ein vollst\u00e4ndig abgedichteter Computer f\u00fcr die Lebensmittel- und Getr\u00e4nkeherstellung, die Produktion in Reinr\u00e4umen und f\u00fcr den Einsatz in Waschanlagen.","breadcrumb":{"@id":"https:\/\/teguar.com\/eu\/de\/product\/ts-4510-22\/#breadcrumb"},"inLanguage":"de","potentialAction":[{"@type":"ReadAction","target":["https:\/\/teguar.com\/eu\/de\/product\/ts-4510-22\/"]}]},{"@type":"ImageObject","inLanguage":"de","@id":"https:\/\/teguar.com\/eu\/de\/product\/ts-4510-22\/#primaryimage","url":"https:\/\/teguar.com\/eu\/wp-content\/uploads\/sites\/2\/2021\/03\/TS-4510-22_Waterproof_PC__88307.1615903911.1280.1280.jpg","contentUrl":"https:\/\/teguar.com\/eu\/wp-content\/uploads\/sites\/2\/2021\/03\/TS-4510-22_Waterproof_PC__88307.1615903911.1280.1280.jpg","width":1000,"height":1000,"caption":"Waterproof Computer | TS-4510-22"},{"@type":"BreadcrumbList","@id":"https:\/\/teguar.com\/eu\/de\/product\/ts-4510-22\/#breadcrumb","itemListElement":[{"@type":"ListItem","position":1,"name":"Home","item":"https:\/\/teguar.com\/eu\/de\/"},{"@type":"ListItem","position":2,"name":"TS-4510-22"}]},{"@type":"WebSite","@id":"https:\/\/teguar.com\/eu\/en\/#website","url":"https:\/\/teguar.com\/eu\/en\/","name":"Teguar","description":"Industrial PCs, Medical Computers, and Rugged Tablets","potentialAction":[{"@type":"SearchAction","target":{"@type":"EntryPoint","urlTemplate":"https:\/\/teguar.com\/eu\/en\/?s={search_term_string}"},"query-input":{"@type":"PropertyValueSpecification","valueRequired":true,"valueName":"search_term_string"}}],"inLanguage":"de"}]}},"_links":{"self":[{"href":"https:\/\/teguar.com\/eu\/de\/wp-json\/wp\/v2\/product\/2245639","targetHints":{"allow":["GET"]}}],"collection":[{"href":"https:\/\/teguar.com\/eu\/de\/wp-json\/wp\/v2\/product"}],"about":[{"href":"https:\/\/teguar.com\/eu\/de\/wp-json\/wp\/v2\/types\/product"}],"wp:featuredmedia":[{"embeddable":true,"href":"https:\/\/teguar.com\/eu\/de\/wp-json\/wp\/v2\/media\/2245929"}],"wp:attachment":[{"href":"https:\/\/teguar.com\/eu\/de\/wp-json\/wp\/v2\/media?parent=2245639"}],"wp:term":[{"taxonomy":"product_brand","embeddable":true,"href":"https:\/\/teguar.com\/eu\/de\/wp-json\/wp\/v2\/product_brand?post=2245639"},{"taxonomy":"product_cat","embeddable":true,"href":"https:\/\/teguar.com\/eu\/de\/wp-json\/wp\/v2\/product_cat?post=2245639"},{"taxonomy":"product_tag","embeddable":true,"href":"https:\/\/teguar.com\/eu\/de\/wp-json\/wp\/v2\/product_tag?post=2245639"},{"taxonomy":"product_label","embeddable":true,"href":"https:\/\/teguar.com\/eu\/de\/wp-json\/wp\/v2\/product_label?post=2245639"}],"curies":[{"name":"wp","href":"https:\/\/api.w.org\/{rel}","templated":true}]}}