{"id":2245632,"date":"2025-06-25T16:20:21","date_gmt":"2025-06-25T16:20:21","guid":{"rendered":"https:\/\/teguar.com\/eu\/product\/tm-5557-22\/"},"modified":"2026-01-29T14:05:13","modified_gmt":"2026-01-29T14:05:13","slug":"tm-5557-22","status":"publish","type":"product","link":"https:\/\/teguar.com\/eu\/de\/product\/tm-5557-22\/","title":{"rendered":"TM-5557-22"},"content":{"rendered":"<p>Der TM-5557-22 ist mit einem leistungsstarken Intel Core i5\/i7 &amp; Celeron Prozessor der 7. Generation ausgestattet. Dieser <a href=\"https:\/\/teguar.com\/eu\/de\/computer-fur-medizinische-zwecke\/\">medizinische Computer<\/a> ist ultrad\u00fcnn (44 mm) und wiegt nur 11 lbs, was ihn zum leichtesten medizinischen Computer seiner Klasse macht. Das geringe Gewicht macht ihn zu einem idealen Ger\u00e4t f\u00fcr medizinische Wagen und Nachttische, die lange Zeit \u00fcbergewichtig und schwer zu man\u00f6vrieren waren. Das l\u00fcfterlose K\u00fchlsystem erm\u00f6glicht einen leisen Betrieb und verhindert die Verbreitung von Staub und Keimen. Der f\u00fcr medizinische Zwecke geeignete Kunststoff ist mit einer antibakteriellen Beschichtung versehen und die Vorderseite entspricht der Schutzart IP65, so dass dieser PC Spritzwasser und wiederholtem Abwischen mit Reinigungschemikalien standh\u00e4lt. Der TM-5557-22 ist standardm\u00e4\u00dfig mit einer Frontkamera, WiFi\/BT 4.2 und sogar isolierten Ein- und Ausg\u00e4ngen ausgestattet, die eine einfache Integration mit anderen medizinischen Ger\u00e4ten erm\u00f6glichen. Dieser medizinische Panel-Computer verf\u00fcgt \u00fcber ein optionales Akkupack, das etwa zwei Stunden Strom liefert, so dass das Pflegepersonal den Raum wechseln kann, ohne den Computer ausschalten oder einen schweren und teuren batteriebetriebenen Wagen verwenden zu m\u00fcssen.<\/p>\n<p><i><span style=\"color: #0078bb;\"><a title=\"RuggedPCReview\" href=\"https:\/\/www.ruggedpcreview.com\/3_panels_teguar_tm5557_22.html\" target=\"_blank\" rel=\"noopener\">Lesen Sie den Produktbericht von RuggedPCReview &gt;<\/a><\/span><\/i><\/p>\n","protected":false},"excerpt":{"rendered":"<p><a href=\"https:\/\/teguar.com\/eu\/de\/elektronische-krankenakten-computer\/\">Medizinische Diagrammerstellung und Dokumentation:<\/a> Der leistungsstarke Prozessor und der gro\u00dfe PCap-Touchscreen des TM-5557-22 machen ihn zu einer idealen L\u00f6sung f\u00fcr die effiziente Erstellung von Krankenbl\u00e4ttern und Dokumentationsaufgaben im Gesundheitswesen.<\/p>\n<p><a href=\"https:\/\/teguar.com\/eu\/de\/telemedizin-computer\/\">Telemedizin und Videokonferenzen:<\/a> Mit seiner Frontkamera erm\u00f6glicht der TM-5557-22 medizinischen Fachkr\u00e4ften die Durchf\u00fchrung von Telehealth-Terminen und Videokonferenzen und verbessert so die Fernbetreuung von Patienten und die Zusammenarbeit zwischen medizinischen Teams.<\/p>\n<p><a href=\"https:\/\/teguar.com\/eu\/point-of-care-computer\/\">Hygienisches Point-of-Care Computing: <\/a>Das l\u00fcfterlose K\u00fchlsystem des TM-5557-22 und das Geh\u00e4use aus medizinischem Kunststoff mit keimhemmenden Eigenschaften eignen sich f\u00fcr Point-of-Care-Computing und gew\u00e4hrleisten eine saubere und hygienische Umgebung f\u00fcr Gesundheitsdienstleister und Patienten.<\/p>\n","protected":false},"featured_media":2248259,"template":"","meta":{"_acf_changed":false},"product_brand":[],"product_cat":[2834],"product_tag":[2635,3036,3879],"product_label":[],"class_list":{"0":"post-2245632","1":"product","2":"type-product","3":"status-publish","4":"has-post-thumbnail","6":"product_cat-computer-fur-medizinische-zwecke","7":"product_tag-online-kaufen","8":"product_tag-quick-ship-medizinische-computer","9":"product_tag-roentgenraum-roentgencomputer","10":"pa_windows-windows-10-iot","11":"pa_windows-windows-10-pro","13":"first","14":"instock","15":"taxable","16":"shipping-taxable","17":"purchasable","18":"product-type-composite"},"composite_virtual":false,"composite_layout":"single","composite_add_to_cart_form_location":"default","composite_editable_in_cart":false,"composite_sold_individually_context":"product","composite_shop_price_calc":"min_max","composite_components":[{"id":"1765467038","title":"CPU","description":"","query_type":"product_ids","query_ids":[2248243,2248257,2248244],"default_option_id":"","thumbnail_id":"","thumbnail_src":"","quantity_min":1,"quantity_max":1,"priced_individually":true,"shipped_individually":false,"optional":false,"discount":"","options_style":"dropdowns","pagination_style":"classic","display_prices":"relative","show_sorting_options":false,"show_filtering_options":false,"attribute_filter_ids":[],"select_action":"view","product_title_visible":true,"product_descr_visible":false,"product_price_visible":false,"product_thumb_visible":false,"subtotal_visible_product":false,"subtotal_visible_cart":false,"subtotal_visible_orders":false},{"id":"1765467039","title":"RAM","description":"","query_type":"product_ids","query_ids":[2240778,2240774,2240775],"default_option_id":"","thumbnail_id":"","thumbnail_src":"","quantity_min":1,"quantity_max":1,"priced_individually":true,"shipped_individually":false,"optional":false,"discount":"","options_style":"dropdowns","pagination_style":"classic","display_prices":"relative","show_sorting_options":false,"show_filtering_options":false,"attribute_filter_ids":[],"select_action":"view","product_title_visible":true,"product_descr_visible":false,"product_price_visible":false,"product_thumb_visible":false,"subtotal_visible_product":false,"subtotal_visible_cart":false,"subtotal_visible_orders":false},{"id":"1765467040","title":"Storage","description":"","query_type":"product_ids","query_ids":[2248245,2248246,2248247,2248248],"default_option_id":"","thumbnail_id":"","thumbnail_src":"","quantity_min":1,"quantity_max":1,"priced_individually":true,"shipped_individually":false,"optional":false,"discount":"","options_style":"dropdowns","pagination_style":"classic","display_prices":"relative","show_sorting_options":false,"show_filtering_options":false,"attribute_filter_ids":[],"select_action":"view","product_title_visible":true,"product_descr_visible":false,"product_price_visible":false,"product_thumb_visible":false,"subtotal_visible_product":false,"subtotal_visible_cart":false,"subtotal_visible_orders":false},{"id":"1765467041","title":"Additional Storage","description":"","query_type":"product_ids","query_ids":[2240811,2242902,2240785,2240786,2240793],"default_option_id":"","thumbnail_id":"","thumbnail_src":"","quantity_min":1,"quantity_max":1,"priced_individually":true,"shipped_individually":false,"optional":false,"discount":"","options_style":"dropdowns","pagination_style":"classic","display_prices":"relative","show_sorting_options":false,"show_filtering_options":false,"attribute_filter_ids":[],"select_action":"view","product_title_visible":true,"product_descr_visible":false,"product_price_visible":false,"product_thumb_visible":false,"subtotal_visible_product":false,"subtotal_visible_cart":false,"subtotal_visible_orders":false},{"id":"1765467042","title":"Internal Battery","description":"","query_type":"product_ids","query_ids":[2240679,2242851],"default_option_id":"","thumbnail_id":"","thumbnail_src":"","quantity_min":1,"quantity_max":1,"priced_individually":true,"shipped_individually":false,"optional":false,"discount":"","options_style":"dropdowns","pagination_style":"classic","display_prices":"relative","show_sorting_options":false,"show_filtering_options":false,"attribute_filter_ids":[],"select_action":"view","product_title_visible":true,"product_descr_visible":false,"product_price_visible":false,"product_thumb_visible":false,"subtotal_visible_product":false,"subtotal_visible_cart":false,"subtotal_visible_orders":false},{"id":"1765467043","title":"Table Stand","description":"","query_type":"product_ids","query_ids":[2240783,2242852],"default_option_id":"","thumbnail_id":"","thumbnail_src":"","quantity_min":1,"quantity_max":1,"priced_individually":true,"shipped_individually":false,"optional":false,"discount":"","options_style":"dropdowns","pagination_style":"classic","display_prices":"relative","show_sorting_options":false,"show_filtering_options":false,"attribute_filter_ids":[],"select_action":"view","product_title_visible":true,"product_descr_visible":false,"product_price_visible":false,"product_thumb_visible":false,"subtotal_visible_product":false,"subtotal_visible_cart":false,"subtotal_visible_orders":false},{"id":"1765467044","title":"Operating System","description":"","query_type":"product_ids","query_ids":[2240737,2240736],"default_option_id":"","thumbnail_id":"","thumbnail_src":"","quantity_min":1,"quantity_max":1,"priced_individually":true,"shipped_individually":false,"optional":false,"discount":"","options_style":"dropdowns","pagination_style":"classic","display_prices":"relative","show_sorting_options":false,"show_filtering_options":false,"attribute_filter_ids":[],"select_action":"view","product_title_visible":true,"product_descr_visible":false,"product_price_visible":false,"product_thumb_visible":false,"subtotal_visible_product":false,"subtotal_visible_cart":false,"subtotal_visible_orders":false}],"composite_scenarios":[],"acf":[],"yoast_head":"<!-- This site is optimized with the Yoast SEO Premium plugin v26.8 (Yoast SEO v27.2) - https:\/\/yoast.com\/product\/yoast-seo-premium-wordpress\/ -->\n<title>22&quot; Medizinischer Panel Computer | TM-5557-22<\/title>\n<meta name=\"description\" content=\"Der 22 Zoll Medical PC von Teguar ist kosteng\u00fcnstig. Mit Intel Core i7\/i5\/i3 der 7. Generation ist dieser Computer f\u00fcr medizinische oder leicht industrielle Anwendungen konzipiert.\" \/>\n<meta name=\"robots\" content=\"index, follow, max-snippet:-1, max-image-preview:large, max-video-preview:-1\" \/>\n<link rel=\"canonical\" href=\"https:\/\/teguar.com\/eu\/de\/product\/tm-5557-22\/\" \/>\n<meta property=\"og:locale\" content=\"de_DE\" \/>\n<meta property=\"og:type\" content=\"article\" \/>\n<meta property=\"og:title\" content=\"TM-5557-22\" \/>\n<meta property=\"og:description\" content=\"Der 22 Zoll Medical PC von Teguar ist kosteng\u00fcnstig. Mit Intel Core i7\/i5\/i3 der 7. Generation ist dieser Computer f\u00fcr medizinische oder leicht industrielle Anwendungen konzipiert.\" \/>\n<meta property=\"og:url\" content=\"https:\/\/teguar.com\/eu\/de\/product\/tm-5557-22\/\" \/>\n<meta property=\"og:site_name\" content=\"Teguar\" \/>\n<meta property=\"article:modified_time\" content=\"2026-01-29T14:05:13+00:00\" \/>\n<meta property=\"og:image\" content=\"https:\/\/teguar.com\/eu\/wp-content\/uploads\/sites\/2\/2025\/12\/medical_panel_computer_TM-5957-22__73368.1663773479.1280.1280.jpg\" \/>\n\t<meta property=\"og:image:width\" content=\"705\" \/>\n\t<meta property=\"og:image:height\" content=\"705\" \/>\n\t<meta property=\"og:image:type\" content=\"image\/jpeg\" \/>\n<meta name=\"twitter:card\" content=\"summary_large_image\" \/>\n<meta name=\"twitter:label1\" content=\"Gesch\u00e4tzte Lesezeit\" \/>\n\t<meta name=\"twitter:data1\" content=\"1\u00a0Minute\" \/>\n<script type=\"application\/ld+json\" class=\"yoast-schema-graph\">{\"@context\":\"https:\/\/schema.org\",\"@graph\":[{\"@type\":\"WebPage\",\"@id\":\"https:\/\/teguar.com\/eu\/de\/product\/tm-5557-22\/\",\"url\":\"https:\/\/teguar.com\/eu\/de\/product\/tm-5557-22\/\",\"name\":\"22\\\" Medizinischer Panel Computer | TM-5557-22\",\"isPartOf\":{\"@id\":\"https:\/\/teguar.com\/eu\/en\/#website\"},\"primaryImageOfPage\":{\"@id\":\"https:\/\/teguar.com\/eu\/de\/product\/tm-5557-22\/#primaryimage\"},\"image\":{\"@id\":\"https:\/\/teguar.com\/eu\/de\/product\/tm-5557-22\/#primaryimage\"},\"thumbnailUrl\":\"https:\/\/teguar.com\/eu\/wp-content\/uploads\/sites\/2\/2025\/12\/medical_panel_computer_TM-5957-22__73368.1663773479.1280.1280.jpg\",\"datePublished\":\"2025-06-25T16:20:21+00:00\",\"dateModified\":\"2026-01-29T14:05:13+00:00\",\"description\":\"Der 22 Zoll Medical PC von Teguar ist kosteng\u00fcnstig. Mit Intel Core i7\/i5\/i3 der 7. Generation ist dieser Computer f\u00fcr medizinische oder leicht industrielle Anwendungen konzipiert.\",\"breadcrumb\":{\"@id\":\"https:\/\/teguar.com\/eu\/de\/product\/tm-5557-22\/#breadcrumb\"},\"inLanguage\":\"de\",\"potentialAction\":[{\"@type\":\"ReadAction\",\"target\":[\"https:\/\/teguar.com\/eu\/de\/product\/tm-5557-22\/\"]}]},{\"@type\":\"ImageObject\",\"inLanguage\":\"de\",\"@id\":\"https:\/\/teguar.com\/eu\/de\/product\/tm-5557-22\/#primaryimage\",\"url\":\"https:\/\/teguar.com\/eu\/wp-content\/uploads\/sites\/2\/2025\/12\/medical_panel_computer_TM-5957-22__73368.1663773479.1280.1280.jpg\",\"contentUrl\":\"https:\/\/teguar.com\/eu\/wp-content\/uploads\/sites\/2\/2025\/12\/medical_panel_computer_TM-5957-22__73368.1663773479.1280.1280.jpg\",\"width\":705,\"height\":705},{\"@type\":\"BreadcrumbList\",\"@id\":\"https:\/\/teguar.com\/eu\/de\/product\/tm-5557-22\/#breadcrumb\",\"itemListElement\":[{\"@type\":\"ListItem\",\"position\":1,\"name\":\"Home\",\"item\":\"https:\/\/teguar.com\/eu\/de\/\"},{\"@type\":\"ListItem\",\"position\":2,\"name\":\"TM-5557-22\"}]},{\"@type\":\"WebSite\",\"@id\":\"https:\/\/teguar.com\/eu\/en\/#website\",\"url\":\"https:\/\/teguar.com\/eu\/en\/\",\"name\":\"Teguar\",\"description\":\"Industrial PCs, Medical Computers, and Rugged Tablets\",\"potentialAction\":[{\"@type\":\"SearchAction\",\"target\":{\"@type\":\"EntryPoint\",\"urlTemplate\":\"https:\/\/teguar.com\/eu\/en\/?s={search_term_string}\"},\"query-input\":{\"@type\":\"PropertyValueSpecification\",\"valueRequired\":true,\"valueName\":\"search_term_string\"}}],\"inLanguage\":\"de\"}]}<\/script>\n<!-- \/ Yoast SEO Premium plugin. -->","yoast_head_json":{"title":"22\" Medizinischer Panel Computer | TM-5557-22","description":"Der 22 Zoll Medical PC von Teguar ist kosteng\u00fcnstig. Mit Intel Core i7\/i5\/i3 der 7. Generation ist dieser Computer f\u00fcr medizinische oder leicht industrielle Anwendungen konzipiert.","robots":{"index":"index","follow":"follow","max-snippet":"max-snippet:-1","max-image-preview":"max-image-preview:large","max-video-preview":"max-video-preview:-1"},"canonical":"https:\/\/teguar.com\/eu\/de\/product\/tm-5557-22\/","og_locale":"de_DE","og_type":"article","og_title":"TM-5557-22","og_description":"Der 22 Zoll Medical PC von Teguar ist kosteng\u00fcnstig. Mit Intel Core i7\/i5\/i3 der 7. Generation ist dieser Computer f\u00fcr medizinische oder leicht industrielle Anwendungen konzipiert.","og_url":"https:\/\/teguar.com\/eu\/de\/product\/tm-5557-22\/","og_site_name":"Teguar","article_modified_time":"2026-01-29T14:05:13+00:00","og_image":[{"width":705,"height":705,"url":"https:\/\/teguar.com\/eu\/wp-content\/uploads\/sites\/2\/2025\/12\/medical_panel_computer_TM-5957-22__73368.1663773479.1280.1280.jpg","type":"image\/jpeg"}],"twitter_card":"summary_large_image","twitter_misc":{"Gesch\u00e4tzte Lesezeit":"1\u00a0Minute"},"schema":{"@context":"https:\/\/schema.org","@graph":[{"@type":"WebPage","@id":"https:\/\/teguar.com\/eu\/de\/product\/tm-5557-22\/","url":"https:\/\/teguar.com\/eu\/de\/product\/tm-5557-22\/","name":"22\" Medizinischer Panel Computer | TM-5557-22","isPartOf":{"@id":"https:\/\/teguar.com\/eu\/en\/#website"},"primaryImageOfPage":{"@id":"https:\/\/teguar.com\/eu\/de\/product\/tm-5557-22\/#primaryimage"},"image":{"@id":"https:\/\/teguar.com\/eu\/de\/product\/tm-5557-22\/#primaryimage"},"thumbnailUrl":"https:\/\/teguar.com\/eu\/wp-content\/uploads\/sites\/2\/2025\/12\/medical_panel_computer_TM-5957-22__73368.1663773479.1280.1280.jpg","datePublished":"2025-06-25T16:20:21+00:00","dateModified":"2026-01-29T14:05:13+00:00","description":"Der 22 Zoll Medical PC von Teguar ist kosteng\u00fcnstig. Mit Intel Core i7\/i5\/i3 der 7. Generation ist dieser Computer f\u00fcr medizinische oder leicht industrielle Anwendungen konzipiert.","breadcrumb":{"@id":"https:\/\/teguar.com\/eu\/de\/product\/tm-5557-22\/#breadcrumb"},"inLanguage":"de","potentialAction":[{"@type":"ReadAction","target":["https:\/\/teguar.com\/eu\/de\/product\/tm-5557-22\/"]}]},{"@type":"ImageObject","inLanguage":"de","@id":"https:\/\/teguar.com\/eu\/de\/product\/tm-5557-22\/#primaryimage","url":"https:\/\/teguar.com\/eu\/wp-content\/uploads\/sites\/2\/2025\/12\/medical_panel_computer_TM-5957-22__73368.1663773479.1280.1280.jpg","contentUrl":"https:\/\/teguar.com\/eu\/wp-content\/uploads\/sites\/2\/2025\/12\/medical_panel_computer_TM-5957-22__73368.1663773479.1280.1280.jpg","width":705,"height":705},{"@type":"BreadcrumbList","@id":"https:\/\/teguar.com\/eu\/de\/product\/tm-5557-22\/#breadcrumb","itemListElement":[{"@type":"ListItem","position":1,"name":"Home","item":"https:\/\/teguar.com\/eu\/de\/"},{"@type":"ListItem","position":2,"name":"TM-5557-22"}]},{"@type":"WebSite","@id":"https:\/\/teguar.com\/eu\/en\/#website","url":"https:\/\/teguar.com\/eu\/en\/","name":"Teguar","description":"Industrial PCs, Medical Computers, and Rugged Tablets","potentialAction":[{"@type":"SearchAction","target":{"@type":"EntryPoint","urlTemplate":"https:\/\/teguar.com\/eu\/en\/?s={search_term_string}"},"query-input":{"@type":"PropertyValueSpecification","valueRequired":true,"valueName":"search_term_string"}}],"inLanguage":"de"}]}},"_links":{"self":[{"href":"https:\/\/teguar.com\/eu\/de\/wp-json\/wp\/v2\/product\/2245632","targetHints":{"allow":["GET"]}}],"collection":[{"href":"https:\/\/teguar.com\/eu\/de\/wp-json\/wp\/v2\/product"}],"about":[{"href":"https:\/\/teguar.com\/eu\/de\/wp-json\/wp\/v2\/types\/product"}],"wp:featuredmedia":[{"embeddable":true,"href":"https:\/\/teguar.com\/eu\/de\/wp-json\/wp\/v2\/media\/2248259"}],"wp:attachment":[{"href":"https:\/\/teguar.com\/eu\/de\/wp-json\/wp\/v2\/media?parent=2245632"}],"wp:term":[{"taxonomy":"product_brand","embeddable":true,"href":"https:\/\/teguar.com\/eu\/de\/wp-json\/wp\/v2\/product_brand?post=2245632"},{"taxonomy":"product_cat","embeddable":true,"href":"https:\/\/teguar.com\/eu\/de\/wp-json\/wp\/v2\/product_cat?post=2245632"},{"taxonomy":"product_tag","embeddable":true,"href":"https:\/\/teguar.com\/eu\/de\/wp-json\/wp\/v2\/product_tag?post=2245632"},{"taxonomy":"product_label","embeddable":true,"href":"https:\/\/teguar.com\/eu\/de\/wp-json\/wp\/v2\/product_label?post=2245632"}],"curies":[{"name":"wp","href":"https:\/\/api.w.org\/{rel}","templated":true}]}}