{"id":2245629,"date":"2025-06-22T14:15:26","date_gmt":"2025-06-22T14:15:26","guid":{"rendered":"https:\/\/teguar.com\/eu\/product\/tmd-10-22\/"},"modified":"2025-11-13T16:31:01","modified_gmt":"2025-11-13T16:31:01","slug":"tmd-10-22","status":"publish","type":"product","link":"https:\/\/teguar.com\/eu\/de\/product\/tmd-10-22\/","title":{"rendered":"TMD-10-22"},"content":{"rendered":"<p>Das TMD-10-22 Medical Display entspricht den neuesten medizinischen Zertifizierungen und verf\u00fcgt \u00fcber einen 21,5&#8243; Full HD 1920 x 1080 Touchscreen. Dieser Monitor verf\u00fcgt \u00fcber USB-, DVI-D-, HDMI-, Display- und Audio-Anschl\u00fcsse sowie integrierte 1,5-W-Stereo-Lautsprecher. Der TMD-10-22 kann an jeden Computer angeschlossen werden, auch an einen medizinischen Box-PC oder einen medizinischen All-in-One-Computer, wo er als geklontes oder erweitertes Display fungieren kann. Dieses Display ist DICOM-kompatibel und kann an einem medizinischen Wagen oder einem Tischst\u00e4nder befestigt werden. Das TMD-10-22 verf\u00fcgt au\u00dferdem \u00fcber eine IP65-zertifizierte Frontblende, die der t\u00e4glichen Reinigung mit medizinischen Reinigungsmitteln standh\u00e4lt.    <\/p>\n","protected":false},"excerpt":{"rendered":"<p><a href=\"https:\/\/teguar.com\/eu\/medical-imaging-computer\/\">Medizinische Bildgebung:<\/a> Die TMD-10 Medical Display Serie eignet sich f\u00fcr medizinische Bildgebungsanwendungen und bietet eine hochwertige visuelle Darstellung von medizinischen Bildern wie R\u00f6ntgenaufnahmen, CT-Scans und MRT-Scans.<\/p>\n<p><a href=\"https:\/\/teguar.com\/eu\/telemedicine-computer\/\">Telemedizin:<\/a> Diese medizinischen Monitore sind ideal f\u00fcr die Telemedizin geeignet. Sie erm\u00f6glichen es dem medizinischen Personal, aus der Ferne mit Patienten zu kommunizieren und medizinische Daten und Bilder in Echtzeit zu \u00fcberpr\u00fcfen.<\/p>\n<p><a href=\"https:\/\/teguar.com\/eu\/de\/elektronische-krankenakten-computer\/\">Klinische Dokumentation:<\/a> Die TMD-10 Monitore k\u00f6nnen f\u00fcr die klinische Dokumentation verwendet werden, so dass Gesundheitsdienstleister Patientendaten anzeigen und eingeben, auf elektronische Gesundheitsakten (EHR) zugreifen und medizinische Verfahren effizient dokumentieren k\u00f6nnen.<\/p>\n<p><a href=\"https:\/\/teguar.com\/eu\/de\/computer-zur-patientenueberwachung\/\">Patienten\u00fcberwachung:<\/a> Diese Monitore k\u00f6nnen f\u00fcr die Patienten\u00fcberwachung eingesetzt werden und liefern visuelles Feedback in Echtzeit zu Vitalwerten, Patientendaten und medizinischen Alarmen, was eine kontinuierliche Pflege und rechtzeitige Interventionen erleichtert.<\/p>\n","protected":false},"featured_media":2246085,"template":"","meta":{"_acf_changed":false},"product_brand":[],"product_cat":[2835],"product_tag":[],"product_label":[],"class_list":{"0":"post-2245629","1":"product","2":"type-product","3":"status-publish","4":"has-post-thumbnail","6":"product_cat-medizinische-monitore","8":"first","9":"outofstock","10":"taxable","11":"shipping-taxable","12":"purchasable","13":"product-type-simple"},"composite_virtual":false,"composite_layout":"","composite_add_to_cart_form_location":"","composite_editable_in_cart":false,"composite_sold_individually_context":"","composite_shop_price_calc":"","composite_components":[],"composite_scenarios":[],"acf":[],"yoast_head":"<!-- This site is optimized with the Yoast SEO Premium plugin v26.8 (Yoast SEO v27.2) - https:\/\/yoast.com\/product\/yoast-seo-premium-wordpress\/ -->\n<title>22&quot; Medizinischer Computer Monitor | TMD-10-22<\/title>\n<meta name=\"description\" content=\"Dieser medizinische Monitor hat einen 21,5&quot; LCD-Touchscreen und entspricht den neuesten medizinischen Standards. Er kann als Doppelmonitor verwendet oder an einen medizinischen Box-PC angeschlossen werden.\" \/>\n<meta name=\"robots\" content=\"index, follow, max-snippet:-1, max-image-preview:large, max-video-preview:-1\" \/>\n<link rel=\"canonical\" href=\"https:\/\/teguar.com\/eu\/de\/product\/tmd-10-22\/\" \/>\n<meta property=\"og:locale\" content=\"de_DE\" \/>\n<meta property=\"og:type\" content=\"article\" \/>\n<meta property=\"og:title\" content=\"TMD-10-22\" \/>\n<meta property=\"og:description\" content=\"Dieser medizinische Monitor hat einen 21,5&quot; LCD-Touchscreen und entspricht den neuesten medizinischen Standards. Er kann als Doppelmonitor verwendet oder an einen medizinischen Box-PC angeschlossen werden.\" \/>\n<meta property=\"og:url\" content=\"https:\/\/teguar.com\/eu\/de\/product\/tmd-10-22\/\" \/>\n<meta property=\"og:site_name\" content=\"Teguar\" \/>\n<meta property=\"article:modified_time\" content=\"2025-11-13T16:31:01+00:00\" \/>\n<meta property=\"og:image\" content=\"https:\/\/teguar.com\/eu\/wp-content\/uploads\/sites\/2\/2020\/07\/medical-monitor-tmd-10-22-front__23389.1595934882.1280.1280.jpg\" \/>\n\t<meta property=\"og:image:width\" content=\"1000\" \/>\n\t<meta property=\"og:image:height\" content=\"1000\" \/>\n\t<meta property=\"og:image:type\" content=\"image\/jpeg\" \/>\n<meta name=\"twitter:card\" content=\"summary_large_image\" \/>\n<script type=\"application\/ld+json\" class=\"yoast-schema-graph\">{\"@context\":\"https:\/\/schema.org\",\"@graph\":[{\"@type\":\"WebPage\",\"@id\":\"https:\/\/teguar.com\/eu\/de\/product\/tmd-10-22\/\",\"url\":\"https:\/\/teguar.com\/eu\/de\/product\/tmd-10-22\/\",\"name\":\"22\\\" Medizinischer Computer Monitor | TMD-10-22\",\"isPartOf\":{\"@id\":\"https:\/\/teguar.com\/eu\/en\/#website\"},\"primaryImageOfPage\":{\"@id\":\"https:\/\/teguar.com\/eu\/de\/product\/tmd-10-22\/#primaryimage\"},\"image\":{\"@id\":\"https:\/\/teguar.com\/eu\/de\/product\/tmd-10-22\/#primaryimage\"},\"thumbnailUrl\":\"https:\/\/teguar.com\/eu\/wp-content\/uploads\/sites\/2\/2020\/07\/medical-monitor-tmd-10-22-front__23389.1595934882.1280.1280.jpg\",\"datePublished\":\"2025-06-22T14:15:26+00:00\",\"dateModified\":\"2025-11-13T16:31:01+00:00\",\"description\":\"Dieser medizinische Monitor hat einen 21,5\\\" LCD-Touchscreen und entspricht den neuesten medizinischen Standards. Er kann als Doppelmonitor verwendet oder an einen medizinischen Box-PC angeschlossen werden.\",\"breadcrumb\":{\"@id\":\"https:\/\/teguar.com\/eu\/de\/product\/tmd-10-22\/#breadcrumb\"},\"inLanguage\":\"de\",\"potentialAction\":[{\"@type\":\"ReadAction\",\"target\":[\"https:\/\/teguar.com\/eu\/de\/product\/tmd-10-22\/\"]}]},{\"@type\":\"ImageObject\",\"inLanguage\":\"de\",\"@id\":\"https:\/\/teguar.com\/eu\/de\/product\/tmd-10-22\/#primaryimage\",\"url\":\"https:\/\/teguar.com\/eu\/wp-content\/uploads\/sites\/2\/2020\/07\/medical-monitor-tmd-10-22-front__23389.1595934882.1280.1280.jpg\",\"contentUrl\":\"https:\/\/teguar.com\/eu\/wp-content\/uploads\/sites\/2\/2020\/07\/medical-monitor-tmd-10-22-front__23389.1595934882.1280.1280.jpg\",\"width\":1000,\"height\":1000,\"caption\":\"22\\\" Medical Monitor | TMD-10-22\"},{\"@type\":\"BreadcrumbList\",\"@id\":\"https:\/\/teguar.com\/eu\/de\/product\/tmd-10-22\/#breadcrumb\",\"itemListElement\":[{\"@type\":\"ListItem\",\"position\":1,\"name\":\"Home\",\"item\":\"https:\/\/teguar.com\/eu\/de\/\"},{\"@type\":\"ListItem\",\"position\":2,\"name\":\"TMD-10-22\"}]},{\"@type\":\"WebSite\",\"@id\":\"https:\/\/teguar.com\/eu\/en\/#website\",\"url\":\"https:\/\/teguar.com\/eu\/en\/\",\"name\":\"Teguar\",\"description\":\"Industrial PCs, Medical Computers, and Rugged Tablets\",\"potentialAction\":[{\"@type\":\"SearchAction\",\"target\":{\"@type\":\"EntryPoint\",\"urlTemplate\":\"https:\/\/teguar.com\/eu\/en\/?s={search_term_string}\"},\"query-input\":{\"@type\":\"PropertyValueSpecification\",\"valueRequired\":true,\"valueName\":\"search_term_string\"}}],\"inLanguage\":\"de\"}]}<\/script>\n<!-- \/ Yoast SEO Premium plugin. -->","yoast_head_json":{"title":"22\" Medizinischer Computer Monitor | TMD-10-22","description":"Dieser medizinische Monitor hat einen 21,5\" LCD-Touchscreen und entspricht den neuesten medizinischen Standards. Er kann als Doppelmonitor verwendet oder an einen medizinischen Box-PC angeschlossen werden.","robots":{"index":"index","follow":"follow","max-snippet":"max-snippet:-1","max-image-preview":"max-image-preview:large","max-video-preview":"max-video-preview:-1"},"canonical":"https:\/\/teguar.com\/eu\/de\/product\/tmd-10-22\/","og_locale":"de_DE","og_type":"article","og_title":"TMD-10-22","og_description":"Dieser medizinische Monitor hat einen 21,5\" LCD-Touchscreen und entspricht den neuesten medizinischen Standards. Er kann als Doppelmonitor verwendet oder an einen medizinischen Box-PC angeschlossen werden.","og_url":"https:\/\/teguar.com\/eu\/de\/product\/tmd-10-22\/","og_site_name":"Teguar","article_modified_time":"2025-11-13T16:31:01+00:00","og_image":[{"width":1000,"height":1000,"url":"https:\/\/teguar.com\/eu\/wp-content\/uploads\/sites\/2\/2020\/07\/medical-monitor-tmd-10-22-front__23389.1595934882.1280.1280.jpg","type":"image\/jpeg"}],"twitter_card":"summary_large_image","schema":{"@context":"https:\/\/schema.org","@graph":[{"@type":"WebPage","@id":"https:\/\/teguar.com\/eu\/de\/product\/tmd-10-22\/","url":"https:\/\/teguar.com\/eu\/de\/product\/tmd-10-22\/","name":"22\" Medizinischer Computer Monitor | TMD-10-22","isPartOf":{"@id":"https:\/\/teguar.com\/eu\/en\/#website"},"primaryImageOfPage":{"@id":"https:\/\/teguar.com\/eu\/de\/product\/tmd-10-22\/#primaryimage"},"image":{"@id":"https:\/\/teguar.com\/eu\/de\/product\/tmd-10-22\/#primaryimage"},"thumbnailUrl":"https:\/\/teguar.com\/eu\/wp-content\/uploads\/sites\/2\/2020\/07\/medical-monitor-tmd-10-22-front__23389.1595934882.1280.1280.jpg","datePublished":"2025-06-22T14:15:26+00:00","dateModified":"2025-11-13T16:31:01+00:00","description":"Dieser medizinische Monitor hat einen 21,5\" LCD-Touchscreen und entspricht den neuesten medizinischen Standards. Er kann als Doppelmonitor verwendet oder an einen medizinischen Box-PC angeschlossen werden.","breadcrumb":{"@id":"https:\/\/teguar.com\/eu\/de\/product\/tmd-10-22\/#breadcrumb"},"inLanguage":"de","potentialAction":[{"@type":"ReadAction","target":["https:\/\/teguar.com\/eu\/de\/product\/tmd-10-22\/"]}]},{"@type":"ImageObject","inLanguage":"de","@id":"https:\/\/teguar.com\/eu\/de\/product\/tmd-10-22\/#primaryimage","url":"https:\/\/teguar.com\/eu\/wp-content\/uploads\/sites\/2\/2020\/07\/medical-monitor-tmd-10-22-front__23389.1595934882.1280.1280.jpg","contentUrl":"https:\/\/teguar.com\/eu\/wp-content\/uploads\/sites\/2\/2020\/07\/medical-monitor-tmd-10-22-front__23389.1595934882.1280.1280.jpg","width":1000,"height":1000,"caption":"22\" Medical Monitor | TMD-10-22"},{"@type":"BreadcrumbList","@id":"https:\/\/teguar.com\/eu\/de\/product\/tmd-10-22\/#breadcrumb","itemListElement":[{"@type":"ListItem","position":1,"name":"Home","item":"https:\/\/teguar.com\/eu\/de\/"},{"@type":"ListItem","position":2,"name":"TMD-10-22"}]},{"@type":"WebSite","@id":"https:\/\/teguar.com\/eu\/en\/#website","url":"https:\/\/teguar.com\/eu\/en\/","name":"Teguar","description":"Industrial PCs, Medical Computers, and Rugged Tablets","potentialAction":[{"@type":"SearchAction","target":{"@type":"EntryPoint","urlTemplate":"https:\/\/teguar.com\/eu\/en\/?s={search_term_string}"},"query-input":{"@type":"PropertyValueSpecification","valueRequired":true,"valueName":"search_term_string"}}],"inLanguage":"de"}]}},"_links":{"self":[{"href":"https:\/\/teguar.com\/eu\/de\/wp-json\/wp\/v2\/product\/2245629","targetHints":{"allow":["GET"]}}],"collection":[{"href":"https:\/\/teguar.com\/eu\/de\/wp-json\/wp\/v2\/product"}],"about":[{"href":"https:\/\/teguar.com\/eu\/de\/wp-json\/wp\/v2\/types\/product"}],"wp:featuredmedia":[{"embeddable":true,"href":"https:\/\/teguar.com\/eu\/de\/wp-json\/wp\/v2\/media\/2246085"}],"wp:attachment":[{"href":"https:\/\/teguar.com\/eu\/de\/wp-json\/wp\/v2\/media?parent=2245629"}],"wp:term":[{"taxonomy":"product_brand","embeddable":true,"href":"https:\/\/teguar.com\/eu\/de\/wp-json\/wp\/v2\/product_brand?post=2245629"},{"taxonomy":"product_cat","embeddable":true,"href":"https:\/\/teguar.com\/eu\/de\/wp-json\/wp\/v2\/product_cat?post=2245629"},{"taxonomy":"product_tag","embeddable":true,"href":"https:\/\/teguar.com\/eu\/de\/wp-json\/wp\/v2\/product_tag?post=2245629"},{"taxonomy":"product_label","embeddable":true,"href":"https:\/\/teguar.com\/eu\/de\/wp-json\/wp\/v2\/product_label?post=2245629"}],"curies":[{"name":"wp","href":"https:\/\/api.w.org\/{rel}","templated":true}]}}