{"id":2245600,"date":"2025-06-21T13:12:56","date_gmt":"2025-06-21T13:12:56","guid":{"rendered":"https:\/\/teguar.com\/eu\/product\/ts-4510-15\/"},"modified":"2025-11-20T19:43:22","modified_gmt":"2025-11-20T19:43:22","slug":"ts-4510-15","status":"publish","type":"product","link":"https:\/\/teguar.com\/eu\/de\/product\/ts-4510-15\/","title":{"rendered":"TS-4510-15"},"content":{"rendered":"<p>Der TS-4510-15 ist f\u00fcr die Lebensmittelverarbeitung und wiederholte Reinigungen in Waschanlagen konzipiert. Der 15-Zoll-Touchscreen ist vollst\u00e4ndig b\u00fcndig, d.h. es gibt keine Ritzen, in denen sich Schmutz und Ablagerungen ansammeln k\u00f6nnen. Das Geh\u00e4use dieses Computers ist vollst\u00e4ndig versiegelt und aus korrosionsbest\u00e4ndigem Edelstahl gefertigt. Im Inneren des Computers befinden sich Komponenten in Industriequalit\u00e4t und eine Intel Celeron J3455 CPU. Sie k\u00f6nnen diesen Computer an Ihre Gesch\u00e4ftsanforderungen anpassen, indem Sie den Arbeitsspeicher und den Speicher anpassen, zwischen resistivem oder Pcap-Touch w\u00e4hlen, die IO neu konfigurieren und aus unseren zahlreichen Montageoptionen w\u00e4hlen.    <\/p>\n","protected":false},"excerpt":{"rendered":"<p><a href=\"https:\/\/teguar.com\/eu\/de\/computer-fuer-die-lebensmittelverarbeitung\/\">Lebensmittelverarbeitung:<\/a> Die Serie TS-4510 wurde speziell f\u00fcr die Lebensmittelverarbeitung entwickelt und gew\u00e4hrleistet mit ihrer b\u00fcndig abschlie\u00dfenden Front und der Edelstahlblende, die sie unempfindlich gegen Schmutzablagerungen und St\u00f6\u00dfe macht, eine hygienische Datenverarbeitung. Sie bietet zuverl\u00e4ssige Computerl\u00f6sungen f\u00fcr Aufgaben wie Rezeptverwaltung, Bestandsverfolgung und Produktionskontrolle. <\/p>\n<p><a href=\"https:\/\/teguar.com\/eu\/de\/computer-und-tablets-fuer-reinraeume\/\">Clean-in-Place (CIP) Systeme:<\/a> Mit ihrem wasserdichten und robusten Design eignet sich die TS-4510 Serie hervorragend f\u00fcr die Integration in Clean-in-Place (CIP)-Systeme, die Computer erfordern, die wiederholten Reinigungen mit Wasser, Chemikalien und Desinfektionsmitteln standhalten k\u00f6nnen. Sie bietet zuverl\u00e4ssige Rechenleistung f\u00fcr die \u00dcberwachung und Steuerung von CIP-Prozessen in Branchen wie der Milchverarbeitung und der Getr\u00e4nkeherstellung. <\/p>\n<p><a href=\"https:\/\/teguar.com\/eu\/de\/fertigungs-computer\/\">Industrielle Fertigung:<\/a> Das schlanke Design und die robuste Konstruktion der TS-4510 Serie machen sie zu einer hervorragenden Wahl f\u00fcr industrielle Fertigungsumgebungen, in denen Platzersparnis und Langlebigkeit entscheidend sind. Er kann f\u00fcr Aufgaben wie Ger\u00e4te\u00fcberwachung, Qualit\u00e4tskontrolle und Datenanalyse eingesetzt werden und bietet zuverl\u00e4ssige Rechenleistung in anspruchsvollen industriellen Umgebungen. <\/p>\n","protected":false},"featured_media":2245931,"template":"","meta":{"_acf_changed":false},"product_brand":[],"product_cat":[2826,2839],"product_tag":[],"product_label":[],"class_list":{"0":"post-2245600","1":"product","2":"type-product","3":"status-publish","4":"has-post-thumbnail","6":"product_cat-hmi-panel","7":"product_cat-panel-pcs","8":"pa_windows-windows-10-iot","9":"pa_windows-windows-10-pro","11":"first","12":"outofstock","13":"taxable","14":"shipping-taxable","15":"purchasable","16":"product-type-simple"},"composite_virtual":false,"composite_layout":"","composite_add_to_cart_form_location":"","composite_editable_in_cart":false,"composite_sold_individually_context":"","composite_shop_price_calc":"","composite_components":[],"composite_scenarios":[],"acf":[],"yoast_head":"<!-- This site is optimized with the Yoast SEO Premium plugin v26.8 (Yoast SEO v27.2) - https:\/\/yoast.com\/product\/yoast-seo-premium-wordpress\/ -->\n<title>15&quot; IP69K Computer | TS-4510-15<\/title>\n<meta name=\"description\" content=\"Der TS-4510-15 ist ein vollst\u00e4ndig abgedichteter Computer mit wasserdichten E\/A-Anschl\u00fcssen. Dieser Computer ist f\u00fcr die Verarbeitung von Lebensmitteln und Getr\u00e4nken sowie f\u00fcr die t\u00e4gliche Reinigung konzipiert.\" \/>\n<meta name=\"robots\" content=\"index, follow, max-snippet:-1, max-image-preview:large, max-video-preview:-1\" \/>\n<link rel=\"canonical\" href=\"https:\/\/teguar.com\/eu\/de\/product\/ts-4510-15\/\" \/>\n<meta property=\"og:locale\" content=\"de_DE\" \/>\n<meta property=\"og:type\" content=\"article\" \/>\n<meta property=\"og:title\" content=\"TS-4510-15\" \/>\n<meta property=\"og:description\" content=\"Der TS-4510-15 ist ein vollst\u00e4ndig abgedichteter Computer mit wasserdichten E\/A-Anschl\u00fcssen. Dieser Computer ist f\u00fcr die Verarbeitung von Lebensmitteln und Getr\u00e4nken sowie f\u00fcr die t\u00e4gliche Reinigung konzipiert.\" \/>\n<meta property=\"og:url\" content=\"https:\/\/teguar.com\/eu\/de\/product\/ts-4510-15\/\" \/>\n<meta property=\"og:site_name\" content=\"Teguar\" \/>\n<meta property=\"article:modified_time\" content=\"2025-11-20T19:43:22+00:00\" \/>\n<meta property=\"og:image\" content=\"https:\/\/teguar.com\/eu\/wp-content\/uploads\/sites\/2\/2021\/03\/TS-4510-15_Waterproof_PC__28167.1615903954.1280.1280-1.jpg\" \/>\n\t<meta property=\"og:image:width\" content=\"1000\" \/>\n\t<meta property=\"og:image:height\" content=\"1000\" \/>\n\t<meta property=\"og:image:type\" content=\"image\/jpeg\" \/>\n<meta name=\"twitter:card\" content=\"summary_large_image\" \/>\n<meta name=\"twitter:label1\" content=\"Gesch\u00e4tzte Lesezeit\" \/>\n\t<meta name=\"twitter:data1\" content=\"1\u00a0Minute\" \/>\n<script type=\"application\/ld+json\" class=\"yoast-schema-graph\">{\"@context\":\"https:\/\/schema.org\",\"@graph\":[{\"@type\":\"WebPage\",\"@id\":\"https:\/\/teguar.com\/eu\/de\/product\/ts-4510-15\/\",\"url\":\"https:\/\/teguar.com\/eu\/de\/product\/ts-4510-15\/\",\"name\":\"15\\\" IP69K Computer | TS-4510-15\",\"isPartOf\":{\"@id\":\"https:\/\/teguar.com\/eu\/en\/#website\"},\"primaryImageOfPage\":{\"@id\":\"https:\/\/teguar.com\/eu\/de\/product\/ts-4510-15\/#primaryimage\"},\"image\":{\"@id\":\"https:\/\/teguar.com\/eu\/de\/product\/ts-4510-15\/#primaryimage\"},\"thumbnailUrl\":\"https:\/\/teguar.com\/eu\/wp-content\/uploads\/sites\/2\/2021\/03\/TS-4510-15_Waterproof_PC__28167.1615903954.1280.1280-1.jpg\",\"datePublished\":\"2025-06-21T13:12:56+00:00\",\"dateModified\":\"2025-11-20T19:43:22+00:00\",\"description\":\"Der TS-4510-15 ist ein vollst\u00e4ndig abgedichteter Computer mit wasserdichten E\/A-Anschl\u00fcssen. Dieser Computer ist f\u00fcr die Verarbeitung von Lebensmitteln und Getr\u00e4nken sowie f\u00fcr die t\u00e4gliche Reinigung konzipiert.\",\"breadcrumb\":{\"@id\":\"https:\/\/teguar.com\/eu\/de\/product\/ts-4510-15\/#breadcrumb\"},\"inLanguage\":\"de\",\"potentialAction\":[{\"@type\":\"ReadAction\",\"target\":[\"https:\/\/teguar.com\/eu\/de\/product\/ts-4510-15\/\"]}]},{\"@type\":\"ImageObject\",\"inLanguage\":\"de\",\"@id\":\"https:\/\/teguar.com\/eu\/de\/product\/ts-4510-15\/#primaryimage\",\"url\":\"https:\/\/teguar.com\/eu\/wp-content\/uploads\/sites\/2\/2021\/03\/TS-4510-15_Waterproof_PC__28167.1615903954.1280.1280-1.jpg\",\"contentUrl\":\"https:\/\/teguar.com\/eu\/wp-content\/uploads\/sites\/2\/2021\/03\/TS-4510-15_Waterproof_PC__28167.1615903954.1280.1280-1.jpg\",\"width\":1000,\"height\":1000,\"caption\":\"Teguar Waterproof Computer | TS-4510-15\"},{\"@type\":\"BreadcrumbList\",\"@id\":\"https:\/\/teguar.com\/eu\/de\/product\/ts-4510-15\/#breadcrumb\",\"itemListElement\":[{\"@type\":\"ListItem\",\"position\":1,\"name\":\"Home\",\"item\":\"https:\/\/teguar.com\/eu\/de\/\"},{\"@type\":\"ListItem\",\"position\":2,\"name\":\"TS-4510-15\"}]},{\"@type\":\"WebSite\",\"@id\":\"https:\/\/teguar.com\/eu\/en\/#website\",\"url\":\"https:\/\/teguar.com\/eu\/en\/\",\"name\":\"Teguar\",\"description\":\"Industrial PCs, Medical Computers, and Rugged Tablets\",\"potentialAction\":[{\"@type\":\"SearchAction\",\"target\":{\"@type\":\"EntryPoint\",\"urlTemplate\":\"https:\/\/teguar.com\/eu\/en\/?s={search_term_string}\"},\"query-input\":{\"@type\":\"PropertyValueSpecification\",\"valueRequired\":true,\"valueName\":\"search_term_string\"}}],\"inLanguage\":\"de\"}]}<\/script>\n<!-- \/ Yoast SEO Premium plugin. -->","yoast_head_json":{"title":"15\" IP69K Computer | TS-4510-15","description":"Der TS-4510-15 ist ein vollst\u00e4ndig abgedichteter Computer mit wasserdichten E\/A-Anschl\u00fcssen. Dieser Computer ist f\u00fcr die Verarbeitung von Lebensmitteln und Getr\u00e4nken sowie f\u00fcr die t\u00e4gliche Reinigung konzipiert.","robots":{"index":"index","follow":"follow","max-snippet":"max-snippet:-1","max-image-preview":"max-image-preview:large","max-video-preview":"max-video-preview:-1"},"canonical":"https:\/\/teguar.com\/eu\/de\/product\/ts-4510-15\/","og_locale":"de_DE","og_type":"article","og_title":"TS-4510-15","og_description":"Der TS-4510-15 ist ein vollst\u00e4ndig abgedichteter Computer mit wasserdichten E\/A-Anschl\u00fcssen. Dieser Computer ist f\u00fcr die Verarbeitung von Lebensmitteln und Getr\u00e4nken sowie f\u00fcr die t\u00e4gliche Reinigung konzipiert.","og_url":"https:\/\/teguar.com\/eu\/de\/product\/ts-4510-15\/","og_site_name":"Teguar","article_modified_time":"2025-11-20T19:43:22+00:00","og_image":[{"width":1000,"height":1000,"url":"https:\/\/teguar.com\/eu\/wp-content\/uploads\/sites\/2\/2021\/03\/TS-4510-15_Waterproof_PC__28167.1615903954.1280.1280-1.jpg","type":"image\/jpeg"}],"twitter_card":"summary_large_image","twitter_misc":{"Gesch\u00e4tzte Lesezeit":"1\u00a0Minute"},"schema":{"@context":"https:\/\/schema.org","@graph":[{"@type":"WebPage","@id":"https:\/\/teguar.com\/eu\/de\/product\/ts-4510-15\/","url":"https:\/\/teguar.com\/eu\/de\/product\/ts-4510-15\/","name":"15\" IP69K Computer | TS-4510-15","isPartOf":{"@id":"https:\/\/teguar.com\/eu\/en\/#website"},"primaryImageOfPage":{"@id":"https:\/\/teguar.com\/eu\/de\/product\/ts-4510-15\/#primaryimage"},"image":{"@id":"https:\/\/teguar.com\/eu\/de\/product\/ts-4510-15\/#primaryimage"},"thumbnailUrl":"https:\/\/teguar.com\/eu\/wp-content\/uploads\/sites\/2\/2021\/03\/TS-4510-15_Waterproof_PC__28167.1615903954.1280.1280-1.jpg","datePublished":"2025-06-21T13:12:56+00:00","dateModified":"2025-11-20T19:43:22+00:00","description":"Der TS-4510-15 ist ein vollst\u00e4ndig abgedichteter Computer mit wasserdichten E\/A-Anschl\u00fcssen. Dieser Computer ist f\u00fcr die Verarbeitung von Lebensmitteln und Getr\u00e4nken sowie f\u00fcr die t\u00e4gliche Reinigung konzipiert.","breadcrumb":{"@id":"https:\/\/teguar.com\/eu\/de\/product\/ts-4510-15\/#breadcrumb"},"inLanguage":"de","potentialAction":[{"@type":"ReadAction","target":["https:\/\/teguar.com\/eu\/de\/product\/ts-4510-15\/"]}]},{"@type":"ImageObject","inLanguage":"de","@id":"https:\/\/teguar.com\/eu\/de\/product\/ts-4510-15\/#primaryimage","url":"https:\/\/teguar.com\/eu\/wp-content\/uploads\/sites\/2\/2021\/03\/TS-4510-15_Waterproof_PC__28167.1615903954.1280.1280-1.jpg","contentUrl":"https:\/\/teguar.com\/eu\/wp-content\/uploads\/sites\/2\/2021\/03\/TS-4510-15_Waterproof_PC__28167.1615903954.1280.1280-1.jpg","width":1000,"height":1000,"caption":"Teguar Waterproof Computer | TS-4510-15"},{"@type":"BreadcrumbList","@id":"https:\/\/teguar.com\/eu\/de\/product\/ts-4510-15\/#breadcrumb","itemListElement":[{"@type":"ListItem","position":1,"name":"Home","item":"https:\/\/teguar.com\/eu\/de\/"},{"@type":"ListItem","position":2,"name":"TS-4510-15"}]},{"@type":"WebSite","@id":"https:\/\/teguar.com\/eu\/en\/#website","url":"https:\/\/teguar.com\/eu\/en\/","name":"Teguar","description":"Industrial PCs, Medical Computers, and Rugged Tablets","potentialAction":[{"@type":"SearchAction","target":{"@type":"EntryPoint","urlTemplate":"https:\/\/teguar.com\/eu\/en\/?s={search_term_string}"},"query-input":{"@type":"PropertyValueSpecification","valueRequired":true,"valueName":"search_term_string"}}],"inLanguage":"de"}]}},"_links":{"self":[{"href":"https:\/\/teguar.com\/eu\/de\/wp-json\/wp\/v2\/product\/2245600","targetHints":{"allow":["GET"]}}],"collection":[{"href":"https:\/\/teguar.com\/eu\/de\/wp-json\/wp\/v2\/product"}],"about":[{"href":"https:\/\/teguar.com\/eu\/de\/wp-json\/wp\/v2\/types\/product"}],"wp:featuredmedia":[{"embeddable":true,"href":"https:\/\/teguar.com\/eu\/de\/wp-json\/wp\/v2\/media\/2245931"}],"wp:attachment":[{"href":"https:\/\/teguar.com\/eu\/de\/wp-json\/wp\/v2\/media?parent=2245600"}],"wp:term":[{"taxonomy":"product_brand","embeddable":true,"href":"https:\/\/teguar.com\/eu\/de\/wp-json\/wp\/v2\/product_brand?post=2245600"},{"taxonomy":"product_cat","embeddable":true,"href":"https:\/\/teguar.com\/eu\/de\/wp-json\/wp\/v2\/product_cat?post=2245600"},{"taxonomy":"product_tag","embeddable":true,"href":"https:\/\/teguar.com\/eu\/de\/wp-json\/wp\/v2\/product_tag?post=2245600"},{"taxonomy":"product_label","embeddable":true,"href":"https:\/\/teguar.com\/eu\/de\/wp-json\/wp\/v2\/product_label?post=2245600"}],"curies":[{"name":"wp","href":"https:\/\/api.w.org\/{rel}","templated":true}]}}