{"id":2245594,"date":"2025-06-20T14:20:22","date_gmt":"2025-06-20T14:20:22","guid":{"rendered":"https:\/\/teguar.com\/eu\/product\/ts-4010-10\/"},"modified":"2025-11-20T19:43:31","modified_gmt":"2025-11-20T19:43:31","slug":"ts-4010-10","status":"publish","type":"product","link":"https:\/\/teguar.com\/eu\/de\/product\/ts-4010-10\/","title":{"rendered":"TS-4010-10"},"content":{"rendered":"<p>Der TS-4010-10 ist ein IP69K und NEMA 4X klassifizierter Computer, der f\u00fcr die Lebensmittel- und Getr\u00e4nkeherstellung, die pharmazeutische Produktion und \u00e4hnliche Umgebungen entwickelt wurde. Dieser wasserdichte PC widersteht luftgetragenen Partikeln und Fl\u00fcssigkeiten, einschlie\u00dflich Reinigungschemikalien, die h\u00e4ufig in sterilen Umgebungen verwendet werden. Der TS-4010-10 verf\u00fcgt \u00fcber wasserdichte M12-Anschl\u00fcsse aus korrosionsbest\u00e4ndigem Metall, um die Wasserdichtigkeit des Designs zu gew\u00e4hrleisten. Der Intel-Quad-Core-Prozessor ist ideal f\u00fcr den Einsatz mit Software, die h\u00e4ufig in der Lebensmittel- und Getr\u00e4nkeindustrie verwendet wird, wie z.B. ERP- und MES-Software und andere Software, die zur Live-Verfolgung von Daten eingesetzt wird. Mit seinem b\u00fcndig abschlie\u00dfenden 10,4-Zoll-Bildschirm und dem sehr flachen Profil verleiht der TS-4010-10 Ihrer Arbeitsumgebung ein kompaktes, sauberes und helles Aussehen.    <\/p>\n","protected":false},"excerpt":{"rendered":"<p><a href=\"https:\/\/teguar.com\/eu\/de\/computer-fuer-die-lebensmittelverarbeitung\/\">Lebensmittel- und Getr\u00e4nkeherstellung:<\/a> Die Computer der Serie TS-4010 mit den Schutzklassen IP69K und NEMA 4X und den wasserdichten M12-Steckern wurden speziell f\u00fcr die anspruchsvolle Umgebung der Lebensmittel- und Getr\u00e4nkeherstellung entwickelt und bieten eine zuverl\u00e4ssige Computerl\u00f6sung f\u00fcr die Prozess\u00fcberwachung, Rezepturverwaltung und Qualit\u00e4tskontrolle.<br \/>\n<br \/><a href=\"https:\/\/teguar.com\/eu\/de\/pharmazeutische-computer\/\">Pharmazeutische Herstellung:<\/a> Mit den Schutzklassen IP69K und NEMA 4X eignen sich die Computer der Serie TS-4010 hervorragend f\u00fcr pharmazeutische Produktionsumgebungen und bieten eine robuste Computerl\u00f6sung f\u00fcr die Daten\u00fcberwachung, die Verfolgung der Einhaltung von Vorschriften und die Prozessautomatisierung in einer kontrollierten und hygienischen Umgebung.<br \/>\n<br \/><a href=\"https:\/\/teguar.com\/eu\/de\/computer-fuer-die-industrielle-automatisierung\/\">Industrielle Automatisierung:<\/a> Die Computer der Serie TS-4010, die f\u00fcr raue Umgebungen, einschlie\u00dflich der Lebensmittel- und Getr\u00e4nkeherstellung, entwickelt wurden, eignen sich f\u00fcr industrielle Automatisierungsanwendungen und bieten eine robuste Plattform f\u00fcr die Steuerung und \u00dcberwachung von industriellen Prozessen und Anlagen.<\/p>\n","protected":false},"featured_media":2245988,"template":"","meta":{"_acf_changed":false},"product_brand":[],"product_cat":[2854],"product_tag":[4503],"product_label":[],"class_list":{"0":"post-2245594","1":"product","2":"type-product","3":"status-publish","4":"has-post-thumbnail","6":"product_cat-wasserdichte-computer","7":"product_tag-ts-4010-series","8":"pa_windows-windows-10-iot","9":"pa_windows-windows-10-pro","10":"pa_windows-windows-7-pro","12":"first","13":"outofstock","14":"taxable","15":"shipping-taxable","16":"purchasable","17":"product-type-simple"},"composite_virtual":false,"composite_layout":"","composite_add_to_cart_form_location":"","composite_editable_in_cart":false,"composite_sold_individually_context":"","composite_shop_price_calc":"","composite_components":[],"composite_scenarios":[],"acf":[],"yoast_head":"<!-- This site is optimized with the Yoast SEO Premium plugin v26.8 (Yoast SEO v27.2) - https:\/\/yoast.com\/product\/yoast-seo-premium-wordpress\/ -->\n<title>10&quot; Wasserdichter Computer | TS-4010-10<\/title>\n<meta name=\"description\" content=\"Der TS-4010-10 Edelstahlcomputer ist vollst\u00e4ndig mit einem korrosionsbest\u00e4ndigen Geh\u00e4use und M12-Metallanschl\u00fcssen abgedichtet. Dieser 10&quot; wasserdichte PC hat eine Intel Celeron Quad-Core CPU.\" \/>\n<meta name=\"robots\" content=\"index, follow, max-snippet:-1, max-image-preview:large, max-video-preview:-1\" \/>\n<link rel=\"canonical\" href=\"https:\/\/teguar.com\/eu\/de\/product\/ts-4010-10\/\" \/>\n<meta property=\"og:locale\" content=\"de_DE\" \/>\n<meta property=\"og:type\" content=\"article\" \/>\n<meta property=\"og:title\" content=\"TS-4010-10\" \/>\n<meta property=\"og:description\" content=\"Der TS-4010-10 Edelstahlcomputer ist vollst\u00e4ndig mit einem korrosionsbest\u00e4ndigen Geh\u00e4use und M12-Metallanschl\u00fcssen abgedichtet. Dieser 10&quot; wasserdichte PC hat eine Intel Celeron Quad-Core CPU.\" \/>\n<meta property=\"og:url\" content=\"https:\/\/teguar.com\/eu\/de\/product\/ts-4010-10\/\" \/>\n<meta property=\"og:site_name\" content=\"Teguar\" \/>\n<meta property=\"article:modified_time\" content=\"2025-11-20T19:43:31+00:00\" \/>\n<meta property=\"og:image\" content=\"https:\/\/teguar.com\/eu\/wp-content\/uploads\/sites\/2\/2020\/07\/ts-4010-10_front_slant__21925.1595935009.1280.1280.jpg\" \/>\n\t<meta property=\"og:image:width\" content=\"1000\" \/>\n\t<meta property=\"og:image:height\" content=\"1000\" \/>\n\t<meta property=\"og:image:type\" content=\"image\/jpeg\" \/>\n<meta name=\"twitter:card\" content=\"summary_large_image\" \/>\n<meta name=\"twitter:label1\" content=\"Gesch\u00e4tzte Lesezeit\" \/>\n\t<meta name=\"twitter:data1\" content=\"1\u00a0Minute\" \/>\n<script type=\"application\/ld+json\" class=\"yoast-schema-graph\">{\"@context\":\"https:\/\/schema.org\",\"@graph\":[{\"@type\":\"WebPage\",\"@id\":\"https:\/\/teguar.com\/eu\/de\/product\/ts-4010-10\/\",\"url\":\"https:\/\/teguar.com\/eu\/de\/product\/ts-4010-10\/\",\"name\":\"10\\\" Wasserdichter Computer | TS-4010-10\",\"isPartOf\":{\"@id\":\"https:\/\/teguar.com\/eu\/en\/#website\"},\"primaryImageOfPage\":{\"@id\":\"https:\/\/teguar.com\/eu\/de\/product\/ts-4010-10\/#primaryimage\"},\"image\":{\"@id\":\"https:\/\/teguar.com\/eu\/de\/product\/ts-4010-10\/#primaryimage\"},\"thumbnailUrl\":\"https:\/\/teguar.com\/eu\/wp-content\/uploads\/sites\/2\/2020\/07\/ts-4010-10_front_slant__21925.1595935009.1280.1280.jpg\",\"datePublished\":\"2025-06-20T14:20:22+00:00\",\"dateModified\":\"2025-11-20T19:43:31+00:00\",\"description\":\"Der TS-4010-10 Edelstahlcomputer ist vollst\u00e4ndig mit einem korrosionsbest\u00e4ndigen Geh\u00e4use und M12-Metallanschl\u00fcssen abgedichtet. Dieser 10\\\" wasserdichte PC hat eine Intel Celeron Quad-Core CPU.\",\"breadcrumb\":{\"@id\":\"https:\/\/teguar.com\/eu\/de\/product\/ts-4010-10\/#breadcrumb\"},\"inLanguage\":\"de\",\"potentialAction\":[{\"@type\":\"ReadAction\",\"target\":[\"https:\/\/teguar.com\/eu\/de\/product\/ts-4010-10\/\"]}]},{\"@type\":\"ImageObject\",\"inLanguage\":\"de\",\"@id\":\"https:\/\/teguar.com\/eu\/de\/product\/ts-4010-10\/#primaryimage\",\"url\":\"https:\/\/teguar.com\/eu\/wp-content\/uploads\/sites\/2\/2020\/07\/ts-4010-10_front_slant__21925.1595935009.1280.1280.jpg\",\"contentUrl\":\"https:\/\/teguar.com\/eu\/wp-content\/uploads\/sites\/2\/2020\/07\/ts-4010-10_front_slant__21925.1595935009.1280.1280.jpg\",\"width\":1000,\"height\":1000,\"caption\":\"10\\\" IP66 Waterproof PC | TS-4010-10\"},{\"@type\":\"BreadcrumbList\",\"@id\":\"https:\/\/teguar.com\/eu\/de\/product\/ts-4010-10\/#breadcrumb\",\"itemListElement\":[{\"@type\":\"ListItem\",\"position\":1,\"name\":\"Home\",\"item\":\"https:\/\/teguar.com\/eu\/de\/\"},{\"@type\":\"ListItem\",\"position\":2,\"name\":\"TS-4010-10\"}]},{\"@type\":\"WebSite\",\"@id\":\"https:\/\/teguar.com\/eu\/en\/#website\",\"url\":\"https:\/\/teguar.com\/eu\/en\/\",\"name\":\"Teguar\",\"description\":\"Industrial PCs, Medical Computers, and Rugged Tablets\",\"potentialAction\":[{\"@type\":\"SearchAction\",\"target\":{\"@type\":\"EntryPoint\",\"urlTemplate\":\"https:\/\/teguar.com\/eu\/en\/?s={search_term_string}\"},\"query-input\":{\"@type\":\"PropertyValueSpecification\",\"valueRequired\":true,\"valueName\":\"search_term_string\"}}],\"inLanguage\":\"de\"}]}<\/script>\n<!-- \/ Yoast SEO Premium plugin. -->","yoast_head_json":{"title":"10\" Wasserdichter Computer | TS-4010-10","description":"Der TS-4010-10 Edelstahlcomputer ist vollst\u00e4ndig mit einem korrosionsbest\u00e4ndigen Geh\u00e4use und M12-Metallanschl\u00fcssen abgedichtet. Dieser 10\" wasserdichte PC hat eine Intel Celeron Quad-Core CPU.","robots":{"index":"index","follow":"follow","max-snippet":"max-snippet:-1","max-image-preview":"max-image-preview:large","max-video-preview":"max-video-preview:-1"},"canonical":"https:\/\/teguar.com\/eu\/de\/product\/ts-4010-10\/","og_locale":"de_DE","og_type":"article","og_title":"TS-4010-10","og_description":"Der TS-4010-10 Edelstahlcomputer ist vollst\u00e4ndig mit einem korrosionsbest\u00e4ndigen Geh\u00e4use und M12-Metallanschl\u00fcssen abgedichtet. Dieser 10\" wasserdichte PC hat eine Intel Celeron Quad-Core CPU.","og_url":"https:\/\/teguar.com\/eu\/de\/product\/ts-4010-10\/","og_site_name":"Teguar","article_modified_time":"2025-11-20T19:43:31+00:00","og_image":[{"width":1000,"height":1000,"url":"https:\/\/teguar.com\/eu\/wp-content\/uploads\/sites\/2\/2020\/07\/ts-4010-10_front_slant__21925.1595935009.1280.1280.jpg","type":"image\/jpeg"}],"twitter_card":"summary_large_image","twitter_misc":{"Gesch\u00e4tzte Lesezeit":"1\u00a0Minute"},"schema":{"@context":"https:\/\/schema.org","@graph":[{"@type":"WebPage","@id":"https:\/\/teguar.com\/eu\/de\/product\/ts-4010-10\/","url":"https:\/\/teguar.com\/eu\/de\/product\/ts-4010-10\/","name":"10\" Wasserdichter Computer | TS-4010-10","isPartOf":{"@id":"https:\/\/teguar.com\/eu\/en\/#website"},"primaryImageOfPage":{"@id":"https:\/\/teguar.com\/eu\/de\/product\/ts-4010-10\/#primaryimage"},"image":{"@id":"https:\/\/teguar.com\/eu\/de\/product\/ts-4010-10\/#primaryimage"},"thumbnailUrl":"https:\/\/teguar.com\/eu\/wp-content\/uploads\/sites\/2\/2020\/07\/ts-4010-10_front_slant__21925.1595935009.1280.1280.jpg","datePublished":"2025-06-20T14:20:22+00:00","dateModified":"2025-11-20T19:43:31+00:00","description":"Der TS-4010-10 Edelstahlcomputer ist vollst\u00e4ndig mit einem korrosionsbest\u00e4ndigen Geh\u00e4use und M12-Metallanschl\u00fcssen abgedichtet. Dieser 10\" wasserdichte PC hat eine Intel Celeron Quad-Core CPU.","breadcrumb":{"@id":"https:\/\/teguar.com\/eu\/de\/product\/ts-4010-10\/#breadcrumb"},"inLanguage":"de","potentialAction":[{"@type":"ReadAction","target":["https:\/\/teguar.com\/eu\/de\/product\/ts-4010-10\/"]}]},{"@type":"ImageObject","inLanguage":"de","@id":"https:\/\/teguar.com\/eu\/de\/product\/ts-4010-10\/#primaryimage","url":"https:\/\/teguar.com\/eu\/wp-content\/uploads\/sites\/2\/2020\/07\/ts-4010-10_front_slant__21925.1595935009.1280.1280.jpg","contentUrl":"https:\/\/teguar.com\/eu\/wp-content\/uploads\/sites\/2\/2020\/07\/ts-4010-10_front_slant__21925.1595935009.1280.1280.jpg","width":1000,"height":1000,"caption":"10\" IP66 Waterproof PC | TS-4010-10"},{"@type":"BreadcrumbList","@id":"https:\/\/teguar.com\/eu\/de\/product\/ts-4010-10\/#breadcrumb","itemListElement":[{"@type":"ListItem","position":1,"name":"Home","item":"https:\/\/teguar.com\/eu\/de\/"},{"@type":"ListItem","position":2,"name":"TS-4010-10"}]},{"@type":"WebSite","@id":"https:\/\/teguar.com\/eu\/en\/#website","url":"https:\/\/teguar.com\/eu\/en\/","name":"Teguar","description":"Industrial PCs, Medical Computers, and Rugged Tablets","potentialAction":[{"@type":"SearchAction","target":{"@type":"EntryPoint","urlTemplate":"https:\/\/teguar.com\/eu\/en\/?s={search_term_string}"},"query-input":{"@type":"PropertyValueSpecification","valueRequired":true,"valueName":"search_term_string"}}],"inLanguage":"de"}]}},"_links":{"self":[{"href":"https:\/\/teguar.com\/eu\/de\/wp-json\/wp\/v2\/product\/2245594","targetHints":{"allow":["GET"]}}],"collection":[{"href":"https:\/\/teguar.com\/eu\/de\/wp-json\/wp\/v2\/product"}],"about":[{"href":"https:\/\/teguar.com\/eu\/de\/wp-json\/wp\/v2\/types\/product"}],"wp:featuredmedia":[{"embeddable":true,"href":"https:\/\/teguar.com\/eu\/de\/wp-json\/wp\/v2\/media\/2245988"}],"wp:attachment":[{"href":"https:\/\/teguar.com\/eu\/de\/wp-json\/wp\/v2\/media?parent=2245594"}],"wp:term":[{"taxonomy":"product_brand","embeddable":true,"href":"https:\/\/teguar.com\/eu\/de\/wp-json\/wp\/v2\/product_brand?post=2245594"},{"taxonomy":"product_cat","embeddable":true,"href":"https:\/\/teguar.com\/eu\/de\/wp-json\/wp\/v2\/product_cat?post=2245594"},{"taxonomy":"product_tag","embeddable":true,"href":"https:\/\/teguar.com\/eu\/de\/wp-json\/wp\/v2\/product_tag?post=2245594"},{"taxonomy":"product_label","embeddable":true,"href":"https:\/\/teguar.com\/eu\/de\/wp-json\/wp\/v2\/product_label?post=2245594"}],"curies":[{"name":"wp","href":"https:\/\/api.w.org\/{rel}","templated":true}]}}