{"id":2245588,"date":"2025-06-20T14:20:21","date_gmt":"2025-06-20T14:20:21","guid":{"rendered":"https:\/\/teguar.com\/eu\/product\/tm-4433-10\/"},"modified":"2026-01-29T14:07:40","modified_gmt":"2026-01-29T14:07:40","slug":"tm-4433-10","status":"publish","type":"product","link":"https:\/\/teguar.com\/eu\/de\/product\/tm-4433-10\/","title":{"rendered":"TM-4433-10"},"content":{"rendered":"<p>Der TM-4433-10 ist ein kosteng\u00fcnstiger medizinischer Panel-Computer mit einem 10,1&#8243; LCD-Display. Dieser All-in-One-Medizin-PC hat ein superschlankes, l\u00fcfterloses Design und ist mit einem Intel Pentium N3710 Quad-Core-Prozessor ausgestattet. F\u00fcr diesen medizinischen PC gibt es mehrere Montageoptionen, darunter Panelmontage, Wandmontage, VESA-Montage und Desktop-St\u00e4nder. Der TM-4433-10 verf\u00fcgt \u00fcber zwei PCI-E-Mini-Card-Steckpl\u00e4tze und eine WLAN-Karte, und er hat zwei Arten von Stromeing\u00e4ngen, darunter einen Gleichstromanschluss mit Klemmenleiste und einen Wechselstromadapter mit Schraubanschluss. Dieser Computer ist nach 60601-1 4th Edition zertifiziert und verf\u00fcgt \u00fcber eine IP65-zertifizierte Frontblende, so dass er Staub und Fl\u00fcssigkeiten widerstehen kann, auch wenn er h\u00e4ufig mit medizinischen Reinigern abgewischt wird.    <\/p>\n<p><span style=\"color: #0078bb;\"><em><a title=\"RuggedPCReview\" href=\"https:\/\/www.ruggedpcreview.com\/3_panels_teguar_tm4433_10.html\" target=\"_blank\" rel=\"noopener\">Lesen Sie den Produktbericht von RuggedPCReview &gt;<\/a><\/em><\/span><\/p>\n<p><strong><span class=\"ui-provider a b c d e f g h i j k l m n o p q r s t u v w x y z ab ac ae af ag ah ai aj ak\" dir=\"ltr\">Dieses Produkt gilt jetzt als &#8222;fr\u00fchere Generation&#8220;, d.h. es kann sein, dass es nicht mehr erh\u00e4ltlich ist. Rufen Sie +1 800 870 7715 an, um weitere Informationen zu diesem Produkt zu erhalten, oder werfen Sie einen Blick auf unsere vollst\u00e4ndige Liste der derzeit verf\u00fcgbaren <a href=\"https:\/\/teguar.com\/eu\/de\/computer-fur-medizinische-zwecke\/\">medizinischen Computer<\/a>. <\/span><\/strong><\/p>\n","protected":false},"excerpt":{"rendered":"<p><a href=\"https:\/\/teguar.com\/eu\/medical-workstation-computer\/\">Integration in medizinische Wagen:<\/a> Die kompakte Gr\u00f6\u00dfe, das l\u00fcfterlose Design und die verschiedenen Stromversorgungsoptionen des TM-4433-10 machen ihn ideal f\u00fcr die Integration in medizinische Wagen, was die Mobilit\u00e4t und effiziente Point-of-Care-Arbeitsabl\u00e4ufe erleichtert.<\/p>\n<p><a href=\"https:\/\/teguar.com\/eu\/point-of-care-computer\/\">Point-of-Care-Dokumentation:<\/a> Mit seinem 10,1-Zoll-PCap-Touchscreen und dem Intel Pentium N3710 Prozessor ist der TM-4433-10 bestens f\u00fcr effiziente Dokumentationsaufgaben am Point-of-Care geeignet und erh\u00f6ht die Genauigkeit und Produktivit\u00e4t.<\/p>\n<p><a href=\"https:\/\/teguar.com\/eu\/de\/computer-im-gesundheitswesen\/\">OEM-L\u00f6sungen:<\/a> Das vielseitige Design des TM-4433-10 mit zwei PCI-E-Mini-Card-Steckpl\u00e4tzen und WLAN-Funktionen macht es zu einer ausgezeichneten Wahl f\u00fcr Erstausr\u00fcster (OEMs), die zuverl\u00e4ssige Computer in ihre medizinischen Ger\u00e4te integrieren m\u00f6chten.<\/p>\n","protected":false},"featured_media":2246111,"template":"","meta":{"_acf_changed":false},"product_brand":[],"product_cat":[2834],"product_tag":[2635,3036],"product_label":[],"class_list":{"0":"post-2245588","1":"product","2":"type-product","3":"status-publish","4":"has-post-thumbnail","6":"product_cat-computer-fur-medizinische-zwecke","7":"product_tag-online-kaufen","8":"product_tag-quick-ship-medizinische-computer","9":"pa_windows-windows-10-pro","10":"pa_windows-windows-7-pro","11":"pa_windows-windows-8-1-pro","13":"first","14":"instock","15":"taxable","16":"shipping-taxable","17":"purchasable","18":"product-type-simple"},"composite_virtual":false,"composite_layout":"","composite_add_to_cart_form_location":"","composite_editable_in_cart":false,"composite_sold_individually_context":"","composite_shop_price_calc":"","composite_components":[],"composite_scenarios":[],"acf":[],"yoast_head":"<!-- This site is optimized with the Yoast SEO Premium plugin v26.8 (Yoast SEO v27.2) - https:\/\/yoast.com\/product\/yoast-seo-premium-wordpress\/ -->\n<title>10&quot; Medizinischer Computer | TM-4433-10<\/title>\n<meta name=\"description\" content=\"Dieser medizinische All-in-One-Computer hat ein 10,1-Zoll-LCD und einen Intel Celeron-Prozessor. Dieser PC kann an der Tafel, an der Wand oder auf einem medizinischen Wagen montiert werden.\" \/>\n<meta name=\"robots\" content=\"index, follow, max-snippet:-1, max-image-preview:large, max-video-preview:-1\" \/>\n<link rel=\"canonical\" href=\"https:\/\/teguar.com\/eu\/de\/product\/tm-4433-10\/\" \/>\n<meta property=\"og:locale\" content=\"de_DE\" \/>\n<meta property=\"og:type\" content=\"article\" \/>\n<meta property=\"og:title\" content=\"TM-4433-10\" \/>\n<meta property=\"og:description\" content=\"Dieser medizinische All-in-One-Computer hat ein 10,1-Zoll-LCD und einen Intel Celeron-Prozessor. Dieser PC kann an der Tafel, an der Wand oder auf einem medizinischen Wagen montiert werden.\" \/>\n<meta property=\"og:url\" content=\"https:\/\/teguar.com\/eu\/de\/product\/tm-4433-10\/\" \/>\n<meta property=\"og:site_name\" content=\"Teguar\" \/>\n<meta property=\"article:modified_time\" content=\"2026-01-29T14:07:40+00:00\" \/>\n<meta property=\"og:image\" content=\"https:\/\/teguar.com\/eu\/wp-content\/uploads\/sites\/2\/2020\/07\/10-inch-medical-all-in-one-tm-4433-10__66155.1595934855.1280.1280.jpg\" \/>\n\t<meta property=\"og:image:width\" content=\"1000\" \/>\n\t<meta property=\"og:image:height\" content=\"1000\" \/>\n\t<meta property=\"og:image:type\" content=\"image\/jpeg\" \/>\n<meta name=\"twitter:card\" content=\"summary_large_image\" \/>\n<meta name=\"twitter:label1\" content=\"Gesch\u00e4tzte Lesezeit\" \/>\n\t<meta name=\"twitter:data1\" content=\"1\u00a0Minute\" \/>\n<script type=\"application\/ld+json\" class=\"yoast-schema-graph\">{\"@context\":\"https:\/\/schema.org\",\"@graph\":[{\"@type\":\"WebPage\",\"@id\":\"https:\/\/teguar.com\/eu\/de\/product\/tm-4433-10\/\",\"url\":\"https:\/\/teguar.com\/eu\/de\/product\/tm-4433-10\/\",\"name\":\"10\\\" Medizinischer Computer | TM-4433-10\",\"isPartOf\":{\"@id\":\"https:\/\/teguar.com\/eu\/en\/#website\"},\"primaryImageOfPage\":{\"@id\":\"https:\/\/teguar.com\/eu\/de\/product\/tm-4433-10\/#primaryimage\"},\"image\":{\"@id\":\"https:\/\/teguar.com\/eu\/de\/product\/tm-4433-10\/#primaryimage\"},\"thumbnailUrl\":\"https:\/\/teguar.com\/eu\/wp-content\/uploads\/sites\/2\/2020\/07\/10-inch-medical-all-in-one-tm-4433-10__66155.1595934855.1280.1280.jpg\",\"datePublished\":\"2025-06-20T14:20:21+00:00\",\"dateModified\":\"2026-01-29T14:07:40+00:00\",\"description\":\"Dieser medizinische All-in-One-Computer hat ein 10,1-Zoll-LCD und einen Intel Celeron-Prozessor. Dieser PC kann an der Tafel, an der Wand oder auf einem medizinischen Wagen montiert werden.\",\"breadcrumb\":{\"@id\":\"https:\/\/teguar.com\/eu\/de\/product\/tm-4433-10\/#breadcrumb\"},\"inLanguage\":\"de\",\"potentialAction\":[{\"@type\":\"ReadAction\",\"target\":[\"https:\/\/teguar.com\/eu\/de\/product\/tm-4433-10\/\"]}]},{\"@type\":\"ImageObject\",\"inLanguage\":\"de\",\"@id\":\"https:\/\/teguar.com\/eu\/de\/product\/tm-4433-10\/#primaryimage\",\"url\":\"https:\/\/teguar.com\/eu\/wp-content\/uploads\/sites\/2\/2020\/07\/10-inch-medical-all-in-one-tm-4433-10__66155.1595934855.1280.1280.jpg\",\"contentUrl\":\"https:\/\/teguar.com\/eu\/wp-content\/uploads\/sites\/2\/2020\/07\/10-inch-medical-all-in-one-tm-4433-10__66155.1595934855.1280.1280.jpg\",\"width\":1000,\"height\":1000,\"caption\":\"10\\\" Medical Panel Mount PC | TM-4433-10\"},{\"@type\":\"BreadcrumbList\",\"@id\":\"https:\/\/teguar.com\/eu\/de\/product\/tm-4433-10\/#breadcrumb\",\"itemListElement\":[{\"@type\":\"ListItem\",\"position\":1,\"name\":\"Home\",\"item\":\"https:\/\/teguar.com\/eu\/de\/\"},{\"@type\":\"ListItem\",\"position\":2,\"name\":\"TM-4433-10\"}]},{\"@type\":\"WebSite\",\"@id\":\"https:\/\/teguar.com\/eu\/en\/#website\",\"url\":\"https:\/\/teguar.com\/eu\/en\/\",\"name\":\"Teguar\",\"description\":\"Industrial PCs, Medical Computers, and Rugged Tablets\",\"potentialAction\":[{\"@type\":\"SearchAction\",\"target\":{\"@type\":\"EntryPoint\",\"urlTemplate\":\"https:\/\/teguar.com\/eu\/en\/?s={search_term_string}\"},\"query-input\":{\"@type\":\"PropertyValueSpecification\",\"valueRequired\":true,\"valueName\":\"search_term_string\"}}],\"inLanguage\":\"de\"}]}<\/script>\n<!-- \/ Yoast SEO Premium plugin. -->","yoast_head_json":{"title":"10\" Medizinischer Computer | TM-4433-10","description":"Dieser medizinische All-in-One-Computer hat ein 10,1-Zoll-LCD und einen Intel Celeron-Prozessor. Dieser PC kann an der Tafel, an der Wand oder auf einem medizinischen Wagen montiert werden.","robots":{"index":"index","follow":"follow","max-snippet":"max-snippet:-1","max-image-preview":"max-image-preview:large","max-video-preview":"max-video-preview:-1"},"canonical":"https:\/\/teguar.com\/eu\/de\/product\/tm-4433-10\/","og_locale":"de_DE","og_type":"article","og_title":"TM-4433-10","og_description":"Dieser medizinische All-in-One-Computer hat ein 10,1-Zoll-LCD und einen Intel Celeron-Prozessor. Dieser PC kann an der Tafel, an der Wand oder auf einem medizinischen Wagen montiert werden.","og_url":"https:\/\/teguar.com\/eu\/de\/product\/tm-4433-10\/","og_site_name":"Teguar","article_modified_time":"2026-01-29T14:07:40+00:00","og_image":[{"width":1000,"height":1000,"url":"https:\/\/teguar.com\/eu\/wp-content\/uploads\/sites\/2\/2020\/07\/10-inch-medical-all-in-one-tm-4433-10__66155.1595934855.1280.1280.jpg","type":"image\/jpeg"}],"twitter_card":"summary_large_image","twitter_misc":{"Gesch\u00e4tzte Lesezeit":"1\u00a0Minute"},"schema":{"@context":"https:\/\/schema.org","@graph":[{"@type":"WebPage","@id":"https:\/\/teguar.com\/eu\/de\/product\/tm-4433-10\/","url":"https:\/\/teguar.com\/eu\/de\/product\/tm-4433-10\/","name":"10\" Medizinischer Computer | TM-4433-10","isPartOf":{"@id":"https:\/\/teguar.com\/eu\/en\/#website"},"primaryImageOfPage":{"@id":"https:\/\/teguar.com\/eu\/de\/product\/tm-4433-10\/#primaryimage"},"image":{"@id":"https:\/\/teguar.com\/eu\/de\/product\/tm-4433-10\/#primaryimage"},"thumbnailUrl":"https:\/\/teguar.com\/eu\/wp-content\/uploads\/sites\/2\/2020\/07\/10-inch-medical-all-in-one-tm-4433-10__66155.1595934855.1280.1280.jpg","datePublished":"2025-06-20T14:20:21+00:00","dateModified":"2026-01-29T14:07:40+00:00","description":"Dieser medizinische All-in-One-Computer hat ein 10,1-Zoll-LCD und einen Intel Celeron-Prozessor. Dieser PC kann an der Tafel, an der Wand oder auf einem medizinischen Wagen montiert werden.","breadcrumb":{"@id":"https:\/\/teguar.com\/eu\/de\/product\/tm-4433-10\/#breadcrumb"},"inLanguage":"de","potentialAction":[{"@type":"ReadAction","target":["https:\/\/teguar.com\/eu\/de\/product\/tm-4433-10\/"]}]},{"@type":"ImageObject","inLanguage":"de","@id":"https:\/\/teguar.com\/eu\/de\/product\/tm-4433-10\/#primaryimage","url":"https:\/\/teguar.com\/eu\/wp-content\/uploads\/sites\/2\/2020\/07\/10-inch-medical-all-in-one-tm-4433-10__66155.1595934855.1280.1280.jpg","contentUrl":"https:\/\/teguar.com\/eu\/wp-content\/uploads\/sites\/2\/2020\/07\/10-inch-medical-all-in-one-tm-4433-10__66155.1595934855.1280.1280.jpg","width":1000,"height":1000,"caption":"10\" Medical Panel Mount PC | TM-4433-10"},{"@type":"BreadcrumbList","@id":"https:\/\/teguar.com\/eu\/de\/product\/tm-4433-10\/#breadcrumb","itemListElement":[{"@type":"ListItem","position":1,"name":"Home","item":"https:\/\/teguar.com\/eu\/de\/"},{"@type":"ListItem","position":2,"name":"TM-4433-10"}]},{"@type":"WebSite","@id":"https:\/\/teguar.com\/eu\/en\/#website","url":"https:\/\/teguar.com\/eu\/en\/","name":"Teguar","description":"Industrial PCs, Medical Computers, and Rugged Tablets","potentialAction":[{"@type":"SearchAction","target":{"@type":"EntryPoint","urlTemplate":"https:\/\/teguar.com\/eu\/en\/?s={search_term_string}"},"query-input":{"@type":"PropertyValueSpecification","valueRequired":true,"valueName":"search_term_string"}}],"inLanguage":"de"}]}},"_links":{"self":[{"href":"https:\/\/teguar.com\/eu\/de\/wp-json\/wp\/v2\/product\/2245588","targetHints":{"allow":["GET"]}}],"collection":[{"href":"https:\/\/teguar.com\/eu\/de\/wp-json\/wp\/v2\/product"}],"about":[{"href":"https:\/\/teguar.com\/eu\/de\/wp-json\/wp\/v2\/types\/product"}],"wp:featuredmedia":[{"embeddable":true,"href":"https:\/\/teguar.com\/eu\/de\/wp-json\/wp\/v2\/media\/2246111"}],"wp:attachment":[{"href":"https:\/\/teguar.com\/eu\/de\/wp-json\/wp\/v2\/media?parent=2245588"}],"wp:term":[{"taxonomy":"product_brand","embeddable":true,"href":"https:\/\/teguar.com\/eu\/de\/wp-json\/wp\/v2\/product_brand?post=2245588"},{"taxonomy":"product_cat","embeddable":true,"href":"https:\/\/teguar.com\/eu\/de\/wp-json\/wp\/v2\/product_cat?post=2245588"},{"taxonomy":"product_tag","embeddable":true,"href":"https:\/\/teguar.com\/eu\/de\/wp-json\/wp\/v2\/product_tag?post=2245588"},{"taxonomy":"product_label","embeddable":true,"href":"https:\/\/teguar.com\/eu\/de\/wp-json\/wp\/v2\/product_label?post=2245588"}],"curies":[{"name":"wp","href":"https:\/\/api.w.org\/{rel}","templated":true}]}}