{"id":2245585,"date":"2025-06-20T14:12:58","date_gmt":"2025-06-20T14:12:58","guid":{"rendered":"https:\/\/teguar.com\/eu\/product\/tp-3445-08\/"},"modified":"2025-11-20T19:44:32","modified_gmt":"2025-11-20T19:44:32","slug":"tp-3445-08","status":"publish","type":"product","link":"https:\/\/teguar.com\/eu\/de\/product\/tp-3445-08\/","title":{"rendered":"TP-3445-08"},"content":{"rendered":"<p>Der TP-3445-08 <a href=\"https:\/\/teguar.com\/eu\/de\/panel-pcs\/\">Industrie-Panel-PC<\/a> ist schlank und kompakt. Dieser Computer passt in eine Aussparung an Ihrer Maschine, an Ihrer Produktionslinie oder in einen Schaltschrank. Dieser PC besteht aus einem Aluminiumdruckgussgeh\u00e4use und verf\u00fcgt \u00fcber eine l\u00fcfterlose K\u00fchlung mit K\u00fchlk\u00f6rper. Er verf\u00fcgt au\u00dferdem \u00fcber eine IP66-gesch\u00fctzte Frontblende und einen \u00fcber 3 Schrauben zug\u00e4nglichen Stauraum auf der R\u00fcckseite des Ger\u00e4ts. Der TP-3445-08 l\u00e4uft mit einer Intel Apollo Lake CPU und hat einen DC 9~36V Weitbereichseingang. Dieser industrietaugliche Computer ist so gebaut, dass er auch in rauen Produktionsumgebungen eingesetzt werden kann.     <\/p>\n","protected":false},"excerpt":{"rendered":"<p><a href=\"https:\/\/teguar.com\/eu\/de\/computer-fuer-die-industrielle-automatisierung\/\">Industrielle Automatisierung:<\/a> Die TP-3445 Serie eignet sich hervorragend f\u00fcr industrielle Automatisierungsanwendungen wie Maschinensteuerung, Datenerfassung und Prozess\u00fcberwachung. Die robuste Konstruktion und die vielf\u00e4ltigen Erweiterungsm\u00f6glichkeiten machen sie in verschiedenen industriellen Umgebungen zuverl\u00e4ssig und flexibel. <\/p>\n<p><a href=\"https:\/\/teguar.com\/eu\/de\/digitale-beschilderung-fuer-den-aussenbereich\/\">Digitale Beschilderung im Freien:<\/a> Mit ihrem optionalen hellen, sonnenlichttauglichen LCD ist die TP-3445 Serie ideal f\u00fcr die digitale Beschilderung im Freien. Es h\u00e4lt unterschiedlichen Wetterbedingungen stand und liefert klare und sichtbare Inhalte, um Kunden anzusprechen oder Informationen im Freien bereitzustellen. <\/p>\n<p><a href=\"https:\/\/teguar.com\/eu\/logistics-transportation-computer\/\">Transport und Logistik:<\/a> Diese Panel-PCs eignen sich f\u00fcr Transport- und Logistikanwendungen wie Flottenmanagement, Fahrzeugverfolgung und Lagerverwaltung. Der Weitbereichs-Gleichstromeingang und die optionale interne Backup-Batterie gew\u00e4hrleisten einen unterbrechungsfreien Betrieb in mobilen und abgelegenen Umgebungen. <\/p>\n","protected":false},"featured_media":2245940,"template":"","meta":{"_acf_changed":false},"product_brand":[],"product_cat":[2826,2839],"product_tag":[3827],"product_label":[],"class_list":{"0":"post-2245585","1":"product","2":"type-product","3":"status-publish","4":"has-post-thumbnail","6":"product_cat-hmi-panel","7":"product_cat-panel-pcs","8":"product_tag-digitale-beschilderung-fuer-den-aussenbereich","9":"pa_windows-windows-10-iot","10":"pa_windows-windows-10-pro","12":"first","13":"outofstock","14":"taxable","15":"shipping-taxable","16":"purchasable","17":"product-type-simple"},"composite_virtual":false,"composite_layout":"","composite_add_to_cart_form_location":"","composite_editable_in_cart":false,"composite_sold_individually_context":"","composite_shop_price_calc":"","composite_components":[],"composite_scenarios":[],"acf":[],"yoast_head":"<!-- This site is optimized with the Yoast SEO Premium plugin v26.8 (Yoast SEO v27.2) - https:\/\/yoast.com\/product\/yoast-seo-premium-wordpress\/ -->\n<title>8&quot; Panel Mount Computer | TP-3445-08<\/title>\n<meta name=\"description\" content=\"Der TP-3445-08 ist ein 8-Zoll-Panel-Mount-PC, ideal f\u00fcr Produktionslinien, Fertigungsanlagen und Schaltschr\u00e4nke von Teguar Computers.\" \/>\n<meta name=\"robots\" content=\"index, follow, max-snippet:-1, max-image-preview:large, max-video-preview:-1\" \/>\n<link rel=\"canonical\" href=\"https:\/\/teguar.com\/eu\/de\/product\/tp-3445-08\/\" \/>\n<meta property=\"og:locale\" content=\"de_DE\" \/>\n<meta property=\"og:type\" content=\"article\" \/>\n<meta property=\"og:title\" content=\"TP-3445-08\" \/>\n<meta property=\"og:description\" content=\"Der TP-3445-08 ist ein 8-Zoll-Panel-Mount-PC, ideal f\u00fcr Produktionslinien, Fertigungsanlagen und Schaltschr\u00e4nke von Teguar Computers.\" \/>\n<meta property=\"og:url\" content=\"https:\/\/teguar.com\/eu\/de\/product\/tp-3445-08\/\" \/>\n<meta property=\"og:site_name\" content=\"Teguar\" \/>\n<meta property=\"article:modified_time\" content=\"2025-11-20T19:44:32+00:00\" \/>\n<meta property=\"og:image\" content=\"https:\/\/teguar.com\/eu\/wp-content\/uploads\/sites\/2\/2021\/02\/8-inch-industrial-pc_1__13875.1604342422.1280.1280__25930.1613419627.1280.1280.jpg\" \/>\n\t<meta property=\"og:image:width\" content=\"1000\" \/>\n\t<meta property=\"og:image:height\" content=\"1000\" \/>\n\t<meta property=\"og:image:type\" content=\"image\/jpeg\" \/>\n<meta name=\"twitter:card\" content=\"summary_large_image\" \/>\n<meta name=\"twitter:label1\" content=\"Gesch\u00e4tzte Lesezeit\" \/>\n\t<meta name=\"twitter:data1\" content=\"1\u00a0Minute\" \/>\n<script type=\"application\/ld+json\" class=\"yoast-schema-graph\">{\"@context\":\"https:\/\/schema.org\",\"@graph\":[{\"@type\":\"WebPage\",\"@id\":\"https:\/\/teguar.com\/eu\/de\/product\/tp-3445-08\/\",\"url\":\"https:\/\/teguar.com\/eu\/de\/product\/tp-3445-08\/\",\"name\":\"8\\\" Panel Mount Computer | TP-3445-08\",\"isPartOf\":{\"@id\":\"https:\/\/teguar.com\/eu\/en\/#website\"},\"primaryImageOfPage\":{\"@id\":\"https:\/\/teguar.com\/eu\/de\/product\/tp-3445-08\/#primaryimage\"},\"image\":{\"@id\":\"https:\/\/teguar.com\/eu\/de\/product\/tp-3445-08\/#primaryimage\"},\"thumbnailUrl\":\"https:\/\/teguar.com\/eu\/wp-content\/uploads\/sites\/2\/2021\/02\/8-inch-industrial-pc_1__13875.1604342422.1280.1280__25930.1613419627.1280.1280.jpg\",\"datePublished\":\"2025-06-20T14:12:58+00:00\",\"dateModified\":\"2025-11-20T19:44:32+00:00\",\"description\":\"Der TP-3445-08 ist ein 8-Zoll-Panel-Mount-PC, ideal f\u00fcr Produktionslinien, Fertigungsanlagen und Schaltschr\u00e4nke von Teguar Computers.\",\"breadcrumb\":{\"@id\":\"https:\/\/teguar.com\/eu\/de\/product\/tp-3445-08\/#breadcrumb\"},\"inLanguage\":\"de\",\"potentialAction\":[{\"@type\":\"ReadAction\",\"target\":[\"https:\/\/teguar.com\/eu\/de\/product\/tp-3445-08\/\"]}]},{\"@type\":\"ImageObject\",\"inLanguage\":\"de\",\"@id\":\"https:\/\/teguar.com\/eu\/de\/product\/tp-3445-08\/#primaryimage\",\"url\":\"https:\/\/teguar.com\/eu\/wp-content\/uploads\/sites\/2\/2021\/02\/8-inch-industrial-pc_1__13875.1604342422.1280.1280__25930.1613419627.1280.1280.jpg\",\"contentUrl\":\"https:\/\/teguar.com\/eu\/wp-content\/uploads\/sites\/2\/2021\/02\/8-inch-industrial-pc_1__13875.1604342422.1280.1280__25930.1613419627.1280.1280.jpg\",\"width\":1000,\"height\":1000,\"caption\":\"8\\\" AIO Panel PC\"},{\"@type\":\"BreadcrumbList\",\"@id\":\"https:\/\/teguar.com\/eu\/de\/product\/tp-3445-08\/#breadcrumb\",\"itemListElement\":[{\"@type\":\"ListItem\",\"position\":1,\"name\":\"Home\",\"item\":\"https:\/\/teguar.com\/eu\/de\/\"},{\"@type\":\"ListItem\",\"position\":2,\"name\":\"TP-3445-08\"}]},{\"@type\":\"WebSite\",\"@id\":\"https:\/\/teguar.com\/eu\/en\/#website\",\"url\":\"https:\/\/teguar.com\/eu\/en\/\",\"name\":\"Teguar\",\"description\":\"Industrial PCs, Medical Computers, and Rugged Tablets\",\"potentialAction\":[{\"@type\":\"SearchAction\",\"target\":{\"@type\":\"EntryPoint\",\"urlTemplate\":\"https:\/\/teguar.com\/eu\/en\/?s={search_term_string}\"},\"query-input\":{\"@type\":\"PropertyValueSpecification\",\"valueRequired\":true,\"valueName\":\"search_term_string\"}}],\"inLanguage\":\"de\"}]}<\/script>\n<!-- \/ Yoast SEO Premium plugin. -->","yoast_head_json":{"title":"8\" Panel Mount Computer | TP-3445-08","description":"Der TP-3445-08 ist ein 8-Zoll-Panel-Mount-PC, ideal f\u00fcr Produktionslinien, Fertigungsanlagen und Schaltschr\u00e4nke von Teguar Computers.","robots":{"index":"index","follow":"follow","max-snippet":"max-snippet:-1","max-image-preview":"max-image-preview:large","max-video-preview":"max-video-preview:-1"},"canonical":"https:\/\/teguar.com\/eu\/de\/product\/tp-3445-08\/","og_locale":"de_DE","og_type":"article","og_title":"TP-3445-08","og_description":"Der TP-3445-08 ist ein 8-Zoll-Panel-Mount-PC, ideal f\u00fcr Produktionslinien, Fertigungsanlagen und Schaltschr\u00e4nke von Teguar Computers.","og_url":"https:\/\/teguar.com\/eu\/de\/product\/tp-3445-08\/","og_site_name":"Teguar","article_modified_time":"2025-11-20T19:44:32+00:00","og_image":[{"width":1000,"height":1000,"url":"https:\/\/teguar.com\/eu\/wp-content\/uploads\/sites\/2\/2021\/02\/8-inch-industrial-pc_1__13875.1604342422.1280.1280__25930.1613419627.1280.1280.jpg","type":"image\/jpeg"}],"twitter_card":"summary_large_image","twitter_misc":{"Gesch\u00e4tzte Lesezeit":"1\u00a0Minute"},"schema":{"@context":"https:\/\/schema.org","@graph":[{"@type":"WebPage","@id":"https:\/\/teguar.com\/eu\/de\/product\/tp-3445-08\/","url":"https:\/\/teguar.com\/eu\/de\/product\/tp-3445-08\/","name":"8\" Panel Mount Computer | TP-3445-08","isPartOf":{"@id":"https:\/\/teguar.com\/eu\/en\/#website"},"primaryImageOfPage":{"@id":"https:\/\/teguar.com\/eu\/de\/product\/tp-3445-08\/#primaryimage"},"image":{"@id":"https:\/\/teguar.com\/eu\/de\/product\/tp-3445-08\/#primaryimage"},"thumbnailUrl":"https:\/\/teguar.com\/eu\/wp-content\/uploads\/sites\/2\/2021\/02\/8-inch-industrial-pc_1__13875.1604342422.1280.1280__25930.1613419627.1280.1280.jpg","datePublished":"2025-06-20T14:12:58+00:00","dateModified":"2025-11-20T19:44:32+00:00","description":"Der TP-3445-08 ist ein 8-Zoll-Panel-Mount-PC, ideal f\u00fcr Produktionslinien, Fertigungsanlagen und Schaltschr\u00e4nke von Teguar Computers.","breadcrumb":{"@id":"https:\/\/teguar.com\/eu\/de\/product\/tp-3445-08\/#breadcrumb"},"inLanguage":"de","potentialAction":[{"@type":"ReadAction","target":["https:\/\/teguar.com\/eu\/de\/product\/tp-3445-08\/"]}]},{"@type":"ImageObject","inLanguage":"de","@id":"https:\/\/teguar.com\/eu\/de\/product\/tp-3445-08\/#primaryimage","url":"https:\/\/teguar.com\/eu\/wp-content\/uploads\/sites\/2\/2021\/02\/8-inch-industrial-pc_1__13875.1604342422.1280.1280__25930.1613419627.1280.1280.jpg","contentUrl":"https:\/\/teguar.com\/eu\/wp-content\/uploads\/sites\/2\/2021\/02\/8-inch-industrial-pc_1__13875.1604342422.1280.1280__25930.1613419627.1280.1280.jpg","width":1000,"height":1000,"caption":"8\" AIO Panel PC"},{"@type":"BreadcrumbList","@id":"https:\/\/teguar.com\/eu\/de\/product\/tp-3445-08\/#breadcrumb","itemListElement":[{"@type":"ListItem","position":1,"name":"Home","item":"https:\/\/teguar.com\/eu\/de\/"},{"@type":"ListItem","position":2,"name":"TP-3445-08"}]},{"@type":"WebSite","@id":"https:\/\/teguar.com\/eu\/en\/#website","url":"https:\/\/teguar.com\/eu\/en\/","name":"Teguar","description":"Industrial PCs, Medical Computers, and Rugged Tablets","potentialAction":[{"@type":"SearchAction","target":{"@type":"EntryPoint","urlTemplate":"https:\/\/teguar.com\/eu\/en\/?s={search_term_string}"},"query-input":{"@type":"PropertyValueSpecification","valueRequired":true,"valueName":"search_term_string"}}],"inLanguage":"de"}]}},"_links":{"self":[{"href":"https:\/\/teguar.com\/eu\/de\/wp-json\/wp\/v2\/product\/2245585","targetHints":{"allow":["GET"]}}],"collection":[{"href":"https:\/\/teguar.com\/eu\/de\/wp-json\/wp\/v2\/product"}],"about":[{"href":"https:\/\/teguar.com\/eu\/de\/wp-json\/wp\/v2\/types\/product"}],"wp:featuredmedia":[{"embeddable":true,"href":"https:\/\/teguar.com\/eu\/de\/wp-json\/wp\/v2\/media\/2245940"}],"wp:attachment":[{"href":"https:\/\/teguar.com\/eu\/de\/wp-json\/wp\/v2\/media?parent=2245585"}],"wp:term":[{"taxonomy":"product_brand","embeddable":true,"href":"https:\/\/teguar.com\/eu\/de\/wp-json\/wp\/v2\/product_brand?post=2245585"},{"taxonomy":"product_cat","embeddable":true,"href":"https:\/\/teguar.com\/eu\/de\/wp-json\/wp\/v2\/product_cat?post=2245585"},{"taxonomy":"product_tag","embeddable":true,"href":"https:\/\/teguar.com\/eu\/de\/wp-json\/wp\/v2\/product_tag?post=2245585"},{"taxonomy":"product_label","embeddable":true,"href":"https:\/\/teguar.com\/eu\/de\/wp-json\/wp\/v2\/product_label?post=2245585"}],"curies":[{"name":"wp","href":"https:\/\/api.w.org\/{rel}","templated":true}]}}