{"id":2245558,"date":"2025-06-19T14:15:26","date_gmt":"2025-06-19T14:15:26","guid":{"rendered":"https:\/\/teguar.com\/eu\/product\/tme-5040-22\/"},"modified":"2025-11-20T19:47:38","modified_gmt":"2025-11-20T19:47:38","slug":"tme-5040-22","status":"publish","type":"product","link":"https:\/\/teguar.com\/eu\/de\/product\/tme-5040-22\/","title":{"rendered":"TME-5040-22"},"content":{"rendered":"<p>Der TME-5040-22 ist ideal f\u00fcr einen Krankenhauswagen oder eine medizinische Workstation auf R\u00e4dern. Dieser mobile medizinische Computer verf\u00fcgt \u00fcber drei <a href=\"https:\/\/teguar.com\/eu\/de\/hot-swapping-was-es-ist-wie-es-funktioniert-und-andere-haeufig-gestellte-fragen\/\">im laufenden Betrieb austauschbare<\/a> Akkus, die bis zu 12 Stunden Strom liefern, so dass Sie ihn auf einem nicht mit Strom versorgten medizinischen Wagen montieren k\u00f6nnen, um eine leichte, ergonomische L\u00f6sung zu erhalten. Dieser medizinische PC verf\u00fcgt \u00fcber einen Intel Skylake U Prozessor und eine Vielzahl von E\/As. Die Vorderseite ist v\u00f6llig flach, um die Ansammlung von Staub und Mikroben zu verhindern. Das antibakterielle Geh\u00e4use tr\u00e4gt dazu bei, die Verbreitung von Keimen zu verhindern, und die Frontblende entspricht der Schutzklasse IP65, so dass dieser Computer h\u00e4ufig mit medizinischen Reinigern bespr\u00fcht und abgewischt werden kann. Der TME-5040-22 ist nach 60601-1 4th Edition medizinisch zertifiziert und kann um zus\u00e4tzliche isolierte E\/A f\u00fcr kritische medizinische Schnittstellen erweitert werden.     <\/p>\n","protected":false},"excerpt":{"rendered":"<p><a href=\"https:\/\/teguar.com\/eu\/telemedicine-computer\/\">Telemedizinische Konsultationen: <\/a>Mit dem TME-5040-22 k\u00f6nnen Angeh\u00f6rige der Gesundheitsberufe Patienten per Videokonferenz aus der Ferne konsultieren, was virtuelle Besuche erm\u00f6glicht und den Bedarf an pers\u00f6nlichen Terminen reduziert.<\/p>\n<p><a href=\"https:\/\/teguar.com\/eu\/point-of-care-computer\/\">Point-of-Care-Dokumentation: <\/a>Mit seinem mobilen Design und seiner langen Akkulaufzeit ist der TME-5040-22 ideal f\u00fcr die Dokumentation von Patientenbesuchen und die Eingabe von Daten direkt am Ort der Behandlung geeignet, wodurch die Notwendigkeit einer manuellen Transkription entf\u00e4llt und Fehler reduziert werden.<\/p>\n<p><a href=\"https:\/\/teguar.com\/eu\/medical-workstation-computer\/\">Medikamentenverwaltung:<\/a> Krankenschwestern und Pfleger k\u00f6nnen mit dem TME-5040-22 die Verabreichung von Medikamenten \u00fcberpr\u00fcfen und dokumentieren, um eine genaue Dosierung zu gew\u00e4hrleisten und die Sicherheitsprotokolle f\u00fcr Medikamente zu verbessern.<\/p>\n","protected":false},"featured_media":2246088,"template":"","meta":{"_acf_changed":false},"product_brand":[],"product_cat":[2833],"product_tag":[4233],"product_label":[],"class_list":{"0":"post-2245558","1":"product","2":"type-product","3":"status-publish","4":"has-post-thumbnail","6":"product_cat-medizinische-wagencomputer","7":"product_tag-krankenhaus-monitore-computer","8":"pa_windows-windows-10-pro","10":"first","11":"outofstock","12":"taxable","13":"shipping-taxable","14":"purchasable","15":"product-type-simple"},"composite_virtual":false,"composite_layout":"","composite_add_to_cart_form_location":"","composite_editable_in_cart":false,"composite_sold_individually_context":"","composite_shop_price_calc":"","composite_components":[],"composite_scenarios":[],"acf":[],"yoast_head":"<!-- This site is optimized with the Yoast SEO Premium plugin v26.8 (Yoast SEO v27.2) - https:\/\/yoast.com\/product\/yoast-seo-premium-wordpress\/ -->\n<title>22&quot; Medizinischer Computer mit Hot-Swap-Batterien von Teguar<\/title>\n<meta name=\"description\" content=\"Dieser mobile medizinische Computer mit 22-Zoll-Touchscreen ist ideal f\u00fcr medizinische Wagen. Er hat 3 im laufenden Betrieb austauschbare Akkus, einen Intel Kabylake Prozessor.\" \/>\n<meta name=\"robots\" content=\"index, follow, max-snippet:-1, max-image-preview:large, max-video-preview:-1\" \/>\n<link rel=\"canonical\" href=\"https:\/\/teguar.com\/eu\/de\/product\/tme-5040-22\/\" \/>\n<meta property=\"og:locale\" content=\"de_DE\" \/>\n<meta property=\"og:type\" content=\"article\" \/>\n<meta property=\"og:title\" content=\"TME-5040-22\" \/>\n<meta property=\"og:description\" content=\"Dieser mobile medizinische Computer mit 22-Zoll-Touchscreen ist ideal f\u00fcr medizinische Wagen. Er hat 3 im laufenden Betrieb austauschbare Akkus, einen Intel Kabylake Prozessor.\" \/>\n<meta property=\"og:url\" content=\"https:\/\/teguar.com\/eu\/de\/product\/tme-5040-22\/\" \/>\n<meta property=\"og:site_name\" content=\"Teguar\" \/>\n<meta property=\"article:modified_time\" content=\"2025-11-20T19:47:38+00:00\" \/>\n<meta property=\"og:image\" content=\"https:\/\/teguar.com\/eu\/wp-content\/uploads\/sites\/2\/2020\/07\/22-inch-medical-pc-hot-swap-batteries__58302.1595934887.1280.1280.jpg\" \/>\n\t<meta property=\"og:image:width\" content=\"1000\" \/>\n\t<meta property=\"og:image:height\" content=\"1000\" \/>\n\t<meta property=\"og:image:type\" content=\"image\/jpeg\" \/>\n<meta name=\"twitter:card\" content=\"summary_large_image\" \/>\n<meta name=\"twitter:label1\" content=\"Gesch\u00e4tzte Lesezeit\" \/>\n\t<meta name=\"twitter:data1\" content=\"1\u00a0Minute\" \/>\n<script type=\"application\/ld+json\" class=\"yoast-schema-graph\">{\"@context\":\"https:\/\/schema.org\",\"@graph\":[{\"@type\":\"WebPage\",\"@id\":\"https:\/\/teguar.com\/eu\/de\/product\/tme-5040-22\/\",\"url\":\"https:\/\/teguar.com\/eu\/de\/product\/tme-5040-22\/\",\"name\":\"22\\\" Medizinischer Computer mit Hot-Swap-Batterien von Teguar\",\"isPartOf\":{\"@id\":\"https:\/\/teguar.com\/eu\/en\/#website\"},\"primaryImageOfPage\":{\"@id\":\"https:\/\/teguar.com\/eu\/de\/product\/tme-5040-22\/#primaryimage\"},\"image\":{\"@id\":\"https:\/\/teguar.com\/eu\/de\/product\/tme-5040-22\/#primaryimage\"},\"thumbnailUrl\":\"https:\/\/teguar.com\/eu\/wp-content\/uploads\/sites\/2\/2020\/07\/22-inch-medical-pc-hot-swap-batteries__58302.1595934887.1280.1280.jpg\",\"datePublished\":\"2025-06-19T14:15:26+00:00\",\"dateModified\":\"2025-11-20T19:47:38+00:00\",\"description\":\"Dieser mobile medizinische Computer mit 22-Zoll-Touchscreen ist ideal f\u00fcr medizinische Wagen. Er hat 3 im laufenden Betrieb austauschbare Akkus, einen Intel Kabylake Prozessor.\",\"breadcrumb\":{\"@id\":\"https:\/\/teguar.com\/eu\/de\/product\/tme-5040-22\/#breadcrumb\"},\"inLanguage\":\"de\",\"potentialAction\":[{\"@type\":\"ReadAction\",\"target\":[\"https:\/\/teguar.com\/eu\/de\/product\/tme-5040-22\/\"]}]},{\"@type\":\"ImageObject\",\"inLanguage\":\"de\",\"@id\":\"https:\/\/teguar.com\/eu\/de\/product\/tme-5040-22\/#primaryimage\",\"url\":\"https:\/\/teguar.com\/eu\/wp-content\/uploads\/sites\/2\/2020\/07\/22-inch-medical-pc-hot-swap-batteries__58302.1595934887.1280.1280.jpg\",\"contentUrl\":\"https:\/\/teguar.com\/eu\/wp-content\/uploads\/sites\/2\/2020\/07\/22-inch-medical-pc-hot-swap-batteries__58302.1595934887.1280.1280.jpg\",\"width\":1000,\"height\":1000,\"caption\":\"22\\\" Medical PC with Hot-Swap Batteries | TME-5040-22\"},{\"@type\":\"BreadcrumbList\",\"@id\":\"https:\/\/teguar.com\/eu\/de\/product\/tme-5040-22\/#breadcrumb\",\"itemListElement\":[{\"@type\":\"ListItem\",\"position\":1,\"name\":\"Home\",\"item\":\"https:\/\/teguar.com\/eu\/de\/\"},{\"@type\":\"ListItem\",\"position\":2,\"name\":\"TME-5040-22\"}]},{\"@type\":\"WebSite\",\"@id\":\"https:\/\/teguar.com\/eu\/en\/#website\",\"url\":\"https:\/\/teguar.com\/eu\/en\/\",\"name\":\"Teguar\",\"description\":\"Industrial PCs, Medical Computers, and Rugged Tablets\",\"potentialAction\":[{\"@type\":\"SearchAction\",\"target\":{\"@type\":\"EntryPoint\",\"urlTemplate\":\"https:\/\/teguar.com\/eu\/en\/?s={search_term_string}\"},\"query-input\":{\"@type\":\"PropertyValueSpecification\",\"valueRequired\":true,\"valueName\":\"search_term_string\"}}],\"inLanguage\":\"de\"}]}<\/script>\n<!-- \/ Yoast SEO Premium plugin. -->","yoast_head_json":{"title":"22\" Medizinischer Computer mit Hot-Swap-Batterien von Teguar","description":"Dieser mobile medizinische Computer mit 22-Zoll-Touchscreen ist ideal f\u00fcr medizinische Wagen. Er hat 3 im laufenden Betrieb austauschbare Akkus, einen Intel Kabylake Prozessor.","robots":{"index":"index","follow":"follow","max-snippet":"max-snippet:-1","max-image-preview":"max-image-preview:large","max-video-preview":"max-video-preview:-1"},"canonical":"https:\/\/teguar.com\/eu\/de\/product\/tme-5040-22\/","og_locale":"de_DE","og_type":"article","og_title":"TME-5040-22","og_description":"Dieser mobile medizinische Computer mit 22-Zoll-Touchscreen ist ideal f\u00fcr medizinische Wagen. Er hat 3 im laufenden Betrieb austauschbare Akkus, einen Intel Kabylake Prozessor.","og_url":"https:\/\/teguar.com\/eu\/de\/product\/tme-5040-22\/","og_site_name":"Teguar","article_modified_time":"2025-11-20T19:47:38+00:00","og_image":[{"width":1000,"height":1000,"url":"https:\/\/teguar.com\/eu\/wp-content\/uploads\/sites\/2\/2020\/07\/22-inch-medical-pc-hot-swap-batteries__58302.1595934887.1280.1280.jpg","type":"image\/jpeg"}],"twitter_card":"summary_large_image","twitter_misc":{"Gesch\u00e4tzte Lesezeit":"1\u00a0Minute"},"schema":{"@context":"https:\/\/schema.org","@graph":[{"@type":"WebPage","@id":"https:\/\/teguar.com\/eu\/de\/product\/tme-5040-22\/","url":"https:\/\/teguar.com\/eu\/de\/product\/tme-5040-22\/","name":"22\" Medizinischer Computer mit Hot-Swap-Batterien von Teguar","isPartOf":{"@id":"https:\/\/teguar.com\/eu\/en\/#website"},"primaryImageOfPage":{"@id":"https:\/\/teguar.com\/eu\/de\/product\/tme-5040-22\/#primaryimage"},"image":{"@id":"https:\/\/teguar.com\/eu\/de\/product\/tme-5040-22\/#primaryimage"},"thumbnailUrl":"https:\/\/teguar.com\/eu\/wp-content\/uploads\/sites\/2\/2020\/07\/22-inch-medical-pc-hot-swap-batteries__58302.1595934887.1280.1280.jpg","datePublished":"2025-06-19T14:15:26+00:00","dateModified":"2025-11-20T19:47:38+00:00","description":"Dieser mobile medizinische Computer mit 22-Zoll-Touchscreen ist ideal f\u00fcr medizinische Wagen. Er hat 3 im laufenden Betrieb austauschbare Akkus, einen Intel Kabylake Prozessor.","breadcrumb":{"@id":"https:\/\/teguar.com\/eu\/de\/product\/tme-5040-22\/#breadcrumb"},"inLanguage":"de","potentialAction":[{"@type":"ReadAction","target":["https:\/\/teguar.com\/eu\/de\/product\/tme-5040-22\/"]}]},{"@type":"ImageObject","inLanguage":"de","@id":"https:\/\/teguar.com\/eu\/de\/product\/tme-5040-22\/#primaryimage","url":"https:\/\/teguar.com\/eu\/wp-content\/uploads\/sites\/2\/2020\/07\/22-inch-medical-pc-hot-swap-batteries__58302.1595934887.1280.1280.jpg","contentUrl":"https:\/\/teguar.com\/eu\/wp-content\/uploads\/sites\/2\/2020\/07\/22-inch-medical-pc-hot-swap-batteries__58302.1595934887.1280.1280.jpg","width":1000,"height":1000,"caption":"22\" Medical PC with Hot-Swap Batteries | TME-5040-22"},{"@type":"BreadcrumbList","@id":"https:\/\/teguar.com\/eu\/de\/product\/tme-5040-22\/#breadcrumb","itemListElement":[{"@type":"ListItem","position":1,"name":"Home","item":"https:\/\/teguar.com\/eu\/de\/"},{"@type":"ListItem","position":2,"name":"TME-5040-22"}]},{"@type":"WebSite","@id":"https:\/\/teguar.com\/eu\/en\/#website","url":"https:\/\/teguar.com\/eu\/en\/","name":"Teguar","description":"Industrial PCs, Medical Computers, and Rugged Tablets","potentialAction":[{"@type":"SearchAction","target":{"@type":"EntryPoint","urlTemplate":"https:\/\/teguar.com\/eu\/en\/?s={search_term_string}"},"query-input":{"@type":"PropertyValueSpecification","valueRequired":true,"valueName":"search_term_string"}}],"inLanguage":"de"}]}},"_links":{"self":[{"href":"https:\/\/teguar.com\/eu\/de\/wp-json\/wp\/v2\/product\/2245558","targetHints":{"allow":["GET"]}}],"collection":[{"href":"https:\/\/teguar.com\/eu\/de\/wp-json\/wp\/v2\/product"}],"about":[{"href":"https:\/\/teguar.com\/eu\/de\/wp-json\/wp\/v2\/types\/product"}],"wp:featuredmedia":[{"embeddable":true,"href":"https:\/\/teguar.com\/eu\/de\/wp-json\/wp\/v2\/media\/2246088"}],"wp:attachment":[{"href":"https:\/\/teguar.com\/eu\/de\/wp-json\/wp\/v2\/media?parent=2245558"}],"wp:term":[{"taxonomy":"product_brand","embeddable":true,"href":"https:\/\/teguar.com\/eu\/de\/wp-json\/wp\/v2\/product_brand?post=2245558"},{"taxonomy":"product_cat","embeddable":true,"href":"https:\/\/teguar.com\/eu\/de\/wp-json\/wp\/v2\/product_cat?post=2245558"},{"taxonomy":"product_tag","embeddable":true,"href":"https:\/\/teguar.com\/eu\/de\/wp-json\/wp\/v2\/product_tag?post=2245558"},{"taxonomy":"product_label","embeddable":true,"href":"https:\/\/teguar.com\/eu\/de\/wp-json\/wp\/v2\/product_label?post=2245558"}],"curies":[{"name":"wp","href":"https:\/\/api.w.org\/{rel}","templated":true}]}}