{"id":2245550,"date":"2025-05-24T14:14:24","date_gmt":"2025-05-24T14:14:24","guid":{"rendered":"https:\/\/teguar.com\/eu\/product\/trt-4380-08\/"},"modified":"2025-11-24T14:47:35","modified_gmt":"2025-11-24T14:47:35","slug":"trt-4380-08","status":"publish","type":"product","link":"https:\/\/teguar.com\/eu\/de\/product\/trt-4380-08\/","title":{"rendered":"TRT-4380-08"},"content":{"rendered":"<p>Der TRT-4380-08 ist ein l\u00fcfterloses, robustes Tablet mit einem Intel Quad-Core-Prozessor. Dieser Industrie-Tablet-PC ist vollst\u00e4ndig wasserdicht (IP67) und entspricht dem Milit\u00e4rstandard 810G zum Schutz vor St\u00fcrzen und St\u00f6\u00dfen. Er ist ideal f\u00fcr den Einsatz in jedem Bereich Ihrer Anlage und kann aufgrund der gro\u00dfen Temperaturspanne, die er aush\u00e4lt, sogar im Freien verwendet werden. Mit einer Gr\u00f6\u00dfe von 8 Zoll ist dieses Ger\u00e4t leicht zu transportieren und verf\u00fcgt \u00fcber eine optionale Dockingstation zum bequemen Aufladen, die mit zus\u00e4tzlichen Ein- und Ausg\u00e4ngen ausgestattet ist. Der Touchscreen ist ein kapazitiver 10-Punkt-Multi-Touch-Bildschirm mit Gorilla-Glas f\u00fcr hohen Schutz vor Rissen. Au\u00dferdem verf\u00fcgt er \u00fcber integriertes WiFi und Bluetooth. Mit dem TRT-4380-08 k\u00f6nnen Sie Ihren Betrieb bequem \u00fcberwachen, egal wo Sie ihn aufstellen.     <\/p>\n","protected":false},"excerpt":{"rendered":"<p><a href=\"https:\/\/teguar.com\/eu\/de\/computer-fuer-die-lagerverwaltung\/\">Lagerbestandsverwaltung: <\/a>Die robusten Tablets der Serie TRT-4380 sind mit ihrem optionalen Barcode-Scanner und dem robusten Design gut f\u00fcr die Lagerbestandsverwaltung geeignet und erm\u00f6glichen eine effiziente Verfolgung, das Scannen und Aktualisieren von Bestandsdaten.<\/p>\n<p><a href=\"https:\/\/teguar.com\/eu\/de\/computer-fuer-das-baugewerbe\/\">Dokumentation auf der Baustelle:<\/a> Die robusten und in verschiedenen Bildschirmgr\u00f6\u00dfen erh\u00e4ltlichen Tablets der Serie TRT-4380 k\u00f6nnen auf Baustellen zur Erfassung und Dokumentation des Projektfortschritts, von Fotos und Notizen eingesetzt werden und sind damit ein effizientes Werkzeug f\u00fcr die Dokumentation vor Ort.<\/p>\n<p><a href=\"https:\/\/teguar.com\/eu\/de\/fahrzeug-und-gabelstapler-tablets\/\">Fahrzeugflotten-Management: <\/a>Die Tablets der Serie TRT-4380 sind mit GPS, WiFi und optionaler 3G\/4G-Konnektivit\u00e4t ausgestattet und eignen sich ideal f\u00fcr das Fuhrparkmanagement. Sie erm\u00f6glichen die Verfolgung, Kommunikation und den Datentransfer in Echtzeit in der Logistik und im Transportwesen.<\/p>\n","protected":false},"featured_media":2246003,"template":"","meta":{"_acf_changed":false},"product_brand":[],"product_cat":[2846,2856],"product_tag":[],"product_label":[],"class_list":{"0":"post-2245550","1":"product","2":"type-product","3":"status-publish","4":"has-post-thumbnail","6":"product_cat-rugged-windows-tablets","7":"product_cat-wasserdichte-tablets","8":"pa_windows-windows-10-iot","9":"pa_windows-windows-10-pro","11":"first","12":"instock","13":"taxable","14":"shipping-taxable","15":"purchasable","16":"product-type-composite"},"composite_virtual":false,"composite_layout":"single","composite_add_to_cart_form_location":"default","composite_editable_in_cart":false,"composite_sold_individually_context":"product","composite_shop_price_calc":"min_max","composite_components":[{"id":"1751307278","title":"2D-Scanner","description":"","query_type":"product_ids","query_ids":[2240920,2240921],"default_option_id":"","thumbnail_id":"","thumbnail_src":"","quantity_min":1,"quantity_max":1,"priced_individually":true,"shipped_individually":false,"optional":false,"discount":"","options_style":"dropdowns","pagination_style":"classic","display_prices":"relative","show_sorting_options":false,"show_filtering_options":false,"attribute_filter_ids":[],"select_action":"view","product_title_visible":false,"product_descr_visible":false,"product_price_visible":false,"product_thumb_visible":false,"subtotal_visible_product":true,"subtotal_visible_cart":false,"subtotal_visible_orders":false},{"id":"1751307279","title":"Betriebssystem","description":"","query_type":"product_ids","query_ids":[2240735],"default_option_id":"","thumbnail_id":"","thumbnail_src":"","quantity_min":1,"quantity_max":1,"priced_individually":true,"shipped_individually":false,"optional":false,"discount":"","options_style":"dropdowns","pagination_style":"classic","display_prices":"absolute","show_sorting_options":false,"show_filtering_options":false,"attribute_filter_ids":[],"select_action":"view","product_title_visible":true,"product_descr_visible":false,"product_price_visible":true,"product_thumb_visible":false,"subtotal_visible_product":true,"subtotal_visible_cart":false,"subtotal_visible_orders":false}],"composite_scenarios":[],"acf":[],"yoast_head":"<!-- This site is optimized with the Yoast SEO Premium plugin v26.8 (Yoast SEO v27.2) - https:\/\/yoast.com\/product\/yoast-seo-premium-wordpress\/ -->\n<title>8&quot; Robustes Tablet | TRT-4380-08<\/title>\n<meta name=\"description\" content=\"Der TRT-4380-08 ist ein robuster 8-Zoll-Tablet-PC, der St\u00fcrzen, St\u00f6\u00dfen und Feuchtigkeit standh\u00e4lt und die Schutzklasse IP67 aufweist. Ideal f\u00fcr den Au\u00dfendienst und die Fertigung.\" \/>\n<meta name=\"robots\" content=\"index, follow, max-snippet:-1, max-image-preview:large, max-video-preview:-1\" \/>\n<link rel=\"canonical\" href=\"https:\/\/teguar.com\/eu\/en\/product\/trt-4380-08\/\" \/>\n<meta property=\"og:locale\" content=\"de_DE\" \/>\n<meta property=\"og:type\" content=\"article\" \/>\n<meta property=\"og:title\" content=\"TRT-4380-08\" \/>\n<meta property=\"og:description\" content=\"Der TRT-4380-08 ist ein robuster 8-Zoll-Tablet-PC, der St\u00fcrzen, St\u00f6\u00dfen und Feuchtigkeit standh\u00e4lt und die Schutzklasse IP67 aufweist. Ideal f\u00fcr den Au\u00dfendienst und die Fertigung.\" \/>\n<meta property=\"og:url\" content=\"https:\/\/teguar.com\/eu\/en\/product\/trt-4380-08\/\" \/>\n<meta property=\"og:site_name\" content=\"Teguar\" \/>\n<meta property=\"article:modified_time\" content=\"2025-11-24T14:47:35+00:00\" \/>\n<meta property=\"og:image\" content=\"https:\/\/teguar.com\/eu\/wp-content\/uploads\/sites\/2\/2020\/07\/rugged.tablet.pc_.trt_.4380.08.front_.slant_.2__31259.1595934984.1280.1280.jpg\" \/>\n\t<meta property=\"og:image:width\" content=\"1280\" \/>\n\t<meta property=\"og:image:height\" content=\"1280\" \/>\n\t<meta property=\"og:image:type\" content=\"image\/jpeg\" \/>\n<meta name=\"twitter:card\" content=\"summary_large_image\" \/>\n<meta name=\"twitter:label1\" content=\"Gesch\u00e4tzte Lesezeit\" \/>\n\t<meta name=\"twitter:data1\" content=\"1\u00a0Minute\" \/>\n<script type=\"application\/ld+json\" class=\"yoast-schema-graph\">{\"@context\":\"https:\/\/schema.org\",\"@graph\":[{\"@type\":\"WebPage\",\"@id\":\"https:\/\/teguar.com\/eu\/en\/product\/trt-4380-08\/\",\"url\":\"https:\/\/teguar.com\/eu\/en\/product\/trt-4380-08\/\",\"name\":\"8\\\" Robustes Tablet | TRT-4380-08\",\"isPartOf\":{\"@id\":\"https:\/\/teguar.com\/eu\/en\/#website\"},\"primaryImageOfPage\":{\"@id\":\"https:\/\/teguar.com\/eu\/en\/product\/trt-4380-08\/#primaryimage\"},\"image\":{\"@id\":\"https:\/\/teguar.com\/eu\/en\/product\/trt-4380-08\/#primaryimage\"},\"thumbnailUrl\":\"https:\/\/teguar.com\/eu\/wp-content\/uploads\/sites\/2\/2020\/07\/rugged.tablet.pc_.trt_.4380.08.front_.slant_.2__31259.1595934984.1280.1280.jpg\",\"datePublished\":\"2025-05-24T14:14:24+00:00\",\"dateModified\":\"2025-11-24T14:47:35+00:00\",\"description\":\"Der TRT-4380-08 ist ein robuster 8-Zoll-Tablet-PC, der St\u00fcrzen, St\u00f6\u00dfen und Feuchtigkeit standh\u00e4lt und die Schutzklasse IP67 aufweist. Ideal f\u00fcr den Au\u00dfendienst und die Fertigung.\",\"breadcrumb\":{\"@id\":\"https:\/\/teguar.com\/eu\/en\/product\/trt-4380-08\/#breadcrumb\"},\"inLanguage\":\"de\",\"potentialAction\":[{\"@type\":\"ReadAction\",\"target\":[\"https:\/\/teguar.com\/eu\/en\/product\/trt-4380-08\/\"]}]},{\"@type\":\"ImageObject\",\"inLanguage\":\"de\",\"@id\":\"https:\/\/teguar.com\/eu\/en\/product\/trt-4380-08\/#primaryimage\",\"url\":\"https:\/\/teguar.com\/eu\/wp-content\/uploads\/sites\/2\/2020\/07\/rugged.tablet.pc_.trt_.4380.08.front_.slant_.2__31259.1595934984.1280.1280.jpg\",\"contentUrl\":\"https:\/\/teguar.com\/eu\/wp-content\/uploads\/sites\/2\/2020\/07\/rugged.tablet.pc_.trt_.4380.08.front_.slant_.2__31259.1595934984.1280.1280.jpg\",\"width\":1280,\"height\":1280,\"caption\":\"8\\\" Rugged Tablet | TRT-4380-08\"},{\"@type\":\"BreadcrumbList\",\"@id\":\"https:\/\/teguar.com\/eu\/en\/product\/trt-4380-08\/#breadcrumb\",\"itemListElement\":[{\"@type\":\"ListItem\",\"position\":1,\"name\":\"Home\",\"item\":\"https:\/\/teguar.com\/eu\/de\/\"},{\"@type\":\"ListItem\",\"position\":2,\"name\":\"TRT-4380-08\"}]},{\"@type\":\"WebSite\",\"@id\":\"https:\/\/teguar.com\/eu\/en\/#website\",\"url\":\"https:\/\/teguar.com\/eu\/en\/\",\"name\":\"Teguar\",\"description\":\"Industrial PCs, Medical Computers, and Rugged Tablets\",\"potentialAction\":[{\"@type\":\"SearchAction\",\"target\":{\"@type\":\"EntryPoint\",\"urlTemplate\":\"https:\/\/teguar.com\/eu\/en\/?s={search_term_string}\"},\"query-input\":{\"@type\":\"PropertyValueSpecification\",\"valueRequired\":true,\"valueName\":\"search_term_string\"}}],\"inLanguage\":\"de\"}]}<\/script>\n<!-- \/ Yoast SEO Premium plugin. -->","yoast_head_json":{"title":"8\" Robustes Tablet | TRT-4380-08","description":"Der TRT-4380-08 ist ein robuster 8-Zoll-Tablet-PC, der St\u00fcrzen, St\u00f6\u00dfen und Feuchtigkeit standh\u00e4lt und die Schutzklasse IP67 aufweist. Ideal f\u00fcr den Au\u00dfendienst und die Fertigung.","robots":{"index":"index","follow":"follow","max-snippet":"max-snippet:-1","max-image-preview":"max-image-preview:large","max-video-preview":"max-video-preview:-1"},"canonical":"https:\/\/teguar.com\/eu\/en\/product\/trt-4380-08\/","og_locale":"de_DE","og_type":"article","og_title":"TRT-4380-08","og_description":"Der TRT-4380-08 ist ein robuster 8-Zoll-Tablet-PC, der St\u00fcrzen, St\u00f6\u00dfen und Feuchtigkeit standh\u00e4lt und die Schutzklasse IP67 aufweist. Ideal f\u00fcr den Au\u00dfendienst und die Fertigung.","og_url":"https:\/\/teguar.com\/eu\/en\/product\/trt-4380-08\/","og_site_name":"Teguar","article_modified_time":"2025-11-24T14:47:35+00:00","og_image":[{"width":1280,"height":1280,"url":"https:\/\/teguar.com\/eu\/wp-content\/uploads\/sites\/2\/2020\/07\/rugged.tablet.pc_.trt_.4380.08.front_.slant_.2__31259.1595934984.1280.1280.jpg","type":"image\/jpeg"}],"twitter_card":"summary_large_image","twitter_misc":{"Gesch\u00e4tzte Lesezeit":"1\u00a0Minute"},"schema":{"@context":"https:\/\/schema.org","@graph":[{"@type":"WebPage","@id":"https:\/\/teguar.com\/eu\/en\/product\/trt-4380-08\/","url":"https:\/\/teguar.com\/eu\/en\/product\/trt-4380-08\/","name":"8\" Robustes Tablet | TRT-4380-08","isPartOf":{"@id":"https:\/\/teguar.com\/eu\/en\/#website"},"primaryImageOfPage":{"@id":"https:\/\/teguar.com\/eu\/en\/product\/trt-4380-08\/#primaryimage"},"image":{"@id":"https:\/\/teguar.com\/eu\/en\/product\/trt-4380-08\/#primaryimage"},"thumbnailUrl":"https:\/\/teguar.com\/eu\/wp-content\/uploads\/sites\/2\/2020\/07\/rugged.tablet.pc_.trt_.4380.08.front_.slant_.2__31259.1595934984.1280.1280.jpg","datePublished":"2025-05-24T14:14:24+00:00","dateModified":"2025-11-24T14:47:35+00:00","description":"Der TRT-4380-08 ist ein robuster 8-Zoll-Tablet-PC, der St\u00fcrzen, St\u00f6\u00dfen und Feuchtigkeit standh\u00e4lt und die Schutzklasse IP67 aufweist. Ideal f\u00fcr den Au\u00dfendienst und die Fertigung.","breadcrumb":{"@id":"https:\/\/teguar.com\/eu\/en\/product\/trt-4380-08\/#breadcrumb"},"inLanguage":"de","potentialAction":[{"@type":"ReadAction","target":["https:\/\/teguar.com\/eu\/en\/product\/trt-4380-08\/"]}]},{"@type":"ImageObject","inLanguage":"de","@id":"https:\/\/teguar.com\/eu\/en\/product\/trt-4380-08\/#primaryimage","url":"https:\/\/teguar.com\/eu\/wp-content\/uploads\/sites\/2\/2020\/07\/rugged.tablet.pc_.trt_.4380.08.front_.slant_.2__31259.1595934984.1280.1280.jpg","contentUrl":"https:\/\/teguar.com\/eu\/wp-content\/uploads\/sites\/2\/2020\/07\/rugged.tablet.pc_.trt_.4380.08.front_.slant_.2__31259.1595934984.1280.1280.jpg","width":1280,"height":1280,"caption":"8\" Rugged Tablet | TRT-4380-08"},{"@type":"BreadcrumbList","@id":"https:\/\/teguar.com\/eu\/en\/product\/trt-4380-08\/#breadcrumb","itemListElement":[{"@type":"ListItem","position":1,"name":"Home","item":"https:\/\/teguar.com\/eu\/de\/"},{"@type":"ListItem","position":2,"name":"TRT-4380-08"}]},{"@type":"WebSite","@id":"https:\/\/teguar.com\/eu\/en\/#website","url":"https:\/\/teguar.com\/eu\/en\/","name":"Teguar","description":"Industrial PCs, Medical Computers, and Rugged Tablets","potentialAction":[{"@type":"SearchAction","target":{"@type":"EntryPoint","urlTemplate":"https:\/\/teguar.com\/eu\/en\/?s={search_term_string}"},"query-input":{"@type":"PropertyValueSpecification","valueRequired":true,"valueName":"search_term_string"}}],"inLanguage":"de"}]}},"_links":{"self":[{"href":"https:\/\/teguar.com\/eu\/de\/wp-json\/wp\/v2\/product\/2245550","targetHints":{"allow":["GET"]}}],"collection":[{"href":"https:\/\/teguar.com\/eu\/de\/wp-json\/wp\/v2\/product"}],"about":[{"href":"https:\/\/teguar.com\/eu\/de\/wp-json\/wp\/v2\/types\/product"}],"wp:featuredmedia":[{"embeddable":true,"href":"https:\/\/teguar.com\/eu\/de\/wp-json\/wp\/v2\/media\/2246003"}],"wp:attachment":[{"href":"https:\/\/teguar.com\/eu\/de\/wp-json\/wp\/v2\/media?parent=2245550"}],"wp:term":[{"taxonomy":"product_brand","embeddable":true,"href":"https:\/\/teguar.com\/eu\/de\/wp-json\/wp\/v2\/product_brand?post=2245550"},{"taxonomy":"product_cat","embeddable":true,"href":"https:\/\/teguar.com\/eu\/de\/wp-json\/wp\/v2\/product_cat?post=2245550"},{"taxonomy":"product_tag","embeddable":true,"href":"https:\/\/teguar.com\/eu\/de\/wp-json\/wp\/v2\/product_tag?post=2245550"},{"taxonomy":"product_label","embeddable":true,"href":"https:\/\/teguar.com\/eu\/de\/wp-json\/wp\/v2\/product_label?post=2245550"}],"curies":[{"name":"wp","href":"https:\/\/api.w.org\/{rel}","templated":true}]}}