{"id":2245544,"date":"2025-05-24T14:14:24","date_gmt":"2025-05-24T14:14:24","guid":{"rendered":"https:\/\/teguar.com\/eu\/product\/trt-4380-10\/"},"modified":"2025-11-24T14:47:17","modified_gmt":"2025-11-24T14:47:17","slug":"trt-4380-10","status":"publish","type":"product","link":"https:\/\/teguar.com\/eu\/de\/product\/trt-4380-10\/","title":{"rendered":"TRT-4380-10"},"content":{"rendered":"<p>Das TRT-4380-10 ist ein 10&#8243; l\u00fcfterloses, robustes Tablet mit einem Intel Cherrytrail-Prozessor. Es ist nach IP65 wasser- und staubdicht und erf\u00fcllt die Anforderungen von MIL-STD-810G zum Schutz vor St\u00f6\u00dfen, Vibrationen und St\u00fcrzen. Dieses robuste Tablet kann von vielen verschiedenen Benutzern benutzt werden und hat eine Akkuleistung von bis zu 8 Stunden. Es verf\u00fcgt \u00fcber einen optionalen 1D\/2D-Barcodescanner und einen Fingerabdruckleser sowie \u00fcber integriertes WiFi, Bluetooth, 3G\/4G, GPS und NFC. Der TRT-4380-10 wird in Ihrer Einrichtung \u00fcber Jahre hinweg zuverl\u00e4ssig arbeiten.    <\/p>\n","protected":false},"excerpt":{"rendered":"<p><a href=\"https:\/\/teguar.com\/eu\/de\/computer-fuer-die-lagerverwaltung\/\">Lagerbestandsverwaltung: <\/a>Die robusten Tablets der Serie TRT-4380 sind mit ihrem optionalen Barcode-Scanner und dem robusten Design gut f\u00fcr die Lagerbestandsverwaltung geeignet und erm\u00f6glichen eine effiziente Verfolgung, das Scannen und Aktualisieren von Bestandsdaten.<\/p>\n<p><a href=\"https:\/\/teguar.com\/eu\/de\/computer-fuer-das-baugewerbe\/\">Dokumentation auf der Baustelle:<\/a> Die robusten und in verschiedenen Bildschirmgr\u00f6\u00dfen erh\u00e4ltlichen Tablets der Serie TRT-4380 k\u00f6nnen auf Baustellen zur Erfassung und Dokumentation des Projektfortschritts, von Fotos und Notizen eingesetzt werden und sind damit ein effizientes Werkzeug f\u00fcr die Dokumentation vor Ort.<\/p>\n<p><a href=\"https:\/\/teguar.com\/eu\/de\/fahrzeug-und-gabelstapler-tablets\/\">Fahrzeugflotten-Management: <\/a>Die Tablets der Serie TRT-4380 sind mit GPS, WiFi und optionaler 3G\/4G-Konnektivit\u00e4t ausgestattet und eignen sich ideal f\u00fcr das Fuhrparkmanagement. Sie erm\u00f6glichen die Verfolgung, Kommunikation und den Datentransfer in Echtzeit in der Logistik und im Transportwesen.<\/p>\n","protected":false},"featured_media":2246004,"template":"","meta":{"_acf_changed":false},"product_brand":[],"product_cat":[2846,2856],"product_tag":[],"product_label":[],"class_list":{"0":"post-2245544","1":"product","2":"type-product","3":"status-publish","4":"has-post-thumbnail","6":"product_cat-rugged-windows-tablets","7":"product_cat-wasserdichte-tablets","8":"pa_windows-windows-10-iot","9":"pa_windows-windows-10-pro","11":"first","12":"instock","13":"taxable","14":"shipping-taxable","15":"purchasable","16":"product-type-composite"},"composite_virtual":false,"composite_layout":"single","composite_add_to_cart_form_location":"default","composite_editable_in_cart":false,"composite_sold_individually_context":"product","composite_shop_price_calc":"min_max","composite_components":[{"id":"1751919086","title":"RAM und Speicher","description":"","query_type":"product_ids","query_ids":[2241252],"default_option_id":"","thumbnail_id":"","thumbnail_src":"","quantity_min":1,"quantity_max":1,"priced_individually":false,"shipped_individually":false,"optional":false,"discount":"","options_style":"dropdowns","pagination_style":"classic","display_prices":"absolute","show_sorting_options":false,"show_filtering_options":false,"attribute_filter_ids":[],"select_action":"view","product_title_visible":true,"product_descr_visible":false,"product_price_visible":false,"product_thumb_visible":false,"subtotal_visible_product":true,"subtotal_visible_cart":false,"subtotal_visible_orders":false},{"id":"1751307913","title":"Betriebssystem","description":"","query_type":"product_ids","query_ids":[2240735],"default_option_id":"","thumbnail_id":"","thumbnail_src":"","quantity_min":1,"quantity_max":1,"priced_individually":true,"shipped_individually":false,"optional":false,"discount":"","options_style":"dropdowns","pagination_style":"classic","display_prices":"absolute","show_sorting_options":false,"show_filtering_options":false,"attribute_filter_ids":[],"select_action":"view","product_title_visible":true,"product_descr_visible":false,"product_price_visible":true,"product_thumb_visible":false,"subtotal_visible_product":true,"subtotal_visible_cart":false,"subtotal_visible_orders":false}],"composite_scenarios":[],"acf":[],"yoast_head":"<!-- This site is optimized with the Yoast SEO Premium plugin v26.8 (Yoast SEO v27.2) - https:\/\/yoast.com\/product\/yoast-seo-premium-wordpress\/ -->\n<title>10&quot; Robustes Tablet | TRT-4380-10<\/title>\n<meta name=\"description\" content=\"Der TRT-4380-10 ist ein robustes 10-Zoll-Tablet, das nach IP65 wasser- und staubdicht sowie nach MIL-STD-810G gegen St\u00fcrze und St\u00f6\u00dfe gesch\u00fctzt ist.\" \/>\n<meta name=\"robots\" content=\"index, follow, max-snippet:-1, max-image-preview:large, max-video-preview:-1\" \/>\n<link rel=\"canonical\" href=\"https:\/\/teguar.com\/eu\/de\/product\/trt-4380-10\/\" \/>\n<meta property=\"og:locale\" content=\"de_DE\" \/>\n<meta property=\"og:type\" content=\"article\" \/>\n<meta property=\"og:title\" content=\"TRT-4380-10\" \/>\n<meta property=\"og:description\" content=\"Der TRT-4380-10 ist ein robustes 10-Zoll-Tablet, das nach IP65 wasser- und staubdicht sowie nach MIL-STD-810G gegen St\u00fcrze und St\u00f6\u00dfe gesch\u00fctzt ist.\" \/>\n<meta property=\"og:url\" content=\"https:\/\/teguar.com\/eu\/de\/product\/trt-4380-10\/\" \/>\n<meta property=\"og:site_name\" content=\"Teguar\" \/>\n<meta property=\"article:modified_time\" content=\"2025-11-24T14:47:17+00:00\" \/>\n<meta property=\"og:image\" content=\"https:\/\/teguar.com\/eu\/wp-content\/uploads\/sites\/2\/2020\/07\/ruggedized_tablet.trt-4380-10.cradle__86369.1595934986.1280.1280.jpg\" \/>\n\t<meta property=\"og:image:width\" content=\"1000\" \/>\n\t<meta property=\"og:image:height\" content=\"1000\" \/>\n\t<meta property=\"og:image:type\" content=\"image\/jpeg\" \/>\n<meta name=\"twitter:card\" content=\"summary_large_image\" \/>\n<meta name=\"twitter:label1\" content=\"Gesch\u00e4tzte Lesezeit\" \/>\n\t<meta name=\"twitter:data1\" content=\"1\u00a0Minute\" \/>\n<script type=\"application\/ld+json\" class=\"yoast-schema-graph\">{\"@context\":\"https:\/\/schema.org\",\"@graph\":[{\"@type\":\"WebPage\",\"@id\":\"https:\/\/teguar.com\/eu\/de\/product\/trt-4380-10\/\",\"url\":\"https:\/\/teguar.com\/eu\/de\/product\/trt-4380-10\/\",\"name\":\"10\\\" Robustes Tablet | TRT-4380-10\",\"isPartOf\":{\"@id\":\"https:\/\/teguar.com\/eu\/en\/#website\"},\"primaryImageOfPage\":{\"@id\":\"https:\/\/teguar.com\/eu\/de\/product\/trt-4380-10\/#primaryimage\"},\"image\":{\"@id\":\"https:\/\/teguar.com\/eu\/de\/product\/trt-4380-10\/#primaryimage\"},\"thumbnailUrl\":\"https:\/\/teguar.com\/eu\/wp-content\/uploads\/sites\/2\/2020\/07\/ruggedized_tablet.trt-4380-10.cradle__86369.1595934986.1280.1280.jpg\",\"datePublished\":\"2025-05-24T14:14:24+00:00\",\"dateModified\":\"2025-11-24T14:47:17+00:00\",\"description\":\"Der TRT-4380-10 ist ein robustes 10-Zoll-Tablet, das nach IP65 wasser- und staubdicht sowie nach MIL-STD-810G gegen St\u00fcrze und St\u00f6\u00dfe gesch\u00fctzt ist.\",\"breadcrumb\":{\"@id\":\"https:\/\/teguar.com\/eu\/de\/product\/trt-4380-10\/#breadcrumb\"},\"inLanguage\":\"de\",\"potentialAction\":[{\"@type\":\"ReadAction\",\"target\":[\"https:\/\/teguar.com\/eu\/de\/product\/trt-4380-10\/\"]}]},{\"@type\":\"ImageObject\",\"inLanguage\":\"de\",\"@id\":\"https:\/\/teguar.com\/eu\/de\/product\/trt-4380-10\/#primaryimage\",\"url\":\"https:\/\/teguar.com\/eu\/wp-content\/uploads\/sites\/2\/2020\/07\/ruggedized_tablet.trt-4380-10.cradle__86369.1595934986.1280.1280.jpg\",\"contentUrl\":\"https:\/\/teguar.com\/eu\/wp-content\/uploads\/sites\/2\/2020\/07\/ruggedized_tablet.trt-4380-10.cradle__86369.1595934986.1280.1280.jpg\",\"width\":1000,\"height\":1000,\"caption\":\"10\\\" Rugged Tablet | TRT-4380-10\"},{\"@type\":\"BreadcrumbList\",\"@id\":\"https:\/\/teguar.com\/eu\/de\/product\/trt-4380-10\/#breadcrumb\",\"itemListElement\":[{\"@type\":\"ListItem\",\"position\":1,\"name\":\"Home\",\"item\":\"https:\/\/teguar.com\/eu\/de\/\"},{\"@type\":\"ListItem\",\"position\":2,\"name\":\"TRT-4380-10\"}]},{\"@type\":\"WebSite\",\"@id\":\"https:\/\/teguar.com\/eu\/en\/#website\",\"url\":\"https:\/\/teguar.com\/eu\/en\/\",\"name\":\"Teguar\",\"description\":\"Industrial PCs, Medical Computers, and Rugged Tablets\",\"potentialAction\":[{\"@type\":\"SearchAction\",\"target\":{\"@type\":\"EntryPoint\",\"urlTemplate\":\"https:\/\/teguar.com\/eu\/en\/?s={search_term_string}\"},\"query-input\":{\"@type\":\"PropertyValueSpecification\",\"valueRequired\":true,\"valueName\":\"search_term_string\"}}],\"inLanguage\":\"de\"}]}<\/script>\n<!-- \/ Yoast SEO Premium plugin. -->","yoast_head_json":{"title":"10\" Robustes Tablet | TRT-4380-10","description":"Der TRT-4380-10 ist ein robustes 10-Zoll-Tablet, das nach IP65 wasser- und staubdicht sowie nach MIL-STD-810G gegen St\u00fcrze und St\u00f6\u00dfe gesch\u00fctzt ist.","robots":{"index":"index","follow":"follow","max-snippet":"max-snippet:-1","max-image-preview":"max-image-preview:large","max-video-preview":"max-video-preview:-1"},"canonical":"https:\/\/teguar.com\/eu\/de\/product\/trt-4380-10\/","og_locale":"de_DE","og_type":"article","og_title":"TRT-4380-10","og_description":"Der TRT-4380-10 ist ein robustes 10-Zoll-Tablet, das nach IP65 wasser- und staubdicht sowie nach MIL-STD-810G gegen St\u00fcrze und St\u00f6\u00dfe gesch\u00fctzt ist.","og_url":"https:\/\/teguar.com\/eu\/de\/product\/trt-4380-10\/","og_site_name":"Teguar","article_modified_time":"2025-11-24T14:47:17+00:00","og_image":[{"width":1000,"height":1000,"url":"https:\/\/teguar.com\/eu\/wp-content\/uploads\/sites\/2\/2020\/07\/ruggedized_tablet.trt-4380-10.cradle__86369.1595934986.1280.1280.jpg","type":"image\/jpeg"}],"twitter_card":"summary_large_image","twitter_misc":{"Gesch\u00e4tzte Lesezeit":"1\u00a0Minute"},"schema":{"@context":"https:\/\/schema.org","@graph":[{"@type":"WebPage","@id":"https:\/\/teguar.com\/eu\/de\/product\/trt-4380-10\/","url":"https:\/\/teguar.com\/eu\/de\/product\/trt-4380-10\/","name":"10\" Robustes Tablet | TRT-4380-10","isPartOf":{"@id":"https:\/\/teguar.com\/eu\/en\/#website"},"primaryImageOfPage":{"@id":"https:\/\/teguar.com\/eu\/de\/product\/trt-4380-10\/#primaryimage"},"image":{"@id":"https:\/\/teguar.com\/eu\/de\/product\/trt-4380-10\/#primaryimage"},"thumbnailUrl":"https:\/\/teguar.com\/eu\/wp-content\/uploads\/sites\/2\/2020\/07\/ruggedized_tablet.trt-4380-10.cradle__86369.1595934986.1280.1280.jpg","datePublished":"2025-05-24T14:14:24+00:00","dateModified":"2025-11-24T14:47:17+00:00","description":"Der TRT-4380-10 ist ein robustes 10-Zoll-Tablet, das nach IP65 wasser- und staubdicht sowie nach MIL-STD-810G gegen St\u00fcrze und St\u00f6\u00dfe gesch\u00fctzt ist.","breadcrumb":{"@id":"https:\/\/teguar.com\/eu\/de\/product\/trt-4380-10\/#breadcrumb"},"inLanguage":"de","potentialAction":[{"@type":"ReadAction","target":["https:\/\/teguar.com\/eu\/de\/product\/trt-4380-10\/"]}]},{"@type":"ImageObject","inLanguage":"de","@id":"https:\/\/teguar.com\/eu\/de\/product\/trt-4380-10\/#primaryimage","url":"https:\/\/teguar.com\/eu\/wp-content\/uploads\/sites\/2\/2020\/07\/ruggedized_tablet.trt-4380-10.cradle__86369.1595934986.1280.1280.jpg","contentUrl":"https:\/\/teguar.com\/eu\/wp-content\/uploads\/sites\/2\/2020\/07\/ruggedized_tablet.trt-4380-10.cradle__86369.1595934986.1280.1280.jpg","width":1000,"height":1000,"caption":"10\" Rugged Tablet | TRT-4380-10"},{"@type":"BreadcrumbList","@id":"https:\/\/teguar.com\/eu\/de\/product\/trt-4380-10\/#breadcrumb","itemListElement":[{"@type":"ListItem","position":1,"name":"Home","item":"https:\/\/teguar.com\/eu\/de\/"},{"@type":"ListItem","position":2,"name":"TRT-4380-10"}]},{"@type":"WebSite","@id":"https:\/\/teguar.com\/eu\/en\/#website","url":"https:\/\/teguar.com\/eu\/en\/","name":"Teguar","description":"Industrial PCs, Medical Computers, and Rugged Tablets","potentialAction":[{"@type":"SearchAction","target":{"@type":"EntryPoint","urlTemplate":"https:\/\/teguar.com\/eu\/en\/?s={search_term_string}"},"query-input":{"@type":"PropertyValueSpecification","valueRequired":true,"valueName":"search_term_string"}}],"inLanguage":"de"}]}},"_links":{"self":[{"href":"https:\/\/teguar.com\/eu\/de\/wp-json\/wp\/v2\/product\/2245544","targetHints":{"allow":["GET"]}}],"collection":[{"href":"https:\/\/teguar.com\/eu\/de\/wp-json\/wp\/v2\/product"}],"about":[{"href":"https:\/\/teguar.com\/eu\/de\/wp-json\/wp\/v2\/types\/product"}],"wp:featuredmedia":[{"embeddable":true,"href":"https:\/\/teguar.com\/eu\/de\/wp-json\/wp\/v2\/media\/2246004"}],"wp:attachment":[{"href":"https:\/\/teguar.com\/eu\/de\/wp-json\/wp\/v2\/media?parent=2245544"}],"wp:term":[{"taxonomy":"product_brand","embeddable":true,"href":"https:\/\/teguar.com\/eu\/de\/wp-json\/wp\/v2\/product_brand?post=2245544"},{"taxonomy":"product_cat","embeddable":true,"href":"https:\/\/teguar.com\/eu\/de\/wp-json\/wp\/v2\/product_cat?post=2245544"},{"taxonomy":"product_tag","embeddable":true,"href":"https:\/\/teguar.com\/eu\/de\/wp-json\/wp\/v2\/product_tag?post=2245544"},{"taxonomy":"product_label","embeddable":true,"href":"https:\/\/teguar.com\/eu\/de\/wp-json\/wp\/v2\/product_label?post=2245544"}],"curies":[{"name":"wp","href":"https:\/\/api.w.org\/{rel}","templated":true}]}}