{"id":2245526,"date":"2025-06-19T14:13:03","date_gmt":"2025-06-19T14:13:03","guid":{"rendered":"https:\/\/teguar.com\/eu\/product\/ts-2945-12\/"},"modified":"2026-04-30T14:22:23","modified_gmt":"2026-04-30T14:22:23","slug":"ts-2945-12","status":"publish","type":"product","link":"https:\/\/teguar.com\/eu\/de\/product\/ts-2945-12\/","title":{"rendered":"TS-2945-12"},"content":{"rendered":"<p>Der TS-2945-12 Waterproof PC ist in einem vollst\u00e4ndig versiegelten Edelstahlgeh\u00e4use untergebracht und damit ideal f\u00fcr die Verarbeitung von Lebensmitteln und Getr\u00e4nken geeignet. Dieser Computer verf\u00fcgt \u00fcber ein l\u00fcfterloses K\u00fchlsystem und ein Geh\u00e4use nach IP66\/NEMA 4x. Der TS-2945-12 besteht aus industrietauglichen Komponenten und unterst\u00fctzt einen gro\u00dfen Temperaturbereich, so dass er in einer Vielzahl von Umgebungen eingesetzt werden kann.  <\/p>\n<p><span style=\"color: #000000\"><strong><span class=\"ui-provider a b c d e f g h i j k l m n o p q r s t u v w x y z ab ac ae af ag ah ai aj ak\" dir=\"ltr\">Dieses Produkt gilt jetzt als &#8222;fr\u00fchere Generation&#8220;, d.h. es kann sein, dass es nicht mehr erh\u00e4ltlich ist. Rufen Sie +1 800 870 7715 an, um weitere Informationen zu diesem Produkt zu erhalten, oder sehen Sie sich unsere vollst\u00e4ndige Liste der derzeit verf\u00fcgbaren <a href=\"https:\/\/teguar.com\/eu\/de\/wasserdichte-computer\/\">wasserdichten Computer<\/a> an. <\/span><\/strong><\/span><\/p>\n","protected":false},"excerpt":{"rendered":"<p><a href=\"https:\/\/teguar.com\/eu\/de\/computer-fuer-die-lebensmittelverarbeitung\/\">Lebensmittel- und Getr\u00e4nkeindustrie:<\/a> Die wasserdichten Touchscreen-Computer der Serie TS-2945 mit ihrem vollst\u00e4ndig abgedichteten Edelstahlgeh\u00e4use und der Wasserdichtigkeitsklasse IP66 eignen sich hervorragend f\u00fcr den Einsatz in der Lebensmittel- und Getr\u00e4nkeindustrie. Sie bieten zuverl\u00e4ssige Computerl\u00f6sungen, die Wasser, aggressiven Chemikalien und Verunreinigungen standhalten.<br \/>\n<br \/><a href=\"https:\/\/teguar.com\/eu\/de\/fertigungs-computer\/\">Produktionsumgebungen:<\/a> Mit ihrer robusten Konstruktion und ihrer Widerstandsf\u00e4higkeit gegen\u00fcber Wasser, Staub und aggressiven Chemikalien eignen sich die wasserdichten Touchscreen-Computer TS-2945 f\u00fcr verschiedene Produktionsumgebungen, z. B. in der Automobil-, Elektronik- und Pharmaindustrie, in denen Langlebigkeit und Schutz vor Umwelteinfl\u00fcssen wichtig sind.<br \/>\n<br \/><a href=\"https:\/\/teguar.com\/eu\/de\/marine-computer\/\">Salzwasser-Umgebungen:<\/a> Die Serie TS-2945 mit der Option f\u00fcr ein Geh\u00e4use aus SUS316-Edelstahl wurde speziell f\u00fcr den Einsatz in Salzwasserumgebungen entwickelt und eignet sich daher f\u00fcr Anwendungen in der Schifffahrt, im Offshore-Bereich und an der K\u00fcste.<br \/>\n<br \/><a href=\"https:\/\/teguar.com\/eu\/de\/computer-fuer-die-industrielle-automatisierung\/\">Industrielle Automatisierung:<\/a> Die Computer der Serie TS-2945 mit ihrer Intel Celeron N2930 CPU und ihrer robusten Bauweise eignen sich f\u00fcr industrielle Automatisierungsanwendungen und bieten zuverl\u00e4ssige Touch-basierte Schnittstellen f\u00fcr die Steuerung und \u00dcberwachung von Fertigungsprozessen, Maschinen und Anlagen.  <\/p>\n","protected":false},"featured_media":2245945,"template":"","meta":{"_acf_changed":false},"product_brand":[],"product_cat":[2854],"product_tag":[],"product_label":[],"class_list":{"0":"post-2245526","1":"product","2":"type-product","3":"status-publish","4":"has-post-thumbnail","6":"product_cat-wasserdichte-computer","7":"pa_windows-windows-10-iot","8":"pa_windows-windows-10-pro","9":"pa_windows-windows-8-1-pro","11":"first","12":"outofstock","13":"taxable","14":"shipping-taxable","15":"purchasable","16":"product-type-simple"},"composite_virtual":false,"composite_layout":"","composite_add_to_cart_form_location":"","composite_editable_in_cart":false,"composite_sold_individually_context":"","composite_shop_price_calc":"","composite_components":[],"composite_scenarios":[],"acf":[],"yoast_head":"<!-- This site is optimized with the Yoast SEO Premium plugin v26.8 (Yoast SEO v27.2) - https:\/\/yoast.com\/product\/yoast-seo-premium-wordpress\/ -->\n<title>12&quot; Wasserdichter All-in-One PC | TS-2945-12<\/title>\n<meta name=\"description\" content=\"Der TS-2945-12 ist ein wasserdichter IP66\/IP69K Computer. Dieser PC ist ideal f\u00fcr industrielle Umgebungen, in denen Staub, Wasser oder aggressive Chemikalien vorkommen.\" \/>\n<meta name=\"robots\" content=\"index, follow, max-snippet:-1, max-image-preview:large, max-video-preview:-1\" \/>\n<link rel=\"canonical\" href=\"https:\/\/teguar.com\/eu\/de\/product\/ts-2945-12\/\" \/>\n<meta property=\"og:locale\" content=\"de_DE\" \/>\n<meta property=\"og:type\" content=\"article\" \/>\n<meta property=\"og:title\" content=\"TS-2945-12\" \/>\n<meta property=\"og:description\" content=\"Der TS-2945-12 ist ein wasserdichter IP66\/IP69K Computer. Dieser PC ist ideal f\u00fcr industrielle Umgebungen, in denen Staub, Wasser oder aggressive Chemikalien vorkommen.\" \/>\n<meta property=\"og:url\" content=\"https:\/\/teguar.com\/eu\/de\/product\/ts-2945-12\/\" \/>\n<meta property=\"og:site_name\" content=\"Teguar\" \/>\n<meta property=\"article:modified_time\" content=\"2026-04-30T14:22:23+00:00\" \/>\n<meta property=\"og:image\" content=\"https:\/\/teguar.com\/eu\/wp-content\/uploads\/sites\/2\/2021\/01\/TS-2945-waterproof-pc__80155.1610473415.1280.1280.jpg\" \/>\n\t<meta property=\"og:image:width\" content=\"1000\" \/>\n\t<meta property=\"og:image:height\" content=\"1000\" \/>\n\t<meta property=\"og:image:type\" content=\"image\/jpeg\" \/>\n<meta name=\"twitter:card\" content=\"summary_large_image\" \/>\n<meta name=\"twitter:label1\" content=\"Gesch\u00e4tzte Lesezeit\" \/>\n\t<meta name=\"twitter:data1\" content=\"1\u00a0Minute\" \/>\n<script type=\"application\/ld+json\" class=\"yoast-schema-graph\">{\"@context\":\"https:\/\/schema.org\",\"@graph\":[{\"@type\":\"WebPage\",\"@id\":\"https:\/\/teguar.com\/eu\/de\/product\/ts-2945-12\/\",\"url\":\"https:\/\/teguar.com\/eu\/de\/product\/ts-2945-12\/\",\"name\":\"12\\\" Wasserdichter All-in-One PC | TS-2945-12\",\"isPartOf\":{\"@id\":\"https:\/\/teguar.com\/eu\/en\/#website\"},\"primaryImageOfPage\":{\"@id\":\"https:\/\/teguar.com\/eu\/de\/product\/ts-2945-12\/#primaryimage\"},\"image\":{\"@id\":\"https:\/\/teguar.com\/eu\/de\/product\/ts-2945-12\/#primaryimage\"},\"thumbnailUrl\":\"https:\/\/teguar.com\/eu\/wp-content\/uploads\/sites\/2\/2021\/01\/TS-2945-waterproof-pc__80155.1610473415.1280.1280.jpg\",\"datePublished\":\"2025-06-19T14:13:03+00:00\",\"dateModified\":\"2026-04-30T14:22:23+00:00\",\"description\":\"Der TS-2945-12 ist ein wasserdichter IP66\/IP69K Computer. Dieser PC ist ideal f\u00fcr industrielle Umgebungen, in denen Staub, Wasser oder aggressive Chemikalien vorkommen.\",\"breadcrumb\":{\"@id\":\"https:\/\/teguar.com\/eu\/de\/product\/ts-2945-12\/#breadcrumb\"},\"inLanguage\":\"de\",\"potentialAction\":[{\"@type\":\"ReadAction\",\"target\":[\"https:\/\/teguar.com\/eu\/de\/product\/ts-2945-12\/\"]}]},{\"@type\":\"ImageObject\",\"inLanguage\":\"de\",\"@id\":\"https:\/\/teguar.com\/eu\/de\/product\/ts-2945-12\/#primaryimage\",\"url\":\"https:\/\/teguar.com\/eu\/wp-content\/uploads\/sites\/2\/2021\/01\/TS-2945-waterproof-pc__80155.1610473415.1280.1280.jpg\",\"contentUrl\":\"https:\/\/teguar.com\/eu\/wp-content\/uploads\/sites\/2\/2021\/01\/TS-2945-waterproof-pc__80155.1610473415.1280.1280.jpg\",\"width\":1000,\"height\":1000,\"caption\":\"12 Inch Waterpoof Computer\"},{\"@type\":\"BreadcrumbList\",\"@id\":\"https:\/\/teguar.com\/eu\/de\/product\/ts-2945-12\/#breadcrumb\",\"itemListElement\":[{\"@type\":\"ListItem\",\"position\":1,\"name\":\"Home\",\"item\":\"https:\/\/teguar.com\/eu\/de\/\"},{\"@type\":\"ListItem\",\"position\":2,\"name\":\"TS-2945-12\"}]},{\"@type\":\"WebSite\",\"@id\":\"https:\/\/teguar.com\/eu\/en\/#website\",\"url\":\"https:\/\/teguar.com\/eu\/en\/\",\"name\":\"Teguar\",\"description\":\"Industrial PCs, Medical Computers, and Rugged Tablets\",\"potentialAction\":[{\"@type\":\"SearchAction\",\"target\":{\"@type\":\"EntryPoint\",\"urlTemplate\":\"https:\/\/teguar.com\/eu\/en\/?s={search_term_string}\"},\"query-input\":{\"@type\":\"PropertyValueSpecification\",\"valueRequired\":true,\"valueName\":\"search_term_string\"}}],\"inLanguage\":\"de\"}]}<\/script>\n<!-- \/ Yoast SEO Premium plugin. -->","yoast_head_json":{"title":"12\" Wasserdichter All-in-One PC | TS-2945-12","description":"Der TS-2945-12 ist ein wasserdichter IP66\/IP69K Computer. Dieser PC ist ideal f\u00fcr industrielle Umgebungen, in denen Staub, Wasser oder aggressive Chemikalien vorkommen.","robots":{"index":"index","follow":"follow","max-snippet":"max-snippet:-1","max-image-preview":"max-image-preview:large","max-video-preview":"max-video-preview:-1"},"canonical":"https:\/\/teguar.com\/eu\/de\/product\/ts-2945-12\/","og_locale":"de_DE","og_type":"article","og_title":"TS-2945-12","og_description":"Der TS-2945-12 ist ein wasserdichter IP66\/IP69K Computer. Dieser PC ist ideal f\u00fcr industrielle Umgebungen, in denen Staub, Wasser oder aggressive Chemikalien vorkommen.","og_url":"https:\/\/teguar.com\/eu\/de\/product\/ts-2945-12\/","og_site_name":"Teguar","article_modified_time":"2026-04-30T14:22:23+00:00","og_image":[{"width":1000,"height":1000,"url":"https:\/\/teguar.com\/eu\/wp-content\/uploads\/sites\/2\/2021\/01\/TS-2945-waterproof-pc__80155.1610473415.1280.1280.jpg","type":"image\/jpeg"}],"twitter_card":"summary_large_image","twitter_misc":{"Gesch\u00e4tzte Lesezeit":"1\u00a0Minute"},"schema":{"@context":"https:\/\/schema.org","@graph":[{"@type":"WebPage","@id":"https:\/\/teguar.com\/eu\/de\/product\/ts-2945-12\/","url":"https:\/\/teguar.com\/eu\/de\/product\/ts-2945-12\/","name":"12\" Wasserdichter All-in-One PC | TS-2945-12","isPartOf":{"@id":"https:\/\/teguar.com\/eu\/en\/#website"},"primaryImageOfPage":{"@id":"https:\/\/teguar.com\/eu\/de\/product\/ts-2945-12\/#primaryimage"},"image":{"@id":"https:\/\/teguar.com\/eu\/de\/product\/ts-2945-12\/#primaryimage"},"thumbnailUrl":"https:\/\/teguar.com\/eu\/wp-content\/uploads\/sites\/2\/2021\/01\/TS-2945-waterproof-pc__80155.1610473415.1280.1280.jpg","datePublished":"2025-06-19T14:13:03+00:00","dateModified":"2026-04-30T14:22:23+00:00","description":"Der TS-2945-12 ist ein wasserdichter IP66\/IP69K Computer. Dieser PC ist ideal f\u00fcr industrielle Umgebungen, in denen Staub, Wasser oder aggressive Chemikalien vorkommen.","breadcrumb":{"@id":"https:\/\/teguar.com\/eu\/de\/product\/ts-2945-12\/#breadcrumb"},"inLanguage":"de","potentialAction":[{"@type":"ReadAction","target":["https:\/\/teguar.com\/eu\/de\/product\/ts-2945-12\/"]}]},{"@type":"ImageObject","inLanguage":"de","@id":"https:\/\/teguar.com\/eu\/de\/product\/ts-2945-12\/#primaryimage","url":"https:\/\/teguar.com\/eu\/wp-content\/uploads\/sites\/2\/2021\/01\/TS-2945-waterproof-pc__80155.1610473415.1280.1280.jpg","contentUrl":"https:\/\/teguar.com\/eu\/wp-content\/uploads\/sites\/2\/2021\/01\/TS-2945-waterproof-pc__80155.1610473415.1280.1280.jpg","width":1000,"height":1000,"caption":"12 Inch Waterpoof Computer"},{"@type":"BreadcrumbList","@id":"https:\/\/teguar.com\/eu\/de\/product\/ts-2945-12\/#breadcrumb","itemListElement":[{"@type":"ListItem","position":1,"name":"Home","item":"https:\/\/teguar.com\/eu\/de\/"},{"@type":"ListItem","position":2,"name":"TS-2945-12"}]},{"@type":"WebSite","@id":"https:\/\/teguar.com\/eu\/en\/#website","url":"https:\/\/teguar.com\/eu\/en\/","name":"Teguar","description":"Industrial PCs, Medical Computers, and Rugged Tablets","potentialAction":[{"@type":"SearchAction","target":{"@type":"EntryPoint","urlTemplate":"https:\/\/teguar.com\/eu\/en\/?s={search_term_string}"},"query-input":{"@type":"PropertyValueSpecification","valueRequired":true,"valueName":"search_term_string"}}],"inLanguage":"de"}]}},"_links":{"self":[{"href":"https:\/\/teguar.com\/eu\/de\/wp-json\/wp\/v2\/product\/2245526","targetHints":{"allow":["GET"]}}],"collection":[{"href":"https:\/\/teguar.com\/eu\/de\/wp-json\/wp\/v2\/product"}],"about":[{"href":"https:\/\/teguar.com\/eu\/de\/wp-json\/wp\/v2\/types\/product"}],"wp:featuredmedia":[{"embeddable":true,"href":"https:\/\/teguar.com\/eu\/de\/wp-json\/wp\/v2\/media\/2245945"}],"wp:attachment":[{"href":"https:\/\/teguar.com\/eu\/de\/wp-json\/wp\/v2\/media?parent=2245526"}],"wp:term":[{"taxonomy":"product_brand","embeddable":true,"href":"https:\/\/teguar.com\/eu\/de\/wp-json\/wp\/v2\/product_brand?post=2245526"},{"taxonomy":"product_cat","embeddable":true,"href":"https:\/\/teguar.com\/eu\/de\/wp-json\/wp\/v2\/product_cat?post=2245526"},{"taxonomy":"product_tag","embeddable":true,"href":"https:\/\/teguar.com\/eu\/de\/wp-json\/wp\/v2\/product_tag?post=2245526"},{"taxonomy":"product_label","embeddable":true,"href":"https:\/\/teguar.com\/eu\/de\/wp-json\/wp\/v2\/product_label?post=2245526"}],"curies":[{"name":"wp","href":"https:\/\/api.w.org\/{rel}","templated":true}]}}