{"id":2245525,"date":"2025-05-23T14:11:00","date_gmt":"2025-05-23T14:11:00","guid":{"rendered":"https:\/\/teguar.com\/eu\/product\/tmt-a5580-10s\/"},"modified":"2026-03-24T20:48:24","modified_gmt":"2026-03-24T20:48:24","slug":"tmt-a5580-10s","status":"publish","type":"product","link":"https:\/\/teguar.com\/eu\/de\/product\/tmt-a5580-10s\/","title":{"rendered":"TMT-A5580-10S"},"content":{"rendered":"<p>Das 10&#8243; Android Medical Tablet wird angetrieben von einem Octa-Core-Prozessor mit Android 11 OS und Google Mobile Servies. Es kann l\u00e4sst sich problemlos in wichtige medizinische Anwendungen integrieren und verarbeitet problemlos komplexe medizinische Daten. Trotz seines schlanken und eleganten Designs verf\u00fcgt das Ger\u00e4t \u00fcber eine bemerkenswerte Widerstandsf\u00e4higkeit, die durch eine Mil-STD-810H-Einstufung f\u00fcr einen zuverl\u00e4ssigen Betrieb in schwierigen Umgebungen unterst\u00fctzt wird. Die IP65-Einstufung sch\u00fctzt das Tablet vor Wasser und Staub. Speziell f\u00fcr das 10&#8243; Android Medical Tablet, gibt es eine Option Dockingstation f\u00fcr seine Anpassungsf\u00e4higkeit zu erh\u00f6hen.<\/p>\n","protected":false},"excerpt":{"rendered":"<p><a href=\"https:\/\/teguar.com\/eu\/electronic-health-record-ehr-computer\/\">EHR-Verwaltung: <\/a>Das TMT-A5580 Android Medical Tablet mit Android 11 und einem Octa-Core-Prozessor wurde f\u00fcr die nahtlose Verwaltung von elektronischen Gesundheitsakten (EHR) entwickelt. Sein d\u00fcnnes und robustes Design mit einer Mil-STD-810H-Einstufung und IP65-Best\u00e4ndigkeit gew\u00e4hrleistet einen zuverl\u00e4ssigen Betrieb in anspruchsvollen Umgebungen im Gesundheitswesen.<\/p>\n<p><a href=\"https:\/\/teguar.com\/eu\/telemedicine-computer\/\">Telemedizinische Konsultationen: <\/a>Das f\u00fcr die Telemedizin ma\u00dfgeschneiderte Android Medical Tablet der Serie TMT-A5580 erm\u00f6glicht mit Android 11 und einem Octa-Core-Prozessor reibungslose Videokonferenzen. Seine robuste Bauweise mit Mil-STD-810H-Einstufung und IP65-Widerstandsf\u00e4higkeit erleichtert effiziente Konsultationen zwischen \u00c4rzten und Patienten in abgelegenen Gebieten.<\/p>\n<p><a href=\"https:\/\/teguar.com\/eu\/medical-imaging-computer\/\">Medizinische Bildgebung:<\/a> Die TMT-A5580 Android Medical Tablet-Serie eignet sich hervorragend f\u00fcr medizinische Bildgebungsaufgaben. Angetrieben von Android 11 und einem Octa-Core-Prozessor sorgt es f\u00fcr eine reibungslose Leistung bei der Betrachtung von R\u00f6ntgenbildern und CT-Scans.<\/p>\n","protected":false},"featured_media":2245784,"template":"","meta":{"_acf_changed":false},"product_brand":[],"product_cat":[2836,2842],"product_tag":[],"product_label":[],"class_list":{"0":"post-2245525","1":"product","2":"type-product","3":"status-publish","4":"has-post-thumbnail","6":"product_cat-medizinische-tablets","7":"product_cat-rugged-android-tablets","9":"first","10":"instock","11":"taxable","12":"shipping-taxable","13":"purchasable","14":"product-type-simple"},"composite_virtual":false,"composite_layout":"","composite_add_to_cart_form_location":"","composite_editable_in_cart":false,"composite_sold_individually_context":"","composite_shop_price_calc":"","composite_components":[],"composite_scenarios":[],"acf":[],"yoast_head":"<!-- This site is optimized with the Yoast SEO Premium plugin v26.8 (Yoast SEO v27.2) - https:\/\/yoast.com\/product\/yoast-seo-premium-wordpress\/ -->\n<title>10&quot; Android Medizinisches Tablet | TMT-A5580-10S<\/title>\n<meta name=\"description\" content=\"Das 10&quot; Android Medical Tablet wird von einem Octa-Core-Prozessor mit Android 11 OS und Google Mobile Services angetrieben.\" \/>\n<meta name=\"robots\" content=\"index, follow, max-snippet:-1, max-image-preview:large, max-video-preview:-1\" \/>\n<link rel=\"canonical\" href=\"https:\/\/teguar.com\/eu\/de\/product\/tmt-a5580-10s\/\" \/>\n<meta property=\"og:locale\" content=\"de_DE\" \/>\n<meta property=\"og:type\" content=\"article\" \/>\n<meta property=\"og:title\" content=\"TMT-A5580-10S\" \/>\n<meta property=\"og:description\" content=\"Das 10&quot; Android Medical Tablet wird von einem Octa-Core-Prozessor mit Android 11 OS und Google Mobile Services angetrieben.\" \/>\n<meta property=\"og:url\" content=\"https:\/\/teguar.com\/eu\/de\/product\/tmt-a5580-10s\/\" \/>\n<meta property=\"og:site_name\" content=\"Teguar\" \/>\n<meta property=\"article:modified_time\" content=\"2026-03-24T20:48:24+00:00\" \/>\n<meta property=\"og:image\" content=\"https:\/\/teguar.com\/eu\/wp-content\/uploads\/sites\/2\/2023\/08\/10_Android_Medical_Tablet_TMT-A5580-10S_Front2__29975.1691505306.1280.1280.jpg\" \/>\n\t<meta property=\"og:image:width\" content=\"900\" \/>\n\t<meta property=\"og:image:height\" content=\"700\" \/>\n\t<meta property=\"og:image:type\" content=\"image\/jpeg\" \/>\n<meta name=\"twitter:card\" content=\"summary_large_image\" \/>\n<meta name=\"twitter:label1\" content=\"Gesch\u00e4tzte Lesezeit\" \/>\n\t<meta name=\"twitter:data1\" content=\"1\u00a0Minute\" \/>\n<script type=\"application\/ld+json\" class=\"yoast-schema-graph\">{\"@context\":\"https:\/\/schema.org\",\"@graph\":[{\"@type\":\"WebPage\",\"@id\":\"https:\/\/teguar.com\/eu\/de\/product\/tmt-a5580-10s\/\",\"url\":\"https:\/\/teguar.com\/eu\/de\/product\/tmt-a5580-10s\/\",\"name\":\"10\\\" Android Medizinisches Tablet | TMT-A5580-10S\",\"isPartOf\":{\"@id\":\"https:\/\/teguar.com\/eu\/en\/#website\"},\"primaryImageOfPage\":{\"@id\":\"https:\/\/teguar.com\/eu\/de\/product\/tmt-a5580-10s\/#primaryimage\"},\"image\":{\"@id\":\"https:\/\/teguar.com\/eu\/de\/product\/tmt-a5580-10s\/#primaryimage\"},\"thumbnailUrl\":\"https:\/\/teguar.com\/eu\/wp-content\/uploads\/sites\/2\/2023\/08\/10_Android_Medical_Tablet_TMT-A5580-10S_Front2__29975.1691505306.1280.1280.jpg\",\"datePublished\":\"2025-05-23T14:11:00+00:00\",\"dateModified\":\"2026-03-24T20:48:24+00:00\",\"description\":\"Das 10\\\" Android Medical Tablet wird von einem Octa-Core-Prozessor mit Android 11 OS und Google Mobile Services angetrieben.\",\"breadcrumb\":{\"@id\":\"https:\/\/teguar.com\/eu\/de\/product\/tmt-a5580-10s\/#breadcrumb\"},\"inLanguage\":\"de\",\"potentialAction\":[{\"@type\":\"ReadAction\",\"target\":[\"https:\/\/teguar.com\/eu\/de\/product\/tmt-a5580-10s\/\"]}]},{\"@type\":\"ImageObject\",\"inLanguage\":\"de\",\"@id\":\"https:\/\/teguar.com\/eu\/de\/product\/tmt-a5580-10s\/#primaryimage\",\"url\":\"https:\/\/teguar.com\/eu\/wp-content\/uploads\/sites\/2\/2023\/08\/10_Android_Medical_Tablet_TMT-A5580-10S_Front2__29975.1691505306.1280.1280.jpg\",\"contentUrl\":\"https:\/\/teguar.com\/eu\/wp-content\/uploads\/sites\/2\/2023\/08\/10_Android_Medical_Tablet_TMT-A5580-10S_Front2__29975.1691505306.1280.1280.jpg\",\"width\":900,\"height\":700,\"caption\":\"10\\\" Android Medical Tablet TMT-A5580-10S Front\"},{\"@type\":\"BreadcrumbList\",\"@id\":\"https:\/\/teguar.com\/eu\/de\/product\/tmt-a5580-10s\/#breadcrumb\",\"itemListElement\":[{\"@type\":\"ListItem\",\"position\":1,\"name\":\"Home\",\"item\":\"https:\/\/teguar.com\/eu\/de\/\"},{\"@type\":\"ListItem\",\"position\":2,\"name\":\"TMT-A5580-10S\"}]},{\"@type\":\"WebSite\",\"@id\":\"https:\/\/teguar.com\/eu\/en\/#website\",\"url\":\"https:\/\/teguar.com\/eu\/en\/\",\"name\":\"Teguar\",\"description\":\"Industrial PCs, Medical Computers, and Rugged Tablets\",\"potentialAction\":[{\"@type\":\"SearchAction\",\"target\":{\"@type\":\"EntryPoint\",\"urlTemplate\":\"https:\/\/teguar.com\/eu\/en\/?s={search_term_string}\"},\"query-input\":{\"@type\":\"PropertyValueSpecification\",\"valueRequired\":true,\"valueName\":\"search_term_string\"}}],\"inLanguage\":\"de\"}]}<\/script>\n<!-- \/ Yoast SEO Premium plugin. -->","yoast_head_json":{"title":"10\" Android Medizinisches Tablet | TMT-A5580-10S","description":"Das 10\" Android Medical Tablet wird von einem Octa-Core-Prozessor mit Android 11 OS und Google Mobile Services angetrieben.","robots":{"index":"index","follow":"follow","max-snippet":"max-snippet:-1","max-image-preview":"max-image-preview:large","max-video-preview":"max-video-preview:-1"},"canonical":"https:\/\/teguar.com\/eu\/de\/product\/tmt-a5580-10s\/","og_locale":"de_DE","og_type":"article","og_title":"TMT-A5580-10S","og_description":"Das 10\" Android Medical Tablet wird von einem Octa-Core-Prozessor mit Android 11 OS und Google Mobile Services angetrieben.","og_url":"https:\/\/teguar.com\/eu\/de\/product\/tmt-a5580-10s\/","og_site_name":"Teguar","article_modified_time":"2026-03-24T20:48:24+00:00","og_image":[{"width":900,"height":700,"url":"https:\/\/teguar.com\/eu\/wp-content\/uploads\/sites\/2\/2023\/08\/10_Android_Medical_Tablet_TMT-A5580-10S_Front2__29975.1691505306.1280.1280.jpg","type":"image\/jpeg"}],"twitter_card":"summary_large_image","twitter_misc":{"Gesch\u00e4tzte Lesezeit":"1\u00a0Minute"},"schema":{"@context":"https:\/\/schema.org","@graph":[{"@type":"WebPage","@id":"https:\/\/teguar.com\/eu\/de\/product\/tmt-a5580-10s\/","url":"https:\/\/teguar.com\/eu\/de\/product\/tmt-a5580-10s\/","name":"10\" Android Medizinisches Tablet | TMT-A5580-10S","isPartOf":{"@id":"https:\/\/teguar.com\/eu\/en\/#website"},"primaryImageOfPage":{"@id":"https:\/\/teguar.com\/eu\/de\/product\/tmt-a5580-10s\/#primaryimage"},"image":{"@id":"https:\/\/teguar.com\/eu\/de\/product\/tmt-a5580-10s\/#primaryimage"},"thumbnailUrl":"https:\/\/teguar.com\/eu\/wp-content\/uploads\/sites\/2\/2023\/08\/10_Android_Medical_Tablet_TMT-A5580-10S_Front2__29975.1691505306.1280.1280.jpg","datePublished":"2025-05-23T14:11:00+00:00","dateModified":"2026-03-24T20:48:24+00:00","description":"Das 10\" Android Medical Tablet wird von einem Octa-Core-Prozessor mit Android 11 OS und Google Mobile Services angetrieben.","breadcrumb":{"@id":"https:\/\/teguar.com\/eu\/de\/product\/tmt-a5580-10s\/#breadcrumb"},"inLanguage":"de","potentialAction":[{"@type":"ReadAction","target":["https:\/\/teguar.com\/eu\/de\/product\/tmt-a5580-10s\/"]}]},{"@type":"ImageObject","inLanguage":"de","@id":"https:\/\/teguar.com\/eu\/de\/product\/tmt-a5580-10s\/#primaryimage","url":"https:\/\/teguar.com\/eu\/wp-content\/uploads\/sites\/2\/2023\/08\/10_Android_Medical_Tablet_TMT-A5580-10S_Front2__29975.1691505306.1280.1280.jpg","contentUrl":"https:\/\/teguar.com\/eu\/wp-content\/uploads\/sites\/2\/2023\/08\/10_Android_Medical_Tablet_TMT-A5580-10S_Front2__29975.1691505306.1280.1280.jpg","width":900,"height":700,"caption":"10\" Android Medical Tablet TMT-A5580-10S Front"},{"@type":"BreadcrumbList","@id":"https:\/\/teguar.com\/eu\/de\/product\/tmt-a5580-10s\/#breadcrumb","itemListElement":[{"@type":"ListItem","position":1,"name":"Home","item":"https:\/\/teguar.com\/eu\/de\/"},{"@type":"ListItem","position":2,"name":"TMT-A5580-10S"}]},{"@type":"WebSite","@id":"https:\/\/teguar.com\/eu\/en\/#website","url":"https:\/\/teguar.com\/eu\/en\/","name":"Teguar","description":"Industrial PCs, Medical Computers, and Rugged Tablets","potentialAction":[{"@type":"SearchAction","target":{"@type":"EntryPoint","urlTemplate":"https:\/\/teguar.com\/eu\/en\/?s={search_term_string}"},"query-input":{"@type":"PropertyValueSpecification","valueRequired":true,"valueName":"search_term_string"}}],"inLanguage":"de"}]}},"_links":{"self":[{"href":"https:\/\/teguar.com\/eu\/de\/wp-json\/wp\/v2\/product\/2245525","targetHints":{"allow":["GET"]}}],"collection":[{"href":"https:\/\/teguar.com\/eu\/de\/wp-json\/wp\/v2\/product"}],"about":[{"href":"https:\/\/teguar.com\/eu\/de\/wp-json\/wp\/v2\/types\/product"}],"wp:featuredmedia":[{"embeddable":true,"href":"https:\/\/teguar.com\/eu\/de\/wp-json\/wp\/v2\/media\/2245784"}],"wp:attachment":[{"href":"https:\/\/teguar.com\/eu\/de\/wp-json\/wp\/v2\/media?parent=2245525"}],"wp:term":[{"taxonomy":"product_brand","embeddable":true,"href":"https:\/\/teguar.com\/eu\/de\/wp-json\/wp\/v2\/product_brand?post=2245525"},{"taxonomy":"product_cat","embeddable":true,"href":"https:\/\/teguar.com\/eu\/de\/wp-json\/wp\/v2\/product_cat?post=2245525"},{"taxonomy":"product_tag","embeddable":true,"href":"https:\/\/teguar.com\/eu\/de\/wp-json\/wp\/v2\/product_tag?post=2245525"},{"taxonomy":"product_label","embeddable":true,"href":"https:\/\/teguar.com\/eu\/de\/wp-json\/wp\/v2\/product_label?post=2245525"}],"curies":[{"name":"wp","href":"https:\/\/api.w.org\/{rel}","templated":true}]}}