{"id":2245508,"date":"2025-06-24T14:11:50","date_gmt":"2025-06-24T14:11:50","guid":{"rendered":"https:\/\/teguar.com\/eu\/product\/desktop-akku-dock-trt-5380-10-12\/"},"modified":"2025-06-24T14:11:50","modified_gmt":"2025-06-24T14:11:50","slug":"desktop-akku-dock-trt-5380-10-12","status":"publish","type":"product","link":"https:\/\/teguar.com\/eu\/de\/product\/desktop-akku-dock-trt-5380-10-12\/","title":{"rendered":"Desktop &amp; Akku-Dock TRT-5380-10\/12"},"content":{"rendered":"<p>Diese Desktop-Dockingstation wurde f\u00fcr die Verwendung mit dem TRT-5380-10 und dem TRT-5380-12 entwickelt und eignet sich ideal zum Aufladen und Andocken im Handumdrehen. Diese Dockingstation ist mit mehreren Ein- und Ausg\u00e4ngen ausgestattet, darunter 2x USB, RJ45 LAN, RS232 und ein 19-V-Stromeingang. Die Dockingstation verf\u00fcgt au\u00dferdem \u00fcber Akkuladesch\u00e4chte sowohl f\u00fcr den TRT-5380-10 Akku als auch f\u00fcr den TRT-5380-12 Akku.  <\/p>\n","protected":false},"excerpt":{"rendered":"<p>Diese Desktop-Dockingstation ist mit dem TRT-5380-10\/12 von Teguar kompatibel und verf\u00fcgt \u00fcber zwei Akkuladesch\u00e4chte. Mehrere Ein- und Ausg\u00e4nge befinden sich auf der R\u00fcckseite der Dockingstation. <\/p>\n","protected":false},"featured_media":2245824,"template":"","meta":{"_acf_changed":false},"product_brand":[],"product_cat":[2814],"product_tag":[],"product_label":[],"class_list":{"0":"post-2245508","1":"product","2":"type-product","3":"status-publish","4":"has-post-thumbnail","6":"product_cat-zubehor","8":"first","9":"instock","10":"taxable","11":"shipping-taxable","12":"purchasable","13":"product-type-simple"},"composite_virtual":false,"composite_layout":"","composite_add_to_cart_form_location":"","composite_editable_in_cart":false,"composite_sold_individually_context":"","composite_shop_price_calc":"","composite_components":[],"composite_scenarios":[],"acf":[],"yoast_head":"<!-- This site is optimized with the Yoast SEO Premium plugin v26.8 (Yoast SEO v27.2) - https:\/\/yoast.com\/product\/yoast-seo-premium-wordpress\/ -->\n<title>Desktop &amp; Akku-Dock TRT-5380-10\/12 - Teguar<\/title>\n<meta name=\"description\" content=\"Diese Desktop-Dockingstation wurde f\u00fcr die Verwendung mit dem TRT-5380-10 und TRT-5380-12 entwickelt und ist ideal zum Aufladen und Andocken.\" \/>\n<meta name=\"robots\" content=\"index, follow, max-snippet:-1, max-image-preview:large, max-video-preview:-1\" \/>\n<link rel=\"canonical\" href=\"https:\/\/teguar.com\/eu\/de\/product\/desktop-akku-dock-trt-5380-10-12\/\" \/>\n<meta property=\"og:locale\" content=\"de_DE\" \/>\n<meta property=\"og:type\" content=\"article\" \/>\n<meta property=\"og:title\" content=\"Desktop &amp; Akku-Dock TRT-5380-10\/12\" \/>\n<meta property=\"og:description\" content=\"Diese Desktop-Dockingstation wurde f\u00fcr die Verwendung mit dem TRT-5380-10 und TRT-5380-12 entwickelt und ist ideal zum Aufladen und Andocken.\" \/>\n<meta property=\"og:url\" content=\"https:\/\/teguar.com\/eu\/de\/product\/desktop-akku-dock-trt-5380-10-12\/\" \/>\n<meta property=\"og:site_name\" content=\"Teguar\" \/>\n<meta property=\"og:image\" content=\"https:\/\/teguar.com\/eu\/wp-content\/uploads\/sites\/2\/2023\/01\/TRT-5380_Desktop_Dock__37691.1674137174.1280.1280.jpg\" \/>\n\t<meta property=\"og:image:width\" content=\"1280\" \/>\n\t<meta property=\"og:image:height\" content=\"721\" \/>\n\t<meta property=\"og:image:type\" content=\"image\/jpeg\" \/>\n<meta name=\"twitter:card\" content=\"summary_large_image\" \/>\n<script type=\"application\/ld+json\" class=\"yoast-schema-graph\">{\"@context\":\"https:\/\/schema.org\",\"@graph\":[{\"@type\":\"WebPage\",\"@id\":\"https:\/\/teguar.com\/eu\/de\/product\/desktop-akku-dock-trt-5380-10-12\/\",\"url\":\"https:\/\/teguar.com\/eu\/de\/product\/desktop-akku-dock-trt-5380-10-12\/\",\"name\":\"Desktop &amp; Akku-Dock TRT-5380-10\/12 - Teguar\",\"isPartOf\":{\"@id\":\"https:\/\/teguar.com\/eu\/en\/#website\"},\"primaryImageOfPage\":{\"@id\":\"https:\/\/teguar.com\/eu\/de\/product\/desktop-akku-dock-trt-5380-10-12\/#primaryimage\"},\"image\":{\"@id\":\"https:\/\/teguar.com\/eu\/de\/product\/desktop-akku-dock-trt-5380-10-12\/#primaryimage\"},\"thumbnailUrl\":\"https:\/\/teguar.com\/eu\/wp-content\/uploads\/sites\/2\/2023\/01\/TRT-5380_Desktop_Dock__37691.1674137174.1280.1280.jpg\",\"datePublished\":\"2025-06-24T14:11:50+00:00\",\"description\":\"Diese Desktop-Dockingstation wurde f\u00fcr die Verwendung mit dem TRT-5380-10 und TRT-5380-12 entwickelt und ist ideal zum Aufladen und Andocken.\",\"breadcrumb\":{\"@id\":\"https:\/\/teguar.com\/eu\/de\/product\/desktop-akku-dock-trt-5380-10-12\/#breadcrumb\"},\"inLanguage\":\"de\",\"potentialAction\":[{\"@type\":\"ReadAction\",\"target\":[\"https:\/\/teguar.com\/eu\/de\/product\/desktop-akku-dock-trt-5380-10-12\/\"]}]},{\"@type\":\"ImageObject\",\"inLanguage\":\"de\",\"@id\":\"https:\/\/teguar.com\/eu\/de\/product\/desktop-akku-dock-trt-5380-10-12\/#primaryimage\",\"url\":\"https:\/\/teguar.com\/eu\/wp-content\/uploads\/sites\/2\/2023\/01\/TRT-5380_Desktop_Dock__37691.1674137174.1280.1280.jpg\",\"contentUrl\":\"https:\/\/teguar.com\/eu\/wp-content\/uploads\/sites\/2\/2023\/01\/TRT-5380_Desktop_Dock__37691.1674137174.1280.1280.jpg\",\"width\":1280,\"height\":721,\"caption\":\"TRT-5380 Desktop Dock Front\"},{\"@type\":\"BreadcrumbList\",\"@id\":\"https:\/\/teguar.com\/eu\/de\/product\/desktop-akku-dock-trt-5380-10-12\/#breadcrumb\",\"itemListElement\":[{\"@type\":\"ListItem\",\"position\":1,\"name\":\"Home\",\"item\":\"https:\/\/teguar.com\/eu\/de\/\"},{\"@type\":\"ListItem\",\"position\":2,\"name\":\"Desktop &amp; Akku-Dock TRT-5380-10\/12\"}]},{\"@type\":\"WebSite\",\"@id\":\"https:\/\/teguar.com\/eu\/en\/#website\",\"url\":\"https:\/\/teguar.com\/eu\/en\/\",\"name\":\"Teguar\",\"description\":\"Industrial PCs, Medical Computers, and Rugged Tablets\",\"potentialAction\":[{\"@type\":\"SearchAction\",\"target\":{\"@type\":\"EntryPoint\",\"urlTemplate\":\"https:\/\/teguar.com\/eu\/en\/?s={search_term_string}\"},\"query-input\":{\"@type\":\"PropertyValueSpecification\",\"valueRequired\":true,\"valueName\":\"search_term_string\"}}],\"inLanguage\":\"de\"}]}<\/script>\n<!-- \/ Yoast SEO Premium plugin. -->","yoast_head_json":{"title":"Desktop &amp; Akku-Dock TRT-5380-10\/12 - Teguar","description":"Diese Desktop-Dockingstation wurde f\u00fcr die Verwendung mit dem TRT-5380-10 und TRT-5380-12 entwickelt und ist ideal zum Aufladen und Andocken.","robots":{"index":"index","follow":"follow","max-snippet":"max-snippet:-1","max-image-preview":"max-image-preview:large","max-video-preview":"max-video-preview:-1"},"canonical":"https:\/\/teguar.com\/eu\/de\/product\/desktop-akku-dock-trt-5380-10-12\/","og_locale":"de_DE","og_type":"article","og_title":"Desktop &amp; Akku-Dock TRT-5380-10\/12","og_description":"Diese Desktop-Dockingstation wurde f\u00fcr die Verwendung mit dem TRT-5380-10 und TRT-5380-12 entwickelt und ist ideal zum Aufladen und Andocken.","og_url":"https:\/\/teguar.com\/eu\/de\/product\/desktop-akku-dock-trt-5380-10-12\/","og_site_name":"Teguar","og_image":[{"width":1280,"height":721,"url":"https:\/\/teguar.com\/eu\/wp-content\/uploads\/sites\/2\/2023\/01\/TRT-5380_Desktop_Dock__37691.1674137174.1280.1280.jpg","type":"image\/jpeg"}],"twitter_card":"summary_large_image","schema":{"@context":"https:\/\/schema.org","@graph":[{"@type":"WebPage","@id":"https:\/\/teguar.com\/eu\/de\/product\/desktop-akku-dock-trt-5380-10-12\/","url":"https:\/\/teguar.com\/eu\/de\/product\/desktop-akku-dock-trt-5380-10-12\/","name":"Desktop &amp; Akku-Dock TRT-5380-10\/12 - Teguar","isPartOf":{"@id":"https:\/\/teguar.com\/eu\/en\/#website"},"primaryImageOfPage":{"@id":"https:\/\/teguar.com\/eu\/de\/product\/desktop-akku-dock-trt-5380-10-12\/#primaryimage"},"image":{"@id":"https:\/\/teguar.com\/eu\/de\/product\/desktop-akku-dock-trt-5380-10-12\/#primaryimage"},"thumbnailUrl":"https:\/\/teguar.com\/eu\/wp-content\/uploads\/sites\/2\/2023\/01\/TRT-5380_Desktop_Dock__37691.1674137174.1280.1280.jpg","datePublished":"2025-06-24T14:11:50+00:00","description":"Diese Desktop-Dockingstation wurde f\u00fcr die Verwendung mit dem TRT-5380-10 und TRT-5380-12 entwickelt und ist ideal zum Aufladen und Andocken.","breadcrumb":{"@id":"https:\/\/teguar.com\/eu\/de\/product\/desktop-akku-dock-trt-5380-10-12\/#breadcrumb"},"inLanguage":"de","potentialAction":[{"@type":"ReadAction","target":["https:\/\/teguar.com\/eu\/de\/product\/desktop-akku-dock-trt-5380-10-12\/"]}]},{"@type":"ImageObject","inLanguage":"de","@id":"https:\/\/teguar.com\/eu\/de\/product\/desktop-akku-dock-trt-5380-10-12\/#primaryimage","url":"https:\/\/teguar.com\/eu\/wp-content\/uploads\/sites\/2\/2023\/01\/TRT-5380_Desktop_Dock__37691.1674137174.1280.1280.jpg","contentUrl":"https:\/\/teguar.com\/eu\/wp-content\/uploads\/sites\/2\/2023\/01\/TRT-5380_Desktop_Dock__37691.1674137174.1280.1280.jpg","width":1280,"height":721,"caption":"TRT-5380 Desktop Dock Front"},{"@type":"BreadcrumbList","@id":"https:\/\/teguar.com\/eu\/de\/product\/desktop-akku-dock-trt-5380-10-12\/#breadcrumb","itemListElement":[{"@type":"ListItem","position":1,"name":"Home","item":"https:\/\/teguar.com\/eu\/de\/"},{"@type":"ListItem","position":2,"name":"Desktop &amp; Akku-Dock TRT-5380-10\/12"}]},{"@type":"WebSite","@id":"https:\/\/teguar.com\/eu\/en\/#website","url":"https:\/\/teguar.com\/eu\/en\/","name":"Teguar","description":"Industrial PCs, Medical Computers, and Rugged Tablets","potentialAction":[{"@type":"SearchAction","target":{"@type":"EntryPoint","urlTemplate":"https:\/\/teguar.com\/eu\/en\/?s={search_term_string}"},"query-input":{"@type":"PropertyValueSpecification","valueRequired":true,"valueName":"search_term_string"}}],"inLanguage":"de"}]}},"_links":{"self":[{"href":"https:\/\/teguar.com\/eu\/de\/wp-json\/wp\/v2\/product\/2245508","targetHints":{"allow":["GET"]}}],"collection":[{"href":"https:\/\/teguar.com\/eu\/de\/wp-json\/wp\/v2\/product"}],"about":[{"href":"https:\/\/teguar.com\/eu\/de\/wp-json\/wp\/v2\/types\/product"}],"wp:featuredmedia":[{"embeddable":true,"href":"https:\/\/teguar.com\/eu\/de\/wp-json\/wp\/v2\/media\/2245824"}],"wp:attachment":[{"href":"https:\/\/teguar.com\/eu\/de\/wp-json\/wp\/v2\/media?parent=2245508"}],"wp:term":[{"taxonomy":"product_brand","embeddable":true,"href":"https:\/\/teguar.com\/eu\/de\/wp-json\/wp\/v2\/product_brand?post=2245508"},{"taxonomy":"product_cat","embeddable":true,"href":"https:\/\/teguar.com\/eu\/de\/wp-json\/wp\/v2\/product_cat?post=2245508"},{"taxonomy":"product_tag","embeddable":true,"href":"https:\/\/teguar.com\/eu\/de\/wp-json\/wp\/v2\/product_tag?post=2245508"},{"taxonomy":"product_label","embeddable":true,"href":"https:\/\/teguar.com\/eu\/de\/wp-json\/wp\/v2\/product_label?post=2245508"}],"curies":[{"name":"wp","href":"https:\/\/api.w.org\/{rel}","templated":true}]}}