{"id":2245500,"date":"2025-06-24T13:49:51","date_gmt":"2025-06-24T13:49:51","guid":{"rendered":"https:\/\/teguar.com\/eu\/product\/tp-5710-17\/"},"modified":"2026-01-06T18:49:30","modified_gmt":"2026-01-06T18:49:30","slug":"tp-5710-17","status":"publish","type":"product","link":"https:\/\/teguar.com\/eu\/de\/product\/tp-5710-17\/","title":{"rendered":"TP-5710-17"},"content":{"rendered":"<p>Der TP-5710-17 ist ideal f\u00fcr industrielle Umgebungen, in denen eine hohe Rechenleistung erforderlich ist. Dieser <a href=\"https:\/\/teguar.com\/eu\/de\/panel-pcs\/\">Panel-PC<\/a> ist mit einem Prozessor mit hoher TDP ausgestattet, den wir in ein l\u00fcfterloses Geh\u00e4use integriert haben, das f\u00fcr mehr Rechenleistung sorgt und dennoch effizient und leise arbeitet. Das 17-Zoll-Design kann entweder mit resistiven oder PCap-Touchscreens ausgestattet werden und verf\u00fcgt \u00fcber eine IP66-zertifizierte Frontblende zum Schutz vor Spritzwasser. Dies ist ein modularer Panel PC, bei dem der Frontmonitor zur einfachen Wartung und Reinigung abgenommen werden kann. Die Intel 6-Core i5 CPU erm\u00f6glicht die Nutzung von Windows 11 und verbessert die Effizienz Ihres Unternehmens durch schnellere Verarbeitungsleistung.<\/p>\n","protected":false},"excerpt":{"rendered":"<p><a href=\"https:\/\/teguar.com\/eu\/de\/fertigungs-computer\/\">Industrielle Fertigung:<\/a> Effiziente \u00dcberwachung und Steuerung von Maschinen und Anlagen an Flie\u00dfb\u00e4ndern oder in Produktionshallen in Branchen wie der Automobilherstellung und der Elektronik.<\/p>\n<p><a href=\"https:\/\/teguar.com\/eu\/oil-gas-computer\/\">\u00d6l und Gas:<\/a> Zuverl\u00e4ssige Datenerfassung, \u00dcberwachung und Steuerung in den rauen Umgebungen der \u00d6l- und Gasindustrie, z.B. auf Offshore-Plattformen und Bohrinseln.<\/p>\n<p><a href=\"https:\/\/teguar.com\/eu\/logistics-transportation-computer\/\">Transport und Logistik:<\/a> Flottenmanagement, Fahrzeug\u00fcberwachung und Kontrollsysteme in der Transport- und Logistikbranche zur Optimierung der Abl\u00e4ufe in Logistik, Schifffahrt und \u00f6ffentlichem Verkehr.<\/p>\n<p><a href=\"https:\/\/teguar.com\/eu\/energy-industry-computer\/\">Energie und Versorgungsunternehmen:<\/a> \u00dcberwachung und Steuerung von Systemen zur Energieerzeugung, -verteilung und -verwaltung im Energie- und Versorgungssektor, einschlie\u00dflich erneuerbarer Energien und Kraftwerke.<\/p>\n","protected":false},"featured_media":2245830,"template":"","meta":{"_acf_changed":false},"product_brand":[],"product_cat":[2826,2839],"product_tag":[],"product_label":[],"class_list":{"0":"post-2245500","1":"product","2":"type-product","3":"status-publish","4":"has-post-thumbnail","6":"product_cat-hmi-panel","7":"product_cat-panel-pcs","8":"pa_windows-windows-10-iot","9":"pa_windows-windows-10-pro","10":"pa_windows-windows-11-pro","12":"first","13":"outofstock","14":"taxable","15":"shipping-taxable","16":"purchasable","17":"product-type-simple"},"composite_virtual":false,"composite_layout":"","composite_add_to_cart_form_location":"","composite_editable_in_cart":false,"composite_sold_individually_context":"","composite_shop_price_calc":"","composite_components":[],"composite_scenarios":[],"acf":[],"yoast_head":"<!-- This site is optimized with the Yoast SEO Premium plugin v26.8 (Yoast SEO v27.2) - https:\/\/yoast.com\/product\/yoast-seo-premium-wordpress\/ -->\n<title>17&quot; Industrie-HMI | TP-5710-17<\/title>\n<meta name=\"description\" content=\"Der TP-5710-17 ist ideal f\u00fcr Industrieumgebungen, in denen starke Leistung ben\u00f6tigt wird, mit einem Prozessor mit hoher TDP in einem l\u00fcfterlosen Geh\u00e4use.\" \/>\n<meta name=\"robots\" content=\"index, follow, max-snippet:-1, max-image-preview:large, max-video-preview:-1\" \/>\n<link rel=\"canonical\" href=\"https:\/\/teguar.com\/eu\/de\/product\/tp-5710-17\/\" \/>\n<meta property=\"og:locale\" content=\"de_DE\" \/>\n<meta property=\"og:type\" content=\"article\" \/>\n<meta property=\"og:title\" content=\"TP-5710-17\" \/>\n<meta property=\"og:description\" content=\"Der TP-5710-17 ist ideal f\u00fcr Industrieumgebungen, in denen starke Leistung ben\u00f6tigt wird, mit einem Prozessor mit hoher TDP in einem l\u00fcfterlosen Geh\u00e4use.\" \/>\n<meta property=\"og:url\" content=\"https:\/\/teguar.com\/eu\/de\/product\/tp-5710-17\/\" \/>\n<meta property=\"og:site_name\" content=\"Teguar\" \/>\n<meta property=\"article:modified_time\" content=\"2026-01-06T18:49:30+00:00\" \/>\n<meta property=\"og:image\" content=\"https:\/\/teguar.com\/eu\/wp-content\/uploads\/sites\/2\/2022\/12\/TP-5710-17_Front_Angled__97813.1671560626.1280.1280.jpg\" \/>\n\t<meta property=\"og:image:width\" content=\"1280\" \/>\n\t<meta property=\"og:image:height\" content=\"914\" \/>\n\t<meta property=\"og:image:type\" content=\"image\/jpeg\" \/>\n<meta name=\"twitter:card\" content=\"summary_large_image\" \/>\n<meta name=\"twitter:label1\" content=\"Gesch\u00e4tzte Lesezeit\" \/>\n\t<meta name=\"twitter:data1\" content=\"1\u00a0Minute\" \/>\n<script type=\"application\/ld+json\" class=\"yoast-schema-graph\">{\"@context\":\"https:\/\/schema.org\",\"@graph\":[{\"@type\":\"WebPage\",\"@id\":\"https:\/\/teguar.com\/eu\/de\/product\/tp-5710-17\/\",\"url\":\"https:\/\/teguar.com\/eu\/de\/product\/tp-5710-17\/\",\"name\":\"17\\\" Industrie-HMI | TP-5710-17\",\"isPartOf\":{\"@id\":\"https:\/\/teguar.com\/eu\/en\/#website\"},\"primaryImageOfPage\":{\"@id\":\"https:\/\/teguar.com\/eu\/de\/product\/tp-5710-17\/#primaryimage\"},\"image\":{\"@id\":\"https:\/\/teguar.com\/eu\/de\/product\/tp-5710-17\/#primaryimage\"},\"thumbnailUrl\":\"https:\/\/teguar.com\/eu\/wp-content\/uploads\/sites\/2\/2022\/12\/TP-5710-17_Front_Angled__97813.1671560626.1280.1280.jpg\",\"datePublished\":\"2025-06-24T13:49:51+00:00\",\"dateModified\":\"2026-01-06T18:49:30+00:00\",\"description\":\"Der TP-5710-17 ist ideal f\u00fcr Industrieumgebungen, in denen starke Leistung ben\u00f6tigt wird, mit einem Prozessor mit hoher TDP in einem l\u00fcfterlosen Geh\u00e4use.\",\"breadcrumb\":{\"@id\":\"https:\/\/teguar.com\/eu\/de\/product\/tp-5710-17\/#breadcrumb\"},\"inLanguage\":\"de\",\"potentialAction\":[{\"@type\":\"ReadAction\",\"target\":[\"https:\/\/teguar.com\/eu\/de\/product\/tp-5710-17\/\"]}]},{\"@type\":\"ImageObject\",\"inLanguage\":\"de\",\"@id\":\"https:\/\/teguar.com\/eu\/de\/product\/tp-5710-17\/#primaryimage\",\"url\":\"https:\/\/teguar.com\/eu\/wp-content\/uploads\/sites\/2\/2022\/12\/TP-5710-17_Front_Angled__97813.1671560626.1280.1280.jpg\",\"contentUrl\":\"https:\/\/teguar.com\/eu\/wp-content\/uploads\/sites\/2\/2022\/12\/TP-5710-17_Front_Angled__97813.1671560626.1280.1280.jpg\",\"width\":1280,\"height\":914,\"caption\":\"TP-5710-17 Industrial HMI Front Angled\"},{\"@type\":\"BreadcrumbList\",\"@id\":\"https:\/\/teguar.com\/eu\/de\/product\/tp-5710-17\/#breadcrumb\",\"itemListElement\":[{\"@type\":\"ListItem\",\"position\":1,\"name\":\"Home\",\"item\":\"https:\/\/teguar.com\/eu\/de\/\"},{\"@type\":\"ListItem\",\"position\":2,\"name\":\"TP-5710-17\"}]},{\"@type\":\"WebSite\",\"@id\":\"https:\/\/teguar.com\/eu\/en\/#website\",\"url\":\"https:\/\/teguar.com\/eu\/en\/\",\"name\":\"Teguar\",\"description\":\"Industrial PCs, Medical Computers, and Rugged Tablets\",\"potentialAction\":[{\"@type\":\"SearchAction\",\"target\":{\"@type\":\"EntryPoint\",\"urlTemplate\":\"https:\/\/teguar.com\/eu\/en\/?s={search_term_string}\"},\"query-input\":{\"@type\":\"PropertyValueSpecification\",\"valueRequired\":true,\"valueName\":\"search_term_string\"}}],\"inLanguage\":\"de\"}]}<\/script>\n<!-- \/ Yoast SEO Premium plugin. -->","yoast_head_json":{"title":"17\" Industrie-HMI | TP-5710-17","description":"Der TP-5710-17 ist ideal f\u00fcr Industrieumgebungen, in denen starke Leistung ben\u00f6tigt wird, mit einem Prozessor mit hoher TDP in einem l\u00fcfterlosen Geh\u00e4use.","robots":{"index":"index","follow":"follow","max-snippet":"max-snippet:-1","max-image-preview":"max-image-preview:large","max-video-preview":"max-video-preview:-1"},"canonical":"https:\/\/teguar.com\/eu\/de\/product\/tp-5710-17\/","og_locale":"de_DE","og_type":"article","og_title":"TP-5710-17","og_description":"Der TP-5710-17 ist ideal f\u00fcr Industrieumgebungen, in denen starke Leistung ben\u00f6tigt wird, mit einem Prozessor mit hoher TDP in einem l\u00fcfterlosen Geh\u00e4use.","og_url":"https:\/\/teguar.com\/eu\/de\/product\/tp-5710-17\/","og_site_name":"Teguar","article_modified_time":"2026-01-06T18:49:30+00:00","og_image":[{"width":1280,"height":914,"url":"https:\/\/teguar.com\/eu\/wp-content\/uploads\/sites\/2\/2022\/12\/TP-5710-17_Front_Angled__97813.1671560626.1280.1280.jpg","type":"image\/jpeg"}],"twitter_card":"summary_large_image","twitter_misc":{"Gesch\u00e4tzte Lesezeit":"1\u00a0Minute"},"schema":{"@context":"https:\/\/schema.org","@graph":[{"@type":"WebPage","@id":"https:\/\/teguar.com\/eu\/de\/product\/tp-5710-17\/","url":"https:\/\/teguar.com\/eu\/de\/product\/tp-5710-17\/","name":"17\" Industrie-HMI | TP-5710-17","isPartOf":{"@id":"https:\/\/teguar.com\/eu\/en\/#website"},"primaryImageOfPage":{"@id":"https:\/\/teguar.com\/eu\/de\/product\/tp-5710-17\/#primaryimage"},"image":{"@id":"https:\/\/teguar.com\/eu\/de\/product\/tp-5710-17\/#primaryimage"},"thumbnailUrl":"https:\/\/teguar.com\/eu\/wp-content\/uploads\/sites\/2\/2022\/12\/TP-5710-17_Front_Angled__97813.1671560626.1280.1280.jpg","datePublished":"2025-06-24T13:49:51+00:00","dateModified":"2026-01-06T18:49:30+00:00","description":"Der TP-5710-17 ist ideal f\u00fcr Industrieumgebungen, in denen starke Leistung ben\u00f6tigt wird, mit einem Prozessor mit hoher TDP in einem l\u00fcfterlosen Geh\u00e4use.","breadcrumb":{"@id":"https:\/\/teguar.com\/eu\/de\/product\/tp-5710-17\/#breadcrumb"},"inLanguage":"de","potentialAction":[{"@type":"ReadAction","target":["https:\/\/teguar.com\/eu\/de\/product\/tp-5710-17\/"]}]},{"@type":"ImageObject","inLanguage":"de","@id":"https:\/\/teguar.com\/eu\/de\/product\/tp-5710-17\/#primaryimage","url":"https:\/\/teguar.com\/eu\/wp-content\/uploads\/sites\/2\/2022\/12\/TP-5710-17_Front_Angled__97813.1671560626.1280.1280.jpg","contentUrl":"https:\/\/teguar.com\/eu\/wp-content\/uploads\/sites\/2\/2022\/12\/TP-5710-17_Front_Angled__97813.1671560626.1280.1280.jpg","width":1280,"height":914,"caption":"TP-5710-17 Industrial HMI Front Angled"},{"@type":"BreadcrumbList","@id":"https:\/\/teguar.com\/eu\/de\/product\/tp-5710-17\/#breadcrumb","itemListElement":[{"@type":"ListItem","position":1,"name":"Home","item":"https:\/\/teguar.com\/eu\/de\/"},{"@type":"ListItem","position":2,"name":"TP-5710-17"}]},{"@type":"WebSite","@id":"https:\/\/teguar.com\/eu\/en\/#website","url":"https:\/\/teguar.com\/eu\/en\/","name":"Teguar","description":"Industrial PCs, Medical Computers, and Rugged Tablets","potentialAction":[{"@type":"SearchAction","target":{"@type":"EntryPoint","urlTemplate":"https:\/\/teguar.com\/eu\/en\/?s={search_term_string}"},"query-input":{"@type":"PropertyValueSpecification","valueRequired":true,"valueName":"search_term_string"}}],"inLanguage":"de"}]}},"_links":{"self":[{"href":"https:\/\/teguar.com\/eu\/de\/wp-json\/wp\/v2\/product\/2245500","targetHints":{"allow":["GET"]}}],"collection":[{"href":"https:\/\/teguar.com\/eu\/de\/wp-json\/wp\/v2\/product"}],"about":[{"href":"https:\/\/teguar.com\/eu\/de\/wp-json\/wp\/v2\/types\/product"}],"wp:featuredmedia":[{"embeddable":true,"href":"https:\/\/teguar.com\/eu\/de\/wp-json\/wp\/v2\/media\/2245830"}],"wp:attachment":[{"href":"https:\/\/teguar.com\/eu\/de\/wp-json\/wp\/v2\/media?parent=2245500"}],"wp:term":[{"taxonomy":"product_brand","embeddable":true,"href":"https:\/\/teguar.com\/eu\/de\/wp-json\/wp\/v2\/product_brand?post=2245500"},{"taxonomy":"product_cat","embeddable":true,"href":"https:\/\/teguar.com\/eu\/de\/wp-json\/wp\/v2\/product_cat?post=2245500"},{"taxonomy":"product_tag","embeddable":true,"href":"https:\/\/teguar.com\/eu\/de\/wp-json\/wp\/v2\/product_tag?post=2245500"},{"taxonomy":"product_label","embeddable":true,"href":"https:\/\/teguar.com\/eu\/de\/wp-json\/wp\/v2\/product_label?post=2245500"}],"curies":[{"name":"wp","href":"https:\/\/api.w.org\/{rel}","templated":true}]}}