{"id":2245477,"date":"2025-06-23T14:12:06","date_gmt":"2025-06-23T14:12:06","guid":{"rendered":"https:\/\/teguar.com\/eu\/product\/ta-4840-22\/"},"modified":"2025-11-20T17:38:37","modified_gmt":"2025-11-20T17:38:37","slug":"ta-4840-22","status":"publish","type":"product","link":"https:\/\/teguar.com\/eu\/de\/product\/ta-4840-22\/","title":{"rendered":"TA-4840-22"},"content":{"rendered":"<p>Der TA-4840-22 ist ein modularer und anpassbarer Computer mit einem 21,5&#8243; Full <a href=\"https:\/\/teguar.com\/eu\/de\/kiosk-computer\/\">HD-Touchscreen, der sich f\u00fcr Kiosk- und leichtindustrielle Anwendungen eignet<\/a>. Er verf\u00fcgt \u00fcber einen abnehmbaren Box-PC und unterst\u00fctzt optionale Peripherieger\u00e4te an allen vier Seiten, darunter ein 3-Spur-MSR-Fingerabdruckleseger\u00e4t, ein RFID-Leseger\u00e4t, ein Verifone VX820, ein 2D-Barcodescanner und eine 5MP-Kamera. Er l\u00e4uft mit einer Intel Celeron J6412 Quad-Core CPU und ist mit dem Betriebssystem Windows 11 kompatibel. Der Desktop-St\u00e4nder verf\u00fcgt sogar \u00fcber einen Druckerschacht zur sicheren Aufnahme eines EPSON Thermodruckers.     <\/p>\n","protected":false},"excerpt":{"rendered":"<p><a href=\"https:\/\/teguar.com\/eu\/hospitality-computer\/\">Selbstbedienungs-Check-in-Kioske f\u00fcr das Gastgewerbe:<\/a> Integrierte RFID-Leseger\u00e4te und 5MP-Kameras sind ideal f\u00fcr Hotels und Flugh\u00e4fen und erm\u00f6glichen einen einfachen Self-Check-in und eine einfache \u00dcberpr\u00fcfung.<\/p>\n<p><a href=\"https:\/\/teguar.com\/eu\/de\/kiosk-computer\/\">POS-Kioske f\u00fcr den Einzelhandel:<\/a> Die l\u00fcfterlose All-in-One-PC-Serie, ausgestattet mit 2D-Barcodescannern und Verifone\u00ae VX820-Zahlungsterminals, rationalisiert Transaktionen in Einzelhandelsgesch\u00e4ften.<\/p>\n<p><a href=\"https:\/\/teguar.com\/eu\/de\/interaktive-displays\/\">Interaktive Informationskioske:<\/a> Mit Full-HD-Displays und Touchscreens bieten diese All-in-One-Computer einfachen Zugang zu Karten und Veranstaltungspl\u00e4nen in \u00f6ffentlichen Einrichtungen, Museen und Bildungsst\u00e4tten.<\/p>\n<p><a href=\"https:\/\/teguar.com\/eu\/de\/ueberwachung-sicherheit-computer\/\">Sichere Zugangskontrollkioske:<\/a> Fingerabdruckleser und RFID-Leseger\u00e4te erh\u00f6hen die Sicherheit in Firmenb\u00fcros, Regierungsgeb\u00e4uden und Gesundheitseinrichtungen.<\/p>\n","protected":false},"featured_media":2246398,"template":"","meta":{"_acf_changed":false},"product_brand":[],"product_cat":[2828,2830],"product_tag":[4428],"product_label":[],"class_list":{"0":"post-2245477","1":"product","2":"type-product","3":"status-publish","4":"has-post-thumbnail","6":"product_cat-industrieller-all-in-one-pc","7":"product_cat-kiosk-computer","8":"product_tag-sicherheits-computer","9":"pa_windows-windows-10-iot","10":"pa_windows-windows-10-pro","11":"pa_windows-windows-11-iot","12":"pa_windows-windows-11-pro","14":"first","15":"outofstock","16":"taxable","17":"shipping-taxable","18":"purchasable","19":"product-type-simple"},"composite_virtual":false,"composite_layout":"","composite_add_to_cart_form_location":"","composite_editable_in_cart":false,"composite_sold_individually_context":"","composite_shop_price_calc":"","composite_components":[],"composite_scenarios":[],"acf":[],"yoast_head":"<!-- This site is optimized with the Yoast SEO Premium plugin v26.8 (Yoast SEO v27.2) - https:\/\/yoast.com\/product\/yoast-seo-premium-wordpress\/ -->\n<title>22&quot; L\u00fcfterloser All-In-One PC | TA-4840-22<\/title>\n<meta name=\"description\" content=\"Der TA-4840-22 ist ein modularer Computer mit einem 21,5&quot;-Full-HD-Touchscreen, der sich f\u00fcr Kiosk- und leichtindustrielle Anwendungen eignet.\" \/>\n<meta name=\"robots\" content=\"index, follow, max-snippet:-1, max-image-preview:large, max-video-preview:-1\" \/>\n<link rel=\"canonical\" href=\"https:\/\/teguar.com\/eu\/de\/product\/ta-4840-22\/\" \/>\n<meta property=\"og:locale\" content=\"de_DE\" \/>\n<meta property=\"og:type\" content=\"article\" \/>\n<meta property=\"og:title\" content=\"TA-4840-22\" \/>\n<meta property=\"og:description\" content=\"Der TA-4840-22 ist ein modularer Computer mit einem 21,5&quot;-Full-HD-Touchscreen, der sich f\u00fcr Kiosk- und leichtindustrielle Anwendungen eignet.\" \/>\n<meta property=\"og:url\" content=\"https:\/\/teguar.com\/eu\/de\/product\/ta-4840-22\/\" \/>\n<meta property=\"og:site_name\" content=\"Teguar\" \/>\n<meta property=\"article:modified_time\" content=\"2025-11-20T17:38:37+00:00\" \/>\n<meta property=\"og:image\" content=\"https:\/\/teguar.com\/eu\/wp-content\/uploads\/sites\/2\/2023\/05\/TA-4840-22_Front_Angle_with_Modules__10967.1684251713.1280.1280.jpg\" \/>\n\t<meta property=\"og:image:width\" content=\"960\" \/>\n\t<meta property=\"og:image:height\" content=\"960\" \/>\n\t<meta property=\"og:image:type\" content=\"image\/jpeg\" \/>\n<meta name=\"twitter:card\" content=\"summary_large_image\" \/>\n<meta name=\"twitter:label1\" content=\"Gesch\u00e4tzte Lesezeit\" \/>\n\t<meta name=\"twitter:data1\" content=\"1\u00a0Minute\" \/>\n<script type=\"application\/ld+json\" class=\"yoast-schema-graph\">{\"@context\":\"https:\/\/schema.org\",\"@graph\":[{\"@type\":\"WebPage\",\"@id\":\"https:\/\/teguar.com\/eu\/de\/product\/ta-4840-22\/\",\"url\":\"https:\/\/teguar.com\/eu\/de\/product\/ta-4840-22\/\",\"name\":\"22\\\" L\u00fcfterloser All-In-One PC | TA-4840-22\",\"isPartOf\":{\"@id\":\"https:\/\/teguar.com\/eu\/en\/#website\"},\"primaryImageOfPage\":{\"@id\":\"https:\/\/teguar.com\/eu\/de\/product\/ta-4840-22\/#primaryimage\"},\"image\":{\"@id\":\"https:\/\/teguar.com\/eu\/de\/product\/ta-4840-22\/#primaryimage\"},\"thumbnailUrl\":\"https:\/\/teguar.com\/eu\/wp-content\/uploads\/sites\/2\/2023\/05\/TA-4840-22_Front_Angle_with_Modules__10967.1684251713.1280.1280.jpg\",\"datePublished\":\"2025-06-23T14:12:06+00:00\",\"dateModified\":\"2025-11-20T17:38:37+00:00\",\"description\":\"Der TA-4840-22 ist ein modularer Computer mit einem 21,5\\\"-Full-HD-Touchscreen, der sich f\u00fcr Kiosk- und leichtindustrielle Anwendungen eignet.\",\"breadcrumb\":{\"@id\":\"https:\/\/teguar.com\/eu\/de\/product\/ta-4840-22\/#breadcrumb\"},\"inLanguage\":\"de\",\"potentialAction\":[{\"@type\":\"ReadAction\",\"target\":[\"https:\/\/teguar.com\/eu\/de\/product\/ta-4840-22\/\"]}]},{\"@type\":\"ImageObject\",\"inLanguage\":\"de\",\"@id\":\"https:\/\/teguar.com\/eu\/de\/product\/ta-4840-22\/#primaryimage\",\"url\":\"https:\/\/teguar.com\/eu\/wp-content\/uploads\/sites\/2\/2023\/05\/TA-4840-22_Front_Angle_with_Modules__10967.1684251713.1280.1280.jpg\",\"contentUrl\":\"https:\/\/teguar.com\/eu\/wp-content\/uploads\/sites\/2\/2023\/05\/TA-4840-22_Front_Angle_with_Modules__10967.1684251713.1280.1280.jpg\",\"width\":960,\"height\":960,\"caption\":\"TA-4840-22 Front Angle with Modules\"},{\"@type\":\"BreadcrumbList\",\"@id\":\"https:\/\/teguar.com\/eu\/de\/product\/ta-4840-22\/#breadcrumb\",\"itemListElement\":[{\"@type\":\"ListItem\",\"position\":1,\"name\":\"Home\",\"item\":\"https:\/\/teguar.com\/eu\/de\/\"},{\"@type\":\"ListItem\",\"position\":2,\"name\":\"TA-4840-22\"}]},{\"@type\":\"WebSite\",\"@id\":\"https:\/\/teguar.com\/eu\/en\/#website\",\"url\":\"https:\/\/teguar.com\/eu\/en\/\",\"name\":\"Teguar\",\"description\":\"Industrial PCs, Medical Computers, and Rugged Tablets\",\"potentialAction\":[{\"@type\":\"SearchAction\",\"target\":{\"@type\":\"EntryPoint\",\"urlTemplate\":\"https:\/\/teguar.com\/eu\/en\/?s={search_term_string}\"},\"query-input\":{\"@type\":\"PropertyValueSpecification\",\"valueRequired\":true,\"valueName\":\"search_term_string\"}}],\"inLanguage\":\"de\"}]}<\/script>\n<!-- \/ Yoast SEO Premium plugin. -->","yoast_head_json":{"title":"22\" L\u00fcfterloser All-In-One PC | TA-4840-22","description":"Der TA-4840-22 ist ein modularer Computer mit einem 21,5\"-Full-HD-Touchscreen, der sich f\u00fcr Kiosk- und leichtindustrielle Anwendungen eignet.","robots":{"index":"index","follow":"follow","max-snippet":"max-snippet:-1","max-image-preview":"max-image-preview:large","max-video-preview":"max-video-preview:-1"},"canonical":"https:\/\/teguar.com\/eu\/de\/product\/ta-4840-22\/","og_locale":"de_DE","og_type":"article","og_title":"TA-4840-22","og_description":"Der TA-4840-22 ist ein modularer Computer mit einem 21,5\"-Full-HD-Touchscreen, der sich f\u00fcr Kiosk- und leichtindustrielle Anwendungen eignet.","og_url":"https:\/\/teguar.com\/eu\/de\/product\/ta-4840-22\/","og_site_name":"Teguar","article_modified_time":"2025-11-20T17:38:37+00:00","og_image":[{"width":960,"height":960,"url":"https:\/\/teguar.com\/eu\/wp-content\/uploads\/sites\/2\/2023\/05\/TA-4840-22_Front_Angle_with_Modules__10967.1684251713.1280.1280.jpg","type":"image\/jpeg"}],"twitter_card":"summary_large_image","twitter_misc":{"Gesch\u00e4tzte Lesezeit":"1\u00a0Minute"},"schema":{"@context":"https:\/\/schema.org","@graph":[{"@type":"WebPage","@id":"https:\/\/teguar.com\/eu\/de\/product\/ta-4840-22\/","url":"https:\/\/teguar.com\/eu\/de\/product\/ta-4840-22\/","name":"22\" L\u00fcfterloser All-In-One PC | TA-4840-22","isPartOf":{"@id":"https:\/\/teguar.com\/eu\/en\/#website"},"primaryImageOfPage":{"@id":"https:\/\/teguar.com\/eu\/de\/product\/ta-4840-22\/#primaryimage"},"image":{"@id":"https:\/\/teguar.com\/eu\/de\/product\/ta-4840-22\/#primaryimage"},"thumbnailUrl":"https:\/\/teguar.com\/eu\/wp-content\/uploads\/sites\/2\/2023\/05\/TA-4840-22_Front_Angle_with_Modules__10967.1684251713.1280.1280.jpg","datePublished":"2025-06-23T14:12:06+00:00","dateModified":"2025-11-20T17:38:37+00:00","description":"Der TA-4840-22 ist ein modularer Computer mit einem 21,5\"-Full-HD-Touchscreen, der sich f\u00fcr Kiosk- und leichtindustrielle Anwendungen eignet.","breadcrumb":{"@id":"https:\/\/teguar.com\/eu\/de\/product\/ta-4840-22\/#breadcrumb"},"inLanguage":"de","potentialAction":[{"@type":"ReadAction","target":["https:\/\/teguar.com\/eu\/de\/product\/ta-4840-22\/"]}]},{"@type":"ImageObject","inLanguage":"de","@id":"https:\/\/teguar.com\/eu\/de\/product\/ta-4840-22\/#primaryimage","url":"https:\/\/teguar.com\/eu\/wp-content\/uploads\/sites\/2\/2023\/05\/TA-4840-22_Front_Angle_with_Modules__10967.1684251713.1280.1280.jpg","contentUrl":"https:\/\/teguar.com\/eu\/wp-content\/uploads\/sites\/2\/2023\/05\/TA-4840-22_Front_Angle_with_Modules__10967.1684251713.1280.1280.jpg","width":960,"height":960,"caption":"TA-4840-22 Front Angle with Modules"},{"@type":"BreadcrumbList","@id":"https:\/\/teguar.com\/eu\/de\/product\/ta-4840-22\/#breadcrumb","itemListElement":[{"@type":"ListItem","position":1,"name":"Home","item":"https:\/\/teguar.com\/eu\/de\/"},{"@type":"ListItem","position":2,"name":"TA-4840-22"}]},{"@type":"WebSite","@id":"https:\/\/teguar.com\/eu\/en\/#website","url":"https:\/\/teguar.com\/eu\/en\/","name":"Teguar","description":"Industrial PCs, Medical Computers, and Rugged Tablets","potentialAction":[{"@type":"SearchAction","target":{"@type":"EntryPoint","urlTemplate":"https:\/\/teguar.com\/eu\/en\/?s={search_term_string}"},"query-input":{"@type":"PropertyValueSpecification","valueRequired":true,"valueName":"search_term_string"}}],"inLanguage":"de"}]}},"_links":{"self":[{"href":"https:\/\/teguar.com\/eu\/de\/wp-json\/wp\/v2\/product\/2245477","targetHints":{"allow":["GET"]}}],"collection":[{"href":"https:\/\/teguar.com\/eu\/de\/wp-json\/wp\/v2\/product"}],"about":[{"href":"https:\/\/teguar.com\/eu\/de\/wp-json\/wp\/v2\/types\/product"}],"wp:featuredmedia":[{"embeddable":true,"href":"https:\/\/teguar.com\/eu\/de\/wp-json\/wp\/v2\/media\/2246398"}],"wp:attachment":[{"href":"https:\/\/teguar.com\/eu\/de\/wp-json\/wp\/v2\/media?parent=2245477"}],"wp:term":[{"taxonomy":"product_brand","embeddable":true,"href":"https:\/\/teguar.com\/eu\/de\/wp-json\/wp\/v2\/product_brand?post=2245477"},{"taxonomy":"product_cat","embeddable":true,"href":"https:\/\/teguar.com\/eu\/de\/wp-json\/wp\/v2\/product_cat?post=2245477"},{"taxonomy":"product_tag","embeddable":true,"href":"https:\/\/teguar.com\/eu\/de\/wp-json\/wp\/v2\/product_tag?post=2245477"},{"taxonomy":"product_label","embeddable":true,"href":"https:\/\/teguar.com\/eu\/de\/wp-json\/wp\/v2\/product_label?post=2245477"}],"curies":[{"name":"wp","href":"https:\/\/api.w.org\/{rel}","templated":true}]}}