{"id":2245476,"date":"2025-06-24T14:11:07","date_gmt":"2025-06-24T14:11:07","guid":{"rendered":"https:\/\/teguar.com\/eu\/product\/tp-5610-22\/"},"modified":"2025-11-20T17:36:09","modified_gmt":"2025-11-20T17:36:09","slug":"tp-5610-22","status":"publish","type":"product","link":"https:\/\/teguar.com\/eu\/de\/product\/tp-5610-22\/","title":{"rendered":"TP-5610-22"},"content":{"rendered":"<p><span data-contrast=\"auto\">Der 22&#8243; Touchscreen <a href=\"https:\/\/teguar.com\/eu\/de\/panel-pcs\/\">Panel PC <\/a><\/span><span data-contrast=\"none\">verf\u00fcgt \u00fcber einen leistungsstarken Intel 8<\/span><span data-contrast=\"none\">th<\/span><span data-contrast=\"none\">  Generation der Core i5-CPU und ist mit hochwertigen Komponenten ausgestattet, um h\u00f6chste Zuverl\u00e4ssigkeit und einen 24\/7-Einsatz bei industriellen und kommerziellen Anwendungen zu gew\u00e4hrleisten. Dieser PC kann die Konnektivit\u00e4t mit optionalen drahtlosen und Bluetooth-Ger\u00e4ten verbessern und verf\u00fcgt \u00fcber mehrere Montageoptionen, darunter eine Panel-Montage und eine VESA-Montage. Dank seiner leistungsstarken Rechenleistung kann der TP-5610-22 das Betriebssystem Windows 11 problemlos ausf\u00fchren. Dieser Industrie-Panel-PC verf\u00fcgt \u00fcber eine IP66-zertifizierte Frontblende und ein l\u00fcfterloses Design, wodurch er resistent gegen Spritzwasser und f\u00fcr partikelreiche Umgebungen geeignet ist.   <\/span><span data-ccp-props=\"{\"201341983\":0,\"335559739\":160,\"335559740\":259}\"> <\/span><\/p>\n","protected":false},"excerpt":{"rendered":"<p><a href=\"https:\/\/teguar.com\/eu\/de\/fertigungs-computer\/\">Manufacturing<\/a> Execution Systems (MES) in der <a href=\"https:\/\/teguar.com\/eu\/automotive-machinery-computer\/\">Automobilindustrie<\/a>: Die TP-5610 Serie kann zur Ausf\u00fchrung von MES-Anwendungen in Automobilwerken verwendet werden und erleichtert die Echtzeit\u00fcberwachung von Produktionsdaten, Qualit\u00e4tskontrollprozessen und der Bestandsverwaltung.<\/p>\n<p><a href=\"https:\/\/teguar.com\/eu\/de\/scada-hmi-panel-pcs\/\">\u00dcberwachungssteuerung und Datenerfassung (SCADA)<\/a> in der <a href=\"https:\/\/teguar.com\/eu\/oil-gas-computer\/\">\u00d6l- und Gasindustrie:<\/a> Diese Industriecomputer eignen sich f\u00fcr SCADA-Systeme in der \u00d6l- und Gasindustrie und erm\u00f6glichen es den Betreibern, entfernte Anlagen, Pipelines und Ger\u00e4te zu \u00fcberwachen und zu steuern, um einen effizienten Betrieb und Sicherheit zu gew\u00e4hrleisten.<\/p>\n<p>Mensch-Maschine-Schnittstelle (HMI) in der <a href=\"https:\/\/teguar.com\/eu\/de\/computer-fuer-die-lebensmittelverarbeitung\/\">Lebensmittel-<\/a> und <a href=\"https:\/\/teguar.com\/eu\/beverage-bottling-computer\/\">Getr\u00e4nkeindustrie<\/a>: Die TP-5610 Serie kann als HMI-Plattform in der Lebensmittel- und Getr\u00e4nkeindustrie eingesetzt werden. Sie erm\u00f6glicht es dem Bedienpersonal, mit automatisierten Maschinen, Kontrollsystemen und der Rezeptverwaltung zu interagieren und diese zu \u00fcberwachen, um die Produktionsprozesse zu optimieren.<\/p>\n","protected":false},"featured_media":2245809,"template":"","meta":{"_acf_changed":false},"product_brand":[],"product_cat":[2839],"product_tag":[],"product_label":[],"class_list":{"0":"post-2245476","1":"product","2":"type-product","3":"status-publish","4":"has-post-thumbnail","6":"product_cat-panel-pcs","7":"pa_windows-windows-10-iot","8":"pa_windows-windows-10-pro","9":"pa_windows-windows-11-pro","11":"first","12":"instock","13":"taxable","14":"shipping-taxable","15":"purchasable","16":"product-type-simple"},"composite_virtual":false,"composite_layout":"","composite_add_to_cart_form_location":"","composite_editable_in_cart":false,"composite_sold_individually_context":"","composite_shop_price_calc":"","composite_components":[],"composite_scenarios":[],"acf":[],"yoast_head":"<!-- This site is optimized with the Yoast SEO Premium plugin v26.8 (Yoast SEO v27.2) - https:\/\/yoast.com\/product\/yoast-seo-premium-wordpress\/ -->\n<title>22&quot; Touchscreen Panel PC | TP-5610-22<\/title>\n<meta name=\"description\" content=\"Dieser Industrie-Panel-PC verf\u00fcgt \u00fcber eine IP66-zertifizierte Frontblende, die ihn unempfindlich gegen Spritzer und Spritzwasser macht und f\u00fcr feuchte Umgebungen geeignet ist.\" \/>\n<meta name=\"robots\" content=\"index, follow, max-snippet:-1, max-image-preview:large, max-video-preview:-1\" \/>\n<link rel=\"canonical\" href=\"https:\/\/teguar.com\/eu\/de\/product\/tp-5610-22\/\" \/>\n<meta property=\"og:locale\" content=\"de_DE\" \/>\n<meta property=\"og:type\" content=\"article\" \/>\n<meta property=\"og:title\" content=\"TP-5610-22\" \/>\n<meta property=\"og:description\" content=\"Dieser Industrie-Panel-PC verf\u00fcgt \u00fcber eine IP66-zertifizierte Frontblende, die ihn unempfindlich gegen Spritzer und Spritzwasser macht und f\u00fcr feuchte Umgebungen geeignet ist.\" \/>\n<meta property=\"og:url\" content=\"https:\/\/teguar.com\/eu\/de\/product\/tp-5610-22\/\" \/>\n<meta property=\"og:site_name\" content=\"Teguar\" \/>\n<meta property=\"article:modified_time\" content=\"2025-11-20T17:36:09+00:00\" \/>\n<meta property=\"og:image\" content=\"https:\/\/teguar.com\/eu\/wp-content\/uploads\/sites\/2\/2023\/04\/TP-5610-22_Front_Angled__46987.1681930768.1280.1280.jpg\" \/>\n\t<meta property=\"og:image:width\" content=\"1280\" \/>\n\t<meta property=\"og:image:height\" content=\"914\" \/>\n\t<meta property=\"og:image:type\" content=\"image\/jpeg\" \/>\n<meta name=\"twitter:card\" content=\"summary_large_image\" \/>\n<meta name=\"twitter:label1\" content=\"Gesch\u00e4tzte Lesezeit\" \/>\n\t<meta name=\"twitter:data1\" content=\"1\u00a0Minute\" \/>\n<script type=\"application\/ld+json\" class=\"yoast-schema-graph\">{\"@context\":\"https:\/\/schema.org\",\"@graph\":[{\"@type\":\"WebPage\",\"@id\":\"https:\/\/teguar.com\/eu\/de\/product\/tp-5610-22\/\",\"url\":\"https:\/\/teguar.com\/eu\/de\/product\/tp-5610-22\/\",\"name\":\"22\\\" Touchscreen Panel PC | TP-5610-22\",\"isPartOf\":{\"@id\":\"https:\/\/teguar.com\/eu\/en\/#website\"},\"primaryImageOfPage\":{\"@id\":\"https:\/\/teguar.com\/eu\/de\/product\/tp-5610-22\/#primaryimage\"},\"image\":{\"@id\":\"https:\/\/teguar.com\/eu\/de\/product\/tp-5610-22\/#primaryimage\"},\"thumbnailUrl\":\"https:\/\/teguar.com\/eu\/wp-content\/uploads\/sites\/2\/2023\/04\/TP-5610-22_Front_Angled__46987.1681930768.1280.1280.jpg\",\"datePublished\":\"2025-06-24T14:11:07+00:00\",\"dateModified\":\"2025-11-20T17:36:09+00:00\",\"description\":\"Dieser Industrie-Panel-PC verf\u00fcgt \u00fcber eine IP66-zertifizierte Frontblende, die ihn unempfindlich gegen Spritzer und Spritzwasser macht und f\u00fcr feuchte Umgebungen geeignet ist.\",\"breadcrumb\":{\"@id\":\"https:\/\/teguar.com\/eu\/de\/product\/tp-5610-22\/#breadcrumb\"},\"inLanguage\":\"de\",\"potentialAction\":[{\"@type\":\"ReadAction\",\"target\":[\"https:\/\/teguar.com\/eu\/de\/product\/tp-5610-22\/\"]}]},{\"@type\":\"ImageObject\",\"inLanguage\":\"de\",\"@id\":\"https:\/\/teguar.com\/eu\/de\/product\/tp-5610-22\/#primaryimage\",\"url\":\"https:\/\/teguar.com\/eu\/wp-content\/uploads\/sites\/2\/2023\/04\/TP-5610-22_Front_Angled__46987.1681930768.1280.1280.jpg\",\"contentUrl\":\"https:\/\/teguar.com\/eu\/wp-content\/uploads\/sites\/2\/2023\/04\/TP-5610-22_Front_Angled__46987.1681930768.1280.1280.jpg\",\"width\":1280,\"height\":914,\"caption\":\"TP-5610-22 Front Angled\"},{\"@type\":\"BreadcrumbList\",\"@id\":\"https:\/\/teguar.com\/eu\/de\/product\/tp-5610-22\/#breadcrumb\",\"itemListElement\":[{\"@type\":\"ListItem\",\"position\":1,\"name\":\"Home\",\"item\":\"https:\/\/teguar.com\/eu\/de\/\"},{\"@type\":\"ListItem\",\"position\":2,\"name\":\"TP-5610-22\"}]},{\"@type\":\"WebSite\",\"@id\":\"https:\/\/teguar.com\/eu\/en\/#website\",\"url\":\"https:\/\/teguar.com\/eu\/en\/\",\"name\":\"Teguar\",\"description\":\"Industrial PCs, Medical Computers, and Rugged Tablets\",\"potentialAction\":[{\"@type\":\"SearchAction\",\"target\":{\"@type\":\"EntryPoint\",\"urlTemplate\":\"https:\/\/teguar.com\/eu\/en\/?s={search_term_string}\"},\"query-input\":{\"@type\":\"PropertyValueSpecification\",\"valueRequired\":true,\"valueName\":\"search_term_string\"}}],\"inLanguage\":\"de\"}]}<\/script>\n<!-- \/ Yoast SEO Premium plugin. -->","yoast_head_json":{"title":"22\" Touchscreen Panel PC | TP-5610-22","description":"Dieser Industrie-Panel-PC verf\u00fcgt \u00fcber eine IP66-zertifizierte Frontblende, die ihn unempfindlich gegen Spritzer und Spritzwasser macht und f\u00fcr feuchte Umgebungen geeignet ist.","robots":{"index":"index","follow":"follow","max-snippet":"max-snippet:-1","max-image-preview":"max-image-preview:large","max-video-preview":"max-video-preview:-1"},"canonical":"https:\/\/teguar.com\/eu\/de\/product\/tp-5610-22\/","og_locale":"de_DE","og_type":"article","og_title":"TP-5610-22","og_description":"Dieser Industrie-Panel-PC verf\u00fcgt \u00fcber eine IP66-zertifizierte Frontblende, die ihn unempfindlich gegen Spritzer und Spritzwasser macht und f\u00fcr feuchte Umgebungen geeignet ist.","og_url":"https:\/\/teguar.com\/eu\/de\/product\/tp-5610-22\/","og_site_name":"Teguar","article_modified_time":"2025-11-20T17:36:09+00:00","og_image":[{"width":1280,"height":914,"url":"https:\/\/teguar.com\/eu\/wp-content\/uploads\/sites\/2\/2023\/04\/TP-5610-22_Front_Angled__46987.1681930768.1280.1280.jpg","type":"image\/jpeg"}],"twitter_card":"summary_large_image","twitter_misc":{"Gesch\u00e4tzte Lesezeit":"1\u00a0Minute"},"schema":{"@context":"https:\/\/schema.org","@graph":[{"@type":"WebPage","@id":"https:\/\/teguar.com\/eu\/de\/product\/tp-5610-22\/","url":"https:\/\/teguar.com\/eu\/de\/product\/tp-5610-22\/","name":"22\" Touchscreen Panel PC | TP-5610-22","isPartOf":{"@id":"https:\/\/teguar.com\/eu\/en\/#website"},"primaryImageOfPage":{"@id":"https:\/\/teguar.com\/eu\/de\/product\/tp-5610-22\/#primaryimage"},"image":{"@id":"https:\/\/teguar.com\/eu\/de\/product\/tp-5610-22\/#primaryimage"},"thumbnailUrl":"https:\/\/teguar.com\/eu\/wp-content\/uploads\/sites\/2\/2023\/04\/TP-5610-22_Front_Angled__46987.1681930768.1280.1280.jpg","datePublished":"2025-06-24T14:11:07+00:00","dateModified":"2025-11-20T17:36:09+00:00","description":"Dieser Industrie-Panel-PC verf\u00fcgt \u00fcber eine IP66-zertifizierte Frontblende, die ihn unempfindlich gegen Spritzer und Spritzwasser macht und f\u00fcr feuchte Umgebungen geeignet ist.","breadcrumb":{"@id":"https:\/\/teguar.com\/eu\/de\/product\/tp-5610-22\/#breadcrumb"},"inLanguage":"de","potentialAction":[{"@type":"ReadAction","target":["https:\/\/teguar.com\/eu\/de\/product\/tp-5610-22\/"]}]},{"@type":"ImageObject","inLanguage":"de","@id":"https:\/\/teguar.com\/eu\/de\/product\/tp-5610-22\/#primaryimage","url":"https:\/\/teguar.com\/eu\/wp-content\/uploads\/sites\/2\/2023\/04\/TP-5610-22_Front_Angled__46987.1681930768.1280.1280.jpg","contentUrl":"https:\/\/teguar.com\/eu\/wp-content\/uploads\/sites\/2\/2023\/04\/TP-5610-22_Front_Angled__46987.1681930768.1280.1280.jpg","width":1280,"height":914,"caption":"TP-5610-22 Front Angled"},{"@type":"BreadcrumbList","@id":"https:\/\/teguar.com\/eu\/de\/product\/tp-5610-22\/#breadcrumb","itemListElement":[{"@type":"ListItem","position":1,"name":"Home","item":"https:\/\/teguar.com\/eu\/de\/"},{"@type":"ListItem","position":2,"name":"TP-5610-22"}]},{"@type":"WebSite","@id":"https:\/\/teguar.com\/eu\/en\/#website","url":"https:\/\/teguar.com\/eu\/en\/","name":"Teguar","description":"Industrial PCs, Medical Computers, and Rugged Tablets","potentialAction":[{"@type":"SearchAction","target":{"@type":"EntryPoint","urlTemplate":"https:\/\/teguar.com\/eu\/en\/?s={search_term_string}"},"query-input":{"@type":"PropertyValueSpecification","valueRequired":true,"valueName":"search_term_string"}}],"inLanguage":"de"}]}},"_links":{"self":[{"href":"https:\/\/teguar.com\/eu\/de\/wp-json\/wp\/v2\/product\/2245476","targetHints":{"allow":["GET"]}}],"collection":[{"href":"https:\/\/teguar.com\/eu\/de\/wp-json\/wp\/v2\/product"}],"about":[{"href":"https:\/\/teguar.com\/eu\/de\/wp-json\/wp\/v2\/types\/product"}],"wp:featuredmedia":[{"embeddable":true,"href":"https:\/\/teguar.com\/eu\/de\/wp-json\/wp\/v2\/media\/2245809"}],"wp:attachment":[{"href":"https:\/\/teguar.com\/eu\/de\/wp-json\/wp\/v2\/media?parent=2245476"}],"wp:term":[{"taxonomy":"product_brand","embeddable":true,"href":"https:\/\/teguar.com\/eu\/de\/wp-json\/wp\/v2\/product_brand?post=2245476"},{"taxonomy":"product_cat","embeddable":true,"href":"https:\/\/teguar.com\/eu\/de\/wp-json\/wp\/v2\/product_cat?post=2245476"},{"taxonomy":"product_tag","embeddable":true,"href":"https:\/\/teguar.com\/eu\/de\/wp-json\/wp\/v2\/product_tag?post=2245476"},{"taxonomy":"product_label","embeddable":true,"href":"https:\/\/teguar.com\/eu\/de\/wp-json\/wp\/v2\/product_label?post=2245476"}],"curies":[{"name":"wp","href":"https:\/\/api.w.org\/{rel}","templated":true}]}}