{"id":2245473,"date":"2025-06-24T14:11:05","date_gmt":"2025-06-24T14:11:05","guid":{"rendered":"https:\/\/teguar.com\/eu\/product\/kabel-m12-hdmi-2m-tsd-ts-xx45\/"},"modified":"2025-06-24T14:11:05","modified_gmt":"2025-06-24T14:11:05","slug":"kabel-m12-hdmi-2m-tsd-ts-xx45","status":"publish","type":"product","link":"https:\/\/teguar.com\/eu\/de\/product\/kabel-m12-hdmi-2m-tsd-ts-xx45\/","title":{"rendered":"Kabel, M12, HDMI, 2M, TSD\/TS-XX45"},"content":{"rendered":"<p>Dieses 2 Meter lange HDMI-Kabel hat an einem Ende einen M12-Anschluss, der mit M12-Eing\u00e4ngen kompatibel ist, wie sie bei vielen wasserdichten Teguar-Produkten aus Edelstahl zu finden sind. Schlie\u00dfen Sie das HDMI-Kabel an Ihren Computer an und schrauben Sie dann den M12-Stecker ein, um eine vollst\u00e4ndige Abdichtung nach IP69K zu erreichen. <\/p>\n","protected":false},"excerpt":{"rendered":"<p>Dieses 2 Meter lange HDMI-Kabel hat an einem Ende einen M12-Anschluss, der mit M12-Eing\u00e4ngen kompatibel ist, wie sie bei vielen wasserdichten Teguar-Produkten aus Edelstahl zu finden sind. Schlie\u00dfen Sie das HDMI-Kabel an Ihren Computer an und schrauben Sie dann den M12-Stecker ein, um eine vollst\u00e4ndige Abdichtung nach IP69K zu erreichen.<\/p>\n","protected":false},"featured_media":2245803,"template":"","meta":{"_acf_changed":false},"product_brand":[],"product_cat":[2814],"product_tag":[],"product_label":[],"class_list":{"0":"post-2245473","1":"product","2":"type-product","3":"status-publish","4":"has-post-thumbnail","6":"product_cat-zubehor","8":"first","9":"instock","10":"taxable","11":"shipping-taxable","12":"purchasable","13":"product-type-simple"},"composite_virtual":false,"composite_layout":"","composite_add_to_cart_form_location":"","composite_editable_in_cart":false,"composite_sold_individually_context":"","composite_shop_price_calc":"","composite_components":[],"composite_scenarios":[],"acf":[],"yoast_head":"<!-- This site is optimized with the Yoast SEO Premium plugin v26.8 (Yoast SEO v27.2) - https:\/\/yoast.com\/product\/yoast-seo-premium-wordpress\/ -->\n<title>Kabel, M12, HDMI, 2M, TSD\/TS-XX45 - Teguar<\/title>\n<meta name=\"description\" content=\"Dieses M12-HMDI-Kabel ist mit M12-E\/As kompatibel, wie sie bei vielen wasserdichten Edelstahlprodukten von Teguar zu finden sind.\" \/>\n<meta name=\"robots\" content=\"index, follow, max-snippet:-1, max-image-preview:large, max-video-preview:-1\" \/>\n<link rel=\"canonical\" href=\"https:\/\/teguar.com\/eu\/de\/product\/kabel-m12-hdmi-2m-tsd-ts-xx45\/\" \/>\n<meta property=\"og:locale\" content=\"de_DE\" \/>\n<meta property=\"og:type\" content=\"article\" \/>\n<meta property=\"og:title\" content=\"Kabel, M12, HDMI, 2M, TSD\/TS-XX45\" \/>\n<meta property=\"og:description\" content=\"Dieses M12-HMDI-Kabel ist mit M12-E\/As kompatibel, wie sie bei vielen wasserdichten Edelstahlprodukten von Teguar zu finden sind.\" \/>\n<meta property=\"og:url\" content=\"https:\/\/teguar.com\/eu\/de\/product\/kabel-m12-hdmi-2m-tsd-ts-xx45\/\" \/>\n<meta property=\"og:site_name\" content=\"Teguar\" \/>\n<meta property=\"og:image\" content=\"https:\/\/teguar.com\/eu\/wp-content\/uploads\/sites\/2\/2023\/06\/M12_HDMI_2M_Cable__18294.1687796121.1280.1280.jpg\" \/>\n\t<meta property=\"og:image:width\" content=\"1000\" \/>\n\t<meta property=\"og:image:height\" content=\"1000\" \/>\n\t<meta property=\"og:image:type\" content=\"image\/jpeg\" \/>\n<meta name=\"twitter:card\" content=\"summary_large_image\" \/>\n<script type=\"application\/ld+json\" class=\"yoast-schema-graph\">{\"@context\":\"https:\/\/schema.org\",\"@graph\":[{\"@type\":\"WebPage\",\"@id\":\"https:\/\/teguar.com\/eu\/de\/product\/kabel-m12-hdmi-2m-tsd-ts-xx45\/\",\"url\":\"https:\/\/teguar.com\/eu\/de\/product\/kabel-m12-hdmi-2m-tsd-ts-xx45\/\",\"name\":\"Kabel, M12, HDMI, 2M, TSD\/TS-XX45 - Teguar\",\"isPartOf\":{\"@id\":\"https:\/\/teguar.com\/eu\/en\/#website\"},\"primaryImageOfPage\":{\"@id\":\"https:\/\/teguar.com\/eu\/de\/product\/kabel-m12-hdmi-2m-tsd-ts-xx45\/#primaryimage\"},\"image\":{\"@id\":\"https:\/\/teguar.com\/eu\/de\/product\/kabel-m12-hdmi-2m-tsd-ts-xx45\/#primaryimage\"},\"thumbnailUrl\":\"https:\/\/teguar.com\/eu\/wp-content\/uploads\/sites\/2\/2023\/06\/M12_HDMI_2M_Cable__18294.1687796121.1280.1280.jpg\",\"datePublished\":\"2025-06-24T14:11:05+00:00\",\"description\":\"Dieses M12-HMDI-Kabel ist mit M12-E\/As kompatibel, wie sie bei vielen wasserdichten Edelstahlprodukten von Teguar zu finden sind.\",\"breadcrumb\":{\"@id\":\"https:\/\/teguar.com\/eu\/de\/product\/kabel-m12-hdmi-2m-tsd-ts-xx45\/#breadcrumb\"},\"inLanguage\":\"de\",\"potentialAction\":[{\"@type\":\"ReadAction\",\"target\":[\"https:\/\/teguar.com\/eu\/de\/product\/kabel-m12-hdmi-2m-tsd-ts-xx45\/\"]}]},{\"@type\":\"ImageObject\",\"inLanguage\":\"de\",\"@id\":\"https:\/\/teguar.com\/eu\/de\/product\/kabel-m12-hdmi-2m-tsd-ts-xx45\/#primaryimage\",\"url\":\"https:\/\/teguar.com\/eu\/wp-content\/uploads\/sites\/2\/2023\/06\/M12_HDMI_2M_Cable__18294.1687796121.1280.1280.jpg\",\"contentUrl\":\"https:\/\/teguar.com\/eu\/wp-content\/uploads\/sites\/2\/2023\/06\/M12_HDMI_2M_Cable__18294.1687796121.1280.1280.jpg\",\"width\":1000,\"height\":1000,\"caption\":\"2 meter HDMI male-to-male cable w\/ one M12 end\"},{\"@type\":\"BreadcrumbList\",\"@id\":\"https:\/\/teguar.com\/eu\/de\/product\/kabel-m12-hdmi-2m-tsd-ts-xx45\/#breadcrumb\",\"itemListElement\":[{\"@type\":\"ListItem\",\"position\":1,\"name\":\"Home\",\"item\":\"https:\/\/teguar.com\/eu\/de\/\"},{\"@type\":\"ListItem\",\"position\":2,\"name\":\"Kabel, M12, HDMI, 2M, TSD\/TS-XX45\"}]},{\"@type\":\"WebSite\",\"@id\":\"https:\/\/teguar.com\/eu\/en\/#website\",\"url\":\"https:\/\/teguar.com\/eu\/en\/\",\"name\":\"Teguar\",\"description\":\"Industrial PCs, Medical Computers, and Rugged Tablets\",\"potentialAction\":[{\"@type\":\"SearchAction\",\"target\":{\"@type\":\"EntryPoint\",\"urlTemplate\":\"https:\/\/teguar.com\/eu\/en\/?s={search_term_string}\"},\"query-input\":{\"@type\":\"PropertyValueSpecification\",\"valueRequired\":true,\"valueName\":\"search_term_string\"}}],\"inLanguage\":\"de\"}]}<\/script>\n<!-- \/ Yoast SEO Premium plugin. -->","yoast_head_json":{"title":"Kabel, M12, HDMI, 2M, TSD\/TS-XX45 - Teguar","description":"Dieses M12-HMDI-Kabel ist mit M12-E\/As kompatibel, wie sie bei vielen wasserdichten Edelstahlprodukten von Teguar zu finden sind.","robots":{"index":"index","follow":"follow","max-snippet":"max-snippet:-1","max-image-preview":"max-image-preview:large","max-video-preview":"max-video-preview:-1"},"canonical":"https:\/\/teguar.com\/eu\/de\/product\/kabel-m12-hdmi-2m-tsd-ts-xx45\/","og_locale":"de_DE","og_type":"article","og_title":"Kabel, M12, HDMI, 2M, TSD\/TS-XX45","og_description":"Dieses M12-HMDI-Kabel ist mit M12-E\/As kompatibel, wie sie bei vielen wasserdichten Edelstahlprodukten von Teguar zu finden sind.","og_url":"https:\/\/teguar.com\/eu\/de\/product\/kabel-m12-hdmi-2m-tsd-ts-xx45\/","og_site_name":"Teguar","og_image":[{"width":1000,"height":1000,"url":"https:\/\/teguar.com\/eu\/wp-content\/uploads\/sites\/2\/2023\/06\/M12_HDMI_2M_Cable__18294.1687796121.1280.1280.jpg","type":"image\/jpeg"}],"twitter_card":"summary_large_image","schema":{"@context":"https:\/\/schema.org","@graph":[{"@type":"WebPage","@id":"https:\/\/teguar.com\/eu\/de\/product\/kabel-m12-hdmi-2m-tsd-ts-xx45\/","url":"https:\/\/teguar.com\/eu\/de\/product\/kabel-m12-hdmi-2m-tsd-ts-xx45\/","name":"Kabel, M12, HDMI, 2M, TSD\/TS-XX45 - Teguar","isPartOf":{"@id":"https:\/\/teguar.com\/eu\/en\/#website"},"primaryImageOfPage":{"@id":"https:\/\/teguar.com\/eu\/de\/product\/kabel-m12-hdmi-2m-tsd-ts-xx45\/#primaryimage"},"image":{"@id":"https:\/\/teguar.com\/eu\/de\/product\/kabel-m12-hdmi-2m-tsd-ts-xx45\/#primaryimage"},"thumbnailUrl":"https:\/\/teguar.com\/eu\/wp-content\/uploads\/sites\/2\/2023\/06\/M12_HDMI_2M_Cable__18294.1687796121.1280.1280.jpg","datePublished":"2025-06-24T14:11:05+00:00","description":"Dieses M12-HMDI-Kabel ist mit M12-E\/As kompatibel, wie sie bei vielen wasserdichten Edelstahlprodukten von Teguar zu finden sind.","breadcrumb":{"@id":"https:\/\/teguar.com\/eu\/de\/product\/kabel-m12-hdmi-2m-tsd-ts-xx45\/#breadcrumb"},"inLanguage":"de","potentialAction":[{"@type":"ReadAction","target":["https:\/\/teguar.com\/eu\/de\/product\/kabel-m12-hdmi-2m-tsd-ts-xx45\/"]}]},{"@type":"ImageObject","inLanguage":"de","@id":"https:\/\/teguar.com\/eu\/de\/product\/kabel-m12-hdmi-2m-tsd-ts-xx45\/#primaryimage","url":"https:\/\/teguar.com\/eu\/wp-content\/uploads\/sites\/2\/2023\/06\/M12_HDMI_2M_Cable__18294.1687796121.1280.1280.jpg","contentUrl":"https:\/\/teguar.com\/eu\/wp-content\/uploads\/sites\/2\/2023\/06\/M12_HDMI_2M_Cable__18294.1687796121.1280.1280.jpg","width":1000,"height":1000,"caption":"2 meter HDMI male-to-male cable w\/ one M12 end"},{"@type":"BreadcrumbList","@id":"https:\/\/teguar.com\/eu\/de\/product\/kabel-m12-hdmi-2m-tsd-ts-xx45\/#breadcrumb","itemListElement":[{"@type":"ListItem","position":1,"name":"Home","item":"https:\/\/teguar.com\/eu\/de\/"},{"@type":"ListItem","position":2,"name":"Kabel, M12, HDMI, 2M, TSD\/TS-XX45"}]},{"@type":"WebSite","@id":"https:\/\/teguar.com\/eu\/en\/#website","url":"https:\/\/teguar.com\/eu\/en\/","name":"Teguar","description":"Industrial PCs, Medical Computers, and Rugged Tablets","potentialAction":[{"@type":"SearchAction","target":{"@type":"EntryPoint","urlTemplate":"https:\/\/teguar.com\/eu\/en\/?s={search_term_string}"},"query-input":{"@type":"PropertyValueSpecification","valueRequired":true,"valueName":"search_term_string"}}],"inLanguage":"de"}]}},"_links":{"self":[{"href":"https:\/\/teguar.com\/eu\/de\/wp-json\/wp\/v2\/product\/2245473","targetHints":{"allow":["GET"]}}],"collection":[{"href":"https:\/\/teguar.com\/eu\/de\/wp-json\/wp\/v2\/product"}],"about":[{"href":"https:\/\/teguar.com\/eu\/de\/wp-json\/wp\/v2\/types\/product"}],"wp:featuredmedia":[{"embeddable":true,"href":"https:\/\/teguar.com\/eu\/de\/wp-json\/wp\/v2\/media\/2245803"}],"wp:attachment":[{"href":"https:\/\/teguar.com\/eu\/de\/wp-json\/wp\/v2\/media?parent=2245473"}],"wp:term":[{"taxonomy":"product_brand","embeddable":true,"href":"https:\/\/teguar.com\/eu\/de\/wp-json\/wp\/v2\/product_brand?post=2245473"},{"taxonomy":"product_cat","embeddable":true,"href":"https:\/\/teguar.com\/eu\/de\/wp-json\/wp\/v2\/product_cat?post=2245473"},{"taxonomy":"product_tag","embeddable":true,"href":"https:\/\/teguar.com\/eu\/de\/wp-json\/wp\/v2\/product_tag?post=2245473"},{"taxonomy":"product_label","embeddable":true,"href":"https:\/\/teguar.com\/eu\/de\/wp-json\/wp\/v2\/product_label?post=2245473"}],"curies":[{"name":"wp","href":"https:\/\/api.w.org\/{rel}","templated":true}]}}