{"id":2245449,"date":"2025-06-24T13:08:03","date_gmt":"2025-06-24T13:08:03","guid":{"rendered":"https:\/\/teguar.com\/eu\/product\/tsp-5645-17\/"},"modified":"2026-01-06T19:41:42","modified_gmt":"2026-01-06T19:41:42","slug":"tsp-5645-17","status":"publish","type":"product","link":"https:\/\/teguar.com\/eu\/de\/product\/tsp-5645-17\/","title":{"rendered":"TSP-5645-17"},"content":{"rendered":"<p><span class=\"TextRun SCXW61561465 BCX0\" lang=\"EN-US\" xml:lang=\"EN-US\" data-contrast=\"auto\"><span class=\"NormalTextRun SCXW61561465 BCX0\">Der TSP-5645-17 ist <\/span><span class=\"NormalTextRun SCXW61561465 BCX0\">speziell entwickelt<\/span><span class=\"NormalTextRun SCXW61561465 BCX0\"> f\u00fcr die Lebensmittel- und Getr\u00e4nkeindustrie <\/span><span class=\"NormalTextRun SCXW61561465 BCX0\">Herstellung,<\/span><span class=\"NormalTextRun SCXW61561465 BCX0\"> oder industrielle Anwendungen, die Fl\u00fcssigkeiten ausgesetzt sind. Mit seiner F\u00e4higkeit zur Panelmontage und seiner <\/span><span class=\"NormalTextRun ContextualSpellingAndGrammarErrorV2Themed SCXW61561465 BCX0\">Edelstahl<\/span><span class=\"NormalTextRun SCXW61561465 BCX0\"> Frontblende eine IP66\/IP69K Ratte geschaffen.<\/span><span class=\"NormalTextRun SCXW61561465 BCX0\">wasserdichte L\u00f6sung. Angetrieben von einem Intel 8 <\/span><\/span><span class=\"TextRun SCXW61561465 BCX0\" lang=\"EN-US\" data-contrast=\"auto\"><span class=\"NormalTextRun Superscript SCXW61561465 BCX0\" data-fontsize=\"11\">th<\/span><\/span><span class=\"TextRun SCXW61561465 BCX0\" lang=\"EN-US\" data-contrast=\"auto\"><span class=\"NormalTextRun SCXW61561465 BCX0\"> Generation Core i3\/i5 CPU<\/span><span class=\"NormalTextRun SCXW61561465 BCX0\"> mit Windows 11 <\/span><span class=\"NormalTextRun SCXW61561465 BCX0\">F\u00e4higkeiten<\/span><span class=\"NormalTextRun SCXW61561465 BCX0\">, <\/span><span class=\"NormalTextRun SCXW61561465 BCX0\">ist dieser <a href=\"https:\/\/teguar.com\/eu\/de\/panel-pcs\/\">Panel-PC<\/a> zuverl\u00e4ssig und bietet eine nahtlose Software-Integration. <\/span><span class=\"NormalTextRun SCXW61561465 BCX0\">Der 17&#8243; wasserdichte <\/span><span class=\"NormalTextRun SCXW61561465 BCX0\">Touchscreen-Computer bietet einen robusten Computer f\u00fcr anspruchsvolle Umgebungen, indem er Langlebigkeit, Wasserdichtigkeit und eine starke Rechenleistung kombiniert. <\/span><\/span><\/p>\n","protected":false},"excerpt":{"rendered":"<p><a href=\"https:\/\/teguar.com\/eu\/de\/computer-fuer-die-lebensmittelverarbeitung\/\">Lebensmittel und Getr\u00e4nke:<\/a> Der wasserdichte Touchscreen-Computer TSP-5645 mit einer Intel 8th Gen Core i3\/i5 CPU und Windows 11-Unterst\u00fctzung eignet sich hervorragend f\u00fcr die Lebensmittel- und Getr\u00e4nkeindustrie. Die IP66-IP69K-Konformit\u00e4t gew\u00e4hrleistet den Schutz vor Fl\u00fcssigkeiten f\u00fcr die Bestandsverwaltung, Rezeptformulierung und Qualit\u00e4tskontrolle.<\/p>\n<p><a href=\"https:\/\/teguar.com\/eu\/de\/pharmazeutische-computer\/\">Pharmazeutische Industrie: <\/a>Der wasserdichte Touchscreen-Computer TSP-5645 wurde speziell f\u00fcr die Pharmaindustrie entwickelt und bietet zuverl\u00e4ssige Leistung mit einer Intel 8th Gen Core i3\/i5 CPU und Windows 11. Die IP66-IP69K-Konformit\u00e4t bietet Schutz vor Fl\u00fcssigkeiten f\u00fcr die Nachverfolgung von Produktion, Chargenprotokollen und die Einhaltung von Vorschriften.<\/p>\n<p><a href=\"https:\/\/teguar.com\/eu\/de\/computer-fuer-den-aussenbereich\/\">Anwendungen im Freien:<\/a> Die TSP-5645 Serie, ein wasserdichter Touchscreen-Computer, eignet sich f\u00fcr Aufgaben im Freien. Angetrieben von einer Intel Core i3\/i5 CPU der 8. Generation mit Windows 11-Unterst\u00fctzung, h\u00e4lt er Fl\u00fcssigkeiten stand und erf\u00fcllt die Anforderungen der Schutzklasse IP66-IP69K. Ideal f\u00fcr die Datenerfassung, Bestandsverfolgung und Fern\u00fcberwachung.<\/p>\n<p><a href=\"https:\/\/teguar.com\/eu\/de\/computer-fuer-den-aussenbereich\/\">Maritime Umgebungen:<\/a> Der wasserdichte Touchscreen-Computer TSP-5645 wurde f\u00fcr den Einsatz auf See entwickelt und eignet sich hervorragend f\u00fcr die Navigation auf See. Mit einer Intel Core i3\/i5 CPU der 8. Generation und Windows 11 sorgt er f\u00fcr einen zuverl\u00e4ssigen Computerbetrieb, und die IP66-IP69K-Konformit\u00e4t sch\u00fctzt ihn vor Fl\u00fcssigkeiten.<\/p>\n","protected":false},"featured_media":2245799,"template":"","meta":{"_acf_changed":false},"product_brand":[],"product_cat":[2826,2839],"product_tag":[],"product_label":[],"class_list":{"0":"post-2245449","1":"product","2":"type-product","3":"status-publish","4":"has-post-thumbnail","6":"product_cat-hmi-panel","7":"product_cat-panel-pcs","8":"pa_windows-windows-10-iot","9":"pa_windows-windows-10-pro","10":"pa_windows-windows-11","12":"first","13":"instock","14":"taxable","15":"shipping-taxable","16":"purchasable","17":"product-type-simple"},"composite_virtual":false,"composite_layout":"","composite_add_to_cart_form_location":"","composite_editable_in_cart":false,"composite_sold_individually_context":"","composite_shop_price_calc":"","composite_components":[],"composite_scenarios":[],"acf":[],"yoast_head":"<!-- This site is optimized with the Yoast SEO Premium plugin v26.8 (Yoast SEO v27.2) - https:\/\/yoast.com\/product\/yoast-seo-premium-wordpress\/ -->\n<title>17&quot; Panel PC | TSP-5645-17<\/title>\n<meta name=\"description\" content=\"Der TSP-5645-17 wurde speziell f\u00fcr die Lebensmittel- und Getr\u00e4nkeherstellung oder f\u00fcr industrielle Anwendungen entwickelt, die Fl\u00fcssigkeiten ausgesetzt sind.\" \/>\n<meta name=\"robots\" content=\"index, follow, max-snippet:-1, max-image-preview:large, max-video-preview:-1\" \/>\n<link rel=\"canonical\" href=\"https:\/\/teguar.com\/eu\/de\/product\/tsp-5645-17\/\" \/>\n<meta property=\"og:locale\" content=\"de_DE\" \/>\n<meta property=\"og:type\" content=\"article\" \/>\n<meta property=\"og:title\" content=\"TSP-5645-17\" \/>\n<meta property=\"og:description\" content=\"Der TSP-5645-17 wurde speziell f\u00fcr die Lebensmittel- und Getr\u00e4nkeherstellung oder f\u00fcr industrielle Anwendungen entwickelt, die Fl\u00fcssigkeiten ausgesetzt sind.\" \/>\n<meta property=\"og:url\" content=\"https:\/\/teguar.com\/eu\/de\/product\/tsp-5645-17\/\" \/>\n<meta property=\"og:site_name\" content=\"Teguar\" \/>\n<meta property=\"article:modified_time\" content=\"2026-01-06T19:41:42+00:00\" \/>\n<meta property=\"og:image\" content=\"https:\/\/teguar.com\/eu\/wp-content\/uploads\/sites\/2\/2023\/07\/17_Waterproof_Touchscreen_Computer-_TSP-5645-17_Front_Angle__94753.1691437544.1280.1280.jpg\" \/>\n\t<meta property=\"og:image:width\" content=\"1000\" \/>\n\t<meta property=\"og:image:height\" content=\"1000\" \/>\n\t<meta property=\"og:image:type\" content=\"image\/jpeg\" \/>\n<meta name=\"twitter:card\" content=\"summary_large_image\" \/>\n<meta name=\"twitter:label1\" content=\"Gesch\u00e4tzte Lesezeit\" \/>\n\t<meta name=\"twitter:data1\" content=\"1\u00a0Minute\" \/>\n<script type=\"application\/ld+json\" class=\"yoast-schema-graph\">{\"@context\":\"https:\/\/schema.org\",\"@graph\":[{\"@type\":\"WebPage\",\"@id\":\"https:\/\/teguar.com\/eu\/de\/product\/tsp-5645-17\/\",\"url\":\"https:\/\/teguar.com\/eu\/de\/product\/tsp-5645-17\/\",\"name\":\"17\\\" Panel PC | TSP-5645-17\",\"isPartOf\":{\"@id\":\"https:\/\/teguar.com\/eu\/en\/#website\"},\"primaryImageOfPage\":{\"@id\":\"https:\/\/teguar.com\/eu\/de\/product\/tsp-5645-17\/#primaryimage\"},\"image\":{\"@id\":\"https:\/\/teguar.com\/eu\/de\/product\/tsp-5645-17\/#primaryimage\"},\"thumbnailUrl\":\"https:\/\/teguar.com\/eu\/wp-content\/uploads\/sites\/2\/2023\/07\/17_Waterproof_Touchscreen_Computer-_TSP-5645-17_Front_Angle__94753.1691437544.1280.1280.jpg\",\"datePublished\":\"2025-06-24T13:08:03+00:00\",\"dateModified\":\"2026-01-06T19:41:42+00:00\",\"description\":\"Der TSP-5645-17 wurde speziell f\u00fcr die Lebensmittel- und Getr\u00e4nkeherstellung oder f\u00fcr industrielle Anwendungen entwickelt, die Fl\u00fcssigkeiten ausgesetzt sind.\",\"breadcrumb\":{\"@id\":\"https:\/\/teguar.com\/eu\/de\/product\/tsp-5645-17\/#breadcrumb\"},\"inLanguage\":\"de\",\"potentialAction\":[{\"@type\":\"ReadAction\",\"target\":[\"https:\/\/teguar.com\/eu\/de\/product\/tsp-5645-17\/\"]}]},{\"@type\":\"ImageObject\",\"inLanguage\":\"de\",\"@id\":\"https:\/\/teguar.com\/eu\/de\/product\/tsp-5645-17\/#primaryimage\",\"url\":\"https:\/\/teguar.com\/eu\/wp-content\/uploads\/sites\/2\/2023\/07\/17_Waterproof_Touchscreen_Computer-_TSP-5645-17_Front_Angle__94753.1691437544.1280.1280.jpg\",\"contentUrl\":\"https:\/\/teguar.com\/eu\/wp-content\/uploads\/sites\/2\/2023\/07\/17_Waterproof_Touchscreen_Computer-_TSP-5645-17_Front_Angle__94753.1691437544.1280.1280.jpg\",\"width\":1000,\"height\":1000,\"caption\":\"17\\\" Waterproof Touchscreen Computer TSP-5645-17 Front Angle\"},{\"@type\":\"BreadcrumbList\",\"@id\":\"https:\/\/teguar.com\/eu\/de\/product\/tsp-5645-17\/#breadcrumb\",\"itemListElement\":[{\"@type\":\"ListItem\",\"position\":1,\"name\":\"Home\",\"item\":\"https:\/\/teguar.com\/eu\/de\/\"},{\"@type\":\"ListItem\",\"position\":2,\"name\":\"TSP-5645-17\"}]},{\"@type\":\"WebSite\",\"@id\":\"https:\/\/teguar.com\/eu\/en\/#website\",\"url\":\"https:\/\/teguar.com\/eu\/en\/\",\"name\":\"Teguar\",\"description\":\"Industrial PCs, Medical Computers, and Rugged Tablets\",\"potentialAction\":[{\"@type\":\"SearchAction\",\"target\":{\"@type\":\"EntryPoint\",\"urlTemplate\":\"https:\/\/teguar.com\/eu\/en\/?s={search_term_string}\"},\"query-input\":{\"@type\":\"PropertyValueSpecification\",\"valueRequired\":true,\"valueName\":\"search_term_string\"}}],\"inLanguage\":\"de\"}]}<\/script>\n<!-- \/ Yoast SEO Premium plugin. -->","yoast_head_json":{"title":"17\" Panel PC | TSP-5645-17","description":"Der TSP-5645-17 wurde speziell f\u00fcr die Lebensmittel- und Getr\u00e4nkeherstellung oder f\u00fcr industrielle Anwendungen entwickelt, die Fl\u00fcssigkeiten ausgesetzt sind.","robots":{"index":"index","follow":"follow","max-snippet":"max-snippet:-1","max-image-preview":"max-image-preview:large","max-video-preview":"max-video-preview:-1"},"canonical":"https:\/\/teguar.com\/eu\/de\/product\/tsp-5645-17\/","og_locale":"de_DE","og_type":"article","og_title":"TSP-5645-17","og_description":"Der TSP-5645-17 wurde speziell f\u00fcr die Lebensmittel- und Getr\u00e4nkeherstellung oder f\u00fcr industrielle Anwendungen entwickelt, die Fl\u00fcssigkeiten ausgesetzt sind.","og_url":"https:\/\/teguar.com\/eu\/de\/product\/tsp-5645-17\/","og_site_name":"Teguar","article_modified_time":"2026-01-06T19:41:42+00:00","og_image":[{"width":1000,"height":1000,"url":"https:\/\/teguar.com\/eu\/wp-content\/uploads\/sites\/2\/2023\/07\/17_Waterproof_Touchscreen_Computer-_TSP-5645-17_Front_Angle__94753.1691437544.1280.1280.jpg","type":"image\/jpeg"}],"twitter_card":"summary_large_image","twitter_misc":{"Gesch\u00e4tzte Lesezeit":"1\u00a0Minute"},"schema":{"@context":"https:\/\/schema.org","@graph":[{"@type":"WebPage","@id":"https:\/\/teguar.com\/eu\/de\/product\/tsp-5645-17\/","url":"https:\/\/teguar.com\/eu\/de\/product\/tsp-5645-17\/","name":"17\" Panel PC | TSP-5645-17","isPartOf":{"@id":"https:\/\/teguar.com\/eu\/en\/#website"},"primaryImageOfPage":{"@id":"https:\/\/teguar.com\/eu\/de\/product\/tsp-5645-17\/#primaryimage"},"image":{"@id":"https:\/\/teguar.com\/eu\/de\/product\/tsp-5645-17\/#primaryimage"},"thumbnailUrl":"https:\/\/teguar.com\/eu\/wp-content\/uploads\/sites\/2\/2023\/07\/17_Waterproof_Touchscreen_Computer-_TSP-5645-17_Front_Angle__94753.1691437544.1280.1280.jpg","datePublished":"2025-06-24T13:08:03+00:00","dateModified":"2026-01-06T19:41:42+00:00","description":"Der TSP-5645-17 wurde speziell f\u00fcr die Lebensmittel- und Getr\u00e4nkeherstellung oder f\u00fcr industrielle Anwendungen entwickelt, die Fl\u00fcssigkeiten ausgesetzt sind.","breadcrumb":{"@id":"https:\/\/teguar.com\/eu\/de\/product\/tsp-5645-17\/#breadcrumb"},"inLanguage":"de","potentialAction":[{"@type":"ReadAction","target":["https:\/\/teguar.com\/eu\/de\/product\/tsp-5645-17\/"]}]},{"@type":"ImageObject","inLanguage":"de","@id":"https:\/\/teguar.com\/eu\/de\/product\/tsp-5645-17\/#primaryimage","url":"https:\/\/teguar.com\/eu\/wp-content\/uploads\/sites\/2\/2023\/07\/17_Waterproof_Touchscreen_Computer-_TSP-5645-17_Front_Angle__94753.1691437544.1280.1280.jpg","contentUrl":"https:\/\/teguar.com\/eu\/wp-content\/uploads\/sites\/2\/2023\/07\/17_Waterproof_Touchscreen_Computer-_TSP-5645-17_Front_Angle__94753.1691437544.1280.1280.jpg","width":1000,"height":1000,"caption":"17\" Waterproof Touchscreen Computer TSP-5645-17 Front Angle"},{"@type":"BreadcrumbList","@id":"https:\/\/teguar.com\/eu\/de\/product\/tsp-5645-17\/#breadcrumb","itemListElement":[{"@type":"ListItem","position":1,"name":"Home","item":"https:\/\/teguar.com\/eu\/de\/"},{"@type":"ListItem","position":2,"name":"TSP-5645-17"}]},{"@type":"WebSite","@id":"https:\/\/teguar.com\/eu\/en\/#website","url":"https:\/\/teguar.com\/eu\/en\/","name":"Teguar","description":"Industrial PCs, Medical Computers, and Rugged Tablets","potentialAction":[{"@type":"SearchAction","target":{"@type":"EntryPoint","urlTemplate":"https:\/\/teguar.com\/eu\/en\/?s={search_term_string}"},"query-input":{"@type":"PropertyValueSpecification","valueRequired":true,"valueName":"search_term_string"}}],"inLanguage":"de"}]}},"_links":{"self":[{"href":"https:\/\/teguar.com\/eu\/de\/wp-json\/wp\/v2\/product\/2245449","targetHints":{"allow":["GET"]}}],"collection":[{"href":"https:\/\/teguar.com\/eu\/de\/wp-json\/wp\/v2\/product"}],"about":[{"href":"https:\/\/teguar.com\/eu\/de\/wp-json\/wp\/v2\/types\/product"}],"wp:featuredmedia":[{"embeddable":true,"href":"https:\/\/teguar.com\/eu\/de\/wp-json\/wp\/v2\/media\/2245799"}],"wp:attachment":[{"href":"https:\/\/teguar.com\/eu\/de\/wp-json\/wp\/v2\/media?parent=2245449"}],"wp:term":[{"taxonomy":"product_brand","embeddable":true,"href":"https:\/\/teguar.com\/eu\/de\/wp-json\/wp\/v2\/product_brand?post=2245449"},{"taxonomy":"product_cat","embeddable":true,"href":"https:\/\/teguar.com\/eu\/de\/wp-json\/wp\/v2\/product_cat?post=2245449"},{"taxonomy":"product_tag","embeddable":true,"href":"https:\/\/teguar.com\/eu\/de\/wp-json\/wp\/v2\/product_tag?post=2245449"},{"taxonomy":"product_label","embeddable":true,"href":"https:\/\/teguar.com\/eu\/de\/wp-json\/wp\/v2\/product_label?post=2245449"}],"curies":[{"name":"wp","href":"https:\/\/api.w.org\/{rel}","templated":true}]}}